{"id":6797,"date":"2022-05-26T13:42:42","date_gmt":"2022-05-26T13:42:42","guid":{"rendered":"https:\/\/oncourt.online\/?page_id=6797"},"modified":"2026-01-09T02:04:24","modified_gmt":"2026-01-09T02:04:24","slug":"kargo-tesli%cc%87mati","status":"publish","type":"page","link":"https:\/\/oncourt.online\/tr\/shipping-delivery\/","title":{"rendered":"G\u00f6nderim ve teslimat"},"content":{"rendered":"<div class=\"gb-container gb-container-f34a8199\">\n<div class=\"gb-container gb-container-235943a7\">\n\n<h2 class=\"gb-headline gb-headline-88ee416e gb-headline-text\">OnCourt Online G\u00f6nderim Politikas\u0131<\/h2>\n\n\n\n<p class=\"gb-headline gb-headline-0924883b gb-headline-text not_last_text\">OnCourt g\u00f6nderim ve teslimat\u0131, se\u00e7ilen \u00fcr\u00fcnlere ba\u011fl\u0131d\u0131r. Bir saha kiti sat\u0131n al\u0131yorsan\u0131z, pota ve bile\u015fenler altyap\u0131 yap\u0131m\u0131na dahil edilebilmeleri i\u00e7in m\u00fcmk\u00fcn olan en k\u0131sa s\u00fcrede g\u00f6nderilir. Saha zeminleri haz\u0131rl\u0131k s\u00fcrecinden sonra \u00fcretilir ve g\u00f6nderilir; bu s\u00fcre\u00e7 \u015fu anda 10\u201312 hafta s\u00fcrmektedir. <\/p>\n\n\n\n<p class=\"gb-text not_last_text\">Teslimat uygunlu\u011fu \u00fclkeye g\u00f6re de\u011fi\u015fir. Yaln\u0131zca \u00f6deme s\u0131ras\u0131nda g\u00f6sterilen se\u00e7ili b\u00f6lgelere g\u00f6nderim yap\u0131yoruz.<\/p>\n\n\n\n<p>\u00dclkeniz listede yer alm\u0131yorsa ve bir basketbol sahas\u0131 projesi planl\u0131yorsan\u0131z, uygunlu\u011fu de\u011ferlendirmek i\u00e7in l\u00fctfen bizimle ileti\u015fime ge\u00e7in. Uygunluk duruma g\u00f6re de\u011ferlendirilir. <\/p>\n\n\n\n<h3 class=\"gb-headline gb-headline-3e94b795 gb-headline-text\">Plug &amp; Play kurulumuna haz\u0131r \u015fekilde teslim edilen mod\u00fcler spor zeminleri<\/h3>\n\n\n\n<p class=\"gb-headline gb-headline-e71567d7 gb-headline-text not_last_text\">Saha y\u00fczeyleri, kolay kendi kendine kurulum i\u00e7in haz\u0131r paketler halinde g\u00f6nderilir. Her saha paletli olarak, numaraland\u0131r\u0131lm\u0131\u015f plakalar ve referans haritas\u0131 ile birlikte gelir (Konut teslimatlar\u0131 kald\u0131r\u0131m kenar\u0131na yap\u0131l\u0131r).<\/p>\n\n\n\n<p class=\"translation-block\">Her mod\u00fcler spor sahas\u0131 sipari\u015fe \u00f6zel \u00fcretilir; <strong>\u00fcretim s\u00fcresi yakla\u015f\u0131k<\/strong> <strong>10\u201312 hafta<\/strong> olup sipari\u015fin onaylanm\u0131\u015f olarak al\u0131nmas\u0131ndan itibaren ba\u015flar. Teslimat s\u00fcreleri konuma g\u00f6re de\u011fi\u015fir ve sevkiyat sonras\u0131 tahmini var\u0131\u015f tarihi ile takip bilgilerini i\u00e7eren bir g\u00fcncelleme al\u0131rs\u0131n\u0131z (hedef \u00fclkede g\u00fcmr\u00fck i\u015flemleri tamamland\u0131ktan sonra aktif olur). T\u00fcm vergiler \u00f6nceden \u00f6denmi\u015ftir ve teslimatlar DDP (Delivered Duty Paid) esas\u0131na g\u00f6re yap\u0131l\u0131r; gizli maliyet yoktur.<\/p>\n\n\n<div class=\"gb-container gb-container-cfce094b\">\n\n<h2 class=\"gb-text\">Produktutskick<\/h2>\n\n\n\n<p>Aksi belirtilmedik\u00e7e, OnCourt'tan verilen t\u00fcm sipari\u015fler g\u00fcvenilir nakliye \u015firketleri arac\u0131l\u0131\u011f\u0131yla g\u00f6nderilir. \u00dcr\u00fcnler, reklamda belirtildi\u011fi gibi yepyeni ve iyi durumda g\u00f6nderilir. Basketbol sistemleri \u015fu \u015fekilde teslim edilir: <strong>Kald\u0131r\u0131m Kenar\u0131 Teslimat\u0131<\/strong>, yani sipari\u015finiz garaj yolunuzun sonundaki kald\u0131r\u0131ma teslim edilecektir. L\u00fctfen bu hizmeti dikkate al\u0131n\u0131z. <strong>kurulum, montaj veya ambalaj\u0131n \u00e7\u0131kar\u0131lmas\u0131 dahil de\u011fildir<\/strong>.<\/p>\n\n\n\n<h3 class=\"gb-headline gb-headline-bce52be2 gb-headline-text\">Sevkiyattan Sonra Adres De\u011fi\u015fiklikleri<\/h3>\n\n\n\n<p>G\u00f6nderi, karayolu ta\u015f\u0131y\u0131c\u0131s\u0131 taraf\u0131ndan teslim al\u0131nd\u0131ktan sonra teslimat adresi de\u011fi\u015ftirilirse bu durum yeniden sevkiyat olarak de\u011ferlendirilir ve ek \u00fccretler uygulan\u0131r.<\/p>\n\n\n\n<h3 class=\"gb-headline gb-headline-ab76306c gb-headline-text\">Teslimat Takvimi<\/h3>\n\n\n\n<p class=\"translation-block\">Teslimatlar genellikle <strong>Pazartesi\u2013Cuma g\u00fcnleri aras\u0131nda, 08:00\u201318:00 saatleri aras\u0131nda<\/strong> yap\u0131l\u0131r. Saatler; konumunuza, s\u00fcr\u00fcc\u00fcn\u00fcn g\u00fczerg\u00e2h\u0131na ve trafik ya da hava ko\u015fullar\u0131 gibi \u00f6ng\u00f6r\u00fclemeyen fakt\u00f6rlere ba\u011fl\u0131 olarak de\u011fi\u015febilir.<\/p>\n\n\n\n<h3 class=\"gb-headline gb-headline-d3e65b23 gb-headline-text\">Teslimat Arac\u0131 ve Eri\u015fim<\/h3>\n\n\n\n<p class=\"gb-text not_last_text translation-block\">Perakende sipari\u015fler <strong>a\u011f\u0131r y\u00fck ara\u00e7lar\u0131yla (\u00f6r. t\u0131r)<\/strong> teslim edilir ve genellikle <strong>hidrolik lift<\/strong> i\u00e7erir. S\u00fcr\u00fcc\u00fc, \u00fcr\u00fcn\u00fcn bo\u015falt\u0131lmas\u0131ndan ve kald\u0131r\u0131m kenar\u0131na yerle\u015ftirilmesinden sorumludur. Ek teslimat hizmetleri ger\u00e7ekle\u015ftirilirse, ilave \u00fccretler uygulanabilir.<\/p>\n\n\n\n<p class=\"translation-block\">L\u00fctfen teslimat belgesini dikkatlice kontrol ederek <strong>ek hizmetlerin ger\u00e7ekle\u015ftirilmedi\u011finden<\/strong> emin olun. Ger\u00e7ekle\u015ftirildiyse, OnCourt bu <strong>\u00fccretleri yans\u0131tma hakk\u0131n\u0131<\/strong> sakl\u0131 tutar.<\/p>\n\n\n\n<h3 class=\"wp-block-heading\" id=\"h-delivery-signature-amp-inspection\">Teslimat \u0130mzas\u0131 ve Kontrol<\/h3>\n\n\n\n<p class=\"gb-text not_last_text translation-block\">Teslimat s\u0131ras\u0131nda <strong>imza gereklidir<\/strong>. Ambalaj\u0131 <strong>imzalamadan \u00f6nce<\/strong> kontrol etmelisiniz. Gerekirse, i\u00e7eri\u011fin durumunu kontrol etmek i\u00e7in kutuyu a\u00e7abilirsiniz; \u00f6zellikle ta\u015f\u0131ma s\u0131ras\u0131nda daha hassas olan <strong>cam pota panolar\u0131<\/strong> i\u00e7in.<\/p>\n\n\n\n<p>G\u00f6nderinin herhangi bir par\u00e7as\u0131 hasarl\u0131 g\u00f6r\u00fcn\u00fcyorsa:<\/p>\n\n\n\n<ul class=\"wp-block-list\">\n<li><strong>Teslimat\u0131 reddetmeyin.<\/strong><\/li>\n\n\n\n<li>Teslimat makbuzuna sorunu a\u00e7\u0131klayan net notlar yaz\u0131n (\u00f6rne\u011fin, <em>\u201cTeslimat s\u0131ras\u0131nda arka panel par\u00e7aland\u0131\u201d<\/em>).<\/li>\n\n\n\n<li>Net bir \u015fekilde al <strong>hasar\u0131n foto\u011fraflar\u0131<\/strong>.<\/li>\n\n\n\n<li>\u0130mzal\u0131 makbuzu ve foto\u011fraflar\u0131 destek ekibimize e-posta ile g\u00f6nderin, biz de size bir <strong>yedek par\u00e7a<\/strong> hemen.<\/li>\n<\/ul>\n\n\n\n<p class=\"gb-text not_last_text\">Bu arada, etkilenmeyen kurulum ad\u0131mlar\u0131na devam edebilirsiniz (\u00f6rne\u011fin, ankrajlar\u0131 yerle\u015ftirme ve betonun kurumas\u0131n\u0131 bekleme).<\/p>\n\n\n\n<p>T\u00fcm teslimatlar i\u00e7in imza gereklidir. Al\u0131c\u0131, teslimat makbuzunu imzalamakla y\u00fck\u00fcml\u00fcd\u00fcr ve imza olmadan teslimat yap\u0131lmayacakt\u0131r.<\/p>\n\n\n\n<h3 class=\"gb-headline gb-headline-7838bbbd gb-headline-text\">Teslimatla \u0130lgili \u00d6nemli Notlar<\/h3>\n\n\n\n<ul class=\"wp-block-list\">\n<li>T\u00fcm \u00fcr\u00fcnler depomuzdan g\u00f6nderilir <strong>yepyeni ve hasars\u0131z<\/strong>.<\/li>\n\n\n\n<li>Teslimat makbuzunda hasar bildirilmezse, siz <strong>ta\u015f\u0131y\u0131c\u0131y\u0131 sorumluluktan muaf tutmak<\/strong> ve tazminat talep edemeyebilir.<\/li>\n\n\n\n<li><strong>Temperli cam<\/strong> \u00e7atlamaz \u2014 par\u00e7alan\u0131r. S\u0131rtl\u0131\u011f\u0131n\u0131z k\u0131r\u0131l\u0131rsa, \u015fu \u015fekilde olacakt\u0131r <strong>bir\u00e7ok k\u00fc\u00e7\u00fck par\u00e7a<\/strong>, \u00e7atlamam\u0131\u015f.<\/li>\n<\/ul>\n\n\n\n<p>G\u00fcvenli\u011finiz i\u00e7in, <strong>imzan\u0131z\u0131n yan\u0131na \u201cDenetime Tabi\u201d yaz\u0131n<\/strong> teslimat i\u00e7in imza atarken.<\/p>\n\n\n\n<h3 class=\"gb-headline gb-headline-dd213a82 gb-headline-text\">Teslimat Eri\u015fimi<\/h3>\n\n\n\n<p>Konumunuza b\u00fcy\u00fck bir teslimat arac\u0131 ile eri\u015filemiyorsa (\u00f6rne\u011fin dar yollar, dik yoku\u015flar, kap\u0131l\u0131 siteler), \u015funlar\u0131 yapman\u0131z gerekebilir:<\/p>\n\n\n\n<ul class=\"wp-block-list\">\n<li>Sipari\u015finizi yerel bir terminalden teslim al\u0131n veya<\/li>\n\n\n\n<li>\u00dc\u00e7\u00fcnc\u00fc taraf bir kurye arac\u0131l\u0131\u011f\u0131yla son teslimat\u0131 ayarlay\u0131n.<\/li>\n<\/ul>\n\n\n\n<h3 class=\"gb-headline gb-headline-f4f6c8ad gb-headline-text\">Teslim Edilemeyen Sipari\u015fler<\/h3>\n\n\n\n<p>Bir g\u00f6nderi \u015fu \u015fekilde iade edilirse <strong>Teslim edilemez<\/strong> veya <strong>Reddedildi<\/strong>, bir <strong>20% stok yenileme \u00fccreti<\/strong> uygulanacak ve orijinal nakliye masraflar\u0131ndan siz sorumlu olacaks\u0131n\u0131z.<\/p>\n\n<\/div>\n\n\n<h3 class=\"gb-headline gb-headline-77bdb557 gb-headline-text\">Nakliye ve G\u00fcmr\u00fck (AB D\u0131\u015f\u0131 Sipari\u015fler)<\/h3>\n\n\n\n<p class=\"gb-headline gb-headline-f02c1b4c gb-headline-text\">G\u00f6nderilen t\u00fcm sipari\u015fler i\u00e7in <strong>Avrupa Birli\u011fi d\u0131\u015f\u0131nda<\/strong>:<\/p>\n\n\n\n<ul class=\"wp-block-list\">\n<li>\u00d6deme s\u0131ras\u0131nda g\u00f6sterilen fiyatlara yerel vergiler, ithalat vergileri veya g\u00fcmr\u00fck i\u015flem \u00fccretleri dahil de\u011fildir.<\/li>\n\n\n\n<li>Siz kay\u0131tl\u0131 ithalat\u00e7\u0131s\u0131n\u0131z ve teslimat s\u0131ras\u0131nda bu t\u00fcr masraflar\u0131n t\u00fcm sorumlulu\u011fu size aittir.<\/li>\n\n\n\n<li>OnCourt, AB d\u0131\u015f\u0131 destinasyonlar i\u00e7in KDV\/GST, ithalat vergileri veya g\u00fcmr\u00fck \u00fccretleri tahsil etmez veya \u00f6demekle y\u00fck\u00fcml\u00fc de\u011fildir.<\/li>\n\n\n\n<li>\u00dccretler reddedilirse veya \u00f6denmezse, bu durum sevkiyat\u0131n gecikmesine, iade edilmesine veya terk edilmesine neden olabilir. OnCourt, bu durumdan kaynaklanan masraflar veya kay\u0131plardan sorumlu de\u011fildir ve bu durumlarda nakliye veya \u00fcr\u00fcn \u00fccretlerini iade etmez.<\/li>\n<\/ul>\n\n\n\n<p>Sat\u0131n alma i\u015flemini tamamlayarak, bu ko\u015fullar\u0131 kabul etmi\u015f ve onaylam\u0131\u015f olursunuz.<\/p>\n\n<\/div>\n<\/div>\n\n<div class=\"gb-container gb-container-aedea16a\" id=\"megaslam-shipping\">\n<div class=\"gb-container gb-container-492b5ca3\">\n\n<h2 class=\"gb-headline gb-headline-65d8dcc4 gb-headline-text\">Mega Slam Hoop'unuzun Sorunsuz Teslimat\u0131 <\/h2>\n\n\n\n<p class=\"gb-headline gb-headline-880344a0 gb-headline-text\">Oncourt.online \u00fczerinden sipari\u015f verdi\u011finizde, potan\u0131z do\u011frudan kald\u0131r\u0131ma teslim edilir \u2013 do\u011frudan depomuzdan, kamyondan evinizin \u00f6n\u00fcne. At\u0131\u015flara vakit kaybetmeden ba\u015flamak i\u00e7in a\u015fa\u011f\u0131daki 5 ad\u0131ml\u0131 kontrol listemizi kullan\u0131n ve sorunsuz teslimat sa\u011flay\u0131n: <a href=\"https:\/\/oncourt.online\/tr\/basketbol-potalari\/\"><em><strong>Mega Slam Hoop<\/strong><\/em><\/a>. <\/p>\n\n\n\n<figure class=\"wp-block-image size-full is-resized\"><img loading=\"lazy\" decoding=\"async\" width=\"600\" height=\"600\" src=\"https:\/\/oncourt.online\/wp-content\/uploads\/2021\/10\/Mega-Slam-Hoop-s-Order-Confirmation.png\" alt=\"Mega Slam Hoops - Sipari\u015f Onay\u0131\" class=\"wp-image-422\" style=\"width:150px;height:auto\" srcset=\"https:\/\/oncourt.online\/wp-content\/uploads\/2021\/10\/Mega-Slam-Hoop-s-Order-Confirmation.png 600w, https:\/\/oncourt.online\/wp-content\/uploads\/2021\/10\/Mega-Slam-Hoop-s-Order-Confirmation-100x100.png 100w, https:\/\/oncourt.online\/wp-content\/uploads\/2021\/10\/Mega-Slam-Hoop-s-Order-Confirmation-545x545.png 545w\" sizes=\"auto, (max-width: 600px) 100vw, 600px\" \/><\/figure>\n\n\n\n<h4 class=\"gb-headline gb-headline-8536b972 gb-headline-text\">1. Sipari\u015finizi Onaylay\u0131n<\/h4>\n\n\n\n<p class=\"gb-headline gb-headline-9f1a5517 gb-headline-text\">Yeni pota sipari\u015finiz i\u00e7in tebrikler! Sipari\u015f detaylar\u0131n\u0131z\u0131 i\u00e7eren e-postay\u0131 kontrol edin. <\/p>\n\n\n\n<figure class=\"wp-block-image size-full is-resized\"><img loading=\"lazy\" decoding=\"async\" width=\"600\" height=\"600\" src=\"https:\/\/oncourt.online\/wp-content\/uploads\/2021\/10\/Mega-Slam-Hoops-Arrange-Delivery.png\" alt=\"Mega Slam Hoops - Teslimat\u0131 D\u00fczenleyin\" class=\"wp-image-419\" style=\"width:150px;height:150px\" srcset=\"https:\/\/oncourt.online\/wp-content\/uploads\/2021\/10\/Mega-Slam-Hoops-Arrange-Delivery.png 600w, https:\/\/oncourt.online\/wp-content\/uploads\/2021\/10\/Mega-Slam-Hoops-Arrange-Delivery-100x100.png 100w, https:\/\/oncourt.online\/wp-content\/uploads\/2021\/10\/Mega-Slam-Hoops-Arrange-Delivery-545x545.png 545w\" sizes=\"auto, (max-width: 600px) 100vw, 600px\" \/><\/figure>\n\n\n\n<h4 class=\"gb-headline gb-headline-9bfe8bb5 gb-headline-text\">2. Sevkiyat ve Teslimat <\/h4>\n\n\n\n<p class=\"gb-headline gb-headline-290fa9d6 gb-headline-text\">Sipari\u015finizin g\u00f6nderildi\u011fine dair bir onay alacaks\u0131n\u0131z ve bu onay tahmini teslimat s\u00fcresini i\u00e7erecektir. <\/p>\n\n\n\n<figure class=\"wp-block-image size-full is-resized\"><img loading=\"lazy\" decoding=\"async\" width=\"600\" height=\"600\" src=\"https:\/\/oncourt.online\/wp-content\/uploads\/2021\/10\/Mega-Slam-Hoops-Curbside-Delivery.png\" alt=\"Mega Slam Hoops - Kald\u0131r\u0131m Kenar\u0131 Teslimat\" class=\"wp-image-420\" style=\"width:150px;height:150px\" srcset=\"https:\/\/oncourt.online\/wp-content\/uploads\/2021\/10\/Mega-Slam-Hoops-Curbside-Delivery.png 600w, https:\/\/oncourt.online\/wp-content\/uploads\/2021\/10\/Mega-Slam-Hoops-Curbside-Delivery-100x100.png 100w, https:\/\/oncourt.online\/wp-content\/uploads\/2021\/10\/Mega-Slam-Hoops-Curbside-Delivery-545x545.png 545w\" sizes=\"auto, (max-width: 600px) 100vw, 600px\" \/><\/figure>\n\n\n\n<h4 class=\"gb-headline gb-headline-111f7f0a gb-headline-text\">3. Potan\u0131z i\u00e7in yer a\u00e7\u0131n<\/h4>\n\n\n\n<p class=\"gb-headline gb-headline-cdd4e7d1 gb-headline-text\">Mega Slam basketbol sistemleri b\u00fcy\u00fckt\u00fcr (340 kg\u2019ye kadar) ve g\u00f6nderim paleti teslimatta olduk\u00e7a yer kaplar (Konut teslimatlar\u0131 kald\u0131r\u0131m kenar\u0131na yap\u0131l\u0131r).<\/p>\n\n\n\n<figure class=\"wp-block-image size-full is-resized\"><img loading=\"lazy\" decoding=\"async\" width=\"600\" height=\"600\" src=\"https:\/\/oncourt.online\/wp-content\/uploads\/2021\/10\/Mega-Slam-Shipping-Boxes.png\" alt=\"Mega Slam Nakliye Kutular\u0131\" class=\"wp-image-421\" style=\"width:150px;height:150px\" srcset=\"https:\/\/oncourt.online\/wp-content\/uploads\/2021\/10\/Mega-Slam-Shipping-Boxes.png 600w, https:\/\/oncourt.online\/wp-content\/uploads\/2021\/10\/Mega-Slam-Shipping-Boxes-100x100.png 100w, https:\/\/oncourt.online\/wp-content\/uploads\/2021\/10\/Mega-Slam-Shipping-Boxes-545x545.png 545w\" sizes=\"auto, (max-width: 600px) 100vw, 600px\" \/><\/figure>\n\n\n\n<h4 class=\"gb-headline gb-headline-c4d17918 gb-headline-text\">4. Potan\u0131z\u0131n teslimat\u0131n\u0131 kontrol edin<\/h4>\n\n\n\n<p class=\"gb-headline gb-headline-b333a103 gb-headline-text\">Sipari\u015finizin boyutuna g\u00f6re, her palete do\u011fru say\u0131da kutunun sabitlendi\u011finden emin olun (her sistem, numaral\u0131 kutularla birlikte tek bir palet \u00fczerinde teslim edilir). Baz\u0131 kutularda ezik veya y\u0131rt\u0131k varsa sorun de\u011fil. Sistemlerimiz dayan\u0131kl\u0131d\u0131r ve k\u00fc\u00e7\u00fck hasarlar\u0131 sorunsuz atlat\u0131r. <\/p>\n\n\n\n<figure class=\"wp-block-image size-full is-resized\"><img loading=\"lazy\" decoding=\"async\" width=\"600\" height=\"600\" src=\"https:\/\/oncourt.online\/wp-content\/uploads\/2021\/10\/Mega-Slam-Hoops-Signed-Delivery.png\" alt=\"Mega Slam Hoops - \u0130mzal\u0131 Teslimat\" class=\"wp-image-417\" style=\"width:150px;height:150px\" srcset=\"https:\/\/oncourt.online\/wp-content\/uploads\/2021\/10\/Mega-Slam-Hoops-Signed-Delivery.png 600w, https:\/\/oncourt.online\/wp-content\/uploads\/2021\/10\/Mega-Slam-Hoops-Signed-Delivery-100x100.png 100w, https:\/\/oncourt.online\/wp-content\/uploads\/2021\/10\/Mega-Slam-Hoops-Signed-Delivery-545x545.png 545w\" sizes=\"auto, (max-width: 600px) 100vw, 600px\" \/><\/figure>\n\n\n\n<h4 class=\"gb-headline gb-headline-f3ff4626 gb-headline-text\">5. Teslimat\u0131 almak i\u00e7in imzalay\u0131n<\/h4>\n\n\n\n<p class=\"gb-headline gb-headline-0e5ad3a7 gb-headline-text\">Art\u0131k teslimat g\u00f6revlisi sizden basketbol sisteminizin teslimi i\u00e7in imza isteyecektir. Kutularda (veya sistemde) g\u00f6zle g\u00f6r\u00fcl\u00fcr bir hasar varsa, teslimat formuna hasar\u0131 a\u00e7\u0131k\u00e7a yaz\u0131n ve imzalamadan \u00f6nce foto\u011fraf \u00e7ekin.<br>Herhangi bir \u00fcr\u00fcn hasar g\u00f6rm\u00fc\u015fse teslimat\u0131 kabul edin ve hemen bizimle ileti\u015fime ge\u00e7in. E-postaya foto\u011fraflar\u0131 ekleyin, yedek par\u00e7alar\u0131 h\u0131zl\u0131ca g\u00f6nderece\u011fiz. <\/p>\n\n\n\n<figure class=\"wp-block-image size-full is-resized\"><img loading=\"lazy\" decoding=\"async\" width=\"750\" height=\"750\" src=\"https:\/\/oncourt.online\/wp-content\/uploads\/2021\/10\/MegaDlam-Installation-Dig-and-Pour.png\" alt=\"\" class=\"wp-image-319\" style=\"width:188px;height:188px\" srcset=\"https:\/\/oncourt.online\/wp-content\/uploads\/2021\/10\/MegaDlam-Installation-Dig-and-Pour.png 750w, https:\/\/oncourt.online\/wp-content\/uploads\/2021\/10\/MegaDlam-Installation-Dig-and-Pour-100x100.png 100w, https:\/\/oncourt.online\/wp-content\/uploads\/2021\/10\/MegaDlam-Installation-Dig-and-Pour-545x545.png 545w\" sizes=\"auto, (max-width: 750px) 100vw, 750px\" \/><\/figure>\n\n\n\n<h3 class=\"gb-headline gb-headline-a22b1bbf gb-headline-text\">Kurulum<\/h3>\n\n\n\n<p class=\"gb-headline gb-headline-507bcc99 gb-headline-text\">Potan\u0131z teslim edildikten sonra, art\u0131k<a href=\"https:\/\/oncourt.online\/tr\/kilavuzlar\/kurulum\/basketbol-potasinin-kurulum-rehberi\/\"> <em><strong>Mega Slam Hoop\u2019unuzu kurma zaman\u0131<\/strong><\/em><\/a>.<\/p>\n\n<\/div>\n<\/div>","protected":false},"excerpt":{"rendered":"<p> ... <a title=\"G\u00f6nderim ve teslimat\" class=\"read-more\" href=\"https:\/\/oncourt.online\/tr\/shipping-delivery\/\" aria-label=\"Read more about Shipping And Delivery\">Daha fazla bilgi<\/a><\/p>","protected":false},"author":2,"featured_media":6877,"parent":0,"menu_order":24,"comment_status":"closed","ping_status":"closed","template":"","meta":{"_acf_changed":false,"inline_featured_image":false,"footnotes":""},"class_list":{"0":"post-6797","1":"page","2":"type-page","3":"status-publish","4":"has-post-thumbnail","6":"infinite-scroll-item","7":"no-featured-image-padding","8":"resize-featured-image"},"acf":[],"yoast_head":"<!-- This site is optimized with the Yoast SEO Premium plugin v26.8 (Yoast SEO v27.3) - https:\/\/yoast.com\/product\/yoast-seo-premium-wordpress\/ -->\n<title>Shipping &amp; Delivery Information | OnCourt<\/title>\n<meta name=\"description\" content=\"Shipping and delivery information, including delivery methods, access planning, handling advice, and important notes for OnCourt orders.\" \/>\n<meta name=\"robots\" content=\"index, follow, max-snippet:-1, max-image-preview:large, max-video-preview:-1\" \/>\n<link rel=\"canonical\" href=\"https:\/\/oncourt.online\/tr\/kargo-tesli\u0307mati\/\" \/>\n<meta property=\"og:locale\" content=\"tr_TR\" \/>\n<meta property=\"og:type\" content=\"article\" \/>\n<meta property=\"og:title\" content=\"Shipping And Delivery\" \/>\n<meta property=\"og:description\" content=\"Shipping and delivery information, including delivery methods, access planning, handling advice, and important notes for OnCourt orders.\" \/>\n<meta property=\"og:url\" content=\"https:\/\/oncourt.online\/tr\/kargo-tesli\u0307mati\/\" \/>\n<meta property=\"og:site_name\" content=\"OnCourt Online\" \/>\n<meta property=\"article:publisher\" content=\"https:\/\/www.facebook.com\/oncourt.online\/\" \/>\n<meta property=\"article:modified_time\" content=\"2026-01-09T02:04:24+00:00\" \/>\n<meta property=\"og:image\" content=\"https:\/\/oncourt.online\/wp-content\/uploads\/2022\/05\/OnCourt-Shipping-and-Delivery-Header.jpg\" \/>\n\t<meta property=\"og:image:width\" content=\"1440\" \/>\n\t<meta property=\"og:image:height\" content=\"498\" \/>\n\t<meta property=\"og:image:type\" content=\"image\/jpeg\" \/>\n<meta name=\"twitter:card\" content=\"summary_large_image\" \/>\n<meta name=\"twitter:label1\" content=\"Tahmini okuma s\u00fcresi\" \/>\n\t<meta name=\"twitter:data1\" content=\"6 dakika\" \/>\n<!-- \/ Yoast SEO Premium plugin. -->","yoast_head_json":{"title":"G\u00f6nderim ve Teslimat Bilgileri | OnCourt","description":"G\u00f6nderim ve teslimat bilgileri; teslimat y\u00f6ntemleri, eri\u015fim planlamas\u0131, ta\u015f\u0131ma tavsiyeleri ve OnCourt sipari\u015fleri i\u00e7in \u00f6nemli notlar\u0131 i\u00e7erir.","robots":{"index":"index","follow":"follow","max-snippet":"max-snippet:-1","max-image-preview":"max-image-preview:large","max-video-preview":"max-video-preview:-1"},"canonical":"https:\/\/oncourt.online\/tr\/kargo-tesli\u0307mati\/","og_locale":"tr_TR","og_type":"article","og_title":"Shipping And Delivery","og_description":"Shipping and delivery information, including delivery methods, access planning, handling advice, and important notes for OnCourt orders.","og_url":"https:\/\/oncourt.online\/tr\/kargo-tesli\u0307mati\/","og_site_name":"OnCourt Online","article_publisher":"https:\/\/www.facebook.com\/oncourt.online\/","article_modified_time":"2026-01-09T02:04:24+00:00","og_image":[{"width":1440,"height":498,"url":"https:\/\/oncourt.online\/wp-content\/uploads\/2022\/05\/OnCourt-Shipping-and-Delivery-Header.jpg","type":"image\/jpeg"}],"twitter_card":"summary_large_image","twitter_misc":{"Tahmini okuma s\u00fcresi":"6 dakika"},"schema":{"@context":"https:\/\/schema.org","@graph":[{"@type":"WebPage","@id":"https:\/\/oncourt.online\/tr\/shipping-delivery\/","url":"https:\/\/oncourt.online\/tr\/shipping-delivery\/","name":"G\u00f6nderim ve Teslimat Bilgileri | OnCourt","isPartOf":{"@id":"https:\/\/oncourt.online\/tr\/#website"},"primaryImageOfPage":{"@id":"https:\/\/oncourt.online\/tr\/shipping-delivery\/#primaryimage"},"image":{"@id":"https:\/\/oncourt.online\/tr\/shipping-delivery\/#primaryimage"},"thumbnailUrl":"https:\/\/oncourt.online\/wp-content\/uploads\/2022\/05\/OnCourt-Shipping-and-Delivery-Header.jpg","datePublished":"2022-05-26T13:42:42+00:00","dateModified":"2026-01-09T02:04:24+00:00","description":"G\u00f6nderim ve teslimat bilgileri; teslimat y\u00f6ntemleri, eri\u015fim planlamas\u0131, ta\u015f\u0131ma tavsiyeleri ve OnCourt sipari\u015fleri i\u00e7in \u00f6nemli notlar\u0131 i\u00e7erir.","breadcrumb":{"@id":"https:\/\/oncourt.online\/tr\/shipping-delivery\/#breadcrumb"},"inLanguage":"tr","potentialAction":[{"@type":"ReadAction","target":["https:\/\/oncourt.online\/tr\/shipping-delivery\/"]}]},{"@type":"ImageObject","inLanguage":"tr","@id":"https:\/\/oncourt.online\/tr\/shipping-delivery\/#primaryimage","url":"https:\/\/oncourt.online\/wp-content\/uploads\/2022\/05\/OnCourt-Shipping-and-Delivery-Header.jpg","contentUrl":"https:\/\/oncourt.online\/wp-content\/uploads\/2022\/05\/OnCourt-Shipping-and-Delivery-Header.jpg","width":1440,"height":498,"caption":"Shipping & Delivery | OnCourt"},{"@type":"BreadcrumbList","@id":"https:\/\/oncourt.online\/tr\/shipping-delivery\/#breadcrumb","itemListElement":[{"@type":"ListItem","position":1,"name":"Home","item":"https:\/\/oncourt.online\/"},{"@type":"ListItem","position":2,"name":"Shipping And Delivery"}]},{"@type":"WebSite","@id":"https:\/\/oncourt.online\/tr\/#website","url":"https:\/\/oncourt.online\/tr\/","name":"OnCourt Online","description":"Y\u00fcksek Performansl\u0131 Basketbol Sahalar\u0131","publisher":{"@id":"https:\/\/oncourt.online\/tr\/#organization"},"potentialAction":[{"@type":"SearchAction","target":{"@type":"EntryPoint","urlTemplate":"https:\/\/oncourt.online\/tr\/?s={search_term_string}"},"query-input":{"@type":"PropertyValueSpecification","valueRequired":true,"valueName":"search_term_string"}}],"inLanguage":"tr"},{"@type":"Organization","@id":"https:\/\/oncourt.online\/tr\/#organization","name":"OnCourt Online","url":"https:\/\/oncourt.online\/tr\/","logo":{"@type":"ImageObject","inLanguage":"tr","@id":"https:\/\/oncourt.online\/tr\/#\/schema\/logo\/image\/","url":"https:\/\/oncourt.online\/wp-content\/uploads\/2021\/12\/Logo_OnCourt_Black.svg","contentUrl":"https:\/\/oncourt.online\/wp-content\/uploads\/2021\/12\/Logo_OnCourt_Black.svg","width":"1024","height":"1024","caption":"OnCourt Online"},"image":{"@id":"https:\/\/oncourt.online\/tr\/#\/schema\/logo\/image\/"},"sameAs":["https:\/\/www.facebook.com\/oncourt.online\/"],"email":"info@oncourt.online"}]}},"_links":{"self":[{"href":"https:\/\/oncourt.online\/tr\/wp-json\/wp\/v2\/pages\/6797","targetHints":{"allow":["GET"]}}],"collection":[{"href":"https:\/\/oncourt.online\/tr\/wp-json\/wp\/v2\/pages"}],"about":[{"href":"https:\/\/oncourt.online\/tr\/wp-json\/wp\/v2\/types\/page"}],"author":[{"embeddable":true,"href":"https:\/\/oncourt.online\/tr\/wp-json\/wp\/v2\/users\/2"}],"replies":[{"embeddable":true,"href":"https:\/\/oncourt.online\/tr\/wp-json\/wp\/v2\/comments?post=6797"}],"version-history":[{"count":0,"href":"https:\/\/oncourt.online\/tr\/wp-json\/wp\/v2\/pages\/6797\/revisions"}],"wp:featuredmedia":[{"embeddable":true,"href":"https:\/\/oncourt.online\/tr\/wp-json\/wp\/v2\/media\/6877"}],"wp:attachment":[{"href":"https:\/\/oncourt.online\/tr\/wp-json\/wp\/v2\/media?parent=6797"}],"curies":[{"name":"wp","href":"https:\/\/api.w.org\/{rel}","templated":true}]}}