{"id":428,"date":"2021-10-22T11:43:33","date_gmt":"2021-10-22T11:43:33","guid":{"rendered":"https:\/\/oncourt.online\/?page_id=428"},"modified":"2026-01-03T03:34:58","modified_gmt":"2026-01-03T03:34:58","slug":"omur-boyu-garanti%cc%87","status":"publish","type":"page","link":"https:\/\/oncourt.online\/tr\/basketball-hoops\/lifetime-warranty\/","title":{"rendered":"\u00d6m\u00fcr Boyu Garanti"},"content":{"rendered":"<div class=\"gb-element-118ef599\">\n<div class=\"gb-element-d7eed537\">\n<h2 class=\"gb-headline gb-headline-96ad026f gb-headline-text\">\u00d6m\u00fcr Boyu Sma\u00e7lar, Sma\u00e7lar ve S\u0131k\u0131\u015fmalar \u0130\u00e7in \u0130yi<\/h2>\n\n\n\n<p class=\"gb-headline gb-headline-78623ab6 gb-headline-text\">Mega Slam Hoops ve OnCourt, paran\u0131z\u0131n alabilece\u011fi en iyi ev tipi basketbol sistemlerini sunmaya kendini adam\u0131\u015ft\u0131r. Mega Slam \u00fcr\u00fcnleri \u00f6m\u00fcr boyu dayanacak \u015fekilde tasarlanm\u0131\u015ft\u0131r. Garantinin de ayn\u0131 s\u00fcre boyunca ge\u00e7erli olmas\u0131 mant\u0131kl\u0131d\u0131r.<br>Bu vaatlerin hi\u00e7birini di\u011fer pota \u00fcreticilerinde bulamazs\u0131n\u0131z. Asl\u0131nda, Mega Slam Hoops basketbol sistemlerinin arkas\u0131nda duruyoruz ve \u00f6m\u00fcr boyu oyun i\u00e7in m\u00fckemmel performans\u0131, hatta somun ve c\u0131vatalara kadar garanti ediyoruz.<\/p>\n\n\n\n<p class=\"gb-headline gb-headline-c6f59d0a gb-headline-text\"><br><strong>BASKETBOL SI\u0307STEMLERI\u0307 SINIRLI \u00d6M\u00dcR BOYU GARANTI\u0307<\/strong><br>SINIRLI \u00d6M\u00dcR BOYU GARANT\u0130 kapsam\u0131, Mega Slam Hoops'un (\"\u00dcr\u00fcn\") yap\u0131sal bile\u015fenlerinin a\u015fa\u011f\u0131da a\u00e7\u0131klanan s\u0131n\u0131rlamalara tabi olarak malzeme ve i\u015f\u00e7ilik kusurlar\u0131ndan ari oldu\u011funun garanti edildi\u011fi yaln\u0131zca orijinal perakende T\u00fcketici Al\u0131c\u0131 i\u00e7in ge\u00e7erlidir. \"Kusurlar\" \u00fcr\u00fcn\u00fcn kullan\u0131m\u0131na zarar veren kusurlar olarak tan\u0131mlan\u0131r.<\/p>\n\n\n\n<p>THE LIMITED LIFETIME WARRANTY COVERAGE IS EXTENDED ONLY TO THE ORIGINAL RETAIL PURCHASER AND TERMINATES IF THE ORIGINAL RETAIL PURCHASER OTHERWISE TRANSFERS OR SELLS THE PRODUCT. THIS WARRANTY IS VOID IF THE PRODUCT HAS BEEN DAMAGED BY IMPROPER SERVICE, NEGLIGENCE, ACCIDENT, UNREASONABLE USE, IMPROPER INSTALLATION, OR OTHER CAUSES NOT RESULTING FROM DEFECTS IN MATERIAL AND WORKMANSHIP. <\/p>\n\n\n\n<p>Subject to proper installation in accordance with the installation instructions; normal residential use for glass backboards; normal basketball related activities; and has been maintained in agreement with the instructions.<\/p>\n\n\n\n<p class=\"gb-headline gb-headline-1de06637 gb-headline-text\"><br><strong>GARANTI\u0307 TALEPLERI\u0307<\/strong><br>Proof of purchase by the original retail Consumer Purchaser is required for all warranty claims.<\/p>\n\n\n\n<p>Mega Sports UK Ltd reserves the right to examine physical evidence or photographs of the Product, or component parts, claimed to be defective, and to recover said Product, prior to authorising a warranty claim. If applicable, a \u201cReturn Merchandise Authorisation\u201d (RMA) number will be required prior to shipping damaged Product by original retail Consumer Purchaser with freight prepaid.<\/p>\n\n\n\n<p>In returning a Product or component part for repair or replacement under this warranty, the original Consumer Purchaser must prepay all shipping transportation, insurance and delivery costs, and the Product or component parts, must be delivered in either its original carton or a similar package affording an equal degree of protection.<\/p>\n\n\n\n<p>Mega Sports UK Ltd will not be responsible for any loss or damage incurred in connection with the return of this Product or component parts.<\/p>\n\n\n\n<p>S\u0131n\u0131rl\u0131 \u00d6m\u00fcr Boyu Garanti a\u015fa\u011f\u0131dakileri kapsamaz:<\/p>\n\n\n\n<p>Bu garanti, yanl\u0131\u015f kullan\u0131m, suistimal, anormal kullan\u0131m, ihmal, de\u011fi\u015fiklik, kaza, yanl\u0131\u015f kurulum, vandalizm veya yang\u0131na maruz kalan herhangi bir \u00dcr\u00fcn i\u00e7in ge\u00e7erli olmayacakt\u0131r.<\/p>\n\n\n\n<p>\u00dcr\u00fcn\u00fcn i\u015flevselli\u011fini etkilemeyen boya, paslanm\u0131\u015f par\u00e7alar, y\u00fczey \u00e7izikleri, solma, renk de\u011fi\u015fikli\u011fi veya \u00e7atlaklar.<\/p>\n\n\n\n<p>Zaman veya normal a\u015f\u0131nma ve y\u0131pranma nedeniyle hasar veya bozulma.<\/p>\n\n\n\n<p>\"Do\u011fal Afetler\" nedeniyle meydana gelen hasarlar, bunlarla s\u0131n\u0131rl\u0131 olmamak \u00fczere, sel, hortum, dolu, y\u0131ld\u0131r\u0131m, kum f\u0131rt\u0131nas\u0131, r\u00fczgar f\u0131rt\u0131nas\u0131 veya deprem gibi durumlar\u0131 i\u00e7erir.<\/p>\n\n\n\n<p>\"\u00c7evresel Fakt\u00f6rlerden\" kaynaklanan hasarlar, bunlarla s\u0131n\u0131rl\u0131 olmamak \u00fczere, havadaki serpinti, kimyasallar, okyanus spreyi veya r\u00fczgarla ta\u015f\u0131nan kum gibi \u015feyleri i\u00e7erir.<\/p>\n\n\n\n<p>Garantili veya de\u011fi\u015ftirilen \u00fcr\u00fcnler i\u00e7in her iki y\u00f6ndeki nakliye \u00fccretleri orijinal perakende T\u00fcketici Al\u0131c\u0131 taraf\u0131ndan \u00f6nceden \u00f6denmelidir.<\/p>\n\n\n\n<p>Bayi servis \u00fccretleri, i\u015f\u00e7ilik \u00fccretleri veya seyahat masraflar\u0131. \u00dcr\u00fcn\u00fcn kurulumu, incelenmesi, servisi veya de\u011fi\u015ftirilmesi ya da bile\u015fen par\u00e7alar\u0131n\u0131n de\u011fi\u015ftirilmesi ile ilgili t\u00fcm i\u015f\u00e7ilik maliyetleri, seyahat masraflar\u0131 ve di\u011fer masraflar orijinal perakende T\u00fcketici Al\u0131c\u0131n\u0131n sorumlulu\u011funda olacakt\u0131r.<\/p>\n\n\n\n<p>BU GARANTI\u0307, HERHANGI\u0307 BI\u0307R ZIMNI\u0307 GARANTI\u0307 TI\u0307CARI\u0307 ELVERI\u0307\u015eLI\u0307LI\u0307K VEYA BELI\u0307RLI\u0307 BI\u0307R AMACA UYGUNLUK DAHI\u0307L ANCAK BUNLARLA SINIRLI OLMAMAK KAYDIYLA A\u00c7IK VEYA ZIMNI\u0307 DI\u0307\u011eER T\u00dcM GARANTI\u0307LERI\u0307N VE MEGA SPORTS UK LTD'NI\u0307N DI\u0307\u011eER T\u00dcM Y\u00dcK\u00dcML\u00dcL\u00dcKLERI\u0307NI\u0307N YERI\u0307NE A\u00c7IK\u00c7A VERI\u0307LMEKTEDI\u0307R ANCAK ZIMNI\u0307 GARANTI\u0307LERI\u0307N REDDI\u0307NI\u0307N Y\u00dcR\u00dcRL\u00dcKTEKI\u0307 YASALAR KAPSAMINDA GE\u00c7ERLI\u0307 OLMASI DURUMUNDA, YASALARIN I\u0307\u015eLEYI\u0307\u015eI\u0307NDEN KAYNAKLANAN ZIMNI\u0307 GARANTI\u0307LERI\u0307N S\u00dcRESI\u0307 SATIN ALMA TARI\u0307HI\u0307NDEN I\u0307TI\u0307BAREN BI\u0307R (1) YIL VEYA Y\u00dcR\u00dcRL\u00dcKTEKI\u0307 YASALARIN GEREKTI\u0307RDI\u0307\u011eI\u0307 DAHA UZUN BI\u0307R S\u00dcRE I\u0307LE SINIRLI OLACAKTIR.<\/p>\n\n\n\n<p>MEGA SPORTS UK LTD HEREBY DISCLAIMS ANY AND ALL LIABILITY FOR CONSEQUENTIAL AND INCIDENTAL DAMAGES ARISING OUT OF OR IN CONNECTION WITH ANY BREACH OF THIS WARRANTY OR ANY OTHER CLAIM WITH RESPECT TO THIS PRODUCT, INCLUDING BUT NOT LIMITED TO, CLAIMS OF NEGLIGENCE, STRICT LIABILITY IN TORT OR BREACH OF CONTRACT.<\/p>\n\n\n\n<p>SOME STATES DO NOT ALLOW (A) LIMITATIONS ON HOW LONG AN IMPLIED WARRANTY LASTS OR (B) THE EXCLUSION OR LIMITATION OF INCIDENTAL OR CONSEQUENTIAL DAMAGES, SO THE ABOVE LIMITATIONS OR EXCLUSIONS MAY NOT APPLY TO YOU. THIS WARRANTY GIVES YOU SPECIFIC LEGAL RIGHTS AND YOU MAY HAVE OTHER RIGHTS WHICH VARY FROM STATE TO STATE.<\/p>\n\n\n\n<p>FOR THE ORIGINAL RETAIL PURCHASER TO SUBMIT A WARRANTY CLAIM, CALL OR WRITE MEGA SLAM HOOPS UK.<\/p>\n\n\n\n<p>TELEFON<br>020 3920 7400<br><br>E-POSTA<br>support@megaslamhoops.uk<br>POSTA ADRESI<br><br>Mega Slam Birle\u015fik Krall\u0131k<br>The Hollies, \u0130stasyon Yolu, Chilbolton<br>Stockbridge, Hampshire<br>Birle\u015fik Krall\u0131k, SO20 6AL<\/p>\n<\/div>\n<\/div>","protected":false},"excerpt":{"rendered":"<p> ... <a title=\"\u00d6m\u00fcr Boyu Garanti\" class=\"read-more\" href=\"https:\/\/oncourt.online\/tr\/basketball-hoops\/lifetime-warranty\/\" aria-label=\"Read more about Lifetime Warranty\">Daha fazla bilgi<\/a><\/p>","protected":false},"author":2,"featured_media":362,"parent":34,"menu_order":0,"comment_status":"closed","ping_status":"closed","template":"","meta":{"_acf_changed":false,"inline_featured_image":false,"footnotes":""},"class_list":{"0":"post-428","1":"page","2":"type-page","3":"status-publish","4":"has-post-thumbnail","6":"infinite-scroll-item","7":"no-featured-image-padding","8":"resize-featured-image"},"acf":[],"yoast_head":"<!-- This site is optimized with the Yoast SEO Premium plugin v26.8 (Yoast SEO v27.3) - https:\/\/yoast.com\/product\/yoast-seo-premium-wordpress\/ -->\n<title>Lifetime Warranty - OnCourt Online<\/title>\n<meta name=\"description\" content=\"Mega Slam Hoops and OnCourt are committed to providing the best residential basketball systems that your money can buy.\" \/>\n<meta name=\"robots\" content=\"index, follow, max-snippet:-1, max-image-preview:large, max-video-preview:-1\" \/>\n<link rel=\"canonical\" href=\"https:\/\/oncourt.online\/tr\/basketbol-potalari\/omur-boyu-garanti\u0307\/\" \/>\n<meta property=\"og:locale\" content=\"tr_TR\" \/>\n<meta property=\"og:type\" content=\"article\" \/>\n<meta property=\"og:title\" content=\"Lifetime Warranty\" \/>\n<meta property=\"og:description\" content=\"Mega Slam Hoops and OnCourt are committed to providing the best residential basketball systems that your money can buy.\" \/>\n<meta property=\"og:url\" content=\"https:\/\/oncourt.online\/tr\/basketbol-potalari\/omur-boyu-garanti\u0307\/\" \/>\n<meta property=\"og:site_name\" content=\"OnCourt Online\" \/>\n<meta property=\"article:publisher\" content=\"https:\/\/www.facebook.com\/oncourt.online\/\" \/>\n<meta property=\"article:modified_time\" content=\"2026-01-03T03:34:58+00:00\" \/>\n<meta property=\"og:image\" content=\"https:\/\/oncourt.online\/wp-content\/uploads\/2021\/10\/Mega-Slam-Hoops-Lifetime-Warranty.png\" \/>\n\t<meta property=\"og:image:width\" content=\"300\" \/>\n\t<meta property=\"og:image:height\" content=\"300\" \/>\n\t<meta property=\"og:image:type\" content=\"image\/png\" \/>\n<meta name=\"twitter:card\" content=\"summary_large_image\" \/>\n<meta name=\"twitter:label1\" content=\"Tahmini okuma s\u00fcresi\" \/>\n\t<meta name=\"twitter:data1\" content=\"4 dakika\" \/>\n<!-- \/ Yoast SEO Premium plugin. -->","yoast_head_json":{"title":"\u00d6m\u00fcr Boyu Garanti - OnCourt Online","description":"Mega Slam Hoops ve OnCourt, paran\u0131z\u0131n sat\u0131n alabilece\u011fi en iyi konut basketbol sistemlerini sa\u011flamay\u0131 taahh\u00fct eder.","robots":{"index":"index","follow":"follow","max-snippet":"max-snippet:-1","max-image-preview":"max-image-preview:large","max-video-preview":"max-video-preview:-1"},"canonical":"https:\/\/oncourt.online\/tr\/basketbol-potalari\/omur-boyu-garanti\u0307\/","og_locale":"tr_TR","og_type":"article","og_title":"Lifetime Warranty","og_description":"Mega Slam Hoops and OnCourt are committed to providing the best residential basketball systems that your money can buy.","og_url":"https:\/\/oncourt.online\/tr\/basketbol-potalari\/omur-boyu-garanti\u0307\/","og_site_name":"OnCourt Online","article_publisher":"https:\/\/www.facebook.com\/oncourt.online\/","article_modified_time":"2026-01-03T03:34:58+00:00","og_image":[{"width":300,"height":300,"url":"https:\/\/oncourt.online\/wp-content\/uploads\/2021\/10\/Mega-Slam-Hoops-Lifetime-Warranty.png","type":"image\/png"}],"twitter_card":"summary_large_image","twitter_misc":{"Tahmini okuma s\u00fcresi":"4 dakika"},"schema":{"@context":"https:\/\/schema.org","@graph":[{"@type":"WebPage","@id":"https:\/\/oncourt.online\/tr\/basketball-hoops\/lifetime-warranty\/","url":"https:\/\/oncourt.online\/tr\/basketball-hoops\/lifetime-warranty\/","name":"\u00d6m\u00fcr Boyu Garanti - OnCourt Online","isPartOf":{"@id":"https:\/\/oncourt.online\/tr\/#website"},"primaryImageOfPage":{"@id":"https:\/\/oncourt.online\/tr\/basketball-hoops\/lifetime-warranty\/#primaryimage"},"image":{"@id":"https:\/\/oncourt.online\/tr\/basketball-hoops\/lifetime-warranty\/#primaryimage"},"thumbnailUrl":"https:\/\/oncourt.online\/wp-content\/uploads\/2021\/10\/Mega-Slam-Hoops-Lifetime-Warranty.png","datePublished":"2021-10-22T11:43:33+00:00","dateModified":"2026-01-03T03:34:58+00:00","description":"Mega Slam Hoops ve OnCourt, paran\u0131z\u0131n sat\u0131n alabilece\u011fi en iyi konut basketbol sistemlerini sa\u011flamay\u0131 taahh\u00fct eder.","breadcrumb":{"@id":"https:\/\/oncourt.online\/tr\/basketball-hoops\/lifetime-warranty\/#breadcrumb"},"inLanguage":"tr","potentialAction":[{"@type":"ReadAction","target":["https:\/\/oncourt.online\/tr\/basketball-hoops\/lifetime-warranty\/"]}]},{"@type":"ImageObject","inLanguage":"tr","@id":"https:\/\/oncourt.online\/tr\/basketball-hoops\/lifetime-warranty\/#primaryimage","url":"https:\/\/oncourt.online\/wp-content\/uploads\/2021\/10\/Mega-Slam-Hoops-Lifetime-Warranty.png","contentUrl":"https:\/\/oncourt.online\/wp-content\/uploads\/2021\/10\/Mega-Slam-Hoops-Lifetime-Warranty.png","width":300,"height":300,"caption":"Mega Slam Hoops - Lifetime Warranty"},{"@type":"BreadcrumbList","@id":"https:\/\/oncourt.online\/tr\/basketball-hoops\/lifetime-warranty\/#breadcrumb","itemListElement":[{"@type":"ListItem","position":1,"name":"Home","item":"https:\/\/oncourt.online\/"},{"@type":"ListItem","position":2,"name":"Basketball Hoops","item":"https:\/\/oncourt.online\/tr\/basketball-hoops\/"},{"@type":"ListItem","position":3,"name":"Lifetime Warranty"}]},{"@type":"WebSite","@id":"https:\/\/oncourt.online\/tr\/#website","url":"https:\/\/oncourt.online\/tr\/","name":"OnCourt Online","description":"Y\u00fcksek Performansl\u0131 Basketbol Sahalar\u0131","publisher":{"@id":"https:\/\/oncourt.online\/tr\/#organization"},"potentialAction":[{"@type":"SearchAction","target":{"@type":"EntryPoint","urlTemplate":"https:\/\/oncourt.online\/tr\/?s={search_term_string}"},"query-input":{"@type":"PropertyValueSpecification","valueRequired":true,"valueName":"search_term_string"}}],"inLanguage":"tr"},{"@type":"Organization","@id":"https:\/\/oncourt.online\/tr\/#organization","name":"OnCourt Online","url":"https:\/\/oncourt.online\/tr\/","logo":{"@type":"ImageObject","inLanguage":"tr","@id":"https:\/\/oncourt.online\/tr\/#\/schema\/logo\/image\/","url":"https:\/\/oncourt.online\/wp-content\/uploads\/2021\/12\/Logo_OnCourt_Black.svg","contentUrl":"https:\/\/oncourt.online\/wp-content\/uploads\/2021\/12\/Logo_OnCourt_Black.svg","width":"1024","height":"1024","caption":"OnCourt Online"},"image":{"@id":"https:\/\/oncourt.online\/tr\/#\/schema\/logo\/image\/"},"sameAs":["https:\/\/www.facebook.com\/oncourt.online\/"],"email":"info@oncourt.online"}]}},"_links":{"self":[{"href":"https:\/\/oncourt.online\/tr\/wp-json\/wp\/v2\/pages\/428","targetHints":{"allow":["GET"]}}],"collection":[{"href":"https:\/\/oncourt.online\/tr\/wp-json\/wp\/v2\/pages"}],"about":[{"href":"https:\/\/oncourt.online\/tr\/wp-json\/wp\/v2\/types\/page"}],"author":[{"embeddable":true,"href":"https:\/\/oncourt.online\/tr\/wp-json\/wp\/v2\/users\/2"}],"replies":[{"embeddable":true,"href":"https:\/\/oncourt.online\/tr\/wp-json\/wp\/v2\/comments?post=428"}],"version-history":[{"count":0,"href":"https:\/\/oncourt.online\/tr\/wp-json\/wp\/v2\/pages\/428\/revisions"}],"up":[{"embeddable":true,"href":"https:\/\/oncourt.online\/tr\/wp-json\/wp\/v2\/pages\/34"}],"wp:featuredmedia":[{"embeddable":true,"href":"https:\/\/oncourt.online\/tr\/wp-json\/wp\/v2\/media\/362"}],"wp:attachment":[{"href":"https:\/\/oncourt.online\/tr\/wp-json\/wp\/v2\/media?parent=428"}],"curies":[{"name":"wp","href":"https:\/\/api.w.org\/{rel}","templated":true}]}}