{"id":3706,"date":"2022-03-08T09:13:55","date_gmt":"2022-03-08T09:13:55","guid":{"rendered":"https:\/\/oncourt.online\/?page_id=3706"},"modified":"2026-01-13T08:00:41","modified_gmt":"2026-01-13T08:00:41","slug":"oncourtye-katilin","status":"publish","type":"page","link":"https:\/\/oncourt.online\/tr\/join-oncourt\/","title":{"rendered":"OnCourt ile \u00c7al\u0131\u015f\u0131n"},"content":{"rendered":"<div class=\"gb-container gb-container-c9c919f1\"><div class=\"gb-inside-container\">\n<div class=\"gb-container gb-container-cefabf47\"><div class=\"gb-inside-container\">\n\n<h2 class=\"gb-headline gb-headline-d23b44e5 gb-headline-text\">Basketbol sahas\u0131 uzman\u0131yla i\u015f birli\u011fi yap\u0131n<\/h2>\n\n\n\n<p class=\"gb-headline gb-headline-b071501e gb-headline-text\">OnCourt, Avrupa genelinde a\u00e7\u0131k hava spor alanlar\u0131n\u0131 tasarlayan, in\u015fa eden ve belirleyen profesyonellerle \u00e7al\u0131\u015f\u0131r. \u0130\u015f Orta\u011f\u0131 Program\u0131m\u0131z, m\u00fc\u015fterilerine y\u00fcksek performansl\u0131 basketbol sahalar\u0131 sunmak isteyen i\u015fletmeler i\u00e7in tasarlanm\u0131\u015ft\u0131r; \u00f6zel \u00fcr\u00fcnler, hassas planlama ara\u00e7lar\u0131 ve uzman deste\u011fiyle desteklenir.<\/p>\n\n\n\n<p class=\"gb-text gb-text-6b40232a\">Genel bir spor tedarik\u00e7isi olarak faaliyet g\u00f6stermiyoruz. Odak noktam\u0131z basketbol ve i\u015fleri do\u011fru yapmaya \u00f6nem veren i\u015f ortaklar\u0131yla \u00e7al\u0131\u015f\u0131yoruz.<\/p>\n\n\n\n<h3 class=\"gb-text gb-text-a0baa6e3\">Kimlerle \u00c7al\u0131\u015f\u0131yoruz<\/h3>\n\n\n\n<p>D\u0131\u015f mek\u00e2n in\u015faat\u0131, tasar\u0131m ve zemin kaplamalar\u0131 alanlar\u0131nda faaliyet g\u00f6steren i\u015fletmelerle i\u015f ortakl\u0131\u011f\u0131 yap\u0131yoruz, bunlar aras\u0131nda:<\/p>\n\n\n\n<ul class=\"wp-block-list\">\n<li>Genel m\u00fcteahhitler ve in\u015faat firmalar\u0131<\/li>\n\n\n\n<li>Peyzaj ve bah\u00e7e tasar\u0131mc\u0131lar\u0131<\/li>\n\n\n\n<li>Zemin i\u015fleri ve altyap\u0131 y\u00fcklenicileri<\/li>\n\n\n\n<li>Spor sahas\u0131 in\u015faat\u00e7\u0131lar\u0131 ve zemin yenileme uzmanlar\u0131<\/li>\n\n\n\n<li>Mimarlar ve teknik \u015fartname haz\u0131rlayanlar<\/li>\n\n\n\n<li>Tasar\u0131m odakl\u0131 d\u0131\u015f mek\u00e2n uzmanlar\u0131<\/li>\n<\/ul>\n\n\n\n<p class=\"gb-text gb-text-b726bb2a\">\u00c7al\u0131\u015fmalar\u0131n\u0131z d\u0131\u015f mek\u00e2nlar\u0131n planlanmas\u0131 veya in\u015fas\u0131n\u0131 kaps\u0131yorsa ve sundu\u011funuz hizmetlere basketbol sahalar\u0131n\u0131 eklemek istiyorsan\u0131z, sizinle ileti\u015fime ge\u00e7mek isteriz.<\/p>\n\n\n\n<div class=\"gb-element-bbf74639\">\n<div>\n<img loading=\"lazy\" decoding=\"async\" width=\"660\" height=\"400\" class=\"img_12px_radius gb-media-76f4f695\" alt=\"\" title=\"OnCourt Modular Basketball Court Surface Installation\" src=\"https:\/\/oncourt.online\/wp-content\/uploads\/2022\/05\/OnCourt-Modular-Basketball-Court-Surface-Installation.jpg\" srcset=\"https:\/\/oncourt.online\/wp-content\/uploads\/2022\/05\/OnCourt-Modular-Basketball-Court-Surface-Installation.jpg 660w, https:\/\/oncourt.online\/wp-content\/uploads\/2022\/05\/OnCourt-Modular-Basketball-Court-Surface-Installation-300x182.jpg 300w, https:\/\/oncourt.online\/wp-content\/uploads\/2022\/05\/OnCourt-Modular-Basketball-Court-Surface-Installation-18x12.jpg 18w, https:\/\/oncourt.online\/wp-content\/uploads\/2022\/05\/OnCourt-Modular-Basketball-Court-Surface-Installation-545x330.jpg 545w\" sizes=\"auto, (max-width: 660px) 100vw, 660px\" \/>\n<\/div>\n\n\n\n<div>\n<h2 class=\"gb-text\">OnCourt i\u015f ortaklar\u0131n\u0131n beklentileri<\/h2>\n\n\n\n<p class=\"gb-text last_text\">Sahalar\u0131 g\u00fcvenle planlaman\u0131za, teknik \u015fartname olu\u015fturman\u0131za ve y\u00fcksek performansl\u0131 basketbol sahalar\u0131 sunman\u0131za yard\u0131mc\u0131 olan profesyonel tasar\u0131m ara\u00e7lar\u0131na, avantajl\u0131 fiyatlara ve uzman deste\u011fine eri\u015fim.<\/p>\n<\/div>\n<\/div>\n\n\n\n<h4 class=\"gb-text\">Profesyonel tasar\u0131m ara\u00e7lar\u0131<\/h4>\n\n\n\n<p class=\"gb-text\">Yerle\u015fimleri planlamak, renk \u015femalar\u0131n\u0131 ke\u015ffetmek, zeminleri ve potalar\u0131 belirlemek ve m\u00fc\u015fteri teklifleri i\u00e7in do\u011fru g\u00f6rseller ve fiyatland\u0131rma olu\u015fturmak \u00fczere OnCourt\u2019un 3D basketbol sahas\u0131 tasar\u0131m platformunu kullan\u0131n.<\/p>\n\n\n\n<h4 class=\"gb-text\">Avantajl\u0131 ticari fiyatland\u0131rma<\/h4>\n\n\n\n<p class=\"gb-text\">Yetkili i\u015f ortaklar\u0131, mod\u00fcler basketbol zeminleri ve Mega Slam potalar\u0131 i\u00e7in ticari fiyatlara eri\u015fim elde eder; bu da sa\u011fl\u0131kl\u0131 k\u00e2r marjlar\u0131n\u0131 korurken premium \u00e7\u00f6z\u00fcmler sunman\u0131z\u0131 sa\u011flar.<\/p>\n\n\n\n<h4 class=\"gb-text\">Uzman Teknik Destek<\/h4>\n\n\n\n<p class=\"gb-text\">D\u00fczenler, y\u00fczey se\u00e7imi, kurulum gereksinimleri ve \u00fcr\u00fcn e\u015fle\u015ftirme konusunda do\u011frudan rehberli\u011fe eri\u015fin, belirsizli\u011fi azalt\u0131n ve sahada maliyetli hatalar\u0131 \u00f6nleyin.<\/p>\n\n\n\n<h4 class=\"gb-text\">Net \u00d6zellikler ve Kaynaklar<\/h4>\n\n\n\n<p class=\"gb-text gb-text-46b97fff\">Tahminlerde bulunmaktan ka\u00e7\u0131nmak, hatalar\u0131 azaltmak ve m\u00fc\u015fterilere net ve g\u00fcvenilir teklifler sunmak i\u00e7in k\u0131lavuzlar\u0131m\u0131z\u0131 ve planlama kaynaklar\u0131m\u0131z\u0131 kullan\u0131n.<\/p>\n\n\n\n<div class=\"gb-element-d984cac5\">\n<div>\n<img loading=\"lazy\" decoding=\"async\" width=\"1200\" height=\"960\" class=\"img_12px_radius gb-media-1c57b1fb\" alt=\"\" title=\"Orta Boyutlu Konut Basketbol Sahas\u0131 Tasar\u0131m\u0131\" src=\"https:\/\/oncourt.online\/wp-content\/uploads\/2025\/12\/Medium-Sized-Residential-Basketball-Court-Design.webp\"\/>\n<\/div>\n\n\n\n<div>\n<h3 class=\"gb-text\">Ger\u00e7ek Projeler i\u00e7in Tasarlanm\u0131\u015ft\u0131r<\/h3>\n\n\n\n<p>OnCourt Ortakl\u0131k Program\u0131, a\u015fa\u011f\u0131dakileri sunan profesyonellere uygundur:<\/p>\n\n\n\n<ul class=\"wp-block-list\">\n<li>Konut mahkemeleri<\/li>\n\n\n\n<li>Kul\u00fcp ve antrenman tesisleri<\/li>\n\n\n\n<li>Okullar ve e\u011fitim alanlar\u0131<\/li>\n\n\n\n<li>Ticari veya \u00e7ok ama\u00e7l\u0131 a\u00e7\u0131k hava kortlar\u0131<\/li>\n<\/ul>\n\n\n\n<p class=\"gb-text last_text\">Kaliteli uygulama ve uzun vadeli performansa \u00f6nem veren i\u015f ortaklar\u0131m\u0131z\u0131 destekliyoruz.<\/p>\n<\/div>\n<\/div>\n\n\n\n<div class=\"gb-element-f79012eb\">\n<h3 class=\"gb-text gb-text-5da21831\">OnCourt Orta\u011f\u0131 Olmak \u0130\u00e7in Ba\u015fvurun<\/h3>\n\n\n\n<p class=\"gb-text not_last_text\">OnCourt ile \u00e7al\u0131\u015fmakla ilgileniyorsan\u0131z, a\u015fa\u011f\u0131daki ba\u015fvuru formunu doldurun. <\/p>\n\n\n\n<p class=\"gb-text gb-text-209ee9ae\">T\u00fcm ba\u015fvurular\u0131 de\u011ferlendiriyor ve program\u0131n i\u015fletmeniz i\u00e7in uygun olup olmad\u0131\u011f\u0131n\u0131 g\u00f6r\u00fc\u015fmek \u00fczere sizinle ileti\u015fime ge\u00e7iyoruz.<\/p>\n<\/div>\n\n\n<div class=\"gb-container gb-container-8ddfb2cf\">\n\n\n\n\n\n\n\n\n\n\n\n\n\n\n\n\n\n\n\n\n\n\n\n\n\n\n<div class=\"gb-container gb-container-d1c8a6b5\">\n\n<div class=\"pipedriveWebForms\" data-pd-webforms=\"https:\/\/webforms.pipedrive.com\/f\/cegeTpg5KyAgwExZ2Bcvx1NwhU9aaW9Ofk2R8qCz7alJZy2QQwtBlIs6Pbx0qmSwgz\"><script src=\"https:\/\/webforms.pipedrive.com\/f\/loader\"><\/script><\/div>\n\n<\/div>\n<\/div>\n<\/div><\/div>\n<\/div><\/div>","protected":false},"excerpt":{"rendered":"<p> ... <a title=\"OnCourt ile \u00c7al\u0131\u015f\u0131n\" class=\"read-more\" href=\"https:\/\/oncourt.online\/tr\/join-oncourt\/\" aria-label=\"Read more about Work With OnCourt\">Daha fazla bilgi<\/a><\/p>","protected":false},"author":2,"featured_media":7048,"parent":0,"menu_order":13,"comment_status":"closed","ping_status":"closed","template":"","meta":{"_acf_changed":false,"inline_featured_image":false,"footnotes":""},"class_list":{"0":"post-3706","1":"page","2":"type-page","3":"status-publish","4":"has-post-thumbnail","6":"infinite-scroll-item","7":"no-featured-image-padding","8":"resize-featured-image"},"acf":[],"yoast_head":"<!-- This site is optimized with the Yoast SEO Premium plugin v26.8 (Yoast SEO v27.3) - https:\/\/yoast.com\/product\/yoast-seo-premium-wordpress\/ -->\n<title>OnCourt Partners | Trade Pricing &amp; Basketball Court Design Tools<\/title>\n<meta name=\"description\" content=\"Partner with OnCourt. Work with a specialist basketball court supplier. Design tools, trade pricing, and support for residential &amp; commercial projects.\" \/>\n<meta name=\"robots\" content=\"index, follow, max-snippet:-1, max-image-preview:large, max-video-preview:-1\" \/>\n<link rel=\"canonical\" href=\"https:\/\/oncourt.online\/tr\/oncourtye-katilin\/\" \/>\n<meta property=\"og:locale\" content=\"tr_TR\" \/>\n<meta property=\"og:type\" content=\"article\" \/>\n<meta property=\"og:title\" content=\"Work With OnCourt\" \/>\n<meta property=\"og:description\" content=\"Partner with OnCourt. Work with a specialist basketball court supplier. Design tools, trade pricing, and support for residential &amp; commercial projects.\" \/>\n<meta property=\"og:url\" content=\"https:\/\/oncourt.online\/tr\/oncourtye-katilin\/\" \/>\n<meta property=\"og:site_name\" content=\"OnCourt Online\" \/>\n<meta property=\"article:publisher\" content=\"https:\/\/www.facebook.com\/oncourt.online\/\" \/>\n<meta property=\"article:modified_time\" content=\"2026-01-13T08:00:41+00:00\" \/>\n<meta property=\"og:image\" content=\"https:\/\/oncourt.online\/wp-content\/uploads\/2022\/05\/OnCourt-Modular-Basketball-Court-Surface-Installation.jpg\" \/>\n\t<meta property=\"og:image:width\" content=\"660\" \/>\n\t<meta property=\"og:image:height\" content=\"400\" \/>\n\t<meta property=\"og:image:type\" content=\"image\/jpeg\" \/>\n<meta name=\"twitter:card\" content=\"summary_large_image\" \/>\n<meta name=\"twitter:label1\" content=\"Tahmini okuma s\u00fcresi\" \/>\n\t<meta name=\"twitter:data1\" content=\"3 dakika\" \/>\n<!-- \/ Yoast SEO Premium plugin. -->","yoast_head_json":{"title":"OnCourt \u0130\u015f Ortaklar\u0131 | Ticari Fiyatland\u0131rma ve Basketbol Sahas\u0131 Tasar\u0131m Ara\u00e7lar\u0131","description":"OnCourt ile i\u015f ortakl\u0131\u011f\u0131 kurun. Basketbol sahalar\u0131nda uzman bir tedarik\u00e7iyle \u00e7al\u0131\u015f\u0131n. Tasar\u0131m ara\u00e7lar\u0131, ticari fiyatland\u0131rma ve konut ile ticari projeler i\u00e7in destek.","robots":{"index":"index","follow":"follow","max-snippet":"max-snippet:-1","max-image-preview":"max-image-preview:large","max-video-preview":"max-video-preview:-1"},"canonical":"https:\/\/oncourt.online\/tr\/oncourtye-katilin\/","og_locale":"tr_TR","og_type":"article","og_title":"Work With OnCourt","og_description":"Partner with OnCourt. Work with a specialist basketball court supplier. Design tools, trade pricing, and support for residential & commercial projects.","og_url":"https:\/\/oncourt.online\/tr\/oncourtye-katilin\/","og_site_name":"OnCourt Online","article_publisher":"https:\/\/www.facebook.com\/oncourt.online\/","article_modified_time":"2026-01-13T08:00:41+00:00","og_image":[{"width":660,"height":400,"url":"https:\/\/oncourt.online\/wp-content\/uploads\/2022\/05\/OnCourt-Modular-Basketball-Court-Surface-Installation.jpg","type":"image\/jpeg"}],"twitter_card":"summary_large_image","twitter_misc":{"Tahmini okuma s\u00fcresi":"3 dakika"},"schema":{"@context":"https:\/\/schema.org","@graph":[{"@type":"WebPage","@id":"https:\/\/oncourt.online\/tr\/join-oncourt\/","url":"https:\/\/oncourt.online\/tr\/join-oncourt\/","name":"OnCourt \u0130\u015f Ortaklar\u0131 | Ticari Fiyatland\u0131rma ve Basketbol Sahas\u0131 Tasar\u0131m Ara\u00e7lar\u0131","isPartOf":{"@id":"https:\/\/oncourt.online\/tr\/#website"},"primaryImageOfPage":{"@id":"https:\/\/oncourt.online\/tr\/join-oncourt\/#primaryimage"},"image":{"@id":"https:\/\/oncourt.online\/tr\/join-oncourt\/#primaryimage"},"thumbnailUrl":"https:\/\/oncourt.online\/wp-content\/uploads\/2022\/05\/OnCourt-Modular-Basketball-Court-Surface-Installation.jpg","datePublished":"2022-03-08T09:13:55+00:00","dateModified":"2026-01-13T08:00:41+00:00","description":"OnCourt ile i\u015f ortakl\u0131\u011f\u0131 kurun. Basketbol sahalar\u0131nda uzman bir tedarik\u00e7iyle \u00e7al\u0131\u015f\u0131n. Tasar\u0131m ara\u00e7lar\u0131, ticari fiyatland\u0131rma ve konut ile ticari projeler i\u00e7in destek.","breadcrumb":{"@id":"https:\/\/oncourt.online\/tr\/join-oncourt\/#breadcrumb"},"inLanguage":"tr","potentialAction":[{"@type":"ReadAction","target":["https:\/\/oncourt.online\/tr\/join-oncourt\/"]}]},{"@type":"ImageObject","inLanguage":"tr","@id":"https:\/\/oncourt.online\/tr\/join-oncourt\/#primaryimage","url":"https:\/\/oncourt.online\/wp-content\/uploads\/2022\/05\/OnCourt-Modular-Basketball-Court-Surface-Installation.jpg","contentUrl":"https:\/\/oncourt.online\/wp-content\/uploads\/2022\/05\/OnCourt-Modular-Basketball-Court-Surface-Installation.jpg","width":660,"height":400},{"@type":"BreadcrumbList","@id":"https:\/\/oncourt.online\/tr\/join-oncourt\/#breadcrumb","itemListElement":[{"@type":"ListItem","position":1,"name":"Home","item":"https:\/\/oncourt.online\/"},{"@type":"ListItem","position":2,"name":"Work With OnCourt"}]},{"@type":"WebSite","@id":"https:\/\/oncourt.online\/tr\/#website","url":"https:\/\/oncourt.online\/tr\/","name":"OnCourt Online","description":"Y\u00fcksek Performansl\u0131 Basketbol Sahalar\u0131","publisher":{"@id":"https:\/\/oncourt.online\/tr\/#organization"},"potentialAction":[{"@type":"SearchAction","target":{"@type":"EntryPoint","urlTemplate":"https:\/\/oncourt.online\/tr\/?s={search_term_string}"},"query-input":{"@type":"PropertyValueSpecification","valueRequired":true,"valueName":"search_term_string"}}],"inLanguage":"tr"},{"@type":"Organization","@id":"https:\/\/oncourt.online\/tr\/#organization","name":"OnCourt Online","url":"https:\/\/oncourt.online\/tr\/","logo":{"@type":"ImageObject","inLanguage":"tr","@id":"https:\/\/oncourt.online\/tr\/#\/schema\/logo\/image\/","url":"https:\/\/oncourt.online\/wp-content\/uploads\/2021\/12\/Logo_OnCourt_Black.svg","contentUrl":"https:\/\/oncourt.online\/wp-content\/uploads\/2021\/12\/Logo_OnCourt_Black.svg","width":"1024","height":"1024","caption":"OnCourt Online"},"image":{"@id":"https:\/\/oncourt.online\/tr\/#\/schema\/logo\/image\/"},"sameAs":["https:\/\/www.facebook.com\/oncourt.online\/"],"email":"info@oncourt.online"}]}},"_links":{"self":[{"href":"https:\/\/oncourt.online\/tr\/wp-json\/wp\/v2\/pages\/3706","targetHints":{"allow":["GET"]}}],"collection":[{"href":"https:\/\/oncourt.online\/tr\/wp-json\/wp\/v2\/pages"}],"about":[{"href":"https:\/\/oncourt.online\/tr\/wp-json\/wp\/v2\/types\/page"}],"author":[{"embeddable":true,"href":"https:\/\/oncourt.online\/tr\/wp-json\/wp\/v2\/users\/2"}],"replies":[{"embeddable":true,"href":"https:\/\/oncourt.online\/tr\/wp-json\/wp\/v2\/comments?post=3706"}],"version-history":[{"count":1,"href":"https:\/\/oncourt.online\/tr\/wp-json\/wp\/v2\/pages\/3706\/revisions"}],"predecessor-version":[{"id":17261,"href":"https:\/\/oncourt.online\/tr\/wp-json\/wp\/v2\/pages\/3706\/revisions\/17261"}],"wp:featuredmedia":[{"embeddable":true,"href":"https:\/\/oncourt.online\/tr\/wp-json\/wp\/v2\/media\/7048"}],"wp:attachment":[{"href":"https:\/\/oncourt.online\/tr\/wp-json\/wp\/v2\/media?parent=3706"}],"curies":[{"name":"wp","href":"https:\/\/api.w.org\/{rel}","templated":true}]}}