{"id":10,"date":"2022-06-07T21:39:16","date_gmt":"2022-06-07T21:39:16","guid":{"rendered":"https:\/\/oncourt.online\/?page_id=10"},"modified":"2026-01-08T02:56:26","modified_gmt":"2026-01-08T02:56:26","slug":"i%cc%87ade-i%cc%87adeleri%cc%87","status":"publish","type":"page","link":"https:\/\/oncourt.online\/tr\/refund-returns\/","title":{"rendered":"Para \u0130adesi ve \u0130ade Politikas\u0131"},"content":{"rendered":"<div class=\"gb-element-a4b81a66\"><div class=\"gb-container gb-container-16508648\"><div class=\"gb-inside-container\">\n\n<h1 class=\"gb-text\">Para \u0130adesi ve \u0130ade Politikas\u0131<\/h1>\n\n\n\n<p class=\"gb-headline gb-headline-a63af49e gb-headline-text\">T\u00fcm OnCourt m\u00fc\u015fterilerinin sat\u0131n al\u0131mlar\u0131ndan memnun olmas\u0131n\u0131 umuyoruz. Ancak zaman zaman, herhangi bir nedenle tamamen memnun kalmayabilirsiniz. Bu durumda sat\u0131n ald\u0131\u011f\u0131n\u0131z \u00fcr\u00fcnleri tam para iadesi, ma\u011faza kredisi veya de\u011fi\u015fim i\u00e7in bize iade edebilirsiniz.<\/p>\n\n\n\n<h2 class=\"gb-headline gb-headline-04e28294 gb-headline-text\">Genel Bak\u0131\u015f<\/h2>\n\n\n\n<p class=\"gb-headline gb-headline-5b665cdd gb-headline-text\">\u0130ade ve geri \u00f6deme politikam\u0131z 28 g\u00fcn s\u00fcrmektedir. \u00dcr\u00fcnleri teslim ald\u0131ktan sonraki 28 g\u00fcn i\u00e7inde iade etme niyetinizi bize e-posta yoluyla bildirmelisiniz. Sat\u0131n alma i\u015fleminizin \u00fczerinden 28 g\u00fcn ge\u00e7tiyse, size tam bir geri \u00f6deme veya de\u011fi\u015fim sunamay\u0131z.<\/p>\n\n\n\n<p class=\"gb-headline gb-headline-69f3bcdd gb-headline-text\">\u0130ade i\u00e7in uygun olabilmesi i\u00e7in, \u00fcr\u00fcn\u00fcn\u00fcz\u00fcn kullan\u0131lmam\u0131\u015f ve ald\u0131\u011f\u0131n\u0131z ayn\u0131 durumda olmas\u0131 gerekir. Ayr\u0131ca orijinal ambalaj\u0131nda olmal\u0131d\u0131r.<\/p>\n\n\n\n<p class=\"gb-headline gb-headline-23bde10c gb-headline-text\">\u00d6zel bask\u0131l\u0131 veya boyal\u0131 kort y\u00fczeyleri iadeden muaft\u0131r. <\/p>\n\n\n\n<p class=\"gb-headline gb-headline-1cc6618d gb-headline-text\">\u0130adenizi tamamlamak i\u00e7in bir makbuz veya sat\u0131n alma belgesine ihtiyac\u0131m\u0131z vard\u0131r.<\/p>\n\n\n\n<p class=\"gb-headline gb-headline-cae31263 gb-headline-text\">L\u00fctfen sat\u0131n ald\u0131\u011f\u0131n\u0131z \u00fcr\u00fcn\u00fc \u00fcreticiye geri g\u00f6ndermeyin.<\/p>\n\n\n\n<p class=\"gb-headline gb-headline-a9909ab1 gb-headline-text\">Sadece k\u0131smi geri \u00f6demelerin yap\u0131ld\u0131\u011f\u0131 belirli durumlar vard\u0131r:<\/p>\n\n\n\n<ul class=\"wp-block-list\">\n<li>Belirgin kullan\u0131m izleri olan \u00fcr\u00fcnler<\/li>\n\n\n\n<li>Orijinal durumunda olmayan, \u00fcretici veya montajc\u0131 hatas\u0131ndan kaynaklanmayan nedenlerle hasar g\u00f6rm\u00fc\u015f veya eksik par\u00e7alar\u0131 olan herhangi bir \u00fcr\u00fcn.<\/li>\n\n\n\n<li>Teslimattan sonra 28 g\u00fcnden fazla iade edilen t\u00fcm \u00fcr\u00fcnler<\/li>\n<\/ul>\n\n\n\n<h3 class=\"gb-headline gb-headline-b1c33d39 gb-headline-text\">Para \u0130adeleri<\/h3>\n\n\n\n<p class=\"gb-headline gb-headline-db2e4daa gb-headline-text\">\u0130adeniz al\u0131n\u0131p incelendikten sonra, iade \u00fcr\u00fcn\u00fcn\u00fcz\u00fc ald\u0131\u011f\u0131m\u0131z\u0131 bildirmek i\u00e7in size bir e-posta g\u00f6nderece\u011fiz. Ayr\u0131ca iadenizin onayland\u0131\u011f\u0131n\u0131 veya reddedildi\u011fini de size bildirece\u011fiz.<\/p>\n\n\n\n<p class=\"gb-headline gb-headline-211c62b8 gb-headline-text\">Talebiniz onaylan\u0131rsa, iadeniz i\u015fleme konacak ve 14 g\u00fcn i\u00e7inde kredi kart\u0131n\u0131za veya orijinal \u00f6deme y\u00f6nteminize otomatik olarak bir kredi uygulanacakt\u0131r.<\/p>\n\n\n\n<p class=\"gb-headline gb-headline-d56db316 gb-headline-text\"><b>Ge\u00e7 veya eksik geri \u00f6demeler<\/b><\/p>\n\n\n\n<p class=\"gb-headline gb-headline-948f340b gb-headline-text\">Hen\u00fcz bir geri \u00f6deme almad\u0131ysan\u0131z, \u00f6nce banka hesab\u0131n\u0131z\u0131 tekrar kontrol edin. Kredi kart\u0131 \u015firketinizle ileti\u015fime ge\u00e7in, iadenizin resmi olarak g\u00f6nderilmesi biraz zaman alabilir. Ard\u0131ndan bankan\u0131zla ileti\u015fime ge\u00e7in. Para iadesi g\u00f6nderilmeden \u00f6nce genellikle bir miktar i\u015flem s\u00fcresi vard\u0131r.<\/p>\n\n\n\n<p class=\"gb-text gb-text-3b0fbb5a\">T\u00fcm bunlar\u0131 yapt\u0131ysan\u0131z ve hala geri \u00f6demenizi almad\u0131ysan\u0131z, l\u00fctfen info@oncourt.online adresinden bizimle ileti\u015fime ge\u00e7in.<\/p>\n\n\n\n<h3 class=\"gb-headline gb-headline-b446ed2a gb-headline-text\">Hediyeler<\/h3>\n\n\n\n<p class=\"gb-headline gb-headline-9108d094 gb-headline-text\">\u00dcr\u00fcn sat\u0131n al\u0131nd\u0131\u011f\u0131nda hediye olarak i\u015faretlenmi\u015f ve do\u011frudan size g\u00f6nderilmi\u015fse, iadenizin de\u011feri kadar bir hediye kredisi alacaks\u0131n\u0131z. \u0130ade edilen \u00fcr\u00fcn teslim al\u0131nd\u0131\u011f\u0131nda, size bir hediye sertifikas\u0131 postalanacakt\u0131r.<\/p>\n\n\n\n<p class=\"gb-headline gb-headline-5d3cf727 gb-headline-text\">\u00dcr\u00fcn sat\u0131n al\u0131nd\u0131\u011f\u0131nda hediye olarak i\u015faretlenmemi\u015fse veya hediye veren ki\u015fi sipari\u015fi daha sonra size vermek \u00fczere kendisine g\u00f6ndermi\u015fse, hediye veren ki\u015fiye para iadesi g\u00f6nderece\u011fiz ve iade hakk\u0131nda bilgilendirilecek.<\/p>\n\n\n\n<h3 class=\"gb-headline gb-headline-ae81b763 gb-headline-text\">Nakliye ve \u0130adeler<\/h3>\n\n\n\n<p class=\"gb-headline gb-headline-fdc80127 gb-headline-text\">\u00dcr\u00fcn\u00fcn\u00fcz\u00fc iade etmek i\u00e7in \u00fcr\u00fcn\u00fcn\u00fcz\u00fc \u015fu adrese postalaman\u0131z gerekmektedir: <\/p>\n\n\n\n<p class=\"gb-headline gb-headline-7d98ac82 gb-headline-text translation-block\"><strong>Birle\u015fik Krall\u0131k ve \u0130rlanda\u2019dan sat\u0131n al\u0131nan \u00fcr\u00fcnler<\/strong>: Unit 11 Stonefield Park, Martins Lane, Chilbolton, Stockbridge SO20 6AL<\/p>\n\n\n\n<p class=\"gb-headline gb-headline-b68103aa gb-headline-text translation-block\"><strong>K\u0131ta Avrupas\u0131\u2019ndan sat\u0131n al\u0131nan \u00fcr\u00fcnler<\/strong>: OnCourt EU, Industriepark-West 43, 9100, Sint-Niklass, Belgium<\/p>\n\n\n\n<p class=\"gb-headline gb-headline-c4eac7e0 gb-headline-text\">\u00dcr\u00fcn\u00fcn\u00fcz\u00fc iade etmek i\u00e7in kendi nakliye masraflar\u0131n\u0131z\u0131 \u00f6demekten sorumlu olacaks\u0131n\u0131z. Nakliye masraflar\u0131 iade edilmez. Para iadesi al\u0131rsan\u0131z, iade kargo \u00fccreti para iadenizden d\u00fc\u015f\u00fclecektir.<\/p>\n\n\n\n<p>Ya\u015fad\u0131\u011f\u0131n\u0131z yere ba\u011fl\u0131 olarak, de\u011fi\u015ftirilen \u00fcr\u00fcn\u00fcn\u00fcz\u00fcn size ula\u015fma s\u00fcresi de\u011fi\u015febilir.<\/p>\n\n\n\n<p class=\"gb-text-874a6c8e\"><span class=\"gb-shape\"><svg xmlns=\"http:\/\/www.w3.org\/2000\/svg\" viewbox=\"0 0 256 256\" fill=\"currentColor\"><path d=\"M221.66,133.66l-72,72a8,8,0,0,1-11.32-11.32L196.69,136H40a8,8,0,0,1,0-16H196.69L138.34,61.66a8,8,0,0,1,11.32-11.32l72,72A8,8,0,0,1,221.66,133.66Z\"><\/path><\/svg><\/span><span class=\"gb-text\"><strong><em><a href=\"https:\/\/oncourt.online\/tr\/kargo-tesli%cc%87mati\/\">OnCourt kargo ve teslimat bilgileri<\/a><\/em><\/strong><\/span><\/p>\n\n\n\n<h3 class=\"gb-headline gb-headline-df42cdb6 gb-headline-text\">Yard\u0131ma m\u0131 ihtiyac\u0131n\u0131z var?<\/h3>\n\n\n\n<p class=\"translation-block\"><a href=\"https:\/\/oncourt.online\/tr\/iletisim\/\" target=\"_self\">Bizimle ileti\u015fime ge\u00e7in<\/a> \u2014 iade ve geri \u00f6demelerle ilgili sorular i\u00e7in info@oncourt.online<\/p>\n\n\n\n<p class=\"gb-text-41c0004e\"><span class=\"gb-shape\"><svg xmlns=\"http:\/\/www.w3.org\/2000\/svg\" viewbox=\"0 0 256 256\" fill=\"currentColor\"><path d=\"M221.66,133.66l-72,72a8,8,0,0,1-11.32-11.32L196.69,136H40a8,8,0,0,1,0-16H196.69L138.34,61.66a8,8,0,0,1,11.32-11.32l72,72A8,8,0,0,1,221.66,133.66Z\"><\/path><\/svg><\/span><span class=\"gb-text\">Sorular\u0131n\u0131z m\u0131 var? <strong><em><a href=\"https:\/\/oncourt.online\/tr\/basketball-court-faq\/\">OnCourt SSS sayfas\u0131n\u0131 ziyaret edin<\/a><\/em><\/strong><\/span><\/p>\n\n<\/div><\/div><\/div>","protected":false},"excerpt":{"rendered":"<p> ... <a title=\"Para \u0130adesi ve \u0130ade Politikas\u0131\" class=\"read-more\" href=\"https:\/\/oncourt.online\/tr\/refund-returns\/\" aria-label=\"Read more about Refund and Returns Policy\">Daha fazla bilgi<\/a><\/p>","protected":false},"author":2,"featured_media":6877,"parent":0,"menu_order":25,"comment_status":"closed","ping_status":"closed","template":"","meta":{"_acf_changed":false,"inline_featured_image":false,"footnotes":""},"class_list":{"0":"post-10","1":"page","2":"type-page","3":"status-publish","4":"has-post-thumbnail","6":"infinite-scroll-item","7":"no-featured-image-padding","8":"resize-featured-image"},"acf":[],"yoast_head":"<!-- This site is optimized with the Yoast SEO Premium plugin v26.8 (Yoast SEO v27.3) - https:\/\/yoast.com\/product\/yoast-seo-premium-wordpress\/ -->\n<title>Refund and Returns Policy - OnCourt Online<\/title>\n<meta name=\"description\" content=\"OnCourt Online refunds and returns policy. Cointact us with any questions you might have regarding refunds and returns.\" \/>\n<meta name=\"robots\" content=\"index, follow, max-snippet:-1, max-image-preview:large, max-video-preview:-1\" \/>\n<link rel=\"canonical\" href=\"https:\/\/oncourt.online\/tr\/i\u0307ade-i\u0307adeleri\u0307\/\" \/>\n<meta property=\"og:locale\" content=\"tr_TR\" \/>\n<meta property=\"og:type\" content=\"article\" \/>\n<meta property=\"og:title\" content=\"Refund and Returns Policy\" \/>\n<meta property=\"og:description\" content=\"OnCourt Online refunds and returns policy. Cointact us with any questions you might have regarding refunds and returns.\" \/>\n<meta property=\"og:url\" content=\"https:\/\/oncourt.online\/tr\/i\u0307ade-i\u0307adeleri\u0307\/\" \/>\n<meta property=\"og:site_name\" content=\"OnCourt Online\" \/>\n<meta property=\"article:publisher\" content=\"https:\/\/www.facebook.com\/oncourt.online\/\" \/>\n<meta property=\"article:modified_time\" content=\"2026-01-08T02:56:26+00:00\" \/>\n<meta property=\"og:image\" content=\"https:\/\/oncourt.online\/wp-content\/uploads\/2022\/05\/OnCourt-Shipping-and-Delivery-Header.jpg\" \/>\n\t<meta property=\"og:image:width\" content=\"1440\" \/>\n\t<meta property=\"og:image:height\" content=\"498\" \/>\n\t<meta property=\"og:image:type\" content=\"image\/jpeg\" \/>\n<meta name=\"twitter:card\" content=\"summary_large_image\" \/>\n<meta name=\"twitter:label1\" content=\"Tahmini okuma s\u00fcresi\" \/>\n\t<meta name=\"twitter:data1\" content=\"3 dakika\" \/>\n<!-- \/ Yoast SEO Premium plugin. -->","yoast_head_json":{"title":"\u0130ade ve Geri \u00d6deme Politikas\u0131 - OnCourt Online","description":"OnCourt Online iade ve geri \u00f6deme politikas\u0131. \u0130ade ve geri \u00f6demelerle ilgili sorular\u0131n\u0131z i\u00e7in bizimle ileti\u015fime ge\u00e7in.","robots":{"index":"index","follow":"follow","max-snippet":"max-snippet:-1","max-image-preview":"max-image-preview:large","max-video-preview":"max-video-preview:-1"},"canonical":"https:\/\/oncourt.online\/tr\/i\u0307ade-i\u0307adeleri\u0307\/","og_locale":"tr_TR","og_type":"article","og_title":"Refund and Returns Policy","og_description":"OnCourt Online refunds and returns policy. Cointact us with any questions you might have regarding refunds and returns.","og_url":"https:\/\/oncourt.online\/tr\/i\u0307ade-i\u0307adeleri\u0307\/","og_site_name":"OnCourt Online","article_publisher":"https:\/\/www.facebook.com\/oncourt.online\/","article_modified_time":"2026-01-08T02:56:26+00:00","og_image":[{"width":1440,"height":498,"url":"https:\/\/oncourt.online\/wp-content\/uploads\/2022\/05\/OnCourt-Shipping-and-Delivery-Header.jpg","type":"image\/jpeg"}],"twitter_card":"summary_large_image","twitter_misc":{"Tahmini okuma s\u00fcresi":"3 dakika"},"schema":{"@context":"https:\/\/schema.org","@graph":[{"@type":"WebPage","@id":"https:\/\/oncourt.online\/tr\/refund-returns\/","url":"https:\/\/oncourt.online\/tr\/refund-returns\/","name":"\u0130ade ve Geri \u00d6deme Politikas\u0131 - OnCourt Online","isPartOf":{"@id":"https:\/\/oncourt.online\/tr\/#website"},"primaryImageOfPage":{"@id":"https:\/\/oncourt.online\/tr\/refund-returns\/#primaryimage"},"image":{"@id":"https:\/\/oncourt.online\/tr\/refund-returns\/#primaryimage"},"thumbnailUrl":"https:\/\/oncourt.online\/wp-content\/uploads\/2022\/05\/OnCourt-Shipping-and-Delivery-Header.jpg","datePublished":"2022-06-07T21:39:16+00:00","dateModified":"2026-01-08T02:56:26+00:00","description":"OnCourt Online iade ve geri \u00f6deme politikas\u0131. \u0130ade ve geri \u00f6demelerle ilgili sorular\u0131n\u0131z i\u00e7in bizimle ileti\u015fime ge\u00e7in.","breadcrumb":{"@id":"https:\/\/oncourt.online\/tr\/refund-returns\/#breadcrumb"},"inLanguage":"tr","potentialAction":[{"@type":"ReadAction","target":["https:\/\/oncourt.online\/tr\/refund-returns\/"]}]},{"@type":"ImageObject","inLanguage":"tr","@id":"https:\/\/oncourt.online\/tr\/refund-returns\/#primaryimage","url":"https:\/\/oncourt.online\/wp-content\/uploads\/2022\/05\/OnCourt-Shipping-and-Delivery-Header.jpg","contentUrl":"https:\/\/oncourt.online\/wp-content\/uploads\/2022\/05\/OnCourt-Shipping-and-Delivery-Header.jpg","width":1440,"height":498,"caption":"Shipping & Delivery | OnCourt"},{"@type":"BreadcrumbList","@id":"https:\/\/oncourt.online\/tr\/refund-returns\/#breadcrumb","itemListElement":[{"@type":"ListItem","position":1,"name":"Home","item":"https:\/\/oncourt.online\/"},{"@type":"ListItem","position":2,"name":"Refund and Returns Policy"}]},{"@type":"WebSite","@id":"https:\/\/oncourt.online\/tr\/#website","url":"https:\/\/oncourt.online\/tr\/","name":"OnCourt Online","description":"Y\u00fcksek Performansl\u0131 Basketbol Sahalar\u0131","publisher":{"@id":"https:\/\/oncourt.online\/tr\/#organization"},"potentialAction":[{"@type":"SearchAction","target":{"@type":"EntryPoint","urlTemplate":"https:\/\/oncourt.online\/tr\/?s={search_term_string}"},"query-input":{"@type":"PropertyValueSpecification","valueRequired":true,"valueName":"search_term_string"}}],"inLanguage":"tr"},{"@type":"Organization","@id":"https:\/\/oncourt.online\/tr\/#organization","name":"OnCourt Online","url":"https:\/\/oncourt.online\/tr\/","logo":{"@type":"ImageObject","inLanguage":"tr","@id":"https:\/\/oncourt.online\/tr\/#\/schema\/logo\/image\/","url":"https:\/\/oncourt.online\/wp-content\/uploads\/2021\/12\/Logo_OnCourt_Black.svg","contentUrl":"https:\/\/oncourt.online\/wp-content\/uploads\/2021\/12\/Logo_OnCourt_Black.svg","width":"1024","height":"1024","caption":"OnCourt Online"},"image":{"@id":"https:\/\/oncourt.online\/tr\/#\/schema\/logo\/image\/"},"sameAs":["https:\/\/www.facebook.com\/oncourt.online\/"],"email":"info@oncourt.online"}]}},"_links":{"self":[{"href":"https:\/\/oncourt.online\/tr\/wp-json\/wp\/v2\/pages\/10","targetHints":{"allow":["GET"]}}],"collection":[{"href":"https:\/\/oncourt.online\/tr\/wp-json\/wp\/v2\/pages"}],"about":[{"href":"https:\/\/oncourt.online\/tr\/wp-json\/wp\/v2\/types\/page"}],"author":[{"embeddable":true,"href":"https:\/\/oncourt.online\/tr\/wp-json\/wp\/v2\/users\/2"}],"replies":[{"embeddable":true,"href":"https:\/\/oncourt.online\/tr\/wp-json\/wp\/v2\/comments?post=10"}],"version-history":[{"count":0,"href":"https:\/\/oncourt.online\/tr\/wp-json\/wp\/v2\/pages\/10\/revisions"}],"wp:featuredmedia":[{"embeddable":true,"href":"https:\/\/oncourt.online\/tr\/wp-json\/wp\/v2\/media\/6877"}],"wp:attachment":[{"href":"https:\/\/oncourt.online\/tr\/wp-json\/wp\/v2\/media?parent=10"}],"curies":[{"name":"wp","href":"https:\/\/api.w.org\/{rel}","templated":true}]}}