{"id":507,"date":"2021-11-19T09:16:33","date_gmt":"2021-11-19T09:16:33","guid":{"rendered":"https:\/\/oncourt.online\/?post_type=product&#038;p=507"},"modified":"2026-01-17T01:34:23","modified_gmt":"2026-01-17T01:34:23","slug":"spel-ljus","status":"publish","type":"product","link":"https:\/\/oncourt.online\/sv\/basketball-hoops\/game-light\/","title":{"rendered":"Game Light\u00ae"},"content":{"rendered":"","protected":false},"excerpt":{"rendered":"<div class=\"woocommerce-product-details__short-description\">\n<p data-start=\"331\" data-end=\"612\">Game Light\u00ae \u00e4r ett specialutvecklat LED-belysningssystem f\u00f6r basketplaner, utformat f\u00f6r att f\u00f6rl\u00e4nga spelet in p\u00e5 kv\u00e4llen. Systemet \u00e4r anpassat f\u00f6r utomhusbruk och kompatibelt med Mega Slam nedgjutna korgar, och ger kraftfull, fokuserad belysning utan att p\u00e5verka korgens stabilitet eller prestanda.<\/p>\n<\/div>","protected":false},"featured_media":357,"template":"","meta":{"_acf_changed":true,"inline_featured_image":false},"product_brand":[],"product_cat":[19,236],"product_tag":[],"class_list":{"0":"post-507","1":"product","2":"type-product","3":"status-publish","4":"has-post-thumbnail","6":"product_cat-basketball-hoops","7":"product_cat-accessories","8":"product_shipping_class-component-shipping","9":"infinite-scroll-item","10":"no-featured-image-padding","11":"resize-featured-image","12":"","13":"woocommerce-text-align-center","14":"woocommerce-image-align-center","15":"do-quantity-buttons","17":"first","18":"outofstock","19":"taxable","20":"shipping-taxable","21":"purchasable","22":"product-type-simple"},"bundled_by":["4941","4946","4990","136","370"],"bundle_stock_status":"outofstock","bundle_stock_quantity":null,"bundle_virtual":false,"bundle_layout":"","bundle_add_to_cart_form_location":"","bundle_editable_in_cart":false,"bundle_sold_individually_context":"","bundle_item_grouping":"","bundle_min_size":"","bundle_max_size":"","bundle_price":[],"bundled_items":[],"bundle_sell_ids":[],"acf":[],"yoast_head":"<!-- This site is optimized with the Yoast SEO Premium plugin v26.8 (Yoast SEO v27.3) - https:\/\/yoast.com\/product\/yoast-seo-premium-wordpress\/ -->\n<title>Game Light\u00ae from Mega Slam Hoops - Basketball Court Lighting | OnCourt<\/title>\n<meta name=\"description\" content=\"The Game Light\u00ae is the perfect solution to illuminate your home basketball court. The rock solid, powerful LED for your Mega Slam Hoop.\" \/>\n<meta name=\"robots\" content=\"index, follow, max-snippet:-1, max-image-preview:large, max-video-preview:-1\" \/>\n<link rel=\"canonical\" href=\"https:\/\/oncourt.online\/sv\/basket-hoops\/spel-ljus\/\" \/>\n<meta property=\"og:locale\" content=\"sv_SE\" \/>\n<meta property=\"og:type\" content=\"article\" \/>\n<meta property=\"og:title\" content=\"Game Light\u00ae\" \/>\n<meta property=\"og:description\" content=\"The Game Light\u00ae is the perfect solution to illuminate your home basketball court. The rock solid, powerful LED for your Mega Slam Hoop.\" \/>\n<meta property=\"og:url\" content=\"https:\/\/oncourt.online\/sv\/basket-hoops\/spel-ljus\/\" \/>\n<meta property=\"og:site_name\" content=\"OnCourt Online\" \/>\n<meta property=\"article:publisher\" content=\"https:\/\/www.facebook.com\/oncourt.online\/\" \/>\n<meta property=\"article:modified_time\" content=\"2026-01-17T01:34:23+00:00\" \/>\n<meta property=\"og:image\" content=\"https:\/\/oncourt.online\/wp-content\/uploads\/2021\/10\/MegaSlam-Basketball-Hoops-Game-Light.png\" \/>\n\t<meta property=\"og:image:width\" content=\"900\" \/>\n\t<meta property=\"og:image:height\" content=\"900\" \/>\n\t<meta property=\"og:image:type\" content=\"image\/png\" \/>\n<meta name=\"twitter:card\" content=\"summary_large_image\" \/>\n<meta name=\"twitter:label1\" content=\"Pris\" \/>\n\t<meta name=\"twitter:data1\" content=\"&euro;361\" \/>\n\t<meta name=\"twitter:label2\" content=\"Tillg\u00e4nglig\" \/>\n\t<meta name=\"twitter:data2\" content=\"Slut i lager\" \/>\n<meta property=\"product:price:amount\" content=\"361\" \/>\n<meta property=\"product:price:currency\" content=\"EUR\" \/>\n<meta property=\"og:availability\" content=\"out of stock\" \/>\n<meta property=\"product:availability\" content=\"out of stock\" \/>\n<meta property=\"product:retailer_item_id\" content=\"MSGL\" \/>\n<meta property=\"product:condition\" content=\"new\" \/>\n<!-- \/ Yoast SEO Premium plugin. -->","yoast_head_json":{"title":"Game Light\u00ae from Mega Slam Hoops - Basketball Court Lighting | OnCourt","description":"Game Light\u00ae \u00e4r den perfekta l\u00f6sningen f\u00f6r att belysa din basketplan hemma. En solid och kraftfull lysdiod f\u00f6r din Mega Slam Hoop.","robots":{"index":"index","follow":"follow","max-snippet":"max-snippet:-1","max-image-preview":"max-image-preview:large","max-video-preview":"max-video-preview:-1"},"canonical":"https:\/\/oncourt.online\/sv\/basket-hoops\/spel-ljus\/","og_locale":"sv_SE","og_type":"article","og_title":"Game Light\u00ae","og_description":"The Game Light\u00ae is the perfect solution to illuminate your home basketball court. The rock solid, powerful LED for your Mega Slam Hoop.","og_url":"https:\/\/oncourt.online\/sv\/basket-hoops\/spel-ljus\/","og_site_name":"OnCourt Online","article_publisher":"https:\/\/www.facebook.com\/oncourt.online\/","article_modified_time":"2026-01-17T01:34:23+00:00","og_image":[{"width":900,"height":900,"url":"https:\/\/oncourt.online\/wp-content\/uploads\/2021\/10\/MegaSlam-Basketball-Hoops-Game-Light.png","type":"image\/png"}],"twitter_card":"summary_large_image","twitter_misc":{"Pris":"&euro;361","Tillg\u00e4nglig":"Slut i lager"},"schema":{"@context":"https:\/\/schema.org","@graph":[{"@type":"WebPage","@id":"https:\/\/oncourt.online\/sv\/basketball-hoops\/game-light\/","url":"https:\/\/oncourt.online\/sv\/basketball-hoops\/game-light\/","name":"Game Light\u00ae from Mega Slam Hoops - Basketball Court Lighting | OnCourt","isPartOf":{"@id":"https:\/\/oncourt.online\/sv\/#website"},"primaryImageOfPage":{"@id":"https:\/\/oncourt.online\/sv\/basketball-hoops\/game-light\/#primaryimage"},"image":{"@id":"https:\/\/oncourt.online\/sv\/basketball-hoops\/game-light\/#primaryimage"},"thumbnailUrl":"https:\/\/oncourt.online\/wp-content\/uploads\/2021\/10\/MegaSlam-Basketball-Hoops-Game-Light.png","datePublished":"2021-11-19T09:16:33+00:00","dateModified":"2026-01-17T01:34:23+00:00","description":"Game Light\u00ae \u00e4r den perfekta l\u00f6sningen f\u00f6r att belysa din basketplan hemma. En solid och kraftfull lysdiod f\u00f6r din Mega Slam Hoop.","breadcrumb":{"@id":"https:\/\/oncourt.online\/sv\/basketball-hoops\/game-light\/#breadcrumb"},"inLanguage":"sv-SE","potentialAction":[{"@type":"ReadAction","target":["https:\/\/oncourt.online\/sv\/basketball-hoops\/game-light\/"]}]},{"@type":"ImageObject","inLanguage":"sv-SE","@id":"https:\/\/oncourt.online\/sv\/basketball-hoops\/game-light\/#primaryimage","url":"https:\/\/oncourt.online\/wp-content\/uploads\/2021\/10\/MegaSlam-Basketball-Hoops-Game-Light.png","contentUrl":"https:\/\/oncourt.online\/wp-content\/uploads\/2021\/10\/MegaSlam-Basketball-Hoops-Game-Light.png","width":900,"height":900,"caption":"MegaSlam Basketball Hoops - Game Light - Basketball Court Lighting"},{"@type":"BreadcrumbList","@id":"https:\/\/oncourt.online\/sv\/basketball-hoops\/game-light\/#breadcrumb","itemListElement":[{"@type":"ListItem","position":1,"name":"Home","item":"https:\/\/oncourt.online\/"},{"@type":"ListItem","position":2,"name":"Basketball Hoops","item":"https:\/\/oncourt.online\/sv\/basketball-hoops\/"},{"@type":"ListItem","position":3,"name":"Game Light\u00ae"}]},{"@type":"WebSite","@id":"https:\/\/oncourt.online\/sv\/#website","url":"https:\/\/oncourt.online\/sv\/","name":"OnCourt Online","description":"H\u00f6gpresterande basketplaner","publisher":{"@id":"https:\/\/oncourt.online\/sv\/#organization"},"potentialAction":[{"@type":"SearchAction","target":{"@type":"EntryPoint","urlTemplate":"https:\/\/oncourt.online\/sv\/?s={search_term_string}"},"query-input":{"@type":"PropertyValueSpecification","valueRequired":true,"valueName":"search_term_string"}}],"inLanguage":"sv-SE"},{"@type":"Organization","@id":"https:\/\/oncourt.online\/sv\/#organization","name":"OnCourt Online","url":"https:\/\/oncourt.online\/sv\/","logo":{"@type":"ImageObject","inLanguage":"sv-SE","@id":"https:\/\/oncourt.online\/sv\/#\/schema\/logo\/image\/","url":"https:\/\/oncourt.online\/wp-content\/uploads\/2021\/12\/Logo_OnCourt_Black.svg","contentUrl":"https:\/\/oncourt.online\/wp-content\/uploads\/2021\/12\/Logo_OnCourt_Black.svg","width":"1024","height":"1024","caption":"OnCourt Online"},"image":{"@id":"https:\/\/oncourt.online\/sv\/#\/schema\/logo\/image\/"},"sameAs":["https:\/\/www.facebook.com\/oncourt.online\/"],"email":"info@oncourt.online"}]},"product_price_amount":"361","product_price_currency":"EUR","og_availability":"out of stock","product_availability":"out of stock","product_retailer_item_id":"MSGL","product_condition":"new"},"_links":{"self":[{"href":"https:\/\/oncourt.online\/sv\/wp-json\/wp\/v2\/product\/507","targetHints":{"allow":["GET"]}}],"collection":[{"href":"https:\/\/oncourt.online\/sv\/wp-json\/wp\/v2\/product"}],"about":[{"href":"https:\/\/oncourt.online\/sv\/wp-json\/wp\/v2\/types\/product"}],"wp:featuredmedia":[{"embeddable":true,"href":"https:\/\/oncourt.online\/sv\/wp-json\/wp\/v2\/media\/357"}],"wp:attachment":[{"href":"https:\/\/oncourt.online\/sv\/wp-json\/wp\/v2\/media?parent=507"}],"wp:term":[{"taxonomy":"product_brand","embeddable":true,"href":"https:\/\/oncourt.online\/sv\/wp-json\/wp\/v2\/product_brand?post=507"},{"taxonomy":"product_cat","embeddable":true,"href":"https:\/\/oncourt.online\/sv\/wp-json\/wp\/v2\/product_cat?post=507"},{"taxonomy":"product_tag","embeddable":true,"href":"https:\/\/oncourt.online\/sv\/wp-json\/wp\/v2\/product_tag?post=507"}],"curies":[{"name":"wp","href":"https:\/\/api.w.org\/{rel}","templated":true}]}}