{"id":6797,"date":"2022-05-26T13:42:42","date_gmt":"2022-05-26T13:42:42","guid":{"rendered":"https:\/\/oncourt.online\/?page_id=6797"},"modified":"2026-01-09T02:04:24","modified_gmt":"2026-01-09T02:04:24","slug":"frakt-leverans","status":"publish","type":"page","link":"https:\/\/oncourt.online\/sv\/shipping-delivery\/","title":{"rendered":"Frakt och leverans"},"content":{"rendered":"<div class=\"gb-container gb-container-f34a8199\">\n<div class=\"gb-container gb-container-235943a7\">\n\n<h2 class=\"gb-headline gb-headline-88ee416e gb-headline-text\">OnCourt Onlines fraktpolicy<\/h2>\n\n\n\n<p class=\"gb-headline gb-headline-0924883b gb-headline-text not_last_text\">Frakt och leverans fr\u00e5n OnCourt beror p\u00e5 vilka produkter som v\u00e4ljs. Vid k\u00f6p av ett banpaket skickas korg och komponenter s\u00e5 snart som m\u00f6jligt f\u00f6r att kunna inkluderas i uppbyggnaden av underlaget. Banbel\u00e4ggningar tillverkas och skickas efter f\u00f6rberedelse, som f\u00f6r n\u00e4rvarande tar 10\u201312 veckor. <\/p>\n\n\n\n<p class=\"gb-text not_last_text\">Leveransens tillg\u00e4nglighet varierar beroende p\u00e5 land. Vi levererar endast till utvalda regioner som visas i kassan.<\/p>\n\n\n\n<p>Om ditt land inte \u00e4r listat och du planerar ett basketplansprojekt \u00e4r du v\u00e4lkommen att kontakta oss f\u00f6r att diskutera m\u00f6jligheterna. Tillg\u00e4nglighet bed\u00f6ms fr\u00e5n fall till fall. <\/p>\n\n\n\n<h3 class=\"gb-headline gb-headline-3e94b795 gb-headline-text\">Modul\u00e4ra sportytor levererade klara f\u00f6r Plug &amp; Play-installation<\/h3>\n\n\n\n<p class=\"gb-headline gb-headline-e71567d7 gb-headline-text not_last_text\">Planunderlag levereras i paket f\u00e4rdiga f\u00f6r enkel sj\u00e4lvinstallation. Varje plan levereras p\u00e5 pall med numrerade sektioner och en referenskarta (Hemleveranser sker till trottoarkanten).<\/p>\n\n\n\n<p class=\"translation-block\">Varje modul\u00e4r sportplan tillverkas p\u00e5 best\u00e4llning, <strong>med en produktionstid p\u00e5 cirka<\/strong> <strong>10\u201312 veckor<\/strong> fr\u00e5n bekr\u00e4ftad ordermottagning. Leveranstider varierar beroende p\u00e5 plats, och efter avs\u00e4ndning f\u00e5r du en uppdatering med ber\u00e4knat ankomstdatum och sp\u00e5rning (aktiv efter tullklarering i mottagarlandet). Alla avgifter \u00e4r f\u00f6rbetalda och leveranser sker enligt DDP (Delivered Duty Paid), utan dolda kostnader.<\/p>\n\n\n<div class=\"gb-container gb-container-cfce094b\">\n\n<h2 class=\"gb-text\">Produktutskick<\/h2>\n\n\n\n<p>Om inget annat anges, skickas alla best\u00e4llningar fr\u00e5n OnCourt med betrodda transportbolag. Produkterna skickas helt nya och i gott skick, enligt annons. Basketst\u00e4ll levereras via <strong>Leverans p\u00e5 trottoaren<\/strong>, vilket inneb\u00e4r att din best\u00e4llning levereras till trottoaren vid slutet av din uppfart. Observera att denna tj\u00e4nst <strong>inneh\u00e5ller inte installation, montering eller borttagning av f\u00f6rpackning<\/strong>.<\/p>\n\n\n\n<h3 class=\"gb-headline gb-headline-bce52be2 gb-headline-text\">Adress\u00e4ndringar efter avs\u00e4ndning<\/h3>\n\n\n\n<p>Om leveransadressen \u00e4ndras efter att f\u00f6rs\u00e4ndelsen har h\u00e4mtats av frakttransport\u00f6ren, betraktas detta som en omdirigering och extra avgifter tillkommer.<\/p>\n\n\n\n<h3 class=\"gb-headline gb-headline-ab76306c gb-headline-text\">Leveransplan<\/h3>\n\n\n\n<p class=\"translation-block\">Leveranser sker vanligtvis <strong>m\u00e5ndag till fredag, mellan 08:00 och 18:00<\/strong>. Tiderna kan variera beroende p\u00e5 din plats, f\u00f6rarens rutt och of\u00f6rutsedda faktorer som trafik eller v\u00e4derf\u00f6rh\u00e5llanden.<\/p>\n\n\n\n<h3 class=\"gb-headline gb-headline-d3e65b23 gb-headline-text\">Leveransfordon och tilltr\u00e4de<\/h3>\n\n\n\n<p class=\"gb-text not_last_text translation-block\">Detaljbest\u00e4llningar levereras med <strong>tunga godstransportfordon (t.ex. lastbil med sl\u00e4p)<\/strong> och inkluderar vanligtvis <strong>hydraulisk bakgavellyft<\/strong>. F\u00f6raren ansvarar f\u00f6r lossning av produkten och placering vid trottoarkanten. Om ytterligare leveranstj\u00e4nster utf\u00f6rs kan extra avgifter tillkomma.<\/p>\n\n\n\n<p class=\"translation-block\">V\u00e4nligen kontrollera leveranskvittot noggrant f\u00f6r att s\u00e4kerst\u00e4lla att <strong>inga ytterligare tj\u00e4nster<\/strong> har utf\u00f6rts. Om s\u00e5 \u00e4r fallet f\u00f6rbeh\u00e5ller sig OnCourt r\u00e4tten att <strong>vidarefakturera dessa kostnader<\/strong>.<\/p>\n\n\n\n<h3 class=\"wp-block-heading\" id=\"h-delivery-signature-amp-inspection\">Signatur och inspektion vid leverans<\/h3>\n\n\n\n<p class=\"gb-text not_last_text translation-block\">En <strong>signatur kr\u00e4vs<\/strong> vid leverans. F\u00f6rpackningen m\u00e5ste inspekteras <strong>innan underskrift<\/strong>. Vid behov kan du \u00f6ppna l\u00e5dan f\u00f6r att kontrollera inneh\u00e5llets skick, s\u00e4rskilt <strong>glasbackboards<\/strong>, som \u00e4r mer k\u00e4nsliga under transport.<\/p>\n\n\n\n<p>Om n\u00e5gon del av leveransen verkar vara skadad:<\/p>\n\n\n\n<ul class=\"wp-block-list\">\n<li><strong>V\u00e4gra inte leverans.<\/strong><\/li>\n\n\n\n<li>G\u00f6r tydliga anteckningar p\u00e5 leveranskvittot som beskriver problemet (t.ex., <em>\u201cBackbr\u00e4dan sprack vid leveranstillf\u00e4llet\u201d<\/em>).<\/li>\n\n\n\n<li>Ta klart <strong>foton av skadorna<\/strong>.<\/li>\n\n\n\n<li>Mejla det undertecknade kvittot och fotona till v\u00e5rt supportteam s\u00e5 skickar vi en <strong>reservdel<\/strong> omedelbart.<\/li>\n<\/ul>\n\n\n\n<p class=\"gb-text not_last_text\">Under tiden kan du forts\u00e4tta med alla installationssteg som inte p\u00e5verkas (t.ex. s\u00e4tta ut f\u00f6rankringar och l\u00e5ta betongen h\u00e4rda).<\/p>\n\n\n\n<p>En signatur kr\u00e4vs f\u00f6r alla leveranser. Mottagaren kommer att beh\u00f6va skriva under ett leveransintyg och leverans kommer inte att ske utan detta.<\/p>\n\n\n\n<h3 class=\"gb-headline gb-headline-7838bbbd gb-headline-text\">Viktiga anm\u00e4rkningar om leverans<\/h3>\n\n\n\n<ul class=\"wp-block-list\">\n<li>Alla varor l\u00e4mnar v\u00e5rt lager <strong>helt ny och oskadad<\/strong>.<\/li>\n\n\n\n<li>Om skadan inte rapporteras p\u00e5 mottagningskvittot, du <strong>befria transport\u00f6ren fr\u00e5n ansvar<\/strong> och kanske inte kan kr\u00e4va ers\u00e4ttning.<\/li>\n\n\n\n<li><strong>H\u00e4rdat glas<\/strong> spricker inte - den splittras. Om din backboard \u00e4r trasig kommer den att vara i <strong>m\u00e5nga sm\u00e5 bitar<\/strong>, inte sprucken.<\/li>\n<\/ul>\n\n\n\n<p>F\u00f6r ditt skydd, <strong>skriv \u201cMed f\u00f6rbeh\u00e5ll f\u00f6r inspektion\u201d bredvid din signatur<\/strong> n\u00e4r du signerar f\u00f6r leverans.<\/p>\n\n\n\n<h3 class=\"gb-headline gb-headline-dd213a82 gb-headline-text\">Leverans\u00e5tkomst<\/h3>\n\n\n\n<p>Om din plats inte kan n\u00e5s av ett stort leveransfordon (t.ex. smala v\u00e4gar, branta uppfarter, inh\u00e4gnade samh\u00e4llen) kan du beh\u00f6va g\u00f6ra det:<\/p>\n\n\n\n<ul class=\"wp-block-list\">\n<li>h\u00e4mta ut din best\u00e4llning fr\u00e5n en lokal terminal, eller<\/li>\n\n\n\n<li>Arrangera slutleverans genom en extern budfirma.<\/li>\n<\/ul>\n\n\n\n<h3 class=\"gb-headline gb-headline-f4f6c8ad gb-headline-text\">Ej levererbara best\u00e4llningar<\/h3>\n\n\n\n<p>Om en leverans returneras som <strong>Ej levererbar<\/strong> eller <strong>Nekad<\/strong>, a <strong>20% avgift f\u00f6r \u00e5terl\u00e4mning<\/strong> g\u00e4ller, och du ansvarar f\u00f6r eventuella ursprungliga fraktkostnader.<\/p>\n\n<\/div>\n\n\n<h3 class=\"gb-headline gb-headline-77bdb557 gb-headline-text\">Frakt och tull (best\u00e4llningar utanf\u00f6r EU)<\/h3>\n\n\n\n<p class=\"gb-headline gb-headline-f02c1b4c gb-headline-text\">F\u00f6r alla best\u00e4llningar som skickas <strong>utanf\u00f6r Europeiska unionen<\/strong>:<\/p>\n\n\n\n<ul class=\"wp-block-list\">\n<li>Priserna som visas vid kassan inkluderar inte lokala skatter, importtullar eller tullavgifter.<\/li>\n\n\n\n<li>Du \u00e4r den registrerade import\u00f6ren och \u00e4r ensam ansvarig f\u00f6r eventuella s\u00e5dana avgifter vid leverans.<\/li>\n\n\n\n<li>OnCourt samlar inte in eller betalar moms\/GST, importtullar eller tullavgifter f\u00f6r destinationer utanf\u00f6r EU.<\/li>\n\n\n\n<li>Om avgifter nekas eller inte betalas kan detta leda till f\u00f6rseningar, returnering eller \u00f6vergivande av f\u00f6rs\u00e4ndelsen. OnCourt ansvarar inte f\u00f6r eventuella kostnader eller f\u00f6rluster som uppst\u00e5r och \u00e5terbetalar inte frakt- eller produktavgifter i dessa fall.<\/li>\n<\/ul>\n\n\n\n<p>Genom att slutf\u00f6ra ditt k\u00f6p bekr\u00e4ftar och accepterar du dessa villkor.<\/p>\n\n<\/div>\n<\/div>\n\n<div class=\"gb-container gb-container-aedea16a\" id=\"megaslam-shipping\">\n<div class=\"gb-container gb-container-492b5ca3\">\n\n<h2 class=\"gb-headline gb-headline-65d8dcc4 gb-headline-text\">Smidig leverans av din Mega Slam Hoop <\/h2>\n\n\n\n<p class=\"gb-headline gb-headline-880344a0 gb-headline-text\">N\u00e4r du best\u00e4ller fr\u00e5n oncourt.online levererar vi din korg direkt till trottoaren \u2013 fr\u00e5n v\u00e5rt lager, fr\u00e5n lastbilen till dig. Anv\u00e4nd v\u00e5r femstegschecklista f\u00f6r en smidig leverans av din <a href=\"https:\/\/oncourt.online\/sv\/basket-hoops\/\"><em><strong>Mega Slam Hoop<\/strong><\/em><\/a>. <\/p>\n\n\n\n<figure class=\"wp-block-image size-full is-resized\"><img loading=\"lazy\" decoding=\"async\" width=\"600\" height=\"600\" src=\"https:\/\/oncourt.online\/wp-content\/uploads\/2021\/10\/Mega-Slam-Hoop-s-Order-Confirmation.png\" alt=\"Mega Slam Hoops - Best\u00e4llningsbekr\u00e4ftelse\" class=\"wp-image-422\" style=\"width:150px;height:auto\" srcset=\"https:\/\/oncourt.online\/wp-content\/uploads\/2021\/10\/Mega-Slam-Hoop-s-Order-Confirmation.png 600w, https:\/\/oncourt.online\/wp-content\/uploads\/2021\/10\/Mega-Slam-Hoop-s-Order-Confirmation-100x100.png 100w, https:\/\/oncourt.online\/wp-content\/uploads\/2021\/10\/Mega-Slam-Hoop-s-Order-Confirmation-545x545.png 545w\" sizes=\"auto, (max-width: 600px) 100vw, 600px\" \/><\/figure>\n\n\n\n<h4 class=\"gb-headline gb-headline-8536b972 gb-headline-text\">1. Bekr\u00e4fta din best\u00e4llning<\/h4>\n\n\n\n<p class=\"gb-headline gb-headline-9f1a5517 gb-headline-text\">Grattis till din nya korg! Leta nu efter ett mejl med dina orderdetaljer. <\/p>\n\n\n\n<figure class=\"wp-block-image size-full is-resized\"><img loading=\"lazy\" decoding=\"async\" width=\"600\" height=\"600\" src=\"https:\/\/oncourt.online\/wp-content\/uploads\/2021\/10\/Mega-Slam-Hoops-Arrange-Delivery.png\" alt=\"Mega Slam Hoops - ordna leverans\" class=\"wp-image-419\" style=\"width:150px;height:150px\" srcset=\"https:\/\/oncourt.online\/wp-content\/uploads\/2021\/10\/Mega-Slam-Hoops-Arrange-Delivery.png 600w, https:\/\/oncourt.online\/wp-content\/uploads\/2021\/10\/Mega-Slam-Hoops-Arrange-Delivery-100x100.png 100w, https:\/\/oncourt.online\/wp-content\/uploads\/2021\/10\/Mega-Slam-Hoops-Arrange-Delivery-545x545.png 545w\" sizes=\"auto, (max-width: 600px) 100vw, 600px\" \/><\/figure>\n\n\n\n<h4 class=\"gb-headline gb-headline-9bfe8bb5 gb-headline-text\">2. Avs\u00e4ndning och leverans <\/h4>\n\n\n\n<p class=\"gb-headline gb-headline-290fa9d6 gb-headline-text\">Du kommer att f\u00e5 en bekr\u00e4ftelse p\u00e5 att din best\u00e4llning har skickats, inklusive ber\u00e4knad leveranstid. <\/p>\n\n\n\n<figure class=\"wp-block-image size-full is-resized\"><img loading=\"lazy\" decoding=\"async\" width=\"600\" height=\"600\" src=\"https:\/\/oncourt.online\/wp-content\/uploads\/2021\/10\/Mega-Slam-Hoops-Curbside-Delivery.png\" alt=\"Mega Slam Hoops - Leverans vid sidan av gatan\" class=\"wp-image-420\" style=\"width:150px;height:150px\" srcset=\"https:\/\/oncourt.online\/wp-content\/uploads\/2021\/10\/Mega-Slam-Hoops-Curbside-Delivery.png 600w, https:\/\/oncourt.online\/wp-content\/uploads\/2021\/10\/Mega-Slam-Hoops-Curbside-Delivery-100x100.png 100w, https:\/\/oncourt.online\/wp-content\/uploads\/2021\/10\/Mega-Slam-Hoops-Curbside-Delivery-545x545.png 545w\" sizes=\"auto, (max-width: 600px) 100vw, 600px\" \/><\/figure>\n\n\n\n<h4 class=\"gb-headline gb-headline-111f7f0a gb-headline-text\">3. G\u00f6r plats f\u00f6r din korg<\/h4>\n\n\n\n<p class=\"gb-headline gb-headline-cdd4e7d1 gb-headline-text\">Mega Slam-basketkorgssystem \u00e4r stora (upp till 340 kg) och leveranspallen tar upp mycket plats vid leverans (Hemleveranser sker till trottoarkanten).<\/p>\n\n\n\n<figure class=\"wp-block-image size-full is-resized\"><img loading=\"lazy\" decoding=\"async\" width=\"600\" height=\"600\" src=\"https:\/\/oncourt.online\/wp-content\/uploads\/2021\/10\/Mega-Slam-Shipping-Boxes.png\" alt=\"Mega Slam-f\u00f6rs\u00e4ndelseboxar\" class=\"wp-image-421\" style=\"width:150px;height:150px\" srcset=\"https:\/\/oncourt.online\/wp-content\/uploads\/2021\/10\/Mega-Slam-Shipping-Boxes.png 600w, https:\/\/oncourt.online\/wp-content\/uploads\/2021\/10\/Mega-Slam-Shipping-Boxes-100x100.png 100w, https:\/\/oncourt.online\/wp-content\/uploads\/2021\/10\/Mega-Slam-Shipping-Boxes-545x545.png 545w\" sizes=\"auto, (max-width: 600px) 100vw, 600px\" \/><\/figure>\n\n\n\n<h4 class=\"gb-headline gb-headline-c4d17918 gb-headline-text\">4. Inspektera din leverans av korgen<\/h4>\n\n\n\n<p class=\"gb-headline gb-headline-b333a103 gb-headline-text\">Beroende p\u00e5 storleken p\u00e5 din best\u00e4llning, kontrollera att r\u00e4tt antal l\u00e5dor \u00e4r fastsurrade p\u00e5 varje pall (varje system levereras p\u00e5 en pall med tydligt numrerade l\u00e5dor). Det g\u00f6r inget om n\u00e5gra l\u00e5dor \u00e4r buckliga eller slitna \u2014 v\u00e5ra system \u00e4r robusta och klarar mindre skador utan problem. <\/p>\n\n\n\n<figure class=\"wp-block-image size-full is-resized\"><img loading=\"lazy\" decoding=\"async\" width=\"600\" height=\"600\" src=\"https:\/\/oncourt.online\/wp-content\/uploads\/2021\/10\/Mega-Slam-Hoops-Signed-Delivery.png\" alt=\"Mega Slam Hoops - signerad leverans\" class=\"wp-image-417\" style=\"width:150px;height:150px\" srcset=\"https:\/\/oncourt.online\/wp-content\/uploads\/2021\/10\/Mega-Slam-Hoops-Signed-Delivery.png 600w, https:\/\/oncourt.online\/wp-content\/uploads\/2021\/10\/Mega-Slam-Hoops-Signed-Delivery-100x100.png 100w, https:\/\/oncourt.online\/wp-content\/uploads\/2021\/10\/Mega-Slam-Hoops-Signed-Delivery-545x545.png 545w\" sizes=\"auto, (max-width: 600px) 100vw, 600px\" \/><\/figure>\n\n\n\n<h4 class=\"gb-headline gb-headline-f3ff4626 gb-headline-text\">5. Skriv under f\u00f6r att ta emot leveransen<\/h4>\n\n\n\n<p class=\"gb-headline gb-headline-0e5ad3a7 gb-headline-text\">Din leveransspecialist kommer nu att be om en signatur f\u00f6r att l\u00e4mna \u00f6ver ditt basketsystem. Om det finns synliga skador p\u00e5 kartongerna (eller systemet), dokumentera dem p\u00e5 leveranssedeln och ta foton innan du skriver p\u00e5.<br>Om n\u00e5gra varor har skadats, acceptera leveransen och kontakta oss omedelbart. Bifoga foton i mejlet s\u00e5 p\u00e5skyndar vi leveransen av reservdelar. <\/p>\n\n\n\n<figure class=\"wp-block-image size-full is-resized\"><img loading=\"lazy\" decoding=\"async\" width=\"750\" height=\"750\" src=\"https:\/\/oncourt.online\/wp-content\/uploads\/2021\/10\/MegaDlam-Installation-Dig-and-Pour.png\" alt=\"\" class=\"wp-image-319\" style=\"width:188px;height:188px\" srcset=\"https:\/\/oncourt.online\/wp-content\/uploads\/2021\/10\/MegaDlam-Installation-Dig-and-Pour.png 750w, https:\/\/oncourt.online\/wp-content\/uploads\/2021\/10\/MegaDlam-Installation-Dig-and-Pour-100x100.png 100w, https:\/\/oncourt.online\/wp-content\/uploads\/2021\/10\/MegaDlam-Installation-Dig-and-Pour-545x545.png 545w\" sizes=\"auto, (max-width: 750px) 100vw, 750px\" \/><\/figure>\n\n\n\n<h3 class=\"gb-headline gb-headline-a22b1bbf gb-headline-text\">Installation<\/h3>\n\n\n\n<p class=\"gb-headline gb-headline-507bcc99 gb-headline-text\">N\u00e4r din korg har levererats \u00e4r det dags att<a href=\"https:\/\/oncourt.online\/sv\/guider\/installation\/installationsguide-basketkorg\/\"> <em><strong>installera din Mega Slam Hoop<\/strong><\/em><\/a>.<\/p>\n\n<\/div>\n<\/div>","protected":false},"excerpt":{"rendered":"<p> &#8230; <a title=\"Frakt och leverans\" class=\"read-more\" href=\"https:\/\/oncourt.online\/sv\/shipping-delivery\/\" aria-label=\"L\u00e4s mer om Shipping And Delivery\">L\u00e4s mer<\/a><\/p>","protected":false},"author":2,"featured_media":6877,"parent":0,"menu_order":24,"comment_status":"closed","ping_status":"closed","template":"","meta":{"_acf_changed":false,"inline_featured_image":false,"footnotes":""},"class_list":{"0":"post-6797","1":"page","2":"type-page","3":"status-publish","4":"has-post-thumbnail","6":"infinite-scroll-item","7":"no-featured-image-padding","8":"resize-featured-image"},"acf":[],"yoast_head":"<!-- This site is optimized with the Yoast SEO Premium plugin v26.8 (Yoast SEO v27.3) - https:\/\/yoast.com\/product\/yoast-seo-premium-wordpress\/ -->\n<title>Shipping &amp; Delivery Information | OnCourt<\/title>\n<meta name=\"description\" content=\"Shipping and delivery information, including delivery methods, access planning, handling advice, and important notes for OnCourt orders.\" \/>\n<meta name=\"robots\" content=\"index, follow, max-snippet:-1, max-image-preview:large, max-video-preview:-1\" \/>\n<link rel=\"canonical\" href=\"https:\/\/oncourt.online\/sv\/frakt-leverans\/\" \/>\n<meta property=\"og:locale\" content=\"sv_SE\" \/>\n<meta property=\"og:type\" content=\"article\" \/>\n<meta property=\"og:title\" content=\"Shipping And Delivery\" \/>\n<meta property=\"og:description\" content=\"Shipping and delivery information, including delivery methods, access planning, handling advice, and important notes for OnCourt orders.\" \/>\n<meta property=\"og:url\" content=\"https:\/\/oncourt.online\/sv\/frakt-leverans\/\" \/>\n<meta property=\"og:site_name\" content=\"OnCourt Online\" \/>\n<meta property=\"article:publisher\" content=\"https:\/\/www.facebook.com\/oncourt.online\/\" \/>\n<meta property=\"article:modified_time\" content=\"2026-01-09T02:04:24+00:00\" \/>\n<meta property=\"og:image\" content=\"https:\/\/oncourt.online\/wp-content\/uploads\/2022\/05\/OnCourt-Shipping-and-Delivery-Header.jpg\" \/>\n\t<meta property=\"og:image:width\" content=\"1440\" \/>\n\t<meta property=\"og:image:height\" content=\"498\" \/>\n\t<meta property=\"og:image:type\" content=\"image\/jpeg\" \/>\n<meta name=\"twitter:card\" content=\"summary_large_image\" \/>\n<meta name=\"twitter:label1\" content=\"Ber\u00e4knad l\u00e4stid\" \/>\n\t<meta name=\"twitter:data1\" content=\"6 minuter\" \/>\n<!-- \/ Yoast SEO Premium plugin. -->","yoast_head_json":{"title":"Frakt- och Leveransinformation | OnCourt","description":"Information om frakt och leverans, inklusive leveransmetoder, planering av tilltr\u00e4de, hanteringsr\u00e5d och viktiga anm\u00e4rkningar f\u00f6r OnCourt-best\u00e4llningar.","robots":{"index":"index","follow":"follow","max-snippet":"max-snippet:-1","max-image-preview":"max-image-preview:large","max-video-preview":"max-video-preview:-1"},"canonical":"https:\/\/oncourt.online\/sv\/frakt-leverans\/","og_locale":"sv_SE","og_type":"article","og_title":"Shipping And Delivery","og_description":"Shipping and delivery information, including delivery methods, access planning, handling advice, and important notes for OnCourt orders.","og_url":"https:\/\/oncourt.online\/sv\/frakt-leverans\/","og_site_name":"OnCourt Online","article_publisher":"https:\/\/www.facebook.com\/oncourt.online\/","article_modified_time":"2026-01-09T02:04:24+00:00","og_image":[{"width":1440,"height":498,"url":"https:\/\/oncourt.online\/wp-content\/uploads\/2022\/05\/OnCourt-Shipping-and-Delivery-Header.jpg","type":"image\/jpeg"}],"twitter_card":"summary_large_image","twitter_misc":{"Ber\u00e4knad l\u00e4stid":"6 minuter"},"schema":{"@context":"https:\/\/schema.org","@graph":[{"@type":"WebPage","@id":"https:\/\/oncourt.online\/sv\/shipping-delivery\/","url":"https:\/\/oncourt.online\/sv\/shipping-delivery\/","name":"Frakt- och Leveransinformation | OnCourt","isPartOf":{"@id":"https:\/\/oncourt.online\/sv\/#website"},"primaryImageOfPage":{"@id":"https:\/\/oncourt.online\/sv\/shipping-delivery\/#primaryimage"},"image":{"@id":"https:\/\/oncourt.online\/sv\/shipping-delivery\/#primaryimage"},"thumbnailUrl":"https:\/\/oncourt.online\/wp-content\/uploads\/2022\/05\/OnCourt-Shipping-and-Delivery-Header.jpg","datePublished":"2022-05-26T13:42:42+00:00","dateModified":"2026-01-09T02:04:24+00:00","description":"Information om frakt och leverans, inklusive leveransmetoder, planering av tilltr\u00e4de, hanteringsr\u00e5d och viktiga anm\u00e4rkningar f\u00f6r OnCourt-best\u00e4llningar.","breadcrumb":{"@id":"https:\/\/oncourt.online\/sv\/shipping-delivery\/#breadcrumb"},"inLanguage":"sv-SE","potentialAction":[{"@type":"ReadAction","target":["https:\/\/oncourt.online\/sv\/shipping-delivery\/"]}]},{"@type":"ImageObject","inLanguage":"sv-SE","@id":"https:\/\/oncourt.online\/sv\/shipping-delivery\/#primaryimage","url":"https:\/\/oncourt.online\/wp-content\/uploads\/2022\/05\/OnCourt-Shipping-and-Delivery-Header.jpg","contentUrl":"https:\/\/oncourt.online\/wp-content\/uploads\/2022\/05\/OnCourt-Shipping-and-Delivery-Header.jpg","width":1440,"height":498,"caption":"Shipping & Delivery | OnCourt"},{"@type":"BreadcrumbList","@id":"https:\/\/oncourt.online\/sv\/shipping-delivery\/#breadcrumb","itemListElement":[{"@type":"ListItem","position":1,"name":"Home","item":"https:\/\/oncourt.online\/"},{"@type":"ListItem","position":2,"name":"Shipping And Delivery"}]},{"@type":"WebSite","@id":"https:\/\/oncourt.online\/sv\/#website","url":"https:\/\/oncourt.online\/sv\/","name":"OnCourt Online","description":"H\u00f6gpresterande basketplaner","publisher":{"@id":"https:\/\/oncourt.online\/sv\/#organization"},"potentialAction":[{"@type":"SearchAction","target":{"@type":"EntryPoint","urlTemplate":"https:\/\/oncourt.online\/sv\/?s={search_term_string}"},"query-input":{"@type":"PropertyValueSpecification","valueRequired":true,"valueName":"search_term_string"}}],"inLanguage":"sv-SE"},{"@type":"Organization","@id":"https:\/\/oncourt.online\/sv\/#organization","name":"OnCourt Online","url":"https:\/\/oncourt.online\/sv\/","logo":{"@type":"ImageObject","inLanguage":"sv-SE","@id":"https:\/\/oncourt.online\/sv\/#\/schema\/logo\/image\/","url":"https:\/\/oncourt.online\/wp-content\/uploads\/2021\/12\/Logo_OnCourt_Black.svg","contentUrl":"https:\/\/oncourt.online\/wp-content\/uploads\/2021\/12\/Logo_OnCourt_Black.svg","width":"1024","height":"1024","caption":"OnCourt Online"},"image":{"@id":"https:\/\/oncourt.online\/sv\/#\/schema\/logo\/image\/"},"sameAs":["https:\/\/www.facebook.com\/oncourt.online\/"],"email":"info@oncourt.online"}]}},"_links":{"self":[{"href":"https:\/\/oncourt.online\/sv\/wp-json\/wp\/v2\/pages\/6797","targetHints":{"allow":["GET"]}}],"collection":[{"href":"https:\/\/oncourt.online\/sv\/wp-json\/wp\/v2\/pages"}],"about":[{"href":"https:\/\/oncourt.online\/sv\/wp-json\/wp\/v2\/types\/page"}],"author":[{"embeddable":true,"href":"https:\/\/oncourt.online\/sv\/wp-json\/wp\/v2\/users\/2"}],"replies":[{"embeddable":true,"href":"https:\/\/oncourt.online\/sv\/wp-json\/wp\/v2\/comments?post=6797"}],"version-history":[{"count":0,"href":"https:\/\/oncourt.online\/sv\/wp-json\/wp\/v2\/pages\/6797\/revisions"}],"wp:featuredmedia":[{"embeddable":true,"href":"https:\/\/oncourt.online\/sv\/wp-json\/wp\/v2\/media\/6877"}],"wp:attachment":[{"href":"https:\/\/oncourt.online\/sv\/wp-json\/wp\/v2\/media?parent=6797"}],"curies":[{"name":"wp","href":"https:\/\/api.w.org\/{rel}","templated":true}]}}