{"id":4371,"date":"2022-03-19T19:47:29","date_gmt":"2022-03-19T19:47:29","guid":{"rendered":"https:\/\/oncourt.online\/?page_id=4371"},"modified":"2026-01-15T07:45:48","modified_gmt":"2026-01-15T07:45:48","slug":"kommersiella-idrottsdomstolar","status":"publish","type":"page","link":"https:\/\/oncourt.online\/sv\/commercial-sports-courts\/","title":{"rendered":"Kommersiella idrottsbanor"},"content":{"rendered":"<div class=\"gb-element-780bd825\">\n<div class=\"gb-element-d4160509\">\n<h2 class=\"gb-headline gb-headline-e76b444c gb-headline-text\">Konstruerad f\u00f6r prestanda. Designad f\u00f6r att inspirera.<\/h2>\n\n\n\n<p class=\"gb-headline gb-headline-3c72361b gb-headline-text\">Fr\u00e5n skolor och fritidsg\u00e5rdar till professionella tr\u00e4ningsanl\u00e4ggningar - OnCourt levererar kommersiella l\u00f6sningar f\u00f6r sportplaner som h\u00f6jer alla niv\u00e5er av spel. V\u00e5ra modul\u00e4ra ytsystem, i kombination med exakta, l\u00e4ttanv\u00e4nda designverktyg och enkla installationsprocesser, skapar dynamiska, s\u00e4kra och visuellt sl\u00e5ende planer som \u00e4r skr\u00e4ddarsydda f\u00f6r ditt utrymme och din sport.<\/p>\n\n\n\n<img loading=\"lazy\" decoding=\"async\" width=\"1600\" height=\"637\" class=\"gb-media-cd14b663\" src=\"https:\/\/oncourt.online\/wp-content\/uploads\/2025\/03\/Elastic-Pro-II-Orange-Wind-Grey-e1743146712707.png\" alt=\"\" srcset=\"https:\/\/oncourt.online\/wp-content\/uploads\/2025\/03\/Elastic-Pro-II-Orange-Wind-Grey-e1743146712707.png 1600w, https:\/\/oncourt.online\/wp-content\/uploads\/2025\/03\/Elastic-Pro-II-Orange-Wind-Grey-e1743146712707-300x119.png 300w, https:\/\/oncourt.online\/wp-content\/uploads\/2025\/03\/Elastic-Pro-II-Orange-Wind-Grey-e1743146712707-1024x408.png 1024w, https:\/\/oncourt.online\/wp-content\/uploads\/2025\/03\/Elastic-Pro-II-Orange-Wind-Grey-e1743146712707-768x306.png 768w, https:\/\/oncourt.online\/wp-content\/uploads\/2025\/03\/Elastic-Pro-II-Orange-Wind-Grey-e1743146712707-1536x612.png 1536w, https:\/\/oncourt.online\/wp-content\/uploads\/2025\/03\/Elastic-Pro-II-Orange-Wind-Grey-e1743146712707-18x7.png 18w, https:\/\/oncourt.online\/wp-content\/uploads\/2025\/03\/Elastic-Pro-II-Orange-Wind-Grey-e1743146712707-545x217.png 545w\" sizes=\"auto, (max-width: 1600px) 100vw, 1600px\" \/>\n\n\n\n<div class=\"gb-element-0d9ffc85\">\n<div class=\"gb-element-21a1af0d\">\n<div>\n<figure class=\"gb-block-image gb-block-image-6adfd5ca\"><img loading=\"lazy\" decoding=\"async\" width=\"300\" height=\"169\" class=\"gb-image gb-image-6adfd5ca\" src=\"https:\/\/oncourt.online\/wp-content\/uploads\/2021\/10\/NIKE.png\" alt=\"Nike\"\/><\/figure>\n<\/div>\n\n\n\n<div>\n<figure class=\"gb-block-image gb-block-image-f8558887\"><img loading=\"lazy\" decoding=\"async\" width=\"300\" height=\"169\" class=\"gb-image gb-image-f8558887\" src=\"https:\/\/oncourt.online\/wp-content\/uploads\/2021\/10\/England-Football.png\" alt=\"England Fotboll\"\/><\/figure>\n<\/div>\n\n\n\n<div>\n<figure class=\"gb-block-image gb-block-image-32bd7dfd\"><img loading=\"lazy\" decoding=\"async\" width=\"300\" height=\"169\" class=\"gb-image gb-image-32bd7dfd\" src=\"https:\/\/oncourt.online\/wp-content\/uploads\/2021\/10\/Red-Bull.png\" alt=\"Red Bull\"\/><\/figure>\n<\/div>\n\n\n\n<div>\n<figure class=\"gb-block-image gb-block-image-199d062a\"><img loading=\"lazy\" decoding=\"async\" width=\"300\" height=\"169\" class=\"gb-image gb-image-199d062a\" src=\"https:\/\/oncourt.online\/wp-content\/uploads\/2021\/10\/Canary-Wharf-Group.png\" alt=\"Canary Wharf Group PLC\"\/><\/figure>\n<\/div>\n\n\n\n<div>\n<figure class=\"gb-block-image gb-block-image-b9d71ee3\"><img loading=\"lazy\" decoding=\"async\" width=\"300\" height=\"169\" class=\"gb-image gb-image-b9d71ee3\" src=\"https:\/\/oncourt.online\/wp-content\/uploads\/2021\/10\/BBC.png\" alt=\"BBC\"\/><\/figure>\n<\/div>\n<\/div>\n<\/div>\n\n\n\n<img loading=\"lazy\" decoding=\"async\" width=\"1024\" height=\"683\" class=\"gb-media-6f830086\" src=\"https:\/\/oncourt.online\/wp-content\/uploads\/2025\/03\/Modular-Sports-Flooring-Tiles-Multi-Futsal-Court.jpg\" alt=\"\" srcset=\"https:\/\/oncourt.online\/wp-content\/uploads\/2025\/03\/Modular-Sports-Flooring-Tiles-Multi-Futsal-Court.jpg 1024w, https:\/\/oncourt.online\/wp-content\/uploads\/2025\/03\/Modular-Sports-Flooring-Tiles-Multi-Futsal-Court-300x200.jpg 300w, https:\/\/oncourt.online\/wp-content\/uploads\/2025\/03\/Modular-Sports-Flooring-Tiles-Multi-Futsal-Court-768x512.jpg 768w, https:\/\/oncourt.online\/wp-content\/uploads\/2025\/03\/Modular-Sports-Flooring-Tiles-Multi-Futsal-Court-18x12.jpg 18w, https:\/\/oncourt.online\/wp-content\/uploads\/2025\/03\/Modular-Sports-Flooring-Tiles-Multi-Futsal-Court-545x364.jpg 545w\" sizes=\"auto, (max-width: 1024px) 100vw, 1024px\" \/>\n\n\n\n<h3 class=\"gb-text gb-text-c407e67e\">Varf\u00f6r v\u00e4lja OnCourt f\u00f6r ditt kommersiella projekt?<\/h3>\n\n\n\n<p>Varje yta \u00e4r optimerad f\u00f6r grepp, bollrespons och spelarkomfort - med anpassade markeringar f\u00f6r en- eller flersportskonfigurationer.<\/p>\n\n\n\n<p class=\"gb-headline gb-headline-c24d9ecc\"><span class=\"gb-icon\"><svg aria-hidden=\"true\" role=\"img\" height=\"1em\" width=\"1em\" viewbox=\"0 0 512 512\" xmlns=\"http:\/\/www.w3.org\/2000\/svg\"><path fill=\"currentColor\" d=\"M173.898 439.404l-166.4-166.4c-9.997-9.997-9.997-26.206 0-36.204l36.203-36.204c9.997-9.998 26.207-9.998 36.204 0L192 312.69 432.095 72.596c9.997-9.997 26.207-9.997 36.204 0l36.203 36.204c9.997 9.997 9.997 26.206 0 36.204l-294.4 294.401c-9.998 9.997-26.207 9.997-36.204-.001z\"><\/path><\/svg><\/span><span class=\"gb-headline-text\"><strong>Betrodda av globala sportpartners<\/strong><\/span><\/p>\n\n\n\n<p>Domstolar utformade f\u00f6r att t\u00e5la intensiv daglig aktivitet<\/p>\n\n\n\n<p class=\"gb-headline gb-headline-1b3f1043\"><span class=\"gb-icon\"><svg aria-hidden=\"true\" role=\"img\" height=\"1em\" width=\"1em\" viewbox=\"0 0 512 512\" xmlns=\"http:\/\/www.w3.org\/2000\/svg\"><path fill=\"currentColor\" d=\"M173.898 439.404l-166.4-166.4c-9.997-9.997-9.997-26.206 0-36.204l36.203-36.204c9.997-9.998 26.207-9.998 36.204 0L192 312.69 432.095 72.596c9.997-9.997 26.207-9.997 36.204 0l36.203 36.204c9.997 9.997 9.997 26.206 0 36.204l-294.4 294.401c-9.998 9.997-26.207 9.997-36.204-.001z\"><\/path><\/svg><\/span><span class=\"gb-headline-text\"><strong>Skr\u00e4ddarsydd f\u00f6r din sport och ditt utrymme<\/strong><\/span><\/p>\n\n\n\n<p>Fr\u00e5n FIBA-specifika basketplaner till kompakta bakg\u00e5rdsplaner<\/p>\n\n\n\n<p class=\"gb-headline gb-headline-73c6545c\"><span class=\"gb-icon\"><svg aria-hidden=\"true\" role=\"img\" height=\"1em\" width=\"1em\" viewbox=\"0 0 512 512\" xmlns=\"http:\/\/www.w3.org\/2000\/svg\"><path fill=\"currentColor\" d=\"M173.898 439.404l-166.4-166.4c-9.997-9.997-9.997-26.206 0-36.204l36.203-36.204c9.997-9.998 26.207-9.998 36.204 0L192 312.69 432.095 72.596c9.997-9.997 26.207-9.997 36.204 0l36.203 36.204c9.997 9.997 9.997 26.206 0 36.204l-294.4 294.401c-9.998 9.997-26.207 9.997-36.204-.001z\"><\/path><\/svg><\/span><span class=\"gb-headline-text\"><strong>Byggd f\u00f6r tung anv\u00e4ndning<\/strong><\/span><\/p>\n\n\n\n<p class=\"gb-text gb-text-26736fee\">V\u00e5ra kommersiella domstolar \u00e4r utformade f\u00f6r att t\u00e5la intensiv daglig aktivitet.<\/p>\n\n\n\n<figure class=\"gb-block-image gb-block-image-2232266c\"><img loading=\"lazy\" decoding=\"async\" width=\"900\" height=\"388\" class=\"gb-image gb-image-2232266c\" src=\"https:\/\/oncourt.online\/wp-content\/uploads\/2021\/12\/Gareth-Southgate-Holding-Court-OnCourt-e1743140059659.jpg\" alt=\"Gareth-Southgate-Holding-Court-OnCourt\" title=\"Gareth-Southgate-Holding-Court-OnCourt\" srcset=\"https:\/\/oncourt.online\/wp-content\/uploads\/2021\/12\/Gareth-Southgate-Holding-Court-OnCourt-e1743140059659.jpg 900w, https:\/\/oncourt.online\/wp-content\/uploads\/2021\/12\/Gareth-Southgate-Holding-Court-OnCourt-e1743140059659-545x235.jpg 545w, https:\/\/oncourt.online\/wp-content\/uploads\/2021\/12\/Gareth-Southgate-Holding-Court-OnCourt-e1743140059659-300x129.jpg 300w, https:\/\/oncourt.online\/wp-content\/uploads\/2021\/12\/Gareth-Southgate-Holding-Court-OnCourt-e1743140059659-768x331.jpg 768w, https:\/\/oncourt.online\/wp-content\/uploads\/2021\/12\/Gareth-Southgate-Holding-Court-OnCourt-e1743140059659-18x8.jpg 18w\" sizes=\"auto, (max-width: 900px) 100vw, 900px\" \/>\n<figcaption class=\"gb-headline gb-headline-15834826 gb-headline-text\">Gareth Southgate p\u00e5 banan med OnCourt<\/figcaption>\n<\/figure>\n\n\n\n<h2 class=\"gb-text gb-text-5bd1118f\">Spelplaner f\u00f6r elitidrottsevenemang<\/h2>\n\n\n\n<p class=\"gb-text gb-text-ac544a07\">OnCourt samarbetar med ledande varum\u00e4rken, lag och byr\u00e5er f\u00f6r att skapa engagerande idrottsplatser d\u00e4r idrottare med alla f\u00f6rm\u00e5gor kan spela s\u00e4kert och med stil. Vi har samarbetat med stora varum\u00e4rken som Nike, Red Bull och BBC f\u00f6r att tillhandah\u00e5lla spelplaner f\u00f6r marknadsf\u00f6ring av upplevelser, sportinneh\u00e5ll, live-evenemang och studioproduktioner.<\/p>\n\n\n\n<figure class=\"wp-block-embed is-type-video is-provider-vimeo wp-block-embed-vimeo wp-embed-aspect-16-9 wp-has-aspect-ratio\"><div class=\"wp-block-embed__wrapper\">\n<iframe loading=\"lazy\" title=\"Rice vs Mount OnCourt\" src=\"https:\/\/player.vimeo.com\/video\/681584804?dnt=1&amp;app_id=122963\" width=\"1200\" height=\"674\" frameborder=\"0\" allow=\"autoplay; fullscreen; picture-in-picture; clipboard-write; encrypted-media; web-share\" referrerpolicy=\"strict-origin-when-cross-origin\"><\/iframe>\n<\/div><\/figure>\n\n\n\n<h3 class=\"gb-text gb-text-5179374d\">Tempor\u00e4r sportmarknadsf\u00f6ring Upplevelser och varum\u00e4rkesaktivering<\/h3>\n\n\n\n<p class=\"gb-headline gb-headline-52c8dae5 gb-headline-text\">OnCourt-installationer kan mobiliseras p\u00e5 sportscener f\u00f6r turneringar, varum\u00e4rkesaktivering och varum\u00e4rkesupplevelser. Unik grafik och varum\u00e4rke kan appliceras p\u00e5 OnCourt-bel\u00e4ggningen f\u00f6r att matcha ditt varum\u00e4rke. Moderna visuella displayer vid domstolarna ger sammanhang och dramatik.&nbsp;<\/p>\n\n\n\n<h3 class=\"gb-headline gb-headline-d36d7959 gb-headline-text\">Sporth\u00e4ndelser i direkts\u00e4ndning<\/h3>\n\n\n\n<p class=\"gb-text gb-text-3cdfd431\">OnCourt-processerna s\u00e4tter idrottarna f\u00f6rst, med fokus p\u00e5 att ge b\u00e4sta m\u00f6jliga idrottsupplevelse. Vi samarbetar med en rad ambassad\u00f6rer f\u00f6r elitidrottare som kan hj\u00e4lpa till att se till att idrotten st\u00e5r i centrum f\u00f6r ditt evenemang. OnCourt-installationer \u00e4r perfekta f\u00f6r sportevenemang med ytor och komponenter som \u00e4r utformade f\u00f6r den professionella sportens p\u00e5frestningar. <\/p>\n\n\n\n<figure class=\"gb-block-image gb-block-image-628b7970\"><img loading=\"lazy\" decoding=\"async\" width=\"1439\" height=\"809\" class=\"gb-image gb-image-628b7970\" src=\"https:\/\/oncourt.online\/wp-content\/uploads\/2021\/10\/Coach-Maitland-OnCourt-at-Canary-Wharf-e1642179558735.jpg\" srcset=\"https:\/\/oncourt.online\/wp-content\/uploads\/2021\/10\/Coach-Maitland-OnCourt-at-Canary-Wharf-e1642179558735.jpg 1439w, https:\/\/oncourt.online\/wp-content\/uploads\/2021\/10\/Coach-Maitland-OnCourt-at-Canary-Wharf-e1642179558735-545x306.jpg 545w\" sizes=\"auto, (max-width: 1439px) 100vw, 1439px\" \/>\n<figcaption class=\"gb-headline gb-headline-4a7798e9 gb-headline-text\">Coach Maitland p\u00e5 basketplanen i Canary Wharf<\/figcaption>\n<\/figure>\n\n\n\n<h3 class=\"gb-text gb-text-312e5d83\">OnCourt varum\u00e4rkespartnerskap<\/h3>\n\n\n\n<p class=\"gb-text gb-text-1bc34855\"> OnCourts evenemangstj\u00e4nster omfattar virtuella 3D-tillg\u00e5ngar som hj\u00e4lper till att visualisera projekt f\u00f6r intressenter. OnCourts designteam kan hj\u00e4lpa till med koncept och kreativ r\u00e5dgivning vid behov. Eventinstallationsspecialister arbetar med designers f\u00f6r att f\u00f6rvandla exakta virtuella modeller till fantastiska verkliga domstolar.<\/p>\n\n\n\n<figure class=\"wp-block-embed is-type-video is-provider-youtube wp-block-embed-youtube wp-embed-aspect-16-9 wp-has-aspect-ratio\"><div class=\"wp-block-embed__wrapper\">\n<iframe loading=\"lazy\" title=\"Yinka Iloris 3D-utskrivna basketplan\" width=\"1200\" height=\"675\" src=\"https:\/\/www.youtube.com\/embed\/aKzksQoVM4A?feature=oembed&#038;enablejsapi=1&#038;origin=https:\/\/oncourt.online\" frameborder=\"0\" allow=\"accelerometer; autoplay; clipboard-write; encrypted-media; gyroscope; picture-in-picture; web-share\" referrerpolicy=\"strict-origin-when-cross-origin\" allowfullscreen><\/iframe>\n<\/div><\/figure>\n\n\n\n<p class=\"gb-text gb-text-466db296\">Yinka Iloris 3D-printade basketplan - <a href=\"https:\/\/www.youtube.com\/user\/monoclemagazine\">Monocle-filmer<\/a><\/p>\n<\/div>\n<\/div>","protected":false},"excerpt":{"rendered":"<p> &#8230; <a title=\"Kommersiella idrottsbanor\" class=\"read-more\" href=\"https:\/\/oncourt.online\/sv\/commercial-sports-courts\/\" aria-label=\"L\u00e4s mer om Commercial Sports Courts\">L\u00e4s mer<\/a><\/p>","protected":false},"author":2,"featured_media":0,"parent":0,"menu_order":9,"comment_status":"closed","ping_status":"closed","template":"","meta":{"_acf_changed":false,"inline_featured_image":false,"footnotes":""},"class_list":{"0":"post-4371","1":"page","2":"type-page","3":"status-publish","5":"infinite-scroll-item","6":"no-featured-image-padding"},"acf":[],"yoast_head":"<!-- This site is optimized with the Yoast SEO Premium plugin v26.8 (Yoast SEO v27.3) - https:\/\/yoast.com\/product\/yoast-seo-premium-wordpress\/ -->\n<title>Commercial Sports Courts - OnCourt Online<\/title>\n<meta name=\"description\" content=\"OnCourt work with leading brands, teams and agencies to create engaging sporting spaces for athletes of all ages and abilities.\" \/>\n<meta name=\"robots\" content=\"index, follow, max-snippet:-1, max-image-preview:large, max-video-preview:-1\" \/>\n<link rel=\"canonical\" href=\"https:\/\/oncourt.online\/sv\/kommersiella-idrottsdomstolar\/\" \/>\n<meta property=\"og:locale\" content=\"sv_SE\" \/>\n<meta property=\"og:type\" content=\"article\" \/>\n<meta property=\"og:title\" content=\"Commercial Sports Courts\" \/>\n<meta property=\"og:description\" content=\"OnCourt work with leading brands, teams and agencies to create engaging sporting spaces for athletes of all ages and abilities.\" \/>\n<meta property=\"og:url\" content=\"https:\/\/oncourt.online\/sv\/kommersiella-idrottsdomstolar\/\" \/>\n<meta property=\"og:site_name\" content=\"OnCourt Online\" \/>\n<meta property=\"article:publisher\" content=\"https:\/\/www.facebook.com\/oncourt.online\/\" \/>\n<meta property=\"article:modified_time\" content=\"2026-01-15T07:45:48+00:00\" \/>\n<meta property=\"og:image\" content=\"https:\/\/oncourt.online\/wp-content\/uploads\/2025\/03\/Elastic-Pro-II-Orange-Wind-Grey-e1743146712707.png\" \/>\n<meta name=\"twitter:card\" content=\"summary_large_image\" \/>\n<meta name=\"twitter:label1\" content=\"Ber\u00e4knad l\u00e4stid\" \/>\n\t<meta name=\"twitter:data1\" content=\"4 minuter\" \/>\n<!-- \/ Yoast SEO Premium plugin. -->","yoast_head_json":{"title":"Kommersiella idrottsbanor - OnCourt Online","description":"OnCourt samarbetar med ledande varum\u00e4rken, lag och byr\u00e5er f\u00f6r att skapa engagerande idrottsytor f\u00f6r idrottare i alla \u00e5ldrar och med alla f\u00f6rm\u00e5gor.","robots":{"index":"index","follow":"follow","max-snippet":"max-snippet:-1","max-image-preview":"max-image-preview:large","max-video-preview":"max-video-preview:-1"},"canonical":"https:\/\/oncourt.online\/sv\/kommersiella-idrottsdomstolar\/","og_locale":"sv_SE","og_type":"article","og_title":"Commercial Sports Courts","og_description":"OnCourt work with leading brands, teams and agencies to create engaging sporting spaces for athletes of all ages and abilities.","og_url":"https:\/\/oncourt.online\/sv\/kommersiella-idrottsdomstolar\/","og_site_name":"OnCourt Online","article_publisher":"https:\/\/www.facebook.com\/oncourt.online\/","article_modified_time":"2026-01-15T07:45:48+00:00","og_image":[{"url":"https:\/\/oncourt.online\/wp-content\/uploads\/2025\/03\/Elastic-Pro-II-Orange-Wind-Grey-e1743146712707.png","type":"","width":"","height":""}],"twitter_card":"summary_large_image","twitter_misc":{"Ber\u00e4knad l\u00e4stid":"4 minuter"},"schema":{"@context":"https:\/\/schema.org","@graph":[{"@type":"WebPage","@id":"https:\/\/oncourt.online\/sv\/commercial-sports-courts\/","url":"https:\/\/oncourt.online\/sv\/commercial-sports-courts\/","name":"Kommersiella idrottsbanor - OnCourt Online","isPartOf":{"@id":"https:\/\/oncourt.online\/sv\/#website"},"primaryImageOfPage":{"@id":"https:\/\/oncourt.online\/sv\/commercial-sports-courts\/#primaryimage"},"image":{"@id":"https:\/\/oncourt.online\/sv\/commercial-sports-courts\/#primaryimage"},"thumbnailUrl":"https:\/\/oncourt.online\/wp-content\/uploads\/2025\/03\/Elastic-Pro-II-Orange-Wind-Grey-e1743146712707.png","datePublished":"2022-03-19T19:47:29+00:00","dateModified":"2026-01-15T07:45:48+00:00","description":"OnCourt samarbetar med ledande varum\u00e4rken, lag och byr\u00e5er f\u00f6r att skapa engagerande idrottsytor f\u00f6r idrottare i alla \u00e5ldrar och med alla f\u00f6rm\u00e5gor.","breadcrumb":{"@id":"https:\/\/oncourt.online\/sv\/commercial-sports-courts\/#breadcrumb"},"inLanguage":"sv-SE","potentialAction":[{"@type":"ReadAction","target":["https:\/\/oncourt.online\/sv\/commercial-sports-courts\/"]}]},{"@type":"ImageObject","inLanguage":"sv-SE","@id":"https:\/\/oncourt.online\/sv\/commercial-sports-courts\/#primaryimage","url":"https:\/\/oncourt.online\/wp-content\/uploads\/2025\/03\/Elastic-Pro-II-Orange-Wind-Grey-e1743146712707.png","contentUrl":"https:\/\/oncourt.online\/wp-content\/uploads\/2025\/03\/Elastic-Pro-II-Orange-Wind-Grey-e1743146712707.png"},{"@type":"BreadcrumbList","@id":"https:\/\/oncourt.online\/sv\/commercial-sports-courts\/#breadcrumb","itemListElement":[{"@type":"ListItem","position":1,"name":"Home","item":"https:\/\/oncourt.online\/"},{"@type":"ListItem","position":2,"name":"Commercial Sports Courts"}]},{"@type":"WebSite","@id":"https:\/\/oncourt.online\/sv\/#website","url":"https:\/\/oncourt.online\/sv\/","name":"OnCourt Online","description":"H\u00f6gpresterande basketplaner","publisher":{"@id":"https:\/\/oncourt.online\/sv\/#organization"},"potentialAction":[{"@type":"SearchAction","target":{"@type":"EntryPoint","urlTemplate":"https:\/\/oncourt.online\/sv\/?s={search_term_string}"},"query-input":{"@type":"PropertyValueSpecification","valueRequired":true,"valueName":"search_term_string"}}],"inLanguage":"sv-SE"},{"@type":"Organization","@id":"https:\/\/oncourt.online\/sv\/#organization","name":"OnCourt Online","url":"https:\/\/oncourt.online\/sv\/","logo":{"@type":"ImageObject","inLanguage":"sv-SE","@id":"https:\/\/oncourt.online\/sv\/#\/schema\/logo\/image\/","url":"https:\/\/oncourt.online\/wp-content\/uploads\/2021\/12\/Logo_OnCourt_Black.svg","contentUrl":"https:\/\/oncourt.online\/wp-content\/uploads\/2021\/12\/Logo_OnCourt_Black.svg","width":"1024","height":"1024","caption":"OnCourt Online"},"image":{"@id":"https:\/\/oncourt.online\/sv\/#\/schema\/logo\/image\/"},"sameAs":["https:\/\/www.facebook.com\/oncourt.online\/"],"email":"info@oncourt.online"}]}},"_links":{"self":[{"href":"https:\/\/oncourt.online\/sv\/wp-json\/wp\/v2\/pages\/4371","targetHints":{"allow":["GET"]}}],"collection":[{"href":"https:\/\/oncourt.online\/sv\/wp-json\/wp\/v2\/pages"}],"about":[{"href":"https:\/\/oncourt.online\/sv\/wp-json\/wp\/v2\/types\/page"}],"author":[{"embeddable":true,"href":"https:\/\/oncourt.online\/sv\/wp-json\/wp\/v2\/users\/2"}],"replies":[{"embeddable":true,"href":"https:\/\/oncourt.online\/sv\/wp-json\/wp\/v2\/comments?post=4371"}],"version-history":[{"count":1,"href":"https:\/\/oncourt.online\/sv\/wp-json\/wp\/v2\/pages\/4371\/revisions"}],"predecessor-version":[{"id":17380,"href":"https:\/\/oncourt.online\/sv\/wp-json\/wp\/v2\/pages\/4371\/revisions\/17380"}],"wp:attachment":[{"href":"https:\/\/oncourt.online\/sv\/wp-json\/wp\/v2\/media?parent=4371"}],"curies":[{"name":"wp","href":"https:\/\/api.w.org\/{rel}","templated":true}]}}