{"id":428,"date":"2021-10-22T11:43:33","date_gmt":"2021-10-22T11:43:33","guid":{"rendered":"https:\/\/oncourt.online\/?page_id=428"},"modified":"2026-01-03T03:34:58","modified_gmt":"2026-01-03T03:34:58","slug":"livstidsgaranti","status":"publish","type":"page","link":"https:\/\/oncourt.online\/sv\/basketball-hoops\/lifetime-warranty\/","title":{"rendered":"Livstidsgaranti"},"content":{"rendered":"<div class=\"gb-element-118ef599\">\n<div class=\"gb-element-d7eed537\">\n<h2 class=\"gb-headline gb-headline-96ad026f gb-headline-text\">Bra f\u00f6r en livstid av Dunks, Slams och Jams<\/h2>\n\n\n\n<p class=\"gb-headline gb-headline-78623ab6 gb-headline-text\">Mega Slam Hoops och OnCourt str\u00e4var efter att tillhandah\u00e5lla de b\u00e4sta basketkorgarna f\u00f6r hemmabruk som finns att k\u00f6pa f\u00f6r pengarna. Mega Slam-produkterna \u00e4r konstruerade f\u00f6r att h\u00e5lla en livstid. Det \u00e4r d\u00e4rf\u00f6r logiskt att garantin g\u00e4ller lika l\u00e4nge.<br>Dessa l\u00f6ften hittar du inte hos andra tillverkare av b\u00e5gar. Faktum \u00e4r att vi st\u00e5r bakom Mega Slam Hoops basketbollssystem och garanterar bra prestanda f\u00f6r ett livsl\u00e5ngt spelande, till och med ner till muttrar och bultar.<\/p>\n\n\n\n<p class=\"gb-headline gb-headline-c6f59d0a gb-headline-text\"><br><strong>BASKET SYSTEM BEGR\u00c4NSAD LIVSTIDSGARANTI<\/strong><br>Den begr\u00e4nsade livstidsgarantin omfattar endast den ursprungliga konsumenten som k\u00f6per Mega Slam Hoops (\"produkten\") och vars strukturella komponenter garanteras vara fria fr\u00e5n material- och tillverkningsfel, med f\u00f6rbeh\u00e5ll f\u00f6r de begr\u00e4nsningar som beskrivs nedan. \"Defekter\" definieras som brister som f\u00f6rs\u00e4mrar anv\u00e4ndningen av produkten.<\/p>\n\n\n\n<p>THE LIMITED LIFETIME WARRANTY COVERAGE IS EXTENDED ONLY TO THE ORIGINAL RETAIL PURCHASER AND TERMINATES IF THE ORIGINAL RETAIL PURCHASER OTHERWISE TRANSFERS OR SELLS THE PRODUCT. THIS WARRANTY IS VOID IF THE PRODUCT HAS BEEN DAMAGED BY IMPROPER SERVICE, NEGLIGENCE, ACCIDENT, UNREASONABLE USE, IMPROPER INSTALLATION, OR OTHER CAUSES NOT RESULTING FROM DEFECTS IN MATERIAL AND WORKMANSHIP. <\/p>\n\n\n\n<p>Subject to proper installation in accordance with the installation instructions; normal residential use for glass backboards; normal basketball related activities; and has been maintained in agreement with the instructions.<\/p>\n\n\n\n<p class=\"gb-headline gb-headline-1de06637 gb-headline-text\"><br><strong>GARANTIANSPR\u00c5K<\/strong><br>Proof of purchase by the original retail Consumer Purchaser is required for all warranty claims.<\/p>\n\n\n\n<p>Mega Sports UK Ltd reserves the right to examine physical evidence or photographs of the Product, or component parts, claimed to be defective, and to recover said Product, prior to authorising a warranty claim. If applicable, a \u201cReturn Merchandise Authorisation\u201d (RMA) number will be required prior to shipping damaged Product by original retail Consumer Purchaser with freight prepaid.<\/p>\n\n\n\n<p>In returning a Product or component part for repair or replacement under this warranty, the original Consumer Purchaser must prepay all shipping transportation, insurance and delivery costs, and the Product or component parts, must be delivered in either its original carton or a similar package affording an equal degree of protection.<\/p>\n\n\n\n<p>Mega Sports UK Ltd will not be responsible for any loss or damage incurred in connection with the return of this Product or component parts.<\/p>\n\n\n\n<p>Den begr\u00e4nsade livstidsgarantin t\u00e4cker inte f\u00f6ljande:<\/p>\n\n\n\n<p>Denna garanti g\u00e4ller inte f\u00f6r produkter som har utsatts f\u00f6r felaktig anv\u00e4ndning, missbruk, onormal anv\u00e4ndning, v\u00e5rdsl\u00f6shet, \u00e4ndring, olycka, felaktig installation, vandalism eller brand.<\/p>\n\n\n\n<p>F\u00e4rg, rostade delar, ytskador, blekning, missf\u00e4rgning eller sprickor som inte p\u00e5verkar produktens funktionalitet.<\/p>\n\n\n\n<p>Skador eller f\u00f6rs\u00e4mringar p\u00e5 grund av tid eller normalt slitage.<\/p>\n\n\n\n<p>Skador p\u00e5 grund av \"force majeure\" inkluderar, men \u00e4r inte begr\u00e4nsade till, \u00f6versv\u00e4mningar, tornados, hagel, blixtnedslag, sandstormar, vindstormar eller jordb\u00e4vningar.<\/p>\n\n\n\n<p>Skador p\u00e5 grund av \"milj\u00f6faktorer\" inkluderar, men \u00e4r inte begr\u00e4nsade till, s\u00e5dant som luftburet nedfall, kemikalier, havsstr\u00e5lning eller vindburet sand.<\/p>\n\n\n\n<p>Fraktkostnader i b\u00e5da riktningarna f\u00f6r garanterade eller utbytta produkter m\u00e5ste betalas i f\u00f6rv\u00e4g av den ursprungliga konsumenten i detaljhandeln.<\/p>\n\n\n\n<p>Serviceavgifter, arbetskostnader eller resekostnader fr\u00e5n \u00e5terf\u00f6rs\u00e4ljare. Alla arbetskostnader, resekostnader och andra avgifter som \u00e4r f\u00f6rknippade med installation, inspektion, service eller byte av produkten eller byte av komponenter ska ligga p\u00e5 den ursprungliga konsumentk\u00f6paren i detaljhandelns ansvar.<\/p>\n\n\n\n<p>DENNA GARANTI GES UTTRYCKLIGEN I ST\u00c4LLET F\u00d6R ALLA ANDRA GARANTIER, UTTRYCKLIGA ELLER UNDERF\u00d6RST\u00c5DDA, INKLUSIVE MEN INTE BEGR\u00c4NSAT TILL N\u00c5GON UNDERF\u00d6RST\u00c5DD GARANTI OM S\u00c4LJBARHET ELLER L\u00c4MPLIGHET F\u00d6R ETT VISST \u00c4NDAM\u00c5L, OCH ALLA ANDRA SKYLDIGHETER FR\u00c5N MEGA SPORTS UK LTD:S SIDA, F\u00d6RUTSATT DOCK ATT OM FRISKRIVNINGEN FR\u00c5N UNDERF\u00d6RST\u00c5DDA GARANTIER \u00c4R EFFEKTIV ENLIGT TILL\u00c4MPLIG LAG, SKA VARAKTIGHETEN AV ALLA UNDERF\u00d6RST\u00c5DDA GARANTIER SOM UPPST\u00c5R ENLIGT LAG BEGR\u00c4NSAS TILL ETT (1) \u00c5R FR\u00c5N INK\u00d6PSDATUMET ELLER TILL EN L\u00c4NGRE PERIOD SOM KAN KR\u00c4VAS ENLIGT TILL\u00c4MPLIG LAG.<\/p>\n\n\n\n<p>MEGA SPORTS UK LTD HEREBY DISCLAIMS ANY AND ALL LIABILITY FOR CONSEQUENTIAL AND INCIDENTAL DAMAGES ARISING OUT OF OR IN CONNECTION WITH ANY BREACH OF THIS WARRANTY OR ANY OTHER CLAIM WITH RESPECT TO THIS PRODUCT, INCLUDING BUT NOT LIMITED TO, CLAIMS OF NEGLIGENCE, STRICT LIABILITY IN TORT OR BREACH OF CONTRACT.<\/p>\n\n\n\n<p>SOME STATES DO NOT ALLOW (A) LIMITATIONS ON HOW LONG AN IMPLIED WARRANTY LASTS OR (B) THE EXCLUSION OR LIMITATION OF INCIDENTAL OR CONSEQUENTIAL DAMAGES, SO THE ABOVE LIMITATIONS OR EXCLUSIONS MAY NOT APPLY TO YOU. THIS WARRANTY GIVES YOU SPECIFIC LEGAL RIGHTS AND YOU MAY HAVE OTHER RIGHTS WHICH VARY FROM STATE TO STATE.<\/p>\n\n\n\n<p>FOR THE ORIGINAL RETAIL PURCHASER TO SUBMIT A WARRANTY CLAIM, CALL OR WRITE MEGA SLAM HOOPS UK.<\/p>\n\n\n\n<p>TELEFON<br>020 3920 7400<br><br>EMAIL<br>support@megaslamhoops.uk<br>POSTADRESS<br><br>Mega Slam Storbritannien<br>The Hollies, Station Road, Chilbolton<br>Stockbridge, Hampshire<br>Storbritannien, SO20 6AL<\/p>\n<\/div>\n<\/div>","protected":false},"excerpt":{"rendered":"<p> &#8230; <a title=\"Livstidsgaranti\" class=\"read-more\" href=\"https:\/\/oncourt.online\/sv\/basketball-hoops\/lifetime-warranty\/\" aria-label=\"L\u00e4s mer om Lifetime Warranty\">L\u00e4s mer<\/a><\/p>","protected":false},"author":2,"featured_media":362,"parent":34,"menu_order":0,"comment_status":"closed","ping_status":"closed","template":"","meta":{"_acf_changed":false,"inline_featured_image":false,"footnotes":""},"class_list":{"0":"post-428","1":"page","2":"type-page","3":"status-publish","4":"has-post-thumbnail","6":"infinite-scroll-item","7":"no-featured-image-padding","8":"resize-featured-image"},"acf":[],"yoast_head":"<!-- This site is optimized with the Yoast SEO Premium plugin v26.8 (Yoast SEO v27.3) - https:\/\/yoast.com\/product\/yoast-seo-premium-wordpress\/ -->\n<title>Lifetime Warranty - OnCourt Online<\/title>\n<meta name=\"description\" content=\"Mega Slam Hoops and OnCourt are committed to providing the best residential basketball systems that your money can buy.\" \/>\n<meta name=\"robots\" content=\"index, follow, max-snippet:-1, max-image-preview:large, max-video-preview:-1\" \/>\n<link rel=\"canonical\" href=\"https:\/\/oncourt.online\/sv\/basket-hoops\/livstidsgaranti\/\" \/>\n<meta property=\"og:locale\" content=\"sv_SE\" \/>\n<meta property=\"og:type\" content=\"article\" \/>\n<meta property=\"og:title\" content=\"Lifetime Warranty\" \/>\n<meta property=\"og:description\" content=\"Mega Slam Hoops and OnCourt are committed to providing the best residential basketball systems that your money can buy.\" \/>\n<meta property=\"og:url\" content=\"https:\/\/oncourt.online\/sv\/basket-hoops\/livstidsgaranti\/\" \/>\n<meta property=\"og:site_name\" content=\"OnCourt Online\" \/>\n<meta property=\"article:publisher\" content=\"https:\/\/www.facebook.com\/oncourt.online\/\" \/>\n<meta property=\"article:modified_time\" content=\"2026-01-03T03:34:58+00:00\" \/>\n<meta property=\"og:image\" content=\"https:\/\/oncourt.online\/wp-content\/uploads\/2021\/10\/Mega-Slam-Hoops-Lifetime-Warranty.png\" \/>\n\t<meta property=\"og:image:width\" content=\"300\" \/>\n\t<meta property=\"og:image:height\" content=\"300\" \/>\n\t<meta property=\"og:image:type\" content=\"image\/png\" \/>\n<meta name=\"twitter:card\" content=\"summary_large_image\" \/>\n<meta name=\"twitter:label1\" content=\"Ber\u00e4knad l\u00e4stid\" \/>\n\t<meta name=\"twitter:data1\" content=\"4 minuter\" \/>\n<!-- \/ Yoast SEO Premium plugin. -->","yoast_head_json":{"title":"Livstidsgaranti - OnCourt Online","description":"Mega Slam Hoops och OnCourt har \u00e5tagit sig att tillhandah\u00e5lla de b\u00e4sta basketbollsystemen f\u00f6r bost\u00e4der som du kan k\u00f6pa f\u00f6r pengar.","robots":{"index":"index","follow":"follow","max-snippet":"max-snippet:-1","max-image-preview":"max-image-preview:large","max-video-preview":"max-video-preview:-1"},"canonical":"https:\/\/oncourt.online\/sv\/basket-hoops\/livstidsgaranti\/","og_locale":"sv_SE","og_type":"article","og_title":"Lifetime Warranty","og_description":"Mega Slam Hoops and OnCourt are committed to providing the best residential basketball systems that your money can buy.","og_url":"https:\/\/oncourt.online\/sv\/basket-hoops\/livstidsgaranti\/","og_site_name":"OnCourt Online","article_publisher":"https:\/\/www.facebook.com\/oncourt.online\/","article_modified_time":"2026-01-03T03:34:58+00:00","og_image":[{"width":300,"height":300,"url":"https:\/\/oncourt.online\/wp-content\/uploads\/2021\/10\/Mega-Slam-Hoops-Lifetime-Warranty.png","type":"image\/png"}],"twitter_card":"summary_large_image","twitter_misc":{"Ber\u00e4knad l\u00e4stid":"4 minuter"},"schema":{"@context":"https:\/\/schema.org","@graph":[{"@type":"WebPage","@id":"https:\/\/oncourt.online\/sv\/basketball-hoops\/lifetime-warranty\/","url":"https:\/\/oncourt.online\/sv\/basketball-hoops\/lifetime-warranty\/","name":"Livstidsgaranti - OnCourt Online","isPartOf":{"@id":"https:\/\/oncourt.online\/sv\/#website"},"primaryImageOfPage":{"@id":"https:\/\/oncourt.online\/sv\/basketball-hoops\/lifetime-warranty\/#primaryimage"},"image":{"@id":"https:\/\/oncourt.online\/sv\/basketball-hoops\/lifetime-warranty\/#primaryimage"},"thumbnailUrl":"https:\/\/oncourt.online\/wp-content\/uploads\/2021\/10\/Mega-Slam-Hoops-Lifetime-Warranty.png","datePublished":"2021-10-22T11:43:33+00:00","dateModified":"2026-01-03T03:34:58+00:00","description":"Mega Slam Hoops och OnCourt har \u00e5tagit sig att tillhandah\u00e5lla de b\u00e4sta basketbollsystemen f\u00f6r bost\u00e4der som du kan k\u00f6pa f\u00f6r pengar.","breadcrumb":{"@id":"https:\/\/oncourt.online\/sv\/basketball-hoops\/lifetime-warranty\/#breadcrumb"},"inLanguage":"sv-SE","potentialAction":[{"@type":"ReadAction","target":["https:\/\/oncourt.online\/sv\/basketball-hoops\/lifetime-warranty\/"]}]},{"@type":"ImageObject","inLanguage":"sv-SE","@id":"https:\/\/oncourt.online\/sv\/basketball-hoops\/lifetime-warranty\/#primaryimage","url":"https:\/\/oncourt.online\/wp-content\/uploads\/2021\/10\/Mega-Slam-Hoops-Lifetime-Warranty.png","contentUrl":"https:\/\/oncourt.online\/wp-content\/uploads\/2021\/10\/Mega-Slam-Hoops-Lifetime-Warranty.png","width":300,"height":300,"caption":"Mega Slam Hoops - Lifetime Warranty"},{"@type":"BreadcrumbList","@id":"https:\/\/oncourt.online\/sv\/basketball-hoops\/lifetime-warranty\/#breadcrumb","itemListElement":[{"@type":"ListItem","position":1,"name":"Home","item":"https:\/\/oncourt.online\/"},{"@type":"ListItem","position":2,"name":"Basketball Hoops","item":"https:\/\/oncourt.online\/sv\/basketball-hoops\/"},{"@type":"ListItem","position":3,"name":"Lifetime Warranty"}]},{"@type":"WebSite","@id":"https:\/\/oncourt.online\/sv\/#website","url":"https:\/\/oncourt.online\/sv\/","name":"OnCourt Online","description":"H\u00f6gpresterande basketplaner","publisher":{"@id":"https:\/\/oncourt.online\/sv\/#organization"},"potentialAction":[{"@type":"SearchAction","target":{"@type":"EntryPoint","urlTemplate":"https:\/\/oncourt.online\/sv\/?s={search_term_string}"},"query-input":{"@type":"PropertyValueSpecification","valueRequired":true,"valueName":"search_term_string"}}],"inLanguage":"sv-SE"},{"@type":"Organization","@id":"https:\/\/oncourt.online\/sv\/#organization","name":"OnCourt Online","url":"https:\/\/oncourt.online\/sv\/","logo":{"@type":"ImageObject","inLanguage":"sv-SE","@id":"https:\/\/oncourt.online\/sv\/#\/schema\/logo\/image\/","url":"https:\/\/oncourt.online\/wp-content\/uploads\/2021\/12\/Logo_OnCourt_Black.svg","contentUrl":"https:\/\/oncourt.online\/wp-content\/uploads\/2021\/12\/Logo_OnCourt_Black.svg","width":"1024","height":"1024","caption":"OnCourt Online"},"image":{"@id":"https:\/\/oncourt.online\/sv\/#\/schema\/logo\/image\/"},"sameAs":["https:\/\/www.facebook.com\/oncourt.online\/"],"email":"info@oncourt.online"}]}},"_links":{"self":[{"href":"https:\/\/oncourt.online\/sv\/wp-json\/wp\/v2\/pages\/428","targetHints":{"allow":["GET"]}}],"collection":[{"href":"https:\/\/oncourt.online\/sv\/wp-json\/wp\/v2\/pages"}],"about":[{"href":"https:\/\/oncourt.online\/sv\/wp-json\/wp\/v2\/types\/page"}],"author":[{"embeddable":true,"href":"https:\/\/oncourt.online\/sv\/wp-json\/wp\/v2\/users\/2"}],"replies":[{"embeddable":true,"href":"https:\/\/oncourt.online\/sv\/wp-json\/wp\/v2\/comments?post=428"}],"version-history":[{"count":0,"href":"https:\/\/oncourt.online\/sv\/wp-json\/wp\/v2\/pages\/428\/revisions"}],"up":[{"embeddable":true,"href":"https:\/\/oncourt.online\/sv\/wp-json\/wp\/v2\/pages\/34"}],"wp:featuredmedia":[{"embeddable":true,"href":"https:\/\/oncourt.online\/sv\/wp-json\/wp\/v2\/media\/362"}],"wp:attachment":[{"href":"https:\/\/oncourt.online\/sv\/wp-json\/wp\/v2\/media?parent=428"}],"curies":[{"name":"wp","href":"https:\/\/api.w.org\/{rel}","templated":true}]}}