{"id":3706,"date":"2022-03-08T09:13:55","date_gmt":"2022-03-08T09:13:55","guid":{"rendered":"https:\/\/oncourt.online\/?page_id=3706"},"modified":"2026-01-13T08:00:41","modified_gmt":"2026-01-13T08:00:41","slug":"join-oncourt","status":"publish","type":"page","link":"https:\/\/oncourt.online\/sv\/join-oncourt\/","title":{"rendered":"Arbeta med OnCourt"},"content":{"rendered":"<div class=\"gb-container gb-container-c9c919f1\"><div class=\"gb-inside-container\">\n<div class=\"gb-container gb-container-cefabf47\"><div class=\"gb-inside-container\">\n\n<h2 class=\"gb-headline gb-headline-d23b44e5 gb-headline-text\">Samarbeta med en specialist p\u00e5 basketplaner<\/h2>\n\n\n\n<p class=\"gb-headline gb-headline-b071501e gb-headline-text\">OnCourt samarbetar med yrkesverksamma \u00f6ver hela Europa som designar, bygger och specificerar utomhusidrottsytor. V\u00e5rt partnerprogram \u00e4r utformat f\u00f6r f\u00f6retag som vill erbjuda sina kunder h\u00f6gpresterande basketplaner, med st\u00f6d av specialiserade produkter, exakta planeringsverktyg och expertst\u00f6d.<\/p>\n\n\n\n<p class=\"gb-text gb-text-6b40232a\">Vi fungerar inte som en allm\u00e4n sportleverant\u00f6r. Basket \u00e4r v\u00e5rt fokus och vi samarbetar med partners som v\u00e4rdes\u00e4tter att g\u00f6ra saker p\u00e5 r\u00e4tt s\u00e4tt.<\/p>\n\n\n\n<h3 class=\"gb-text gb-text-a0baa6e3\">Vem vi arbetar med<\/h3>\n\n\n\n<p>Vi samarbetar med f\u00f6retag verksamma inom utomhusbyggnation, design och bel\u00e4ggningar, inklusive:<\/p>\n\n\n\n<ul class=\"wp-block-list\">\n<li>Allm\u00e4nna byggf\u00f6retag och entrepren\u00f6rer<\/li>\n\n\n\n<li>Landskaps- och tr\u00e4dg\u00e5rdsdesigners<\/li>\n\n\n\n<li>Mark- och anl\u00e4ggningsentrepren\u00f6rer<\/li>\n\n\n\n<li>Byggare av sportplaner och specialister p\u00e5 ytrenovering<\/li>\n\n\n\n<li>Arkitekter och projekt\u00f6rer<\/li>\n\n\n\n<li>Designinriktade specialister inom utomhusmilj\u00f6er<\/li>\n<\/ul>\n\n\n\n<p class=\"gb-text gb-text-b726bb2a\">Om ditt arbete omfattar planering eller byggande av utomhusmilj\u00f6er och du vill l\u00e4gga till basketplaner i ditt erbjudande, vill vi g\u00e4rna h\u00f6ra fr\u00e5n dig.<\/p>\n\n\n\n<div class=\"gb-element-bbf74639\">\n<div>\n<img loading=\"lazy\" decoding=\"async\" width=\"660\" height=\"400\" class=\"img_12px_radius gb-media-76f4f695\" alt=\"\" title=\"OnCourt Modular Basketball Court Surface Installation\" src=\"https:\/\/oncourt.online\/wp-content\/uploads\/2022\/05\/OnCourt-Modular-Basketball-Court-Surface-Installation.jpg\" srcset=\"https:\/\/oncourt.online\/wp-content\/uploads\/2022\/05\/OnCourt-Modular-Basketball-Court-Surface-Installation.jpg 660w, https:\/\/oncourt.online\/wp-content\/uploads\/2022\/05\/OnCourt-Modular-Basketball-Court-Surface-Installation-300x182.jpg 300w, https:\/\/oncourt.online\/wp-content\/uploads\/2022\/05\/OnCourt-Modular-Basketball-Court-Surface-Installation-18x12.jpg 18w, https:\/\/oncourt.online\/wp-content\/uploads\/2022\/05\/OnCourt-Modular-Basketball-Court-Surface-Installation-545x330.jpg 545w\" sizes=\"auto, (max-width: 660px) 100vw, 660px\" \/>\n<\/div>\n\n\n\n<div>\n<h2 class=\"gb-text\">Vad OnCourt-partners kan f\u00f6rv\u00e4nta sig<\/h2>\n\n\n\n<p class=\"gb-text last_text\">Tillg\u00e5ng till professionella verktyg f\u00f6r banplanering, f\u00f6rm\u00e5nliga priser och specialistst\u00f6d som hj\u00e4lper dig att planera, specificera och leverera h\u00f6gpresterande basketplaner med trygghet.<\/p>\n<\/div>\n<\/div>\n\n\n\n<h4 class=\"gb-text\">Professionella designverktyg<\/h4>\n\n\n\n<p class=\"gb-text\">Anv\u00e4nd OnCourts 3D-plattform f\u00f6r design av basketplaner f\u00f6r att planera layouter, utforska f\u00e4rgscheman, specificera ytor och korgar samt skapa exakta visualiseringar och priser f\u00f6r kundf\u00f6rslag.<\/p>\n\n\n\n<h4 class=\"gb-text\">F\u00f6rm\u00e5nliga partnerpriser<\/h4>\n\n\n\n<p class=\"gb-text\">Auktoriserade partners f\u00e5r tillg\u00e5ng till partnerpriser p\u00e5 modul\u00e4ra basketytor och Mega Slam-korgar, vilket g\u00f6r det m\u00f6jligt att leverera premiuml\u00f6sningar med goda marginaler.<\/p>\n\n\n\n<h4 class=\"gb-text\">Specialisttekniskt st\u00f6d<\/h4>\n\n\n\n<p class=\"gb-text\">F\u00e5 direkt tillg\u00e5ng till v\u00e4gledning om layouter, ytval, installationskrav och produktkombinationer, vilket minskar os\u00e4kerheten och undviker kostsamma misstag p\u00e5 plats.<\/p>\n\n\n\n<h4 class=\"gb-text\">Tydliga specifikationer och resurser<\/h4>\n\n\n\n<p class=\"gb-text gb-text-46b97fff\">Anv\u00e4nd v\u00e5ra guider och planeringsresurser f\u00f6r att undvika gissningar, minska fel och presentera tydliga, s\u00e4kra f\u00f6rslag f\u00f6r kunderna.<\/p>\n\n\n\n<div class=\"gb-element-d984cac5\">\n<div>\n<img loading=\"lazy\" decoding=\"async\" width=\"1200\" height=\"960\" class=\"img_12px_radius gb-media-1c57b1fb\" alt=\"\" title=\"Medelstor basketplan f\u00f6r bostadsomr\u00e5den\" src=\"https:\/\/oncourt.online\/wp-content\/uploads\/2025\/12\/Medium-Sized-Residential-Basketball-Court-Design.webp\"\/>\n<\/div>\n\n\n\n<div>\n<h3 class=\"gb-text\">Utformad f\u00f6r verkliga projekt<\/h3>\n\n\n\n<p>OnCourt-partnerprogrammet passar f\u00f6r professionella som levererar:<\/p>\n\n\n\n<ul class=\"wp-block-list\">\n<li>Bostadshem<\/li>\n\n\n\n<li>Klubb- och tr\u00e4ningsanl\u00e4ggningar<\/li>\n\n\n\n<li>Skolor och utbildningslokaler<\/li>\n\n\n\n<li>Kommersiella eller multifunktionella utomhusbanor<\/li>\n<\/ul>\n\n\n\n<p class=\"gb-text last_text\">Vi st\u00f6der partners som \u00e4r stolta \u00f6ver kvalitetsutf\u00f6rande och l\u00e5ngsiktiga resultat.<\/p>\n<\/div>\n<\/div>\n\n\n\n<div class=\"gb-element-f79012eb\">\n<h3 class=\"gb-text gb-text-5da21831\">Ans\u00f6k om att bli OnCourt-partner<\/h3>\n\n\n\n<p class=\"gb-text not_last_text\">Om du \u00e4r intresserad av att arbeta med OnCourt, fyll i kontaktformul\u00e4ret nedan. <\/p>\n\n\n\n<p class=\"gb-text gb-text-209ee9ae\">Vi granskar alla ans\u00f6kningar och kontaktar dig f\u00f6r att diskutera om programmet passar ditt f\u00f6retag.<\/p>\n<\/div>\n\n\n<div class=\"gb-container gb-container-8ddfb2cf\">\n\n\n\n\n\n\n\n\n\n\n\n\n\n\n\n\n\n\n\n\n\n\n\n\n<div class=\"gb-container gb-container-8786c55a\">\n\n<div class=\"pipedriveWebForms\" data-pd-webforms=\"https:\/\/webforms.pipedrive.com\/f\/6ULBjvZZdvHVQ7hEcZ7AFgXDN7dg2YCc8VNKLdAIw6tmwGIPMnbl9ppE4IRyg4Nl9V\"><script src=\"https:\/\/webforms.pipedrive.com\/f\/loader\"><\/script><\/div>\n\n<\/div>\n\n\n<\/div>\n<\/div><\/div>\n<\/div><\/div>","protected":false},"excerpt":{"rendered":"<p> &#8230; <a title=\"Arbeta med OnCourt\" class=\"read-more\" href=\"https:\/\/oncourt.online\/sv\/join-oncourt\/\" aria-label=\"L\u00e4s mer om Work With OnCourt\">L\u00e4s mer<\/a><\/p>","protected":false},"author":2,"featured_media":7048,"parent":0,"menu_order":13,"comment_status":"closed","ping_status":"closed","template":"","meta":{"_acf_changed":false,"inline_featured_image":false,"footnotes":""},"class_list":{"0":"post-3706","1":"page","2":"type-page","3":"status-publish","4":"has-post-thumbnail","6":"infinite-scroll-item","7":"no-featured-image-padding","8":"resize-featured-image"},"acf":[],"yoast_head":"<!-- This site is optimized with the Yoast SEO Premium plugin v26.8 (Yoast SEO v27.3) - https:\/\/yoast.com\/product\/yoast-seo-premium-wordpress\/ -->\n<title>OnCourt Partners | Trade Pricing &amp; Basketball Court Design Tools<\/title>\n<meta name=\"description\" content=\"Partner with OnCourt. Work with a specialist basketball court supplier. Design tools, trade pricing, and support for residential &amp; commercial projects.\" \/>\n<meta name=\"robots\" content=\"index, follow, max-snippet:-1, max-image-preview:large, max-video-preview:-1\" \/>\n<link rel=\"canonical\" href=\"https:\/\/oncourt.online\/sv\/join-oncourt\/\" \/>\n<meta property=\"og:locale\" content=\"sv_SE\" \/>\n<meta property=\"og:type\" content=\"article\" \/>\n<meta property=\"og:title\" content=\"Work With OnCourt\" \/>\n<meta property=\"og:description\" content=\"Partner with OnCourt. Work with a specialist basketball court supplier. Design tools, trade pricing, and support for residential &amp; commercial projects.\" \/>\n<meta property=\"og:url\" content=\"https:\/\/oncourt.online\/sv\/join-oncourt\/\" \/>\n<meta property=\"og:site_name\" content=\"OnCourt Online\" \/>\n<meta property=\"article:publisher\" content=\"https:\/\/www.facebook.com\/oncourt.online\/\" \/>\n<meta property=\"article:modified_time\" content=\"2026-01-13T08:00:41+00:00\" \/>\n<meta property=\"og:image\" content=\"https:\/\/oncourt.online\/wp-content\/uploads\/2022\/05\/OnCourt-Modular-Basketball-Court-Surface-Installation.jpg\" \/>\n\t<meta property=\"og:image:width\" content=\"660\" \/>\n\t<meta property=\"og:image:height\" content=\"400\" \/>\n\t<meta property=\"og:image:type\" content=\"image\/jpeg\" \/>\n<meta name=\"twitter:card\" content=\"summary_large_image\" \/>\n<meta name=\"twitter:label1\" content=\"Ber\u00e4knad l\u00e4stid\" \/>\n\t<meta name=\"twitter:data1\" content=\"3 minuter\" \/>\n<!-- \/ Yoast SEO Premium plugin. -->","yoast_head_json":{"title":"OnCourt Partners | Grossistpriser och Designverktyg f\u00f6r Basketplaner","description":"Bli partner med OnCourt. Arbeta med en specialist p\u00e5 basketplaner. Designverktyg, grossistpriser och support f\u00f6r bostads- och kommersiella projekt.","robots":{"index":"index","follow":"follow","max-snippet":"max-snippet:-1","max-image-preview":"max-image-preview:large","max-video-preview":"max-video-preview:-1"},"canonical":"https:\/\/oncourt.online\/sv\/join-oncourt\/","og_locale":"sv_SE","og_type":"article","og_title":"Work With OnCourt","og_description":"Partner with OnCourt. Work with a specialist basketball court supplier. Design tools, trade pricing, and support for residential & commercial projects.","og_url":"https:\/\/oncourt.online\/sv\/join-oncourt\/","og_site_name":"OnCourt Online","article_publisher":"https:\/\/www.facebook.com\/oncourt.online\/","article_modified_time":"2026-01-13T08:00:41+00:00","og_image":[{"width":660,"height":400,"url":"https:\/\/oncourt.online\/wp-content\/uploads\/2022\/05\/OnCourt-Modular-Basketball-Court-Surface-Installation.jpg","type":"image\/jpeg"}],"twitter_card":"summary_large_image","twitter_misc":{"Ber\u00e4knad l\u00e4stid":"3 minuter"},"schema":{"@context":"https:\/\/schema.org","@graph":[{"@type":"WebPage","@id":"https:\/\/oncourt.online\/sv\/join-oncourt\/","url":"https:\/\/oncourt.online\/sv\/join-oncourt\/","name":"OnCourt Partners | Grossistpriser och Designverktyg f\u00f6r Basketplaner","isPartOf":{"@id":"https:\/\/oncourt.online\/sv\/#website"},"primaryImageOfPage":{"@id":"https:\/\/oncourt.online\/sv\/join-oncourt\/#primaryimage"},"image":{"@id":"https:\/\/oncourt.online\/sv\/join-oncourt\/#primaryimage"},"thumbnailUrl":"https:\/\/oncourt.online\/wp-content\/uploads\/2022\/05\/OnCourt-Modular-Basketball-Court-Surface-Installation.jpg","datePublished":"2022-03-08T09:13:55+00:00","dateModified":"2026-01-13T08:00:41+00:00","description":"Bli partner med OnCourt. Arbeta med en specialist p\u00e5 basketplaner. Designverktyg, grossistpriser och support f\u00f6r bostads- och kommersiella projekt.","breadcrumb":{"@id":"https:\/\/oncourt.online\/sv\/join-oncourt\/#breadcrumb"},"inLanguage":"sv-SE","potentialAction":[{"@type":"ReadAction","target":["https:\/\/oncourt.online\/sv\/join-oncourt\/"]}]},{"@type":"ImageObject","inLanguage":"sv-SE","@id":"https:\/\/oncourt.online\/sv\/join-oncourt\/#primaryimage","url":"https:\/\/oncourt.online\/wp-content\/uploads\/2022\/05\/OnCourt-Modular-Basketball-Court-Surface-Installation.jpg","contentUrl":"https:\/\/oncourt.online\/wp-content\/uploads\/2022\/05\/OnCourt-Modular-Basketball-Court-Surface-Installation.jpg","width":660,"height":400},{"@type":"BreadcrumbList","@id":"https:\/\/oncourt.online\/sv\/join-oncourt\/#breadcrumb","itemListElement":[{"@type":"ListItem","position":1,"name":"Home","item":"https:\/\/oncourt.online\/"},{"@type":"ListItem","position":2,"name":"Work With OnCourt"}]},{"@type":"WebSite","@id":"https:\/\/oncourt.online\/sv\/#website","url":"https:\/\/oncourt.online\/sv\/","name":"OnCourt Online","description":"H\u00f6gpresterande basketplaner","publisher":{"@id":"https:\/\/oncourt.online\/sv\/#organization"},"potentialAction":[{"@type":"SearchAction","target":{"@type":"EntryPoint","urlTemplate":"https:\/\/oncourt.online\/sv\/?s={search_term_string}"},"query-input":{"@type":"PropertyValueSpecification","valueRequired":true,"valueName":"search_term_string"}}],"inLanguage":"sv-SE"},{"@type":"Organization","@id":"https:\/\/oncourt.online\/sv\/#organization","name":"OnCourt Online","url":"https:\/\/oncourt.online\/sv\/","logo":{"@type":"ImageObject","inLanguage":"sv-SE","@id":"https:\/\/oncourt.online\/sv\/#\/schema\/logo\/image\/","url":"https:\/\/oncourt.online\/wp-content\/uploads\/2021\/12\/Logo_OnCourt_Black.svg","contentUrl":"https:\/\/oncourt.online\/wp-content\/uploads\/2021\/12\/Logo_OnCourt_Black.svg","width":"1024","height":"1024","caption":"OnCourt Online"},"image":{"@id":"https:\/\/oncourt.online\/sv\/#\/schema\/logo\/image\/"},"sameAs":["https:\/\/www.facebook.com\/oncourt.online\/"],"email":"info@oncourt.online"}]}},"_links":{"self":[{"href":"https:\/\/oncourt.online\/sv\/wp-json\/wp\/v2\/pages\/3706","targetHints":{"allow":["GET"]}}],"collection":[{"href":"https:\/\/oncourt.online\/sv\/wp-json\/wp\/v2\/pages"}],"about":[{"href":"https:\/\/oncourt.online\/sv\/wp-json\/wp\/v2\/types\/page"}],"author":[{"embeddable":true,"href":"https:\/\/oncourt.online\/sv\/wp-json\/wp\/v2\/users\/2"}],"replies":[{"embeddable":true,"href":"https:\/\/oncourt.online\/sv\/wp-json\/wp\/v2\/comments?post=3706"}],"version-history":[{"count":1,"href":"https:\/\/oncourt.online\/sv\/wp-json\/wp\/v2\/pages\/3706\/revisions"}],"predecessor-version":[{"id":17261,"href":"https:\/\/oncourt.online\/sv\/wp-json\/wp\/v2\/pages\/3706\/revisions\/17261"}],"wp:featuredmedia":[{"embeddable":true,"href":"https:\/\/oncourt.online\/sv\/wp-json\/wp\/v2\/media\/7048"}],"wp:attachment":[{"href":"https:\/\/oncourt.online\/sv\/wp-json\/wp\/v2\/media?parent=3706"}],"curies":[{"name":"wp","href":"https:\/\/api.w.org\/{rel}","templated":true}]}}