{"id":10,"date":"2022-06-07T21:39:16","date_gmt":"2022-06-07T21:39:16","guid":{"rendered":"https:\/\/oncourt.online\/?page_id=10"},"modified":"2026-01-08T02:56:26","modified_gmt":"2026-01-08T02:56:26","slug":"aterbetalning-returer","status":"publish","type":"page","link":"https:\/\/oncourt.online\/sv\/refund-returns\/","title":{"rendered":"Policy f\u00f6r \u00e5terbetalning och returer"},"content":{"rendered":"<div class=\"gb-element-a4b81a66\"><div class=\"gb-container gb-container-16508648\"><div class=\"gb-inside-container\">\n\n<h1 class=\"gb-text\">Policy f\u00f6r \u00e5terbetalning och returer<\/h1>\n\n\n\n<p class=\"gb-headline gb-headline-a63af49e gb-headline-text\">Vi hoppas att alla OnCourt-kunder \u00e4r n\u00f6jda med sitt k\u00f6p. Ibland kan det dock h\u00e4nda att du av n\u00e5gon anledning inte \u00e4r helt n\u00f6jd. I s\u00e5dana fall kan du returnera de k\u00f6pta varorna till oss f\u00f6r full \u00e5terbetalning, tillgodohavande eller byte.<\/p>\n\n\n\n<h2 class=\"gb-headline gb-headline-04e28294 gb-headline-text\">\u00d6versikt<\/h2>\n\n\n\n<p class=\"gb-headline gb-headline-5b665cdd gb-headline-text\">V\u00e5r policy f\u00f6r \u00e5terbetalning och returer g\u00e4ller i 28 dagar. Du m\u00e5ste meddela oss via e-post om din avsikt att returnera varor inom 28 dagar efter mottagandet. Om 28 dagar har g\u00e5tt sedan du k\u00f6pte varan kan vi inte erbjuda dig full \u00e5terbetalning eller utbyte.<\/p>\n\n\n\n<p class=\"gb-headline gb-headline-69f3bcdd gb-headline-text\">F\u00f6r att vara ber\u00e4ttigad till retur m\u00e5ste varan vara oanv\u00e4nd och i samma skick som du fick den. Den m\u00e5ste ocks\u00e5 vara i originalf\u00f6rpackningen.<\/p>\n\n\n\n<p class=\"gb-headline gb-headline-23bde10c gb-headline-text\">Anpassade tryckta eller m\u00e5lade banytor f\u00e5r inte returneras. <\/p>\n\n\n\n<p class=\"gb-headline gb-headline-1cc6618d gb-headline-text\">F\u00f6r att slutf\u00f6ra din retur beh\u00f6ver vi ett kvitto eller ett bevis p\u00e5 k\u00f6pet.<\/p>\n\n\n\n<p class=\"gb-headline gb-headline-cae31263 gb-headline-text\">Skicka inte tillbaka ditt k\u00f6p till tillverkaren.<\/p>\n\n\n\n<p class=\"gb-headline gb-headline-a9909ab1 gb-headline-text\">Det finns vissa situationer d\u00e4r endast partiell \u00e5terbetalning beviljas:<\/p>\n\n\n\n<ul class=\"wp-block-list\">\n<li>Produkter med uppenbara tecken p\u00e5 anv\u00e4ndning<\/li>\n\n\n\n<li>Alla f\u00f6rem\u00e5l som inte \u00e4r i originalskick, \u00e4r skadade eller saknar delar av sk\u00e4l som inte beror p\u00e5 fel fr\u00e5n tillverkaren eller installat\u00f6ren.<\/li>\n\n\n\n<li>Alla artiklar som returneras mer \u00e4n 28 dagar efter leverans.<\/li>\n<\/ul>\n\n\n\n<h3 class=\"gb-headline gb-headline-b1c33d39 gb-headline-text\">\u00c5terbetalningar<\/h3>\n\n\n\n<p class=\"gb-headline gb-headline-db2e4daa gb-headline-text\">N\u00e4r din retur har mottagits och inspekterats skickar vi ett e-postmeddelande till dig f\u00f6r att meddela att vi har mottagit din returnerade vara. Vi kommer ocks\u00e5 att meddela dig om vi godk\u00e4nner eller avsl\u00e5r din \u00e5terbetalning.<\/p>\n\n\n\n<p class=\"gb-headline gb-headline-211c62b8 gb-headline-text\">Om beg\u00e4ran godk\u00e4nns kommer din \u00e5terbetalning att behandlas och en kreditering kommer automatiskt att g\u00f6ras p\u00e5 ditt kreditkort eller ursprungliga betalningsmetod inom 14 dagar.<\/p>\n\n\n\n<p class=\"gb-headline gb-headline-d56db316 gb-headline-text\"><b>F\u00f6rsenade eller uteblivna \u00e5terbetalningar<\/b><\/p>\n\n\n\n<p class=\"gb-headline gb-headline-948f340b gb-headline-text\">Om du inte har f\u00e5tt n\u00e5gon \u00e5terbetalning \u00e4n, kontrollera f\u00f6rst ditt bankkonto igen. Kontakta ditt kreditkortsf\u00f6retag, det kan ta tid innan \u00e5terbetalningen \u00e4r officiellt bokf\u00f6rd. D\u00e4refter kontaktar du din bank. Det tar ofta en viss tid innan \u00e5terbetalningen bokf\u00f6rs.<\/p>\n\n\n\n<p class=\"gb-text gb-text-3b0fbb5a\">Om du har gjort allt detta och fortfarande inte har f\u00e5tt din \u00e5terbetalning, v\u00e4nligen kontakta oss p\u00e5 info@oncourt.online.<\/p>\n\n\n\n<h3 class=\"gb-headline gb-headline-b446ed2a gb-headline-text\">G\u00e5vor<\/h3>\n\n\n\n<p class=\"gb-headline gb-headline-9108d094 gb-headline-text\">Om varan var m\u00e4rkt som en g\u00e5va n\u00e4r den k\u00f6ptes och skickades direkt till dig, f\u00e5r du en g\u00e5vokredit f\u00f6r v\u00e4rdet av din retur. N\u00e4r den returnerade varan har tagits emot skickas ett presentkort till dig.<\/p>\n\n\n\n<p class=\"gb-headline gb-headline-5d3cf727 gb-headline-text\">Om varan inte var m\u00e4rkt som en g\u00e5va n\u00e4r den k\u00f6ptes eller om g\u00e5vogivaren skickade best\u00e4llningen till sig sj\u00e4lv f\u00f6r att ge den till dig senare, skickar vi en \u00e5terbetalning till g\u00e5vogivaren och de kommer att informeras om returen.<\/p>\n\n\n\n<h3 class=\"gb-headline gb-headline-ae81b763 gb-headline-text\">Frakt och returer<\/h3>\n\n\n\n<p class=\"gb-headline gb-headline-fdc80127 gb-headline-text\">F\u00f6r att returnera din produkt ska du skicka den till: <\/p>\n\n\n\n<p class=\"gb-headline gb-headline-7d98ac82 gb-headline-text translation-block\"><strong>Produkter k\u00f6pta i Storbritannien och Irland<\/strong>: Unit 11 Stonefield Park, Martins Lane, Chilbolton, Stockbridge SO20 6AL<\/p>\n\n\n\n<p class=\"gb-headline gb-headline-b68103aa gb-headline-text translation-block\"><strong>Produkter k\u00f6pta fr\u00e5n kontinentala Europa<\/strong>: OnCourt EU, Industriepark-West 43, 9100, Sint-Niklass, Belgium<\/p>\n\n\n\n<p class=\"gb-headline gb-headline-c4eac7e0 gb-headline-text\">Du ansvarar f\u00f6r att betala dina egna fraktkostnader f\u00f6r att returnera varan. Fraktkostnaderna kan inte \u00e5terbetalas. Om du f\u00e5r en \u00e5terbetalning kommer kostnaden f\u00f6r returfrakt att dras av fr\u00e5n din \u00e5terbetalning.<\/p>\n\n\n\n<p>Beroende p\u00e5 var du bor kan det ta olika l\u00e5ng tid f\u00f6r din utbytta produkt att n\u00e5 dig.<\/p>\n\n\n\n<p class=\"gb-text-874a6c8e\"><span class=\"gb-shape\"><svg xmlns=\"http:\/\/www.w3.org\/2000\/svg\" viewbox=\"0 0 256 256\" fill=\"currentColor\"><path d=\"M221.66,133.66l-72,72a8,8,0,0,1-11.32-11.32L196.69,136H40a8,8,0,0,1,0-16H196.69L138.34,61.66a8,8,0,0,1,11.32-11.32l72,72A8,8,0,0,1,221.66,133.66Z\"><\/path><\/svg><\/span><span class=\"gb-text\"><strong><em><a href=\"https:\/\/oncourt.online\/sv\/frakt-leverans\/\">OnCourt information om frakt och leverans<\/a><\/em><\/strong><\/span><\/p>\n\n\n\n<h3 class=\"gb-headline gb-headline-df42cdb6 gb-headline-text\">Beh\u00f6ver du hj\u00e4lp?<\/h3>\n\n\n\n<p class=\"translation-block\"><a href=\"https:\/\/oncourt.online\/sv\/kontakta\/\" target=\"_self\">Kontakta oss<\/a> p\u00e5 info@oncourt.online\n f\u00f6r fr\u00e5gor som r\u00f6r returer och \u00e5terbetalningar.<\/p>\n\n\n\n<p class=\"gb-text-41c0004e\"><span class=\"gb-shape\"><svg xmlns=\"http:\/\/www.w3.org\/2000\/svg\" viewbox=\"0 0 256 256\" fill=\"currentColor\"><path d=\"M221.66,133.66l-72,72a8,8,0,0,1-11.32-11.32L196.69,136H40a8,8,0,0,1,0-16H196.69L138.34,61.66a8,8,0,0,1,11.32-11.32l72,72A8,8,0,0,1,221.66,133.66Z\"><\/path><\/svg><\/span><span class=\"gb-text\">Har du fr\u00e5gor? <strong><em><a href=\"https:\/\/oncourt.online\/sv\/basketball-court-faq\/\">Bes\u00f6k OnCourt FAQ<\/a><\/em><\/strong><\/span><\/p>\n\n<\/div><\/div><\/div>","protected":false},"excerpt":{"rendered":"<p> &#8230; <a title=\"Policy f\u00f6r \u00e5terbetalning och returer\" class=\"read-more\" href=\"https:\/\/oncourt.online\/sv\/refund-returns\/\" aria-label=\"L\u00e4s mer om Refund and Returns Policy\">L\u00e4s mer<\/a><\/p>","protected":false},"author":2,"featured_media":6877,"parent":0,"menu_order":25,"comment_status":"closed","ping_status":"closed","template":"","meta":{"_acf_changed":false,"inline_featured_image":false,"footnotes":""},"class_list":{"0":"post-10","1":"page","2":"type-page","3":"status-publish","4":"has-post-thumbnail","6":"infinite-scroll-item","7":"no-featured-image-padding","8":"resize-featured-image"},"acf":[],"yoast_head":"<!-- This site is optimized with the Yoast SEO Premium plugin v26.8 (Yoast SEO v27.3) - https:\/\/yoast.com\/product\/yoast-seo-premium-wordpress\/ -->\n<title>Refund and Returns Policy - OnCourt Online<\/title>\n<meta name=\"description\" content=\"OnCourt Online refunds and returns policy. Cointact us with any questions you might have regarding refunds and returns.\" \/>\n<meta name=\"robots\" content=\"index, follow, max-snippet:-1, max-image-preview:large, max-video-preview:-1\" \/>\n<link rel=\"canonical\" href=\"https:\/\/oncourt.online\/sv\/aterbetalning-returer\/\" \/>\n<meta property=\"og:locale\" content=\"sv_SE\" \/>\n<meta property=\"og:type\" content=\"article\" \/>\n<meta property=\"og:title\" content=\"Refund and Returns Policy\" \/>\n<meta property=\"og:description\" content=\"OnCourt Online refunds and returns policy. Cointact us with any questions you might have regarding refunds and returns.\" \/>\n<meta property=\"og:url\" content=\"https:\/\/oncourt.online\/sv\/aterbetalning-returer\/\" \/>\n<meta property=\"og:site_name\" content=\"OnCourt Online\" \/>\n<meta property=\"article:publisher\" content=\"https:\/\/www.facebook.com\/oncourt.online\/\" \/>\n<meta property=\"article:modified_time\" content=\"2026-01-08T02:56:26+00:00\" \/>\n<meta property=\"og:image\" content=\"https:\/\/oncourt.online\/wp-content\/uploads\/2022\/05\/OnCourt-Shipping-and-Delivery-Header.jpg\" \/>\n\t<meta property=\"og:image:width\" content=\"1440\" \/>\n\t<meta property=\"og:image:height\" content=\"498\" \/>\n\t<meta property=\"og:image:type\" content=\"image\/jpeg\" \/>\n<meta name=\"twitter:card\" content=\"summary_large_image\" \/>\n<meta name=\"twitter:label1\" content=\"Ber\u00e4knad l\u00e4stid\" \/>\n\t<meta name=\"twitter:data1\" content=\"3 minuter\" \/>\n<!-- \/ Yoast SEO Premium plugin. -->","yoast_head_json":{"title":"Policy f\u00f6r \u00e5terbetalning och returer - OnCourt Online","description":"OnCourt Online \u00e5terbetalningar och returpolicy. Kontakta oss om du har n\u00e5gra fr\u00e5gor om \u00e5terbetalningar och returer.","robots":{"index":"index","follow":"follow","max-snippet":"max-snippet:-1","max-image-preview":"max-image-preview:large","max-video-preview":"max-video-preview:-1"},"canonical":"https:\/\/oncourt.online\/sv\/aterbetalning-returer\/","og_locale":"sv_SE","og_type":"article","og_title":"Refund and Returns Policy","og_description":"OnCourt Online refunds and returns policy. Cointact us with any questions you might have regarding refunds and returns.","og_url":"https:\/\/oncourt.online\/sv\/aterbetalning-returer\/","og_site_name":"OnCourt Online","article_publisher":"https:\/\/www.facebook.com\/oncourt.online\/","article_modified_time":"2026-01-08T02:56:26+00:00","og_image":[{"width":1440,"height":498,"url":"https:\/\/oncourt.online\/wp-content\/uploads\/2022\/05\/OnCourt-Shipping-and-Delivery-Header.jpg","type":"image\/jpeg"}],"twitter_card":"summary_large_image","twitter_misc":{"Ber\u00e4knad l\u00e4stid":"3 minuter"},"schema":{"@context":"https:\/\/schema.org","@graph":[{"@type":"WebPage","@id":"https:\/\/oncourt.online\/sv\/refund-returns\/","url":"https:\/\/oncourt.online\/sv\/refund-returns\/","name":"Policy f\u00f6r \u00e5terbetalning och returer - OnCourt Online","isPartOf":{"@id":"https:\/\/oncourt.online\/sv\/#website"},"primaryImageOfPage":{"@id":"https:\/\/oncourt.online\/sv\/refund-returns\/#primaryimage"},"image":{"@id":"https:\/\/oncourt.online\/sv\/refund-returns\/#primaryimage"},"thumbnailUrl":"https:\/\/oncourt.online\/wp-content\/uploads\/2022\/05\/OnCourt-Shipping-and-Delivery-Header.jpg","datePublished":"2022-06-07T21:39:16+00:00","dateModified":"2026-01-08T02:56:26+00:00","description":"OnCourt Online \u00e5terbetalningar och returpolicy. Kontakta oss om du har n\u00e5gra fr\u00e5gor om \u00e5terbetalningar och returer.","breadcrumb":{"@id":"https:\/\/oncourt.online\/sv\/refund-returns\/#breadcrumb"},"inLanguage":"sv-SE","potentialAction":[{"@type":"ReadAction","target":["https:\/\/oncourt.online\/sv\/refund-returns\/"]}]},{"@type":"ImageObject","inLanguage":"sv-SE","@id":"https:\/\/oncourt.online\/sv\/refund-returns\/#primaryimage","url":"https:\/\/oncourt.online\/wp-content\/uploads\/2022\/05\/OnCourt-Shipping-and-Delivery-Header.jpg","contentUrl":"https:\/\/oncourt.online\/wp-content\/uploads\/2022\/05\/OnCourt-Shipping-and-Delivery-Header.jpg","width":1440,"height":498,"caption":"Shipping & Delivery | OnCourt"},{"@type":"BreadcrumbList","@id":"https:\/\/oncourt.online\/sv\/refund-returns\/#breadcrumb","itemListElement":[{"@type":"ListItem","position":1,"name":"Home","item":"https:\/\/oncourt.online\/"},{"@type":"ListItem","position":2,"name":"Refund and Returns Policy"}]},{"@type":"WebSite","@id":"https:\/\/oncourt.online\/sv\/#website","url":"https:\/\/oncourt.online\/sv\/","name":"OnCourt Online","description":"H\u00f6gpresterande basketplaner","publisher":{"@id":"https:\/\/oncourt.online\/sv\/#organization"},"potentialAction":[{"@type":"SearchAction","target":{"@type":"EntryPoint","urlTemplate":"https:\/\/oncourt.online\/sv\/?s={search_term_string}"},"query-input":{"@type":"PropertyValueSpecification","valueRequired":true,"valueName":"search_term_string"}}],"inLanguage":"sv-SE"},{"@type":"Organization","@id":"https:\/\/oncourt.online\/sv\/#organization","name":"OnCourt Online","url":"https:\/\/oncourt.online\/sv\/","logo":{"@type":"ImageObject","inLanguage":"sv-SE","@id":"https:\/\/oncourt.online\/sv\/#\/schema\/logo\/image\/","url":"https:\/\/oncourt.online\/wp-content\/uploads\/2021\/12\/Logo_OnCourt_Black.svg","contentUrl":"https:\/\/oncourt.online\/wp-content\/uploads\/2021\/12\/Logo_OnCourt_Black.svg","width":"1024","height":"1024","caption":"OnCourt Online"},"image":{"@id":"https:\/\/oncourt.online\/sv\/#\/schema\/logo\/image\/"},"sameAs":["https:\/\/www.facebook.com\/oncourt.online\/"],"email":"info@oncourt.online"}]}},"_links":{"self":[{"href":"https:\/\/oncourt.online\/sv\/wp-json\/wp\/v2\/pages\/10","targetHints":{"allow":["GET"]}}],"collection":[{"href":"https:\/\/oncourt.online\/sv\/wp-json\/wp\/v2\/pages"}],"about":[{"href":"https:\/\/oncourt.online\/sv\/wp-json\/wp\/v2\/types\/page"}],"author":[{"embeddable":true,"href":"https:\/\/oncourt.online\/sv\/wp-json\/wp\/v2\/users\/2"}],"replies":[{"embeddable":true,"href":"https:\/\/oncourt.online\/sv\/wp-json\/wp\/v2\/comments?post=10"}],"version-history":[{"count":0,"href":"https:\/\/oncourt.online\/sv\/wp-json\/wp\/v2\/pages\/10\/revisions"}],"wp:featuredmedia":[{"embeddable":true,"href":"https:\/\/oncourt.online\/sv\/wp-json\/wp\/v2\/media\/6877"}],"wp:attachment":[{"href":"https:\/\/oncourt.online\/sv\/wp-json\/wp\/v2\/media?parent=10"}],"curies":[{"name":"wp","href":"https:\/\/api.w.org\/{rel}","templated":true}]}}