{"id":80,"date":"2021-10-19T20:14:24","date_gmt":"2021-10-19T20:14:24","guid":{"rendered":"https:\/\/oncourt.online\/?page_id=80"},"modified":"2026-01-07T15:32:24","modified_gmt":"2026-01-07T15:32:24","slug":"o-nas","status":"publish","type":"page","link":"https:\/\/oncourt.online\/sl\/about\/","title":{"rendered":"O podjetju OnCourt"},"content":{"rendered":"<h2 class=\"gb-text\">Zgrajeno okoli ko\u0161arke<\/h2>\n\n\n\n<p class=\"gb-text gb-text-81affc46\">OnCourt na\u010drtuje in dobavlja visokozmogljiva ko\u0161arkarska igri\u0161\u010da za domove, klube in objekte po vsej Evropi. Osredoto\u010damo se na bistvene elemente na igri\u0161\u010du \u2013 zmogljivost podlage, natan\u010dne razporeditve, trpe\u017eno opremo in jasno na\u010drtovanje \u2013 ter v vsak projekt vna\u0161amo profesionalne standarde, ne glede na obseg.<\/p>\n\n\n\n<p class=\"gb-text\">Ko\u0161arka ni za nas le dodatek. Je temelj vsega, kar gradimo.<\/p>\n\n\n\n<p class=\"gb-text translation-block\"><strong><em><a href=\"https:\/\/oncourt.online\/sl\/3d-oblikovalec-kosarkarskega-igrisca\/\" target=\"_self\">Oblikujte svoje ko\u0161arkarsko igri\u0161\u010de v 3D<\/a><\/em><\/strong> za raziskovanje postavitev, barv, ozna\u010db in opreme pred gradnjo.<\/p>\n\n\n\n<h3 class=\"gb-headline gb-headline-ccfedaf1 gb-headline-text\">Specialisti, ne generalisti<\/h3>\n\n\n\n<p class=\"gb-text gb-text-8c945255\">Za razliko od ponudnikov splo\u0161nih \u0161portnih povr\u0161in se OnCourt posve\u010da izklju\u010dno ko\u0161arki. Na\u0161a paleta izdelkov, priro\u010dniki in orodja za oblikovanje so razviti posebej za igranje ko\u0161arke, od gibanja nog in odziva na \u017eogo do dimenzij igri\u0161\u010da in pozicioniranja ko\u0161a.<\/p>\n\n\n\n<p class=\"gb-text\">Ta osredoto\u010denost nam omogo\u010da, da ponujamo jasnej\u0161e nasvete, bolj\u0161e kombiniranje izdelkov in natan\u010dnej\u0161e na\u010drtovanje kot ponudniki ve\u010d \u0161portov.<\/p>\n\n\n\n<h3 class=\"gb-headline gb-headline-ea969289 gb-headline-text\">Najprej oblikujte. Gradite z zaupanjem.<\/h3>\n\n\n\n<p class=\"gb-text gb-text-ddbfc979\">Vsako igri\u0161\u010de se za\u010dne z na\u010drtom. Platforma OnCourt za 3D-na\u010drtovanje igri\u0161\u010d omogo\u010da strankam, da pred za\u010detkom gradnje konfigurirajo razpored, raziskujejo barvne sheme, izberejo talne obloge in dolo\u010dijo ko\u0161e. Rezultat je jasnej\u0161e razumevanje prostora, zmogljivosti in stro\u0161kov, kar omogo\u010da la\u017eji prehod od zasnove do namestitve.<\/p>\n\n\n\n<p class=\"gb-text\">Takoj\u0161nje dolo\u010danje cen, natan\u010dne postavitve in oblikovanje, ki ga je mogo\u010de deliti, odpravijo negotovost \u017ee na za\u010detku procesa.<\/p>\n\n\n\n<h3 class=\"gb-headline gb-headline-c16bc7a6 gb-headline-text\">Preizku\u0161eni izdelki, zasnovani za dolgo \u017eivljenjsko dobo<\/h3>\n\n\n\n<p class=\"gb-text gb-text-9ce3da67\">OnCourt ponuja vrhunske modularne ko\u0161arkarske podloge in profesionalne ko\u0161e Mega Slam. Na\u0161a oprema je izbrana zaradi svoje trajnosti, stabilnosti in dolgoro\u010dne zmogljivosti. Na\u0161i sistemi so zasnovani za resno igro brez kompromisov, od polovi\u010dnih igri\u0161\u010d v stanovanjskih naseljih do klubskih objektov in komercialnih objektov.<\/p>\n\n\n\n<p class=\"gb-text\">Ne sledimo trendom. Osredoto\u010damo se na materiale, in\u017eeniring in zanesljivost.<\/p>\n\n\n\n<p>Podjetje OnCourt ponuja vrhunske zunanje povr\u0161ine skupaj s preverjenimi <strong><em><a href=\"https:\/\/oncourt.online\/sl\/kosarkarski-obrocniki\/\">Mega Slam ko\u0161arkarski obro\u010di<\/a><\/em><\/strong> in sodno opremo, izbrano tako, da deluje kot celovit sistem.<\/p>\n\n\n\n<h3 class=\"gb-headline gb-headline-5efdb362 gb-headline-text\">Nasveti, ki jim lahko zaupate<\/h3>\n\n\n\n<p class=\"gb-text gb-text-f96f3624\">Gradnja ko\u0161arkarskega igri\u0161\u010da ne vklju\u010duje samo izbire izdelkov. V na\u0161ih vodnikih nudimo jasne, prakti\u010dne nasvete o razporeditvi, mo\u017enostih talnih oblog, razsvetljavi, namestitvi in na\u010drtovanju, da lahko stranke na vsaki stopnji sprejmejo premi\u0161ljene odlo\u010ditve.<\/p>\n\n\n\n<p class=\"gb-text\">Ne glede na to, ali gradite svoje prvo doma\u010de igri\u0161\u010de ali na\u010drtujete objekt za ve\u010d uporabnikov, je na\u0161 cilj nadomestiti ugibanje z zaupanjem.<\/p>\n\n\n\n<p><strong><em><a href=\"https:\/\/oncourt.online\/sl\/vodici\/\">Razi\u0161\u010dite na\u0161e vodnike po ko\u0161arkarskih igri\u0161\u010dih<\/a><\/em><\/strong> da bi razumeli postavitve, povr\u0161ine, opremo in namestitev, preden se odlo\u010dite.<\/p>\n\n\n\n<h3 class=\"gb-text\">Po vsej Evropi in zunaj nje<\/h3>\n\n\n\n<p class=\"gb-text\">OnCourt podpira projekte po vsej Evropi in sodeluje z zasebnimi strankami, klubi, \u0161olami in komercialnimi partnerji. Na\u0161e izku\u0161nje zajemajo razli\u010dne pogoje lokacij, predpise in primere uporabe, kar nam omogo\u010da prilagajanje re\u0161itev brez poseganja v zmogljivost.<\/p>\n\n\n\n<div class=\"gb-element-cb14beec\">\n<h3 class=\"gb-text\">Pristop OnCourt<\/h3>\n\n\n\n<p class=\"gb-text\">\u010ce na\u010drtujete ko\u0161arkarsko igri\u0161\u010de, doma ali v ve\u010djem obsegu, je OnCourt tu, da vam pomaga to storiti pravilno.<\/p>\n\n\n\n<p class=\"gb-text-7b6b1e25\"><span class=\"gb-shape\"><svg aria-hidden=\"true\" role=\"img\" height=\"1em\" width=\"1em\" viewbox=\"0 0 512 512\" xmlns=\"http:\/\/www.w3.org\/2000\/svg\"><path fill=\"currentColor\" d=\"M173.898 439.404l-166.4-166.4c-9.997-9.997-9.997-26.206 0-36.204l36.203-36.204c9.997-9.998 26.207-9.998 36.204 0L192 312.69 432.095 72.596c9.997-9.997 26.207-9.997 36.204 0l36.203 36.204c9.997 9.997 9.997 26.206 0 36.204l-294.4 294.401c-9.998 9.997-26.207 9.997-36.204-.001z\"><\/path><\/svg><\/span><span class=\"gb-text\">Najprej ko\u0161arka<\/span><\/p>\n\n\n\n<p class=\"gb-text-ee8810d5\"><span class=\"gb-shape\"><svg aria-hidden=\"true\" role=\"img\" height=\"1em\" width=\"1em\" viewbox=\"0 0 512 512\" xmlns=\"http:\/\/www.w3.org\/2000\/svg\"><path fill=\"currentColor\" d=\"M173.898 439.404l-166.4-166.4c-9.997-9.997-9.997-26.206 0-36.204l36.203-36.204c9.997-9.998 26.207-9.998 36.204 0L192 312.69 432.095 72.596c9.997-9.997 26.207-9.997 36.204 0l36.203 36.204c9.997 9.997 9.997 26.206 0 36.204l-294.4 294.401c-9.998 9.997-26.207 9.997-36.204-.001z\"><\/path><\/svg><\/span><span class=\"gb-text\">Jasno na\u010drtovanje pred gradnjo<\/span><\/p>\n\n\n\n<p class=\"gb-text-c3c5234a\"><span class=\"gb-shape\"><svg aria-hidden=\"true\" role=\"img\" height=\"1em\" width=\"1em\" viewbox=\"0 0 512 512\" xmlns=\"http:\/\/www.w3.org\/2000\/svg\"><path fill=\"currentColor\" d=\"M173.898 439.404l-166.4-166.4c-9.997-9.997-9.997-26.206 0-36.204l36.203-36.204c9.997-9.998 26.207-9.998 36.204 0L192 312.69 432.095 72.596c9.997-9.997 26.207-9.997 36.204 0l36.203 36.204c9.997 9.997 9.997 26.206 0 36.204l-294.4 294.401c-9.998 9.997-26.207 9.997-36.204-.001z\"><\/path><\/svg><\/span><span class=\"gb-text\">Izbira izdelkov na podlagi zmogljivosti<\/span><\/p>\n\n\n\n<p class=\"gb-text-e6cf79e3\"><span class=\"gb-shape\"><svg aria-hidden=\"true\" role=\"img\" height=\"1em\" width=\"1em\" viewbox=\"0 0 512 512\" xmlns=\"http:\/\/www.w3.org\/2000\/svg\"><path fill=\"currentColor\" d=\"M173.898 439.404l-166.4-166.4c-9.997-9.997-9.997-26.206 0-36.204l36.203-36.204c9.997-9.998 26.207-9.998 36.204 0L192 312.69 432.095 72.596c9.997-9.997 26.207-9.997 36.204 0l36.203 36.204c9.997 9.997 9.997 26.206 0 36.204l-294.4 294.401c-9.998 9.997-26.207 9.997-36.204-.001z\"><\/path><\/svg><\/span><span class=\"gb-text\">Iskreno, prakti\u010dno vodstvo<\/span><\/p>\n\n\n\n<p class=\"gb-text-9fa5ab33\"><span class=\"gb-shape\"><svg aria-hidden=\"true\" role=\"img\" height=\"1em\" width=\"1em\" viewbox=\"0 0 512 512\" xmlns=\"http:\/\/www.w3.org\/2000\/svg\"><path fill=\"currentColor\" d=\"M173.898 439.404l-166.4-166.4c-9.997-9.997-9.997-26.206 0-36.204l36.203-36.204c9.997-9.998 26.207-9.998 36.204 0L192 312.69 432.095 72.596c9.997-9.997 26.207-9.997 36.204 0l36.203 36.204c9.997 9.997 9.997 26.206 0 36.204l-294.4 294.401c-9.998 9.997-26.207 9.997-36.204-.001z\"><\/path><\/svg><\/span><span class=\"gb-text\">Orodja, ki poenostavljajo zapletene odlo\u010ditve<\/span><\/p>\n\n\n\n<p>\u010ce \u0161e vedno tehtate mo\u017enosti, na\u0161e <a href=\"https:\/\/oncourt.online\/sl\/basketball-court-faq\/\"><strong><em>Pogosta vpra\u0161anja o ko\u0161arkarskem igri\u0161\u010du<\/em><\/strong><\/a> naslovite pogosta vpra\u0161anja o povr\u0161inah, postavitvah, vzdr\u017eljivosti in namestitvi.<\/p>\n<\/div>\n\n\n<div class=\"gb-grid-wrapper gb-grid-wrapper-44caa69b\">\n<div class=\"gb-grid-column gb-grid-column-12b2a9f8\"><div class=\"gb-container gb-container-12b2a9f8\"><div class=\"gb-inside-container\">\n\n<figure class=\"gb-block-image gb-block-image-6adfd5ca\"><img loading=\"lazy\" decoding=\"async\" width=\"300\" height=\"169\" class=\"gb-image gb-image-6adfd5ca\" src=\"https:\/\/oncourt.online\/wp-content\/uploads\/2021\/10\/NIKE.png\" alt=\"Nike\" title=\"NIKE\"\/><\/figure>\n\n<\/div><\/div><\/div>\n\n<div class=\"gb-grid-column gb-grid-column-e5bb2fe1\"><div class=\"gb-container gb-container-e5bb2fe1\"><div class=\"gb-inside-container\">\n\n<figure class=\"gb-block-image gb-block-image-f8558887\"><img loading=\"lazy\" decoding=\"async\" width=\"300\" height=\"169\" class=\"gb-image gb-image-f8558887\" src=\"https:\/\/oncourt.online\/wp-content\/uploads\/2021\/10\/England-Football.png\" alt=\"Logotip angle\u0161ke nogometne reprezentance\" title=\"Anglija-nogomet\"\/><\/figure>\n\n<\/div><\/div><\/div>\n\n<div class=\"gb-grid-column gb-grid-column-3ac2520c\"><div class=\"gb-container gb-container-3ac2520c\"><div class=\"gb-inside-container\">\n\n<figure class=\"gb-block-image gb-block-image-32bd7dfd\"><img loading=\"lazy\" decoding=\"async\" width=\"300\" height=\"169\" class=\"gb-image gb-image-32bd7dfd\" src=\"https:\/\/oncourt.online\/wp-content\/uploads\/2021\/10\/Red-Bull.png\" alt=\"Logotip Red Bull\" title=\"Red Bull\"\/><\/figure>\n\n<\/div><\/div><\/div>\n\n<div class=\"gb-grid-column gb-grid-column-b8a0acf4\"><div class=\"gb-container gb-container-b8a0acf4\"><div class=\"gb-inside-container\">\n\n<figure class=\"gb-block-image gb-block-image-199d062a\"><img loading=\"lazy\" decoding=\"async\" width=\"300\" height=\"169\" class=\"gb-image gb-image-199d062a\" src=\"https:\/\/oncourt.online\/wp-content\/uploads\/2021\/10\/Canary-Wharf-Group.png\" alt=\"Logotip skupine Canary Wharf Group\" title=\"Skupina Canary Wharf\"\/><\/figure>\n\n<\/div><\/div><\/div>\n\n<div class=\"gb-grid-column gb-grid-column-bcea7224\"><div class=\"gb-container gb-container-bcea7224\"><div class=\"gb-inside-container\">\n\n<figure class=\"gb-block-image gb-block-image-b9d71ee3\"><img loading=\"lazy\" decoding=\"async\" width=\"300\" height=\"169\" class=\"gb-image gb-image-b9d71ee3\" src=\"https:\/\/oncourt.online\/wp-content\/uploads\/2021\/10\/BBC.png\" alt=\"BBC logotip\" title=\"BBC\"\/><\/figure>\n\n<\/div><\/div><\/div>\n<\/div>","protected":false},"excerpt":{"rendered":"<p> &#8230; <a title=\"O podjetju OnCourt\" class=\"read-more\" href=\"https:\/\/oncourt.online\/sl\/about\/\" aria-label=\"Read more about About OnCourt\">Preberi ve\u010d<\/a><\/p>","protected":false},"author":2,"featured_media":6877,"parent":0,"menu_order":11,"comment_status":"closed","ping_status":"closed","template":"","meta":{"_acf_changed":false,"inline_featured_image":false,"footnotes":""},"class_list":{"0":"post-80","1":"page","2":"type-page","3":"status-publish","4":"has-post-thumbnail","6":"infinite-scroll-item","7":"no-featured-image-padding","8":"resize-featured-image"},"acf":[],"yoast_head":"<!-- This site is optimized with the Yoast SEO Premium plugin v26.8 (Yoast SEO v27.3) - https:\/\/yoast.com\/product\/yoast-seo-premium-wordpress\/ -->\n<title>About OnCourt | Basketball Court Surfaces, Systems &amp; Design<\/title>\n<meta name=\"description\" content=\"OnCourt creates premium basketball courts, combining high-performance surfaces, pro-grade hoops and intuitive court-planning tools.\" \/>\n<meta name=\"robots\" content=\"index, follow, max-snippet:-1, max-image-preview:large, max-video-preview:-1\" \/>\n<link rel=\"canonical\" href=\"https:\/\/oncourt.online\/sl\/o-nas\/\" \/>\n<meta property=\"og:locale\" content=\"sl_SI\" \/>\n<meta property=\"og:type\" content=\"article\" \/>\n<meta property=\"og:title\" content=\"About OnCourt\" \/>\n<meta property=\"og:description\" content=\"OnCourt creates premium basketball courts, combining high-performance surfaces, pro-grade hoops and intuitive court-planning tools.\" \/>\n<meta property=\"og:url\" content=\"https:\/\/oncourt.online\/sl\/o-nas\/\" \/>\n<meta property=\"og:site_name\" content=\"OnCourt Online\" \/>\n<meta property=\"article:publisher\" content=\"https:\/\/www.facebook.com\/oncourt.online\/\" \/>\n<meta property=\"article:modified_time\" content=\"2026-01-07T15:32:24+00:00\" \/>\n<meta property=\"og:image\" content=\"https:\/\/oncourt.online\/wp-content\/uploads\/2022\/05\/OnCourt-Shipping-and-Delivery-Header.jpg\" \/>\n\t<meta property=\"og:image:width\" content=\"1440\" \/>\n\t<meta property=\"og:image:height\" content=\"498\" \/>\n\t<meta property=\"og:image:type\" content=\"image\/jpeg\" \/>\n<meta name=\"twitter:card\" content=\"summary_large_image\" \/>\n<meta name=\"twitter:label1\" content=\"Est. reading time\" \/>\n\t<meta name=\"twitter:data1\" content=\"4 minute\" \/>\n<!-- \/ Yoast SEO Premium plugin. -->","yoast_head_json":{"title":"O podjetju OnCourt | Povr\u0161ine, sistemi in oblikovanje ko\u0161arkarskih igri\u0161\u010d","description":"OnCourt ustvarja vrhunska ko\u0161arkarska igri\u0161\u010da, pri \u010demer zdru\u017euje visoko zmogljive povr\u0161ine, profesionalno izdelane obro\u010de in intuitivna orodja za na\u010drtovanje igri\u0161\u010da.","robots":{"index":"index","follow":"follow","max-snippet":"max-snippet:-1","max-image-preview":"max-image-preview:large","max-video-preview":"max-video-preview:-1"},"canonical":"https:\/\/oncourt.online\/sl\/o-nas\/","og_locale":"sl_SI","og_type":"article","og_title":"About OnCourt","og_description":"OnCourt creates premium basketball courts, combining high-performance surfaces, pro-grade hoops and intuitive court-planning tools.","og_url":"https:\/\/oncourt.online\/sl\/o-nas\/","og_site_name":"OnCourt Online","article_publisher":"https:\/\/www.facebook.com\/oncourt.online\/","article_modified_time":"2026-01-07T15:32:24+00:00","og_image":[{"width":1440,"height":498,"url":"https:\/\/oncourt.online\/wp-content\/uploads\/2022\/05\/OnCourt-Shipping-and-Delivery-Header.jpg","type":"image\/jpeg"}],"twitter_card":"summary_large_image","twitter_misc":{"Est. reading time":"4 minute"},"schema":{"@context":"https:\/\/schema.org","@graph":[{"@type":"WebPage","@id":"https:\/\/oncourt.online\/sl\/about\/","url":"https:\/\/oncourt.online\/sl\/about\/","name":"O podjetju OnCourt | Povr\u0161ine, sistemi in oblikovanje ko\u0161arkarskih igri\u0161\u010d","isPartOf":{"@id":"https:\/\/oncourt.online\/sl\/#website"},"primaryImageOfPage":{"@id":"https:\/\/oncourt.online\/sl\/about\/#primaryimage"},"image":{"@id":"https:\/\/oncourt.online\/sl\/about\/#primaryimage"},"thumbnailUrl":"https:\/\/oncourt.online\/wp-content\/uploads\/2022\/05\/OnCourt-Shipping-and-Delivery-Header.jpg","datePublished":"2021-10-19T20:14:24+00:00","dateModified":"2026-01-07T15:32:24+00:00","description":"OnCourt ustvarja vrhunska ko\u0161arkarska igri\u0161\u010da, pri \u010demer zdru\u017euje visoko zmogljive povr\u0161ine, profesionalno izdelane obro\u010de in intuitivna orodja za na\u010drtovanje igri\u0161\u010da.","breadcrumb":{"@id":"https:\/\/oncourt.online\/sl\/about\/#breadcrumb"},"inLanguage":"sl-SI","potentialAction":[{"@type":"ReadAction","target":["https:\/\/oncourt.online\/sl\/about\/"]}]},{"@type":"ImageObject","inLanguage":"sl-SI","@id":"https:\/\/oncourt.online\/sl\/about\/#primaryimage","url":"https:\/\/oncourt.online\/wp-content\/uploads\/2022\/05\/OnCourt-Shipping-and-Delivery-Header.jpg","contentUrl":"https:\/\/oncourt.online\/wp-content\/uploads\/2022\/05\/OnCourt-Shipping-and-Delivery-Header.jpg","width":1440,"height":498,"caption":"Shipping & Delivery | OnCourt"},{"@type":"BreadcrumbList","@id":"https:\/\/oncourt.online\/sl\/about\/#breadcrumb","itemListElement":[{"@type":"ListItem","position":1,"name":"Home","item":"https:\/\/oncourt.online\/"},{"@type":"ListItem","position":2,"name":"About OnCourt"}]},{"@type":"WebSite","@id":"https:\/\/oncourt.online\/sl\/#website","url":"https:\/\/oncourt.online\/sl\/","name":"OnCourt Online","description":"Visokozmogljiva ko\u0161arkarska igri\u0161\u010da","publisher":{"@id":"https:\/\/oncourt.online\/sl\/#organization"},"potentialAction":[{"@type":"SearchAction","target":{"@type":"EntryPoint","urlTemplate":"https:\/\/oncourt.online\/sl\/?s={search_term_string}"},"query-input":{"@type":"PropertyValueSpecification","valueRequired":true,"valueName":"search_term_string"}}],"inLanguage":"sl-SI"},{"@type":"Organization","@id":"https:\/\/oncourt.online\/sl\/#organization","name":"OnCourt Online","url":"https:\/\/oncourt.online\/sl\/","logo":{"@type":"ImageObject","inLanguage":"sl-SI","@id":"https:\/\/oncourt.online\/sl\/#\/schema\/logo\/image\/","url":"https:\/\/oncourt.online\/wp-content\/uploads\/2021\/12\/Logo_OnCourt_Black.svg","contentUrl":"https:\/\/oncourt.online\/wp-content\/uploads\/2021\/12\/Logo_OnCourt_Black.svg","width":"1024","height":"1024","caption":"OnCourt Online"},"image":{"@id":"https:\/\/oncourt.online\/sl\/#\/schema\/logo\/image\/"},"sameAs":["https:\/\/www.facebook.com\/oncourt.online\/"],"email":"info@oncourt.online"}]}},"_links":{"self":[{"href":"https:\/\/oncourt.online\/sl\/wp-json\/wp\/v2\/pages\/80","targetHints":{"allow":["GET"]}}],"collection":[{"href":"https:\/\/oncourt.online\/sl\/wp-json\/wp\/v2\/pages"}],"about":[{"href":"https:\/\/oncourt.online\/sl\/wp-json\/wp\/v2\/types\/page"}],"author":[{"embeddable":true,"href":"https:\/\/oncourt.online\/sl\/wp-json\/wp\/v2\/users\/2"}],"replies":[{"embeddable":true,"href":"https:\/\/oncourt.online\/sl\/wp-json\/wp\/v2\/comments?post=80"}],"version-history":[{"count":0,"href":"https:\/\/oncourt.online\/sl\/wp-json\/wp\/v2\/pages\/80\/revisions"}],"wp:featuredmedia":[{"embeddable":true,"href":"https:\/\/oncourt.online\/sl\/wp-json\/wp\/v2\/media\/6877"}],"wp:attachment":[{"href":"https:\/\/oncourt.online\/sl\/wp-json\/wp\/v2\/media?parent=80"}],"curies":[{"name":"wp","href":"https:\/\/api.w.org\/{rel}","templated":true}]}}