{"id":6797,"date":"2022-05-26T13:42:42","date_gmt":"2022-05-26T13:42:42","guid":{"rendered":"https:\/\/oncourt.online\/?page_id=6797"},"modified":"2026-01-09T02:04:24","modified_gmt":"2026-01-09T02:04:24","slug":"shipping-delivery","status":"publish","type":"page","link":"https:\/\/oncourt.online\/sl\/shipping-delivery\/","title":{"rendered":"Dostava in po\u0161iljanje"},"content":{"rendered":"<div class=\"gb-container gb-container-f34a8199\">\n<div class=\"gb-container gb-container-235943a7\">\n\n<h2 class=\"gb-headline gb-headline-88ee416e gb-headline-text\">Politika dostave OnCourt Online<\/h2>\n\n\n\n<p class=\"gb-headline gb-headline-0924883b gb-headline-text not_last_text\">Dostava OnCourt je odvisna od izbranih izdelkov. \u010ce kupujete komplet igri\u0161\u010da, se ko\u0161 in komponente odpo\u0161ljejo \u010dim prej, da se lahko vklju\u010dijo v gradnjo podlage. Povr\u0161ine igri\u0161\u010da se izdelajo in odpremijo po pripravi, ki trenutno traja 10\u201312 tednov. <\/p>\n\n\n\n<p class=\"gb-text not_last_text\">Razpolo\u017eljivost dostave se razlikuje glede na dr\u017eavo. Dostavljamo le v izbrane regije, prikazane ob zaklju\u010dku nakupa.<\/p>\n\n\n\n<p>\u010ce va\u0161a dr\u017eava ni navedena in na\u010drtujete projekt ko\u0161arkarskega igri\u0161\u010da, nas kontaktirajte za oceno izvedljivosti. Razpolo\u017eljivost se presoja za vsak primer posebej. <\/p>\n\n\n\n<h3 class=\"gb-headline gb-headline-3e94b795 gb-headline-text\">Modularne \u0161portne povr\u0161ine dobavljene pripravljene za Plug &amp; Play namestitev<\/h3>\n\n\n\n<p class=\"gb-headline gb-headline-e71567d7 gb-headline-text not_last_text\">Povr\u0161ine igri\u0161\u010d se po\u0161iljajo v pakiranjih, pripravljenih za enostavno samostojno namestitev. Vsako igri\u0161\u010de je paletirano, z o\u0161tevil\u010denimi listi in zemljevidom za referenco (naro\u010dila za stanovanjske objekte se dostavijo do roba plo\u010dnika).<\/p>\n\n\n\n<p class=\"translation-block\">Vsako modularno \u0161portno igri\u0161\u010de je izdelano po naro\u010dilu, <strong>pri \u010demer proizvodnja traja pribli\u017eno<\/strong> <strong>10\u201312 tednov<\/strong> od potrjenega prejema naro\u010dila. Dobavni roki se razlikujejo glede na lokacijo, po odpremi pa boste prejeli obvestilo z ocenjenim datumom prihoda in sledenjem po\u0161iljke (aktivno po carinjenju v ciljni dr\u017eavi). Vse dajatve so vnaprej pla\u010dane, dostave pa potekajo po pogojih DDP (Delivered Duty Paid), brez skritih stro\u0161kov.<\/p>\n\n\n<div class=\"gb-container gb-container-cfce094b\">\n\n<h2 class=\"gb-text\">Odprema izdelka<\/h2>\n\n\n\n<p>\u010ce ni druga\u010de navedeno, se vsa naro\u010dila iz OnCourta po\u0161iljajo prek zaupanja vrednih prevoznikov. Izdelki se po\u0161iljajo popolnoma novi in v dobrem stanju, kot je navedeno v oglasu. Ko\u0161arkarska oprema se dostavlja prek <strong>Dostava na rob ceste<\/strong>, kar pomeni, da bo va\u0161e naro\u010dilo dostavljeno na rob ceste na koncu va\u0161e dovozne poti. Upo\u0161tevajte, da je ta storitev <strong>ne vklju\u010duje namestitve, monta\u017ee ali odstranjevanja embala\u017ee<\/strong>.<\/p>\n\n\n\n<h3 class=\"gb-headline gb-headline-bce52be2 gb-headline-text\">Sprememba naslova po odpremi<\/h3>\n\n\n\n<p>\u010ce se naslov za dostavo spremeni po tem, ko po\u0161iljko prevzame cestni prevoznik, se to \u0161teje kot ponovna odprema in zara\u010dunajo se dodatni stro\u0161ki.<\/p>\n\n\n\n<h3 class=\"gb-headline gb-headline-ab76306c gb-headline-text\">Razpored dostave<\/h3>\n\n\n\n<p class=\"translation-block\">Dostave obi\u010dajno potekajo <strong>od ponedeljka do petka, med 08:00 in 18:00<\/strong>. \u010casi se lahko razlikujejo glede na va\u0161o lokacijo, pot dostavnika in nepredvidene dejavnike, kot sta promet ali vreme.<\/p>\n\n\n\n<h3 class=\"gb-headline gb-headline-d3e65b23 gb-headline-text\">Dostavno vozilo in dostop<\/h3>\n\n\n\n<p class=\"gb-text not_last_text translation-block\">Maloprodajna naro\u010dila se dostavljajo z <strong>te\u017ekimi tovornimi vozili (npr. vla\u010dilec s priklopnikom)<\/strong> in obi\u010dajno vklju\u010dujejo <strong>hidravli\u010dno dvi\u017eno plo\u0161\u010dad<\/strong>. Voznik je odgovoren za razklad izdelka in njegovo postavitev ob rob cesti\u0161\u010da. \u010ce se opravijo dodatne dostavne storitve, se lahko zara\u010dunajo dodatni stro\u0161ki.<\/p>\n\n\n\n<p class=\"translation-block\">Prosimo, natan\u010dno preverite dobavnico, da se prepri\u010date, da <strong>niso bile opravljene dodatne storitve<\/strong>. \u010ce so bile, si OnCourt pridr\u017euje pravico, da <strong>te stro\u0161ke prenese naprej<\/strong>.<\/p>\n\n\n\n<h3 class=\"wp-block-heading\" id=\"h-delivery-signature-amp-inspection\">Podpis in pregled ob dostavi<\/h3>\n\n\n\n<p class=\"gb-text not_last_text translation-block\">Ob dostavi je potreben <strong>podpis<\/strong>. Embala\u017eo je treba pregledati <strong>pred podpisom<\/strong>. Po potrebi lahko odprete \u0161katlo in preverite stanje vsebine, zlasti <strong>steklene table<\/strong>, ki so med prevozom bolj ob\u010dutljive.<\/p>\n\n\n\n<p>\u010ce je kateri koli del po\u0161iljke videti po\u0161kodovan:<\/p>\n\n\n\n<ul class=\"wp-block-list\">\n<li><strong>Ne zavrnite dostave.<\/strong><\/li>\n\n\n\n<li>Na potrdilu o dostavi jasno opi\u0161ite problem (npr., <em>\u201cOgljikov okvir se je razbil ob dostavi\u201d<\/em>).<\/li>\n\n\n\n<li>Vzemite jasno <strong>fotografije \u0161kode<\/strong>.<\/li>\n\n\n\n<li>Podpisani ra\u010dun in fotografije po\u0161ljite po e-po\u0161ti na\u0161i podporni ekipi, mi pa vam bomo poslali <strong>nadomestni del<\/strong> takoj.<\/li>\n<\/ul>\n\n\n\n<p class=\"gb-text not_last_text\">V tem \u010dasu lahko nadaljujete z vsemi koraki priprave, ki niso prizadeti (npr. namestitev sidrov in su\u0161enje betona).<\/p>\n\n\n\n<p>Za vse dostave je potreben podpis. Prejemnik mora podpisati potrdilo o dostavi, brez katerega dostava ne bo izvedena.<\/p>\n\n\n\n<h3 class=\"gb-headline gb-headline-7838bbbd gb-headline-text\">Pomembna opozorila glede dostave<\/h3>\n\n\n\n<ul class=\"wp-block-list\">\n<li>Vsi izdelki zapustijo na\u0161e skladi\u0161\u010de <strong>popolnoma nov in nepo\u0161kodovan<\/strong>.<\/li>\n\n\n\n<li>\u010ce po\u0161kodba ni navedena na potrdilu o dostavi, vi <strong>osvoboditi prevoznika odgovornosti<\/strong> in morda ne bo mogel zahtevati od\u0161kodnine.<\/li>\n\n\n\n<li><strong>Kaljeno steklo<\/strong> ne poka, ampak se razbije. \u010ce je va\u0161a hrbtna plo\u0161\u010da zlomljena, bo v <strong>veliko majhnih kosov<\/strong>, ne razpokan.<\/li>\n<\/ul>\n\n\n\n<p>Za va\u0161o za\u0161\u010dito, <strong>zraven podpisa napi\u0161ite \u201cPredmet pregleda\u201d<\/strong> ob podpisu za dostavo.<\/p>\n\n\n\n<h3 class=\"gb-headline gb-headline-dd213a82 gb-headline-text\">Dostava Dostop<\/h3>\n\n\n\n<p>\u010ce va\u0161a lokacija ni dostopna za velika dostavna vozila (npr. ozke ceste, strma pot, zaprte naselbine), boste morda morali:<\/p>\n\n\n\n<ul class=\"wp-block-list\">\n<li>Pobere\u0161 lahko svoje naro\u010dilo na lokalnem terminalu ali<\/li>\n\n\n\n<li>Uredite kon\u010dno dostavo prek kurirja tretje osebe.<\/li>\n<\/ul>\n\n\n\n<h3 class=\"gb-headline gb-headline-f4f6c8ad gb-headline-text\">Nestorljiva naro\u010dila<\/h3>\n\n\n\n<p>\u010ce je po\u0161iljka vrnjena kot <strong>Neizro\u010dljivo<\/strong> ali <strong>Zavrnjeno<\/strong>, a <strong>20% pristojbina za ponovno zalaganje<\/strong> velja, vi pa boste odgovorni za vse prvotne stro\u0161ke po\u0161iljanja.<\/p>\n\n<\/div>\n\n\n<h3 class=\"gb-headline gb-headline-77bdb557 gb-headline-text\">Dostava in carina (naro\u010dila izven EU)<\/h3>\n\n\n\n<p class=\"gb-headline gb-headline-f02c1b4c gb-headline-text\">Za vsa naro\u010dila, ki so bila odpremljena <strong>zunaj Evropske unije<\/strong>:<\/p>\n\n\n\n<ul class=\"wp-block-list\">\n<li>Cene, prikazane ob zaklju\u010dku nakupa, ne vklju\u010dujejo lokalnih davkov, uvoznih dajatev ali carinskih pristojbin.<\/li>\n\n\n\n<li>Vi ste uvoznik v evidenci in ste izklju\u010dno odgovorni za vse tak\u0161ne stro\u0161ke ob dostavi.<\/li>\n\n\n\n<li>OnCourt ne pobira in ne pla\u010duje DDV\/GST, uvoznih dajatev ali carinskih pristojbin za destinacije zunaj EU.<\/li>\n\n\n\n<li>\u010ce se stro\u0161ki zavrnejo ali ne pla\u010dajo, lahko to povzro\u010di zamude, vrnitev ali opustitev po\u0161iljke. OnCourt ni odgovoren za kakr\u0161ne koli nastale stro\u0161ke ali izgube in v takih primerih ne bo povrnil stro\u0161kov po\u0161iljanja ali izdelkov.<\/li>\n<\/ul>\n\n\n\n<p>Z zaklju\u010dkom nakupa potrjujete in sprejemate te pogoje.<\/p>\n\n<\/div>\n<\/div>\n\n<div class=\"gb-container gb-container-aedea16a\" id=\"megaslam-shipping\">\n<div class=\"gb-container gb-container-492b5ca3\">\n\n<h2 class=\"gb-headline gb-headline-65d8dcc4 gb-headline-text\">Nemoteno dostavo va\u0161ega Mega Slam Hoop <\/h2>\n\n\n\n<p class=\"gb-headline gb-headline-880344a0 gb-headline-text\">Ko naro\u010dite na oncourt.online, vam obro\u010d dostavimo neposredno na va\u0161 prag, kar pomeni, da pride neposredno iz na\u0161ega skladi\u0161\u010da, s tovornjaka in na va\u0161 prag, tako da ne izgubljate \u010dasa, da bi se lotili prostih metov. Uporabite na\u0161 5-to\u010dkovni kontrolni seznam spodaj, da zagotovite nemoteno dostavo va\u0161ega <a href=\"https:\/\/oncourt.online\/sl\/kosarkarski-obrocniki\/\"><em><strong>Mega Slam Hoop<\/strong><\/em><\/a>. <\/p>\n\n\n\n<figure class=\"wp-block-image size-full is-resized\"><img loading=\"lazy\" decoding=\"async\" width=\"600\" height=\"600\" src=\"https:\/\/oncourt.online\/wp-content\/uploads\/2021\/10\/Mega-Slam-Hoop-s-Order-Confirmation.png\" alt=\"Mega Slam Hoops - Potrditev naro\u010dila\" class=\"wp-image-422\" style=\"width:150px;height:auto\" srcset=\"https:\/\/oncourt.online\/wp-content\/uploads\/2021\/10\/Mega-Slam-Hoop-s-Order-Confirmation.png 600w, https:\/\/oncourt.online\/wp-content\/uploads\/2021\/10\/Mega-Slam-Hoop-s-Order-Confirmation-100x100.png 100w, https:\/\/oncourt.online\/wp-content\/uploads\/2021\/10\/Mega-Slam-Hoop-s-Order-Confirmation-545x545.png 545w\" sizes=\"auto, (max-width: 600px) 100vw, 600px\" \/><\/figure>\n\n\n\n<h4 class=\"gb-headline gb-headline-8536b972 gb-headline-text\">1. Potrdite svoje naro\u010dilo<\/h4>\n\n\n\n<p class=\"gb-headline gb-headline-9f1a5517 gb-headline-text\">\u010cestitke ob naro\u010dilu novega obro\u010da. Zdaj poi\u0161\u010dite e-po\u0161tno sporo\u010dilo s podatki o naro\u010dilu. <\/p>\n\n\n\n<figure class=\"wp-block-image size-full is-resized\"><img loading=\"lazy\" decoding=\"async\" width=\"600\" height=\"600\" src=\"https:\/\/oncourt.online\/wp-content\/uploads\/2021\/10\/Mega-Slam-Hoops-Arrange-Delivery.png\" alt=\"Mega Slam Hoops - Dogovorite se za dostavo\" class=\"wp-image-419\" style=\"width:150px;height:150px\" srcset=\"https:\/\/oncourt.online\/wp-content\/uploads\/2021\/10\/Mega-Slam-Hoops-Arrange-Delivery.png 600w, https:\/\/oncourt.online\/wp-content\/uploads\/2021\/10\/Mega-Slam-Hoops-Arrange-Delivery-100x100.png 100w, https:\/\/oncourt.online\/wp-content\/uploads\/2021\/10\/Mega-Slam-Hoops-Arrange-Delivery-545x545.png 545w\" sizes=\"auto, (max-width: 600px) 100vw, 600px\" \/><\/figure>\n\n\n\n<h4 class=\"gb-headline gb-headline-9bfe8bb5 gb-headline-text\">2. Odprava in dostava <\/h4>\n\n\n\n<p class=\"gb-headline gb-headline-290fa9d6 gb-headline-text\">Prejeli boste potrdilo o odpremi naro\u010dila, ki bo vklju\u010devalo predvideni \u010dasovni okvir dostave. <\/p>\n\n\n\n<figure class=\"wp-block-image size-full is-resized\"><img loading=\"lazy\" decoding=\"async\" width=\"600\" height=\"600\" src=\"https:\/\/oncourt.online\/wp-content\/uploads\/2021\/10\/Mega-Slam-Hoops-Curbside-Delivery.png\" alt=\"Mega Slam obro\u010dniki - Dostava ob cesti\" class=\"wp-image-420\" style=\"width:150px;height:150px\" srcset=\"https:\/\/oncourt.online\/wp-content\/uploads\/2021\/10\/Mega-Slam-Hoops-Curbside-Delivery.png 600w, https:\/\/oncourt.online\/wp-content\/uploads\/2021\/10\/Mega-Slam-Hoops-Curbside-Delivery-100x100.png 100w, https:\/\/oncourt.online\/wp-content\/uploads\/2021\/10\/Mega-Slam-Hoops-Curbside-Delivery-545x545.png 545w\" sizes=\"auto, (max-width: 600px) 100vw, 600px\" \/><\/figure>\n\n\n\n<h4 class=\"gb-headline gb-headline-111f7f0a gb-headline-text\">3. Naredite prostor za svoj obro\u010d<\/h4>\n\n\n\n<p class=\"gb-headline gb-headline-cdd4e7d1 gb-headline-text\">Ko\u0161arkarski sistemi Mega Slam so veliki (do 340 kg) in paleta za prevoz zavzame precej prostora ob dostavi (naro\u010dila za zasebne stranke se dostavijo do roba plo\u010dnika).<\/p>\n\n\n\n<figure class=\"wp-block-image size-full is-resized\"><img loading=\"lazy\" decoding=\"async\" width=\"600\" height=\"600\" src=\"https:\/\/oncourt.online\/wp-content\/uploads\/2021\/10\/Mega-Slam-Shipping-Boxes.png\" alt=\"Mega Slam \u0161katle za dostavo\" class=\"wp-image-421\" style=\"width:150px;height:150px\" srcset=\"https:\/\/oncourt.online\/wp-content\/uploads\/2021\/10\/Mega-Slam-Shipping-Boxes.png 600w, https:\/\/oncourt.online\/wp-content\/uploads\/2021\/10\/Mega-Slam-Shipping-Boxes-100x100.png 100w, https:\/\/oncourt.online\/wp-content\/uploads\/2021\/10\/Mega-Slam-Shipping-Boxes-545x545.png 545w\" sizes=\"auto, (max-width: 600px) 100vw, 600px\" \/><\/figure>\n\n\n\n<h4 class=\"gb-headline gb-headline-c4d17918 gb-headline-text\">4. Preglejte dostavo obro\u010da<\/h4>\n\n\n\n<p class=\"gb-headline gb-headline-b333a103 gb-headline-text\">Glede na velikost naro\u010dila se prepri\u010dajte, da je na vsako paleto pripeto ustrezno \u0161tevilo \u0161katel (vsak sistem prispe na eni paleti z jasno o\u0161tevil\u010denimi \u0161katlami). Ni\u010d hudega, \u010de so nekatere \u0161katle vdrte ali raztrgane. Na\u0161i sistemi so trpe\u017eni in bodo prenesli manj\u0161e po\u0161kodbe \u0161katel. <\/p>\n\n\n\n<figure class=\"wp-block-image size-full is-resized\"><img loading=\"lazy\" decoding=\"async\" width=\"600\" height=\"600\" src=\"https:\/\/oncourt.online\/wp-content\/uploads\/2021\/10\/Mega-Slam-Hoops-Signed-Delivery.png\" alt=\"Mega Slam Hoops - podpisana dostava\" class=\"wp-image-417\" style=\"width:150px;height:150px\" srcset=\"https:\/\/oncourt.online\/wp-content\/uploads\/2021\/10\/Mega-Slam-Hoops-Signed-Delivery.png 600w, https:\/\/oncourt.online\/wp-content\/uploads\/2021\/10\/Mega-Slam-Hoops-Signed-Delivery-100x100.png 100w, https:\/\/oncourt.online\/wp-content\/uploads\/2021\/10\/Mega-Slam-Hoops-Signed-Delivery-545x545.png 545w\" sizes=\"auto, (max-width: 600px) 100vw, 600px\" \/><\/figure>\n\n\n\n<h4 class=\"gb-headline gb-headline-f3ff4626 gb-headline-text\">5. Podpis za sprostitev dostave<\/h4>\n\n\n\n<p class=\"gb-headline gb-headline-0e5ad3a7 gb-headline-text\">Prijazni dostavljavec bo zdaj zahteval podpis za sprostitev ko\u0161arkarskega sistema. \u010ce so \u0161katle (ali sistem) vidno po\u0161kodovane, jih pred podpisom dokumentirajte na dobavnici in fotografirajte.<br>\u010ce so bili izdelki po\u0161kodovani, sprejmite po\u0161iljko in se takoj obrnite na nas. V elektronsko sporo\u010dilo vklju\u010dite vse fotografije in pospe\u0161ili bomo dostavo nadomestnih delov. <\/p>\n\n\n\n<figure class=\"wp-block-image size-full is-resized\"><img loading=\"lazy\" decoding=\"async\" width=\"750\" height=\"750\" src=\"https:\/\/oncourt.online\/wp-content\/uploads\/2021\/10\/MegaDlam-Installation-Dig-and-Pour.png\" alt=\"\" class=\"wp-image-319\" style=\"width:188px;height:188px\" srcset=\"https:\/\/oncourt.online\/wp-content\/uploads\/2021\/10\/MegaDlam-Installation-Dig-and-Pour.png 750w, https:\/\/oncourt.online\/wp-content\/uploads\/2021\/10\/MegaDlam-Installation-Dig-and-Pour-100x100.png 100w, https:\/\/oncourt.online\/wp-content\/uploads\/2021\/10\/MegaDlam-Installation-Dig-and-Pour-545x545.png 545w\" sizes=\"auto, (max-width: 750px) 100vw, 750px\" \/><\/figure>\n\n\n\n<h3 class=\"gb-headline gb-headline-a22b1bbf gb-headline-text\">Namestitev<\/h3>\n\n\n\n<p class=\"gb-headline gb-headline-507bcc99 gb-headline-text\">Ko je obro\u010d dostavljen, je \u010das za<a href=\"https:\/\/oncourt.online\/sl\/vodici\/namestitev\/vodnik-za-namestitev-kosarkarskega-kosa\/\"> <em><strong>namestite ko\u0161arkarski obro\u010d<\/strong><\/em><\/a>.<\/p>\n\n<\/div>\n<\/div>","protected":false},"excerpt":{"rendered":"<p> &#8230; <a title=\"Dostava in po\u0161iljanje\" class=\"read-more\" href=\"https:\/\/oncourt.online\/sl\/shipping-delivery\/\" aria-label=\"Read more about Shipping And Delivery\">Preberi ve\u010d<\/a><\/p>","protected":false},"author":2,"featured_media":6877,"parent":0,"menu_order":24,"comment_status":"closed","ping_status":"closed","template":"","meta":{"_acf_changed":false,"inline_featured_image":false,"footnotes":""},"class_list":{"0":"post-6797","1":"page","2":"type-page","3":"status-publish","4":"has-post-thumbnail","6":"infinite-scroll-item","7":"no-featured-image-padding","8":"resize-featured-image"},"acf":[],"yoast_head":"<!-- This site is optimized with the Yoast SEO Premium plugin v26.8 (Yoast SEO v27.3) - https:\/\/yoast.com\/product\/yoast-seo-premium-wordpress\/ -->\n<title>Shipping &amp; Delivery Information | OnCourt<\/title>\n<meta name=\"description\" content=\"Shipping and delivery information, including delivery methods, access planning, handling advice, and important notes for OnCourt orders.\" \/>\n<meta name=\"robots\" content=\"index, follow, max-snippet:-1, max-image-preview:large, max-video-preview:-1\" \/>\n<link rel=\"canonical\" href=\"https:\/\/oncourt.online\/sl\/shipping-delivery\/\" \/>\n<meta property=\"og:locale\" content=\"sl_SI\" \/>\n<meta property=\"og:type\" content=\"article\" \/>\n<meta property=\"og:title\" content=\"Shipping And Delivery\" \/>\n<meta property=\"og:description\" content=\"Shipping and delivery information, including delivery methods, access planning, handling advice, and important notes for OnCourt orders.\" \/>\n<meta property=\"og:url\" content=\"https:\/\/oncourt.online\/sl\/shipping-delivery\/\" \/>\n<meta property=\"og:site_name\" content=\"OnCourt Online\" \/>\n<meta property=\"article:publisher\" content=\"https:\/\/www.facebook.com\/oncourt.online\/\" \/>\n<meta property=\"article:modified_time\" content=\"2026-01-09T02:04:24+00:00\" \/>\n<meta property=\"og:image\" content=\"https:\/\/oncourt.online\/wp-content\/uploads\/2022\/05\/OnCourt-Shipping-and-Delivery-Header.jpg\" \/>\n\t<meta property=\"og:image:width\" content=\"1440\" \/>\n\t<meta property=\"og:image:height\" content=\"498\" \/>\n\t<meta property=\"og:image:type\" content=\"image\/jpeg\" \/>\n<meta name=\"twitter:card\" content=\"summary_large_image\" \/>\n<meta name=\"twitter:label1\" content=\"Est. reading time\" \/>\n\t<meta name=\"twitter:data1\" content=\"6 minut\" \/>\n<!-- \/ Yoast SEO Premium plugin. -->","yoast_head_json":{"title":"Informacije o Dostavi in Po\u0161iljanju | OnCourt","description":"Informacije o po\u0161iljanju in dostavi, vklju\u010dno z na\u010dini dostave, na\u010drtovanjem dostopa, nasveti za ravnanje in pomembnimi opombami za naro\u010dila OnCourt.","robots":{"index":"index","follow":"follow","max-snippet":"max-snippet:-1","max-image-preview":"max-image-preview:large","max-video-preview":"max-video-preview:-1"},"canonical":"https:\/\/oncourt.online\/sl\/shipping-delivery\/","og_locale":"sl_SI","og_type":"article","og_title":"Shipping And Delivery","og_description":"Shipping and delivery information, including delivery methods, access planning, handling advice, and important notes for OnCourt orders.","og_url":"https:\/\/oncourt.online\/sl\/shipping-delivery\/","og_site_name":"OnCourt Online","article_publisher":"https:\/\/www.facebook.com\/oncourt.online\/","article_modified_time":"2026-01-09T02:04:24+00:00","og_image":[{"width":1440,"height":498,"url":"https:\/\/oncourt.online\/wp-content\/uploads\/2022\/05\/OnCourt-Shipping-and-Delivery-Header.jpg","type":"image\/jpeg"}],"twitter_card":"summary_large_image","twitter_misc":{"Est. reading time":"6 minut"},"schema":{"@context":"https:\/\/schema.org","@graph":[{"@type":"WebPage","@id":"https:\/\/oncourt.online\/sl\/shipping-delivery\/","url":"https:\/\/oncourt.online\/sl\/shipping-delivery\/","name":"Informacije o Dostavi in Po\u0161iljanju | OnCourt","isPartOf":{"@id":"https:\/\/oncourt.online\/sl\/#website"},"primaryImageOfPage":{"@id":"https:\/\/oncourt.online\/sl\/shipping-delivery\/#primaryimage"},"image":{"@id":"https:\/\/oncourt.online\/sl\/shipping-delivery\/#primaryimage"},"thumbnailUrl":"https:\/\/oncourt.online\/wp-content\/uploads\/2022\/05\/OnCourt-Shipping-and-Delivery-Header.jpg","datePublished":"2022-05-26T13:42:42+00:00","dateModified":"2026-01-09T02:04:24+00:00","description":"Informacije o po\u0161iljanju in dostavi, vklju\u010dno z na\u010dini dostave, na\u010drtovanjem dostopa, nasveti za ravnanje in pomembnimi opombami za naro\u010dila OnCourt.","breadcrumb":{"@id":"https:\/\/oncourt.online\/sl\/shipping-delivery\/#breadcrumb"},"inLanguage":"sl-SI","potentialAction":[{"@type":"ReadAction","target":["https:\/\/oncourt.online\/sl\/shipping-delivery\/"]}]},{"@type":"ImageObject","inLanguage":"sl-SI","@id":"https:\/\/oncourt.online\/sl\/shipping-delivery\/#primaryimage","url":"https:\/\/oncourt.online\/wp-content\/uploads\/2022\/05\/OnCourt-Shipping-and-Delivery-Header.jpg","contentUrl":"https:\/\/oncourt.online\/wp-content\/uploads\/2022\/05\/OnCourt-Shipping-and-Delivery-Header.jpg","width":1440,"height":498,"caption":"Shipping & Delivery | OnCourt"},{"@type":"BreadcrumbList","@id":"https:\/\/oncourt.online\/sl\/shipping-delivery\/#breadcrumb","itemListElement":[{"@type":"ListItem","position":1,"name":"Home","item":"https:\/\/oncourt.online\/"},{"@type":"ListItem","position":2,"name":"Shipping And Delivery"}]},{"@type":"WebSite","@id":"https:\/\/oncourt.online\/sl\/#website","url":"https:\/\/oncourt.online\/sl\/","name":"OnCourt Online","description":"Visokozmogljiva ko\u0161arkarska igri\u0161\u010da","publisher":{"@id":"https:\/\/oncourt.online\/sl\/#organization"},"potentialAction":[{"@type":"SearchAction","target":{"@type":"EntryPoint","urlTemplate":"https:\/\/oncourt.online\/sl\/?s={search_term_string}"},"query-input":{"@type":"PropertyValueSpecification","valueRequired":true,"valueName":"search_term_string"}}],"inLanguage":"sl-SI"},{"@type":"Organization","@id":"https:\/\/oncourt.online\/sl\/#organization","name":"OnCourt Online","url":"https:\/\/oncourt.online\/sl\/","logo":{"@type":"ImageObject","inLanguage":"sl-SI","@id":"https:\/\/oncourt.online\/sl\/#\/schema\/logo\/image\/","url":"https:\/\/oncourt.online\/wp-content\/uploads\/2021\/12\/Logo_OnCourt_Black.svg","contentUrl":"https:\/\/oncourt.online\/wp-content\/uploads\/2021\/12\/Logo_OnCourt_Black.svg","width":"1024","height":"1024","caption":"OnCourt Online"},"image":{"@id":"https:\/\/oncourt.online\/sl\/#\/schema\/logo\/image\/"},"sameAs":["https:\/\/www.facebook.com\/oncourt.online\/"],"email":"info@oncourt.online"}]}},"_links":{"self":[{"href":"https:\/\/oncourt.online\/sl\/wp-json\/wp\/v2\/pages\/6797","targetHints":{"allow":["GET"]}}],"collection":[{"href":"https:\/\/oncourt.online\/sl\/wp-json\/wp\/v2\/pages"}],"about":[{"href":"https:\/\/oncourt.online\/sl\/wp-json\/wp\/v2\/types\/page"}],"author":[{"embeddable":true,"href":"https:\/\/oncourt.online\/sl\/wp-json\/wp\/v2\/users\/2"}],"replies":[{"embeddable":true,"href":"https:\/\/oncourt.online\/sl\/wp-json\/wp\/v2\/comments?post=6797"}],"version-history":[{"count":0,"href":"https:\/\/oncourt.online\/sl\/wp-json\/wp\/v2\/pages\/6797\/revisions"}],"wp:featuredmedia":[{"embeddable":true,"href":"https:\/\/oncourt.online\/sl\/wp-json\/wp\/v2\/media\/6877"}],"wp:attachment":[{"href":"https:\/\/oncourt.online\/sl\/wp-json\/wp\/v2\/media?parent=6797"}],"curies":[{"name":"wp","href":"https:\/\/api.w.org\/{rel}","templated":true}]}}