{"id":428,"date":"2021-10-22T11:43:33","date_gmt":"2021-10-22T11:43:33","guid":{"rendered":"https:\/\/oncourt.online\/?page_id=428"},"modified":"2026-01-03T03:34:58","modified_gmt":"2026-01-03T03:34:58","slug":"dozivljenjska-garancija","status":"publish","type":"page","link":"https:\/\/oncourt.online\/sl\/basketball-hoops\/lifetime-warranty\/","title":{"rendered":"Do\u017eivljenjska garancija"},"content":{"rendered":"<div class=\"gb-element-118ef599\">\n<div class=\"gb-element-d7eed537\">\n<h2 class=\"gb-headline gb-headline-96ad026f gb-headline-text\">Primerno za celo \u017eivljenje zabijanj, slam dunkov in jamov<\/h2>\n\n\n\n<p class=\"gb-headline gb-headline-78623ab6 gb-headline-text\">Mega Slam Hoops in OnCourt sta zavezana k zagotavljanju najbolj\u0161ih ko\u0161arkarskih sistemov za doma\u010do rabo, ki jih lahko kupite za svoj denar. Izdelki Mega Slam so zasnovani tako, da trajajo celo \u017eivljenje. Zato je smiselno, da garancija traja prav tako dolgo.<br>Pri drugih proizvajalcih ko\u0161arkarskih obro\u010dev ne boste na\u0161li nobene od teh obljub. Mi pa stojimo za ko\u0161arkarskimi sistemi Mega Slam Hoops in zagotavljamo odli\u010dno delovanje za celotno \u017eivljenjsko dobo, vse do najmanj\u0161ih podrobnosti.<\/p>\n\n\n\n<p class=\"gb-headline gb-headline-c6f59d0a gb-headline-text\"><br><strong>BASKETBALL SYSTEMS OMEJENA DO\u017dIVLJENJSKA GARANCIJA<\/strong><br>OMEJENA DO\u017dIVLJENJSKA GARANCIJA velja samo za prvotnega kupca, ki je Mega Slam Hoops (v nadaljevanju \u201cizdelek\u201d) kupil v maloprodaji, in zagotavlja, da so strukturni sestavni deli izdelka brez napak v materialu in izdelavi, ob upo\u0161tevanju spodaj navedenih omejitev. \u201cNapake\u201d so opredeljene kot pomanjkljivosti, ki ovirajo uporabo izdelka.<\/p>\n\n\n\n<p>THE LIMITED LIFETIME WARRANTY COVERAGE IS EXTENDED ONLY TO THE ORIGINAL RETAIL PURCHASER AND TERMINATES IF THE ORIGINAL RETAIL PURCHASER OTHERWISE TRANSFERS OR SELLS THE PRODUCT. THIS WARRANTY IS VOID IF THE PRODUCT HAS BEEN DAMAGED BY IMPROPER SERVICE, NEGLIGENCE, ACCIDENT, UNREASONABLE USE, IMPROPER INSTALLATION, OR OTHER CAUSES NOT RESULTING FROM DEFECTS IN MATERIAL AND WORKMANSHIP. <\/p>\n\n\n\n<p>Subject to proper installation in accordance with the installation instructions; normal residential use for glass backboards; normal basketball related activities; and has been maintained in agreement with the instructions.<\/p>\n\n\n\n<p class=\"gb-headline gb-headline-1de06637 gb-headline-text\"><br><strong>GARANCIJSKI ZAHTEVKI<\/strong><br>Proof of purchase by the original retail Consumer Purchaser is required for all warranty claims.<\/p>\n\n\n\n<p>Mega Sports UK Ltd reserves the right to examine physical evidence or photographs of the Product, or component parts, claimed to be defective, and to recover said Product, prior to authorising a warranty claim. If applicable, a \u201cReturn Merchandise Authorisation\u201d (RMA) number will be required prior to shipping damaged Product by original retail Consumer Purchaser with freight prepaid.<\/p>\n\n\n\n<p>In returning a Product or component part for repair or replacement under this warranty, the original Consumer Purchaser must prepay all shipping transportation, insurance and delivery costs, and the Product or component parts, must be delivered in either its original carton or a similar package affording an equal degree of protection.<\/p>\n\n\n\n<p>Mega Sports UK Ltd will not be responsible for any loss or damage incurred in connection with the return of this Product or component parts.<\/p>\n\n\n\n<p>Omejena do\u017eivljenjska garancija ne krije naslednjega:<\/p>\n\n\n\n<p>Ta garancija ne velja za noben izdelek, ki je bil izpostavljen napa\u010dni uporabi, zlorabi, nenormalni uporabi, malomarnosti, spremembam, nesre\u010di, nepravilni namestitvi, vandalizmu ali po\u017earu.<\/p>\n\n\n\n<p>Barva, zarjaveli deli, praske na povr\u0161ini, zbledelost, razbarvanje ali razpoke, ki ne vplivajo na delovanje izdelka.<\/p>\n\n\n\n<p>Po\u0161kodbe ali poslab\u0161anje zaradi \u010dasa ali normalne obrabe.<\/p>\n\n\n\n<p>\u0160koda zaradi \u201cvi\u0161je sile\u201d vklju\u010duje, vendar ni omejena na, poplave, tornade, to\u010do, strele, pe\u0161\u010dene nevihte, vetrovne nevihte ali potrese.<\/p>\n\n\n\n<p>\u0160koda zaradi \u201cokoljskih dejavnikov\u201d vklju\u010duje, vendar ni omejena na, stvari, kot so radioaktivni padec, kemikalije, morski pr\u0161ec ali pesek, ki ga prena\u0161a veter.<\/p>\n\n\n\n<p>Stro\u0161ki po\u0161iljanja v obe smeri za izdelke, ki so v garanciji ali so bili zamenjani, mora vnaprej pla\u010dati prvotni kupec.<\/p>\n\n\n\n<p>Stro\u0161ki storitev prodajalca, stro\u0161ki dela ali potni stro\u0161ki. Vsi stro\u0161ki dela, potni stro\u0161ki in drugi stro\u0161ki, povezani z namestitvijo, pregledom, servisiranjem ali zamenjavo izdelka ali zamenjavo sestavnih delov, so v breme prvotnega maloprodajnega kupca.<\/p>\n\n\n\n<p>TA GARANCIJA JE IZRECNO NAMESTO VSEH DRUGIH GARANCIJ, IZRECNIH ALI IMPLICITNIH, VKLJU\u010cNO, A NE OMEJENO NA IMPLICITNO GARANCIJO PRODAJNOSTI ALI PRIMERNOSTI ZA DOLO\u010cEN NAMEN, IN VSE DRUGE OBVEZE STRANI MEGA SPORTS UK LTD, VENDAR \u010cE JE IZKLJU\u010cITEV IMPLICITNIH GARANCIJ VELJAVNA V SKLADU Z VELJAVNO ZAKONODAJO, JE TRAJANJE VSEH IMPLICITNIH GARANCIJ, KI IZHAJAJO IZ ZAKONA, OMEJENO NA ENA (1) LETO OD DATUM NAKUPA ALI NA DALJ\u0160E OBDOBJE, KOT JE MOGO\u010cE ZAHTEVANO V SKLADU Z VELJAVNO ZAKONODAJO.<\/p>\n\n\n\n<p>MEGA SPORTS UK LTD HEREBY DISCLAIMS ANY AND ALL LIABILITY FOR CONSEQUENTIAL AND INCIDENTAL DAMAGES ARISING OUT OF OR IN CONNECTION WITH ANY BREACH OF THIS WARRANTY OR ANY OTHER CLAIM WITH RESPECT TO THIS PRODUCT, INCLUDING BUT NOT LIMITED TO, CLAIMS OF NEGLIGENCE, STRICT LIABILITY IN TORT OR BREACH OF CONTRACT.<\/p>\n\n\n\n<p>SOME STATES DO NOT ALLOW (A) LIMITATIONS ON HOW LONG AN IMPLIED WARRANTY LASTS OR (B) THE EXCLUSION OR LIMITATION OF INCIDENTAL OR CONSEQUENTIAL DAMAGES, SO THE ABOVE LIMITATIONS OR EXCLUSIONS MAY NOT APPLY TO YOU. THIS WARRANTY GIVES YOU SPECIFIC LEGAL RIGHTS AND YOU MAY HAVE OTHER RIGHTS WHICH VARY FROM STATE TO STATE.<\/p>\n\n\n\n<p>FOR THE ORIGINAL RETAIL PURCHASER TO SUBMIT A WARRANTY CLAIM, CALL OR WRITE MEGA SLAM HOOPS UK.<\/p>\n\n\n\n<p>TELEFON<br>020 3920 7400<br><br>EMAIL<br>support@megaslamhoops.uk<br>PO\u0160TNI NASLOV<br><br>Mega Slam Velika Britanija<br>The Hollies, Station Road, Chilbolton<br>Stockbridge, Hampshire<br>Zdru\u017eeno kraljestvo, SO20 6AL<\/p>\n<\/div>\n<\/div>","protected":false},"excerpt":{"rendered":"<p> &#8230; <a title=\"Do\u017eivljenjska garancija\" class=\"read-more\" href=\"https:\/\/oncourt.online\/sl\/basketball-hoops\/lifetime-warranty\/\" aria-label=\"Read more about Lifetime Warranty\">Preberi ve\u010d<\/a><\/p>","protected":false},"author":2,"featured_media":362,"parent":34,"menu_order":0,"comment_status":"closed","ping_status":"closed","template":"","meta":{"_acf_changed":false,"inline_featured_image":false,"footnotes":""},"class_list":{"0":"post-428","1":"page","2":"type-page","3":"status-publish","4":"has-post-thumbnail","6":"infinite-scroll-item","7":"no-featured-image-padding","8":"resize-featured-image"},"acf":[],"yoast_head":"<!-- This site is optimized with the Yoast SEO Premium plugin v26.8 (Yoast SEO v27.3) - https:\/\/yoast.com\/product\/yoast-seo-premium-wordpress\/ -->\n<title>Lifetime Warranty - OnCourt Online<\/title>\n<meta name=\"description\" content=\"Mega Slam Hoops and OnCourt are committed to providing the best residential basketball systems that your money can buy.\" \/>\n<meta name=\"robots\" content=\"index, follow, max-snippet:-1, max-image-preview:large, max-video-preview:-1\" \/>\n<link rel=\"canonical\" href=\"https:\/\/oncourt.online\/sl\/kosarkarski-obrocniki\/dozivljenjska-garancija\/\" \/>\n<meta property=\"og:locale\" content=\"sl_SI\" \/>\n<meta property=\"og:type\" content=\"article\" \/>\n<meta property=\"og:title\" content=\"Lifetime Warranty\" \/>\n<meta property=\"og:description\" content=\"Mega Slam Hoops and OnCourt are committed to providing the best residential basketball systems that your money can buy.\" \/>\n<meta property=\"og:url\" content=\"https:\/\/oncourt.online\/sl\/kosarkarski-obrocniki\/dozivljenjska-garancija\/\" \/>\n<meta property=\"og:site_name\" content=\"OnCourt Online\" \/>\n<meta property=\"article:publisher\" content=\"https:\/\/www.facebook.com\/oncourt.online\/\" \/>\n<meta property=\"article:modified_time\" content=\"2026-01-03T03:34:58+00:00\" \/>\n<meta property=\"og:image\" content=\"https:\/\/oncourt.online\/wp-content\/uploads\/2021\/10\/Mega-Slam-Hoops-Lifetime-Warranty.png\" \/>\n\t<meta property=\"og:image:width\" content=\"300\" \/>\n\t<meta property=\"og:image:height\" content=\"300\" \/>\n\t<meta property=\"og:image:type\" content=\"image\/png\" \/>\n<meta name=\"twitter:card\" content=\"summary_large_image\" \/>\n<meta name=\"twitter:label1\" content=\"Est. reading time\" \/>\n\t<meta name=\"twitter:data1\" content=\"4 minute\" \/>\n<!-- \/ Yoast SEO Premium plugin. -->","yoast_head_json":{"title":"Do\u017eivljenjska garancija - OnCourt Online","description":"Mega Slam Hoops in OnCourt sta zavezana k zagotavljanju najbolj\u0161ih ko\u0161arkarskih sistemov za doma\u010do rabo, ki jih lahko kupite za svoj denar.","robots":{"index":"index","follow":"follow","max-snippet":"max-snippet:-1","max-image-preview":"max-image-preview:large","max-video-preview":"max-video-preview:-1"},"canonical":"https:\/\/oncourt.online\/sl\/kosarkarski-obrocniki\/dozivljenjska-garancija\/","og_locale":"sl_SI","og_type":"article","og_title":"Lifetime Warranty","og_description":"Mega Slam Hoops and OnCourt are committed to providing the best residential basketball systems that your money can buy.","og_url":"https:\/\/oncourt.online\/sl\/kosarkarski-obrocniki\/dozivljenjska-garancija\/","og_site_name":"OnCourt Online","article_publisher":"https:\/\/www.facebook.com\/oncourt.online\/","article_modified_time":"2026-01-03T03:34:58+00:00","og_image":[{"width":300,"height":300,"url":"https:\/\/oncourt.online\/wp-content\/uploads\/2021\/10\/Mega-Slam-Hoops-Lifetime-Warranty.png","type":"image\/png"}],"twitter_card":"summary_large_image","twitter_misc":{"Est. reading time":"4 minute"},"schema":{"@context":"https:\/\/schema.org","@graph":[{"@type":"WebPage","@id":"https:\/\/oncourt.online\/sl\/basketball-hoops\/lifetime-warranty\/","url":"https:\/\/oncourt.online\/sl\/basketball-hoops\/lifetime-warranty\/","name":"Do\u017eivljenjska garancija - OnCourt Online","isPartOf":{"@id":"https:\/\/oncourt.online\/sl\/#website"},"primaryImageOfPage":{"@id":"https:\/\/oncourt.online\/sl\/basketball-hoops\/lifetime-warranty\/#primaryimage"},"image":{"@id":"https:\/\/oncourt.online\/sl\/basketball-hoops\/lifetime-warranty\/#primaryimage"},"thumbnailUrl":"https:\/\/oncourt.online\/wp-content\/uploads\/2021\/10\/Mega-Slam-Hoops-Lifetime-Warranty.png","datePublished":"2021-10-22T11:43:33+00:00","dateModified":"2026-01-03T03:34:58+00:00","description":"Mega Slam Hoops in OnCourt sta zavezana k zagotavljanju najbolj\u0161ih ko\u0161arkarskih sistemov za doma\u010do rabo, ki jih lahko kupite za svoj denar.","breadcrumb":{"@id":"https:\/\/oncourt.online\/sl\/basketball-hoops\/lifetime-warranty\/#breadcrumb"},"inLanguage":"sl-SI","potentialAction":[{"@type":"ReadAction","target":["https:\/\/oncourt.online\/sl\/basketball-hoops\/lifetime-warranty\/"]}]},{"@type":"ImageObject","inLanguage":"sl-SI","@id":"https:\/\/oncourt.online\/sl\/basketball-hoops\/lifetime-warranty\/#primaryimage","url":"https:\/\/oncourt.online\/wp-content\/uploads\/2021\/10\/Mega-Slam-Hoops-Lifetime-Warranty.png","contentUrl":"https:\/\/oncourt.online\/wp-content\/uploads\/2021\/10\/Mega-Slam-Hoops-Lifetime-Warranty.png","width":300,"height":300,"caption":"Mega Slam Hoops - Lifetime Warranty"},{"@type":"BreadcrumbList","@id":"https:\/\/oncourt.online\/sl\/basketball-hoops\/lifetime-warranty\/#breadcrumb","itemListElement":[{"@type":"ListItem","position":1,"name":"Home","item":"https:\/\/oncourt.online\/"},{"@type":"ListItem","position":2,"name":"Basketball Hoops","item":"https:\/\/oncourt.online\/sl\/basketball-hoops\/"},{"@type":"ListItem","position":3,"name":"Lifetime Warranty"}]},{"@type":"WebSite","@id":"https:\/\/oncourt.online\/sl\/#website","url":"https:\/\/oncourt.online\/sl\/","name":"OnCourt Online","description":"Visokozmogljiva ko\u0161arkarska igri\u0161\u010da","publisher":{"@id":"https:\/\/oncourt.online\/sl\/#organization"},"potentialAction":[{"@type":"SearchAction","target":{"@type":"EntryPoint","urlTemplate":"https:\/\/oncourt.online\/sl\/?s={search_term_string}"},"query-input":{"@type":"PropertyValueSpecification","valueRequired":true,"valueName":"search_term_string"}}],"inLanguage":"sl-SI"},{"@type":"Organization","@id":"https:\/\/oncourt.online\/sl\/#organization","name":"OnCourt Online","url":"https:\/\/oncourt.online\/sl\/","logo":{"@type":"ImageObject","inLanguage":"sl-SI","@id":"https:\/\/oncourt.online\/sl\/#\/schema\/logo\/image\/","url":"https:\/\/oncourt.online\/wp-content\/uploads\/2021\/12\/Logo_OnCourt_Black.svg","contentUrl":"https:\/\/oncourt.online\/wp-content\/uploads\/2021\/12\/Logo_OnCourt_Black.svg","width":"1024","height":"1024","caption":"OnCourt Online"},"image":{"@id":"https:\/\/oncourt.online\/sl\/#\/schema\/logo\/image\/"},"sameAs":["https:\/\/www.facebook.com\/oncourt.online\/"],"email":"info@oncourt.online"}]}},"_links":{"self":[{"href":"https:\/\/oncourt.online\/sl\/wp-json\/wp\/v2\/pages\/428","targetHints":{"allow":["GET"]}}],"collection":[{"href":"https:\/\/oncourt.online\/sl\/wp-json\/wp\/v2\/pages"}],"about":[{"href":"https:\/\/oncourt.online\/sl\/wp-json\/wp\/v2\/types\/page"}],"author":[{"embeddable":true,"href":"https:\/\/oncourt.online\/sl\/wp-json\/wp\/v2\/users\/2"}],"replies":[{"embeddable":true,"href":"https:\/\/oncourt.online\/sl\/wp-json\/wp\/v2\/comments?post=428"}],"version-history":[{"count":0,"href":"https:\/\/oncourt.online\/sl\/wp-json\/wp\/v2\/pages\/428\/revisions"}],"up":[{"embeddable":true,"href":"https:\/\/oncourt.online\/sl\/wp-json\/wp\/v2\/pages\/34"}],"wp:featuredmedia":[{"embeddable":true,"href":"https:\/\/oncourt.online\/sl\/wp-json\/wp\/v2\/media\/362"}],"wp:attachment":[{"href":"https:\/\/oncourt.online\/sl\/wp-json\/wp\/v2\/media?parent=428"}],"curies":[{"name":"wp","href":"https:\/\/api.w.org\/{rel}","templated":true}]}}