{"id":3706,"date":"2022-03-08T09:13:55","date_gmt":"2022-03-08T09:13:55","guid":{"rendered":"https:\/\/oncourt.online\/?page_id=3706"},"modified":"2026-01-13T08:00:41","modified_gmt":"2026-01-13T08:00:41","slug":"join-oncourt","status":"publish","type":"page","link":"https:\/\/oncourt.online\/sl\/join-oncourt\/","title":{"rendered":"Sodelujte z OnCourt"},"content":{"rendered":"<div class=\"gb-container gb-container-c9c919f1\"><div class=\"gb-inside-container\">\n<div class=\"gb-container gb-container-cefabf47\"><div class=\"gb-inside-container\">\n\n<h2 class=\"gb-headline gb-headline-d23b44e5 gb-headline-text\">Sodelujte s specialistom za ko\u0161arkarska igri\u0161\u010da<\/h2>\n\n\n\n<p class=\"gb-headline gb-headline-b071501e gb-headline-text\">OnCourt sodeluje s strokovnjaki po vsej Evropi, ki na\u010drtujejo, gradijo in specificirajo zunanje \u0161portne prostore. Na\u0161 partnerski program je namenjen podjetjem, ki \u017eelijo svojim strankam ponuditi visokozmogljiva ko\u0161arkarska igri\u0161\u010da, podprta s specializiranimi izdelki, natan\u010dnimi orodji za na\u010drtovanje in strokovno podporo.<\/p>\n\n\n\n<p class=\"gb-text gb-text-6b40232a\">Ne delujemo kot splo\u0161ni dobavitelj \u0161portne opreme. Ko\u0161arka je na\u0161 fokus in sodelujemo s partnerji, ki cenijo pravilno izvedbo.<\/p>\n\n\n\n<h3 class=\"gb-text gb-text-a0baa6e3\">S kom sodelujemo<\/h3>\n\n\n\n<p>Sodelujemo s podjetji, ki se ukvarjajo z zunanjo gradnjo, oblikovanjem in povr\u0161inami, vklju\u010dno z:<\/p>\n\n\n\n<ul class=\"wp-block-list\">\n<li>Splo\u0161ni gradbeniki in izvajalci<\/li>\n\n\n\n<li>Krajinski in vrtni oblikovalci<\/li>\n\n\n\n<li>Izvajalci zemeljskih in nizkogradbenih del<\/li>\n\n\n\n<li>Graditelji \u0161portnih igri\u0161\u010d in strokovnjaki za obnovo povr\u0161in<\/li>\n\n\n\n<li>Arhitekti in projektanti<\/li>\n\n\n\n<li>Oblikovalsko usmerjeni strokovnjaki za zunanje prostore<\/li>\n<\/ul>\n\n\n\n<p class=\"gb-text gb-text-b726bb2a\">\u010ce va\u0161e delo vklju\u010duje na\u010drtovanje ali gradnjo zunanjih prostorov in \u017eelite svoji ponudbi dodati ko\u0161arkarska igri\u0161\u010da, vas vabimo, da stopite v stik z nami.<\/p>\n\n\n\n<div class=\"gb-element-bbf74639\">\n<div>\n<img loading=\"lazy\" decoding=\"async\" width=\"660\" height=\"400\" class=\"img_12px_radius gb-media-76f4f695\" alt=\"\" title=\"OnCourt Modular Basketball Court Surface Installation\" src=\"https:\/\/oncourt.online\/wp-content\/uploads\/2022\/05\/OnCourt-Modular-Basketball-Court-Surface-Installation.jpg\" srcset=\"https:\/\/oncourt.online\/wp-content\/uploads\/2022\/05\/OnCourt-Modular-Basketball-Court-Surface-Installation.jpg 660w, https:\/\/oncourt.online\/wp-content\/uploads\/2022\/05\/OnCourt-Modular-Basketball-Court-Surface-Installation-300x182.jpg 300w, https:\/\/oncourt.online\/wp-content\/uploads\/2022\/05\/OnCourt-Modular-Basketball-Court-Surface-Installation-18x12.jpg 18w, https:\/\/oncourt.online\/wp-content\/uploads\/2022\/05\/OnCourt-Modular-Basketball-Court-Surface-Installation-545x330.jpg 545w\" sizes=\"auto, (max-width: 660px) 100vw, 660px\" \/>\n<\/div>\n\n\n\n<div>\n<h2 class=\"gb-text\">Kaj lahko pri\u010dakujejo partnerji OnCourt<\/h2>\n\n\n\n<p class=\"gb-text last_text\">Dostop do profesionalnih orodij za na\u010drtovanje igri\u0161\u010d, ugodnih cen in specializirane podpore za samozavestno na\u010drtovanje, specificiranje in izvedbo visokozmogljivih ko\u0161arkarskih igri\u0161\u010d.<\/p>\n<\/div>\n<\/div>\n\n\n\n<h4 class=\"gb-text\">Profesionalna orodja za oblikovanje<\/h4>\n\n\n\n<p class=\"gb-text\">Uporabite OnCourtovo 3D platformo za oblikovanje ko\u0161arkarskih igri\u0161\u010d za na\u010drtovanje postavitev, raziskovanje barvnih shem, specificiranje povr\u0161in in ko\u0161ev ter ustvarjanje natan\u010dnih vizualizacij in cen za ponudbe strankam.<\/p>\n\n\n\n<h4 class=\"gb-text\">Ugodne partnerske cene<\/h4>\n\n\n\n<p class=\"gb-text\">Poobla\u0161\u010deni partnerji pridobijo dostop do partnerskih cen za modularne ko\u0161arkarske povr\u0161ine in ko\u0161e Mega Slam, kar omogo\u010da ponudbo vrhunskih re\u0161itev ob ohranjanju zdravih mar\u017e.<\/p>\n\n\n\n<h4 class=\"gb-text\">Specializirana tehni\u010dna podpora<\/h4>\n\n\n\n<p class=\"gb-text\">Pridobite neposreden dostop do smernic glede postavitev, izbire povr\u0161in, zahtev za namestitev in povezovanja izdelkov, kar zmanj\u0161uje negotovost in prepre\u010duje drage napake na terenu.<\/p>\n\n\n\n<h4 class=\"gb-text\">Jasne specifikacije in viri<\/h4>\n\n\n\n<p class=\"gb-text gb-text-46b97fff\">Uporabite na\u0161e vodnike in na\u010drtovalske vire, da se izognete ugibanju, zmanj\u0161ate napake in strankam predstavite jasne ter samozavestne predloge.<\/p>\n\n\n\n<div class=\"gb-element-d984cac5\">\n<div>\n<img loading=\"lazy\" decoding=\"async\" width=\"1200\" height=\"960\" class=\"img_12px_radius gb-media-1c57b1fb\" alt=\"\" title=\"Na\u010drt srednje velikega ko\u0161arkarskega igri\u0161\u010da za stanovanjske objekte\" src=\"https:\/\/oncourt.online\/wp-content\/uploads\/2025\/12\/Medium-Sized-Residential-Basketball-Court-Design.webp\"\/>\n<\/div>\n\n\n\n<div>\n<h3 class=\"gb-text\">Zasnovano za resni\u010dne projekte<\/h3>\n\n\n\n<p>Partnerski program OnCourt je namenjen strokovnjakom, ki izvajajo:<\/p>\n\n\n\n<ul class=\"wp-block-list\">\n<li>Doma\u010da ko\u0161arkarska igri\u0161\u010da v stanovanjskih okoljih<\/li>\n\n\n\n<li>Klubske in vadbene objekte<\/li>\n\n\n\n<li>\u0160olske in izobra\u017eevalne prostore<\/li>\n\n\n\n<li>Komercialna ali ve\u010dnamenska zunanja igri\u0161\u010da<\/li>\n<\/ul>\n\n\n\n<p class=\"gb-text last_text\">Podpiramo partnerje, ki dajejo velik pomen kakovostni izvedbi in dolgoro\u010dni zmogljivosti.<\/p>\n<\/div>\n<\/div>\n\n\n\n<div class=\"gb-element-f79012eb\">\n<h3 class=\"gb-text gb-text-5da21831\">Prijavite se za partnerstvo z OnCourt<\/h3>\n\n\n\n<p class=\"gb-text not_last_text\">\u010ce vas zanima sodelovanje z OnCourt, izpolnite spodnji obrazec za povpra\u0161evanje. <\/p>\n\n\n\n<p class=\"gb-text gb-text-209ee9ae\">Pregledamo vse prijave in vas bomo kontaktirali, da se pogovorimo, ali je program primeren za va\u0161e podjetje.<\/p>\n<\/div>\n\n\n<div class=\"gb-container gb-container-8ddfb2cf\">\n\n\n<div class=\"gb-container gb-container-51a46d57\">\n\n<div class=\"pipedriveWebForms\" data-pd-webforms=\"https:\/\/webforms.pipedrive.com\/f\/6WdPYeIodWpjw4yIXbAWwWdrPuKdvaEcVozX1Kdy1uEl1ivOk9Q3YdoNlGP7wFLZlh\"><script src=\"https:\/\/webforms.pipedrive.com\/f\/loader\"><\/script><\/div>\n\n<\/div>\n\n\n\n\n\n\n\n\n\n\n\n\n\n\n\n\n\n\n\n\n\n\n\n\n<\/div>\n<\/div><\/div>\n<\/div><\/div>","protected":false},"excerpt":{"rendered":"<p> &#8230; <a title=\"Sodelujte z OnCourt\" class=\"read-more\" href=\"https:\/\/oncourt.online\/sl\/join-oncourt\/\" aria-label=\"Read more about Work With OnCourt\">Preberi ve\u010d<\/a><\/p>","protected":false},"author":2,"featured_media":7048,"parent":0,"menu_order":13,"comment_status":"closed","ping_status":"closed","template":"","meta":{"_acf_changed":false,"inline_featured_image":false,"footnotes":""},"class_list":{"0":"post-3706","1":"page","2":"type-page","3":"status-publish","4":"has-post-thumbnail","6":"infinite-scroll-item","7":"no-featured-image-padding","8":"resize-featured-image"},"acf":[],"yoast_head":"<!-- This site is optimized with the Yoast SEO Premium plugin v26.8 (Yoast SEO v27.3) - https:\/\/yoast.com\/product\/yoast-seo-premium-wordpress\/ -->\n<title>OnCourt Partners | Trade Pricing &amp; Basketball Court Design Tools<\/title>\n<meta name=\"description\" content=\"Partner with OnCourt. Work with a specialist basketball court supplier. Design tools, trade pricing, and support for residential &amp; commercial projects.\" \/>\n<meta name=\"robots\" content=\"index, follow, max-snippet:-1, max-image-preview:large, max-video-preview:-1\" \/>\n<link rel=\"canonical\" href=\"https:\/\/oncourt.online\/sl\/join-oncourt\/\" \/>\n<meta property=\"og:locale\" content=\"sl_SI\" \/>\n<meta property=\"og:type\" content=\"article\" \/>\n<meta property=\"og:title\" content=\"Work With OnCourt\" \/>\n<meta property=\"og:description\" content=\"Partner with OnCourt. Work with a specialist basketball court supplier. Design tools, trade pricing, and support for residential &amp; commercial projects.\" \/>\n<meta property=\"og:url\" content=\"https:\/\/oncourt.online\/sl\/join-oncourt\/\" \/>\n<meta property=\"og:site_name\" content=\"OnCourt Online\" \/>\n<meta property=\"article:publisher\" content=\"https:\/\/www.facebook.com\/oncourt.online\/\" \/>\n<meta property=\"article:modified_time\" content=\"2026-01-13T08:00:41+00:00\" \/>\n<meta property=\"og:image\" content=\"https:\/\/oncourt.online\/wp-content\/uploads\/2022\/05\/OnCourt-Modular-Basketball-Court-Surface-Installation.jpg\" \/>\n\t<meta property=\"og:image:width\" content=\"660\" \/>\n\t<meta property=\"og:image:height\" content=\"400\" \/>\n\t<meta property=\"og:image:type\" content=\"image\/jpeg\" \/>\n<meta name=\"twitter:card\" content=\"summary_large_image\" \/>\n<meta name=\"twitter:label1\" content=\"Est. reading time\" \/>\n\t<meta name=\"twitter:data1\" content=\"3 minute\" \/>\n<!-- \/ Yoast SEO Premium plugin. -->","yoast_head_json":{"title":"OnCourt Partnerji | Trgovinske Cene in Orodja za Oblikovanje Ko\u0161arkarskih Igri\u0161\u010d","description":"Postanite partner OnCourt. Sodelujte s specialistom za ko\u0161arkarska igri\u0161\u010da. Orodja za oblikovanje, trgovinske cene in podpora za stanovanjske in poslovne projekte.","robots":{"index":"index","follow":"follow","max-snippet":"max-snippet:-1","max-image-preview":"max-image-preview:large","max-video-preview":"max-video-preview:-1"},"canonical":"https:\/\/oncourt.online\/sl\/join-oncourt\/","og_locale":"sl_SI","og_type":"article","og_title":"Work With OnCourt","og_description":"Partner with OnCourt. Work with a specialist basketball court supplier. Design tools, trade pricing, and support for residential & commercial projects.","og_url":"https:\/\/oncourt.online\/sl\/join-oncourt\/","og_site_name":"OnCourt Online","article_publisher":"https:\/\/www.facebook.com\/oncourt.online\/","article_modified_time":"2026-01-13T08:00:41+00:00","og_image":[{"width":660,"height":400,"url":"https:\/\/oncourt.online\/wp-content\/uploads\/2022\/05\/OnCourt-Modular-Basketball-Court-Surface-Installation.jpg","type":"image\/jpeg"}],"twitter_card":"summary_large_image","twitter_misc":{"Est. reading time":"3 minute"},"schema":{"@context":"https:\/\/schema.org","@graph":[{"@type":"WebPage","@id":"https:\/\/oncourt.online\/sl\/join-oncourt\/","url":"https:\/\/oncourt.online\/sl\/join-oncourt\/","name":"OnCourt Partnerji | Trgovinske Cene in Orodja za Oblikovanje Ko\u0161arkarskih Igri\u0161\u010d","isPartOf":{"@id":"https:\/\/oncourt.online\/sl\/#website"},"primaryImageOfPage":{"@id":"https:\/\/oncourt.online\/sl\/join-oncourt\/#primaryimage"},"image":{"@id":"https:\/\/oncourt.online\/sl\/join-oncourt\/#primaryimage"},"thumbnailUrl":"https:\/\/oncourt.online\/wp-content\/uploads\/2022\/05\/OnCourt-Modular-Basketball-Court-Surface-Installation.jpg","datePublished":"2022-03-08T09:13:55+00:00","dateModified":"2026-01-13T08:00:41+00:00","description":"Postanite partner OnCourt. Sodelujte s specialistom za ko\u0161arkarska igri\u0161\u010da. Orodja za oblikovanje, trgovinske cene in podpora za stanovanjske in poslovne projekte.","breadcrumb":{"@id":"https:\/\/oncourt.online\/sl\/join-oncourt\/#breadcrumb"},"inLanguage":"sl-SI","potentialAction":[{"@type":"ReadAction","target":["https:\/\/oncourt.online\/sl\/join-oncourt\/"]}]},{"@type":"ImageObject","inLanguage":"sl-SI","@id":"https:\/\/oncourt.online\/sl\/join-oncourt\/#primaryimage","url":"https:\/\/oncourt.online\/wp-content\/uploads\/2022\/05\/OnCourt-Modular-Basketball-Court-Surface-Installation.jpg","contentUrl":"https:\/\/oncourt.online\/wp-content\/uploads\/2022\/05\/OnCourt-Modular-Basketball-Court-Surface-Installation.jpg","width":660,"height":400},{"@type":"BreadcrumbList","@id":"https:\/\/oncourt.online\/sl\/join-oncourt\/#breadcrumb","itemListElement":[{"@type":"ListItem","position":1,"name":"Home","item":"https:\/\/oncourt.online\/"},{"@type":"ListItem","position":2,"name":"Work With OnCourt"}]},{"@type":"WebSite","@id":"https:\/\/oncourt.online\/sl\/#website","url":"https:\/\/oncourt.online\/sl\/","name":"OnCourt Online","description":"Visokozmogljiva ko\u0161arkarska igri\u0161\u010da","publisher":{"@id":"https:\/\/oncourt.online\/sl\/#organization"},"potentialAction":[{"@type":"SearchAction","target":{"@type":"EntryPoint","urlTemplate":"https:\/\/oncourt.online\/sl\/?s={search_term_string}"},"query-input":{"@type":"PropertyValueSpecification","valueRequired":true,"valueName":"search_term_string"}}],"inLanguage":"sl-SI"},{"@type":"Organization","@id":"https:\/\/oncourt.online\/sl\/#organization","name":"OnCourt Online","url":"https:\/\/oncourt.online\/sl\/","logo":{"@type":"ImageObject","inLanguage":"sl-SI","@id":"https:\/\/oncourt.online\/sl\/#\/schema\/logo\/image\/","url":"https:\/\/oncourt.online\/wp-content\/uploads\/2021\/12\/Logo_OnCourt_Black.svg","contentUrl":"https:\/\/oncourt.online\/wp-content\/uploads\/2021\/12\/Logo_OnCourt_Black.svg","width":"1024","height":"1024","caption":"OnCourt Online"},"image":{"@id":"https:\/\/oncourt.online\/sl\/#\/schema\/logo\/image\/"},"sameAs":["https:\/\/www.facebook.com\/oncourt.online\/"],"email":"info@oncourt.online"}]}},"_links":{"self":[{"href":"https:\/\/oncourt.online\/sl\/wp-json\/wp\/v2\/pages\/3706","targetHints":{"allow":["GET"]}}],"collection":[{"href":"https:\/\/oncourt.online\/sl\/wp-json\/wp\/v2\/pages"}],"about":[{"href":"https:\/\/oncourt.online\/sl\/wp-json\/wp\/v2\/types\/page"}],"author":[{"embeddable":true,"href":"https:\/\/oncourt.online\/sl\/wp-json\/wp\/v2\/users\/2"}],"replies":[{"embeddable":true,"href":"https:\/\/oncourt.online\/sl\/wp-json\/wp\/v2\/comments?post=3706"}],"version-history":[{"count":1,"href":"https:\/\/oncourt.online\/sl\/wp-json\/wp\/v2\/pages\/3706\/revisions"}],"predecessor-version":[{"id":17261,"href":"https:\/\/oncourt.online\/sl\/wp-json\/wp\/v2\/pages\/3706\/revisions\/17261"}],"wp:featuredmedia":[{"embeddable":true,"href":"https:\/\/oncourt.online\/sl\/wp-json\/wp\/v2\/media\/7048"}],"wp:attachment":[{"href":"https:\/\/oncourt.online\/sl\/wp-json\/wp\/v2\/media?parent=3706"}],"curies":[{"name":"wp","href":"https:\/\/api.w.org\/{rel}","templated":true}]}}