{"id":10,"date":"2022-06-07T21:39:16","date_gmt":"2022-06-07T21:39:16","guid":{"rendered":"https:\/\/oncourt.online\/?page_id=10"},"modified":"2026-01-08T02:56:26","modified_gmt":"2026-01-08T02:56:26","slug":"refund-returns","status":"publish","type":"page","link":"https:\/\/oncourt.online\/sl\/refund-returns\/","title":{"rendered":"Politika vra\u010dil in vra\u010dil"},"content":{"rendered":"<div class=\"gb-element-a4b81a66\"><div class=\"gb-container gb-container-16508648\"><div class=\"gb-inside-container\">\n\n<h1 class=\"gb-text\">Politika vra\u010dil in vra\u010dil<\/h1>\n\n\n\n<p class=\"gb-headline gb-headline-a63af49e gb-headline-text\">Upamo, da so vsi OnCourt kupci zadovoljni s svojim nakupom. Ob\u010das se lahko zgodi, da iz kakr\u0161nega koli razloga niste povsem zadovoljni. V tem primeru nam lahko kupljeno blago vrnete za celotno povra\u010dilo, dobropis ali zamenjavo.<\/p>\n\n\n\n<h2 class=\"gb-headline gb-headline-04e28294 gb-headline-text\">Pregled<\/h2>\n\n\n\n<p class=\"gb-headline gb-headline-5b665cdd gb-headline-text\">Na\u0161a politika vra\u010dil in zamenjav velja 28 dni. O nameri vra\u010dila blaga nas morate obvestiti po e-po\u0161ti v roku 28 dni od prejema. \u010ce je od nakupa minilo ve\u010d kot 28 dni, vam ne moremo ponuditi popolnega vra\u010dila ali zamenjave.<\/p>\n\n\n\n<p class=\"gb-headline gb-headline-69f3bcdd gb-headline-text\">Da bi bil izdelek primeren za vra\u010dilo, mora biti neuporabljen in v enakem stanju, kot ste ga prejeli. Prav tako mora biti v originalni embala\u017ei.<\/p>\n\n\n\n<p class=\"gb-headline gb-headline-23bde10c gb-headline-text\">Po meri natisnjene ali poslikane povr\u0161ine igri\u0161\u010d so izvzete iz vra\u010dila. <\/p>\n\n\n\n<p class=\"gb-headline gb-headline-1cc6618d gb-headline-text\">Za izvedbo vra\u010dila potrebujemo ra\u010dun ali dokazilo o nakupu.<\/p>\n\n\n\n<p class=\"gb-headline gb-headline-cae31263 gb-headline-text\">Prosimo, da izdelka ne po\u0161iljate nazaj proizvajalcu.<\/p>\n\n\n\n<p class=\"gb-headline gb-headline-a9909ab1 gb-headline-text\">V nekaterih primerih se odobrijo le delna povra\u010dila:<\/p>\n\n\n\n<ul class=\"wp-block-list\">\n<li>Izdelki z o\u010ditnimi znaki uporabe<\/li>\n\n\n\n<li>Vsak izdelek, ki ni v originalnem stanju, je po\u0161kodovan ali mu manjkajo deli iz razlogov, ki niso posledica napake proizvajalca ali monterja.<\/li>\n\n\n\n<li>Vsak izdelek, ki je vrnjen ve\u010d kot 28 dni po dostavi<\/li>\n<\/ul>\n\n\n\n<h3 class=\"gb-headline gb-headline-b1c33d39 gb-headline-text\">Vra\u010dila<\/h3>\n\n\n\n<p class=\"gb-headline gb-headline-db2e4daa gb-headline-text\">Ko bomo prejeli in pregledali va\u0161o po\u0161iljko, vam bomo poslali e-po\u0161tno sporo\u010dilo, da smo prejeli vrnjeni izdelek. Obvestili vas bomo tudi o odobritvi ali zavrnitvi vra\u010dila denarja.<\/p>\n\n\n\n<p class=\"gb-headline gb-headline-211c62b8 gb-headline-text\">\u010ce bo zahtevek odobren, bo va\u0161 povra\u010dek obdelan in znesek bo v 14 dneh samodejno nakazan na va\u0161o kreditno kartico ali prvotni na\u010din pla\u010dila.<\/p>\n\n\n\n<p class=\"gb-headline gb-headline-d56db316 gb-headline-text\"><b>Zamude ali manjkajo\u010da vra\u010dila<\/b><\/p>\n\n\n\n<p class=\"gb-headline gb-headline-948f340b gb-headline-text\">\u010ce \u0161e niste prejeli vra\u010dila, najprej ponovno preverite svoj ban\u010dni ra\u010dun. Obrnite se na izdajatelja kreditne kartice, saj lahko traja nekaj \u010dasa, preden bo vra\u010dilo uradno knji\u017eeno. Nato se obrnite na svojo banko. Pogosto je potrebno nekaj \u010dasa za obdelavo, preden je vra\u010dilo knji\u017eeno.<\/p>\n\n\n\n<p class=\"gb-text gb-text-3b0fbb5a\">\u010ce ste storili vse to in \u0161e vedno niste prejeli vra\u010dila, nas kontaktirajte na info@oncourt.online.<\/p>\n\n\n\n<h3 class=\"gb-headline gb-headline-b446ed2a gb-headline-text\">Darila<\/h3>\n\n\n\n<p class=\"gb-headline gb-headline-9108d094 gb-headline-text\">\u010ce je bil izdelek ob nakupu ozna\u010den kot darilo in vam je bil neposredno dostavljen, boste prejeli darilni bon v vrednosti vrnjenega izdelka. Ko bomo prejeli vrnjeni izdelek, vam bomo po po\u0161ti poslali darilni bon.<\/p>\n\n\n\n<p class=\"gb-headline gb-headline-5d3cf727 gb-headline-text\">\u010ce izdelek ob nakupu ni bil ozna\u010den kot darilo ali \u010de je darovalec naro\u010dil izdelek na svoj naslov, da bi vam ga kasneje podaril, bomo vra\u010dilo poslali darovalcu, ki bo obve\u0161\u010den o vra\u010dilu.<\/p>\n\n\n\n<h3 class=\"gb-headline gb-headline-ae81b763 gb-headline-text\">Dostava in vra\u010dila<\/h3>\n\n\n\n<p class=\"gb-headline gb-headline-fdc80127 gb-headline-text\">\u010ce \u017eelite vrniti izdelek, ga po\u0161ljite na naslov: <\/p>\n\n\n\n<p class=\"gb-headline gb-headline-7d98ac82 gb-headline-text translation-block\"><strong>Izdelki, kupljeni v Zdru\u017eenem kraljestvu in na Irskem<\/strong>: Unit 11 Stonefield Park, Martins Lane, Chilbolton, Stockbridge SO20 6AL<\/p>\n\n\n\n<p class=\"gb-headline gb-headline-b68103aa gb-headline-text translation-block\"><strong>Izdelki, kupljeni v celinski Evropi<\/strong>: OnCourt EU, Industriepark-West 43, 9100, Sint-Niklass, Belgium<\/p>\n\n\n\n<p class=\"gb-headline gb-headline-c4eac7e0 gb-headline-text\">Stro\u0161ke po\u0161tnine za vra\u010dilo izdelka boste krili sami. Stro\u0161ki po\u0161tnine niso vra\u010dljivi. \u010ce prejmete vra\u010dilo, bodo stro\u0161ki po\u0161tnine za vra\u010dilo od\u0161teti od va\u0161ega vra\u010dila.<\/p>\n\n\n\n<p>Odvisno od tega, kje \u017eivite, se lahko \u010das, ki je potreben, da zamenjani izdelek prispe do vas, razlikuje.<\/p>\n\n\n\n<p class=\"gb-text-874a6c8e\"><span class=\"gb-shape\"><svg xmlns=\"http:\/\/www.w3.org\/2000\/svg\" viewbox=\"0 0 256 256\" fill=\"currentColor\"><path d=\"M221.66,133.66l-72,72a8,8,0,0,1-11.32-11.32L196.69,136H40a8,8,0,0,1,0-16H196.69L138.34,61.66a8,8,0,0,1,11.32-11.32l72,72A8,8,0,0,1,221.66,133.66Z\"><\/path><\/svg><\/span><span class=\"gb-text\"><strong><em><a href=\"https:\/\/oncourt.online\/sl\/shipping-delivery\/\">OnCourt informacije o dostavi in po\u0161iljanju<\/a><\/em><\/strong><\/span><\/p>\n\n\n\n<h3 class=\"gb-headline gb-headline-df42cdb6 gb-headline-text\">Potrebujete pomo\u010d?<\/h3>\n\n\n\n<p class=\"translation-block\"><a href=\"https:\/\/oncourt.online\/sl\/contact\/\" target=\"_self\">Kontaktirajte nas<\/a> na info@oncourt.online\n za vpra\u0161anja v zvezi z vra\u010dili in povra\u010dili.<\/p>\n\n\n\n<p class=\"gb-text-41c0004e\"><span class=\"gb-shape\"><svg xmlns=\"http:\/\/www.w3.org\/2000\/svg\" viewbox=\"0 0 256 256\" fill=\"currentColor\"><path d=\"M221.66,133.66l-72,72a8,8,0,0,1-11.32-11.32L196.69,136H40a8,8,0,0,1,0-16H196.69L138.34,61.66a8,8,0,0,1,11.32-11.32l72,72A8,8,0,0,1,221.66,133.66Z\"><\/path><\/svg><\/span><span class=\"gb-text\">Imate vpra\u0161anja? <strong><em><a href=\"https:\/\/oncourt.online\/sl\/basketball-court-faq\/\">Obi\u0161\u010dite OnCourt FAQ<\/a><\/em><\/strong><\/span><\/p>\n\n<\/div><\/div><\/div>","protected":false},"excerpt":{"rendered":"<p> &#8230; <a title=\"Politika vra\u010dil in vra\u010dil\" class=\"read-more\" href=\"https:\/\/oncourt.online\/sl\/refund-returns\/\" aria-label=\"Read more about Refund and Returns Policy\">Preberi ve\u010d<\/a><\/p>","protected":false},"author":2,"featured_media":6877,"parent":0,"menu_order":25,"comment_status":"closed","ping_status":"closed","template":"","meta":{"_acf_changed":false,"inline_featured_image":false,"footnotes":""},"class_list":{"0":"post-10","1":"page","2":"type-page","3":"status-publish","4":"has-post-thumbnail","6":"infinite-scroll-item","7":"no-featured-image-padding","8":"resize-featured-image"},"acf":[],"yoast_head":"<!-- This site is optimized with the Yoast SEO Premium plugin v26.8 (Yoast SEO v27.3) - https:\/\/yoast.com\/product\/yoast-seo-premium-wordpress\/ -->\n<title>Refund and Returns Policy - OnCourt Online<\/title>\n<meta name=\"description\" content=\"OnCourt Online refunds and returns policy. Cointact us with any questions you might have regarding refunds and returns.\" \/>\n<meta name=\"robots\" content=\"index, follow, max-snippet:-1, max-image-preview:large, max-video-preview:-1\" \/>\n<link rel=\"canonical\" href=\"https:\/\/oncourt.online\/sl\/refund-returns\/\" \/>\n<meta property=\"og:locale\" content=\"sl_SI\" \/>\n<meta property=\"og:type\" content=\"article\" \/>\n<meta property=\"og:title\" content=\"Refund and Returns Policy\" \/>\n<meta property=\"og:description\" content=\"OnCourt Online refunds and returns policy. Cointact us with any questions you might have regarding refunds and returns.\" \/>\n<meta property=\"og:url\" content=\"https:\/\/oncourt.online\/sl\/refund-returns\/\" \/>\n<meta property=\"og:site_name\" content=\"OnCourt Online\" \/>\n<meta property=\"article:publisher\" content=\"https:\/\/www.facebook.com\/oncourt.online\/\" \/>\n<meta property=\"article:modified_time\" content=\"2026-01-08T02:56:26+00:00\" \/>\n<meta property=\"og:image\" content=\"https:\/\/oncourt.online\/wp-content\/uploads\/2022\/05\/OnCourt-Shipping-and-Delivery-Header.jpg\" \/>\n\t<meta property=\"og:image:width\" content=\"1440\" \/>\n\t<meta property=\"og:image:height\" content=\"498\" \/>\n\t<meta property=\"og:image:type\" content=\"image\/jpeg\" \/>\n<meta name=\"twitter:card\" content=\"summary_large_image\" \/>\n<meta name=\"twitter:label1\" content=\"Est. reading time\" \/>\n\t<meta name=\"twitter:data1\" content=\"3 minute\" \/>\n<!-- \/ Yoast SEO Premium plugin. -->","yoast_head_json":{"title":"Politika vra\u010dil in vra\u010dil - OnCourt Online","description":"Politika vra\u010dil in vra\u010dil OnCourt Online. \u010ce imate kakr\u0161na koli vpra\u0161anja v zvezi z vra\u010dili in vra\u010dili, nas kontaktirajte.","robots":{"index":"index","follow":"follow","max-snippet":"max-snippet:-1","max-image-preview":"max-image-preview:large","max-video-preview":"max-video-preview:-1"},"canonical":"https:\/\/oncourt.online\/sl\/refund-returns\/","og_locale":"sl_SI","og_type":"article","og_title":"Refund and Returns Policy","og_description":"OnCourt Online refunds and returns policy. Cointact us with any questions you might have regarding refunds and returns.","og_url":"https:\/\/oncourt.online\/sl\/refund-returns\/","og_site_name":"OnCourt Online","article_publisher":"https:\/\/www.facebook.com\/oncourt.online\/","article_modified_time":"2026-01-08T02:56:26+00:00","og_image":[{"width":1440,"height":498,"url":"https:\/\/oncourt.online\/wp-content\/uploads\/2022\/05\/OnCourt-Shipping-and-Delivery-Header.jpg","type":"image\/jpeg"}],"twitter_card":"summary_large_image","twitter_misc":{"Est. reading time":"3 minute"},"schema":{"@context":"https:\/\/schema.org","@graph":[{"@type":"WebPage","@id":"https:\/\/oncourt.online\/sl\/refund-returns\/","url":"https:\/\/oncourt.online\/sl\/refund-returns\/","name":"Politika vra\u010dil in vra\u010dil - OnCourt Online","isPartOf":{"@id":"https:\/\/oncourt.online\/sl\/#website"},"primaryImageOfPage":{"@id":"https:\/\/oncourt.online\/sl\/refund-returns\/#primaryimage"},"image":{"@id":"https:\/\/oncourt.online\/sl\/refund-returns\/#primaryimage"},"thumbnailUrl":"https:\/\/oncourt.online\/wp-content\/uploads\/2022\/05\/OnCourt-Shipping-and-Delivery-Header.jpg","datePublished":"2022-06-07T21:39:16+00:00","dateModified":"2026-01-08T02:56:26+00:00","description":"Politika vra\u010dil in vra\u010dil OnCourt Online. \u010ce imate kakr\u0161na koli vpra\u0161anja v zvezi z vra\u010dili in vra\u010dili, nas kontaktirajte.","breadcrumb":{"@id":"https:\/\/oncourt.online\/sl\/refund-returns\/#breadcrumb"},"inLanguage":"sl-SI","potentialAction":[{"@type":"ReadAction","target":["https:\/\/oncourt.online\/sl\/refund-returns\/"]}]},{"@type":"ImageObject","inLanguage":"sl-SI","@id":"https:\/\/oncourt.online\/sl\/refund-returns\/#primaryimage","url":"https:\/\/oncourt.online\/wp-content\/uploads\/2022\/05\/OnCourt-Shipping-and-Delivery-Header.jpg","contentUrl":"https:\/\/oncourt.online\/wp-content\/uploads\/2022\/05\/OnCourt-Shipping-and-Delivery-Header.jpg","width":1440,"height":498,"caption":"Shipping & Delivery | OnCourt"},{"@type":"BreadcrumbList","@id":"https:\/\/oncourt.online\/sl\/refund-returns\/#breadcrumb","itemListElement":[{"@type":"ListItem","position":1,"name":"Home","item":"https:\/\/oncourt.online\/"},{"@type":"ListItem","position":2,"name":"Refund and Returns Policy"}]},{"@type":"WebSite","@id":"https:\/\/oncourt.online\/sl\/#website","url":"https:\/\/oncourt.online\/sl\/","name":"OnCourt Online","description":"Visokozmogljiva ko\u0161arkarska igri\u0161\u010da","publisher":{"@id":"https:\/\/oncourt.online\/sl\/#organization"},"potentialAction":[{"@type":"SearchAction","target":{"@type":"EntryPoint","urlTemplate":"https:\/\/oncourt.online\/sl\/?s={search_term_string}"},"query-input":{"@type":"PropertyValueSpecification","valueRequired":true,"valueName":"search_term_string"}}],"inLanguage":"sl-SI"},{"@type":"Organization","@id":"https:\/\/oncourt.online\/sl\/#organization","name":"OnCourt Online","url":"https:\/\/oncourt.online\/sl\/","logo":{"@type":"ImageObject","inLanguage":"sl-SI","@id":"https:\/\/oncourt.online\/sl\/#\/schema\/logo\/image\/","url":"https:\/\/oncourt.online\/wp-content\/uploads\/2021\/12\/Logo_OnCourt_Black.svg","contentUrl":"https:\/\/oncourt.online\/wp-content\/uploads\/2021\/12\/Logo_OnCourt_Black.svg","width":"1024","height":"1024","caption":"OnCourt Online"},"image":{"@id":"https:\/\/oncourt.online\/sl\/#\/schema\/logo\/image\/"},"sameAs":["https:\/\/www.facebook.com\/oncourt.online\/"],"email":"info@oncourt.online"}]}},"_links":{"self":[{"href":"https:\/\/oncourt.online\/sl\/wp-json\/wp\/v2\/pages\/10","targetHints":{"allow":["GET"]}}],"collection":[{"href":"https:\/\/oncourt.online\/sl\/wp-json\/wp\/v2\/pages"}],"about":[{"href":"https:\/\/oncourt.online\/sl\/wp-json\/wp\/v2\/types\/page"}],"author":[{"embeddable":true,"href":"https:\/\/oncourt.online\/sl\/wp-json\/wp\/v2\/users\/2"}],"replies":[{"embeddable":true,"href":"https:\/\/oncourt.online\/sl\/wp-json\/wp\/v2\/comments?post=10"}],"version-history":[{"count":0,"href":"https:\/\/oncourt.online\/sl\/wp-json\/wp\/v2\/pages\/10\/revisions"}],"wp:featuredmedia":[{"embeddable":true,"href":"https:\/\/oncourt.online\/sl\/wp-json\/wp\/v2\/media\/6877"}],"wp:attachment":[{"href":"https:\/\/oncourt.online\/sl\/wp-json\/wp\/v2\/media?parent=10"}],"curies":[{"name":"wp","href":"https:\/\/api.w.org\/{rel}","templated":true}]}}