{"id":80,"date":"2021-10-19T20:14:24","date_gmt":"2021-10-19T20:14:24","guid":{"rendered":"https:\/\/oncourt.online\/?page_id=80"},"modified":"2026-01-07T15:32:24","modified_gmt":"2026-01-07T15:32:24","slug":"o-nas","status":"publish","type":"page","link":"https:\/\/oncourt.online\/sk\/about\/","title":{"rendered":"O spolo\u010dnosti OnCourt"},"content":{"rendered":"<h2 class=\"gb-text\">Vybudovan\u00e9 okolo basketbalu<\/h2>\n\n\n\n<p class=\"gb-text gb-text-81affc46\">OnCourt navrhuje a dod\u00e1va vysoko v\u00fdkonn\u00e9 basketbalov\u00e9 ihrisk\u00e1 pre dom\u00e1cnosti, kluby a zariadenia po celej Eur\u00f3pe. Zameriavame sa na to, \u010do je na ihrisku najd\u00f4le\u017eitej\u0161ie \u2013 v\u00fdkon povrchu, presn\u00e9 rozlo\u017eenie, odoln\u00e9 vybavenie a jasn\u00e9 pl\u00e1novanie \u2013 a prin\u00e1\u0161ame profesion\u00e1lne \u0161tandardy do ka\u017ed\u00e9ho projektu bez oh\u013eadu na jeho rozsah.<\/p>\n\n\n\n<p class=\"gb-text\">Basketbal nie je pre n\u00e1s len doplnkom. Je z\u00e1kladom v\u0161etk\u00e9ho, \u010do budujeme.<\/p>\n\n\n\n<p class=\"gb-text translation-block\"><strong><em><a href=\"https:\/\/oncourt.online\/sk\/3d-basketbalove-ihrisko-dizajner\/\" target=\"_self\">Navrhnite si basketbalov\u00e9 ihrisko v 3D<\/a><\/em><\/strong> a presk\u00famajte rozlo\u017eenie, farby, zna\u010denie a vybavenie e\u0161te pred v\u00fdstavbou.<\/p>\n\n\n\n<h3 class=\"gb-headline gb-headline-ccfedaf1 gb-headline-text\">\u0160pecialisti, nie generalisti<\/h3>\n\n\n\n<p class=\"gb-text gb-text-8c945255\">Na rozdiel od dod\u00e1vate\u013eov be\u017en\u00fdch \u0161portov\u00fdch povrchov sa spolo\u010dnos\u0165 OnCourt venuje v\u00fdhradne basketbalu. Na\u0161a ponuka produktov, pr\u00edru\u010dky a n\u00e1vrh\u00e1rske n\u00e1stroje s\u00fa vyvinut\u00e9 \u0161peci\u00e1lne pre tento \u0161port, od pr\u00e1ce n\u00f4h a reakcie na loptu a\u017e po rozmery ihriska a umiestnenie ko\u0161a.<\/p>\n\n\n\n<p class=\"gb-text\">Toto zameranie n\u00e1m umo\u017e\u0148uje poskytova\u0165 jasnej\u0161ie poradenstvo, lep\u0161ie kombin\u00e1cie produktov a presnej\u0161ie pl\u00e1novanie ako poskytovatelia viacer\u00fdch \u0161portov.<\/p>\n\n\n\n<h3 class=\"gb-headline gb-headline-ea969289 gb-headline-text\">Najprv dizajn. Stavajte s istotou<\/h3>\n\n\n\n<p class=\"gb-text gb-text-ddbfc979\">Ka\u017ed\u00e9 ihrisko za\u010d\u00edna pl\u00e1nom. Platforma OnCourt pre 3D n\u00e1vrh ihr\u00edsk umo\u017e\u0148uje z\u00e1kazn\u00edkom konfigurova\u0165 rozlo\u017eenie, prezera\u0165 farebn\u00e9 sch\u00e9my, vybera\u0165 podlahov\u00e9 krytiny a \u0161pecifikova\u0165 ko\u0161e e\u0161te predt\u00fdm, ako sa rozhodn\u00fa pre stavbu. V\u00fdsledkom je jasnej\u0161ie pochopenie priestoru, v\u00fdkonu a n\u00e1kladov, \u010do umo\u017e\u0148uje hlad\u0161\u00ed prechod od konceptu k in\u0161tal\u00e1cii.<\/p>\n\n\n\n<p class=\"gb-text\">Okam\u017eit\u00e9 stanovenie ceny, presn\u00e9 rozlo\u017eenie a zdie\u013eate\u013en\u00e9 n\u00e1vrhy odstra\u0148uj\u00fa neistotu u\u017e v po\u010diato\u010dnej f\u00e1ze procesu.<\/p>\n\n\n\n<h3 class=\"gb-headline gb-headline-c16bc7a6 gb-headline-text\">Overen\u00e9 produkty, navrhnut\u00e9 tak, aby vydr\u017eali<\/h3>\n\n\n\n<p class=\"gb-text gb-text-9ce3da67\">OnCourt dod\u00e1va pr\u00e9miov\u00e9 modul\u00e1rne basketbalov\u00e9 podlahy a profesion\u00e1lne basketbalov\u00e9 ko\u0161e Mega Slam. Na\u0161e vybavenie je vybran\u00e9 pre svoju odolnos\u0165, stabilitu a dlhodob\u00fa v\u00fdkonnos\u0165. Od polovi\u010dn\u00fdch ihr\u00edsk v reziden\u010dn\u00fdch oblastiach a\u017e po klubov\u00e9 zariadenia a komer\u010dn\u00e9 in\u0161tal\u00e1cie, na\u0161e syst\u00e9my s\u00fa navrhnut\u00e9 tak, aby bez kompromisov zvl\u00e1dli n\u00e1ro\u010dn\u00fa hru.<\/p>\n\n\n\n<p class=\"gb-text\">Nesledujeme trendy. Zameriavame sa na materi\u00e1ly, techniku a spo\u013eahlivos\u0165.<\/p>\n\n\n\n<p>OnCourt supply premium outdoor surfaces alongside proven <strong><em><a href=\"https:\/\/oncourt.online\/sk\/basketbalove-kose\/\">Mega Slam basketball hoops<\/a><\/em><\/strong> and court equipment, chosen to work together as a complete system.<\/p>\n\n\n\n<h3 class=\"gb-headline gb-headline-5efdb362 gb-headline-text\">Poradenstvo, ktor\u00e9mu m\u00f4\u017eete d\u00f4verova\u0165<\/h3>\n\n\n\n<p class=\"gb-text gb-text-f96f3624\">Vybudovanie basketbalov\u00e9ho ihriska si vy\u017eaduje viac ne\u017e len v\u00fdber produktov. Prostredn\u00edctvom na\u0161ich sprievodcov poskytujeme jasn\u00e9 a praktick\u00e9 rady t\u00fdkaj\u00face sa rozlo\u017eenia, mo\u017enost\u00ed podlahov\u00fdch kryt\u00edn, osvetlenia, in\u0161tal\u00e1cie a pl\u00e1novania, aby sme z\u00e1kazn\u00edkom pomohli prij\u00edma\u0165 informovan\u00e9 rozhodnutia v ka\u017edej f\u00e1ze.<\/p>\n\n\n\n<p class=\"gb-text\">Nech u\u017e staviate svoje prv\u00e9 dom\u00e1ce ihrisko alebo projektujete zariadenie pre viacer\u00fdch pou\u017e\u00edvate\u013eov, na\u0161\u00edm cie\u013eom je nahradi\u0165 dohady istotou.<\/p>\n\n\n\n<p><strong><em><a href=\"https:\/\/oncourt.online\/sk\/sprievodcovia\/\">Explore our basketball court guides<\/a><\/em><\/strong> to understand layouts, surfaces, equipment, and installation before committing.<\/p>\n\n\n\n<h3 class=\"gb-text\">Po celej Eur\u00f3pe a za jej hranicami<\/h3>\n\n\n\n<p class=\"gb-text\">OnCourt podporuje projekty po celej Eur\u00f3pe a spolupracuje so s\u00fakromn\u00fdmi z\u00e1kazn\u00edkmi, klubmi, \u0161kolami a komer\u010dn\u00fdmi partnermi. Na\u0161e sk\u00fasenosti zah\u0155\u0148aj\u00fa r\u00f4zne podmienky lokal\u00edt, predpisy a pr\u00edpady pou\u017eitia, \u010do n\u00e1m umo\u017e\u0148uje prisp\u00f4sobova\u0165 rie\u0161enia bez kompromisov v oblasti v\u00fdkonu.<\/p>\n\n\n\n<div class=\"gb-element-cb14beec\">\n<h3 class=\"gb-text\">Pr\u00edstup OnCourt<\/h3>\n\n\n\n<p class=\"gb-text\">Ak pl\u00e1nujete vybudova\u0165 basketbalov\u00e9 ihrisko, doma alebo vo ve\u013ekom meradle, OnCourt v\u00e1m pom\u00f4\u017ee urobi\u0165 to spr\u00e1vne.<\/p>\n\n\n\n<p class=\"gb-text-7b6b1e25\"><span class=\"gb-shape\"><svg aria-hidden=\"true\" role=\"img\" height=\"1em\" width=\"1em\" viewbox=\"0 0 512 512\" xmlns=\"http:\/\/www.w3.org\/2000\/svg\"><path fill=\"currentColor\" d=\"M173.898 439.404l-166.4-166.4c-9.997-9.997-9.997-26.206 0-36.204l36.203-36.204c9.997-9.998 26.207-9.998 36.204 0L192 312.69 432.095 72.596c9.997-9.997 26.207-9.997 36.204 0l36.203 36.204c9.997 9.997 9.997 26.206 0 36.204l-294.4 294.401c-9.998 9.997-26.207 9.997-36.204-.001z\"><\/path><\/svg><\/span><span class=\"gb-text\">Basketbal ako prv\u00e1 priorita<\/span><\/p>\n\n\n\n<p class=\"gb-text-ee8810d5\"><span class=\"gb-shape\"><svg aria-hidden=\"true\" role=\"img\" height=\"1em\" width=\"1em\" viewbox=\"0 0 512 512\" xmlns=\"http:\/\/www.w3.org\/2000\/svg\"><path fill=\"currentColor\" d=\"M173.898 439.404l-166.4-166.4c-9.997-9.997-9.997-26.206 0-36.204l36.203-36.204c9.997-9.998 26.207-9.998 36.204 0L192 312.69 432.095 72.596c9.997-9.997 26.207-9.997 36.204 0l36.203 36.204c9.997 9.997 9.997 26.206 0 36.204l-294.4 294.401c-9.998 9.997-26.207 9.997-36.204-.001z\"><\/path><\/svg><\/span><span class=\"gb-text\">Jasn\u00e9 pl\u00e1novanie pred v\u00fdstavbou<\/span><\/p>\n\n\n\n<p class=\"gb-text-c3c5234a\"><span class=\"gb-shape\"><svg aria-hidden=\"true\" role=\"img\" height=\"1em\" width=\"1em\" viewbox=\"0 0 512 512\" xmlns=\"http:\/\/www.w3.org\/2000\/svg\"><path fill=\"currentColor\" d=\"M173.898 439.404l-166.4-166.4c-9.997-9.997-9.997-26.206 0-36.204l36.203-36.204c9.997-9.998 26.207-9.998 36.204 0L192 312.69 432.095 72.596c9.997-9.997 26.207-9.997 36.204 0l36.203 36.204c9.997 9.997 9.997 26.206 0 36.204l-294.4 294.401c-9.998 9.997-26.207 9.997-36.204-.001z\"><\/path><\/svg><\/span><span class=\"gb-text\">V\u00fdber produktov na z\u00e1klade v\u00fdkonu<\/span><\/p>\n\n\n\n<p class=\"gb-text-e6cf79e3\"><span class=\"gb-shape\"><svg aria-hidden=\"true\" role=\"img\" height=\"1em\" width=\"1em\" viewbox=\"0 0 512 512\" xmlns=\"http:\/\/www.w3.org\/2000\/svg\"><path fill=\"currentColor\" d=\"M173.898 439.404l-166.4-166.4c-9.997-9.997-9.997-26.206 0-36.204l36.203-36.204c9.997-9.998 26.207-9.998 36.204 0L192 312.69 432.095 72.596c9.997-9.997 26.207-9.997 36.204 0l36.203 36.204c9.997 9.997 9.997 26.206 0 36.204l-294.4 294.401c-9.998 9.997-26.207 9.997-36.204-.001z\"><\/path><\/svg><\/span><span class=\"gb-text\">\u00daprimn\u00e9, praktick\u00e9 rady<\/span><\/p>\n\n\n\n<p class=\"gb-text-9fa5ab33\"><span class=\"gb-shape\"><svg aria-hidden=\"true\" role=\"img\" height=\"1em\" width=\"1em\" viewbox=\"0 0 512 512\" xmlns=\"http:\/\/www.w3.org\/2000\/svg\"><path fill=\"currentColor\" d=\"M173.898 439.404l-166.4-166.4c-9.997-9.997-9.997-26.206 0-36.204l36.203-36.204c9.997-9.998 26.207-9.998 36.204 0L192 312.69 432.095 72.596c9.997-9.997 26.207-9.997 36.204 0l36.203 36.204c9.997 9.997 9.997 26.206 0 36.204l-294.4 294.401c-9.998 9.997-26.207 9.997-36.204-.001z\"><\/path><\/svg><\/span><span class=\"gb-text\">N\u00e1stroje, ktor\u00e9 zjednodu\u0161uj\u00fa zlo\u017eit\u00e9 rozhodnutia<\/span><\/p>\n\n\n\n<p>If you\u2019re still weighing options, our <a href=\"https:\/\/oncourt.online\/sk\/basketball-court-faq\/\"><strong><em>basketball court FAQs<\/em><\/strong><\/a> address common questions about surfaces, layouts, durability, and installation.<\/p>\n<\/div>\n\n\n<div class=\"gb-grid-wrapper gb-grid-wrapper-44caa69b\">\n<div class=\"gb-grid-column gb-grid-column-12b2a9f8\"><div class=\"gb-container gb-container-12b2a9f8\"><div class=\"gb-inside-container\">\n\n<figure class=\"gb-block-image gb-block-image-6adfd5ca\"><img loading=\"lazy\" decoding=\"async\" width=\"300\" height=\"169\" class=\"gb-image gb-image-6adfd5ca\" src=\"https:\/\/oncourt.online\/wp-content\/uploads\/2021\/10\/NIKE.png\" alt=\"Nike\" title=\"NIKE\"\/><\/figure>\n\n<\/div><\/div><\/div>\n\n<div class=\"gb-grid-column gb-grid-column-e5bb2fe1\"><div class=\"gb-container gb-container-e5bb2fe1\"><div class=\"gb-inside-container\">\n\n<figure class=\"gb-block-image gb-block-image-f8558887\"><img loading=\"lazy\" decoding=\"async\" width=\"300\" height=\"169\" class=\"gb-image gb-image-f8558887\" src=\"https:\/\/oncourt.online\/wp-content\/uploads\/2021\/10\/England-Football.png\" alt=\"Logo anglick\u00e9ho futbalov\u00e9ho t\u00edmu\" title=\"Anglicko-futbal\"\/><\/figure>\n\n<\/div><\/div><\/div>\n\n<div class=\"gb-grid-column gb-grid-column-3ac2520c\"><div class=\"gb-container gb-container-3ac2520c\"><div class=\"gb-inside-container\">\n\n<figure class=\"gb-block-image gb-block-image-32bd7dfd\"><img loading=\"lazy\" decoding=\"async\" width=\"300\" height=\"169\" class=\"gb-image gb-image-32bd7dfd\" src=\"https:\/\/oncourt.online\/wp-content\/uploads\/2021\/10\/Red-Bull.png\" alt=\"Logo Red Bull\" title=\"Red Bull\"\/><\/figure>\n\n<\/div><\/div><\/div>\n\n<div class=\"gb-grid-column gb-grid-column-b8a0acf4\"><div class=\"gb-container gb-container-b8a0acf4\"><div class=\"gb-inside-container\">\n\n<figure class=\"gb-block-image gb-block-image-199d062a\"><img loading=\"lazy\" decoding=\"async\" width=\"300\" height=\"169\" class=\"gb-image gb-image-199d062a\" src=\"https:\/\/oncourt.online\/wp-content\/uploads\/2021\/10\/Canary-Wharf-Group.png\" alt=\"Logo spolo\u010dnosti Canary Wharf Group\" title=\"Kan\u00e1rska skupina\"\/><\/figure>\n\n<\/div><\/div><\/div>\n\n<div class=\"gb-grid-column gb-grid-column-bcea7224\"><div class=\"gb-container gb-container-bcea7224\"><div class=\"gb-inside-container\">\n\n<figure class=\"gb-block-image gb-block-image-b9d71ee3\"><img loading=\"lazy\" decoding=\"async\" width=\"300\" height=\"169\" class=\"gb-image gb-image-b9d71ee3\" src=\"https:\/\/oncourt.online\/wp-content\/uploads\/2021\/10\/BBC.png\" alt=\"Logo BBC\" title=\"BBC\"\/><\/figure>\n\n<\/div><\/div><\/div>\n<\/div>","protected":false},"excerpt":{"rendered":"<p> \u2026 <a title=\"O spolo\u010dnosti OnCourt\" class=\"read-more\" href=\"https:\/\/oncourt.online\/sk\/about\/\" aria-label=\"Pre\u010d\u00edtajte si viac o About OnCourt\">Pre\u010d\u00edtajte si viac<\/a><\/p>","protected":false},"author":2,"featured_media":6877,"parent":0,"menu_order":11,"comment_status":"closed","ping_status":"closed","template":"","meta":{"_acf_changed":false,"inline_featured_image":false,"footnotes":""},"class_list":{"0":"post-80","1":"page","2":"type-page","3":"status-publish","4":"has-post-thumbnail","6":"infinite-scroll-item","7":"no-featured-image-padding","8":"resize-featured-image"},"acf":[],"yoast_head":"<!-- This site is optimized with the Yoast SEO Premium plugin v26.8 (Yoast SEO v27.3) - https:\/\/yoast.com\/product\/yoast-seo-premium-wordpress\/ -->\n<title>About OnCourt | Basketball Court Surfaces, Systems &amp; Design<\/title>\n<meta name=\"description\" content=\"OnCourt creates premium basketball courts, combining high-performance surfaces, pro-grade hoops and intuitive court-planning tools.\" \/>\n<meta name=\"robots\" content=\"index, follow, max-snippet:-1, max-image-preview:large, max-video-preview:-1\" \/>\n<link rel=\"canonical\" href=\"https:\/\/oncourt.online\/sk\/o-nas\/\" \/>\n<meta property=\"og:locale\" content=\"sk_SK\" \/>\n<meta property=\"og:type\" content=\"article\" \/>\n<meta property=\"og:title\" content=\"About OnCourt\" \/>\n<meta property=\"og:description\" content=\"OnCourt creates premium basketball courts, combining high-performance surfaces, pro-grade hoops and intuitive court-planning tools.\" \/>\n<meta property=\"og:url\" content=\"https:\/\/oncourt.online\/sk\/o-nas\/\" \/>\n<meta property=\"og:site_name\" content=\"OnCourt Online\" \/>\n<meta property=\"article:publisher\" content=\"https:\/\/www.facebook.com\/oncourt.online\/\" \/>\n<meta property=\"article:modified_time\" content=\"2026-01-07T15:32:24+00:00\" \/>\n<meta property=\"og:image\" content=\"https:\/\/oncourt.online\/wp-content\/uploads\/2022\/05\/OnCourt-Shipping-and-Delivery-Header.jpg\" \/>\n\t<meta property=\"og:image:width\" content=\"1440\" \/>\n\t<meta property=\"og:image:height\" content=\"498\" \/>\n\t<meta property=\"og:image:type\" content=\"image\/jpeg\" \/>\n<meta name=\"twitter:card\" content=\"summary_large_image\" \/>\n<meta name=\"twitter:label1\" content=\"Predpokladan\u00fd \u010das \u010d\u00edtania\" \/>\n\t<meta name=\"twitter:data1\" content=\"4 min\u00faty\" \/>\n<!-- \/ Yoast SEO Premium plugin. -->","yoast_head_json":{"title":"About OnCourt | Basketball Court Surfaces, Systems & Design","description":"OnCourt creates premium basketball courts, combining high-performance surfaces, pro-grade hoops and intuitive court-planning tools.","robots":{"index":"index","follow":"follow","max-snippet":"max-snippet:-1","max-image-preview":"max-image-preview:large","max-video-preview":"max-video-preview:-1"},"canonical":"https:\/\/oncourt.online\/sk\/o-nas\/","og_locale":"sk_SK","og_type":"article","og_title":"About OnCourt","og_description":"OnCourt creates premium basketball courts, combining high-performance surfaces, pro-grade hoops and intuitive court-planning tools.","og_url":"https:\/\/oncourt.online\/sk\/o-nas\/","og_site_name":"OnCourt Online","article_publisher":"https:\/\/www.facebook.com\/oncourt.online\/","article_modified_time":"2026-01-07T15:32:24+00:00","og_image":[{"width":1440,"height":498,"url":"https:\/\/oncourt.online\/wp-content\/uploads\/2022\/05\/OnCourt-Shipping-and-Delivery-Header.jpg","type":"image\/jpeg"}],"twitter_card":"summary_large_image","twitter_misc":{"Predpokladan\u00fd \u010das \u010d\u00edtania":"4 min\u00faty"},"schema":{"@context":"https:\/\/schema.org","@graph":[{"@type":"WebPage","@id":"https:\/\/oncourt.online\/sk\/about\/","url":"https:\/\/oncourt.online\/sk\/about\/","name":"About OnCourt | Basketball Court Surfaces, Systems & Design","isPartOf":{"@id":"https:\/\/oncourt.online\/sk\/#website"},"primaryImageOfPage":{"@id":"https:\/\/oncourt.online\/sk\/about\/#primaryimage"},"image":{"@id":"https:\/\/oncourt.online\/sk\/about\/#primaryimage"},"thumbnailUrl":"https:\/\/oncourt.online\/wp-content\/uploads\/2022\/05\/OnCourt-Shipping-and-Delivery-Header.jpg","datePublished":"2021-10-19T20:14:24+00:00","dateModified":"2026-01-07T15:32:24+00:00","description":"OnCourt creates premium basketball courts, combining high-performance surfaces, pro-grade hoops and intuitive court-planning tools.","breadcrumb":{"@id":"https:\/\/oncourt.online\/sk\/about\/#breadcrumb"},"inLanguage":"sk-SK","potentialAction":[{"@type":"ReadAction","target":["https:\/\/oncourt.online\/sk\/about\/"]}]},{"@type":"ImageObject","inLanguage":"sk-SK","@id":"https:\/\/oncourt.online\/sk\/about\/#primaryimage","url":"https:\/\/oncourt.online\/wp-content\/uploads\/2022\/05\/OnCourt-Shipping-and-Delivery-Header.jpg","contentUrl":"https:\/\/oncourt.online\/wp-content\/uploads\/2022\/05\/OnCourt-Shipping-and-Delivery-Header.jpg","width":1440,"height":498,"caption":"Shipping & Delivery | OnCourt"},{"@type":"BreadcrumbList","@id":"https:\/\/oncourt.online\/sk\/about\/#breadcrumb","itemListElement":[{"@type":"ListItem","position":1,"name":"Home","item":"https:\/\/oncourt.online\/"},{"@type":"ListItem","position":2,"name":"About OnCourt"}]},{"@type":"WebSite","@id":"https:\/\/oncourt.online\/sk\/#website","url":"https:\/\/oncourt.online\/sk\/","name":"OnCourt Online","description":"Vysoko v\u00fdkonn\u00e9 basketbalov\u00e9 ihrisk\u00e1","publisher":{"@id":"https:\/\/oncourt.online\/sk\/#organization"},"potentialAction":[{"@type":"SearchAction","target":{"@type":"EntryPoint","urlTemplate":"https:\/\/oncourt.online\/sk\/?s={search_term_string}"},"query-input":{"@type":"PropertyValueSpecification","valueRequired":true,"valueName":"search_term_string"}}],"inLanguage":"sk-SK"},{"@type":"Organization","@id":"https:\/\/oncourt.online\/sk\/#organization","name":"OnCourt Online","url":"https:\/\/oncourt.online\/sk\/","logo":{"@type":"ImageObject","inLanguage":"sk-SK","@id":"https:\/\/oncourt.online\/sk\/#\/schema\/logo\/image\/","url":"https:\/\/oncourt.online\/wp-content\/uploads\/2021\/12\/Logo_OnCourt_Black.svg","contentUrl":"https:\/\/oncourt.online\/wp-content\/uploads\/2021\/12\/Logo_OnCourt_Black.svg","width":"1024","height":"1024","caption":"OnCourt Online"},"image":{"@id":"https:\/\/oncourt.online\/sk\/#\/schema\/logo\/image\/"},"sameAs":["https:\/\/www.facebook.com\/oncourt.online\/"],"email":"info@oncourt.online"}]}},"_links":{"self":[{"href":"https:\/\/oncourt.online\/sk\/wp-json\/wp\/v2\/pages\/80","targetHints":{"allow":["GET"]}}],"collection":[{"href":"https:\/\/oncourt.online\/sk\/wp-json\/wp\/v2\/pages"}],"about":[{"href":"https:\/\/oncourt.online\/sk\/wp-json\/wp\/v2\/types\/page"}],"author":[{"embeddable":true,"href":"https:\/\/oncourt.online\/sk\/wp-json\/wp\/v2\/users\/2"}],"replies":[{"embeddable":true,"href":"https:\/\/oncourt.online\/sk\/wp-json\/wp\/v2\/comments?post=80"}],"version-history":[{"count":0,"href":"https:\/\/oncourt.online\/sk\/wp-json\/wp\/v2\/pages\/80\/revisions"}],"wp:featuredmedia":[{"embeddable":true,"href":"https:\/\/oncourt.online\/sk\/wp-json\/wp\/v2\/media\/6877"}],"wp:attachment":[{"href":"https:\/\/oncourt.online\/sk\/wp-json\/wp\/v2\/media?parent=80"}],"curies":[{"name":"wp","href":"https:\/\/api.w.org\/{rel}","templated":true}]}}