{"id":6797,"date":"2022-05-26T13:42:42","date_gmt":"2022-05-26T13:42:42","guid":{"rendered":"https:\/\/oncourt.online\/?page_id=6797"},"modified":"2026-01-09T02:04:24","modified_gmt":"2026-01-09T02:04:24","slug":"shipping-delivery","status":"publish","type":"page","link":"https:\/\/oncourt.online\/sk\/shipping-delivery\/","title":{"rendered":"Doprava a doru\u010denie"},"content":{"rendered":"<div class=\"gb-container gb-container-f34a8199\">\n<div class=\"gb-container gb-container-235943a7\">\n\n<h2 class=\"gb-headline gb-headline-88ee416e gb-headline-text\">Prepravn\u00e9 podmienky OnCourt Online<\/h2>\n\n\n\n<p class=\"gb-headline gb-headline-0924883b gb-headline-text not_last_text\">Doprava a doru\u010denie v OnCourt z\u00e1visia od vybran\u00fdch produktov. Pri k\u00fape kompletu ihriska s\u00fa k\u00f4\u0161 a komponenty odoslan\u00e9 \u010do najsk\u00f4r, aby mohli by\u0165 zahrnut\u00e9 do v\u00fdstavby podkladovej vrstvy. Povrchy ihriska sa vyr\u00e1baj\u00fa a odosielaj\u00fa po pr\u00edprave, ktor\u00e1 v s\u00fa\u010dasnosti trv\u00e1 10\u201312 t\u00fd\u017ed\u0148ov. <\/p>\n\n\n\n<p class=\"gb-text not_last_text\">Dostupnos\u0165 doru\u010denia sa l\u00ed\u0161i pod\u013ea krajiny. Zasielame len do vybran\u00fdch regi\u00f3nov zobrazen\u00fdch pri pokladni.<\/p>\n\n\n\n<p>Ak va\u0161a krajina nie je uveden\u00e1 a pl\u00e1nujete projekt basketbalov\u00e9ho ihriska, kontaktujte n\u00e1s oh\u013eadom pos\u00fadenia realizovate\u013enosti. Dostupnos\u0165 sa posudzuje individu\u00e1lne. <\/p>\n\n\n\n<h3 class=\"gb-headline gb-headline-3e94b795 gb-headline-text\">Modul\u00e1rne \u0161portov\u00e9 povrchy dodan\u00e9 pripraven\u00e9 na Plug &amp; Play in\u0161tal\u00e1ciu<\/h3>\n\n\n\n<p class=\"gb-headline gb-headline-e71567d7 gb-headline-text not_last_text\">Povrchy kurtov sa dod\u00e1vaj\u00fa v baleniach pripraven\u00fdch na jednoduch\u00fa samostatn\u00fa in\u0161tal\u00e1ciu. Ka\u017ed\u00fd kurt je dod\u00e1van\u00fd na palete s o\u010d\u00edslovan\u00fdmi doskami a mapou pre orient\u00e1ciu (objedn\u00e1vky pre dom\u00e1cnosti sa dod\u00e1vaj\u00fa a\u017e k chodn\u00edku).<\/p>\n\n\n\n<p class=\"translation-block\">Ka\u017ed\u00e9 modul\u00e1rne \u0161portov\u00e9 ihrisko sa vyr\u00e1ba na objedn\u00e1vku, <strong>pri\u010dom v\u00fdroba trv\u00e1 pribli\u017ene<\/strong> <strong>10\u201312 t\u00fd\u017ed\u0148ov<\/strong> od potvrden\u00e9ho prijatia objedn\u00e1vky. Dodacie lehoty sa l\u00ed\u0161ia pod\u013ea lokality a po odoslan\u00ed dostanete aktualiz\u00e1ciu s odhadovan\u00fdm d\u00e1tumom doru\u010denia a sledovan\u00edm z\u00e1sielky (akt\u00edvne po colnom odbaven\u00ed v cie\u013eovej krajine). V\u0161etky cl\u00e1 s\u00fa uhraden\u00e9 vopred a dod\u00e1vky prebiehaj\u00fa na z\u00e1klade DDP (Delivered Duty Paid), bez skryt\u00fdch n\u00e1kladov.<\/p>\n\n\n<div class=\"gb-container gb-container-cfce094b\">\n\n<h2 class=\"gb-text\">Odoslanie produktu<\/h2>\n\n\n\n<p>Pokia\u013e nie je uveden\u00e9 inak, v\u0161etky objedn\u00e1vky od spolo\u010dnosti OnCourt s\u00fa odosielan\u00e9 prostredn\u00edctvom d\u00f4veryhodn\u00fdch be\u017en\u00fdch dopravcov. Produkty s\u00fa odosielan\u00e9 ako nov\u00e9 a v dobrom stave, tak ako je uveden\u00e9 v reklame. Basketbalov\u00e9 syst\u00e9my s\u00fa dod\u00e1van\u00e9 prostredn\u00edctvom <strong>Doru\u010denie na chodn\u00edk<\/strong>, \u010do znamen\u00e1, \u017ee va\u0161a objedn\u00e1vka bude doru\u010den\u00e1 na okraj cesty na konci va\u0161ej pr\u00edjazdovej cesty. Upozor\u0148ujeme, \u017ee t\u00e1to slu\u017eba <strong>nezah\u0155\u0148a in\u0161tal\u00e1ciu, mont\u00e1\u017e ani odstr\u00e1nenie obalu<\/strong>.<\/p>\n\n\n\n<h3 class=\"gb-headline gb-headline-bce52be2 gb-headline-text\">Zmena adresy po odoslan\u00ed<\/h3>\n\n\n\n<p>Ak sa doru\u010dovacia adresa zmen\u00ed po tom, \u010do z\u00e1sielku prevezme cestn\u00fd dopravca, pova\u017euje sa to za op\u00e4tovn\u00e9 odoslanie a bud\u00fa \u00fa\u010dtovan\u00e9 dodato\u010dn\u00e9 poplatky.<\/p>\n\n\n\n<h3 class=\"gb-headline gb-headline-ab76306c gb-headline-text\">Harmonogram dod\u00e1vok<\/h3>\n\n\n\n<p class=\"translation-block\">Doru\u010denie zvy\u010dajne prebieha <strong>od pondelka do piatku, medzi 08:00 a 18:00<\/strong>. \u010casy sa m\u00f4\u017eu l\u00ed\u0161i\u0165 v z\u00e1vislosti od lokality, trasy vodi\u010da a nepredv\u00eddan\u00fdch faktorov, ako je doprava alebo po\u010dasie.<\/p>\n\n\n\n<h3 class=\"gb-headline gb-headline-d3e65b23 gb-headline-text\">Doru\u010dovacie vozidlo a pr\u00edstup<\/h3>\n\n\n\n<p class=\"gb-text not_last_text translation-block\">Maloobchodn\u00e9 objedn\u00e1vky s\u00fa doru\u010dovan\u00e9 <strong>\u0165a\u017ek\u00fdmi n\u00e1kladn\u00fdmi vozidlami (napr. k\u013abov\u00fd kami\u00f3n)<\/strong> a zvy\u010dajne zah\u0155\u0148aj\u00fa <strong>hydraulick\u00fa zdv\u00edhaciu plo\u0161inu<\/strong>. Vodi\u010d je zodpovedn\u00fd za vylo\u017eenie produktu a jeho umiestnenie pri obrubn\u00edku. Ak s\u00fa vykonan\u00e9 dodato\u010dn\u00e9 doru\u010dovacie slu\u017eby, m\u00f4\u017eu by\u0165 \u00fa\u010dtovan\u00e9 dodato\u010dn\u00e9 poplatky.<\/p>\n\n\n\n<p class=\"translation-block\">Pros\u00edme, starostlivo skontrolujte dodac\u00ed doklad, aby ste sa uistili, \u017ee <strong>neboli vykonan\u00e9 \u017eiadne dodato\u010dn\u00e9 slu\u017eby<\/strong>. Ak boli, spolo\u010dnos\u0165 OnCourt si vyhradzuje pr\u00e1vo <strong>tieto n\u00e1klady prenies\u0165<\/strong>.<\/p>\n\n\n\n<h3 class=\"wp-block-heading\" id=\"h-delivery-signature-amp-inspection\">Podpis a kontrola pri doru\u010den\u00ed<\/h3>\n\n\n\n<p class=\"gb-text not_last_text translation-block\">Pri doru\u010den\u00ed je potrebn\u00fd <strong>podpis<\/strong>. Obal je nutn\u00e9 skontrolova\u0165 <strong>pred podpisom<\/strong>. V pr\u00edpade potreby m\u00f4\u017eete krabicu otvori\u0165 a skontrolova\u0165 stav obsahu, najm\u00e4 <strong>sklenen\u00e9 dosky<\/strong>, ktor\u00e9 s\u00fa po\u010das prepravy n\u00e1chylnej\u0161ie na po\u0161kodenie.<\/p>\n\n\n\n<p>Ak sa zd\u00e1, \u017ee je ktor\u00e1ko\u013evek \u010das\u0165 z\u00e1sielky po\u0161koden\u00e1:<\/p>\n\n\n\n<ul class=\"wp-block-list\">\n<li><strong>Neodmietajte dod\u00e1vku.<\/strong><\/li>\n\n\n\n<li>Na dodacom liste uve\u010fte jasn\u00e9 pozn\u00e1mky opisuj\u00face probl\u00e9m (napr., <em>\u201cZadn\u00e1 doska sa rozbila pri dodan\u00ed\u201d<\/em>).<\/li>\n\n\n\n<li>Zaujmite jasn\u00fd postoj <strong>fotografie po\u0161kodenia<\/strong>.<\/li>\n\n\n\n<li>Podp\u00edsan\u00e9 potvrdenie a fotografie za\u0161lite e-mailom n\u00e1\u0161mu t\u00edmu podpory a my v\u00e1m za\u0161leme <strong>n\u00e1hradn\u00fd diel<\/strong> okam\u017eite.<\/li>\n<\/ul>\n\n\n\n<p class=\"gb-text not_last_text\">Medzit\u00fdm m\u00f4\u017eete pokra\u010dova\u0165 v ak\u00fdchko\u013evek krokoch nastavenia, ktor\u00e9 nie s\u00fa ovplyvnen\u00e9 (napr. nastavenie kotiev a nechanie bet\u00f3nu vytvrdi\u0165).<\/p>\n\n\n\n<p>Pri v\u0161etk\u00fdch dod\u00e1vkach je vy\u017eadovan\u00fd podpis. Pr\u00edjemca bude musie\u0165 podp\u00edsa\u0165 dodac\u00ed list, bez ktor\u00e9ho nebude dod\u00e1vka realizovan\u00e1.<\/p>\n\n\n\n<h3 class=\"gb-headline gb-headline-7838bbbd gb-headline-text\">D\u00f4le\u017eit\u00e9 inform\u00e1cie o dodan\u00ed<\/h3>\n\n\n\n<ul class=\"wp-block-list\">\n<li>V\u0161etky polo\u017eky op\u00fa\u0161\u0165aj\u00fa n\u00e1\u0161 sklad <strong>zcela nov\u00fd a nepo\u0161koden\u00fd<\/strong>.<\/li>\n\n\n\n<li>Ak po\u0161kodenie nie je uveden\u00e9 na dodacom liste, <strong>oslobodi\u0165 dopravcu od zodpovednosti<\/strong> a nemusia ma\u0165 n\u00e1rok na n\u00e1hradu \u0161kody.<\/li>\n\n\n\n<li><strong>Tvrden\u00e9 sklo<\/strong> neprask\u00e1 \u2014 rozbije sa. Ak je va\u0161a doska zlomen\u00e1, bude to v <strong>mnoho mal\u00fdch k\u00faskov<\/strong>, nie prasknut\u00e9.<\/li>\n<\/ul>\n\n\n\n<p>Pre va\u0161u ochranu, <strong>nap\u00ed\u0161te \u201cPodlieha kontrole\u201d ved\u013ea svojho podpisu<\/strong> pri podpise dod\u00e1vky.<\/p>\n\n\n\n<h3 class=\"gb-headline gb-headline-dd213a82 gb-headline-text\">Pr\u00edstup k dod\u00e1vke<\/h3>\n\n\n\n<p>Ak je va\u0161e miesto nedostupn\u00e9 pre ve\u013ek\u00e9 dod\u00e1vkov\u00e9 vozidlo (napr. \u00fazke cesty, strm\u00e9 pr\u00edjazdov\u00e9 cesty, uzavret\u00e9 komunity), m\u00f4\u017ee by\u0165 potrebn\u00e9:<\/p>\n\n\n\n<ul class=\"wp-block-list\">\n<li>Vyzdvihnite si objedn\u00e1vku v miestnom termin\u00e1li alebo<\/li>\n\n\n\n<li>Zabezpe\u010dte kone\u010dn\u00e9 doru\u010denie prostredn\u00edctvom tretej strany \u2013 kuri\u00e9rskej slu\u017eby.<\/li>\n<\/ul>\n\n\n\n<h3 class=\"gb-headline gb-headline-f4f6c8ad gb-headline-text\">Nedoru\u010dite\u013en\u00e9 objedn\u00e1vky<\/h3>\n\n\n\n<p>Ak je z\u00e1sielka vr\u00e1ten\u00e1 ako <strong>Nedoru\u010dite\u013en\u00e9<\/strong> alebo <strong>Odmietnut\u00e9<\/strong>, a <strong>Poplatok za doplnenie z\u00e1sob 20%<\/strong> bude plati\u0165 a vy budete zodpovedn\u00ed za v\u0161etky p\u00f4vodn\u00e9 n\u00e1klady na dopravu.<\/p>\n\n<\/div>\n\n\n<h3 class=\"gb-headline gb-headline-77bdb557 gb-headline-text\">Doprava a cl\u00e1 (objedn\u00e1vky mimo E\u00da)<\/h3>\n\n\n\n<p class=\"gb-headline gb-headline-f02c1b4c gb-headline-text\">Pre v\u0161etky odoslan\u00e9 objedn\u00e1vky <strong>mimo Eur\u00f3pskej \u00fanie<\/strong>:<\/p>\n\n\n\n<ul class=\"wp-block-list\">\n<li>Ceny uveden\u00e9 pri platbe nezah\u0155\u0148aj\u00fa miestne dane, dovozn\u00e9 cl\u00e1 ani poplatky za coln\u00e9 konanie.<\/li>\n\n\n\n<li>Ste dovozcom z\u00e1znamu a nesiete v\u00fdhradn\u00fa zodpovednos\u0165 za ak\u00e9ko\u013evek tak\u00e9to poplatky pri dodan\u00ed.<\/li>\n\n\n\n<li>OnCourt nevyber\u00e1 ani neodv\u00e1dza DPH\/GST, dovozn\u00e9 cl\u00e1 ani coln\u00e9 poplatky pre destin\u00e1cie mimo E\u00da.<\/li>\n\n\n\n<li>Ak s\u00fa poplatky odmietnut\u00e9 alebo nezaplaten\u00e9, m\u00f4\u017ee to ma\u0165 za n\u00e1sledok oneskorenie, vr\u00e1tenie alebo zru\u0161enie z\u00e1sielky. Spolo\u010dnos\u0165 OnCourt nezodpoved\u00e1 za \u017eiadne v\u00fdsledn\u00e9 n\u00e1klady alebo straty a v t\u00fdchto pr\u00edpadoch nevr\u00e1ti poplatky za dopravu ani za produkt.<\/li>\n<\/ul>\n\n\n\n<p>Dokon\u010den\u00edm n\u00e1kupu potvrdzujete a akceptujete tieto podmienky.<\/p>\n\n<\/div>\n<\/div>\n\n<div class=\"gb-container gb-container-aedea16a\" id=\"megaslam-shipping\">\n<div class=\"gb-container gb-container-492b5ca3\">\n\n<h2 class=\"gb-headline gb-headline-65d8dcc4 gb-headline-text\">Hladk\u00e9 doru\u010denie v\u00e1\u0161ho Mega Slam Hoop <\/h2>\n\n\n\n<p class=\"gb-headline gb-headline-880344a0 gb-headline-text\">Ke\u010f si objedn\u00e1te na oncourt.online, dod\u00e1me v\u00e1m obru\u010d priamo k v\u00e1\u0161mu domu, \u010do znamen\u00e1, \u017ee pr\u00edde priamo z n\u00e1\u0161ho skladu, z n\u00e1kladn\u00e9ho auta a k v\u00e1\u0161mu domu, tak\u017ee nestrat\u00edte \u010das a m\u00f4\u017eete sa hne\u010f pusti\u0165 do vo\u013en\u00fdch hodov. Pou\u017eite n\u00e1\u0161 5-bodov\u00fd kontroln\u00fd zoznam ni\u017e\u0161ie, aby ste zaistili hladk\u00e9 doru\u010denie va\u0161ej obru\u010de. <a href=\"https:\/\/oncourt.online\/sk\/basketbalove-kose\/\"><em><strong>Mega Slam Hoop<\/strong><\/em><\/a>. <\/p>\n\n\n\n<figure class=\"wp-block-image size-full is-resized\"><img loading=\"lazy\" decoding=\"async\" width=\"600\" height=\"600\" src=\"https:\/\/oncourt.online\/wp-content\/uploads\/2021\/10\/Mega-Slam-Hoop-s-Order-Confirmation.png\" alt=\"Mega Slam Hoops - Potvrdenie objedn\u00e1vky\" class=\"wp-image-422\" style=\"width:150px;height:auto\" srcset=\"https:\/\/oncourt.online\/wp-content\/uploads\/2021\/10\/Mega-Slam-Hoop-s-Order-Confirmation.png 600w, https:\/\/oncourt.online\/wp-content\/uploads\/2021\/10\/Mega-Slam-Hoop-s-Order-Confirmation-100x100.png 100w, https:\/\/oncourt.online\/wp-content\/uploads\/2021\/10\/Mega-Slam-Hoop-s-Order-Confirmation-545x545.png 545w\" sizes=\"auto, (max-width: 600px) 100vw, 600px\" \/><\/figure>\n\n\n\n<h4 class=\"gb-headline gb-headline-8536b972 gb-headline-text\">1. Potvr\u010fte svoju objedn\u00e1vku<\/h4>\n\n\n\n<p class=\"gb-headline gb-headline-9f1a5517 gb-headline-text\">Gratulujeme k objednaniu novej obru\u010de. Teraz h\u013eadajte e-mail s \u00fadajmi o va\u0161ej objedn\u00e1vke. <\/p>\n\n\n\n<figure class=\"wp-block-image size-full is-resized\"><img loading=\"lazy\" decoding=\"async\" width=\"600\" height=\"600\" src=\"https:\/\/oncourt.online\/wp-content\/uploads\/2021\/10\/Mega-Slam-Hoops-Arrange-Delivery.png\" alt=\"Mega Slam Hoops - Zabezpe\u010di\u0165 dodanie\" class=\"wp-image-419\" style=\"width:150px;height:150px\" srcset=\"https:\/\/oncourt.online\/wp-content\/uploads\/2021\/10\/Mega-Slam-Hoops-Arrange-Delivery.png 600w, https:\/\/oncourt.online\/wp-content\/uploads\/2021\/10\/Mega-Slam-Hoops-Arrange-Delivery-100x100.png 100w, https:\/\/oncourt.online\/wp-content\/uploads\/2021\/10\/Mega-Slam-Hoops-Arrange-Delivery-545x545.png 545w\" sizes=\"auto, (max-width: 600px) 100vw, 600px\" \/><\/figure>\n\n\n\n<h4 class=\"gb-headline gb-headline-9bfe8bb5 gb-headline-text\">2. Odoslanie a doru\u010denie <\/h4>\n\n\n\n<p class=\"gb-headline gb-headline-290fa9d6 gb-headline-text\">Dostanete potvrdenie o odoslan\u00ed objedn\u00e1vky, ktor\u00e9 bude obsahova\u0165 predpokladan\u00fd \u010dasov\u00fd harmonogram dodania. <\/p>\n\n\n\n<figure class=\"wp-block-image size-full is-resized\"><img loading=\"lazy\" decoding=\"async\" width=\"600\" height=\"600\" src=\"https:\/\/oncourt.online\/wp-content\/uploads\/2021\/10\/Mega-Slam-Hoops-Curbside-Delivery.png\" alt=\"Obru\u010de Mega Slam - doru\u010denie na ulicu\" class=\"wp-image-420\" style=\"width:150px;height:150px\" srcset=\"https:\/\/oncourt.online\/wp-content\/uploads\/2021\/10\/Mega-Slam-Hoops-Curbside-Delivery.png 600w, https:\/\/oncourt.online\/wp-content\/uploads\/2021\/10\/Mega-Slam-Hoops-Curbside-Delivery-100x100.png 100w, https:\/\/oncourt.online\/wp-content\/uploads\/2021\/10\/Mega-Slam-Hoops-Curbside-Delivery-545x545.png 545w\" sizes=\"auto, (max-width: 600px) 100vw, 600px\" \/><\/figure>\n\n\n\n<h4 class=\"gb-headline gb-headline-111f7f0a gb-headline-text\">3. Urobte si miesto pre svoju obru\u010d<\/h4>\n\n\n\n<p class=\"gb-headline gb-headline-cdd4e7d1 gb-headline-text\">Basketbalov\u00e9 syst\u00e9my Mega Slam s\u00fa ve\u013ek\u00e9 (a\u017e 340 kg) a prepravn\u00e1 paleta zaber\u00e1 pri dodan\u00ed dos\u0165 miesta (objedn\u00e1vky pre dom\u00e1cnosti sa dod\u00e1vaj\u00fa a\u017e k chodn\u00edku).<\/p>\n\n\n\n<figure class=\"wp-block-image size-full is-resized\"><img loading=\"lazy\" decoding=\"async\" width=\"600\" height=\"600\" src=\"https:\/\/oncourt.online\/wp-content\/uploads\/2021\/10\/Mega-Slam-Shipping-Boxes.png\" alt=\"Prepravn\u00e9 boxy Mega Slam\" class=\"wp-image-421\" style=\"width:150px;height:150px\" srcset=\"https:\/\/oncourt.online\/wp-content\/uploads\/2021\/10\/Mega-Slam-Shipping-Boxes.png 600w, https:\/\/oncourt.online\/wp-content\/uploads\/2021\/10\/Mega-Slam-Shipping-Boxes-100x100.png 100w, https:\/\/oncourt.online\/wp-content\/uploads\/2021\/10\/Mega-Slam-Shipping-Boxes-545x545.png 545w\" sizes=\"auto, (max-width: 600px) 100vw, 600px\" \/><\/figure>\n\n\n\n<h4 class=\"gb-headline gb-headline-c4d17918 gb-headline-text\">4. Skontrolujte dod\u00e1vku obru\u010de<\/h4>\n\n\n\n<p class=\"gb-headline gb-headline-b333a103 gb-headline-text\">Na z\u00e1klade ve\u013ekosti objedn\u00e1vky sa uistite, \u017ee je na ka\u017edej palete pripevnen\u00fd spr\u00e1vny po\u010det krab\u00edc (ka\u017ed\u00fd syst\u00e9m sa dod\u00e1va na jednej palete s jasne o\u010d\u00edslovan\u00fdmi krabicami). Nevad\u00ed, ak s\u00fa niektor\u00e9 \u0161katule prelia\u010den\u00e9 alebo roztrhan\u00e9. Na\u0161e syst\u00e9my s\u00fa robustn\u00e9 a pre\u017eij\u00fa aj men\u0161ie po\u0161kodenia krab\u00edc. <\/p>\n\n\n\n<figure class=\"wp-block-image size-full is-resized\"><img loading=\"lazy\" decoding=\"async\" width=\"600\" height=\"600\" src=\"https:\/\/oncourt.online\/wp-content\/uploads\/2021\/10\/Mega-Slam-Hoops-Signed-Delivery.png\" alt=\"Mega Slam Hoops - podp\u00edsan\u00e9 doru\u010denie\" class=\"wp-image-417\" style=\"width:150px;height:150px\" srcset=\"https:\/\/oncourt.online\/wp-content\/uploads\/2021\/10\/Mega-Slam-Hoops-Signed-Delivery.png 600w, https:\/\/oncourt.online\/wp-content\/uploads\/2021\/10\/Mega-Slam-Hoops-Signed-Delivery-100x100.png 100w, https:\/\/oncourt.online\/wp-content\/uploads\/2021\/10\/Mega-Slam-Hoops-Signed-Delivery-545x545.png 545w\" sizes=\"auto, (max-width: 600px) 100vw, 600px\" \/><\/figure>\n\n\n\n<h4 class=\"gb-headline gb-headline-f3ff4626 gb-headline-text\">5. Podp\u00ed\u0161te uvo\u013enenie svojej z\u00e1sielky<\/h4>\n\n\n\n<p class=\"gb-headline gb-headline-0e5ad3a7 gb-headline-text\">V\u00e1\u0161 priate\u013esk\u00fd \u0161pecialista na doru\u010dovanie teraz po\u017eiada o podpis, aby mohol basketbalov\u00fd syst\u00e9m uvo\u013eni\u0165. Ak je na krabiciach (alebo syst\u00e9me) vidite\u013en\u00e9 po\u0161kodenie, zdokumentujte ho na dodacom liste a pred podpisom si ho odfo\u0165te.<br>Ak bol tovar po\u0161koden\u00fd, prevezmite z\u00e1sielku a okam\u017eite n\u00e1s kontaktujte. Do e-mailu uve\u010fte v\u0161etky fotografie a my ur\u00fdchlime dodanie n\u00e1hradn\u00fdch dielov. <\/p>\n\n\n\n<figure class=\"wp-block-image size-full is-resized\"><img loading=\"lazy\" decoding=\"async\" width=\"750\" height=\"750\" src=\"https:\/\/oncourt.online\/wp-content\/uploads\/2021\/10\/MegaDlam-Installation-Dig-and-Pour.png\" alt=\"\" class=\"wp-image-319\" style=\"width:188px;height:188px\" srcset=\"https:\/\/oncourt.online\/wp-content\/uploads\/2021\/10\/MegaDlam-Installation-Dig-and-Pour.png 750w, https:\/\/oncourt.online\/wp-content\/uploads\/2021\/10\/MegaDlam-Installation-Dig-and-Pour-100x100.png 100w, https:\/\/oncourt.online\/wp-content\/uploads\/2021\/10\/MegaDlam-Installation-Dig-and-Pour-545x545.png 545w\" sizes=\"auto, (max-width: 750px) 100vw, 750px\" \/><\/figure>\n\n\n\n<h3 class=\"gb-headline gb-headline-a22b1bbf gb-headline-text\">In\u0161tal\u00e1cia<\/h3>\n\n\n\n<p class=\"gb-headline gb-headline-507bcc99 gb-headline-text\">Akon\u00e1hle v\u00e1m bude obru\u010d doru\u010den\u00e1, je \u010das na<a href=\"https:\/\/oncourt.online\/sk\/sprievodcovia\/instalacia\/sprievodca-instalaciou-basketbaloveho-kosa\/\"> <em><strong>nain\u0161talujte si basketbalov\u00fd k\u00f4\u0161<\/strong><\/em><\/a>.<\/p>\n\n<\/div>\n<\/div>","protected":false},"excerpt":{"rendered":"<p> \u2026 <a title=\"Doprava a doru\u010denie\" class=\"read-more\" href=\"https:\/\/oncourt.online\/sk\/shipping-delivery\/\" aria-label=\"Pre\u010d\u00edtajte si viac o Shipping And Delivery\">Pre\u010d\u00edtajte si viac<\/a><\/p>","protected":false},"author":2,"featured_media":6877,"parent":0,"menu_order":24,"comment_status":"closed","ping_status":"closed","template":"","meta":{"_acf_changed":false,"inline_featured_image":false,"footnotes":""},"class_list":{"0":"post-6797","1":"page","2":"type-page","3":"status-publish","4":"has-post-thumbnail","6":"infinite-scroll-item","7":"no-featured-image-padding","8":"resize-featured-image"},"acf":[],"yoast_head":"<!-- This site is optimized with the Yoast SEO Premium plugin v26.8 (Yoast SEO v27.3) - https:\/\/yoast.com\/product\/yoast-seo-premium-wordpress\/ -->\n<title>Shipping &amp; Delivery Information | OnCourt<\/title>\n<meta name=\"description\" content=\"Shipping and delivery information, including delivery methods, access planning, handling advice, and important notes for OnCourt orders.\" \/>\n<meta name=\"robots\" content=\"index, follow, max-snippet:-1, max-image-preview:large, max-video-preview:-1\" \/>\n<link rel=\"canonical\" href=\"https:\/\/oncourt.online\/sk\/shipping-delivery\/\" \/>\n<meta property=\"og:locale\" content=\"sk_SK\" \/>\n<meta property=\"og:type\" content=\"article\" \/>\n<meta property=\"og:title\" content=\"Shipping And Delivery\" \/>\n<meta property=\"og:description\" content=\"Shipping and delivery information, including delivery methods, access planning, handling advice, and important notes for OnCourt orders.\" \/>\n<meta property=\"og:url\" content=\"https:\/\/oncourt.online\/sk\/shipping-delivery\/\" \/>\n<meta property=\"og:site_name\" content=\"OnCourt Online\" \/>\n<meta property=\"article:publisher\" content=\"https:\/\/www.facebook.com\/oncourt.online\/\" \/>\n<meta property=\"article:modified_time\" content=\"2026-01-09T02:04:24+00:00\" \/>\n<meta property=\"og:image\" content=\"https:\/\/oncourt.online\/wp-content\/uploads\/2022\/05\/OnCourt-Shipping-and-Delivery-Header.jpg\" \/>\n\t<meta property=\"og:image:width\" content=\"1440\" \/>\n\t<meta property=\"og:image:height\" content=\"498\" \/>\n\t<meta property=\"og:image:type\" content=\"image\/jpeg\" \/>\n<meta name=\"twitter:card\" content=\"summary_large_image\" \/>\n<meta name=\"twitter:label1\" content=\"Predpokladan\u00fd \u010das \u010d\u00edtania\" \/>\n\t<meta name=\"twitter:data1\" content=\"6 min\u00fat\" \/>\n<!-- \/ Yoast SEO Premium plugin. -->","yoast_head_json":{"title":"Inform\u00e1cie o Preprave a Doru\u010den\u00ed | OnCourt","description":"Inform\u00e1cie o preprave a doru\u010den\u00ed, vr\u00e1tane sp\u00f4sobov doru\u010denia, pl\u00e1novania pr\u00edstupu, r\u00e1d k manipul\u00e1cii a d\u00f4le\u017eit\u00fdch pozn\u00e1mok pre objedn\u00e1vky OnCourt.","robots":{"index":"index","follow":"follow","max-snippet":"max-snippet:-1","max-image-preview":"max-image-preview:large","max-video-preview":"max-video-preview:-1"},"canonical":"https:\/\/oncourt.online\/sk\/shipping-delivery\/","og_locale":"sk_SK","og_type":"article","og_title":"Shipping And Delivery","og_description":"Shipping and delivery information, including delivery methods, access planning, handling advice, and important notes for OnCourt orders.","og_url":"https:\/\/oncourt.online\/sk\/shipping-delivery\/","og_site_name":"OnCourt Online","article_publisher":"https:\/\/www.facebook.com\/oncourt.online\/","article_modified_time":"2026-01-09T02:04:24+00:00","og_image":[{"width":1440,"height":498,"url":"https:\/\/oncourt.online\/wp-content\/uploads\/2022\/05\/OnCourt-Shipping-and-Delivery-Header.jpg","type":"image\/jpeg"}],"twitter_card":"summary_large_image","twitter_misc":{"Predpokladan\u00fd \u010das \u010d\u00edtania":"6 min\u00fat"},"schema":{"@context":"https:\/\/schema.org","@graph":[{"@type":"WebPage","@id":"https:\/\/oncourt.online\/sk\/shipping-delivery\/","url":"https:\/\/oncourt.online\/sk\/shipping-delivery\/","name":"Inform\u00e1cie o Preprave a Doru\u010den\u00ed | OnCourt","isPartOf":{"@id":"https:\/\/oncourt.online\/sk\/#website"},"primaryImageOfPage":{"@id":"https:\/\/oncourt.online\/sk\/shipping-delivery\/#primaryimage"},"image":{"@id":"https:\/\/oncourt.online\/sk\/shipping-delivery\/#primaryimage"},"thumbnailUrl":"https:\/\/oncourt.online\/wp-content\/uploads\/2022\/05\/OnCourt-Shipping-and-Delivery-Header.jpg","datePublished":"2022-05-26T13:42:42+00:00","dateModified":"2026-01-09T02:04:24+00:00","description":"Inform\u00e1cie o preprave a doru\u010den\u00ed, vr\u00e1tane sp\u00f4sobov doru\u010denia, pl\u00e1novania pr\u00edstupu, r\u00e1d k manipul\u00e1cii a d\u00f4le\u017eit\u00fdch pozn\u00e1mok pre objedn\u00e1vky OnCourt.","breadcrumb":{"@id":"https:\/\/oncourt.online\/sk\/shipping-delivery\/#breadcrumb"},"inLanguage":"sk-SK","potentialAction":[{"@type":"ReadAction","target":["https:\/\/oncourt.online\/sk\/shipping-delivery\/"]}]},{"@type":"ImageObject","inLanguage":"sk-SK","@id":"https:\/\/oncourt.online\/sk\/shipping-delivery\/#primaryimage","url":"https:\/\/oncourt.online\/wp-content\/uploads\/2022\/05\/OnCourt-Shipping-and-Delivery-Header.jpg","contentUrl":"https:\/\/oncourt.online\/wp-content\/uploads\/2022\/05\/OnCourt-Shipping-and-Delivery-Header.jpg","width":1440,"height":498,"caption":"Shipping & Delivery | OnCourt"},{"@type":"BreadcrumbList","@id":"https:\/\/oncourt.online\/sk\/shipping-delivery\/#breadcrumb","itemListElement":[{"@type":"ListItem","position":1,"name":"Home","item":"https:\/\/oncourt.online\/"},{"@type":"ListItem","position":2,"name":"Shipping And Delivery"}]},{"@type":"WebSite","@id":"https:\/\/oncourt.online\/sk\/#website","url":"https:\/\/oncourt.online\/sk\/","name":"OnCourt Online","description":"Vysoko v\u00fdkonn\u00e9 basketbalov\u00e9 ihrisk\u00e1","publisher":{"@id":"https:\/\/oncourt.online\/sk\/#organization"},"potentialAction":[{"@type":"SearchAction","target":{"@type":"EntryPoint","urlTemplate":"https:\/\/oncourt.online\/sk\/?s={search_term_string}"},"query-input":{"@type":"PropertyValueSpecification","valueRequired":true,"valueName":"search_term_string"}}],"inLanguage":"sk-SK"},{"@type":"Organization","@id":"https:\/\/oncourt.online\/sk\/#organization","name":"OnCourt Online","url":"https:\/\/oncourt.online\/sk\/","logo":{"@type":"ImageObject","inLanguage":"sk-SK","@id":"https:\/\/oncourt.online\/sk\/#\/schema\/logo\/image\/","url":"https:\/\/oncourt.online\/wp-content\/uploads\/2021\/12\/Logo_OnCourt_Black.svg","contentUrl":"https:\/\/oncourt.online\/wp-content\/uploads\/2021\/12\/Logo_OnCourt_Black.svg","width":"1024","height":"1024","caption":"OnCourt Online"},"image":{"@id":"https:\/\/oncourt.online\/sk\/#\/schema\/logo\/image\/"},"sameAs":["https:\/\/www.facebook.com\/oncourt.online\/"],"email":"info@oncourt.online"}]}},"_links":{"self":[{"href":"https:\/\/oncourt.online\/sk\/wp-json\/wp\/v2\/pages\/6797","targetHints":{"allow":["GET"]}}],"collection":[{"href":"https:\/\/oncourt.online\/sk\/wp-json\/wp\/v2\/pages"}],"about":[{"href":"https:\/\/oncourt.online\/sk\/wp-json\/wp\/v2\/types\/page"}],"author":[{"embeddable":true,"href":"https:\/\/oncourt.online\/sk\/wp-json\/wp\/v2\/users\/2"}],"replies":[{"embeddable":true,"href":"https:\/\/oncourt.online\/sk\/wp-json\/wp\/v2\/comments?post=6797"}],"version-history":[{"count":0,"href":"https:\/\/oncourt.online\/sk\/wp-json\/wp\/v2\/pages\/6797\/revisions"}],"wp:featuredmedia":[{"embeddable":true,"href":"https:\/\/oncourt.online\/sk\/wp-json\/wp\/v2\/media\/6877"}],"wp:attachment":[{"href":"https:\/\/oncourt.online\/sk\/wp-json\/wp\/v2\/media?parent=6797"}],"curies":[{"name":"wp","href":"https:\/\/api.w.org\/{rel}","templated":true}]}}