{"id":4371,"date":"2022-03-19T19:47:29","date_gmt":"2022-03-19T19:47:29","guid":{"rendered":"https:\/\/oncourt.online\/?page_id=4371"},"modified":"2026-01-15T07:45:48","modified_gmt":"2026-01-15T07:45:48","slug":"komercne-sportove-ihriska","status":"publish","type":"page","link":"https:\/\/oncourt.online\/sk\/commercial-sports-courts\/","title":{"rendered":"Komer\u010dn\u00e9 \u0161portov\u00e9 ihrisk\u00e1"},"content":{"rendered":"<div class=\"gb-element-780bd825\">\n<div class=\"gb-element-d4160509\">\n<h2 class=\"gb-headline gb-headline-e76b444c gb-headline-text\">Engineered for Performance. Designed to Inspire.<\/h2>\n\n\n\n<p class=\"gb-headline gb-headline-3c72361b gb-headline-text\">Od \u0161k\u00f4l a komunitn\u00fdch centier a\u017e po profesion\u00e1lne tr\u00e9ningov\u00e9 zariadenia, OnCourt pon\u00faka komer\u010dn\u00e9 rie\u0161enia \u0161portov\u00fdch ihr\u00edsk, ktor\u00e9 zvy\u0161uj\u00fa \u00farove\u0148 hry na ka\u017edej \u00farovni. Na\u0161e modul\u00e1rne povrchov\u00e9 syst\u00e9my v kombin\u00e1cii s presn\u00fdmi, \u013eahko pou\u017eite\u013en\u00fdmi n\u00e1strojmi na navrhovanie a jednoduch\u00fdmi in\u0161tala\u010dn\u00fdmi procesmi vytv\u00e1raj\u00fa dynamick\u00e9, bezpe\u010dn\u00e9 a vizu\u00e1lne p\u00f4sobiv\u00e9 ihrisk\u00e1 prisp\u00f4soben\u00e9 v\u00e1\u0161mu priestoru a \u0161portu.<\/p>\n\n\n\n<img loading=\"lazy\" decoding=\"async\" width=\"1600\" height=\"637\" class=\"gb-media-cd14b663\" src=\"https:\/\/oncourt.online\/wp-content\/uploads\/2025\/03\/Elastic-Pro-II-Orange-Wind-Grey-e1743146712707.png\" alt=\"\" srcset=\"https:\/\/oncourt.online\/wp-content\/uploads\/2025\/03\/Elastic-Pro-II-Orange-Wind-Grey-e1743146712707.png 1600w, https:\/\/oncourt.online\/wp-content\/uploads\/2025\/03\/Elastic-Pro-II-Orange-Wind-Grey-e1743146712707-300x119.png 300w, https:\/\/oncourt.online\/wp-content\/uploads\/2025\/03\/Elastic-Pro-II-Orange-Wind-Grey-e1743146712707-1024x408.png 1024w, https:\/\/oncourt.online\/wp-content\/uploads\/2025\/03\/Elastic-Pro-II-Orange-Wind-Grey-e1743146712707-768x306.png 768w, https:\/\/oncourt.online\/wp-content\/uploads\/2025\/03\/Elastic-Pro-II-Orange-Wind-Grey-e1743146712707-1536x612.png 1536w, https:\/\/oncourt.online\/wp-content\/uploads\/2025\/03\/Elastic-Pro-II-Orange-Wind-Grey-e1743146712707-18x7.png 18w, https:\/\/oncourt.online\/wp-content\/uploads\/2025\/03\/Elastic-Pro-II-Orange-Wind-Grey-e1743146712707-545x217.png 545w\" sizes=\"auto, (max-width: 1600px) 100vw, 1600px\" \/>\n\n\n\n<div class=\"gb-element-0d9ffc85\">\n<div class=\"gb-element-21a1af0d\">\n<div>\n<figure class=\"gb-block-image gb-block-image-6adfd5ca\"><img loading=\"lazy\" decoding=\"async\" width=\"300\" height=\"169\" class=\"gb-image gb-image-6adfd5ca\" src=\"https:\/\/oncourt.online\/wp-content\/uploads\/2021\/10\/NIKE.png\" alt=\"Nike\"\/><\/figure>\n<\/div>\n\n\n\n<div>\n<figure class=\"gb-block-image gb-block-image-f8558887\"><img loading=\"lazy\" decoding=\"async\" width=\"300\" height=\"169\" class=\"gb-image gb-image-f8558887\" src=\"https:\/\/oncourt.online\/wp-content\/uploads\/2021\/10\/England-Football.png\" alt=\"Anglick\u00fd futbal\"\/><\/figure>\n<\/div>\n\n\n\n<div>\n<figure class=\"gb-block-image gb-block-image-32bd7dfd\"><img loading=\"lazy\" decoding=\"async\" width=\"300\" height=\"169\" class=\"gb-image gb-image-32bd7dfd\" src=\"https:\/\/oncourt.online\/wp-content\/uploads\/2021\/10\/Red-Bull.png\" alt=\"Red Bull\"\/><\/figure>\n<\/div>\n\n\n\n<div>\n<figure class=\"gb-block-image gb-block-image-199d062a\"><img loading=\"lazy\" decoding=\"async\" width=\"300\" height=\"169\" class=\"gb-image gb-image-199d062a\" src=\"https:\/\/oncourt.online\/wp-content\/uploads\/2021\/10\/Canary-Wharf-Group.png\" alt=\"Canary Wharf Group PLC\"\/><\/figure>\n<\/div>\n\n\n\n<div>\n<figure class=\"gb-block-image gb-block-image-b9d71ee3\"><img loading=\"lazy\" decoding=\"async\" width=\"300\" height=\"169\" class=\"gb-image gb-image-b9d71ee3\" src=\"https:\/\/oncourt.online\/wp-content\/uploads\/2021\/10\/BBC.png\" alt=\"BBC\"\/><\/figure>\n<\/div>\n<\/div>\n<\/div>\n\n\n\n<img loading=\"lazy\" decoding=\"async\" width=\"1024\" height=\"683\" class=\"gb-media-6f830086\" src=\"https:\/\/oncourt.online\/wp-content\/uploads\/2025\/03\/Modular-Sports-Flooring-Tiles-Multi-Futsal-Court.jpg\" alt=\"\" srcset=\"https:\/\/oncourt.online\/wp-content\/uploads\/2025\/03\/Modular-Sports-Flooring-Tiles-Multi-Futsal-Court.jpg 1024w, https:\/\/oncourt.online\/wp-content\/uploads\/2025\/03\/Modular-Sports-Flooring-Tiles-Multi-Futsal-Court-300x200.jpg 300w, https:\/\/oncourt.online\/wp-content\/uploads\/2025\/03\/Modular-Sports-Flooring-Tiles-Multi-Futsal-Court-768x512.jpg 768w, https:\/\/oncourt.online\/wp-content\/uploads\/2025\/03\/Modular-Sports-Flooring-Tiles-Multi-Futsal-Court-18x12.jpg 18w, https:\/\/oncourt.online\/wp-content\/uploads\/2025\/03\/Modular-Sports-Flooring-Tiles-Multi-Futsal-Court-545x364.jpg 545w\" sizes=\"auto, (max-width: 1024px) 100vw, 1024px\" \/>\n\n\n\n<h3 class=\"gb-text gb-text-c407e67e\">Pre\u010do si pre svoj komer\u010dn\u00fd projekt vybra\u0165 OnCourt?<\/h3>\n\n\n\n<p>Ka\u017ed\u00fd povrch je optimalizovan\u00fd z h\u013eadiska trakcie, odozvy lopty a pohodlia hr\u00e1\u010dov \u2013 s vlastn\u00fdmi ozna\u010deniami pre konfigur\u00e1cie pre jeden alebo viacero \u0161portov.<\/p>\n\n\n\n<p class=\"gb-headline gb-headline-c24d9ecc\"><span class=\"gb-icon\"><svg aria-hidden=\"true\" role=\"img\" height=\"1em\" width=\"1em\" viewbox=\"0 0 512 512\" xmlns=\"http:\/\/www.w3.org\/2000\/svg\"><path fill=\"currentColor\" d=\"M173.898 439.404l-166.4-166.4c-9.997-9.997-9.997-26.206 0-36.204l36.203-36.204c9.997-9.998 26.207-9.998 36.204 0L192 312.69 432.095 72.596c9.997-9.997 26.207-9.997 36.204 0l36.203 36.204c9.997 9.997 9.997 26.206 0 36.204l-294.4 294.401c-9.998 9.997-26.207 9.997-36.204-.001z\"><\/path><\/svg><\/span><span class=\"gb-headline-text\"><strong>D\u00f4veruj\u00fa n\u00e1m glob\u00e1lni \u0161portov\u00ed partneri<\/strong><\/span><\/p>\n\n\n\n<p>Dvorce navrhnut\u00e9 tak, aby vydr\u017eali intenz\u00edvnu denn\u00fa aktivitu<\/p>\n\n\n\n<p class=\"gb-headline gb-headline-1b3f1043\"><span class=\"gb-icon\"><svg aria-hidden=\"true\" role=\"img\" height=\"1em\" width=\"1em\" viewbox=\"0 0 512 512\" xmlns=\"http:\/\/www.w3.org\/2000\/svg\"><path fill=\"currentColor\" d=\"M173.898 439.404l-166.4-166.4c-9.997-9.997-9.997-26.206 0-36.204l36.203-36.204c9.997-9.998 26.207-9.998 36.204 0L192 312.69 432.095 72.596c9.997-9.997 26.207-9.997 36.204 0l36.203 36.204c9.997 9.997 9.997 26.206 0 36.204l-294.4 294.401c-9.998 9.997-26.207 9.997-36.204-.001z\"><\/path><\/svg><\/span><span class=\"gb-headline-text\"><strong>Prisp\u00f4soben\u00e9 v\u00e1\u0161mu \u0161portu a priestoru<\/strong><\/span><\/p>\n\n\n\n<p>Od basketbalov\u00fdch ihr\u00edsk pod\u013ea \u0161pecifik\u00e1ci\u00ed FIBA po kompaktn\u00e9 ihrisk\u00e1 na zadnom dvore<\/p>\n\n\n\n<p class=\"gb-headline gb-headline-73c6545c\"><span class=\"gb-icon\"><svg aria-hidden=\"true\" role=\"img\" height=\"1em\" width=\"1em\" viewbox=\"0 0 512 512\" xmlns=\"http:\/\/www.w3.org\/2000\/svg\"><path fill=\"currentColor\" d=\"M173.898 439.404l-166.4-166.4c-9.997-9.997-9.997-26.206 0-36.204l36.203-36.204c9.997-9.998 26.207-9.998 36.204 0L192 312.69 432.095 72.596c9.997-9.997 26.207-9.997 36.204 0l36.203 36.204c9.997 9.997 9.997 26.206 0 36.204l-294.4 294.401c-9.998 9.997-26.207 9.997-36.204-.001z\"><\/path><\/svg><\/span><span class=\"gb-headline-text\"><strong>Vytvoren\u00e9 pre intenz\u00edvne pou\u017e\u00edvanie<\/strong><\/span><\/p>\n\n\n\n<p class=\"gb-text gb-text-26736fee\">Na\u0161e obchodn\u00e9 s\u00fady s\u00fa navrhnut\u00e9 tak, aby vydr\u017eali intenz\u00edvnu denn\u00fa \u010dinnos\u0165.<\/p>\n\n\n\n<figure class=\"gb-block-image gb-block-image-2232266c\"><img loading=\"lazy\" decoding=\"async\" width=\"900\" height=\"388\" class=\"gb-image gb-image-2232266c\" src=\"https:\/\/oncourt.online\/wp-content\/uploads\/2021\/12\/Gareth-Southgate-Holding-Court-OnCourt-e1743140059659.jpg\" alt=\"Gareth-Southgate-Holding-Court-OnCourt\" title=\"Gareth-Southgate-Holding-Court-OnCourt\" srcset=\"https:\/\/oncourt.online\/wp-content\/uploads\/2021\/12\/Gareth-Southgate-Holding-Court-OnCourt-e1743140059659.jpg 900w, https:\/\/oncourt.online\/wp-content\/uploads\/2021\/12\/Gareth-Southgate-Holding-Court-OnCourt-e1743140059659-545x235.jpg 545w, https:\/\/oncourt.online\/wp-content\/uploads\/2021\/12\/Gareth-Southgate-Holding-Court-OnCourt-e1743140059659-300x129.jpg 300w, https:\/\/oncourt.online\/wp-content\/uploads\/2021\/12\/Gareth-Southgate-Holding-Court-OnCourt-e1743140059659-768x331.jpg 768w, https:\/\/oncourt.online\/wp-content\/uploads\/2021\/12\/Gareth-Southgate-Holding-Court-OnCourt-e1743140059659-18x8.jpg 18w\" sizes=\"auto, (max-width: 900px) 100vw, 900px\" \/>\n<figcaption class=\"gb-headline gb-headline-15834826 gb-headline-text\">Gareth Southgate na kurte s OnCourt<\/figcaption>\n<\/figure>\n\n\n\n<h2 class=\"gb-text gb-text-5bd1118f\">Elitn\u00e9 \u0161portov\u00e9 ihrisk\u00e1 pre elitn\u00e9 \u0161portov\u00e9 podujatia<\/h2>\n\n\n\n<p class=\"gb-text gb-text-ac544a07\">OnCourt spolupracuje s popredn\u00fdmi zna\u010dkami, t\u00edmami a agent\u00farami na vytv\u00e1ran\u00ed atrakt\u00edvnych \u0161portov\u00fdch priestorov, kde m\u00f4\u017eu \u0161portovci v\u0161etk\u00fdch v\u00fdkonnostn\u00fdch \u00farovn\u00ed hra\u0165 bezpe\u010dne a \u0161t\u00fdlovo. Spolupracovali sme s ve\u013ek\u00fdmi zna\u010dkami, ako s\u00fa Nike, Red Bull a BBC, na poskytovan\u00ed ihr\u00edsk pre marketingov\u00e9 z\u00e1\u017eitkov\u00e9 aktivity, zna\u010dkov\u00fd \u0161portov\u00fd obsah, \u017eiv\u00e9 podujatia a \u0161t\u00fadiov\u00e9 produkcie.<\/p>\n\n\n\n<figure class=\"wp-block-embed is-type-video is-provider-vimeo wp-block-embed-vimeo wp-embed-aspect-16-9 wp-has-aspect-ratio\"><div class=\"wp-block-embed__wrapper\">\n<iframe loading=\"lazy\" title=\"Rice vs Mount Na kurte\" src=\"https:\/\/player.vimeo.com\/video\/681584804?dnt=1&amp;app_id=122963\" width=\"1200\" height=\"674\" frameborder=\"0\" allow=\"autoplay; fullscreen; picture-in-picture; clipboard-write; encrypted-media; web-share\" referrerpolicy=\"strict-origin-when-cross-origin\"><\/iframe>\n<\/div><\/figure>\n\n\n\n<h3 class=\"gb-text gb-text-5179374d\">Do\u010dasn\u00fd \u0161portov\u00fd marketing, z\u00e1\u017eitkov\u00fd marketing a aktiv\u00e1cia zna\u010dky<\/h3>\n\n\n\n<p class=\"gb-headline gb-headline-52c8dae5 gb-headline-text\">In\u0161tal\u00e1cie OnCourt m\u00f4\u017eu by\u0165 mobilizovan\u00e9 na \u0161portov\u00fdch podujatiach pre turnaje, aktiv\u00e1ciu zna\u010dky a z\u00e1\u017eitkov\u00e9 aktivity zna\u010dky. Na povrch OnCourt je mo\u017en\u00e9 aplikova\u0165 jedine\u010dn\u00fa grafiku a branding, aby zodpovedali va\u0161ej zna\u010dke. Modern\u00e9 vizu\u00e1lne displeje pri ihrisku dod\u00e1vaj\u00fa kontext a dramatickos\u0165.&nbsp;<\/p>\n\n\n\n<h3 class=\"gb-headline gb-headline-d36d7959 gb-headline-text\">\u017div\u00e9 \u0161portov\u00e9 podujatia<\/h3>\n\n\n\n<p class=\"gb-text gb-text-3cdfd431\">Procesy OnCourt klad\u00fa \u0161portovcov na prv\u00e9 miesto a zameriavaj\u00fa sa na poskytovanie \u010do najlep\u0161\u00edch \u0161portov\u00fdch z\u00e1\u017eitkov. Spolupracujeme s radom elitn\u00fdch \u0161portov\u00fdch ambas\u00e1dorov, ktor\u00ed v\u00e1m pom\u00f4\u017eu zabezpe\u010di\u0165, aby \u0161port bol na va\u0161ej akcii v centre pozornosti. In\u0161tal\u00e1cie OnCourt s\u00fa ide\u00e1lne pre \u017eiv\u00e9 \u0161portov\u00e9 podujatia, pri\u010dom povrchy a komponenty s\u00fa navrhnut\u00e9 tak, aby odolali n\u00e1ro\u010dn\u00fdm podmienkam profesion\u00e1lneho \u0161portu. <\/p>\n\n\n\n<figure class=\"gb-block-image gb-block-image-628b7970\"><img loading=\"lazy\" decoding=\"async\" width=\"1439\" height=\"809\" class=\"gb-image gb-image-628b7970\" src=\"https:\/\/oncourt.online\/wp-content\/uploads\/2021\/10\/Coach-Maitland-OnCourt-at-Canary-Wharf-e1642179558735.jpg\" srcset=\"https:\/\/oncourt.online\/wp-content\/uploads\/2021\/10\/Coach-Maitland-OnCourt-at-Canary-Wharf-e1642179558735.jpg 1439w, https:\/\/oncourt.online\/wp-content\/uploads\/2021\/10\/Coach-Maitland-OnCourt-at-Canary-Wharf-e1642179558735-545x306.jpg 545w\" sizes=\"auto, (max-width: 1439px) 100vw, 1439px\" \/>\n<figcaption class=\"gb-headline gb-headline-4a7798e9 gb-headline-text\">Tr\u00e9ner Maitland na basketbalovom ihrisku v Canary Wharf<\/figcaption>\n<\/figure>\n\n\n\n<h3 class=\"gb-text gb-text-312e5d83\">Partnerstvo so zna\u010dkou OnCourt<\/h3>\n\n\n\n<p class=\"gb-text gb-text-1bc34855\"> Slu\u017eby OnCourt v oblasti organizovania podujat\u00ed zah\u0155\u0148aj\u00fa bohat\u00e9 3D virtu\u00e1lne prostriedky, ktor\u00e9 pom\u00e1haj\u00fa vizualizova\u0165 projekty pre zainteresovan\u00e9 strany. T\u00edm OnCourt Design Team v\u00e1m v pr\u00edpade potreby pom\u00f4\u017ee s koncepciou a kreat\u00edvnym poradenstvom. \u0160pecialisti na in\u0161tal\u00e1ciu podujat\u00ed spolupracuj\u00fa s dizajn\u00e9rmi, aby presn\u00e9 virtu\u00e1lne modely premenili na ohromuj\u00face re\u00e1lne kurty.<\/p>\n\n\n\n<figure class=\"wp-block-embed is-type-video is-provider-youtube wp-block-embed-youtube wp-embed-aspect-16-9 wp-has-aspect-ratio\"><div class=\"wp-block-embed__wrapper\">\n<iframe loading=\"lazy\" title=\"3D-tla\u010den\u00e9 basketbalov\u00e9 ihrisko Yinky Iloriho\" width=\"1200\" height=\"675\" src=\"https:\/\/www.youtube.com\/embed\/aKzksQoVM4A?feature=oembed&#038;enablejsapi=1&#038;origin=https:\/\/oncourt.online\" frameborder=\"0\" allow=\"accelerometer; autoplay; clipboard-write; encrypted-media; gyroscope; picture-in-picture; web-share\" referrerpolicy=\"strict-origin-when-cross-origin\" allowfullscreen><\/iframe>\n<\/div><\/figure>\n\n\n\n<p class=\"gb-text gb-text-466db296\">3D-tla\u010den\u00e9 basketbalov\u00e9 ihrisko Yinky Iloriho \u2013 <a href=\"https:\/\/www.youtube.com\/user\/monoclemagazine\">Monocle Films<\/a><\/p>\n<\/div>\n<\/div>","protected":false},"excerpt":{"rendered":"<p> \u2026 <a title=\"Komer\u010dn\u00e9 \u0161portov\u00e9 ihrisk\u00e1\" class=\"read-more\" href=\"https:\/\/oncourt.online\/sk\/commercial-sports-courts\/\" aria-label=\"Pre\u010d\u00edtajte si viac o Commercial Sports Courts\">Pre\u010d\u00edtajte si viac<\/a><\/p>","protected":false},"author":2,"featured_media":0,"parent":0,"menu_order":9,"comment_status":"closed","ping_status":"closed","template":"","meta":{"_acf_changed":false,"inline_featured_image":false,"footnotes":""},"class_list":{"0":"post-4371","1":"page","2":"type-page","3":"status-publish","5":"infinite-scroll-item","6":"no-featured-image-padding"},"acf":[],"yoast_head":"<!-- This site is optimized with the Yoast SEO Premium plugin v26.8 (Yoast SEO v27.3) - https:\/\/yoast.com\/product\/yoast-seo-premium-wordpress\/ -->\n<title>Commercial Sports Courts - OnCourt Online<\/title>\n<meta name=\"description\" content=\"OnCourt work with leading brands, teams and agencies to create engaging sporting spaces for athletes of all ages and abilities.\" \/>\n<meta name=\"robots\" content=\"index, follow, max-snippet:-1, max-image-preview:large, max-video-preview:-1\" \/>\n<link rel=\"canonical\" href=\"https:\/\/oncourt.online\/sk\/komercne-sportove-ihriska\/\" \/>\n<meta property=\"og:locale\" content=\"sk_SK\" \/>\n<meta property=\"og:type\" content=\"article\" \/>\n<meta property=\"og:title\" content=\"Commercial Sports Courts\" \/>\n<meta property=\"og:description\" content=\"OnCourt work with leading brands, teams and agencies to create engaging sporting spaces for athletes of all ages and abilities.\" \/>\n<meta property=\"og:url\" content=\"https:\/\/oncourt.online\/sk\/komercne-sportove-ihriska\/\" \/>\n<meta property=\"og:site_name\" content=\"OnCourt Online\" \/>\n<meta property=\"article:publisher\" content=\"https:\/\/www.facebook.com\/oncourt.online\/\" \/>\n<meta property=\"article:modified_time\" content=\"2026-01-15T07:45:48+00:00\" \/>\n<meta property=\"og:image\" content=\"https:\/\/oncourt.online\/wp-content\/uploads\/2025\/03\/Elastic-Pro-II-Orange-Wind-Grey-e1743146712707.png\" \/>\n<meta name=\"twitter:card\" content=\"summary_large_image\" \/>\n<meta name=\"twitter:label1\" content=\"Predpokladan\u00fd \u010das \u010d\u00edtania\" \/>\n\t<meta name=\"twitter:data1\" content=\"4 min\u00faty\" \/>\n<!-- \/ Yoast SEO Premium plugin. -->","yoast_head_json":{"title":"Komer\u010dn\u00e9 \u0161portov\u00e9 ihrisk\u00e1 \u2013 OnCourt Online","description":"OnCourt spolupracuje s popredn\u00fdmi zna\u010dkami, t\u00edmami a agent\u00farami na vytv\u00e1ran\u00ed atrakt\u00edvnych \u0161portov\u00fdch priestorov pre \u0161portovcov v\u0161etk\u00fdch vekov\u00fdch kateg\u00f3ri\u00ed a v\u00fdkonnostn\u00fdch \u00farovn\u00ed.","robots":{"index":"index","follow":"follow","max-snippet":"max-snippet:-1","max-image-preview":"max-image-preview:large","max-video-preview":"max-video-preview:-1"},"canonical":"https:\/\/oncourt.online\/sk\/komercne-sportove-ihriska\/","og_locale":"sk_SK","og_type":"article","og_title":"Commercial Sports Courts","og_description":"OnCourt work with leading brands, teams and agencies to create engaging sporting spaces for athletes of all ages and abilities.","og_url":"https:\/\/oncourt.online\/sk\/komercne-sportove-ihriska\/","og_site_name":"OnCourt Online","article_publisher":"https:\/\/www.facebook.com\/oncourt.online\/","article_modified_time":"2026-01-15T07:45:48+00:00","og_image":[{"url":"https:\/\/oncourt.online\/wp-content\/uploads\/2025\/03\/Elastic-Pro-II-Orange-Wind-Grey-e1743146712707.png","type":"","width":"","height":""}],"twitter_card":"summary_large_image","twitter_misc":{"Predpokladan\u00fd \u010das \u010d\u00edtania":"4 min\u00faty"},"schema":{"@context":"https:\/\/schema.org","@graph":[{"@type":"WebPage","@id":"https:\/\/oncourt.online\/sk\/commercial-sports-courts\/","url":"https:\/\/oncourt.online\/sk\/commercial-sports-courts\/","name":"Komer\u010dn\u00e9 \u0161portov\u00e9 ihrisk\u00e1 \u2013 OnCourt Online","isPartOf":{"@id":"https:\/\/oncourt.online\/sk\/#website"},"primaryImageOfPage":{"@id":"https:\/\/oncourt.online\/sk\/commercial-sports-courts\/#primaryimage"},"image":{"@id":"https:\/\/oncourt.online\/sk\/commercial-sports-courts\/#primaryimage"},"thumbnailUrl":"https:\/\/oncourt.online\/wp-content\/uploads\/2025\/03\/Elastic-Pro-II-Orange-Wind-Grey-e1743146712707.png","datePublished":"2022-03-19T19:47:29+00:00","dateModified":"2026-01-15T07:45:48+00:00","description":"OnCourt spolupracuje s popredn\u00fdmi zna\u010dkami, t\u00edmami a agent\u00farami na vytv\u00e1ran\u00ed atrakt\u00edvnych \u0161portov\u00fdch priestorov pre \u0161portovcov v\u0161etk\u00fdch vekov\u00fdch kateg\u00f3ri\u00ed a v\u00fdkonnostn\u00fdch \u00farovn\u00ed.","breadcrumb":{"@id":"https:\/\/oncourt.online\/sk\/commercial-sports-courts\/#breadcrumb"},"inLanguage":"sk-SK","potentialAction":[{"@type":"ReadAction","target":["https:\/\/oncourt.online\/sk\/commercial-sports-courts\/"]}]},{"@type":"ImageObject","inLanguage":"sk-SK","@id":"https:\/\/oncourt.online\/sk\/commercial-sports-courts\/#primaryimage","url":"https:\/\/oncourt.online\/wp-content\/uploads\/2025\/03\/Elastic-Pro-II-Orange-Wind-Grey-e1743146712707.png","contentUrl":"https:\/\/oncourt.online\/wp-content\/uploads\/2025\/03\/Elastic-Pro-II-Orange-Wind-Grey-e1743146712707.png"},{"@type":"BreadcrumbList","@id":"https:\/\/oncourt.online\/sk\/commercial-sports-courts\/#breadcrumb","itemListElement":[{"@type":"ListItem","position":1,"name":"Home","item":"https:\/\/oncourt.online\/"},{"@type":"ListItem","position":2,"name":"Commercial Sports Courts"}]},{"@type":"WebSite","@id":"https:\/\/oncourt.online\/sk\/#website","url":"https:\/\/oncourt.online\/sk\/","name":"OnCourt Online","description":"Vysoko v\u00fdkonn\u00e9 basketbalov\u00e9 ihrisk\u00e1","publisher":{"@id":"https:\/\/oncourt.online\/sk\/#organization"},"potentialAction":[{"@type":"SearchAction","target":{"@type":"EntryPoint","urlTemplate":"https:\/\/oncourt.online\/sk\/?s={search_term_string}"},"query-input":{"@type":"PropertyValueSpecification","valueRequired":true,"valueName":"search_term_string"}}],"inLanguage":"sk-SK"},{"@type":"Organization","@id":"https:\/\/oncourt.online\/sk\/#organization","name":"OnCourt Online","url":"https:\/\/oncourt.online\/sk\/","logo":{"@type":"ImageObject","inLanguage":"sk-SK","@id":"https:\/\/oncourt.online\/sk\/#\/schema\/logo\/image\/","url":"https:\/\/oncourt.online\/wp-content\/uploads\/2021\/12\/Logo_OnCourt_Black.svg","contentUrl":"https:\/\/oncourt.online\/wp-content\/uploads\/2021\/12\/Logo_OnCourt_Black.svg","width":"1024","height":"1024","caption":"OnCourt Online"},"image":{"@id":"https:\/\/oncourt.online\/sk\/#\/schema\/logo\/image\/"},"sameAs":["https:\/\/www.facebook.com\/oncourt.online\/"],"email":"info@oncourt.online"}]}},"_links":{"self":[{"href":"https:\/\/oncourt.online\/sk\/wp-json\/wp\/v2\/pages\/4371","targetHints":{"allow":["GET"]}}],"collection":[{"href":"https:\/\/oncourt.online\/sk\/wp-json\/wp\/v2\/pages"}],"about":[{"href":"https:\/\/oncourt.online\/sk\/wp-json\/wp\/v2\/types\/page"}],"author":[{"embeddable":true,"href":"https:\/\/oncourt.online\/sk\/wp-json\/wp\/v2\/users\/2"}],"replies":[{"embeddable":true,"href":"https:\/\/oncourt.online\/sk\/wp-json\/wp\/v2\/comments?post=4371"}],"version-history":[{"count":1,"href":"https:\/\/oncourt.online\/sk\/wp-json\/wp\/v2\/pages\/4371\/revisions"}],"predecessor-version":[{"id":17380,"href":"https:\/\/oncourt.online\/sk\/wp-json\/wp\/v2\/pages\/4371\/revisions\/17380"}],"wp:attachment":[{"href":"https:\/\/oncourt.online\/sk\/wp-json\/wp\/v2\/media?parent=4371"}],"curies":[{"name":"wp","href":"https:\/\/api.w.org\/{rel}","templated":true}]}}