{"id":428,"date":"2021-10-22T11:43:33","date_gmt":"2021-10-22T11:43:33","guid":{"rendered":"https:\/\/oncourt.online\/?page_id=428"},"modified":"2026-01-03T03:34:58","modified_gmt":"2026-01-03T03:34:58","slug":"dozivotna-zaruka","status":"publish","type":"page","link":"https:\/\/oncourt.online\/sk\/basketball-hoops\/lifetime-warranty\/","title":{"rendered":"Do\u017eivotn\u00e1 z\u00e1ruka"},"content":{"rendered":"<div class=\"gb-element-118ef599\">\n<div class=\"gb-element-d7eed537\">\n<h2 class=\"gb-headline gb-headline-96ad026f gb-headline-text\">Vhodn\u00e9 na cel\u00fd \u017eivot pln\u00fd sme\u010diek, slam dunkov a jamov<\/h2>\n\n\n\n<p class=\"gb-headline gb-headline-78623ab6 gb-headline-text\">Mega Slam Hoops and OnCourt are committed to providing the best residential basketball systems that your money can buy. Mega Slam products are designed to last a lifetime. It makes sense for the warranty to last just as long.<br>\u017diadny in\u00fd v\u00fdrobca basketbalov\u00fdch ko\u0161ov v\u00e1m tak\u00e9to s\u013euby ned\u00e1. My si za basketbalov\u00fdmi syst\u00e9mami Mega Slam Hoops stoj\u00edme a garantujeme ich skvel\u00fd v\u00fdkon po cel\u00fa dobu \u017eivotnosti, a to aj v pr\u00edpade najmen\u0161\u00edch s\u00fa\u010diastok.<\/p>\n\n\n\n<p class=\"gb-headline gb-headline-c6f59d0a gb-headline-text\"><br><strong>BASKETBALOV\u00c9 SYST\u00c9MY OBMEDZEN\u00c1 DO\u017dIVOTN\u00c1 Z\u00c1RUKA<\/strong><br>OBMEDZEN\u00c1 DO\u017dIVOTN\u00c1 Z\u00c1RUKA sa vz\u0165ahuje iba na p\u00f4vodn\u00e9ho maloobchodn\u00e9ho spotrebite\u013ea, ktor\u00e9mu sa zaru\u010duje, \u017ee kon\u0161truk\u010dn\u00e9 komponenty produktu Mega Slam Hoops (\u010falej len \u201cprodukt\u201d) s\u00fa bez ch\u00fdb materi\u00e1lu a spracovania, s v\u00fdhradou obmedzen\u00ed op\u00edsan\u00fdch ni\u017e\u0161ie. \u201cChyby\u201d s\u00fa definovan\u00e9 ako nedostatky, ktor\u00e9 obmedzuj\u00fa pou\u017e\u00edvanie produktu.<\/p>\n\n\n\n<p>THE LIMITED LIFETIME WARRANTY COVERAGE IS EXTENDED ONLY TO THE ORIGINAL RETAIL PURCHASER AND TERMINATES IF THE ORIGINAL RETAIL PURCHASER OTHERWISE TRANSFERS OR SELLS THE PRODUCT. THIS WARRANTY IS VOID IF THE PRODUCT HAS BEEN DAMAGED BY IMPROPER SERVICE, NEGLIGENCE, ACCIDENT, UNREASONABLE USE, IMPROPER INSTALLATION, OR OTHER CAUSES NOT RESULTING FROM DEFECTS IN MATERIAL AND WORKMANSHIP. <\/p>\n\n\n\n<p>Subject to proper installation in accordance with the installation instructions; normal residential use for glass backboards; normal basketball related activities; and has been maintained in agreement with the instructions.<\/p>\n\n\n\n<p class=\"gb-headline gb-headline-1de06637 gb-headline-text\"><br><strong>Z\u00c1RUKOV\u00c9 REKLAM\u00c1CIE<\/strong><br>Proof of purchase by the original retail Consumer Purchaser is required for all warranty claims.<\/p>\n\n\n\n<p>Mega Sports UK Ltd reserves the right to examine physical evidence or photographs of the Product, or component parts, claimed to be defective, and to recover said Product, prior to authorising a warranty claim. If applicable, a \u201cReturn Merchandise Authorisation\u201d (RMA) number will be required prior to shipping damaged Product by original retail Consumer Purchaser with freight prepaid.<\/p>\n\n\n\n<p>In returning a Product or component part for repair or replacement under this warranty, the original Consumer Purchaser must prepay all shipping transportation, insurance and delivery costs, and the Product or component parts, must be delivered in either its original carton or a similar package affording an equal degree of protection.<\/p>\n\n\n\n<p>Mega Sports UK Ltd will not be responsible for any loss or damage incurred in connection with the return of this Product or component parts.<\/p>\n\n\n\n<p>Obmedzen\u00e1 do\u017eivotn\u00e1 z\u00e1ruka sa nevz\u0165ahuje na nasleduj\u00face:<\/p>\n\n\n\n<p>T\u00e1to z\u00e1ruka sa nevz\u0165ahuje na \u017eiadny produkt, ktor\u00fd bol vystaven\u00fd nespr\u00e1vnemu pou\u017e\u00edvaniu, zneu\u017e\u00edvaniu, abnorm\u00e1lnemu pou\u017e\u00edvaniu, nedbanlivosti, \u00faprav\u00e1m, nehod\u00e1m, nespr\u00e1vnej in\u0161tal\u00e1cii, vandalizmu alebo po\u017eiaru.<\/p>\n\n\n\n<p>Farba, zhrdzaven\u00e9 \u010dasti, povrchov\u00e9 \u0161krabance, vyblednutie, zafarbenie alebo praskliny, ktor\u00e9 nemaj\u00fa vplyv na funk\u010dnos\u0165 v\u00fdrobku.<\/p>\n\n\n\n<p>Po\u0161kodenie alebo opotrebovanie v d\u00f4sledku \u010dasu alebo be\u017en\u00e9ho pou\u017e\u00edvania.<\/p>\n\n\n\n<p>Po\u0161kodenia sp\u00f4soben\u00e9 \u201cvy\u0161\u0161ou mocou\u201d zah\u0155\u0148aj\u00fa okrem in\u00e9ho povodne, torn\u00e1da, krupobitie, blesky, pieskov\u00e9 b\u00farky, vetern\u00e9 b\u00farky alebo zemetrasenia.<\/p>\n\n\n\n<p>Po\u0161kodenia sp\u00f4soben\u00e9 \u201cenvironment\u00e1lnymi faktormi\u201d zah\u0155\u0148aj\u00fa okrem in\u00e9ho napr\u00edklad r\u00e1dioakt\u00edvny spad, chemik\u00e1lie, morsk\u00e9 vlny alebo vietor pren\u00e1\u0161aj\u00faci piesok.<\/p>\n\n\n\n<p>Po\u0161tovn\u00e9 za zaslanie a vr\u00e1tenie tovaru, na ktor\u00fd sa vz\u0165ahuje z\u00e1ruka alebo ktor\u00fd bol vymenen\u00fd, mus\u00ed vopred uhradi\u0165 p\u00f4vodn\u00fd maloobchodn\u00fd kupuj\u00faci.<\/p>\n\n\n\n<p>Poplatky za slu\u017eby predajcu, n\u00e1klady na pr\u00e1cu alebo cestovn\u00e9 v\u00fddavky. V\u0161etky n\u00e1klady na pr\u00e1cu, cestovn\u00e9 v\u00fddavky a \u010fal\u0161ie poplatky spojen\u00e9 s in\u0161tal\u00e1ciou, kontrolou, servisom alebo v\u00fdmenou produktu alebo v\u00fdmenou s\u00fa\u010dast\u00ed s\u00fa povinnos\u0165ou p\u00f4vodn\u00e9ho maloobchodn\u00e9ho kupuj\u00faceho.<\/p>\n\n\n\n<p>T\u00c1TO Z\u00c1RUKA JE VYJADREN\u00c1 V\u00ddSLOVNE NAMIESTNE V\u0160ETK\u00ddCH IN\u00ddCH Z\u00c1RUK, VYJADREN\u00ddCH ALEBO IMPLICITN\u00ddCH, VR\u00c1TANE, ALE NIE V\u00ddHRADNE, AK\u00ddCHKO\u013dVEK IMPLICITN\u00ddCH Z\u00c1RUK OBCHODOVATE\u013dNOSTI ALEBO VHODNOSTI NA UR\u010cIT\u00dd \u00da\u010cEL, A V\u0160ETK\u00ddCH IN\u00ddCH Z\u00c1V\u00c4ZKOV ZO STRANY SPOLO\u010cNOSTI MEGA SPORTS UK LTD, AKO V\u0160AK AK JE V\u00ddLUKA IMPLICITN\u00ddCH Z\u00c1RUK \u00da\u010cINN\u00c1 POD\u013dA PLATN\u00ddCH PR\u00c1VNYCH PREDPISOV, TRVANIE AK\u00ddCHKO\u013dVEK IMPLICITN\u00ddCH Z\u00c1RUK VYPL\u00ddVAJ\u00daCICH Z PLATN\u00ddCH PR\u00c1VNYCH PREDPISOV BUDE OBMEDZEN\u00c9 NA JEDEN (1) ROK OD D\u00c1TUMU N\u00c1KUPU ALEBO NA DLH\u0160IE OBDOBIE, AK TO VY\u017dADUJ\u00da PLATN\u00c9 PR\u00c1VNE PREDPISY.<\/p>\n\n\n\n<p>MEGA SPORTS UK LTD HEREBY DISCLAIMS ANY AND ALL LIABILITY FOR CONSEQUENTIAL AND INCIDENTAL DAMAGES ARISING OUT OF OR IN CONNECTION WITH ANY BREACH OF THIS WARRANTY OR ANY OTHER CLAIM WITH RESPECT TO THIS PRODUCT, INCLUDING BUT NOT LIMITED TO, CLAIMS OF NEGLIGENCE, STRICT LIABILITY IN TORT OR BREACH OF CONTRACT.<\/p>\n\n\n\n<p>SOME STATES DO NOT ALLOW (A) LIMITATIONS ON HOW LONG AN IMPLIED WARRANTY LASTS OR (B) THE EXCLUSION OR LIMITATION OF INCIDENTAL OR CONSEQUENTIAL DAMAGES, SO THE ABOVE LIMITATIONS OR EXCLUSIONS MAY NOT APPLY TO YOU. THIS WARRANTY GIVES YOU SPECIFIC LEGAL RIGHTS AND YOU MAY HAVE OTHER RIGHTS WHICH VARY FROM STATE TO STATE.<\/p>\n\n\n\n<p>FOR THE ORIGINAL RETAIL PURCHASER TO SUBMIT A WARRANTY CLAIM, CALL OR WRITE MEGA SLAM HOOPS UK.<\/p>\n\n\n\n<p>TELEF\u00d3N<br>020 3920 7400<br><br>EMAIL<br>support@megaslamhoops.uk<br>PO\u0160TOV\u00c1 ADRESA<br><br>Mega Slam Spojen\u00e9 kr\u00e1\u013eovstvo<br>The Hollies, Station Road, Chilbolton<br>Stockbridge, Hampshire<br>Spojen\u00e9 kr\u00e1\u013eovstvo, SO20 6AL<\/p>\n<\/div>\n<\/div>","protected":false},"excerpt":{"rendered":"<p> \u2026 <a title=\"Do\u017eivotn\u00e1 z\u00e1ruka\" class=\"read-more\" href=\"https:\/\/oncourt.online\/sk\/basketball-hoops\/lifetime-warranty\/\" aria-label=\"Pre\u010d\u00edtajte si viac o Lifetime Warranty\">Pre\u010d\u00edtajte si viac<\/a><\/p>","protected":false},"author":2,"featured_media":362,"parent":34,"menu_order":0,"comment_status":"closed","ping_status":"closed","template":"","meta":{"_acf_changed":false,"inline_featured_image":false,"footnotes":""},"class_list":{"0":"post-428","1":"page","2":"type-page","3":"status-publish","4":"has-post-thumbnail","6":"infinite-scroll-item","7":"no-featured-image-padding","8":"resize-featured-image"},"acf":[],"yoast_head":"<!-- This site is optimized with the Yoast SEO Premium plugin v26.8 (Yoast SEO v27.3) - https:\/\/yoast.com\/product\/yoast-seo-premium-wordpress\/ -->\n<title>Lifetime Warranty - OnCourt Online<\/title>\n<meta name=\"description\" content=\"Mega Slam Hoops and OnCourt are committed to providing the best residential basketball systems that your money can buy.\" \/>\n<meta name=\"robots\" content=\"index, follow, max-snippet:-1, max-image-preview:large, max-video-preview:-1\" \/>\n<link rel=\"canonical\" href=\"https:\/\/oncourt.online\/sk\/basketbalove-kose\/dozivotna-zaruka\/\" \/>\n<meta property=\"og:locale\" content=\"sk_SK\" \/>\n<meta property=\"og:type\" content=\"article\" \/>\n<meta property=\"og:title\" content=\"Lifetime Warranty\" \/>\n<meta property=\"og:description\" content=\"Mega Slam Hoops and OnCourt are committed to providing the best residential basketball systems that your money can buy.\" \/>\n<meta property=\"og:url\" content=\"https:\/\/oncourt.online\/sk\/basketbalove-kose\/dozivotna-zaruka\/\" \/>\n<meta property=\"og:site_name\" content=\"OnCourt Online\" \/>\n<meta property=\"article:publisher\" content=\"https:\/\/www.facebook.com\/oncourt.online\/\" \/>\n<meta property=\"article:modified_time\" content=\"2026-01-03T03:34:58+00:00\" \/>\n<meta property=\"og:image\" content=\"https:\/\/oncourt.online\/wp-content\/uploads\/2021\/10\/Mega-Slam-Hoops-Lifetime-Warranty.png\" \/>\n\t<meta property=\"og:image:width\" content=\"300\" \/>\n\t<meta property=\"og:image:height\" content=\"300\" \/>\n\t<meta property=\"og:image:type\" content=\"image\/png\" \/>\n<meta name=\"twitter:card\" content=\"summary_large_image\" \/>\n<meta name=\"twitter:label1\" content=\"Predpokladan\u00fd \u010das \u010d\u00edtania\" \/>\n\t<meta name=\"twitter:data1\" content=\"4 min\u00faty\" \/>\n<!-- \/ Yoast SEO Premium plugin. -->","yoast_head_json":{"title":"Do\u017eivotn\u00e1 z\u00e1ruka \u2013 OnCourt Online","description":"Mega Slam Hoops a OnCourt sa zav\u00e4zuj\u00fa poskytova\u0165 najlep\u0161ie reziden\u010dn\u00e9 basketbalov\u00e9 syst\u00e9my, ktor\u00e9 si za svoje peniaze m\u00f4\u017eete k\u00fapi\u0165.","robots":{"index":"index","follow":"follow","max-snippet":"max-snippet:-1","max-image-preview":"max-image-preview:large","max-video-preview":"max-video-preview:-1"},"canonical":"https:\/\/oncourt.online\/sk\/basketbalove-kose\/dozivotna-zaruka\/","og_locale":"sk_SK","og_type":"article","og_title":"Lifetime Warranty","og_description":"Mega Slam Hoops and OnCourt are committed to providing the best residential basketball systems that your money can buy.","og_url":"https:\/\/oncourt.online\/sk\/basketbalove-kose\/dozivotna-zaruka\/","og_site_name":"OnCourt Online","article_publisher":"https:\/\/www.facebook.com\/oncourt.online\/","article_modified_time":"2026-01-03T03:34:58+00:00","og_image":[{"width":300,"height":300,"url":"https:\/\/oncourt.online\/wp-content\/uploads\/2021\/10\/Mega-Slam-Hoops-Lifetime-Warranty.png","type":"image\/png"}],"twitter_card":"summary_large_image","twitter_misc":{"Predpokladan\u00fd \u010das \u010d\u00edtania":"4 min\u00faty"},"schema":{"@context":"https:\/\/schema.org","@graph":[{"@type":"WebPage","@id":"https:\/\/oncourt.online\/sk\/basketball-hoops\/lifetime-warranty\/","url":"https:\/\/oncourt.online\/sk\/basketball-hoops\/lifetime-warranty\/","name":"Do\u017eivotn\u00e1 z\u00e1ruka \u2013 OnCourt Online","isPartOf":{"@id":"https:\/\/oncourt.online\/sk\/#website"},"primaryImageOfPage":{"@id":"https:\/\/oncourt.online\/sk\/basketball-hoops\/lifetime-warranty\/#primaryimage"},"image":{"@id":"https:\/\/oncourt.online\/sk\/basketball-hoops\/lifetime-warranty\/#primaryimage"},"thumbnailUrl":"https:\/\/oncourt.online\/wp-content\/uploads\/2021\/10\/Mega-Slam-Hoops-Lifetime-Warranty.png","datePublished":"2021-10-22T11:43:33+00:00","dateModified":"2026-01-03T03:34:58+00:00","description":"Mega Slam Hoops a OnCourt sa zav\u00e4zuj\u00fa poskytova\u0165 najlep\u0161ie reziden\u010dn\u00e9 basketbalov\u00e9 syst\u00e9my, ktor\u00e9 si za svoje peniaze m\u00f4\u017eete k\u00fapi\u0165.","breadcrumb":{"@id":"https:\/\/oncourt.online\/sk\/basketball-hoops\/lifetime-warranty\/#breadcrumb"},"inLanguage":"sk-SK","potentialAction":[{"@type":"ReadAction","target":["https:\/\/oncourt.online\/sk\/basketball-hoops\/lifetime-warranty\/"]}]},{"@type":"ImageObject","inLanguage":"sk-SK","@id":"https:\/\/oncourt.online\/sk\/basketball-hoops\/lifetime-warranty\/#primaryimage","url":"https:\/\/oncourt.online\/wp-content\/uploads\/2021\/10\/Mega-Slam-Hoops-Lifetime-Warranty.png","contentUrl":"https:\/\/oncourt.online\/wp-content\/uploads\/2021\/10\/Mega-Slam-Hoops-Lifetime-Warranty.png","width":300,"height":300,"caption":"Mega Slam Hoops - Lifetime Warranty"},{"@type":"BreadcrumbList","@id":"https:\/\/oncourt.online\/sk\/basketball-hoops\/lifetime-warranty\/#breadcrumb","itemListElement":[{"@type":"ListItem","position":1,"name":"Home","item":"https:\/\/oncourt.online\/"},{"@type":"ListItem","position":2,"name":"Basketball Hoops","item":"https:\/\/oncourt.online\/sk\/basketball-hoops\/"},{"@type":"ListItem","position":3,"name":"Lifetime Warranty"}]},{"@type":"WebSite","@id":"https:\/\/oncourt.online\/sk\/#website","url":"https:\/\/oncourt.online\/sk\/","name":"OnCourt Online","description":"Vysoko v\u00fdkonn\u00e9 basketbalov\u00e9 ihrisk\u00e1","publisher":{"@id":"https:\/\/oncourt.online\/sk\/#organization"},"potentialAction":[{"@type":"SearchAction","target":{"@type":"EntryPoint","urlTemplate":"https:\/\/oncourt.online\/sk\/?s={search_term_string}"},"query-input":{"@type":"PropertyValueSpecification","valueRequired":true,"valueName":"search_term_string"}}],"inLanguage":"sk-SK"},{"@type":"Organization","@id":"https:\/\/oncourt.online\/sk\/#organization","name":"OnCourt Online","url":"https:\/\/oncourt.online\/sk\/","logo":{"@type":"ImageObject","inLanguage":"sk-SK","@id":"https:\/\/oncourt.online\/sk\/#\/schema\/logo\/image\/","url":"https:\/\/oncourt.online\/wp-content\/uploads\/2021\/12\/Logo_OnCourt_Black.svg","contentUrl":"https:\/\/oncourt.online\/wp-content\/uploads\/2021\/12\/Logo_OnCourt_Black.svg","width":"1024","height":"1024","caption":"OnCourt Online"},"image":{"@id":"https:\/\/oncourt.online\/sk\/#\/schema\/logo\/image\/"},"sameAs":["https:\/\/www.facebook.com\/oncourt.online\/"],"email":"info@oncourt.online"}]}},"_links":{"self":[{"href":"https:\/\/oncourt.online\/sk\/wp-json\/wp\/v2\/pages\/428","targetHints":{"allow":["GET"]}}],"collection":[{"href":"https:\/\/oncourt.online\/sk\/wp-json\/wp\/v2\/pages"}],"about":[{"href":"https:\/\/oncourt.online\/sk\/wp-json\/wp\/v2\/types\/page"}],"author":[{"embeddable":true,"href":"https:\/\/oncourt.online\/sk\/wp-json\/wp\/v2\/users\/2"}],"replies":[{"embeddable":true,"href":"https:\/\/oncourt.online\/sk\/wp-json\/wp\/v2\/comments?post=428"}],"version-history":[{"count":0,"href":"https:\/\/oncourt.online\/sk\/wp-json\/wp\/v2\/pages\/428\/revisions"}],"up":[{"embeddable":true,"href":"https:\/\/oncourt.online\/sk\/wp-json\/wp\/v2\/pages\/34"}],"wp:featuredmedia":[{"embeddable":true,"href":"https:\/\/oncourt.online\/sk\/wp-json\/wp\/v2\/media\/362"}],"wp:attachment":[{"href":"https:\/\/oncourt.online\/sk\/wp-json\/wp\/v2\/media?parent=428"}],"curies":[{"name":"wp","href":"https:\/\/api.w.org\/{rel}","templated":true}]}}