{"id":3706,"date":"2022-03-08T09:13:55","date_gmt":"2022-03-08T09:13:55","guid":{"rendered":"https:\/\/oncourt.online\/?page_id=3706"},"modified":"2026-01-13T08:00:41","modified_gmt":"2026-01-13T08:00:41","slug":"join-oncourt","status":"publish","type":"page","link":"https:\/\/oncourt.online\/sk\/join-oncourt\/","title":{"rendered":"Pracujte s OnCourt"},"content":{"rendered":"<div class=\"gb-container gb-container-c9c919f1\"><div class=\"gb-inside-container\">\n<div class=\"gb-container gb-container-cefabf47\"><div class=\"gb-inside-container\">\n\n<h2 class=\"gb-headline gb-headline-d23b44e5 gb-headline-text\">Spolupracujte so \u0161pecialistom na basketbalov\u00e9 ihrisk\u00e1<\/h2>\n\n\n\n<p class=\"gb-headline gb-headline-b071501e gb-headline-text\">OnCourt spolupracuje s profesion\u00e1lmi po celej Eur\u00f3pe, ktor\u00ed navrhuj\u00fa, buduj\u00fa a \u0161pecifikuj\u00fa vonkaj\u0161ie \u0161portov\u00e9 priestory. N\u00e1\u0161 partnersk\u00fd program je ur\u010den\u00fd pre firmy, ktor\u00e9 chc\u00fa svojim klientom pon\u00faka\u0165 vysokov\u00fdkonn\u00e9 basketbalov\u00e9 ihrisk\u00e1, podporen\u00e9 \u0161pecializovan\u00fdmi produktmi, presn\u00fdmi pl\u00e1novac\u00edmi n\u00e1strojmi a odbornou podporou.<\/p>\n\n\n\n<p class=\"gb-text gb-text-6b40232a\">Nep\u00f4sob\u00edme ako v\u0161eobecn\u00fd dod\u00e1vate\u013e \u0161portov\u00e9ho vybavenia. Zameriavame sa na basketbal a spolupracujeme s partnermi, ktor\u00ed si cenia spr\u00e1vny pr\u00edstup.<\/p>\n\n\n\n<h3 class=\"gb-text gb-text-a0baa6e3\">S k\u00fdm spolupracujeme<\/h3>\n\n\n\n<p>Spolupracujeme s firmami p\u00f4sobiacimi v oblasti vonkaj\u0161ej v\u00fdstavby, dizajnu a povrchov, vr\u00e1tane:<\/p>\n\n\n\n<ul class=\"wp-block-list\">\n<li>V\u0161eobecn\u00ed stavebn\u00ed dod\u00e1vatelia a zhotovitelia<\/li>\n\n\n\n<li>Krajinn\u00ed a z\u00e1hradn\u00ed dizajn\u00e9ri<\/li>\n\n\n\n<li>Dod\u00e1vatelia zemn\u00fdch a in\u017einierskych pr\u00e1c<\/li>\n\n\n\n<li>Stavitelia \u0161portov\u00fdch ihr\u00edsk a \u0161pecialisti na obnovu povrchov<\/li>\n\n\n\n<li>Architekti a projektanti<\/li>\n\n\n\n<li>Dizajnovo orientovan\u00ed \u0161pecialisti na vonkaj\u0161ie priestory<\/li>\n<\/ul>\n\n\n\n<p class=\"gb-text gb-text-b726bb2a\">Ak va\u0161a pr\u00e1ca zah\u0155\u0148a pl\u00e1novanie alebo v\u00fdstavbu vonkaj\u0161\u00edch priestorov a chcete do svojej ponuky prida\u0165 basketbalov\u00e9 ihrisk\u00e1, radi sa s vami spoj\u00edme.<\/p>\n\n\n\n<div class=\"gb-element-bbf74639\">\n<div>\n<img loading=\"lazy\" decoding=\"async\" width=\"660\" height=\"400\" class=\"img_12px_radius gb-media-76f4f695\" alt=\"\" title=\"OnCourt Modular Basketball Court Surface Installation\" src=\"https:\/\/oncourt.online\/wp-content\/uploads\/2022\/05\/OnCourt-Modular-Basketball-Court-Surface-Installation.jpg\" srcset=\"https:\/\/oncourt.online\/wp-content\/uploads\/2022\/05\/OnCourt-Modular-Basketball-Court-Surface-Installation.jpg 660w, https:\/\/oncourt.online\/wp-content\/uploads\/2022\/05\/OnCourt-Modular-Basketball-Court-Surface-Installation-300x182.jpg 300w, https:\/\/oncourt.online\/wp-content\/uploads\/2022\/05\/OnCourt-Modular-Basketball-Court-Surface-Installation-18x12.jpg 18w, https:\/\/oncourt.online\/wp-content\/uploads\/2022\/05\/OnCourt-Modular-Basketball-Court-Surface-Installation-545x330.jpg 545w\" sizes=\"auto, (max-width: 660px) 100vw, 660px\" \/>\n<\/div>\n\n\n\n<div>\n<h2 class=\"gb-text\">\u010co m\u00f4\u017eu partneri OnCourt o\u010dak\u00e1va\u0165<\/h2>\n\n\n\n<p class=\"gb-text last_text\">Pr\u00edstup k profesion\u00e1lnym n\u00e1strojom na n\u00e1vrh ihr\u00edsk, zv\u00fdhodnen\u00fdm cen\u00e1m a \u0161pecializovanej podpore, ktor\u00e9 v\u00e1m umo\u017enia s istotou pl\u00e1nova\u0165, \u0161pecifikova\u0165 a realizova\u0165 vysokov\u00fdkonn\u00e9 basketbalov\u00e9 ihrisk\u00e1.<\/p>\n<\/div>\n<\/div>\n\n\n\n<h4 class=\"gb-text\">Profesion\u00e1lne dizajnov\u00e9 n\u00e1stroje<\/h4>\n\n\n\n<p class=\"gb-text\">Vyu\u017e\u00edvajte 3D platformu OnCourt na n\u00e1vrh basketbalov\u00fdch ihr\u00edsk na pl\u00e1novanie rozlo\u017een\u00ed, sk\u00famanie farebn\u00fdch sch\u00e9m, \u0161pecifik\u00e1ciu povrchov a ko\u0161ov a vytv\u00e1ranie presn\u00fdch vizualiz\u00e1ci\u00ed a cien pre ponuky klientom.<\/p>\n\n\n\n<h4 class=\"gb-text\">Zv\u00fdhodnen\u00e9 partnersk\u00e9 ceny<\/h4>\n\n\n\n<p class=\"gb-text\">Autorizovan\u00ed partneri z\u00edskavaj\u00fa pr\u00edstup k partnersk\u00fdm cen\u00e1m modul\u00e1rnych basketbalov\u00fdch povrchov a ko\u0161ov Mega Slam, \u010do umo\u017e\u0148uje dod\u00e1va\u0165 pr\u00e9miov\u00e9 rie\u0161enia pri zachovan\u00ed zdrav\u00fdch mar\u017e\u00ed.<\/p>\n\n\n\n<h4 class=\"gb-text\">\u0160pecializovan\u00e1 technick\u00e1 podpora<\/h4>\n\n\n\n<p class=\"gb-text\">Z\u00edskajte priamy pr\u00edstup k pokynom t\u00fdkaj\u00facim sa rozlo\u017eenia, v\u00fdberu povrchov, po\u017eiadaviek na in\u0161tal\u00e1ciu a kombinovania produktov, \u010d\u00edm zn\u00ed\u017eite neistotu a vyhnete sa n\u00e1kladn\u00fdm chyb\u00e1m na mieste.<\/p>\n\n\n\n<h4 class=\"gb-text\">Jasn\u00e9 \u0161pecifik\u00e1cie a zdroje<\/h4>\n\n\n\n<p class=\"gb-text gb-text-46b97fff\">Vyu\u017eite na\u0161e pr\u00edru\u010dky a zdroje na pl\u00e1novanie, aby ste sa vyhli dohadom, zn\u00ed\u017eili po\u010det ch\u00fdb a mohli klientom predlo\u017ei\u0165 jasn\u00e9 a presved\u010div\u00e9 n\u00e1vrhy.<\/p>\n\n\n\n<div class=\"gb-element-d984cac5\">\n<div>\n<img loading=\"lazy\" decoding=\"async\" width=\"1200\" height=\"960\" class=\"img_12px_radius gb-media-1c57b1fb\" alt=\"\" title=\"N\u00e1vrh stredne ve\u013ek\u00e9ho basketbalov\u00e9ho ihriska pre reziden\u010dn\u00e9 \u00fa\u010dely\" src=\"https:\/\/oncourt.online\/wp-content\/uploads\/2025\/12\/Medium-Sized-Residential-Basketball-Court-Design.webp\"\/>\n<\/div>\n\n\n\n<div>\n<h3 class=\"gb-text\">Navrhnut\u00e9 pre re\u00e1lne projekty<\/h3>\n\n\n\n<p>Program OnCourt Partner je vhodn\u00fd pre profesion\u00e1lov, ktor\u00ed poskytuj\u00fa:<\/p>\n\n\n\n<ul class=\"wp-block-list\">\n<li>Dom\u00e1ce ihrisk\u00e1 reziden\u010dn\u00fdch domov<\/li>\n\n\n\n<li>Klubov\u00e9 a tr\u00e9ningov\u00e9 zariadenia<\/li>\n\n\n\n<li>\u0160koly a vzdel\u00e1vacie priestory<\/li>\n\n\n\n<li>Komer\u010dn\u00e9 alebo viac\u00fa\u010delov\u00e9 vonkaj\u0161ie kurty<\/li>\n<\/ul>\n\n\n\n<p class=\"gb-text last_text\">Podporujeme partnerov, ktor\u00ed s\u00fa hrd\u00ed na kvalitn\u00e9 vykon\u00e1vanie a dlhodob\u00fa v\u00fdkonnos\u0165.<\/p>\n<\/div>\n<\/div>\n\n\n\n<div class=\"gb-element-f79012eb\">\n<h3 class=\"gb-text gb-text-5da21831\">Prihl\u00e1ste sa a sta\u0148te sa partnerom OnCourt<\/h3>\n\n\n\n<p class=\"gb-text not_last_text\">Ak m\u00e1te z\u00e1ujem o spolupr\u00e1cu so spolo\u010dnos\u0165ou OnCourt, vypl\u0148te ni\u017e\u0161ie uveden\u00fd formul\u00e1r. <\/p>\n\n\n\n<p class=\"gb-text gb-text-209ee9ae\">V\u0161etky prihl\u00e1\u0161ky posudzujeme a budeme v\u00e1s kontaktova\u0165, aby sme prediskutovali, \u010di je program vhodn\u00fd pre va\u0161e podnikanie.<\/p>\n<\/div>\n\n\n<div class=\"gb-container gb-container-8ddfb2cf\">\n\n\n<div class=\"gb-container gb-container-51a46d57\">\n\n<div class=\"pipedriveWebForms\" data-pd-webforms=\"https:\/\/webforms.pipedrive.com\/f\/6WdPYeIodWpjw4yIXbAWwWdrPuKdvaEcVozX1Kdy1uEl1ivOk9Q3YdoNlGP7wFLZlh\"><script src=\"https:\/\/webforms.pipedrive.com\/f\/loader\"><\/script><\/div>\n\n<\/div>\n\n\n\n\n\n\n\n\n\n\n\n\n\n\n\n\n\n\n\n\n\n\n\n\n<\/div>\n<\/div><\/div>\n<\/div><\/div>","protected":false},"excerpt":{"rendered":"<p> \u2026 <a title=\"Pracujte s OnCourt\" class=\"read-more\" href=\"https:\/\/oncourt.online\/sk\/join-oncourt\/\" aria-label=\"Pre\u010d\u00edtajte si viac o Work With OnCourt\">Pre\u010d\u00edtajte si viac<\/a><\/p>","protected":false},"author":2,"featured_media":7048,"parent":0,"menu_order":13,"comment_status":"closed","ping_status":"closed","template":"","meta":{"_acf_changed":false,"inline_featured_image":false,"footnotes":""},"class_list":{"0":"post-3706","1":"page","2":"type-page","3":"status-publish","4":"has-post-thumbnail","6":"infinite-scroll-item","7":"no-featured-image-padding","8":"resize-featured-image"},"acf":[],"yoast_head":"<!-- This site is optimized with the Yoast SEO Premium plugin v26.8 (Yoast SEO v27.3) - https:\/\/yoast.com\/product\/yoast-seo-premium-wordpress\/ -->\n<title>OnCourt Partners | Trade Pricing &amp; Basketball Court Design Tools<\/title>\n<meta name=\"description\" content=\"Partner with OnCourt. Work with a specialist basketball court supplier. Design tools, trade pricing, and support for residential &amp; commercial projects.\" \/>\n<meta name=\"robots\" content=\"index, follow, max-snippet:-1, max-image-preview:large, max-video-preview:-1\" \/>\n<link rel=\"canonical\" href=\"https:\/\/oncourt.online\/sk\/join-oncourt\/\" \/>\n<meta property=\"og:locale\" content=\"sk_SK\" \/>\n<meta property=\"og:type\" content=\"article\" \/>\n<meta property=\"og:title\" content=\"Work With OnCourt\" \/>\n<meta property=\"og:description\" content=\"Partner with OnCourt. Work with a specialist basketball court supplier. Design tools, trade pricing, and support for residential &amp; commercial projects.\" \/>\n<meta property=\"og:url\" content=\"https:\/\/oncourt.online\/sk\/join-oncourt\/\" \/>\n<meta property=\"og:site_name\" content=\"OnCourt Online\" \/>\n<meta property=\"article:publisher\" content=\"https:\/\/www.facebook.com\/oncourt.online\/\" \/>\n<meta property=\"article:modified_time\" content=\"2026-01-13T08:00:41+00:00\" \/>\n<meta property=\"og:image\" content=\"https:\/\/oncourt.online\/wp-content\/uploads\/2022\/05\/OnCourt-Modular-Basketball-Court-Surface-Installation.jpg\" \/>\n\t<meta property=\"og:image:width\" content=\"660\" \/>\n\t<meta property=\"og:image:height\" content=\"400\" \/>\n\t<meta property=\"og:image:type\" content=\"image\/jpeg\" \/>\n<meta name=\"twitter:card\" content=\"summary_large_image\" \/>\n<meta name=\"twitter:label1\" content=\"Predpokladan\u00fd \u010das \u010d\u00edtania\" \/>\n\t<meta name=\"twitter:data1\" content=\"3 min\u00faty\" \/>\n<!-- \/ Yoast SEO Premium plugin. -->","yoast_head_json":{"title":"OnCourt Partneri | Ve\u013ekoobchodn\u00e9 Ceny a N\u00e1stroje na N\u00e1vrh Basketbalov\u00fdch Ihr\u00edsk","description":"Sta\u0148te sa partnerom OnCourt. Spolupracujte so \u0161pecialistom na basketbalov\u00e9 ihrisk\u00e1. N\u00e1stroje na n\u00e1vrh, ve\u013ekoobchodn\u00e9 ceny a podpora pre reziden\u010dn\u00e9 a komer\u010dn\u00e9 projekty.","robots":{"index":"index","follow":"follow","max-snippet":"max-snippet:-1","max-image-preview":"max-image-preview:large","max-video-preview":"max-video-preview:-1"},"canonical":"https:\/\/oncourt.online\/sk\/join-oncourt\/","og_locale":"sk_SK","og_type":"article","og_title":"Work With OnCourt","og_description":"Partner with OnCourt. Work with a specialist basketball court supplier. Design tools, trade pricing, and support for residential & commercial projects.","og_url":"https:\/\/oncourt.online\/sk\/join-oncourt\/","og_site_name":"OnCourt Online","article_publisher":"https:\/\/www.facebook.com\/oncourt.online\/","article_modified_time":"2026-01-13T08:00:41+00:00","og_image":[{"width":660,"height":400,"url":"https:\/\/oncourt.online\/wp-content\/uploads\/2022\/05\/OnCourt-Modular-Basketball-Court-Surface-Installation.jpg","type":"image\/jpeg"}],"twitter_card":"summary_large_image","twitter_misc":{"Predpokladan\u00fd \u010das \u010d\u00edtania":"3 min\u00faty"},"schema":{"@context":"https:\/\/schema.org","@graph":[{"@type":"WebPage","@id":"https:\/\/oncourt.online\/sk\/join-oncourt\/","url":"https:\/\/oncourt.online\/sk\/join-oncourt\/","name":"OnCourt Partneri | Ve\u013ekoobchodn\u00e9 Ceny a N\u00e1stroje na N\u00e1vrh Basketbalov\u00fdch Ihr\u00edsk","isPartOf":{"@id":"https:\/\/oncourt.online\/sk\/#website"},"primaryImageOfPage":{"@id":"https:\/\/oncourt.online\/sk\/join-oncourt\/#primaryimage"},"image":{"@id":"https:\/\/oncourt.online\/sk\/join-oncourt\/#primaryimage"},"thumbnailUrl":"https:\/\/oncourt.online\/wp-content\/uploads\/2022\/05\/OnCourt-Modular-Basketball-Court-Surface-Installation.jpg","datePublished":"2022-03-08T09:13:55+00:00","dateModified":"2026-01-13T08:00:41+00:00","description":"Sta\u0148te sa partnerom OnCourt. Spolupracujte so \u0161pecialistom na basketbalov\u00e9 ihrisk\u00e1. N\u00e1stroje na n\u00e1vrh, ve\u013ekoobchodn\u00e9 ceny a podpora pre reziden\u010dn\u00e9 a komer\u010dn\u00e9 projekty.","breadcrumb":{"@id":"https:\/\/oncourt.online\/sk\/join-oncourt\/#breadcrumb"},"inLanguage":"sk-SK","potentialAction":[{"@type":"ReadAction","target":["https:\/\/oncourt.online\/sk\/join-oncourt\/"]}]},{"@type":"ImageObject","inLanguage":"sk-SK","@id":"https:\/\/oncourt.online\/sk\/join-oncourt\/#primaryimage","url":"https:\/\/oncourt.online\/wp-content\/uploads\/2022\/05\/OnCourt-Modular-Basketball-Court-Surface-Installation.jpg","contentUrl":"https:\/\/oncourt.online\/wp-content\/uploads\/2022\/05\/OnCourt-Modular-Basketball-Court-Surface-Installation.jpg","width":660,"height":400},{"@type":"BreadcrumbList","@id":"https:\/\/oncourt.online\/sk\/join-oncourt\/#breadcrumb","itemListElement":[{"@type":"ListItem","position":1,"name":"Home","item":"https:\/\/oncourt.online\/"},{"@type":"ListItem","position":2,"name":"Work With OnCourt"}]},{"@type":"WebSite","@id":"https:\/\/oncourt.online\/sk\/#website","url":"https:\/\/oncourt.online\/sk\/","name":"OnCourt Online","description":"Vysoko v\u00fdkonn\u00e9 basketbalov\u00e9 ihrisk\u00e1","publisher":{"@id":"https:\/\/oncourt.online\/sk\/#organization"},"potentialAction":[{"@type":"SearchAction","target":{"@type":"EntryPoint","urlTemplate":"https:\/\/oncourt.online\/sk\/?s={search_term_string}"},"query-input":{"@type":"PropertyValueSpecification","valueRequired":true,"valueName":"search_term_string"}}],"inLanguage":"sk-SK"},{"@type":"Organization","@id":"https:\/\/oncourt.online\/sk\/#organization","name":"OnCourt Online","url":"https:\/\/oncourt.online\/sk\/","logo":{"@type":"ImageObject","inLanguage":"sk-SK","@id":"https:\/\/oncourt.online\/sk\/#\/schema\/logo\/image\/","url":"https:\/\/oncourt.online\/wp-content\/uploads\/2021\/12\/Logo_OnCourt_Black.svg","contentUrl":"https:\/\/oncourt.online\/wp-content\/uploads\/2021\/12\/Logo_OnCourt_Black.svg","width":"1024","height":"1024","caption":"OnCourt Online"},"image":{"@id":"https:\/\/oncourt.online\/sk\/#\/schema\/logo\/image\/"},"sameAs":["https:\/\/www.facebook.com\/oncourt.online\/"],"email":"info@oncourt.online"}]}},"_links":{"self":[{"href":"https:\/\/oncourt.online\/sk\/wp-json\/wp\/v2\/pages\/3706","targetHints":{"allow":["GET"]}}],"collection":[{"href":"https:\/\/oncourt.online\/sk\/wp-json\/wp\/v2\/pages"}],"about":[{"href":"https:\/\/oncourt.online\/sk\/wp-json\/wp\/v2\/types\/page"}],"author":[{"embeddable":true,"href":"https:\/\/oncourt.online\/sk\/wp-json\/wp\/v2\/users\/2"}],"replies":[{"embeddable":true,"href":"https:\/\/oncourt.online\/sk\/wp-json\/wp\/v2\/comments?post=3706"}],"version-history":[{"count":1,"href":"https:\/\/oncourt.online\/sk\/wp-json\/wp\/v2\/pages\/3706\/revisions"}],"predecessor-version":[{"id":17261,"href":"https:\/\/oncourt.online\/sk\/wp-json\/wp\/v2\/pages\/3706\/revisions\/17261"}],"wp:featuredmedia":[{"embeddable":true,"href":"https:\/\/oncourt.online\/sk\/wp-json\/wp\/v2\/media\/7048"}],"wp:attachment":[{"href":"https:\/\/oncourt.online\/sk\/wp-json\/wp\/v2\/media?parent=3706"}],"curies":[{"name":"wp","href":"https:\/\/api.w.org\/{rel}","templated":true}]}}