{"id":10,"date":"2022-06-07T21:39:16","date_gmt":"2022-06-07T21:39:16","guid":{"rendered":"https:\/\/oncourt.online\/?page_id=10"},"modified":"2026-01-08T02:56:26","modified_gmt":"2026-01-08T02:56:26","slug":"vratenie-penazi","status":"publish","type":"page","link":"https:\/\/oncourt.online\/sk\/refund-returns\/","title":{"rendered":"Z\u00e1sady vr\u00e1tenia pe\u0148az\u00ed a vr\u00e1tenia tovaru"},"content":{"rendered":"<div class=\"gb-element-a4b81a66\"><div class=\"gb-container gb-container-16508648\"><div class=\"gb-inside-container\">\n\n<h1 class=\"gb-text\">Z\u00e1sady vr\u00e1tenia pe\u0148az\u00ed a vr\u00e1tenia tovaru<\/h1>\n\n\n\n<p class=\"gb-headline gb-headline-a63af49e gb-headline-text\">D\u00fafame, \u017ee s\u00fa v\u0161etci z\u00e1kazn\u00edci OnCourt so svoj\u00edm n\u00e1kupom spokojn\u00ed. Pr\u00edle\u017eitostne sa v\u0161ak m\u00f4\u017ee sta\u0165, \u017ee z ak\u00e9hoko\u013evek d\u00f4vodu nebudete \u00faplne spokojn\u00ed. V takom pr\u00edpade n\u00e1m m\u00f4\u017eete zak\u00fapen\u00fd tovar vr\u00e1ti\u0165 a z\u00edska\u0165 pln\u00fa refund\u00e1ciu, kredit do obchodu alebo v\u00fdmenu.<\/p>\n\n\n\n<h2 class=\"gb-headline gb-headline-04e28294 gb-headline-text\">Preh\u013ead<\/h2>\n\n\n\n<p class=\"gb-headline gb-headline-5b665cdd gb-headline-text\">Na\u0161a politika vr\u00e1tenia pe\u0148az\u00ed a vr\u00e1tenia tovaru trv\u00e1 28 dn\u00ed. Svoj z\u00e1mer vr\u00e1ti\u0165 tovar n\u00e1m mus\u00edte ozn\u00e1mi\u0165 e-mailom do 28 dn\u00ed od jeho prevzatia. Ak od n\u00e1kupu uplynulo 28 dn\u00ed, nem\u00f4\u017eeme v\u00e1m pon\u00faknu\u0165 vr\u00e1tenie pe\u0148az\u00ed alebo v\u00fdmenu v plnej v\u00fd\u0161ke.<\/p>\n\n\n\n<p class=\"gb-headline gb-headline-69f3bcdd gb-headline-text\">Aby ste mohli vr\u00e1ti\u0165 tovar, mus\u00ed by\u0165 nepou\u017eit\u00fd a v rovnakom stave, v akom ste ho dostali. Mus\u00ed by\u0165 tie\u017e v p\u00f4vodnom obale.<\/p>\n\n\n\n<p class=\"gb-headline gb-headline-23bde10c gb-headline-text\">Povrchy kurtov s vlastnou potla\u010dou alebo n\u00e1terom s\u00fa osloboden\u00e9 od vr\u00e1tenia. <\/p>\n\n\n\n<p class=\"gb-headline gb-headline-1cc6618d gb-headline-text\">Na dokon\u010denie vr\u00e1tenia tovaru potrebujeme \u00fa\u010dtenku alebo doklad o k\u00fape.<\/p>\n\n\n\n<p class=\"gb-headline gb-headline-cae31263 gb-headline-text\">Pros\u00edm, neposielajte svoj n\u00e1kup sp\u00e4\u0165 v\u00fdrobcovi.<\/p>\n\n\n\n<p class=\"gb-headline gb-headline-a9909ab1 gb-headline-text\">V niektor\u00fdch situ\u00e1ci\u00e1ch sa poskytuj\u00fa len \u010diasto\u010dn\u00e9 n\u00e1hrady:<\/p>\n\n\n\n<ul class=\"wp-block-list\">\n<li>V\u00fdrobky so zjavn\u00fdmi zn\u00e1mkami pou\u017e\u00edvania<\/li>\n\n\n\n<li>Ak\u00e1ko\u013evek polo\u017eka, ktor\u00e1 nie je v p\u00f4vodnom stave, je po\u0161koden\u00e1 alebo jej ch\u00fdbaj\u00fa \u010dasti z d\u00f4vodov, ktor\u00e9 nie s\u00fa sp\u00f4soben\u00e9 chybou v\u00fdrobcu alebo in\u0161talat\u00e9ra.<\/li>\n\n\n\n<li>Ak\u00fdko\u013evek tovar vr\u00e1ten\u00fd po viac ako 28 d\u0148och od doru\u010denia<\/li>\n<\/ul>\n\n\n\n<h3 class=\"gb-headline gb-headline-b1c33d39 gb-headline-text\">N\u00e1hrady<\/h3>\n\n\n\n<p class=\"gb-headline gb-headline-db2e4daa gb-headline-text\">Po prijat\u00ed a kontrole vr\u00e1ten\u00e9ho tovaru v\u00e1m za\u0161leme e-mail s ozn\u00e1men\u00edm, \u017ee sme vr\u00e1ten\u00fd tovar prijali. Z\u00e1rove\u0148 v\u00e1s budeme informova\u0165 o schv\u00e1len\u00ed alebo zamietnut\u00ed vr\u00e1tenia pe\u0148az\u00ed.<\/p>\n\n\n\n<p class=\"gb-headline gb-headline-211c62b8 gb-headline-text\">Ak bude \u017eiados\u0165 schv\u00e1len\u00e1, vr\u00e1tenie pe\u0148az\u00ed bude spracovan\u00e9 a kredit bude automaticky prip\u00edsan\u00fd na va\u0161u kreditn\u00fa kartu alebo p\u00f4vodn\u00fd sp\u00f4sob platby do 14 dn\u00ed.<\/p>\n\n\n\n<p class=\"gb-headline gb-headline-d56db316 gb-headline-text\"><b>Oneskoren\u00e9 alebo ch\u00fdbaj\u00face n\u00e1hrady<\/b><\/p>\n\n\n\n<p class=\"gb-headline gb-headline-948f340b gb-headline-text\">Ak ste e\u0161te nedostali vr\u00e1ten\u00e9 peniaze, najprv si znovu skontrolujte svoj bankov\u00fd \u00fa\u010det. Obr\u00e1\u0165te sa na spolo\u010dnos\u0165 vyd\u00e1vaj\u00facu kreditn\u00e9 karty, m\u00f4\u017ee trva\u0165 ur\u010dit\u00fd \u010das, k\u00fdm bude refund\u00e1cia ofici\u00e1lne za\u00fa\u010dtovan\u00e1. Potom kontaktujte svoju banku. \u010casto trv\u00e1 ur\u010dit\u00fd \u010das, k\u00fdm sa vr\u00e1tenie pe\u0148az\u00ed za\u00fa\u010dtuje.<\/p>\n\n\n\n<p class=\"gb-text gb-text-3b0fbb5a\">Ak ste toto v\u0161etko urobili a e\u0161te st\u00e1le ste nedostali vr\u00e1ten\u00e9 peniaze, kontaktujte n\u00e1s na adrese info@oncourt.online.<\/p>\n\n\n\n<h3 class=\"gb-headline gb-headline-b446ed2a gb-headline-text\">Dar\u010deky<\/h3>\n\n\n\n<p class=\"gb-headline gb-headline-9108d094 gb-headline-text\">Ak bol tovar pri zak\u00fapen\u00ed a odoslan\u00ed priamo v\u00e1m ozna\u010den\u00fd ako dar\u010dek, dostanete dobropis na hodnotu vr\u00e1ten\u00e9ho tovaru. Po prijat\u00ed vr\u00e1ten\u00e9ho tovaru v\u00e1m bude zaslan\u00fd dar\u010dekov\u00fd certifik\u00e1t.<\/p>\n\n\n\n<p class=\"gb-headline gb-headline-5d3cf727 gb-headline-text\">Ak polo\u017eka nebola pri n\u00e1kupe ozna\u010den\u00e1 ako dar\u010dek alebo ak si darca nechal objedn\u00e1vku posla\u0165 s\u00e1m, aby v\u00e1m ju nesk\u00f4r odovzdal, po\u0161leme darcovi peniaze sp\u00e4\u0165 a budeme ho informova\u0165 o vr\u00e1ten\u00ed.<\/p>\n\n\n\n<h3 class=\"gb-headline gb-headline-ae81b763 gb-headline-text\">Preprava a vr\u00e1tenie tovaru<\/h3>\n\n\n\n<p class=\"gb-headline gb-headline-fdc80127 gb-headline-text\">Ak chcete vr\u00e1ti\u0165 v\u00fdrobok, po\u0161lite ho na adresu: <\/p>\n\n\n\n<p class=\"gb-headline gb-headline-7d98ac82 gb-headline-text translation-block\"><strong>Produkty zak\u00fapen\u00e9 v Spojenom kr\u00e1\u013eovstve a \u00cdrsku<\/strong>: Unit 11 Stonefield Park, Martins Lane, Chilbolton, Stockbridge SO20 6AL<\/p>\n\n\n\n<p class=\"gb-headline gb-headline-b68103aa gb-headline-text translation-block\"><strong>Produkty zak\u00fapen\u00e9 v kontinent\u00e1lnej Eur\u00f3pe<\/strong>: OnCourt EU, Industriepark-West 43, 9100, Sint-Niklass, Belgium<\/p>\n\n\n\n<p class=\"gb-headline gb-headline-c4eac7e0 gb-headline-text\">N\u00e1klady na vr\u00e1tenie tovaru si hrad\u00edte sami. N\u00e1klady na dopravu sa nevracaj\u00fa. Ak v\u00e1m bud\u00fa vr\u00e1ten\u00e9 peniaze, n\u00e1klady na sp\u00e4tn\u00fa dopravu sa odpo\u010d\u00edtaj\u00fa od vr\u00e1ten\u00fdch pe\u0148az\u00ed.<\/p>\n\n\n\n<p>V z\u00e1vislosti od miesta, kde \u017eijete, sa m\u00f4\u017ee l\u00ed\u0161i\u0165 \u010das, za ktor\u00fd sa k v\u00e1m vymie\u0148an\u00fd v\u00fdrobok dostane.<\/p>\n\n\n\n<p class=\"gb-text-874a6c8e\"><span class=\"gb-shape\"><svg xmlns=\"http:\/\/www.w3.org\/2000\/svg\" viewbox=\"0 0 256 256\" fill=\"currentColor\"><path d=\"M221.66,133.66l-72,72a8,8,0,0,1-11.32-11.32L196.69,136H40a8,8,0,0,1,0-16H196.69L138.34,61.66a8,8,0,0,1,11.32-11.32l72,72A8,8,0,0,1,221.66,133.66Z\"><\/path><\/svg><\/span><span class=\"gb-text\"><strong><em><a href=\"https:\/\/oncourt.online\/sk\/shipping-delivery\/\">Inform\u00e1cie o preprave a doru\u010den\u00ed OnCourt<\/a><\/em><\/strong><\/span><\/p>\n\n\n\n<h3 class=\"gb-headline gb-headline-df42cdb6 gb-headline-text\">Potrebujete pomoc?<\/h3>\n\n\n\n<p class=\"translation-block\"><a href=\"https:\/\/oncourt.online\/sk\/contact\/\" target=\"_self\">Kontaktujte n\u00e1s<\/a> na info@oncourt.online\n v pr\u00edpade ot\u00e1zok t\u00fdkaj\u00facich sa vr\u00e1tenia a refund\u00e1ci\u00ed.<\/p>\n\n\n\n<p class=\"gb-text-41c0004e\"><span class=\"gb-shape\"><svg xmlns=\"http:\/\/www.w3.org\/2000\/svg\" viewbox=\"0 0 256 256\" fill=\"currentColor\"><path d=\"M221.66,133.66l-72,72a8,8,0,0,1-11.32-11.32L196.69,136H40a8,8,0,0,1,0-16H196.69L138.34,61.66a8,8,0,0,1,11.32-11.32l72,72A8,8,0,0,1,221.66,133.66Z\"><\/path><\/svg><\/span><span class=\"gb-text\">M\u00e1te ot\u00e1zky? <strong><em><a href=\"https:\/\/oncourt.online\/sk\/basketball-court-faq\/\">Nav\u0161t\u00edvte OnCourt FAQ<\/a><\/em><\/strong><\/span><\/p>\n\n<\/div><\/div><\/div>","protected":false},"excerpt":{"rendered":"<p> \u2026 <a title=\"Z\u00e1sady vr\u00e1tenia pe\u0148az\u00ed a vr\u00e1tenia tovaru\" class=\"read-more\" href=\"https:\/\/oncourt.online\/sk\/refund-returns\/\" aria-label=\"Pre\u010d\u00edtajte si viac o Refund and Returns Policy\">Pre\u010d\u00edtajte si viac<\/a><\/p>","protected":false},"author":2,"featured_media":6877,"parent":0,"menu_order":25,"comment_status":"closed","ping_status":"closed","template":"","meta":{"_acf_changed":false,"inline_featured_image":false,"footnotes":""},"class_list":{"0":"post-10","1":"page","2":"type-page","3":"status-publish","4":"has-post-thumbnail","6":"infinite-scroll-item","7":"no-featured-image-padding","8":"resize-featured-image"},"acf":[],"yoast_head":"<!-- This site is optimized with the Yoast SEO Premium plugin v26.8 (Yoast SEO v27.3) - https:\/\/yoast.com\/product\/yoast-seo-premium-wordpress\/ -->\n<title>Refund and Returns Policy - OnCourt Online<\/title>\n<meta name=\"description\" content=\"OnCourt Online refunds and returns policy. Cointact us with any questions you might have regarding refunds and returns.\" \/>\n<meta name=\"robots\" content=\"index, follow, max-snippet:-1, max-image-preview:large, max-video-preview:-1\" \/>\n<link rel=\"canonical\" href=\"https:\/\/oncourt.online\/sk\/vratenie-penazi\/\" \/>\n<meta property=\"og:locale\" content=\"sk_SK\" \/>\n<meta property=\"og:type\" content=\"article\" \/>\n<meta property=\"og:title\" content=\"Refund and Returns Policy\" \/>\n<meta property=\"og:description\" content=\"OnCourt Online refunds and returns policy. Cointact us with any questions you might have regarding refunds and returns.\" \/>\n<meta property=\"og:url\" content=\"https:\/\/oncourt.online\/sk\/vratenie-penazi\/\" \/>\n<meta property=\"og:site_name\" content=\"OnCourt Online\" \/>\n<meta property=\"article:publisher\" content=\"https:\/\/www.facebook.com\/oncourt.online\/\" \/>\n<meta property=\"article:modified_time\" content=\"2026-01-08T02:56:26+00:00\" \/>\n<meta property=\"og:image\" content=\"https:\/\/oncourt.online\/wp-content\/uploads\/2022\/05\/OnCourt-Shipping-and-Delivery-Header.jpg\" \/>\n\t<meta property=\"og:image:width\" content=\"1440\" \/>\n\t<meta property=\"og:image:height\" content=\"498\" \/>\n\t<meta property=\"og:image:type\" content=\"image\/jpeg\" \/>\n<meta name=\"twitter:card\" content=\"summary_large_image\" \/>\n<meta name=\"twitter:label1\" content=\"Predpokladan\u00fd \u010das \u010d\u00edtania\" \/>\n\t<meta name=\"twitter:data1\" content=\"3 min\u00faty\" \/>\n<!-- \/ Yoast SEO Premium plugin. -->","yoast_head_json":{"title":"Z\u00e1sady vr\u00e1tenia pe\u0148az\u00ed a vr\u00e1tenia tovaru - OnCourt Online","description":"Z\u00e1sady vr\u00e1tenia pe\u0148az\u00ed a vr\u00e1tenia tovaru OnCourt Online. Kontaktujte n\u00e1s v pr\u00edpade ak\u00fdchko\u013evek ot\u00e1zok t\u00fdkaj\u00facich sa vr\u00e1tenia pe\u0148az\u00ed a vr\u00e1tenia tovaru.","robots":{"index":"index","follow":"follow","max-snippet":"max-snippet:-1","max-image-preview":"max-image-preview:large","max-video-preview":"max-video-preview:-1"},"canonical":"https:\/\/oncourt.online\/sk\/vratenie-penazi\/","og_locale":"sk_SK","og_type":"article","og_title":"Refund and Returns Policy","og_description":"OnCourt Online refunds and returns policy. Cointact us with any questions you might have regarding refunds and returns.","og_url":"https:\/\/oncourt.online\/sk\/vratenie-penazi\/","og_site_name":"OnCourt Online","article_publisher":"https:\/\/www.facebook.com\/oncourt.online\/","article_modified_time":"2026-01-08T02:56:26+00:00","og_image":[{"width":1440,"height":498,"url":"https:\/\/oncourt.online\/wp-content\/uploads\/2022\/05\/OnCourt-Shipping-and-Delivery-Header.jpg","type":"image\/jpeg"}],"twitter_card":"summary_large_image","twitter_misc":{"Predpokladan\u00fd \u010das \u010d\u00edtania":"3 min\u00faty"},"schema":{"@context":"https:\/\/schema.org","@graph":[{"@type":"WebPage","@id":"https:\/\/oncourt.online\/sk\/refund-returns\/","url":"https:\/\/oncourt.online\/sk\/refund-returns\/","name":"Z\u00e1sady vr\u00e1tenia pe\u0148az\u00ed a vr\u00e1tenia tovaru - OnCourt Online","isPartOf":{"@id":"https:\/\/oncourt.online\/sk\/#website"},"primaryImageOfPage":{"@id":"https:\/\/oncourt.online\/sk\/refund-returns\/#primaryimage"},"image":{"@id":"https:\/\/oncourt.online\/sk\/refund-returns\/#primaryimage"},"thumbnailUrl":"https:\/\/oncourt.online\/wp-content\/uploads\/2022\/05\/OnCourt-Shipping-and-Delivery-Header.jpg","datePublished":"2022-06-07T21:39:16+00:00","dateModified":"2026-01-08T02:56:26+00:00","description":"Z\u00e1sady vr\u00e1tenia pe\u0148az\u00ed a vr\u00e1tenia tovaru OnCourt Online. Kontaktujte n\u00e1s v pr\u00edpade ak\u00fdchko\u013evek ot\u00e1zok t\u00fdkaj\u00facich sa vr\u00e1tenia pe\u0148az\u00ed a vr\u00e1tenia tovaru.","breadcrumb":{"@id":"https:\/\/oncourt.online\/sk\/refund-returns\/#breadcrumb"},"inLanguage":"sk-SK","potentialAction":[{"@type":"ReadAction","target":["https:\/\/oncourt.online\/sk\/refund-returns\/"]}]},{"@type":"ImageObject","inLanguage":"sk-SK","@id":"https:\/\/oncourt.online\/sk\/refund-returns\/#primaryimage","url":"https:\/\/oncourt.online\/wp-content\/uploads\/2022\/05\/OnCourt-Shipping-and-Delivery-Header.jpg","contentUrl":"https:\/\/oncourt.online\/wp-content\/uploads\/2022\/05\/OnCourt-Shipping-and-Delivery-Header.jpg","width":1440,"height":498,"caption":"Shipping & Delivery | OnCourt"},{"@type":"BreadcrumbList","@id":"https:\/\/oncourt.online\/sk\/refund-returns\/#breadcrumb","itemListElement":[{"@type":"ListItem","position":1,"name":"Home","item":"https:\/\/oncourt.online\/"},{"@type":"ListItem","position":2,"name":"Refund and Returns Policy"}]},{"@type":"WebSite","@id":"https:\/\/oncourt.online\/sk\/#website","url":"https:\/\/oncourt.online\/sk\/","name":"OnCourt Online","description":"Vysoko v\u00fdkonn\u00e9 basketbalov\u00e9 ihrisk\u00e1","publisher":{"@id":"https:\/\/oncourt.online\/sk\/#organization"},"potentialAction":[{"@type":"SearchAction","target":{"@type":"EntryPoint","urlTemplate":"https:\/\/oncourt.online\/sk\/?s={search_term_string}"},"query-input":{"@type":"PropertyValueSpecification","valueRequired":true,"valueName":"search_term_string"}}],"inLanguage":"sk-SK"},{"@type":"Organization","@id":"https:\/\/oncourt.online\/sk\/#organization","name":"OnCourt Online","url":"https:\/\/oncourt.online\/sk\/","logo":{"@type":"ImageObject","inLanguage":"sk-SK","@id":"https:\/\/oncourt.online\/sk\/#\/schema\/logo\/image\/","url":"https:\/\/oncourt.online\/wp-content\/uploads\/2021\/12\/Logo_OnCourt_Black.svg","contentUrl":"https:\/\/oncourt.online\/wp-content\/uploads\/2021\/12\/Logo_OnCourt_Black.svg","width":"1024","height":"1024","caption":"OnCourt Online"},"image":{"@id":"https:\/\/oncourt.online\/sk\/#\/schema\/logo\/image\/"},"sameAs":["https:\/\/www.facebook.com\/oncourt.online\/"],"email":"info@oncourt.online"}]}},"_links":{"self":[{"href":"https:\/\/oncourt.online\/sk\/wp-json\/wp\/v2\/pages\/10","targetHints":{"allow":["GET"]}}],"collection":[{"href":"https:\/\/oncourt.online\/sk\/wp-json\/wp\/v2\/pages"}],"about":[{"href":"https:\/\/oncourt.online\/sk\/wp-json\/wp\/v2\/types\/page"}],"author":[{"embeddable":true,"href":"https:\/\/oncourt.online\/sk\/wp-json\/wp\/v2\/users\/2"}],"replies":[{"embeddable":true,"href":"https:\/\/oncourt.online\/sk\/wp-json\/wp\/v2\/comments?post=10"}],"version-history":[{"count":0,"href":"https:\/\/oncourt.online\/sk\/wp-json\/wp\/v2\/pages\/10\/revisions"}],"wp:featuredmedia":[{"embeddable":true,"href":"https:\/\/oncourt.online\/sk\/wp-json\/wp\/v2\/media\/6877"}],"wp:attachment":[{"href":"https:\/\/oncourt.online\/sk\/wp-json\/wp\/v2\/media?parent=10"}],"curies":[{"name":"wp","href":"https:\/\/api.w.org\/{rel}","templated":true}]}}