{"id":80,"date":"2021-10-19T20:14:24","date_gmt":"2021-10-19T20:14:24","guid":{"rendered":"https:\/\/oncourt.online\/?page_id=80"},"modified":"2026-01-07T15:32:24","modified_gmt":"2026-01-07T15:32:24","slug":"despre-noi","status":"publish","type":"page","link":"https:\/\/oncourt.online\/ro\/about\/","title":{"rendered":"Despre OnCourt"},"content":{"rendered":"<h2 class=\"gb-text\">Construit \u00een jurul baschetului<\/h2>\n\n\n\n<p class=\"gb-text gb-text-81affc46\">OnCourt proiecteaz\u0103 \u0219i furnizeaz\u0103 terenuri de baschet de \u00eenalt\u0103 performan\u021b\u0103 pentru locuin\u021be, cluburi \u0219i facilit\u0103\u021bi din \u00eentreaga Europ\u0103. Ne concentr\u0103m pe elementele esen\u021biale care conteaz\u0103 cel mai mult pe teren \u2013 performan\u021ba suprafe\u021bei, amplas\u0103rile precise, echipamentele durabile \u0219i planificarea clar\u0103 \u2013 aduc\u00e2nd standarde profesionale fiec\u0103rui proiect, indiferent de dimensiune.<\/p>\n\n\n\n<p class=\"gb-text\">Baschetul nu este un supliment pentru noi. Este fundamentul a tot ceea ce construim.<\/p>\n\n\n\n<p class=\"gb-text translation-block\"><strong><em><a href=\"https:\/\/oncourt.online\/ro\/3d-teren-de-baschet-designer\/\" target=\"_self\">Proiecteaz\u0103-\u021bi terenul de baschet \u00een 3D<\/a><\/em><\/strong> pentru a explora amplasarea, culorile, marcajele \u0219i echipamentele \u00eenainte de construc\u021bie.<\/p>\n\n\n\n<h3 class=\"gb-headline gb-headline-ccfedaf1 gb-headline-text\">Speciali\u0219ti, nu generali\u0219ti<\/h3>\n\n\n\n<p class=\"gb-text gb-text-8c945255\">Spre deosebire de furnizorii generici de suprafe\u021be sportive, OnCourt este dedicat\u0103 exclusiv baschetului. Gama noastr\u0103 de produse, ghidurile \u0219i instrumentele de design sunt dezvoltate special \u00een jurul modului \u00een care se joac\u0103 baschetul \u2013 de la mi\u0219carea juc\u0103torilor \u0219i r\u0103spunsul mingii p\u00e2n\u0103 la dimensiunile terenului \u0219i pozi\u021bionarea panourilor.<\/p>\n\n\n\n<p class=\"gb-text\">Aceast\u0103 concentrare ne permite s\u0103 oferim sfaturi mai clare, o asociere mai bun\u0103 a produselor \u0219i o planificare mai precis\u0103 dec\u00e2t furnizorii multisport.<\/p>\n\n\n\n<h3 class=\"gb-headline gb-headline-ea969289 gb-headline-text\">Design First. Build With Confidence<\/h3>\n\n\n\n<p class=\"gb-text gb-text-ddbfc979\">Fiecare teren \u00eencepe cu un plan. Platforma de proiectare 3D a terenurilor OnCourt le permite clien\u021bilor s\u0103 configureze layout-uri, s\u0103 exploreze scheme de culori, s\u0103 aleag\u0103 suprafe\u021bele \u0219i s\u0103 specifice panourile \u00eenainte de a se angaja \u00eentr-o construc\u021bie. Rezultatul este o \u00een\u021belegere mai clar\u0103 a spa\u021biului, performan\u021bei \u0219i costurilor, pentru un parcurs mai fluid de la concept la instalare.<\/p>\n\n\n\n<p class=\"gb-text\">Pre\u021burile instantanee, configura\u021biile precise \u0219i designurile u\u0219or de partajat elimin\u0103 incertitudinea \u00eenc\u0103 din fazele ini\u021biale ale procesului.<\/p>\n\n\n\n<h3 class=\"gb-headline gb-headline-c16bc7a6 gb-headline-text\">Proven Products, Engineered to Last<\/h3>\n\n\n\n<p class=\"gb-text gb-text-9ce3da67\">OnCourt furnizeaz\u0103 suprafe\u021be modulare premium pentru baschet \u0219i panouri Mega Slam de nivel profesional. Echipamentele noastre sunt alese pentru durabilitate, stabilitate \u0219i performan\u021b\u0103 pe termen lung. De la terenuri reziden\u021biale de tip half-court p\u00e2n\u0103 la facilit\u0103\u021bi de club \u0219i instala\u021bii comerciale, sistemele noastre sunt concepute pentru joc intens, f\u0103r\u0103 compromisuri.<\/p>\n\n\n\n<p class=\"gb-text\">Nu urm\u0103rim tendin\u021be. Ne concentr\u0103m pe materiale, inginerie \u0219i fiabilitate.<\/p>\n\n\n\n<p>OnCourt supply premium outdoor surfaces alongside proven <strong><em><a href=\"https:\/\/oncourt.online\/ro\/cercuri-de-baschet\/\">Mega Slam basketball hoops<\/a><\/em><\/strong> and court equipment, chosen to work together as a complete system.<\/p>\n\n\n\n<h3 class=\"gb-headline gb-headline-5efdb362 gb-headline-text\">Guidance You Can Trust<\/h3>\n\n\n\n<p class=\"gb-text gb-text-f96f3624\">Building a basketball court involves more than choosing products. Through our Guides, we provide clear, practical advice on layouts, flooring options, lighting, installation and planning, to help customers make informed decisions at every stage.<\/p>\n\n\n\n<p class=\"gb-text\">Whether you\u2019re building your first home court or specifying a facility for multiple users, our goal is to replace guesswork with confidence.<\/p>\n\n\n\n<p><strong><em><a href=\"https:\/\/oncourt.online\/ro\/ghiduri\/\">Explore our basketball court guides<\/a><\/em><\/strong> to understand layouts, surfaces, equipment, and installation before committing.<\/p>\n\n\n\n<h3 class=\"gb-text\">Across Europe &amp; Beyond<\/h3>\n\n\n\n<p class=\"gb-text\">OnCourt supports projects across Europe, working with private customers, clubs, schools and commercial partners. Our experience spans different site conditions, regulations and use cases, allowing us to adapt solutions without compromising performance.<\/p>\n\n\n\n<div class=\"gb-element-cb14beec\">\n<h3 class=\"gb-text\">The OnCourt Approach<\/h3>\n\n\n\n<p class=\"gb-text\">If you\u2019re planning a basketball court, at home or at scale, OnCourt exists to help you do it properly.<\/p>\n\n\n\n<p class=\"gb-text-7b6b1e25\"><span class=\"gb-shape\"><svg aria-hidden=\"true\" role=\"img\" height=\"1em\" width=\"1em\" viewbox=\"0 0 512 512\" xmlns=\"http:\/\/www.w3.org\/2000\/svg\"><path fill=\"currentColor\" d=\"M173.898 439.404l-166.4-166.4c-9.997-9.997-9.997-26.206 0-36.204l36.203-36.204c9.997-9.998 26.207-9.998 36.204 0L192 312.69 432.095 72.596c9.997-9.997 26.207-9.997 36.204 0l36.203 36.204c9.997 9.997 9.997 26.206 0 36.204l-294.4 294.401c-9.998 9.997-26.207 9.997-36.204-.001z\"><\/path><\/svg><\/span><span class=\"gb-text\">Basketball-first focus<\/span><\/p>\n\n\n\n<p class=\"gb-text-ee8810d5\"><span class=\"gb-shape\"><svg aria-hidden=\"true\" role=\"img\" height=\"1em\" width=\"1em\" viewbox=\"0 0 512 512\" xmlns=\"http:\/\/www.w3.org\/2000\/svg\"><path fill=\"currentColor\" d=\"M173.898 439.404l-166.4-166.4c-9.997-9.997-9.997-26.206 0-36.204l36.203-36.204c9.997-9.998 26.207-9.998 36.204 0L192 312.69 432.095 72.596c9.997-9.997 26.207-9.997 36.204 0l36.203 36.204c9.997 9.997 9.997 26.206 0 36.204l-294.4 294.401c-9.998 9.997-26.207 9.997-36.204-.001z\"><\/path><\/svg><\/span><span class=\"gb-text\">Clear planning before construction<\/span><\/p>\n\n\n\n<p class=\"gb-text-c3c5234a\"><span class=\"gb-shape\"><svg aria-hidden=\"true\" role=\"img\" height=\"1em\" width=\"1em\" viewbox=\"0 0 512 512\" xmlns=\"http:\/\/www.w3.org\/2000\/svg\"><path fill=\"currentColor\" d=\"M173.898 439.404l-166.4-166.4c-9.997-9.997-9.997-26.206 0-36.204l36.203-36.204c9.997-9.998 26.207-9.998 36.204 0L192 312.69 432.095 72.596c9.997-9.997 26.207-9.997 36.204 0l36.203 36.204c9.997 9.997 9.997 26.206 0 36.204l-294.4 294.401c-9.998 9.997-26.207 9.997-36.204-.001z\"><\/path><\/svg><\/span><span class=\"gb-text\">Performance-led product selection<\/span><\/p>\n\n\n\n<p class=\"gb-text-e6cf79e3\"><span class=\"gb-shape\"><svg aria-hidden=\"true\" role=\"img\" height=\"1em\" width=\"1em\" viewbox=\"0 0 512 512\" xmlns=\"http:\/\/www.w3.org\/2000\/svg\"><path fill=\"currentColor\" d=\"M173.898 439.404l-166.4-166.4c-9.997-9.997-9.997-26.206 0-36.204l36.203-36.204c9.997-9.998 26.207-9.998 36.204 0L192 312.69 432.095 72.596c9.997-9.997 26.207-9.997 36.204 0l36.203 36.204c9.997 9.997 9.997 26.206 0 36.204l-294.4 294.401c-9.998 9.997-26.207 9.997-36.204-.001z\"><\/path><\/svg><\/span><span class=\"gb-text\">Honest, practical guidance<\/span><\/p>\n\n\n\n<p class=\"gb-text-9fa5ab33\"><span class=\"gb-shape\"><svg aria-hidden=\"true\" role=\"img\" height=\"1em\" width=\"1em\" viewbox=\"0 0 512 512\" xmlns=\"http:\/\/www.w3.org\/2000\/svg\"><path fill=\"currentColor\" d=\"M173.898 439.404l-166.4-166.4c-9.997-9.997-9.997-26.206 0-36.204l36.203-36.204c9.997-9.998 26.207-9.998 36.204 0L192 312.69 432.095 72.596c9.997-9.997 26.207-9.997 36.204 0l36.203 36.204c9.997 9.997 9.997 26.206 0 36.204l-294.4 294.401c-9.998 9.997-26.207 9.997-36.204-.001z\"><\/path><\/svg><\/span><span class=\"gb-text\">Tools that simplify complex decisions<\/span><\/p>\n\n\n\n<p>If you\u2019re still weighing options, our <a href=\"https:\/\/oncourt.online\/ro\/basketball-court-faq\/\"><strong><em>basketball court FAQs<\/em><\/strong><\/a> address common questions about surfaces, layouts, durability, and installation.<\/p>\n<\/div>\n\n\n<div class=\"gb-grid-wrapper gb-grid-wrapper-44caa69b\">\n<div class=\"gb-grid-column gb-grid-column-12b2a9f8\"><div class=\"gb-container gb-container-12b2a9f8\"><div class=\"gb-inside-container\">\n\n<figure class=\"gb-block-image gb-block-image-6adfd5ca\"><img loading=\"lazy\" decoding=\"async\" width=\"300\" height=\"169\" class=\"gb-image gb-image-6adfd5ca\" src=\"https:\/\/oncourt.online\/wp-content\/uploads\/2021\/10\/NIKE.png\" alt=\"Nike\" title=\"NIKE\"\/><\/figure>\n\n<\/div><\/div><\/div>\n\n<div class=\"gb-grid-column gb-grid-column-e5bb2fe1\"><div class=\"gb-container gb-container-e5bb2fe1\"><div class=\"gb-inside-container\">\n\n<figure class=\"gb-block-image gb-block-image-f8558887\"><img loading=\"lazy\" decoding=\"async\" width=\"300\" height=\"169\" class=\"gb-image gb-image-f8558887\" src=\"https:\/\/oncourt.online\/wp-content\/uploads\/2021\/10\/England-Football.png\" alt=\"Logo-ul echipei de fotbal a Angliei\" title=\"Anglia-Fotbal\"\/><\/figure>\n\n<\/div><\/div><\/div>\n\n<div class=\"gb-grid-column gb-grid-column-3ac2520c\"><div class=\"gb-container gb-container-3ac2520c\"><div class=\"gb-inside-container\">\n\n<figure class=\"gb-block-image gb-block-image-32bd7dfd\"><img loading=\"lazy\" decoding=\"async\" width=\"300\" height=\"169\" class=\"gb-image gb-image-32bd7dfd\" src=\"https:\/\/oncourt.online\/wp-content\/uploads\/2021\/10\/Red-Bull.png\" alt=\"Logo-ul Red Bull\" title=\"Red Bull\"\/><\/figure>\n\n<\/div><\/div><\/div>\n\n<div class=\"gb-grid-column gb-grid-column-b8a0acf4\"><div class=\"gb-container gb-container-b8a0acf4\"><div class=\"gb-inside-container\">\n\n<figure class=\"gb-block-image gb-block-image-199d062a\"><img loading=\"lazy\" decoding=\"async\" width=\"300\" height=\"169\" class=\"gb-image gb-image-199d062a\" src=\"https:\/\/oncourt.online\/wp-content\/uploads\/2021\/10\/Canary-Wharf-Group.png\" alt=\"Logo-ul Canary Wharf Group\" title=\"Grupul Canary Wharf\"\/><\/figure>\n\n<\/div><\/div><\/div>\n\n<div class=\"gb-grid-column gb-grid-column-bcea7224\"><div class=\"gb-container gb-container-bcea7224\"><div class=\"gb-inside-container\">\n\n<figure class=\"gb-block-image gb-block-image-b9d71ee3\"><img loading=\"lazy\" decoding=\"async\" width=\"300\" height=\"169\" class=\"gb-image gb-image-b9d71ee3\" src=\"https:\/\/oncourt.online\/wp-content\/uploads\/2021\/10\/BBC.png\" alt=\"Logo-ul BBC\" title=\"BBC\"\/><\/figure>\n\n<\/div><\/div><\/div>\n<\/div>","protected":false},"excerpt":{"rendered":"<p> ... <a title=\"Despre OnCourt\" class=\"read-more\" href=\"https:\/\/oncourt.online\/ro\/about\/\" aria-label=\"Cite\u0219te mai multe despre About OnCourt\">Cite\u0219te mai mult<\/a><\/p>","protected":false},"author":2,"featured_media":6877,"parent":0,"menu_order":11,"comment_status":"closed","ping_status":"closed","template":"","meta":{"_acf_changed":false,"inline_featured_image":false,"footnotes":""},"class_list":{"0":"post-80","1":"page","2":"type-page","3":"status-publish","4":"has-post-thumbnail","6":"infinite-scroll-item","7":"no-featured-image-padding","8":"resize-featured-image"},"acf":[],"yoast_head":"<!-- This site is optimized with the Yoast SEO Premium plugin v26.8 (Yoast SEO v27.3) - https:\/\/yoast.com\/product\/yoast-seo-premium-wordpress\/ -->\n<title>About OnCourt | Basketball Court Surfaces, Systems &amp; Design<\/title>\n<meta name=\"description\" content=\"OnCourt creates premium basketball courts, combining high-performance surfaces, pro-grade hoops and intuitive court-planning tools.\" \/>\n<meta name=\"robots\" content=\"index, follow, max-snippet:-1, max-image-preview:large, max-video-preview:-1\" \/>\n<link rel=\"canonical\" href=\"https:\/\/oncourt.online\/ro\/despre-noi\/\" \/>\n<meta property=\"og:locale\" content=\"ro_RO\" \/>\n<meta property=\"og:type\" content=\"article\" \/>\n<meta property=\"og:title\" content=\"About OnCourt\" \/>\n<meta property=\"og:description\" content=\"OnCourt creates premium basketball courts, combining high-performance surfaces, pro-grade hoops and intuitive court-planning tools.\" \/>\n<meta property=\"og:url\" content=\"https:\/\/oncourt.online\/ro\/despre-noi\/\" \/>\n<meta property=\"og:site_name\" content=\"OnCourt Online\" \/>\n<meta property=\"article:publisher\" content=\"https:\/\/www.facebook.com\/oncourt.online\/\" \/>\n<meta property=\"article:modified_time\" content=\"2026-01-07T15:32:24+00:00\" \/>\n<meta property=\"og:image\" content=\"https:\/\/oncourt.online\/wp-content\/uploads\/2022\/05\/OnCourt-Shipping-and-Delivery-Header.jpg\" \/>\n\t<meta property=\"og:image:width\" content=\"1440\" \/>\n\t<meta property=\"og:image:height\" content=\"498\" \/>\n\t<meta property=\"og:image:type\" content=\"image\/jpeg\" \/>\n<meta name=\"twitter:card\" content=\"summary_large_image\" \/>\n<meta name=\"twitter:label1\" content=\"Timp estimat pentru citire\" \/>\n\t<meta name=\"twitter:data1\" content=\"4 minute\" \/>\n<!-- \/ Yoast SEO Premium plugin. -->","yoast_head_json":{"title":"About OnCourt | Basketball Court Surfaces, Systems & Design","description":"OnCourt creates premium basketball courts, combining high-performance surfaces, pro-grade hoops and intuitive court-planning tools.","robots":{"index":"index","follow":"follow","max-snippet":"max-snippet:-1","max-image-preview":"max-image-preview:large","max-video-preview":"max-video-preview:-1"},"canonical":"https:\/\/oncourt.online\/ro\/despre-noi\/","og_locale":"ro_RO","og_type":"article","og_title":"About OnCourt","og_description":"OnCourt creates premium basketball courts, combining high-performance surfaces, pro-grade hoops and intuitive court-planning tools.","og_url":"https:\/\/oncourt.online\/ro\/despre-noi\/","og_site_name":"OnCourt Online","article_publisher":"https:\/\/www.facebook.com\/oncourt.online\/","article_modified_time":"2026-01-07T15:32:24+00:00","og_image":[{"width":1440,"height":498,"url":"https:\/\/oncourt.online\/wp-content\/uploads\/2022\/05\/OnCourt-Shipping-and-Delivery-Header.jpg","type":"image\/jpeg"}],"twitter_card":"summary_large_image","twitter_misc":{"Timp estimat pentru citire":"4 minute"},"schema":{"@context":"https:\/\/schema.org","@graph":[{"@type":"WebPage","@id":"https:\/\/oncourt.online\/ro\/about\/","url":"https:\/\/oncourt.online\/ro\/about\/","name":"About OnCourt | Basketball Court Surfaces, Systems & Design","isPartOf":{"@id":"https:\/\/oncourt.online\/ro\/#website"},"primaryImageOfPage":{"@id":"https:\/\/oncourt.online\/ro\/about\/#primaryimage"},"image":{"@id":"https:\/\/oncourt.online\/ro\/about\/#primaryimage"},"thumbnailUrl":"https:\/\/oncourt.online\/wp-content\/uploads\/2022\/05\/OnCourt-Shipping-and-Delivery-Header.jpg","datePublished":"2021-10-19T20:14:24+00:00","dateModified":"2026-01-07T15:32:24+00:00","description":"OnCourt creates premium basketball courts, combining high-performance surfaces, pro-grade hoops and intuitive court-planning tools.","breadcrumb":{"@id":"https:\/\/oncourt.online\/ro\/about\/#breadcrumb"},"inLanguage":"ro-RO","potentialAction":[{"@type":"ReadAction","target":["https:\/\/oncourt.online\/ro\/about\/"]}]},{"@type":"ImageObject","inLanguage":"ro-RO","@id":"https:\/\/oncourt.online\/ro\/about\/#primaryimage","url":"https:\/\/oncourt.online\/wp-content\/uploads\/2022\/05\/OnCourt-Shipping-and-Delivery-Header.jpg","contentUrl":"https:\/\/oncourt.online\/wp-content\/uploads\/2022\/05\/OnCourt-Shipping-and-Delivery-Header.jpg","width":1440,"height":498,"caption":"Shipping & Delivery | OnCourt"},{"@type":"BreadcrumbList","@id":"https:\/\/oncourt.online\/ro\/about\/#breadcrumb","itemListElement":[{"@type":"ListItem","position":1,"name":"Home","item":"https:\/\/oncourt.online\/"},{"@type":"ListItem","position":2,"name":"About OnCourt"}]},{"@type":"WebSite","@id":"https:\/\/oncourt.online\/ro\/#website","url":"https:\/\/oncourt.online\/ro\/","name":"OnCourt Online","description":"Terenuri de baschet de \u00eenalt\u0103 performan\u021b\u0103","publisher":{"@id":"https:\/\/oncourt.online\/ro\/#organization"},"potentialAction":[{"@type":"SearchAction","target":{"@type":"EntryPoint","urlTemplate":"https:\/\/oncourt.online\/ro\/?s={search_term_string}"},"query-input":{"@type":"PropertyValueSpecification","valueRequired":true,"valueName":"search_term_string"}}],"inLanguage":"ro-RO"},{"@type":"Organization","@id":"https:\/\/oncourt.online\/ro\/#organization","name":"OnCourt Online","url":"https:\/\/oncourt.online\/ro\/","logo":{"@type":"ImageObject","inLanguage":"ro-RO","@id":"https:\/\/oncourt.online\/ro\/#\/schema\/logo\/image\/","url":"https:\/\/oncourt.online\/wp-content\/uploads\/2021\/12\/Logo_OnCourt_Black.svg","contentUrl":"https:\/\/oncourt.online\/wp-content\/uploads\/2021\/12\/Logo_OnCourt_Black.svg","width":"1024","height":"1024","caption":"OnCourt Online"},"image":{"@id":"https:\/\/oncourt.online\/ro\/#\/schema\/logo\/image\/"},"sameAs":["https:\/\/www.facebook.com\/oncourt.online\/"],"email":"info@oncourt.online"}]}},"_links":{"self":[{"href":"https:\/\/oncourt.online\/ro\/wp-json\/wp\/v2\/pages\/80","targetHints":{"allow":["GET"]}}],"collection":[{"href":"https:\/\/oncourt.online\/ro\/wp-json\/wp\/v2\/pages"}],"about":[{"href":"https:\/\/oncourt.online\/ro\/wp-json\/wp\/v2\/types\/page"}],"author":[{"embeddable":true,"href":"https:\/\/oncourt.online\/ro\/wp-json\/wp\/v2\/users\/2"}],"replies":[{"embeddable":true,"href":"https:\/\/oncourt.online\/ro\/wp-json\/wp\/v2\/comments?post=80"}],"version-history":[{"count":0,"href":"https:\/\/oncourt.online\/ro\/wp-json\/wp\/v2\/pages\/80\/revisions"}],"wp:featuredmedia":[{"embeddable":true,"href":"https:\/\/oncourt.online\/ro\/wp-json\/wp\/v2\/media\/6877"}],"wp:attachment":[{"href":"https:\/\/oncourt.online\/ro\/wp-json\/wp\/v2\/media?parent=80"}],"curies":[{"name":"wp","href":"https:\/\/api.w.org\/{rel}","templated":true}]}}