{"id":6797,"date":"2022-05-26T13:42:42","date_gmt":"2022-05-26T13:42:42","guid":{"rendered":"https:\/\/oncourt.online\/?page_id=6797"},"modified":"2026-01-09T02:04:24","modified_gmt":"2026-01-09T02:04:24","slug":"expediere-livrare","status":"publish","type":"page","link":"https:\/\/oncourt.online\/ro\/shipping-delivery\/","title":{"rendered":"Livrare \u0219i expediere"},"content":{"rendered":"<div class=\"gb-container gb-container-f34a8199\">\n<div class=\"gb-container gb-container-235943a7\">\n\n<h2 class=\"gb-headline gb-headline-88ee416e gb-headline-text\">Politica de livrare OnCourt Online<\/h2>\n\n\n\n<p class=\"gb-headline gb-headline-0924883b gb-headline-text not_last_text\">Livrarea OnCourt depinde de produsele alese. Dac\u0103 achizi\u021biona\u021bi un kit de teren, panoul \u0219i componentele sunt expediate c\u00e2t mai rapid pentru a putea fi incluse \u00een construc\u021bia funda\u021biei. Suprafe\u021bele de teren sunt fabricate \u0219i livrate dup\u0103 preg\u0103tire, care dureaz\u0103 \u00een prezent 10\u201312 s\u0103pt\u0103m\u00e2ni. <\/p>\n\n\n\n<p class=\"gb-text not_last_text\">Disponibilitatea livr\u0103rii difer\u0103 \u00een func\u021bie de \u021bar\u0103. Livr\u0103m doar c\u0103tre regiunile selectate afi\u0219ate la finalizarea comenzii.<\/p>\n\n\n\n<p>Dac\u0103 \u021bara dumneavoastr\u0103 nu este listat\u0103 \u0219i planifica\u021bi un proiect de teren de baschet, v\u0103 rug\u0103m s\u0103 ne contacta\u021bi pentru a discuta fezabilitatea. Disponibilitatea este evaluat\u0103 de la caz la caz. <\/p>\n\n\n\n<h3 class=\"gb-headline gb-headline-3e94b795 gb-headline-text\">Suprafe\u021be sportive modulare livrate gata pentru instalare Plug &amp; Play<\/h3>\n\n\n\n<p class=\"gb-headline gb-headline-e71567d7 gb-headline-text not_last_text\">Suprafe\u021bele terenului sunt livrate \u00een pachete, gata pentru o instalare simpl\u0103 de tip DIY. Fiecare teren vine paletizat, cu pl\u0103ci numerotate \u0219i o hart\u0103 de referin\u021b\u0103 (Pentru comenzile reziden\u021biale, livrarea se face la marginea drumului).<\/p>\n\n\n\n<p class=\"translation-block\">Fiecare teren sportiv modular este realizat la comand\u0103, <strong>iar produc\u021bia dureaz\u0103 aproximativ<\/strong> <strong>10\u201312 s\u0103pt\u0103m\u00e2ni<\/strong> de la confirmarea primirii comenzii. Timpul de livrare variaz\u0103 \u00een func\u021bie de loca\u021bie, iar dup\u0103 expediere ve\u021bi primi o actualizare cu data estimat\u0103 de sosire \u0219i informa\u021bii de urm\u0103rire (active dup\u0103 v\u0103muirea \u00een \u021bara de destina\u021bie). Toate taxele sunt prepl\u0103tite, iar livr\u0103rile se efectueaz\u0103 \u00een regim DDP (Delivered Duty Paid), f\u0103r\u0103 costuri ascunse.<\/p>\n\n\n<div class=\"gb-container gb-container-cfce094b\">\n\n<h2 class=\"gb-text\">Expedierea produsului<\/h2>\n\n\n\n<p>Dac\u0103 nu se specific\u0103 altfel, toate comenzile de la OnCourt sunt expediate prin intermediul transportatorilor de \u00eencredere. Produsele sunt expediate noi \u0219i \u00een stare bun\u0103, conform descrierii. Sistemele de baschet sunt livrate prin intermediul <strong>Livrare la domiciliu<\/strong>, ceea ce \u00eenseamn\u0103 c\u0103 comanda dvs. va fi livrat\u0103 la marginea trotuarului, la cap\u0103tul aleii dvs. V\u0103 rug\u0103m s\u0103 re\u021bine\u021bi c\u0103 acest serviciu <strong>nu include instalarea, asamblarea sau \u00eendep\u0103rtarea ambalajului<\/strong>.<\/p>\n\n\n\n<h3 class=\"gb-headline gb-headline-bce52be2 gb-headline-text\">Modificarea adresei dup\u0103 expediere<\/h3>\n\n\n\n<p>Dac\u0103 adresa de livrare este schimbat\u0103 dup\u0103 ce expedierea a fost preluat\u0103 de transportatorul rutier, aceasta este considerat\u0103 o reexpediere \u0219i se vor aplica costuri suplimentare.<\/p>\n\n\n\n<h3 class=\"gb-headline gb-headline-ab76306c gb-headline-text\">Programul de livrare<\/h3>\n\n\n\n<p class=\"translation-block\">Livr\u0103rile sunt efectuate de obicei <strong>de luni p\u00e2n\u0103 vineri, \u00eentre 08:00 \u0219i 18:00<\/strong>. Intervalele orare pot varia \u00een func\u021bie de loca\u021bie, traseul \u0219oferului \u0219i factori neprev\u0103zu\u021bi precum traficul sau condi\u021biile meteo.<\/p>\n\n\n\n<h3 class=\"gb-headline gb-headline-d3e65b23 gb-headline-text\">Vehicul de livrare \u0219i acces<\/h3>\n\n\n\n<p class=\"gb-text not_last_text translation-block\">Comenzile de retail sunt livrate cu <strong>vehicule de mare tonaj (ex.: camion articulat)<\/strong> \u0219i includ, de obicei, un <strong>lift hidraulic<\/strong>. \u0218oferul este responsabil pentru desc\u0103rcarea produsului \u0219i amplasarea acestuia la bordur\u0103. Dac\u0103 sunt efectuate servicii de livrare suplimentare, pot fi aplicate costuri adi\u021bionale.<\/p>\n\n\n\n<p class=\"translation-block\">V\u0103 rug\u0103m s\u0103 verifica\u021bi cu aten\u021bie documentul de livrare pentru a v\u0103 asigura c\u0103 <strong>nu au fost efectuate servicii suplimentare<\/strong>. \u00cen caz contrar, OnCourt \u00ee\u0219i rezerv\u0103 dreptul de a <strong>transfera aceste costuri<\/strong>.<\/p>\n\n\n\n<h3 class=\"wp-block-heading\" id=\"h-delivery-signature-amp-inspection\">Semn\u0103tur\u0103 \u0219i verificare la livrare<\/h3>\n\n\n\n<p class=\"gb-text not_last_text translation-block\">La livrare este necesar\u0103 o <strong>semn\u0103tur\u0103<\/strong>. Ambalajul trebuie inspectat <strong>\u00eenainte de semnare<\/strong>. Dac\u0103 este necesar, pute\u021bi deschide cutia pentru a verifica starea con\u021binutului, \u00een special <strong>panourile din sticl\u0103<\/strong>, care sunt mai vulnerabile \u00een timpul transportului.<\/p>\n\n\n\n<p>Dac\u0103 orice parte a expedierii pare deteriorat\u0103:<\/p>\n\n\n\n<ul class=\"wp-block-list\">\n<li><strong>Nu refuza\u021bi livrarea.<\/strong><\/li>\n\n\n\n<li>Face\u021bi note clare pe bonul de livrare, descriind problema (de exemplu, <em>\u201cPanoul s-a spart \u00een momentul livr\u0103rii\u201d<\/em>).<\/li>\n\n\n\n<li>Ia clar <strong>fotografii ale pagubelor<\/strong>.<\/li>\n\n\n\n<li>Trimite\u021bi prin e-mail chitan\u021ba semnat\u0103 \u0219i fotografiile echipei noastre de asisten\u021b\u0103, iar noi v\u0103 vom trimite un <strong>pies\u0103 de schimb<\/strong> imediat.<\/li>\n<\/ul>\n\n\n\n<p class=\"gb-text not_last_text\">\u00centre timp, pute\u021bi continua cu orice etape de instalare care nu sunt afectate (de exemplu, fixarea ancorelor \u0219i l\u0103sarea betonului s\u0103 se \u00eent\u0103reasc\u0103).<\/p>\n\n\n\n<p>Pentru toate livr\u0103rile este necesar\u0103 o semn\u0103tur\u0103. Destinatarul va trebui s\u0103 semneze un bon de livrare, iar livrarea nu se va efectua f\u0103r\u0103 acesta.<\/p>\n\n\n\n<h3 class=\"gb-headline gb-headline-7838bbbd gb-headline-text\">Note importante privind livrarea<\/h3>\n\n\n\n<ul class=\"wp-block-list\">\n<li>Toate articolele p\u0103r\u0103sesc depozitul nostru <strong>nou \u0219i intact<\/strong>.<\/li>\n\n\n\n<li>Dac\u0103 daunele nu sunt men\u021bionate pe bonul de livrare, dumneavoastr\u0103 <strong>elibera transportatorul de r\u0103spundere<\/strong> \u0219i este posibil s\u0103 nu poat\u0103 solicita desp\u0103gubiri.<\/li>\n\n\n\n<li><strong>Sticl\u0103 securizat\u0103<\/strong> nu se cr\u0103pa \u2014 se sparge. Dac\u0103 panoul t\u0103u este spart, va fi \u00een <strong>multe buc\u0103\u021bi mici<\/strong>, nu cr\u0103pat.<\/li>\n<\/ul>\n\n\n\n<p>Pentru protec\u021bia dumneavoastr\u0103, <strong>scrie\u021bi \u201cSub rezerva inspec\u021biei\u201d l\u00e2ng\u0103 semn\u0103tura dumneavoastr\u0103<\/strong> la semnarea livr\u0103rii.<\/p>\n\n\n\n<h3 class=\"gb-headline gb-headline-dd213a82 gb-headline-text\">Acces la livrare<\/h3>\n\n\n\n<p>Dac\u0103 loca\u021bia dvs. nu poate fi accesat\u0103 de un vehicul de livrare de mari dimensiuni (de exemplu, drumuri \u00eenguste, drumuri abrupte, comunit\u0103\u021bi \u00eenchise), este posibil s\u0103 fie necesar s\u0103:<\/p>\n\n\n\n<ul class=\"wp-block-list\">\n<li>Ridica\u021bi comanda de la un terminal local sau<\/li>\n\n\n\n<li>Organiza\u021bi livrarea final\u0103 prin intermediul unui curier ter\u021b.<\/li>\n<\/ul>\n\n\n\n<h3 class=\"gb-headline gb-headline-f4f6c8ad gb-headline-text\">Comenzi care nu pot fi livrate<\/h3>\n\n\n\n<p>Dac\u0103 o expediere este returnat\u0103 ca <strong>Nedeliverabil<\/strong> sau <strong>Refuzat<\/strong>, un <strong>Tax\u0103 de reaprovizionare 20%<\/strong> se va aplica, iar dumneavoastr\u0103 ve\u021bi fi responsabil pentru orice costuri de expediere ini\u021biale.<\/p>\n\n<\/div>\n\n\n<h3 class=\"gb-headline gb-headline-77bdb557 gb-headline-text\">Transport \u0219i vam\u0103 (comenzi din afara UE)<\/h3>\n\n\n\n<p class=\"gb-headline gb-headline-f02c1b4c gb-headline-text\">Pentru toate comenzile expediate <strong>\u00een afara Uniunii Europene<\/strong>:<\/p>\n\n\n\n<ul class=\"wp-block-list\">\n<li>Pre\u021burile afi\u0219ate la finalizarea comenzii nu includ taxele locale, taxele de import sau taxele vamale.<\/li>\n\n\n\n<li>Sunte\u021bi importatorul oficial \u0219i sunte\u021bi singurul responsabil pentru orice astfel de taxe la livrare.<\/li>\n\n\n\n<li>OnCourt nu colecteaz\u0103 \u0219i nu remite TVA\/GST, taxe de import sau taxe vamale pentru destina\u021bii din afara UE.<\/li>\n\n\n\n<li>\u00cen cazul \u00een care taxele sunt refuzate sau nepl\u0103tite, acest lucru poate duce la \u00eent\u00e2rzieri, returnarea sau abandonarea expedierii. OnCourt nu este r\u0103spunz\u0103tor pentru costurile sau pierderile rezultate \u0219i nu va rambursa taxele de expediere sau produsele \u00een aceste cazuri.<\/li>\n<\/ul>\n\n\n\n<p>Prin finalizarea achizi\u021biei, confirma\u021bi \u0219i accepta\u021bi aceste condi\u021bii.<\/p>\n\n<\/div>\n<\/div>\n\n<div class=\"gb-container gb-container-aedea16a\" id=\"megaslam-shipping\">\n<div class=\"gb-container gb-container-492b5ca3\">\n\n<h2 class=\"gb-headline gb-headline-65d8dcc4 gb-headline-text\">Livrarea f\u0103r\u0103 probleme a cercului Mega Slam <\/h2>\n\n\n\n<p class=\"gb-headline gb-headline-880344a0 gb-headline-text\">C\u00e2nd comanzi pe oncourt.online, \u00ee\u021bi livr\u0103m co\u0219ul direct la bordur\u0103 \u2013 direct din depozit, de pe camion, p\u00e2n\u0103 la locul t\u0103u. Folose\u0219te lista noastr\u0103 de verificare \u00een 5 pa\u0219i pentru a asigura o livrare f\u0103r\u0103 probleme a <a href=\"https:\/\/oncourt.online\/ro\/cercuri-de-baschet\/\"><em><strong>Mega Slam Hoop<\/strong><\/em><\/a>. <\/p>\n\n\n\n<figure class=\"wp-block-image size-full is-resized\"><img loading=\"lazy\" decoding=\"async\" width=\"600\" height=\"600\" src=\"https:\/\/oncourt.online\/wp-content\/uploads\/2021\/10\/Mega-Slam-Hoop-s-Order-Confirmation.png\" alt=\"Mega Slam Hoops - Confirmarea comenzii\" class=\"wp-image-422\" style=\"width:150px;height:auto\" srcset=\"https:\/\/oncourt.online\/wp-content\/uploads\/2021\/10\/Mega-Slam-Hoop-s-Order-Confirmation.png 600w, https:\/\/oncourt.online\/wp-content\/uploads\/2021\/10\/Mega-Slam-Hoop-s-Order-Confirmation-100x100.png 100w, https:\/\/oncourt.online\/wp-content\/uploads\/2021\/10\/Mega-Slam-Hoop-s-Order-Confirmation-545x545.png 545w\" sizes=\"auto, (max-width: 600px) 100vw, 600px\" \/><\/figure>\n\n\n\n<h4 class=\"gb-headline gb-headline-8536b972 gb-headline-text\">1. Confirma\u021bi comanda dvs.<\/h4>\n\n\n\n<p class=\"gb-headline gb-headline-9f1a5517 gb-headline-text\">Felicit\u0103ri pentru comanda noului t\u0103u co\u0219! Caut\u0103 acum un e-mail cu detaliile comenzii tale. <\/p>\n\n\n\n<figure class=\"wp-block-image size-full is-resized\"><img loading=\"lazy\" decoding=\"async\" width=\"600\" height=\"600\" src=\"https:\/\/oncourt.online\/wp-content\/uploads\/2021\/10\/Mega-Slam-Hoops-Arrange-Delivery.png\" alt=\"Mega Slam Hoops - Aranjare livrare\" class=\"wp-image-419\" style=\"width:150px;height:150px\" srcset=\"https:\/\/oncourt.online\/wp-content\/uploads\/2021\/10\/Mega-Slam-Hoops-Arrange-Delivery.png 600w, https:\/\/oncourt.online\/wp-content\/uploads\/2021\/10\/Mega-Slam-Hoops-Arrange-Delivery-100x100.png 100w, https:\/\/oncourt.online\/wp-content\/uploads\/2021\/10\/Mega-Slam-Hoops-Arrange-Delivery-545x545.png 545w\" sizes=\"auto, (max-width: 600px) 100vw, 600px\" \/><\/figure>\n\n\n\n<h4 class=\"gb-headline gb-headline-9bfe8bb5 gb-headline-text\">2. Expediere \u0219i livrare <\/h4>\n\n\n\n<p class=\"gb-headline gb-headline-290fa9d6 gb-headline-text\">Vei primi o confirmare a expedierii comenzii, care va include termenul estimativ de livrare. <\/p>\n\n\n\n<figure class=\"wp-block-image size-full is-resized\"><img loading=\"lazy\" decoding=\"async\" width=\"600\" height=\"600\" src=\"https:\/\/oncourt.online\/wp-content\/uploads\/2021\/10\/Mega-Slam-Hoops-Curbside-Delivery.png\" alt=\"Mega Slam Hoops - Curbside Delivery\" class=\"wp-image-420\" style=\"width:150px;height:150px\" srcset=\"https:\/\/oncourt.online\/wp-content\/uploads\/2021\/10\/Mega-Slam-Hoops-Curbside-Delivery.png 600w, https:\/\/oncourt.online\/wp-content\/uploads\/2021\/10\/Mega-Slam-Hoops-Curbside-Delivery-100x100.png 100w, https:\/\/oncourt.online\/wp-content\/uploads\/2021\/10\/Mega-Slam-Hoops-Curbside-Delivery-545x545.png 545w\" sizes=\"auto, (max-width: 600px) 100vw, 600px\" \/><\/figure>\n\n\n\n<h4 class=\"gb-headline gb-headline-111f7f0a gb-headline-text\">3. F\u0103 loc pentru co\u0219ul t\u0103u<\/h4>\n\n\n\n<p class=\"gb-headline gb-headline-cdd4e7d1 gb-headline-text\">Sistemele de baschet Mega Slam sunt voluminoase (p\u00e2n\u0103 la 340 kg), iar paletul de livrare ocup\u0103 destul de mult spa\u021biu la livrare (Comenzile reziden\u021biale sunt livrate la bordur\u0103).<\/p>\n\n\n\n<figure class=\"wp-block-image size-full is-resized\"><img loading=\"lazy\" decoding=\"async\" width=\"600\" height=\"600\" src=\"https:\/\/oncourt.online\/wp-content\/uploads\/2021\/10\/Mega-Slam-Shipping-Boxes.png\" alt=\"Cutii de transport Mega Slam\" class=\"wp-image-421\" style=\"width:150px;height:150px\" srcset=\"https:\/\/oncourt.online\/wp-content\/uploads\/2021\/10\/Mega-Slam-Shipping-Boxes.png 600w, https:\/\/oncourt.online\/wp-content\/uploads\/2021\/10\/Mega-Slam-Shipping-Boxes-100x100.png 100w, https:\/\/oncourt.online\/wp-content\/uploads\/2021\/10\/Mega-Slam-Shipping-Boxes-545x545.png 545w\" sizes=\"auto, (max-width: 600px) 100vw, 600px\" \/><\/figure>\n\n\n\n<h4 class=\"gb-headline gb-headline-c4d17918 gb-headline-text\">4. Verific\u0103 livrarea co\u0219ului t\u0103u<\/h4>\n\n\n\n<p class=\"gb-headline gb-headline-b333a103 gb-headline-text\">\u00cen func\u021bie de dimensiunea comenzii, asigur\u0103-te c\u0103 num\u0103rul corect de cutii este fixat pe fiecare palet (fiecare sistem sose\u0219te pe un singur palet, cu cutii numerotate clar). Nu este o problem\u0103 dac\u0103 unele cutii sunt \u00eendoite sau rupte. Sistemele noastre sunt robuste \u0219i rezist\u0103 la daune minore. <\/p>\n\n\n\n<figure class=\"wp-block-image size-full is-resized\"><img loading=\"lazy\" decoding=\"async\" width=\"600\" height=\"600\" src=\"https:\/\/oncourt.online\/wp-content\/uploads\/2021\/10\/Mega-Slam-Hoops-Signed-Delivery.png\" alt=\"Mega Slam Hoops - Livrare semnat\u0103\" class=\"wp-image-417\" style=\"width:150px;height:150px\" srcset=\"https:\/\/oncourt.online\/wp-content\/uploads\/2021\/10\/Mega-Slam-Hoops-Signed-Delivery.png 600w, https:\/\/oncourt.online\/wp-content\/uploads\/2021\/10\/Mega-Slam-Hoops-Signed-Delivery-100x100.png 100w, https:\/\/oncourt.online\/wp-content\/uploads\/2021\/10\/Mega-Slam-Hoops-Signed-Delivery-545x545.png 545w\" sizes=\"auto, (max-width: 600px) 100vw, 600px\" \/><\/figure>\n\n\n\n<h4 class=\"gb-headline gb-headline-f3ff4626 gb-headline-text\">5. Semneaz\u0103 pentru a primi livrarea<\/h4>\n\n\n\n<p class=\"gb-headline gb-headline-0e5ad3a7 gb-headline-text\">Curierul t\u0103u prietenos \u00ee\u021bi va cere acum o semn\u0103tur\u0103 pentru a preda sistemul de baschet. Dac\u0103 exist\u0103 daune vizibile la cutii (sau la sistem), noteaz\u0103-le pe fi\u0219a de livrare \u0219i f\u0103 poze \u00eenainte de a semna.<br>Dac\u0103 exist\u0103 articole deteriorate, accept\u0103 livrarea \u0219i contacteaz\u0103-ne imediat. Ata\u0219eaz\u0103 fotografii \u00een e-mail \u0219i vom expedia rapid piesele de schimb. <\/p>\n\n\n\n<figure class=\"wp-block-image size-full is-resized\"><img loading=\"lazy\" decoding=\"async\" width=\"750\" height=\"750\" src=\"https:\/\/oncourt.online\/wp-content\/uploads\/2021\/10\/MegaDlam-Installation-Dig-and-Pour.png\" alt=\"\" class=\"wp-image-319\" style=\"width:188px;height:188px\" srcset=\"https:\/\/oncourt.online\/wp-content\/uploads\/2021\/10\/MegaDlam-Installation-Dig-and-Pour.png 750w, https:\/\/oncourt.online\/wp-content\/uploads\/2021\/10\/MegaDlam-Installation-Dig-and-Pour-100x100.png 100w, https:\/\/oncourt.online\/wp-content\/uploads\/2021\/10\/MegaDlam-Installation-Dig-and-Pour-545x545.png 545w\" sizes=\"auto, (max-width: 750px) 100vw, 750px\" \/><\/figure>\n\n\n\n<h3 class=\"gb-headline gb-headline-a22b1bbf gb-headline-text\">Instalare<\/h3>\n\n\n\n<p class=\"gb-headline gb-headline-507bcc99 gb-headline-text\">Odat\u0103 ce co\u0219ul a fost livrat, este timpul s\u0103<a href=\"https:\/\/oncourt.online\/ro\/ghiduri\/instalare\/ghid-instalare-panou-baschet\/\"> <em><strong>instalezi Mega Slam Hoop<\/strong><\/em><\/a>.<\/p>\n\n<\/div>\n<\/div>","protected":false},"excerpt":{"rendered":"<p> ... <a title=\"Livrare \u0219i expediere\" class=\"read-more\" href=\"https:\/\/oncourt.online\/ro\/shipping-delivery\/\" aria-label=\"Cite\u0219te mai multe despre Shipping And Delivery\">Cite\u0219te mai mult<\/a><\/p>","protected":false},"author":2,"featured_media":6877,"parent":0,"menu_order":24,"comment_status":"closed","ping_status":"closed","template":"","meta":{"_acf_changed":false,"inline_featured_image":false,"footnotes":""},"class_list":{"0":"post-6797","1":"page","2":"type-page","3":"status-publish","4":"has-post-thumbnail","6":"infinite-scroll-item","7":"no-featured-image-padding","8":"resize-featured-image"},"acf":[],"yoast_head":"<!-- This site is optimized with the Yoast SEO Premium plugin v26.8 (Yoast SEO v26.9) - https:\/\/yoast.com\/product\/yoast-seo-premium-wordpress\/ -->\n<title>Shipping &amp; Delivery Information | OnCourt<\/title>\n<meta name=\"description\" content=\"Shipping and delivery information, including delivery methods, access planning, handling advice, and important notes for OnCourt orders.\" \/>\n<meta name=\"robots\" content=\"index, follow, max-snippet:-1, max-image-preview:large, max-video-preview:-1\" \/>\n<link rel=\"canonical\" href=\"https:\/\/oncourt.online\/ro\/expediere-livrare\/\" \/>\n<meta property=\"og:locale\" content=\"ro_RO\" \/>\n<meta property=\"og:type\" content=\"article\" \/>\n<meta property=\"og:title\" content=\"Shipping And Delivery\" \/>\n<meta property=\"og:description\" content=\"Shipping and delivery information, including delivery methods, access planning, handling advice, and important notes for OnCourt orders.\" \/>\n<meta property=\"og:url\" content=\"https:\/\/oncourt.online\/ro\/expediere-livrare\/\" \/>\n<meta property=\"og:site_name\" content=\"OnCourt Online\" \/>\n<meta property=\"article:publisher\" content=\"https:\/\/www.facebook.com\/oncourt.online\/\" \/>\n<meta property=\"article:modified_time\" content=\"2026-01-09T02:04:24+00:00\" \/>\n<meta property=\"og:image\" content=\"https:\/\/oncourt.online\/wp-content\/uploads\/2022\/05\/OnCourt-Shipping-and-Delivery-Header.jpg\" \/>\n\t<meta property=\"og:image:width\" content=\"1440\" \/>\n\t<meta property=\"og:image:height\" content=\"498\" \/>\n\t<meta property=\"og:image:type\" content=\"image\/jpeg\" \/>\n<meta name=\"twitter:card\" content=\"summary_large_image\" \/>\n<meta name=\"twitter:label1\" content=\"Timp estimat pentru citire\" \/>\n\t<meta name=\"twitter:data1\" content=\"6 minute\" \/>\n<!-- \/ Yoast SEO Premium plugin. -->","yoast_head_json":{"title":"Informa\u021bii despre Livrare | OnCourt","description":"Informa\u021bii despre expediere \u0219i livrare, inclusiv metodele de livrare, planificarea accesului, sfaturi de manipulare \u0219i note importante pentru comenzile OnCourt.","robots":{"index":"index","follow":"follow","max-snippet":"max-snippet:-1","max-image-preview":"max-image-preview:large","max-video-preview":"max-video-preview:-1"},"canonical":"https:\/\/oncourt.online\/ro\/expediere-livrare\/","og_locale":"ro_RO","og_type":"article","og_title":"Shipping And Delivery","og_description":"Shipping and delivery information, including delivery methods, access planning, handling advice, and important notes for OnCourt orders.","og_url":"https:\/\/oncourt.online\/ro\/expediere-livrare\/","og_site_name":"OnCourt Online","article_publisher":"https:\/\/www.facebook.com\/oncourt.online\/","article_modified_time":"2026-01-09T02:04:24+00:00","og_image":[{"width":1440,"height":498,"url":"https:\/\/oncourt.online\/wp-content\/uploads\/2022\/05\/OnCourt-Shipping-and-Delivery-Header.jpg","type":"image\/jpeg"}],"twitter_card":"summary_large_image","twitter_misc":{"Timp estimat pentru citire":"6 minute"},"schema":{"@context":"https:\/\/schema.org","@graph":[{"@type":"WebPage","@id":"https:\/\/oncourt.online\/ro\/shipping-delivery\/","url":"https:\/\/oncourt.online\/ro\/shipping-delivery\/","name":"Informa\u021bii despre Livrare | OnCourt","isPartOf":{"@id":"https:\/\/oncourt.online\/ro\/#website"},"primaryImageOfPage":{"@id":"https:\/\/oncourt.online\/ro\/shipping-delivery\/#primaryimage"},"image":{"@id":"https:\/\/oncourt.online\/ro\/shipping-delivery\/#primaryimage"},"thumbnailUrl":"https:\/\/oncourt.online\/wp-content\/uploads\/2022\/05\/OnCourt-Shipping-and-Delivery-Header.jpg","datePublished":"2022-05-26T13:42:42+00:00","dateModified":"2026-01-09T02:04:24+00:00","description":"Informa\u021bii despre expediere \u0219i livrare, inclusiv metodele de livrare, planificarea accesului, sfaturi de manipulare \u0219i note importante pentru comenzile OnCourt.","breadcrumb":{"@id":"https:\/\/oncourt.online\/ro\/shipping-delivery\/#breadcrumb"},"inLanguage":"ro-RO","potentialAction":[{"@type":"ReadAction","target":["https:\/\/oncourt.online\/ro\/shipping-delivery\/"]}]},{"@type":"ImageObject","inLanguage":"ro-RO","@id":"https:\/\/oncourt.online\/ro\/shipping-delivery\/#primaryimage","url":"https:\/\/oncourt.online\/wp-content\/uploads\/2022\/05\/OnCourt-Shipping-and-Delivery-Header.jpg","contentUrl":"https:\/\/oncourt.online\/wp-content\/uploads\/2022\/05\/OnCourt-Shipping-and-Delivery-Header.jpg","width":1440,"height":498,"caption":"Shipping & Delivery | OnCourt"},{"@type":"BreadcrumbList","@id":"https:\/\/oncourt.online\/ro\/shipping-delivery\/#breadcrumb","itemListElement":[{"@type":"ListItem","position":1,"name":"Home","item":"https:\/\/oncourt.online\/"},{"@type":"ListItem","position":2,"name":"Shipping And Delivery"}]},{"@type":"WebSite","@id":"https:\/\/oncourt.online\/ro\/#website","url":"https:\/\/oncourt.online\/ro\/","name":"OnCourt Online","description":"Terenuri de baschet de \u00eenalt\u0103 performan\u021b\u0103","publisher":{"@id":"https:\/\/oncourt.online\/ro\/#organization"},"potentialAction":[{"@type":"SearchAction","target":{"@type":"EntryPoint","urlTemplate":"https:\/\/oncourt.online\/ro\/?s={search_term_string}"},"query-input":{"@type":"PropertyValueSpecification","valueRequired":true,"valueName":"search_term_string"}}],"inLanguage":"ro-RO"},{"@type":"Organization","@id":"https:\/\/oncourt.online\/ro\/#organization","name":"OnCourt Online","url":"https:\/\/oncourt.online\/ro\/","logo":{"@type":"ImageObject","inLanguage":"ro-RO","@id":"https:\/\/oncourt.online\/ro\/#\/schema\/logo\/image\/","url":"https:\/\/oncourt.online\/wp-content\/uploads\/2021\/12\/Logo_OnCourt_Black.svg","contentUrl":"https:\/\/oncourt.online\/wp-content\/uploads\/2021\/12\/Logo_OnCourt_Black.svg","width":"1024","height":"1024","caption":"OnCourt Online"},"image":{"@id":"https:\/\/oncourt.online\/ro\/#\/schema\/logo\/image\/"},"sameAs":["https:\/\/www.facebook.com\/oncourt.online\/"],"email":"info@oncourt.online"}]}},"_links":{"self":[{"href":"https:\/\/oncourt.online\/ro\/wp-json\/wp\/v2\/pages\/6797","targetHints":{"allow":["GET"]}}],"collection":[{"href":"https:\/\/oncourt.online\/ro\/wp-json\/wp\/v2\/pages"}],"about":[{"href":"https:\/\/oncourt.online\/ro\/wp-json\/wp\/v2\/types\/page"}],"author":[{"embeddable":true,"href":"https:\/\/oncourt.online\/ro\/wp-json\/wp\/v2\/users\/2"}],"replies":[{"embeddable":true,"href":"https:\/\/oncourt.online\/ro\/wp-json\/wp\/v2\/comments?post=6797"}],"version-history":[{"count":0,"href":"https:\/\/oncourt.online\/ro\/wp-json\/wp\/v2\/pages\/6797\/revisions"}],"wp:featuredmedia":[{"embeddable":true,"href":"https:\/\/oncourt.online\/ro\/wp-json\/wp\/v2\/media\/6877"}],"wp:attachment":[{"href":"https:\/\/oncourt.online\/ro\/wp-json\/wp\/v2\/media?parent=6797"}],"curies":[{"name":"wp","href":"https:\/\/api.w.org\/{rel}","templated":true}]}}