{"id":428,"date":"2021-10-22T11:43:33","date_gmt":"2021-10-22T11:43:33","guid":{"rendered":"https:\/\/oncourt.online\/?page_id=428"},"modified":"2026-01-03T03:34:58","modified_gmt":"2026-01-03T03:34:58","slug":"garantie-pe-viata","status":"publish","type":"page","link":"https:\/\/oncourt.online\/ro\/basketball-hoops\/lifetime-warranty\/","title":{"rendered":"Garan\u021bie pe via\u021b\u0103"},"content":{"rendered":"<div class=\"gb-element-118ef599\">\n<div class=\"gb-element-d7eed537\">\n<h2 class=\"gb-headline gb-headline-96ad026f gb-headline-text\">Bun pentru o via\u021b\u0103 \u00eentreag\u0103 de dunk-uri, slam-uri \u0219i jams<\/h2>\n\n\n\n<p class=\"gb-headline gb-headline-78623ab6 gb-headline-text\">Mega Slam Hoops and OnCourt are committed to providing the best residential basketball systems that your money can buy. Mega Slam products are designed to last a lifetime. It makes sense for the warranty to last just as long.<br>Nu ve\u021bi g\u0103si niciuna dintre aceste promisiuni la al\u021bi produc\u0103tori de cercuri. De fapt, noi sus\u021binem sistemele de baschet Mega Slam Hoops \u0219i garant\u0103m performan\u021be excelente pentru o via\u021b\u0103 \u00eentreag\u0103 de joc, chiar \u0219i p\u00e2n\u0103 la piuli\u021be \u0219i \u0219uruburi.<\/p>\n\n\n\n<p class=\"gb-headline gb-headline-c6f59d0a gb-headline-text\"><br><strong>SISTEME DE BASCHET GARAN\u021aIE LIMITAT\u0102 PE VIA\u021a\u0102<\/strong><br>Acoperirea GARAN\u021aIEI LIMITATE PE VIA\u021a\u0102 se extinde numai la Cump\u0103r\u0103torul ini\u021bial cu am\u0103nuntul Consumator c\u0103 Mega Slam Hoops (\"Produsul\") componentele structurale sunt garantate a fi lipsite de defecte de material \u0219i manoper\u0103, sub rezerva limit\u0103rilor descrise mai jos. \"Defecte\" este definit ca imperfec\u021biuni care afecteaz\u0103 utilizarea produsului.<\/p>\n\n\n\n<p>THE LIMITED LIFETIME WARRANTY COVERAGE IS EXTENDED ONLY TO THE ORIGINAL RETAIL PURCHASER AND TERMINATES IF THE ORIGINAL RETAIL PURCHASER OTHERWISE TRANSFERS OR SELLS THE PRODUCT. THIS WARRANTY IS VOID IF THE PRODUCT HAS BEEN DAMAGED BY IMPROPER SERVICE, NEGLIGENCE, ACCIDENT, UNREASONABLE USE, IMPROPER INSTALLATION, OR OTHER CAUSES NOT RESULTING FROM DEFECTS IN MATERIAL AND WORKMANSHIP. <\/p>\n\n\n\n<p>Subject to proper installation in accordance with the installation instructions; normal residential use for glass backboards; normal basketball related activities; and has been maintained in agreement with the instructions.<\/p>\n\n\n\n<p class=\"gb-headline gb-headline-1de06637 gb-headline-text\"><br><strong>CERERI DE GARAN\u021aIE<\/strong><br>Proof of purchase by the original retail Consumer Purchaser is required for all warranty claims.<\/p>\n\n\n\n<p>Mega Sports UK Ltd reserves the right to examine physical evidence or photographs of the Product, or component parts, claimed to be defective, and to recover said Product, prior to authorising a warranty claim. If applicable, a \u201cReturn Merchandise Authorisation\u201d (RMA) number will be required prior to shipping damaged Product by original retail Consumer Purchaser with freight prepaid.<\/p>\n\n\n\n<p>In returning a Product or component part for repair or replacement under this warranty, the original Consumer Purchaser must prepay all shipping transportation, insurance and delivery costs, and the Product or component parts, must be delivered in either its original carton or a similar package affording an equal degree of protection.<\/p>\n\n\n\n<p>Mega Sports UK Ltd will not be responsible for any loss or damage incurred in connection with the return of this Product or component parts.<\/p>\n\n\n\n<p>Garan\u021bia limitat\u0103 pe via\u021b\u0103 nu acoper\u0103 urm\u0103toarele:<\/p>\n\n\n\n<p>Aceast\u0103 garan\u021bie nu se aplic\u0103 niciunui produs care a fost supus utiliz\u0103rii necorespunz\u0103toare, abuzului, utiliz\u0103rii anormale, neglijen\u021bei, modific\u0103rii, accidentului, instal\u0103rii necorespunz\u0103toare, vandalismului sau incendiului.<\/p>\n\n\n\n<p>Vopsea, piese ruginite, zg\u00e2rieturi de suprafa\u021b\u0103, decolorare, decolorare sau fisuri care nu afecteaz\u0103 func\u021bionalitatea produsului.<\/p>\n\n\n\n<p>Daune sau deterior\u0103ri datorate timpului sau uzurii normale.<\/p>\n\n\n\n<p>Daunele cauzate de \"acte de for\u021b\u0103 major\u0103\" includ, dar nu se limiteaz\u0103 la, inunda\u021bii, tornade, grindin\u0103, fulgere, furtuni de nisip, furtuni de v\u00e2nt sau cutremure.<\/p>\n\n\n\n<p>Daunele datorate \"factorilor de mediu\" includ, f\u0103r\u0103 a se limita la ace\u0219tia, precipita\u021bii atmosferice, substan\u021be chimice, stropi de mare sau nisip purtat de v\u00e2nt.<\/p>\n\n\n\n<p>Taxele de transport \u00een ambele sensuri pentru articolele garantate sau \u00eenlocuite trebuie pl\u0103tite \u00een avans de c\u0103tre cump\u0103r\u0103torul original cu am\u0103nuntul.<\/p>\n\n\n\n<p>Cheltuieli de service ale dealerului, cheltuieli de manoper\u0103 sau cheltuieli de deplasare. Toate costurile for\u021bei de munc\u0103, cheltuielile de deplasare \u0219i alte taxe implicate \u00een instalarea, inspec\u021bia, service-ul sau \u00eenlocuirea Produsului sau \u00eenlocuirea pieselor componente vor fi responsabilitatea Cump\u0103r\u0103torului cu am\u0103nuntul ini\u021bial.<\/p>\n\n\n\n<p>ACEAST\u0102 GARAN\u021aIE \u00ceNLOCUIE\u0218TE \u00ceN MOD EXPRES TOATE CELELALTE GARAN\u021aII, EXPRESE SAU IMPLICITE, INCLUSIV, DAR F\u0102R\u0102 A SE LIMITA LA, ORICE GARAN\u021aIE IMPLICIT\u0102 DE VANDABILITATE SAU ADECVARE PENTRU UN ANUMIT SCOP, PRECUM \u0218I TOATE CELELALTE OBLIGA\u021aII DIN PARTEA MEGA SPORTS UK LTD, CU CONDI\u021aIA, TOTU\u0218I, CA, \u00ceN CAZUL \u00ceN CARE RENUN\u021aAREA LA GARAN\u021aIILE IMPLICITE ESTE \u00ceN VIGOARE \u00ceN CONFORMITATE CU LEGISLA\u021aIA APLICABIL\u0102, DURATA ORIC\u0102ROR GARAN\u021aII IMPLICITE CARE REZULT\u0102 PRIN EFECTUL LEGII S\u0102 FIE LIMITAT\u0102 LA UN (1) AN DE LA DATA ACHIZI\u021aIEI SAU LA O PERIOAD\u0102 MAI LUNG\u0102 CARE POATE FI IMPUS\u0102 DE LEGISLA\u021aIA APLICABIL\u0102.<\/p>\n\n\n\n<p>MEGA SPORTS UK LTD HEREBY DISCLAIMS ANY AND ALL LIABILITY FOR CONSEQUENTIAL AND INCIDENTAL DAMAGES ARISING OUT OF OR IN CONNECTION WITH ANY BREACH OF THIS WARRANTY OR ANY OTHER CLAIM WITH RESPECT TO THIS PRODUCT, INCLUDING BUT NOT LIMITED TO, CLAIMS OF NEGLIGENCE, STRICT LIABILITY IN TORT OR BREACH OF CONTRACT.<\/p>\n\n\n\n<p>SOME STATES DO NOT ALLOW (A) LIMITATIONS ON HOW LONG AN IMPLIED WARRANTY LASTS OR (B) THE EXCLUSION OR LIMITATION OF INCIDENTAL OR CONSEQUENTIAL DAMAGES, SO THE ABOVE LIMITATIONS OR EXCLUSIONS MAY NOT APPLY TO YOU. THIS WARRANTY GIVES YOU SPECIFIC LEGAL RIGHTS AND YOU MAY HAVE OTHER RIGHTS WHICH VARY FROM STATE TO STATE.<\/p>\n\n\n\n<p>FOR THE ORIGINAL RETAIL PURCHASER TO SUBMIT A WARRANTY CLAIM, CALL OR WRITE MEGA SLAM HOOPS UK.<\/p>\n\n\n\n<p>TELEFON<br>020 3920 7400<br><br>EMAIL<br>support@megaslamhoops.uk<br>ADRESA PO\u0218TAL\u0102<br><br>Mega Slam Marea Britanie<br>The Hollies, Station Road, Chilbolton<br>Stockbridge, Hampshire<br>Regatul Unit, SO20 6AL<\/p>\n<\/div>\n<\/div>","protected":false},"excerpt":{"rendered":"<p> ... <a title=\"Garan\u021bie pe via\u021b\u0103\" class=\"read-more\" href=\"https:\/\/oncourt.online\/ro\/basketball-hoops\/lifetime-warranty\/\" aria-label=\"Cite\u0219te mai multe despre Lifetime Warranty\">Cite\u0219te mai mult<\/a><\/p>","protected":false},"author":2,"featured_media":362,"parent":34,"menu_order":0,"comment_status":"closed","ping_status":"closed","template":"","meta":{"_acf_changed":false,"inline_featured_image":false,"footnotes":""},"class_list":{"0":"post-428","1":"page","2":"type-page","3":"status-publish","4":"has-post-thumbnail","6":"infinite-scroll-item","7":"no-featured-image-padding","8":"resize-featured-image"},"acf":[],"yoast_head":"<!-- This site is optimized with the Yoast SEO Premium plugin v26.8 (Yoast SEO v27.3) - https:\/\/yoast.com\/product\/yoast-seo-premium-wordpress\/ -->\n<title>Lifetime Warranty - OnCourt Online<\/title>\n<meta name=\"description\" content=\"Mega Slam Hoops and OnCourt are committed to providing the best residential basketball systems that your money can buy.\" \/>\n<meta name=\"robots\" content=\"index, follow, max-snippet:-1, max-image-preview:large, max-video-preview:-1\" \/>\n<link rel=\"canonical\" href=\"https:\/\/oncourt.online\/ro\/cercuri-de-baschet\/garantie-pe-viata\/\" \/>\n<meta property=\"og:locale\" content=\"ro_RO\" \/>\n<meta property=\"og:type\" content=\"article\" \/>\n<meta property=\"og:title\" content=\"Lifetime Warranty\" \/>\n<meta property=\"og:description\" content=\"Mega Slam Hoops and OnCourt are committed to providing the best residential basketball systems that your money can buy.\" \/>\n<meta property=\"og:url\" content=\"https:\/\/oncourt.online\/ro\/cercuri-de-baschet\/garantie-pe-viata\/\" \/>\n<meta property=\"og:site_name\" content=\"OnCourt Online\" \/>\n<meta property=\"article:publisher\" content=\"https:\/\/www.facebook.com\/oncourt.online\/\" \/>\n<meta property=\"article:modified_time\" content=\"2026-01-03T03:34:58+00:00\" \/>\n<meta property=\"og:image\" content=\"https:\/\/oncourt.online\/wp-content\/uploads\/2021\/10\/Mega-Slam-Hoops-Lifetime-Warranty.png\" \/>\n\t<meta property=\"og:image:width\" content=\"300\" \/>\n\t<meta property=\"og:image:height\" content=\"300\" \/>\n\t<meta property=\"og:image:type\" content=\"image\/png\" \/>\n<meta name=\"twitter:card\" content=\"summary_large_image\" \/>\n<meta name=\"twitter:label1\" content=\"Timp estimat pentru citire\" \/>\n\t<meta name=\"twitter:data1\" content=\"4 minute\" \/>\n<!-- \/ Yoast SEO Premium plugin. -->","yoast_head_json":{"title":"Garan\u021bie pe via\u021b\u0103 - OnCourt Online","description":"Mega Slam Hoops \u0219i OnCourt se angajeaz\u0103 s\u0103 ofere cele mai bune sisteme reziden\u021biale de baschet pe care banii le pot cump\u0103ra.","robots":{"index":"index","follow":"follow","max-snippet":"max-snippet:-1","max-image-preview":"max-image-preview:large","max-video-preview":"max-video-preview:-1"},"canonical":"https:\/\/oncourt.online\/ro\/cercuri-de-baschet\/garantie-pe-viata\/","og_locale":"ro_RO","og_type":"article","og_title":"Lifetime Warranty","og_description":"Mega Slam Hoops and OnCourt are committed to providing the best residential basketball systems that your money can buy.","og_url":"https:\/\/oncourt.online\/ro\/cercuri-de-baschet\/garantie-pe-viata\/","og_site_name":"OnCourt Online","article_publisher":"https:\/\/www.facebook.com\/oncourt.online\/","article_modified_time":"2026-01-03T03:34:58+00:00","og_image":[{"width":300,"height":300,"url":"https:\/\/oncourt.online\/wp-content\/uploads\/2021\/10\/Mega-Slam-Hoops-Lifetime-Warranty.png","type":"image\/png"}],"twitter_card":"summary_large_image","twitter_misc":{"Timp estimat pentru citire":"4 minute"},"schema":{"@context":"https:\/\/schema.org","@graph":[{"@type":"WebPage","@id":"https:\/\/oncourt.online\/ro\/basketball-hoops\/lifetime-warranty\/","url":"https:\/\/oncourt.online\/ro\/basketball-hoops\/lifetime-warranty\/","name":"Garan\u021bie pe via\u021b\u0103 - OnCourt Online","isPartOf":{"@id":"https:\/\/oncourt.online\/ro\/#website"},"primaryImageOfPage":{"@id":"https:\/\/oncourt.online\/ro\/basketball-hoops\/lifetime-warranty\/#primaryimage"},"image":{"@id":"https:\/\/oncourt.online\/ro\/basketball-hoops\/lifetime-warranty\/#primaryimage"},"thumbnailUrl":"https:\/\/oncourt.online\/wp-content\/uploads\/2021\/10\/Mega-Slam-Hoops-Lifetime-Warranty.png","datePublished":"2021-10-22T11:43:33+00:00","dateModified":"2026-01-03T03:34:58+00:00","description":"Mega Slam Hoops \u0219i OnCourt se angajeaz\u0103 s\u0103 ofere cele mai bune sisteme reziden\u021biale de baschet pe care banii le pot cump\u0103ra.","breadcrumb":{"@id":"https:\/\/oncourt.online\/ro\/basketball-hoops\/lifetime-warranty\/#breadcrumb"},"inLanguage":"ro-RO","potentialAction":[{"@type":"ReadAction","target":["https:\/\/oncourt.online\/ro\/basketball-hoops\/lifetime-warranty\/"]}]},{"@type":"ImageObject","inLanguage":"ro-RO","@id":"https:\/\/oncourt.online\/ro\/basketball-hoops\/lifetime-warranty\/#primaryimage","url":"https:\/\/oncourt.online\/wp-content\/uploads\/2021\/10\/Mega-Slam-Hoops-Lifetime-Warranty.png","contentUrl":"https:\/\/oncourt.online\/wp-content\/uploads\/2021\/10\/Mega-Slam-Hoops-Lifetime-Warranty.png","width":300,"height":300,"caption":"Mega Slam Hoops - Lifetime Warranty"},{"@type":"BreadcrumbList","@id":"https:\/\/oncourt.online\/ro\/basketball-hoops\/lifetime-warranty\/#breadcrumb","itemListElement":[{"@type":"ListItem","position":1,"name":"Home","item":"https:\/\/oncourt.online\/"},{"@type":"ListItem","position":2,"name":"Basketball Hoops","item":"https:\/\/oncourt.online\/ro\/basketball-hoops\/"},{"@type":"ListItem","position":3,"name":"Lifetime Warranty"}]},{"@type":"WebSite","@id":"https:\/\/oncourt.online\/ro\/#website","url":"https:\/\/oncourt.online\/ro\/","name":"OnCourt Online","description":"Terenuri de baschet de \u00eenalt\u0103 performan\u021b\u0103","publisher":{"@id":"https:\/\/oncourt.online\/ro\/#organization"},"potentialAction":[{"@type":"SearchAction","target":{"@type":"EntryPoint","urlTemplate":"https:\/\/oncourt.online\/ro\/?s={search_term_string}"},"query-input":{"@type":"PropertyValueSpecification","valueRequired":true,"valueName":"search_term_string"}}],"inLanguage":"ro-RO"},{"@type":"Organization","@id":"https:\/\/oncourt.online\/ro\/#organization","name":"OnCourt Online","url":"https:\/\/oncourt.online\/ro\/","logo":{"@type":"ImageObject","inLanguage":"ro-RO","@id":"https:\/\/oncourt.online\/ro\/#\/schema\/logo\/image\/","url":"https:\/\/oncourt.online\/wp-content\/uploads\/2021\/12\/Logo_OnCourt_Black.svg","contentUrl":"https:\/\/oncourt.online\/wp-content\/uploads\/2021\/12\/Logo_OnCourt_Black.svg","width":"1024","height":"1024","caption":"OnCourt Online"},"image":{"@id":"https:\/\/oncourt.online\/ro\/#\/schema\/logo\/image\/"},"sameAs":["https:\/\/www.facebook.com\/oncourt.online\/"],"email":"info@oncourt.online"}]}},"_links":{"self":[{"href":"https:\/\/oncourt.online\/ro\/wp-json\/wp\/v2\/pages\/428","targetHints":{"allow":["GET"]}}],"collection":[{"href":"https:\/\/oncourt.online\/ro\/wp-json\/wp\/v2\/pages"}],"about":[{"href":"https:\/\/oncourt.online\/ro\/wp-json\/wp\/v2\/types\/page"}],"author":[{"embeddable":true,"href":"https:\/\/oncourt.online\/ro\/wp-json\/wp\/v2\/users\/2"}],"replies":[{"embeddable":true,"href":"https:\/\/oncourt.online\/ro\/wp-json\/wp\/v2\/comments?post=428"}],"version-history":[{"count":0,"href":"https:\/\/oncourt.online\/ro\/wp-json\/wp\/v2\/pages\/428\/revisions"}],"up":[{"embeddable":true,"href":"https:\/\/oncourt.online\/ro\/wp-json\/wp\/v2\/pages\/34"}],"wp:featuredmedia":[{"embeddable":true,"href":"https:\/\/oncourt.online\/ro\/wp-json\/wp\/v2\/media\/362"}],"wp:attachment":[{"href":"https:\/\/oncourt.online\/ro\/wp-json\/wp\/v2\/media?parent=428"}],"curies":[{"name":"wp","href":"https:\/\/api.w.org\/{rel}","templated":true}]}}