{"id":3706,"date":"2022-03-08T09:13:55","date_gmt":"2022-03-08T09:13:55","guid":{"rendered":"https:\/\/oncourt.online\/?page_id=3706"},"modified":"2026-01-13T08:00:41","modified_gmt":"2026-01-13T08:00:41","slug":"join-oncourt","status":"publish","type":"page","link":"https:\/\/oncourt.online\/ro\/join-oncourt\/","title":{"rendered":"Lucra\u021bi cu OnCourt"},"content":{"rendered":"<div class=\"gb-container gb-container-c9c919f1\"><div class=\"gb-inside-container\">\n<div class=\"gb-container gb-container-cefabf47\"><div class=\"gb-inside-container\">\n\n<h2 class=\"gb-headline gb-headline-d23b44e5 gb-headline-text\">Colabora\u021bi cu un specialist \u00een terenuri de baschet<\/h2>\n\n\n\n<p class=\"gb-headline gb-headline-b071501e gb-headline-text\">OnCourt colaboreaz\u0103 cu profesioni\u0219ti din \u00eentreaga Europ\u0103 care proiecteaz\u0103, construiesc \u0219i specific\u0103 spa\u021bii sportive exterioare. Programul nostru de Parteneriat este conceput pentru companiile care doresc s\u0103 ofere clien\u021bilor lor terenuri de baschet de \u00eenalt\u0103 performan\u021b\u0103, sus\u021binute de produse specializate, instrumente de planificare precise \u0219i suport de specialitate.<\/p>\n\n\n\n<p class=\"gb-text gb-text-6b40232a\">Nu oper\u0103m ca furnizor general de echipamente sportive. Baschetul este focusul nostru \u0219i colabor\u0103m cu parteneri care apreciaz\u0103 lucrurile f\u0103cute corect.<\/p>\n\n\n\n<h3 class=\"gb-text gb-text-a0baa6e3\">Cu cine lucr\u0103m<\/h3>\n\n\n\n<p>Colabor\u0103m cu companii implicate \u00een construc\u021bii exterioare, design \u0219i suprafe\u021be, inclusiv:<\/p>\n\n\n\n<ul class=\"wp-block-list\">\n<li>Constructori \u0219i antreprenori generali<\/li>\n\n\n\n<li>Designeri de peisaj \u0219i gr\u0103dini<\/li>\n\n\n\n<li>Antreprenori de lucr\u0103ri de terasament \u0219i construc\u021bii civile<\/li>\n\n\n\n<li>Constructori de terenuri sportive \u0219i speciali\u0219ti \u00een recondi\u021bionarea suprafe\u021belor<\/li>\n\n\n\n<li>Arhitec\u021bi \u0219i specificatori<\/li>\n\n\n\n<li>Speciali\u0219ti \u00een spa\u021bii exterioare orientate spre design<\/li>\n<\/ul>\n\n\n\n<p class=\"gb-text gb-text-b726bb2a\">Dac\u0103 activitatea dumneavoastr\u0103 implic\u0103 planificarea sau construc\u021bia spa\u021biilor exterioare \u0219i dori\u021bi s\u0103 ad\u0103uga\u021bi terenuri de baschet \u00een oferta dumneavoastr\u0103, ne-ar face pl\u0103cere s\u0103 v\u0103 auzim.<\/p>\n\n\n\n<div class=\"gb-element-bbf74639\">\n<div>\n<img loading=\"lazy\" decoding=\"async\" width=\"660\" height=\"400\" class=\"img_12px_radius gb-media-76f4f695\" alt=\"\" title=\"OnCourt Modular Basketball Court Surface Installation\" src=\"https:\/\/oncourt.online\/wp-content\/uploads\/2022\/05\/OnCourt-Modular-Basketball-Court-Surface-Installation.jpg\" srcset=\"https:\/\/oncourt.online\/wp-content\/uploads\/2022\/05\/OnCourt-Modular-Basketball-Court-Surface-Installation.jpg 660w, https:\/\/oncourt.online\/wp-content\/uploads\/2022\/05\/OnCourt-Modular-Basketball-Court-Surface-Installation-300x182.jpg 300w, https:\/\/oncourt.online\/wp-content\/uploads\/2022\/05\/OnCourt-Modular-Basketball-Court-Surface-Installation-18x12.jpg 18w, https:\/\/oncourt.online\/wp-content\/uploads\/2022\/05\/OnCourt-Modular-Basketball-Court-Surface-Installation-545x330.jpg 545w\" sizes=\"auto, (max-width: 660px) 100vw, 660px\" \/>\n<\/div>\n\n\n\n<div>\n<h2 class=\"gb-text\">La ce se pot a\u0219tepta partenerii OnCourt<\/h2>\n\n\n\n<p class=\"gb-text last_text\">Acces la instrumente profesionale de proiectare a terenurilor, pre\u021buri preferen\u021biale \u0219i suport specializat pentru a planifica, specifica \u0219i livra terenuri de baschet de \u00eenalt\u0103 performan\u021b\u0103 cu \u00eencredere.<\/p>\n<\/div>\n<\/div>\n\n\n\n<h4 class=\"gb-text\">Instrumente profesionale de design<\/h4>\n\n\n\n<p class=\"gb-text\">Utiliza\u021bi platforma 3D de proiectare a terenurilor de baschet OnCourt pentru a planifica configura\u021bii, a explora scheme de culori, a specifica suprafe\u021be \u0219i panouri \u0219i a genera vizualiz\u0103ri \u0219i pre\u021buri precise pentru propunerile c\u0103tre clien\u021bi.<\/p>\n\n\n\n<h4 class=\"gb-text\">Pre\u021buri comerciale preferen\u021biale<\/h4>\n\n\n\n<p class=\"gb-text\">Partenerii autoriza\u021bi beneficiaz\u0103 de pre\u021buri comerciale pentru suprafe\u021bele modulare de baschet \u0219i panourile Mega Slam, permi\u021b\u00e2nd livrarea de solu\u021bii premium cu marje s\u0103n\u0103toase.<\/p>\n\n\n\n<h4 class=\"gb-text\">Suport tehnic specializat<\/h4>\n\n\n\n<p class=\"gb-text\">Ob\u021bine\u021bi acces direct la \u00eendrum\u0103ri privind configura\u021biile terenului, alegerea suprafe\u021belor, cerin\u021bele de instalare \u0219i compatibilitatea produselor, reduc\u00e2nd incertitudinea \u0219i evit\u00e2nd gre\u0219elile costisitoare pe \u0219antier.<\/p>\n\n\n\n<h4 class=\"gb-text\">Specifica\u021bii clare \u0219i resurse<\/h4>\n\n\n\n<p class=\"gb-text gb-text-46b97fff\">Folosi\u021bi ghidurile \u0219i resursele noastre de planificare pentru a evita presupunerile, a reduce erorile \u0219i a prezenta clien\u021bilor propuneri clare \u0219i sigure.<\/p>\n\n\n\n<div class=\"gb-element-d984cac5\">\n<div>\n<img loading=\"lazy\" decoding=\"async\" width=\"1200\" height=\"960\" class=\"img_12px_radius gb-media-1c57b1fb\" alt=\"\" title=\"Proiectarea unui teren de baschet reziden\u021bial de dimensiuni medii\" src=\"https:\/\/oncourt.online\/wp-content\/uploads\/2025\/12\/Medium-Sized-Residential-Basketball-Court-Design.webp\"\/>\n<\/div>\n\n\n\n<div>\n<h3 class=\"gb-text\">Conceput pentru proiecte reale<\/h3>\n\n\n\n<p>Programul de Parteneriat OnCourt este potrivit pentru profesioni\u0219tii care realizeaz\u0103:<\/p>\n\n\n\n<ul class=\"wp-block-list\">\n<li>Terenuri de baschet reziden\u021biale<\/li>\n\n\n\n<li>Facilit\u0103\u021bi pentru cluburi \u0219i antrenamente<\/li>\n\n\n\n<li>\u0160olske in izobra\u017eevalne prostore<\/li>\n\n\n\n<li>Terenuri exterioare comerciale sau multifunc\u021bionale<\/li>\n<\/ul>\n\n\n\n<p class=\"gb-text last_text\">Sprijinim partenerii care pun accent pe execu\u021bia de calitate \u0219i performan\u021ba pe termen lung.<\/p>\n<\/div>\n<\/div>\n\n\n\n<div class=\"gb-element-f79012eb\">\n<h3 class=\"gb-text gb-text-5da21831\">Aplica\u021bi pentru a deveni partener OnCourt<\/h3>\n\n\n\n<p class=\"gb-text not_last_text\">Dac\u0103 sunte\u021bi interesat s\u0103 colabora\u021bi cu OnCourt, completa\u021bi formularul de solicitare de mai jos. <\/p>\n\n\n\n<p class=\"gb-text gb-text-209ee9ae\">Analiz\u0103m toate aplica\u021biile \u0219i v\u0103 vom contacta pentru a discuta dac\u0103 programul este potrivit pentru afacerea dumneavoastr\u0103.<\/p>\n<\/div>\n\n\n<div class=\"gb-container gb-container-8ddfb2cf\">\n\n\n<div class=\"gb-container gb-container-51a46d57\">\n\n<div class=\"pipedriveWebForms\" data-pd-webforms=\"https:\/\/webforms.pipedrive.com\/f\/6WdPYeIodWpjw4yIXbAWwWdrPuKdvaEcVozX1Kdy1uEl1ivOk9Q3YdoNlGP7wFLZlh\"><script src=\"https:\/\/webforms.pipedrive.com\/f\/loader\"><\/script><\/div>\n\n<\/div>\n\n\n\n\n\n\n\n\n\n\n\n\n\n\n\n\n\n\n\n\n\n\n\n\n<\/div>\n<\/div><\/div>\n<\/div><\/div>","protected":false},"excerpt":{"rendered":"<p> ... <a title=\"Lucra\u021bi cu OnCourt\" class=\"read-more\" href=\"https:\/\/oncourt.online\/ro\/join-oncourt\/\" aria-label=\"Cite\u0219te mai multe despre Work With OnCourt\">Cite\u0219te mai mult<\/a><\/p>","protected":false},"author":2,"featured_media":7048,"parent":0,"menu_order":13,"comment_status":"closed","ping_status":"closed","template":"","meta":{"_acf_changed":false,"inline_featured_image":false,"footnotes":""},"class_list":{"0":"post-3706","1":"page","2":"type-page","3":"status-publish","4":"has-post-thumbnail","6":"infinite-scroll-item","7":"no-featured-image-padding","8":"resize-featured-image"},"acf":[],"yoast_head":"<!-- This site is optimized with the Yoast SEO Premium plugin v26.8 (Yoast SEO v27.3) - https:\/\/yoast.com\/product\/yoast-seo-premium-wordpress\/ -->\n<title>OnCourt Partners | Trade Pricing &amp; Basketball Court Design Tools<\/title>\n<meta name=\"description\" content=\"Partner with OnCourt. Work with a specialist basketball court supplier. Design tools, trade pricing, and support for residential &amp; commercial projects.\" \/>\n<meta name=\"robots\" content=\"index, follow, max-snippet:-1, max-image-preview:large, max-video-preview:-1\" \/>\n<link rel=\"canonical\" href=\"https:\/\/oncourt.online\/ro\/join-oncourt\/\" \/>\n<meta property=\"og:locale\" content=\"ro_RO\" \/>\n<meta property=\"og:type\" content=\"article\" \/>\n<meta property=\"og:title\" content=\"Work With OnCourt\" \/>\n<meta property=\"og:description\" content=\"Partner with OnCourt. Work with a specialist basketball court supplier. Design tools, trade pricing, and support for residential &amp; commercial projects.\" \/>\n<meta property=\"og:url\" content=\"https:\/\/oncourt.online\/ro\/join-oncourt\/\" \/>\n<meta property=\"og:site_name\" content=\"OnCourt Online\" \/>\n<meta property=\"article:publisher\" content=\"https:\/\/www.facebook.com\/oncourt.online\/\" \/>\n<meta property=\"article:modified_time\" content=\"2026-01-13T08:00:41+00:00\" \/>\n<meta property=\"og:image\" content=\"https:\/\/oncourt.online\/wp-content\/uploads\/2022\/05\/OnCourt-Modular-Basketball-Court-Surface-Installation.jpg\" \/>\n\t<meta property=\"og:image:width\" content=\"660\" \/>\n\t<meta property=\"og:image:height\" content=\"400\" \/>\n\t<meta property=\"og:image:type\" content=\"image\/jpeg\" \/>\n<meta name=\"twitter:card\" content=\"summary_large_image\" \/>\n<meta name=\"twitter:label1\" content=\"Timp estimat pentru citire\" \/>\n\t<meta name=\"twitter:data1\" content=\"3 minute\" \/>\n<!-- \/ Yoast SEO Premium plugin. -->","yoast_head_json":{"title":"Parteneri OnCourt | Pre\u021buri Comerciale \u0219i Instrumente de Proiectare pentru Terenuri de Baschet","description":"Deveni\u021bi partener OnCourt. Colabora\u021bi cu un furnizor specializat \u00een terenuri de baschet. Instrumente de proiectare, pre\u021buri comerciale \u0219i suport pentru proiecte reziden\u021biale \u0219i comerciale.","robots":{"index":"index","follow":"follow","max-snippet":"max-snippet:-1","max-image-preview":"max-image-preview:large","max-video-preview":"max-video-preview:-1"},"canonical":"https:\/\/oncourt.online\/ro\/join-oncourt\/","og_locale":"ro_RO","og_type":"article","og_title":"Work With OnCourt","og_description":"Partner with OnCourt. Work with a specialist basketball court supplier. Design tools, trade pricing, and support for residential & commercial projects.","og_url":"https:\/\/oncourt.online\/ro\/join-oncourt\/","og_site_name":"OnCourt Online","article_publisher":"https:\/\/www.facebook.com\/oncourt.online\/","article_modified_time":"2026-01-13T08:00:41+00:00","og_image":[{"width":660,"height":400,"url":"https:\/\/oncourt.online\/wp-content\/uploads\/2022\/05\/OnCourt-Modular-Basketball-Court-Surface-Installation.jpg","type":"image\/jpeg"}],"twitter_card":"summary_large_image","twitter_misc":{"Timp estimat pentru citire":"3 minute"},"schema":{"@context":"https:\/\/schema.org","@graph":[{"@type":"WebPage","@id":"https:\/\/oncourt.online\/ro\/join-oncourt\/","url":"https:\/\/oncourt.online\/ro\/join-oncourt\/","name":"Parteneri OnCourt | Pre\u021buri Comerciale \u0219i Instrumente de Proiectare pentru Terenuri de Baschet","isPartOf":{"@id":"https:\/\/oncourt.online\/ro\/#website"},"primaryImageOfPage":{"@id":"https:\/\/oncourt.online\/ro\/join-oncourt\/#primaryimage"},"image":{"@id":"https:\/\/oncourt.online\/ro\/join-oncourt\/#primaryimage"},"thumbnailUrl":"https:\/\/oncourt.online\/wp-content\/uploads\/2022\/05\/OnCourt-Modular-Basketball-Court-Surface-Installation.jpg","datePublished":"2022-03-08T09:13:55+00:00","dateModified":"2026-01-13T08:00:41+00:00","description":"Deveni\u021bi partener OnCourt. Colabora\u021bi cu un furnizor specializat \u00een terenuri de baschet. Instrumente de proiectare, pre\u021buri comerciale \u0219i suport pentru proiecte reziden\u021biale \u0219i comerciale.","breadcrumb":{"@id":"https:\/\/oncourt.online\/ro\/join-oncourt\/#breadcrumb"},"inLanguage":"ro-RO","potentialAction":[{"@type":"ReadAction","target":["https:\/\/oncourt.online\/ro\/join-oncourt\/"]}]},{"@type":"ImageObject","inLanguage":"ro-RO","@id":"https:\/\/oncourt.online\/ro\/join-oncourt\/#primaryimage","url":"https:\/\/oncourt.online\/wp-content\/uploads\/2022\/05\/OnCourt-Modular-Basketball-Court-Surface-Installation.jpg","contentUrl":"https:\/\/oncourt.online\/wp-content\/uploads\/2022\/05\/OnCourt-Modular-Basketball-Court-Surface-Installation.jpg","width":660,"height":400},{"@type":"BreadcrumbList","@id":"https:\/\/oncourt.online\/ro\/join-oncourt\/#breadcrumb","itemListElement":[{"@type":"ListItem","position":1,"name":"Home","item":"https:\/\/oncourt.online\/"},{"@type":"ListItem","position":2,"name":"Work With OnCourt"}]},{"@type":"WebSite","@id":"https:\/\/oncourt.online\/ro\/#website","url":"https:\/\/oncourt.online\/ro\/","name":"OnCourt Online","description":"Terenuri de baschet de \u00eenalt\u0103 performan\u021b\u0103","publisher":{"@id":"https:\/\/oncourt.online\/ro\/#organization"},"potentialAction":[{"@type":"SearchAction","target":{"@type":"EntryPoint","urlTemplate":"https:\/\/oncourt.online\/ro\/?s={search_term_string}"},"query-input":{"@type":"PropertyValueSpecification","valueRequired":true,"valueName":"search_term_string"}}],"inLanguage":"ro-RO"},{"@type":"Organization","@id":"https:\/\/oncourt.online\/ro\/#organization","name":"OnCourt Online","url":"https:\/\/oncourt.online\/ro\/","logo":{"@type":"ImageObject","inLanguage":"ro-RO","@id":"https:\/\/oncourt.online\/ro\/#\/schema\/logo\/image\/","url":"https:\/\/oncourt.online\/wp-content\/uploads\/2021\/12\/Logo_OnCourt_Black.svg","contentUrl":"https:\/\/oncourt.online\/wp-content\/uploads\/2021\/12\/Logo_OnCourt_Black.svg","width":"1024","height":"1024","caption":"OnCourt Online"},"image":{"@id":"https:\/\/oncourt.online\/ro\/#\/schema\/logo\/image\/"},"sameAs":["https:\/\/www.facebook.com\/oncourt.online\/"],"email":"info@oncourt.online"}]}},"_links":{"self":[{"href":"https:\/\/oncourt.online\/ro\/wp-json\/wp\/v2\/pages\/3706","targetHints":{"allow":["GET"]}}],"collection":[{"href":"https:\/\/oncourt.online\/ro\/wp-json\/wp\/v2\/pages"}],"about":[{"href":"https:\/\/oncourt.online\/ro\/wp-json\/wp\/v2\/types\/page"}],"author":[{"embeddable":true,"href":"https:\/\/oncourt.online\/ro\/wp-json\/wp\/v2\/users\/2"}],"replies":[{"embeddable":true,"href":"https:\/\/oncourt.online\/ro\/wp-json\/wp\/v2\/comments?post=3706"}],"version-history":[{"count":1,"href":"https:\/\/oncourt.online\/ro\/wp-json\/wp\/v2\/pages\/3706\/revisions"}],"predecessor-version":[{"id":17261,"href":"https:\/\/oncourt.online\/ro\/wp-json\/wp\/v2\/pages\/3706\/revisions\/17261"}],"wp:featuredmedia":[{"embeddable":true,"href":"https:\/\/oncourt.online\/ro\/wp-json\/wp\/v2\/media\/7048"}],"wp:attachment":[{"href":"https:\/\/oncourt.online\/ro\/wp-json\/wp\/v2\/media?parent=3706"}],"curies":[{"name":"wp","href":"https:\/\/api.w.org\/{rel}","templated":true}]}}