{"id":6797,"date":"2022-05-26T13:42:42","date_gmt":"2022-05-26T13:42:42","guid":{"rendered":"https:\/\/oncourt.online\/?page_id=6797"},"modified":"2026-01-09T02:04:24","modified_gmt":"2026-01-09T02:04:24","slug":"expedicao-entrega","status":"publish","type":"page","link":"https:\/\/oncourt.online\/pt\/shipping-delivery\/","title":{"rendered":"Envio e entrega"},"content":{"rendered":"<div class=\"gb-container gb-container-f34a8199\">\n<div class=\"gb-container gb-container-235943a7\">\n\n<h2 class=\"gb-headline gb-headline-88ee416e gb-headline-text\">Pol\u00edtica de envio da OnCourt Online<\/h2>\n\n\n\n<p class=\"gb-headline gb-headline-0924883b gb-headline-text not_last_text\">O envio e a entrega da OnCourt dependem dos produtos selecionados. Ao adquirir um kit de campo, a tabela e os componentes s\u00e3o enviados o mais rapidamente poss\u00edvel para que possam ser inclu\u00eddos na constru\u00e7\u00e3o da sub-base. As superf\u00edcies do campo s\u00e3o produzidas e enviadas ap\u00f3s a prepara\u00e7\u00e3o, que atualmente demora 10\u201312 semanas. <\/p>\n\n\n\n<p class=\"gb-text not_last_text\">A disponibilidade de entrega varia consoante o pa\u00eds. Apenas enviamos para regi\u00f5es selecionadas apresentadas no checkout.<\/p>\n\n\n\n<p>Se o seu pa\u00eds n\u00e3o estiver listado e estiver a planear um projeto de campo de basquetebol, contacte-nos para avaliar a viabilidade. A disponibilidade \u00e9 analisada caso a caso. <\/p>\n\n\n\n<h3 class=\"gb-headline gb-headline-3e94b795 gb-headline-text\">Superf\u00edcies desportivas modulares entregues prontas para instala\u00e7\u00e3o Plug &amp; Play<\/h3>\n\n\n\n<p class=\"gb-headline gb-headline-e71567d7 gb-headline-text not_last_text\">As superf\u00edcies dos campos s\u00e3o enviadas em pacotes prontos para instala\u00e7\u00e3o simples por conta pr\u00f3pria. Cada campo \u00e9 paletizado, com placas numeradas e um mapa de refer\u00eancia (As entregas residenciais s\u00e3o feitas \u00e0 porta da rua).<\/p>\n\n\n\n<p class=\"translation-block\">Cada campo desportivo modular \u00e9 fabricado por encomenda, <strong>com um prazo de produ\u00e7\u00e3o de aproximadamente<\/strong> <strong>10\u201312 semanas<\/strong> ap\u00f3s a confirma\u00e7\u00e3o da encomenda. Os prazos de entrega variam consoante a localiza\u00e7\u00e3o e, ap\u00f3s o envio, receber\u00e1 uma atualiza\u00e7\u00e3o com a data estimada de chegada e o acompanhamento (ativo ap\u00f3s o desalfandegamento no pa\u00eds de destino). Todos os direitos e taxas s\u00e3o pr\u00e9-pagos e as entregas s\u00e3o efetuadas em regime DDP (Delivered Duty Paid), sem custos ocultos.<\/p>\n\n\n<div class=\"gb-container gb-container-cfce094b\">\n\n<h2 class=\"gb-text\">Envio do produto<\/h2>\n\n\n\n<p>Unless otherwise stated, all orders from OnCourt are shipped via trusted common carriers. Products are dispatched brand new and in good condition, as advertised. Basketball systems are delivered via <strong>Curbside Delivery<\/strong>, which means your order will be delivered to the curb at the end of your driveway. Please note this service <strong>does not include installation, assembly, or packaging removal<\/strong>.<\/p>\n\n\n\n<h3 class=\"gb-headline gb-headline-bce52be2 gb-headline-text\">Altera\u00e7\u00f5es de morada ap\u00f3s o envio<\/h3>\n\n\n\n<p>Se a morada de entrega for alterada ap\u00f3s a recolha da expedi\u00e7\u00e3o pelo transportador rodovi\u00e1rio, isso ser\u00e1 considerado uma reexpedi\u00e7\u00e3o e estar\u00e3o sujeitos a custos adicionais.<\/p>\n\n\n\n<h3 class=\"gb-headline gb-headline-ab76306c gb-headline-text\">Delivery Schedule<\/h3>\n\n\n\n<p class=\"translation-block\">As entregas s\u00e3o normalmente efetuadas <strong>de segunda a sexta-feira, entre as 08:00 e as 18:00<\/strong>. Os hor\u00e1rios podem variar consoante a sua localiza\u00e7\u00e3o, a rota do motorista e fatores imprevistos como tr\u00e2nsito ou condi\u00e7\u00f5es meteorol\u00f3gicas.<\/p>\n\n\n\n<h3 class=\"gb-headline gb-headline-d3e65b23 gb-headline-text\">Ve\u00edculo de entrega e acesso<\/h3>\n\n\n\n<p class=\"gb-text not_last_text translation-block\">As encomendas de retalho s\u00e3o entregues por <strong>ve\u00edculos de grande porte (ex.: cami\u00e3o articulado)<\/strong> e normalmente incluem uma <strong>plataforma elevat\u00f3ria hidr\u00e1ulica<\/strong>. O motorista \u00e9 respons\u00e1vel pela descarga do produto e pela sua coloca\u00e7\u00e3o junto ao passeio. Caso sejam realizados servi\u00e7os de entrega adicionais, poder\u00e3o ser aplicados custos extra.<\/p>\n\n\n\n<p class=\"translation-block\">Verifique cuidadosamente o comprovativo de entrega para garantir que <strong>n\u00e3o foram efetuados servi\u00e7os adicionais<\/strong>. Caso tenham sido, a OnCourt reserva-se o direito de <strong>repassar esses custos<\/strong>.<\/p>\n\n\n\n<h3 class=\"wp-block-heading\" id=\"h-delivery-signature-amp-inspection\">Assinatura e inspe\u00e7\u00e3o na entrega<\/h3>\n\n\n\n<p class=\"gb-text not_last_text translation-block\">\u00c9 necess\u00e1ria uma <strong>assinatura<\/strong> no momento da entrega. A embalagem deve ser inspecionada <strong>antes de assinar<\/strong>. Se necess\u00e1rio, pode abrir a caixa para verificar o estado do conte\u00fado, especialmente os <strong>pain\u00e9is de vidro<\/strong>, que s\u00e3o mais vulner\u00e1veis durante o transporte.<\/p>\n\n\n\n<p>Se alguma parte da remessa aparentar estar danificada:<\/p>\n\n\n\n<ul class=\"wp-block-list\">\n<li><strong>Do not refuse delivery.<\/strong><\/li>\n\n\n\n<li>Make clear notes on the delivery receipt describing the issue (e.g., <em>&#8220;Backboard shattered at time of delivery&#8221;<\/em>).<\/li>\n\n\n\n<li>Take clear <strong>photos of the damage<\/strong>.<\/li>\n\n\n\n<li>Email the signed receipt and photos to our support team and we\u2019ll send a <strong>replacement part<\/strong> immediately.<\/li>\n<\/ul>\n\n\n\n<p class=\"gb-text not_last_text\">In the meantime, you can continue with any setup steps that are unaffected (e.g., setting anchors and allowing concrete to cure).<\/p>\n\n\n\n<p>A signature is required for all deliveries. Receiver will be required to sign a delivery receipt and delivery will not occur without it.<\/p>\n\n\n\n<h3 class=\"gb-headline gb-headline-7838bbbd gb-headline-text\">Important Notes on Delivery<\/h3>\n\n\n\n<ul class=\"wp-block-list\">\n<li>All items leave our warehouse <strong>brand new and undamaged<\/strong>.<\/li>\n\n\n\n<li>If damage is not reported on the delivery receipt, you <strong>release the carrier from liability<\/strong> and may not be able to claim compensation.<\/li>\n\n\n\n<li><strong>Tempered glass<\/strong> does not crack \u2014 it shatters. If your backboard is broken, it will be in <strong>many small pieces<\/strong>, not cracked.<\/li>\n<\/ul>\n\n\n\n<p>For your protection, <strong>write \u201cSubject to Inspection\u201d next to your signature<\/strong> when signing for delivery.<\/p>\n\n\n\n<h3 class=\"gb-headline gb-headline-dd213a82 gb-headline-text\">Delivery Access<\/h3>\n\n\n\n<p>If your location cannot be accessed by a large delivery vehicle (e.g. narrow roads, steep drives, gated communities), you may need to:<\/p>\n\n\n\n<ul class=\"wp-block-list\">\n<li>Collect your order from a local terminal, or<\/li>\n\n\n\n<li>Arrange final delivery through a third-party courier.<\/li>\n<\/ul>\n\n\n\n<h3 class=\"gb-headline gb-headline-f4f6c8ad gb-headline-text\">Undeliverable Orders<\/h3>\n\n\n\n<p>If a shipment is returned as <strong>Undeliverable<\/strong> or <strong>Refused<\/strong>, a <strong>20% restocking fee<\/strong> will apply, and you will be responsible for any original shipping costs.<\/p>\n\n<\/div>\n\n\n<h3 class=\"gb-headline gb-headline-77bdb557 gb-headline-text\">Envio e alf\u00e2ndega (encomendas fora da UE)<\/h3>\n\n\n\n<p class=\"gb-headline gb-headline-f02c1b4c gb-headline-text\">Para todas as encomendas enviadas <strong>fora da Uni\u00e3o Europeia<\/strong>:<\/p>\n\n\n\n<ul class=\"wp-block-list\">\n<li>Os pre\u00e7os apresentados no checkout n\u00e3o incluem impostos locais, direitos de importa\u00e7\u00e3o ou taxas de desembara\u00e7o aduaneiro.<\/li>\n\n\n\n<li>Voc\u00ea \u00e9 o importador registrado e \u00e9 o \u00fanico respons\u00e1vel por quaisquer encargos na entrega.<\/li>\n\n\n\n<li>A OnCourt n\u00e3o recolhe nem remete IVA\/GST, direitos de importa\u00e7\u00e3o ou taxas alfandeg\u00e1rias para destinos fora da UE.<\/li>\n\n\n\n<li>Se as taxas forem recusadas ou n\u00e3o pagas, isso poder\u00e1 resultar em atrasos, devolu\u00e7\u00e3o ou abandono da remessa. A OnCourt n\u00e3o se responsabiliza por quaisquer custos ou perdas resultantes e n\u00e3o reembolsar\u00e1 as despesas de envio ou do produto nesses casos.<\/li>\n<\/ul>\n\n\n\n<p>Ao concluir a sua compra, reconhece e aceita estas condi\u00e7\u00f5es.<\/p>\n\n<\/div>\n<\/div>\n\n<div class=\"gb-container gb-container-aedea16a\" id=\"megaslam-shipping\">\n<div class=\"gb-container gb-container-492b5ca3\">\n\n<h2 class=\"gb-headline gb-headline-65d8dcc4 gb-headline-text\">Entrega Suave do Seu Mega Slam Hoop <\/h2>\n\n\n\n<p class=\"gb-headline gb-headline-880344a0 gb-headline-text\">Ao encomendar em oncourt.online, entregamos o aro diretamente no passeio \u2013 diretamente do nosso armaz\u00e9m, do cami\u00e3o at\u00e9 \u00e0 sua porta. Use a nossa lista de verifica\u00e7\u00e3o com 5 pontos para garantir uma entrega tranquila do seu <a href=\"https:\/\/oncourt.online\/pt\/cestos-de-basquetebol\/\"><em><strong>Mega Slam Hoop<\/strong><\/em><\/a>. <\/p>\n\n\n\n<figure class=\"wp-block-image size-full is-resized\"><img loading=\"lazy\" decoding=\"async\" width=\"600\" height=\"600\" src=\"https:\/\/oncourt.online\/wp-content\/uploads\/2021\/10\/Mega-Slam-Hoop-s-Order-Confirmation.png\" alt=\"Mega Slam Hoops - Confirma\u00e7\u00e3o de encomenda\" class=\"wp-image-422\" style=\"width:150px;height:auto\" srcset=\"https:\/\/oncourt.online\/wp-content\/uploads\/2021\/10\/Mega-Slam-Hoop-s-Order-Confirmation.png 600w, https:\/\/oncourt.online\/wp-content\/uploads\/2021\/10\/Mega-Slam-Hoop-s-Order-Confirmation-100x100.png 100w, https:\/\/oncourt.online\/wp-content\/uploads\/2021\/10\/Mega-Slam-Hoop-s-Order-Confirmation-545x545.png 545w\" sizes=\"auto, (max-width: 600px) 100vw, 600px\" \/><\/figure>\n\n\n\n<h4 class=\"gb-headline gb-headline-8536b972 gb-headline-text\">1. Confirme a sua encomenda<\/h4>\n\n\n\n<p class=\"gb-headline gb-headline-9f1a5517 gb-headline-text\">Parab\u00e9ns pela compra do seu novo aro! Verifique o seu e-mail para os detalhes da encomenda. <\/p>\n\n\n\n<figure class=\"wp-block-image size-full is-resized\"><img loading=\"lazy\" decoding=\"async\" width=\"600\" height=\"600\" src=\"https:\/\/oncourt.online\/wp-content\/uploads\/2021\/10\/Mega-Slam-Hoops-Arrange-Delivery.png\" alt=\"Mega Slam Hoops - Organizar a entrega\" class=\"wp-image-419\" style=\"width:150px;height:150px\" srcset=\"https:\/\/oncourt.online\/wp-content\/uploads\/2021\/10\/Mega-Slam-Hoops-Arrange-Delivery.png 600w, https:\/\/oncourt.online\/wp-content\/uploads\/2021\/10\/Mega-Slam-Hoops-Arrange-Delivery-100x100.png 100w, https:\/\/oncourt.online\/wp-content\/uploads\/2021\/10\/Mega-Slam-Hoops-Arrange-Delivery-545x545.png 545w\" sizes=\"auto, (max-width: 600px) 100vw, 600px\" \/><\/figure>\n\n\n\n<h4 class=\"gb-headline gb-headline-9bfe8bb5 gb-headline-text\">2. Expedi\u00e7\u00e3o e entrega <\/h4>\n\n\n\n<p class=\"gb-headline gb-headline-290fa9d6 gb-headline-text\">Receber\u00e1 uma confirma\u00e7\u00e3o do envio da sua encomenda, incluindo o prazo de entrega estimado. <\/p>\n\n\n\n<figure class=\"wp-block-image size-full is-resized\"><img loading=\"lazy\" decoding=\"async\" width=\"600\" height=\"600\" src=\"https:\/\/oncourt.online\/wp-content\/uploads\/2021\/10\/Mega-Slam-Hoops-Curbside-Delivery.png\" alt=\"Mega Slam Hoops - Entrega de Curbside\" class=\"wp-image-420\" style=\"width:150px;height:150px\" srcset=\"https:\/\/oncourt.online\/wp-content\/uploads\/2021\/10\/Mega-Slam-Hoops-Curbside-Delivery.png 600w, https:\/\/oncourt.online\/wp-content\/uploads\/2021\/10\/Mega-Slam-Hoops-Curbside-Delivery-100x100.png 100w, https:\/\/oncourt.online\/wp-content\/uploads\/2021\/10\/Mega-Slam-Hoops-Curbside-Delivery-545x545.png 545w\" sizes=\"auto, (max-width: 600px) 100vw, 600px\" \/><\/figure>\n\n\n\n<h4 class=\"gb-headline gb-headline-111f7f0a gb-headline-text\">3. Reserve espa\u00e7o para o seu aro<\/h4>\n\n\n\n<p class=\"gb-headline gb-headline-cdd4e7d1 gb-headline-text\">Os sistemas de basquetebol Mega Slam s\u00e3o grandes (at\u00e9 340 kg) e a palete de envio ocupa bastante espa\u00e7o na entrega (As encomendas residenciais s\u00e3o entregues \u00e0 porta da rua).<\/p>\n\n\n\n<figure class=\"wp-block-image size-full is-resized\"><img loading=\"lazy\" decoding=\"async\" width=\"600\" height=\"600\" src=\"https:\/\/oncourt.online\/wp-content\/uploads\/2021\/10\/Mega-Slam-Shipping-Boxes.png\" alt=\"Caixas de embarque Mega Slam\" class=\"wp-image-421\" style=\"width:150px;height:150px\" srcset=\"https:\/\/oncourt.online\/wp-content\/uploads\/2021\/10\/Mega-Slam-Shipping-Boxes.png 600w, https:\/\/oncourt.online\/wp-content\/uploads\/2021\/10\/Mega-Slam-Shipping-Boxes-100x100.png 100w, https:\/\/oncourt.online\/wp-content\/uploads\/2021\/10\/Mega-Slam-Shipping-Boxes-545x545.png 545w\" sizes=\"auto, (max-width: 600px) 100vw, 600px\" \/><\/figure>\n\n\n\n<h4 class=\"gb-headline gb-headline-c4d17918 gb-headline-text\">4. Verifique a entrega do seu aro<\/h4>\n\n\n\n<p class=\"gb-headline gb-headline-b333a103 gb-headline-text\">Conforme o tamanho do seu pedido, certifique-se de que o n\u00famero correto de caixas est\u00e1 fixado em cada palete (cada sistema \u00e9 enviado numa \u00fanica palete com caixas claramente numeradas). N\u00e3o se preocupe se algumas caixas estiverem amassadas ou rasgadas \u2014 os nossos sistemas s\u00e3o resistentes e suportam danos leves. <\/p>\n\n\n\n<figure class=\"wp-block-image size-full is-resized\"><img loading=\"lazy\" decoding=\"async\" width=\"600\" height=\"600\" src=\"https:\/\/oncourt.online\/wp-content\/uploads\/2021\/10\/Mega-Slam-Hoops-Signed-Delivery.png\" alt=\"Mega Slam Hoops - Entrega Assinada\" class=\"wp-image-417\" style=\"width:150px;height:150px\" srcset=\"https:\/\/oncourt.online\/wp-content\/uploads\/2021\/10\/Mega-Slam-Hoops-Signed-Delivery.png 600w, https:\/\/oncourt.online\/wp-content\/uploads\/2021\/10\/Mega-Slam-Hoops-Signed-Delivery-100x100.png 100w, https:\/\/oncourt.online\/wp-content\/uploads\/2021\/10\/Mega-Slam-Hoops-Signed-Delivery-545x545.png 545w\" sizes=\"auto, (max-width: 600px) 100vw, 600px\" \/><\/figure>\n\n\n\n<h4 class=\"gb-headline gb-headline-f3ff4626 gb-headline-text\">5. Assine para confirmar a entrega<\/h4>\n\n\n\n<p class=\"gb-headline gb-headline-0e5ad3a7 gb-headline-text\">O seu entregador solicitar\u00e1 agora uma assinatura para entregar o seu sistema de basquetebol. Se houver danos vis\u00edveis nas caixas (ou no sistema), anote-os na guia de entrega e tire fotografias antes de assinar.<br>Se algum item estiver danificado, aceite a entrega e entre em contato conosco imediatamente. Inclua fotos no e-mail e aceleraremos o envio das pe\u00e7as de substitui\u00e7\u00e3o. <\/p>\n\n\n\n<figure class=\"wp-block-image size-full is-resized\"><img loading=\"lazy\" decoding=\"async\" width=\"750\" height=\"750\" src=\"https:\/\/oncourt.online\/wp-content\/uploads\/2021\/10\/MegaDlam-Installation-Dig-and-Pour.png\" alt=\"\" class=\"wp-image-319\" style=\"width:188px;height:188px\" srcset=\"https:\/\/oncourt.online\/wp-content\/uploads\/2021\/10\/MegaDlam-Installation-Dig-and-Pour.png 750w, https:\/\/oncourt.online\/wp-content\/uploads\/2021\/10\/MegaDlam-Installation-Dig-and-Pour-100x100.png 100w, https:\/\/oncourt.online\/wp-content\/uploads\/2021\/10\/MegaDlam-Installation-Dig-and-Pour-545x545.png 545w\" sizes=\"auto, (max-width: 750px) 100vw, 750px\" \/><\/figure>\n\n\n\n<h3 class=\"gb-headline gb-headline-a22b1bbf gb-headline-text\">Instala\u00e7\u00e3o<\/h3>\n\n\n\n<p class=\"gb-headline gb-headline-507bcc99 gb-headline-text\">Assim que o aro for entregue, \u00e9 hora de<a href=\"https:\/\/oncourt.online\/pt\/guias\/instalacao\/guia-instalacao-tabela-basquetebol\/\"> <em><strong>instalar o seu Mega Slam Hoop<\/strong><\/em><\/a>.<\/p>\n\n<\/div>\n<\/div>","protected":false},"excerpt":{"rendered":"<p> &#8230; <a title=\"Envio e entrega\" class=\"read-more\" href=\"https:\/\/oncourt.online\/pt\/shipping-delivery\/\" aria-label=\"Leia mais sobre Shipping And Delivery\">Leia mais<\/a><\/p>","protected":false},"author":2,"featured_media":6877,"parent":0,"menu_order":24,"comment_status":"closed","ping_status":"closed","template":"","meta":{"_acf_changed":false,"inline_featured_image":false,"footnotes":""},"class_list":{"0":"post-6797","1":"page","2":"type-page","3":"status-publish","4":"has-post-thumbnail","6":"infinite-scroll-item","7":"no-featured-image-padding","8":"resize-featured-image"},"acf":[],"yoast_head":"<!-- This site is optimized with the Yoast SEO Premium plugin v26.8 (Yoast SEO v27.3) - https:\/\/yoast.com\/product\/yoast-seo-premium-wordpress\/ -->\n<title>Shipping &amp; Delivery Information | OnCourt<\/title>\n<meta name=\"description\" content=\"Shipping and delivery information, including delivery methods, access planning, handling advice, and important notes for OnCourt orders.\" \/>\n<meta name=\"robots\" content=\"index, follow, max-snippet:-1, max-image-preview:large, max-video-preview:-1\" \/>\n<link rel=\"canonical\" href=\"https:\/\/oncourt.online\/pt\/expedicao-entrega\/\" \/>\n<meta property=\"og:locale\" content=\"pt_PT\" \/>\n<meta property=\"og:type\" content=\"article\" \/>\n<meta property=\"og:title\" content=\"Shipping And Delivery\" \/>\n<meta property=\"og:description\" content=\"Shipping and delivery information, including delivery methods, access planning, handling advice, and important notes for OnCourt orders.\" \/>\n<meta property=\"og:url\" content=\"https:\/\/oncourt.online\/pt\/expedicao-entrega\/\" \/>\n<meta property=\"og:site_name\" content=\"OnCourt Online\" \/>\n<meta property=\"article:publisher\" content=\"https:\/\/www.facebook.com\/oncourt.online\/\" \/>\n<meta property=\"article:modified_time\" content=\"2026-01-09T02:04:24+00:00\" \/>\n<meta property=\"og:image\" content=\"https:\/\/oncourt.online\/wp-content\/uploads\/2022\/05\/OnCourt-Shipping-and-Delivery-Header.jpg\" \/>\n\t<meta property=\"og:image:width\" content=\"1440\" \/>\n\t<meta property=\"og:image:height\" content=\"498\" \/>\n\t<meta property=\"og:image:type\" content=\"image\/jpeg\" \/>\n<meta name=\"twitter:card\" content=\"summary_large_image\" \/>\n<meta name=\"twitter:label1\" content=\"Tempo estimado de leitura\" \/>\n\t<meta name=\"twitter:data1\" content=\"6 minutos\" \/>\n<!-- \/ Yoast SEO Premium plugin. -->","yoast_head_json":{"title":"Informa\u00e7\u00f5es de Envio e Entrega | OnCourt","description":"Informa\u00e7\u00f5es de envio e entrega, incluindo m\u00e9todos de entrega, planeamento de acesso, conselhos de manuseamento e notas importantes para encomendas OnCourt.","robots":{"index":"index","follow":"follow","max-snippet":"max-snippet:-1","max-image-preview":"max-image-preview:large","max-video-preview":"max-video-preview:-1"},"canonical":"https:\/\/oncourt.online\/pt\/expedicao-entrega\/","og_locale":"pt_PT","og_type":"article","og_title":"Shipping And Delivery","og_description":"Shipping and delivery information, including delivery methods, access planning, handling advice, and important notes for OnCourt orders.","og_url":"https:\/\/oncourt.online\/pt\/expedicao-entrega\/","og_site_name":"OnCourt Online","article_publisher":"https:\/\/www.facebook.com\/oncourt.online\/","article_modified_time":"2026-01-09T02:04:24+00:00","og_image":[{"width":1440,"height":498,"url":"https:\/\/oncourt.online\/wp-content\/uploads\/2022\/05\/OnCourt-Shipping-and-Delivery-Header.jpg","type":"image\/jpeg"}],"twitter_card":"summary_large_image","twitter_misc":{"Tempo estimado de leitura":"6 minutos"},"schema":{"@context":"https:\/\/schema.org","@graph":[{"@type":"WebPage","@id":"https:\/\/oncourt.online\/pt\/shipping-delivery\/","url":"https:\/\/oncourt.online\/pt\/shipping-delivery\/","name":"Informa\u00e7\u00f5es de Envio e Entrega | OnCourt","isPartOf":{"@id":"https:\/\/oncourt.online\/pt\/#website"},"primaryImageOfPage":{"@id":"https:\/\/oncourt.online\/pt\/shipping-delivery\/#primaryimage"},"image":{"@id":"https:\/\/oncourt.online\/pt\/shipping-delivery\/#primaryimage"},"thumbnailUrl":"https:\/\/oncourt.online\/wp-content\/uploads\/2022\/05\/OnCourt-Shipping-and-Delivery-Header.jpg","datePublished":"2022-05-26T13:42:42+00:00","dateModified":"2026-01-09T02:04:24+00:00","description":"Informa\u00e7\u00f5es de envio e entrega, incluindo m\u00e9todos de entrega, planeamento de acesso, conselhos de manuseamento e notas importantes para encomendas OnCourt.","breadcrumb":{"@id":"https:\/\/oncourt.online\/pt\/shipping-delivery\/#breadcrumb"},"inLanguage":"pt-PT","potentialAction":[{"@type":"ReadAction","target":["https:\/\/oncourt.online\/pt\/shipping-delivery\/"]}]},{"@type":"ImageObject","inLanguage":"pt-PT","@id":"https:\/\/oncourt.online\/pt\/shipping-delivery\/#primaryimage","url":"https:\/\/oncourt.online\/wp-content\/uploads\/2022\/05\/OnCourt-Shipping-and-Delivery-Header.jpg","contentUrl":"https:\/\/oncourt.online\/wp-content\/uploads\/2022\/05\/OnCourt-Shipping-and-Delivery-Header.jpg","width":1440,"height":498,"caption":"Shipping & Delivery | OnCourt"},{"@type":"BreadcrumbList","@id":"https:\/\/oncourt.online\/pt\/shipping-delivery\/#breadcrumb","itemListElement":[{"@type":"ListItem","position":1,"name":"Home","item":"https:\/\/oncourt.online\/"},{"@type":"ListItem","position":2,"name":"Shipping And Delivery"}]},{"@type":"WebSite","@id":"https:\/\/oncourt.online\/pt\/#website","url":"https:\/\/oncourt.online\/pt\/","name":"OnCourt Online","description":"Campos de basquetebol de alto desempenho","publisher":{"@id":"https:\/\/oncourt.online\/pt\/#organization"},"potentialAction":[{"@type":"SearchAction","target":{"@type":"EntryPoint","urlTemplate":"https:\/\/oncourt.online\/pt\/?s={search_term_string}"},"query-input":{"@type":"PropertyValueSpecification","valueRequired":true,"valueName":"search_term_string"}}],"inLanguage":"pt-PT"},{"@type":"Organization","@id":"https:\/\/oncourt.online\/pt\/#organization","name":"OnCourt Online","url":"https:\/\/oncourt.online\/pt\/","logo":{"@type":"ImageObject","inLanguage":"pt-PT","@id":"https:\/\/oncourt.online\/pt\/#\/schema\/logo\/image\/","url":"https:\/\/oncourt.online\/wp-content\/uploads\/2021\/12\/Logo_OnCourt_Black.svg","contentUrl":"https:\/\/oncourt.online\/wp-content\/uploads\/2021\/12\/Logo_OnCourt_Black.svg","width":"1024","height":"1024","caption":"OnCourt Online"},"image":{"@id":"https:\/\/oncourt.online\/pt\/#\/schema\/logo\/image\/"},"sameAs":["https:\/\/www.facebook.com\/oncourt.online\/"],"email":"info@oncourt.online"}]}},"_links":{"self":[{"href":"https:\/\/oncourt.online\/pt\/wp-json\/wp\/v2\/pages\/6797","targetHints":{"allow":["GET"]}}],"collection":[{"href":"https:\/\/oncourt.online\/pt\/wp-json\/wp\/v2\/pages"}],"about":[{"href":"https:\/\/oncourt.online\/pt\/wp-json\/wp\/v2\/types\/page"}],"author":[{"embeddable":true,"href":"https:\/\/oncourt.online\/pt\/wp-json\/wp\/v2\/users\/2"}],"replies":[{"embeddable":true,"href":"https:\/\/oncourt.online\/pt\/wp-json\/wp\/v2\/comments?post=6797"}],"version-history":[{"count":0,"href":"https:\/\/oncourt.online\/pt\/wp-json\/wp\/v2\/pages\/6797\/revisions"}],"wp:featuredmedia":[{"embeddable":true,"href":"https:\/\/oncourt.online\/pt\/wp-json\/wp\/v2\/media\/6877"}],"wp:attachment":[{"href":"https:\/\/oncourt.online\/pt\/wp-json\/wp\/v2\/media?parent=6797"}],"curies":[{"name":"wp","href":"https:\/\/api.w.org\/{rel}","templated":true}]}}