{"id":428,"date":"2021-10-22T11:43:33","date_gmt":"2021-10-22T11:43:33","guid":{"rendered":"https:\/\/oncourt.online\/?page_id=428"},"modified":"2026-01-03T03:34:58","modified_gmt":"2026-01-03T03:34:58","slug":"garantia-vitalicia","status":"publish","type":"page","link":"https:\/\/oncourt.online\/pt\/basketball-hoops\/lifetime-warranty\/","title":{"rendered":"Garantia vital\u00edcia"},"content":{"rendered":"<div class=\"gb-element-118ef599\">\n<div class=\"gb-element-d7eed537\">\n<h2 class=\"gb-headline gb-headline-96ad026f gb-headline-text\">Bom para uma vida inteira de Dunks, Slams e Encravamentos<\/h2>\n\n\n\n<p class=\"gb-headline gb-headline-78623ab6 gb-headline-text\">A Mega Slam Hoops e a OnCourt est\u00e3o empenhadas em fornecer os melhores sistemas de basquetebol residenciais que o seu dinheiro pode comprar. Os produtos Mega Slam s\u00e3o concebidos para durar toda a vida. Faz sentido que a garantia tenha a mesma dura\u00e7\u00e3o.<br>N\u00e3o encontrar\u00e1 nenhuma destas promessas com outros fabricantes de arcos. De facto, estamos por detr\u00e1s dos sistemas de basquetebol Mega Slam Hoops e garantimos um grande desempenho para uma vida inteira de jogo, mesmo at\u00e9 \u00e0s porcas e parafusos.<\/p>\n\n\n\n<p class=\"gb-headline gb-headline-c6f59d0a gb-headline-text\"><br><strong>SISTEMAS DE BASQUETEBOL COM GARANTIA VITAL\u00cdCIA LIMITADA<\/strong><br>A cobertura da GARANTIA LIMITADA DE VIDA estende-se apenas ao Comprador Consumidor original a retalho que os Mega Slam Hoops (o \"Produto\") componentes estruturais s\u00e3o garantidos como isentos de defeitos de material e de m\u00e3o-de-obra, sujeitos \u00e0s limita\u00e7\u00f5es descritas abaixo. Os \"Defeitos\" s\u00e3o definidos como imperfei\u00e7\u00f5es que prejudicam a utiliza\u00e7\u00e3o do produto.<\/p>\n\n\n\n<p>THE LIMITED LIFETIME WARRANTY COVERAGE IS EXTENDED ONLY TO THE ORIGINAL RETAIL PURCHASER AND TERMINATES IF THE ORIGINAL RETAIL PURCHASER OTHERWISE TRANSFERS OR SELLS THE PRODUCT. THIS WARRANTY IS VOID IF THE PRODUCT HAS BEEN DAMAGED BY IMPROPER SERVICE, NEGLIGENCE, ACCIDENT, UNREASONABLE USE, IMPROPER INSTALLATION, OR OTHER CAUSES NOT RESULTING FROM DEFECTS IN MATERIAL AND WORKMANSHIP. <\/p>\n\n\n\n<p>Subject to proper installation in accordance with the installation instructions; normal residential use for glass backboards; normal basketball related activities; and has been maintained in agreement with the instructions.<\/p>\n\n\n\n<p class=\"gb-headline gb-headline-1de06637 gb-headline-text\"><br><strong>RECLAMA\u00c7\u00d5ES DE GARANTIA<\/strong><br>Proof of purchase by the original retail Consumer Purchaser is required for all warranty claims.<\/p>\n\n\n\n<p>Mega Sports UK Ltd reserves the right to examine physical evidence or photographs of the Product, or component parts, claimed to be defective, and to recover said Product, prior to authorising a warranty claim. If applicable, a \u201cReturn Merchandise Authorisation\u201d (RMA) number will be required prior to shipping damaged Product by original retail Consumer Purchaser with freight prepaid.<\/p>\n\n\n\n<p>In returning a Product or component part for repair or replacement under this warranty, the original Consumer Purchaser must prepay all shipping transportation, insurance and delivery costs, and the Product or component parts, must be delivered in either its original carton or a similar package affording an equal degree of protection.<\/p>\n\n\n\n<p>Mega Sports UK Ltd will not be responsible for any loss or damage incurred in connection with the return of this Product or component parts.<\/p>\n\n\n\n<p>A Garantia Vital\u00edcia Limitada n\u00e3o cobre o seguinte:<\/p>\n\n\n\n<p>Esta garantia n\u00e3o se aplica a qualquer Produto que tenha sido sujeito a utiliza\u00e7\u00e3o indevida, abuso, utiliza\u00e7\u00e3o anormal, neglig\u00eancia, altera\u00e7\u00e3o, acidente, instala\u00e7\u00e3o inadequada, vandalismo ou inc\u00eandio.<\/p>\n\n\n\n<p>Tinta, partes enferrujadas, riscos superficiais, desbotamento, descolora\u00e7\u00e3o, ou fissuras que n\u00e3o afectam a funcionalidade do Produto.<\/p>\n\n\n\n<p>Danos ou deteriora\u00e7\u00e3o devido ao tempo ou ao desgaste normal.<\/p>\n\n\n\n<p>Os danos devidos a \"Actos de Deus\", incluem, mas n\u00e3o est\u00e3o limitados a, coisas como inunda\u00e7\u00f5es, tornados, granizo, rel\u00e2mpagos, tempestades de areia, tempestades de vento, ou terramotos.<\/p>\n\n\n\n<p>Os danos devidos a \"Factores Ambientais\", incluem, mas n\u00e3o est\u00e3o limitados a, coisas como a precipita\u00e7\u00e3o atmosf\u00e9rica, produtos qu\u00edmicos, spray oce\u00e2nico, ou areia transportada pelo vento.<\/p>\n\n\n\n<p>Os portes de envio em ambos os sentidos dos artigos garantidos ou substitu\u00eddos devem ser pr\u00e9-pagos pelo Comprador Consumidor original a retalho com anteced\u00eancia.<\/p>\n\n\n\n<p>Encargos de servi\u00e7o do concession\u00e1rio, encargos trabalhistas, ou despesas de viagem. Todos os custos de m\u00e3o-de-obra, despesas de viagem, e outros encargos envolvidos na instala\u00e7\u00e3o, inspec\u00e7\u00e3o, servi\u00e7o, ou substitui\u00e7\u00e3o do Produto, ou substitui\u00e7\u00e3o de pe\u00e7as componentes, ser\u00e3o da responsabilidade do Comprador Consumidor a Retalho original.<\/p>\n\n\n\n<p>ESTA GARANTIA \u00c9 FEITA EXPRESSAMENTE EM VEZ DE TODAS AS OUTRAS GARANTIAS, EXPRESSAS OU IMPL\u00cdCITAS, INCLUINDO MAS N\u00c3O LIMITADAS A QUALQUER GARANTIA IMPL\u00cdCITA DE COMERCIALIZA\u00c7\u00c3O OU ADEQUA\u00c7\u00c3O A UM DETERMINADO FIM, E TODAS AS OUTRAS OBRIGA\u00c7\u00d5ES POR PARTE DA MEGA SPORTS UK LTD DESDE QUE, NO ENTANTO, SE A EXCLUS\u00c3O DE GARANTIAS IMPL\u00cdCITAS FOR EFECTIVA AO ABRIGO DA LEI APLIC\u00c1VEL, A DURA\u00c7\u00c3O DE QUAISQUER GARANTIAS IMPL\u00cdCITAS DECORRENTES DA APLICA\u00c7\u00c3O DA LEI SER\u00c1 LIMITADA A UM (1) ANO A PARTIR DA DATA DE COMPRA OU A UM PER\u00cdODO MAIS LONGO QUE POSSA SER EXIGIDO PELA LEI APLIC\u00c1VEL.<\/p>\n\n\n\n<p>MEGA SPORTS UK LTD HEREBY DISCLAIMS ANY AND ALL LIABILITY FOR CONSEQUENTIAL AND INCIDENTAL DAMAGES ARISING OUT OF OR IN CONNECTION WITH ANY BREACH OF THIS WARRANTY OR ANY OTHER CLAIM WITH RESPECT TO THIS PRODUCT, INCLUDING BUT NOT LIMITED TO, CLAIMS OF NEGLIGENCE, STRICT LIABILITY IN TORT OR BREACH OF CONTRACT.<\/p>\n\n\n\n<p>SOME STATES DO NOT ALLOW (A) LIMITATIONS ON HOW LONG AN IMPLIED WARRANTY LASTS OR (B) THE EXCLUSION OR LIMITATION OF INCIDENTAL OR CONSEQUENTIAL DAMAGES, SO THE ABOVE LIMITATIONS OR EXCLUSIONS MAY NOT APPLY TO YOU. THIS WARRANTY GIVES YOU SPECIFIC LEGAL RIGHTS AND YOU MAY HAVE OTHER RIGHTS WHICH VARY FROM STATE TO STATE.<\/p>\n\n\n\n<p>FOR THE ORIGINAL RETAIL PURCHASER TO SUBMIT A WARRANTY CLAIM, CALL OR WRITE MEGA SLAM HOOPS UK.<\/p>\n\n\n\n<p>TELEFONE<br>020 3920 7400<br><br>EMAIL<br>support@megaslamhoops.uk<br>ENDERE\u00c7O POSTAL<br><br>Mega Slam UK<br>The Hollies, Station Road, Chilbolton<br>Stockbridge, Hampshire<br>Reino Unido, SO20 6AL<\/p>\n<\/div>\n<\/div>","protected":false},"excerpt":{"rendered":"<p> &#8230; <a title=\"Garantia vital\u00edcia\" class=\"read-more\" href=\"https:\/\/oncourt.online\/pt\/basketball-hoops\/lifetime-warranty\/\" aria-label=\"Leia mais sobre Lifetime Warranty\">Leia mais<\/a><\/p>","protected":false},"author":2,"featured_media":362,"parent":34,"menu_order":0,"comment_status":"closed","ping_status":"closed","template":"","meta":{"_acf_changed":false,"inline_featured_image":false,"footnotes":""},"class_list":{"0":"post-428","1":"page","2":"type-page","3":"status-publish","4":"has-post-thumbnail","6":"infinite-scroll-item","7":"no-featured-image-padding","8":"resize-featured-image"},"acf":[],"yoast_head":"<!-- This site is optimized with the Yoast SEO Premium plugin v26.8 (Yoast SEO v27.3) - https:\/\/yoast.com\/product\/yoast-seo-premium-wordpress\/ -->\n<title>Lifetime Warranty - OnCourt Online<\/title>\n<meta name=\"description\" content=\"Mega Slam Hoops and OnCourt are committed to providing the best residential basketball systems that your money can buy.\" \/>\n<meta name=\"robots\" content=\"index, follow, max-snippet:-1, max-image-preview:large, max-video-preview:-1\" \/>\n<link rel=\"canonical\" href=\"https:\/\/oncourt.online\/pt\/cestos-de-basquetebol\/garantia-vitalicia\/\" \/>\n<meta property=\"og:locale\" content=\"pt_PT\" \/>\n<meta property=\"og:type\" content=\"article\" \/>\n<meta property=\"og:title\" content=\"Lifetime Warranty\" \/>\n<meta property=\"og:description\" content=\"Mega Slam Hoops and OnCourt are committed to providing the best residential basketball systems that your money can buy.\" \/>\n<meta property=\"og:url\" content=\"https:\/\/oncourt.online\/pt\/cestos-de-basquetebol\/garantia-vitalicia\/\" \/>\n<meta property=\"og:site_name\" content=\"OnCourt Online\" \/>\n<meta property=\"article:publisher\" content=\"https:\/\/www.facebook.com\/oncourt.online\/\" \/>\n<meta property=\"article:modified_time\" content=\"2026-01-03T03:34:58+00:00\" \/>\n<meta property=\"og:image\" content=\"https:\/\/oncourt.online\/wp-content\/uploads\/2021\/10\/Mega-Slam-Hoops-Lifetime-Warranty.png\" \/>\n\t<meta property=\"og:image:width\" content=\"300\" \/>\n\t<meta property=\"og:image:height\" content=\"300\" \/>\n\t<meta property=\"og:image:type\" content=\"image\/png\" \/>\n<meta name=\"twitter:card\" content=\"summary_large_image\" \/>\n<meta name=\"twitter:label1\" content=\"Tempo estimado de leitura\" \/>\n\t<meta name=\"twitter:data1\" content=\"4 minutos\" \/>\n<!-- \/ Yoast SEO Premium plugin. -->","yoast_head_json":{"title":"Garantia vital\u00edcia - OnCourt Online","description":"Mega Slam Hoops e OnCourt est\u00e3o empenhados em fornecer os melhores sistemas de basquetebol residencial que o seu dinheiro pode comprar.","robots":{"index":"index","follow":"follow","max-snippet":"max-snippet:-1","max-image-preview":"max-image-preview:large","max-video-preview":"max-video-preview:-1"},"canonical":"https:\/\/oncourt.online\/pt\/cestos-de-basquetebol\/garantia-vitalicia\/","og_locale":"pt_PT","og_type":"article","og_title":"Lifetime Warranty","og_description":"Mega Slam Hoops and OnCourt are committed to providing the best residential basketball systems that your money can buy.","og_url":"https:\/\/oncourt.online\/pt\/cestos-de-basquetebol\/garantia-vitalicia\/","og_site_name":"OnCourt Online","article_publisher":"https:\/\/www.facebook.com\/oncourt.online\/","article_modified_time":"2026-01-03T03:34:58+00:00","og_image":[{"width":300,"height":300,"url":"https:\/\/oncourt.online\/wp-content\/uploads\/2021\/10\/Mega-Slam-Hoops-Lifetime-Warranty.png","type":"image\/png"}],"twitter_card":"summary_large_image","twitter_misc":{"Tempo estimado de leitura":"4 minutos"},"schema":{"@context":"https:\/\/schema.org","@graph":[{"@type":"WebPage","@id":"https:\/\/oncourt.online\/pt\/basketball-hoops\/lifetime-warranty\/","url":"https:\/\/oncourt.online\/pt\/basketball-hoops\/lifetime-warranty\/","name":"Garantia vital\u00edcia - OnCourt Online","isPartOf":{"@id":"https:\/\/oncourt.online\/pt\/#website"},"primaryImageOfPage":{"@id":"https:\/\/oncourt.online\/pt\/basketball-hoops\/lifetime-warranty\/#primaryimage"},"image":{"@id":"https:\/\/oncourt.online\/pt\/basketball-hoops\/lifetime-warranty\/#primaryimage"},"thumbnailUrl":"https:\/\/oncourt.online\/wp-content\/uploads\/2021\/10\/Mega-Slam-Hoops-Lifetime-Warranty.png","datePublished":"2021-10-22T11:43:33+00:00","dateModified":"2026-01-03T03:34:58+00:00","description":"Mega Slam Hoops e OnCourt est\u00e3o empenhados em fornecer os melhores sistemas de basquetebol residencial que o seu dinheiro pode comprar.","breadcrumb":{"@id":"https:\/\/oncourt.online\/pt\/basketball-hoops\/lifetime-warranty\/#breadcrumb"},"inLanguage":"pt-PT","potentialAction":[{"@type":"ReadAction","target":["https:\/\/oncourt.online\/pt\/basketball-hoops\/lifetime-warranty\/"]}]},{"@type":"ImageObject","inLanguage":"pt-PT","@id":"https:\/\/oncourt.online\/pt\/basketball-hoops\/lifetime-warranty\/#primaryimage","url":"https:\/\/oncourt.online\/wp-content\/uploads\/2021\/10\/Mega-Slam-Hoops-Lifetime-Warranty.png","contentUrl":"https:\/\/oncourt.online\/wp-content\/uploads\/2021\/10\/Mega-Slam-Hoops-Lifetime-Warranty.png","width":300,"height":300,"caption":"Mega Slam Hoops - Lifetime Warranty"},{"@type":"BreadcrumbList","@id":"https:\/\/oncourt.online\/pt\/basketball-hoops\/lifetime-warranty\/#breadcrumb","itemListElement":[{"@type":"ListItem","position":1,"name":"Home","item":"https:\/\/oncourt.online\/"},{"@type":"ListItem","position":2,"name":"Basketball Hoops","item":"https:\/\/oncourt.online\/pt\/basketball-hoops\/"},{"@type":"ListItem","position":3,"name":"Lifetime Warranty"}]},{"@type":"WebSite","@id":"https:\/\/oncourt.online\/pt\/#website","url":"https:\/\/oncourt.online\/pt\/","name":"OnCourt Online","description":"Campos de basquetebol de alto desempenho","publisher":{"@id":"https:\/\/oncourt.online\/pt\/#organization"},"potentialAction":[{"@type":"SearchAction","target":{"@type":"EntryPoint","urlTemplate":"https:\/\/oncourt.online\/pt\/?s={search_term_string}"},"query-input":{"@type":"PropertyValueSpecification","valueRequired":true,"valueName":"search_term_string"}}],"inLanguage":"pt-PT"},{"@type":"Organization","@id":"https:\/\/oncourt.online\/pt\/#organization","name":"OnCourt Online","url":"https:\/\/oncourt.online\/pt\/","logo":{"@type":"ImageObject","inLanguage":"pt-PT","@id":"https:\/\/oncourt.online\/pt\/#\/schema\/logo\/image\/","url":"https:\/\/oncourt.online\/wp-content\/uploads\/2021\/12\/Logo_OnCourt_Black.svg","contentUrl":"https:\/\/oncourt.online\/wp-content\/uploads\/2021\/12\/Logo_OnCourt_Black.svg","width":"1024","height":"1024","caption":"OnCourt Online"},"image":{"@id":"https:\/\/oncourt.online\/pt\/#\/schema\/logo\/image\/"},"sameAs":["https:\/\/www.facebook.com\/oncourt.online\/"],"email":"info@oncourt.online"}]}},"_links":{"self":[{"href":"https:\/\/oncourt.online\/pt\/wp-json\/wp\/v2\/pages\/428","targetHints":{"allow":["GET"]}}],"collection":[{"href":"https:\/\/oncourt.online\/pt\/wp-json\/wp\/v2\/pages"}],"about":[{"href":"https:\/\/oncourt.online\/pt\/wp-json\/wp\/v2\/types\/page"}],"author":[{"embeddable":true,"href":"https:\/\/oncourt.online\/pt\/wp-json\/wp\/v2\/users\/2"}],"replies":[{"embeddable":true,"href":"https:\/\/oncourt.online\/pt\/wp-json\/wp\/v2\/comments?post=428"}],"version-history":[{"count":0,"href":"https:\/\/oncourt.online\/pt\/wp-json\/wp\/v2\/pages\/428\/revisions"}],"up":[{"embeddable":true,"href":"https:\/\/oncourt.online\/pt\/wp-json\/wp\/v2\/pages\/34"}],"wp:featuredmedia":[{"embeddable":true,"href":"https:\/\/oncourt.online\/pt\/wp-json\/wp\/v2\/media\/362"}],"wp:attachment":[{"href":"https:\/\/oncourt.online\/pt\/wp-json\/wp\/v2\/media?parent=428"}],"curies":[{"name":"wp","href":"https:\/\/api.w.org\/{rel}","templated":true}]}}