{"id":3706,"date":"2022-03-08T09:13:55","date_gmt":"2022-03-08T09:13:55","guid":{"rendered":"https:\/\/oncourt.online\/?page_id=3706"},"modified":"2026-01-13T08:00:41","modified_gmt":"2026-01-13T08:00:41","slug":"join-oncourt","status":"publish","type":"page","link":"https:\/\/oncourt.online\/pt\/join-oncourt\/","title":{"rendered":"Trabalhe com a OnCourt"},"content":{"rendered":"<div class=\"gb-container gb-container-c9c919f1\"><div class=\"gb-inside-container\">\n<div class=\"gb-container gb-container-cefabf47\"><div class=\"gb-inside-container\">\n\n<h2 class=\"gb-headline gb-headline-d23b44e5 gb-headline-text\">Fa\u00e7a parceria com um especialista em campos de basquetebol<\/h2>\n\n\n\n<p class=\"gb-headline gb-headline-b071501e gb-headline-text\">A OnCourt trabalha com profissionais em toda a Europa que projetam, constroem e especificam espa\u00e7os desportivos ao ar livre. O nosso Programa de Parceiros foi criado para empresas que pretendem oferecer campos de basquetebol de alto desempenho aos seus clientes, apoiados por produtos especializados, ferramentas de planeamento precisas e apoio especializado.<\/p>\n\n\n\n<p class=\"gb-text gb-text-6b40232a\">N\u00e3o operamos como um fornecedor geral de artigos desportivos. O basquetebol \u00e9 o nosso foco e trabalhamos com parceiros que valorizam fazer as coisas da forma correta.<\/p>\n\n\n\n<h3 class=\"gb-text gb-text-a0baa6e3\">Com quem trabalhamos<\/h3>\n\n\n\n<p>Trabalhamos em parceria com empresas envolvidas em constru\u00e7\u00e3o exterior, design e pavimenta\u00e7\u00e3o, incluindo:<\/p>\n\n\n\n<ul class=\"wp-block-list\">\n<li>Construtores e empreiteiros gerais<\/li>\n\n\n\n<li>Designers de paisagem e jardins<\/li>\n\n\n\n<li>Empreiteiros de terraplenagem e obras civis<\/li>\n\n\n\n<li>Construtores de campos desportivos e especialistas em requalifica\u00e7\u00e3o de superf\u00edcies<\/li>\n\n\n\n<li>Arquitetos e especificadores<\/li>\n\n\n\n<li>Especialistas em espa\u00e7os exteriores orientados pelo design<\/li>\n<\/ul>\n\n\n\n<p class=\"gb-text gb-text-b726bb2a\">Se o seu trabalho envolve o planeamento ou a constru\u00e7\u00e3o de espa\u00e7os exteriores e pretende adicionar campos de basquetebol \u00e0 sua oferta, gostar\u00edamos de o ouvir.<\/p>\n\n\n\n<div class=\"gb-element-bbf74639\">\n<div>\n<img loading=\"lazy\" decoding=\"async\" width=\"660\" height=\"400\" class=\"img_12px_radius gb-media-76f4f695\" alt=\"\" title=\"OnCourt Modular Basketball Court Surface Installation\" src=\"https:\/\/oncourt.online\/wp-content\/uploads\/2022\/05\/OnCourt-Modular-Basketball-Court-Surface-Installation.jpg\" srcset=\"https:\/\/oncourt.online\/wp-content\/uploads\/2022\/05\/OnCourt-Modular-Basketball-Court-Surface-Installation.jpg 660w, https:\/\/oncourt.online\/wp-content\/uploads\/2022\/05\/OnCourt-Modular-Basketball-Court-Surface-Installation-300x182.jpg 300w, https:\/\/oncourt.online\/wp-content\/uploads\/2022\/05\/OnCourt-Modular-Basketball-Court-Surface-Installation-18x12.jpg 18w, https:\/\/oncourt.online\/wp-content\/uploads\/2022\/05\/OnCourt-Modular-Basketball-Court-Surface-Installation-545x330.jpg 545w\" sizes=\"auto, (max-width: 660px) 100vw, 660px\" \/>\n<\/div>\n\n\n\n<div>\n<h2 class=\"gb-text\">O que os parceiros OnCourt podem esperar<\/h2>\n\n\n\n<p class=\"gb-text last_text\">Acesso a ferramentas profissionais de design de campos, pre\u00e7os preferenciais e suporte especializado para planear, especificar e entregar campos de basquetebol de alto desempenho com confian\u00e7a.<\/p>\n<\/div>\n<\/div>\n\n\n\n<h4 class=\"gb-text\">Ferramentas profissionais de design<\/h4>\n\n\n\n<p class=\"gb-text\">Utilize a plataforma 3D de design de campos de basquetebol da OnCourt para planear layouts, explorar esquemas de cores, especificar pavimentos e tabelas, e gerar visualiza\u00e7\u00f5es e pre\u00e7os precisos para propostas a clientes.<\/p>\n\n\n\n<h4 class=\"gb-text\">Pre\u00e7os comerciais preferenciais<\/h4>\n\n\n\n<p class=\"gb-text\">Os parceiros autorizados t\u00eam acesso a pre\u00e7os comerciais em pavimentos modulares de basquetebol e tabelas Mega Slam, permitindo oferecer solu\u00e7\u00f5es premium mantendo margens saud\u00e1veis.<\/p>\n\n\n\n<h4 class=\"gb-text\">Suporte t\u00e9cnico especializado<\/h4>\n\n\n\n<p class=\"gb-text\">Tenha acesso direto a orienta\u00e7\u00f5es sobre layouts, sele\u00e7\u00e3o de superf\u00edcies, requisitos de instala\u00e7\u00e3o e combina\u00e7\u00e3o de produtos, reduzindo a incerteza e evitando erros dispendiosos no local.<\/p>\n\n\n\n<h4 class=\"gb-text\">Especifica\u00e7\u00f5es e recursos claros<\/h4>\n\n\n\n<p class=\"gb-text gb-text-46b97fff\">Use os nossos guias e recursos de planeamento para evitar suposi\u00e7\u00f5es, reduzir erros e apresentar aos clientes propostas claras e confi\u00e1veis.<\/p>\n\n\n\n<div class=\"gb-element-d984cac5\">\n<div>\n<img loading=\"lazy\" decoding=\"async\" width=\"1200\" height=\"960\" class=\"img_12px_radius gb-media-1c57b1fb\" alt=\"\" title=\"Projeto de quadra de basquetebol residencial de tamanho m\u00e9dio\" src=\"https:\/\/oncourt.online\/wp-content\/uploads\/2025\/12\/Medium-Sized-Residential-Basketball-Court-Design.webp\"\/>\n<\/div>\n\n\n\n<div>\n<h3 class=\"gb-text\">Concebido para projetos reais<\/h3>\n\n\n\n<p>O Programa de Parceiros OnCourt \u00e9 adequado para profissionais que prestam os seguintes servi\u00e7os:<\/p>\n\n\n\n<ul class=\"wp-block-list\">\n<li>Tribunais residenciais<\/li>\n\n\n\n<li>Clubes e instala\u00e7\u00f5es de treino<\/li>\n\n\n\n<li>Escolas e espa\u00e7os educativos<\/li>\n\n\n\n<li>Campos comerciais ou multiusos ao ar livre<\/li>\n<\/ul>\n\n\n\n<p class=\"gb-text last_text\">Apoiamos parceiros que se orgulham da execu\u00e7\u00e3o de qualidade e do desempenho a longo prazo.<\/p>\n<\/div>\n<\/div>\n\n\n\n<div class=\"gb-element-f79012eb\">\n<h3 class=\"gb-text gb-text-5da21831\">Inscreva-se para se tornar um parceiro OnCourt<\/h3>\n\n\n\n<p class=\"gb-text not_last_text\">Se estiver interessado em trabalhar com a OnCourt, preencha o formul\u00e1rio de contacto abaixo. <\/p>\n\n\n\n<p class=\"gb-text gb-text-209ee9ae\">Analisamos todas as candidaturas e entraremos em contacto para discutir se o programa \u00e9 adequado para o seu neg\u00f3cio.<\/p>\n<\/div>\n\n\n<div class=\"gb-container gb-container-8ddfb2cf\">\n\n\n\n\n\n\n\n\n\n\n\n\n\n\n\n\n\n\n\n\n<div class=\"gb-container gb-container-ed202e6f\">\n\n<div class=\"pipedriveWebForms\" data-pd-webforms=\"https:\/\/webforms.pipedrive.com\/f\/72kykd0n2ihJxWhQ6zuRE2ZNJwM6WzEwZKuVOhNRzYx9Qaxk0aNvvxf4WdnS1bO5yz\"><script src=\"https:\/\/webforms.pipedrive.com\/f\/loader\"><\/script><\/div>\n\n<\/div>\n\n\n\n\n\n\n<\/div>\n<\/div><\/div>\n<\/div><\/div>","protected":false},"excerpt":{"rendered":"<p> &#8230; <a title=\"Trabalhe com a OnCourt\" class=\"read-more\" href=\"https:\/\/oncourt.online\/pt\/join-oncourt\/\" aria-label=\"Leia mais sobre Work With OnCourt\">Leia mais<\/a><\/p>","protected":false},"author":2,"featured_media":7048,"parent":0,"menu_order":13,"comment_status":"closed","ping_status":"closed","template":"","meta":{"_acf_changed":false,"inline_featured_image":false,"footnotes":""},"class_list":{"0":"post-3706","1":"page","2":"type-page","3":"status-publish","4":"has-post-thumbnail","6":"infinite-scroll-item","7":"no-featured-image-padding","8":"resize-featured-image"},"acf":[],"yoast_head":"<!-- This site is optimized with the Yoast SEO Premium plugin v26.8 (Yoast SEO v27.3) - https:\/\/yoast.com\/product\/yoast-seo-premium-wordpress\/ -->\n<title>OnCourt Partners | Trade Pricing &amp; Basketball Court Design Tools<\/title>\n<meta name=\"description\" content=\"Partner with OnCourt. Work with a specialist basketball court supplier. Design tools, trade pricing, and support for residential &amp; commercial projects.\" \/>\n<meta name=\"robots\" content=\"index, follow, max-snippet:-1, max-image-preview:large, max-video-preview:-1\" \/>\n<link rel=\"canonical\" href=\"https:\/\/oncourt.online\/pt\/join-oncourt\/\" \/>\n<meta property=\"og:locale\" content=\"pt_PT\" \/>\n<meta property=\"og:type\" content=\"article\" \/>\n<meta property=\"og:title\" content=\"Work With OnCourt\" \/>\n<meta property=\"og:description\" content=\"Partner with OnCourt. Work with a specialist basketball court supplier. Design tools, trade pricing, and support for residential &amp; commercial projects.\" \/>\n<meta property=\"og:url\" content=\"https:\/\/oncourt.online\/pt\/join-oncourt\/\" \/>\n<meta property=\"og:site_name\" content=\"OnCourt Online\" \/>\n<meta property=\"article:publisher\" content=\"https:\/\/www.facebook.com\/oncourt.online\/\" \/>\n<meta property=\"article:modified_time\" content=\"2026-01-13T08:00:41+00:00\" \/>\n<meta property=\"og:image\" content=\"https:\/\/oncourt.online\/wp-content\/uploads\/2022\/05\/OnCourt-Modular-Basketball-Court-Surface-Installation.jpg\" \/>\n\t<meta property=\"og:image:width\" content=\"660\" \/>\n\t<meta property=\"og:image:height\" content=\"400\" \/>\n\t<meta property=\"og:image:type\" content=\"image\/jpeg\" \/>\n<meta name=\"twitter:card\" content=\"summary_large_image\" \/>\n<meta name=\"twitter:label1\" content=\"Tempo estimado de leitura\" \/>\n\t<meta name=\"twitter:data1\" content=\"3 minutos\" \/>\n<!-- \/ Yoast SEO Premium plugin. -->","yoast_head_json":{"title":"Parceiros OnCourt | Pre\u00e7os Profissionais e Ferramentas de Design de Campos de Basquetebol","description":"Torne-se parceiro da OnCourt. Trabalhe com um especialista em campos de basquetebol. Ferramentas de design, pre\u00e7os profissionais e apoio para projetos residenciais e comerciais.","robots":{"index":"index","follow":"follow","max-snippet":"max-snippet:-1","max-image-preview":"max-image-preview:large","max-video-preview":"max-video-preview:-1"},"canonical":"https:\/\/oncourt.online\/pt\/join-oncourt\/","og_locale":"pt_PT","og_type":"article","og_title":"Work With OnCourt","og_description":"Partner with OnCourt. Work with a specialist basketball court supplier. Design tools, trade pricing, and support for residential & commercial projects.","og_url":"https:\/\/oncourt.online\/pt\/join-oncourt\/","og_site_name":"OnCourt Online","article_publisher":"https:\/\/www.facebook.com\/oncourt.online\/","article_modified_time":"2026-01-13T08:00:41+00:00","og_image":[{"width":660,"height":400,"url":"https:\/\/oncourt.online\/wp-content\/uploads\/2022\/05\/OnCourt-Modular-Basketball-Court-Surface-Installation.jpg","type":"image\/jpeg"}],"twitter_card":"summary_large_image","twitter_misc":{"Tempo estimado de leitura":"3 minutos"},"schema":{"@context":"https:\/\/schema.org","@graph":[{"@type":"WebPage","@id":"https:\/\/oncourt.online\/pt\/join-oncourt\/","url":"https:\/\/oncourt.online\/pt\/join-oncourt\/","name":"Parceiros OnCourt | Pre\u00e7os Profissionais e Ferramentas de Design de Campos de Basquetebol","isPartOf":{"@id":"https:\/\/oncourt.online\/pt\/#website"},"primaryImageOfPage":{"@id":"https:\/\/oncourt.online\/pt\/join-oncourt\/#primaryimage"},"image":{"@id":"https:\/\/oncourt.online\/pt\/join-oncourt\/#primaryimage"},"thumbnailUrl":"https:\/\/oncourt.online\/wp-content\/uploads\/2022\/05\/OnCourt-Modular-Basketball-Court-Surface-Installation.jpg","datePublished":"2022-03-08T09:13:55+00:00","dateModified":"2026-01-13T08:00:41+00:00","description":"Torne-se parceiro da OnCourt. Trabalhe com um especialista em campos de basquetebol. Ferramentas de design, pre\u00e7os profissionais e apoio para projetos residenciais e comerciais.","breadcrumb":{"@id":"https:\/\/oncourt.online\/pt\/join-oncourt\/#breadcrumb"},"inLanguage":"pt-PT","potentialAction":[{"@type":"ReadAction","target":["https:\/\/oncourt.online\/pt\/join-oncourt\/"]}]},{"@type":"ImageObject","inLanguage":"pt-PT","@id":"https:\/\/oncourt.online\/pt\/join-oncourt\/#primaryimage","url":"https:\/\/oncourt.online\/wp-content\/uploads\/2022\/05\/OnCourt-Modular-Basketball-Court-Surface-Installation.jpg","contentUrl":"https:\/\/oncourt.online\/wp-content\/uploads\/2022\/05\/OnCourt-Modular-Basketball-Court-Surface-Installation.jpg","width":660,"height":400},{"@type":"BreadcrumbList","@id":"https:\/\/oncourt.online\/pt\/join-oncourt\/#breadcrumb","itemListElement":[{"@type":"ListItem","position":1,"name":"Home","item":"https:\/\/oncourt.online\/"},{"@type":"ListItem","position":2,"name":"Work With OnCourt"}]},{"@type":"WebSite","@id":"https:\/\/oncourt.online\/pt\/#website","url":"https:\/\/oncourt.online\/pt\/","name":"OnCourt Online","description":"Campos de basquetebol de alto desempenho","publisher":{"@id":"https:\/\/oncourt.online\/pt\/#organization"},"potentialAction":[{"@type":"SearchAction","target":{"@type":"EntryPoint","urlTemplate":"https:\/\/oncourt.online\/pt\/?s={search_term_string}"},"query-input":{"@type":"PropertyValueSpecification","valueRequired":true,"valueName":"search_term_string"}}],"inLanguage":"pt-PT"},{"@type":"Organization","@id":"https:\/\/oncourt.online\/pt\/#organization","name":"OnCourt Online","url":"https:\/\/oncourt.online\/pt\/","logo":{"@type":"ImageObject","inLanguage":"pt-PT","@id":"https:\/\/oncourt.online\/pt\/#\/schema\/logo\/image\/","url":"https:\/\/oncourt.online\/wp-content\/uploads\/2021\/12\/Logo_OnCourt_Black.svg","contentUrl":"https:\/\/oncourt.online\/wp-content\/uploads\/2021\/12\/Logo_OnCourt_Black.svg","width":"1024","height":"1024","caption":"OnCourt Online"},"image":{"@id":"https:\/\/oncourt.online\/pt\/#\/schema\/logo\/image\/"},"sameAs":["https:\/\/www.facebook.com\/oncourt.online\/"],"email":"info@oncourt.online"}]}},"_links":{"self":[{"href":"https:\/\/oncourt.online\/pt\/wp-json\/wp\/v2\/pages\/3706","targetHints":{"allow":["GET"]}}],"collection":[{"href":"https:\/\/oncourt.online\/pt\/wp-json\/wp\/v2\/pages"}],"about":[{"href":"https:\/\/oncourt.online\/pt\/wp-json\/wp\/v2\/types\/page"}],"author":[{"embeddable":true,"href":"https:\/\/oncourt.online\/pt\/wp-json\/wp\/v2\/users\/2"}],"replies":[{"embeddable":true,"href":"https:\/\/oncourt.online\/pt\/wp-json\/wp\/v2\/comments?post=3706"}],"version-history":[{"count":1,"href":"https:\/\/oncourt.online\/pt\/wp-json\/wp\/v2\/pages\/3706\/revisions"}],"predecessor-version":[{"id":17261,"href":"https:\/\/oncourt.online\/pt\/wp-json\/wp\/v2\/pages\/3706\/revisions\/17261"}],"wp:featuredmedia":[{"embeddable":true,"href":"https:\/\/oncourt.online\/pt\/wp-json\/wp\/v2\/media\/7048"}],"wp:attachment":[{"href":"https:\/\/oncourt.online\/pt\/wp-json\/wp\/v2\/media?parent=3706"}],"curies":[{"name":"wp","href":"https:\/\/api.w.org\/{rel}","templated":true}]}}