{"id":370,"date":"2021-10-21T20:07:39","date_gmt":"2021-10-21T20:07:39","guid":{"rendered":"https:\/\/oncourt.online\/?post_type=product&#038;p=370"},"modified":"2026-01-17T01:33:20","modified_gmt":"2026-01-17T01:33:20","slug":"megaslam-60","status":"publish","type":"product","link":"https:\/\/oncourt.online\/pl\/basketball-hoops\/megaslam-60\/","title":{"rendered":"MegaSlam 60"},"content":{"rendered":"","protected":false},"excerpt":{"rendered":"<div class=\"woocommerce-product-details__short-description\">MegaSlam 60 zapewnia autentyczn\u0105 wydajno\u015b\u0107 koszykarsk\u0105 w kompaktowej formie. Dzi\u0119ki tablicy z hartowanego szk\u0142a 60\u2033 i solidnej stalowej konstrukcji oferuje prawdziwy kozio\u0142 pi\u0142ki, p\u0142ynn\u0105 regulacj\u0119 wysoko\u015bci i d\u0142ugotrwa\u0142\u0105 odporno\u015b\u0107 na warunki zewn\u0119trzne. Standardowo wyposa\u017cony w profesjonalny kosz do pe\u0142nych wsad\u00f3w breakaway 180\u00b0.<\/div>\n<div><\/div>","protected":false},"featured_media":356,"template":"","meta":{"_acf_changed":true,"inline_featured_image":false},"product_brand":[],"product_cat":[19],"product_tag":[],"class_list":{"0":"post-370","1":"product","2":"type-product","3":"status-publish","4":"has-post-thumbnail","6":"product_cat-basketball-hoops","7":"product_shipping_class-hoop-system-shipping","8":"infinite-scroll-item","9":"no-featured-image-padding","10":"resize-featured-image","11":"","12":"woocommerce-text-align-center","13":"woocommerce-image-align-center","14":"do-quantity-buttons","16":"first","17":"pre_order","18":"taxable","19":"shipping-taxable","20":"purchasable","21":"product-type-simple"},"bundled_by":["6335"],"bundle_stock_status":"pre_order","bundle_stock_quantity":null,"bundle_virtual":false,"bundle_layout":"","bundle_add_to_cart_form_location":"","bundle_editable_in_cart":false,"bundle_sold_individually_context":"","bundle_item_grouping":"","bundle_min_size":"","bundle_max_size":"","bundle_price":[],"bundled_items":[],"bundle_sell_ids":[],"acf":[],"yoast_head":"<!-- This site is optimized with the Yoast SEO Premium plugin v26.8 (Yoast SEO v27.3) - https:\/\/yoast.com\/product\/yoast-seo-premium-wordpress\/ -->\n<title>MegaSlam 60 Basketball Hoop | Pro-grade Compact System<\/title>\n<meta name=\"description\" content=\"MegaSlam 60 offers true basketball performance with a 60\u2033 tempered glass backboard, pro breakaway rim, full height adjustment, and long-term durability.\" \/>\n<meta name=\"robots\" content=\"index, follow, max-snippet:-1, max-image-preview:large, max-video-preview:-1\" \/>\n<link rel=\"canonical\" href=\"https:\/\/oncourt.online\/pl\/obrecze-do-koszykowki\/megaslam-60\/\" \/>\n<meta property=\"og:locale\" content=\"pl_PL\" \/>\n<meta property=\"og:type\" content=\"article\" \/>\n<meta property=\"og:title\" content=\"MegaSlam 60\" \/>\n<meta property=\"og:description\" content=\"MegaSlam 60 offers true basketball performance with a 60\u2033 tempered glass backboard, pro breakaway rim, full height adjustment, and long-term durability.\" \/>\n<meta property=\"og:url\" content=\"https:\/\/oncourt.online\/pl\/obrecze-do-koszykowki\/megaslam-60\/\" \/>\n<meta property=\"og:site_name\" content=\"OnCourt Online\" \/>\n<meta property=\"article:publisher\" content=\"https:\/\/www.facebook.com\/oncourt.online\/\" \/>\n<meta property=\"article:modified_time\" content=\"2026-01-17T01:33:20+00:00\" \/>\n<meta property=\"og:image\" content=\"https:\/\/oncourt.online\/wp-content\/uploads\/2021\/10\/MegaSlam-60-Luxury-Basketball-Hoop-OnCourt.png\" \/>\n\t<meta property=\"og:image:width\" content=\"1000\" \/>\n\t<meta property=\"og:image:height\" content=\"1000\" \/>\n\t<meta property=\"og:image:type\" content=\"image\/png\" \/>\n<meta name=\"twitter:card\" content=\"summary_large_image\" \/>\n<meta name=\"twitter:label1\" content=\"Cena\" \/>\n\t<meta name=\"twitter:data1\" content=\"&euro;2,065\" \/>\n\t<meta name=\"twitter:label2\" content=\"Dost\u0119pno\u015b\u0107\" \/>\n\t<meta name=\"twitter:data2\" content=\"Dost\u0119pny\" \/>\n<meta property=\"product:price:amount\" content=\"2065\" \/>\n<meta property=\"product:price:currency\" content=\"EUR\" \/>\n<meta property=\"og:availability\" content=\"instock\" \/>\n<meta property=\"product:availability\" content=\"instock\" \/>\n<meta property=\"product:retailer_item_id\" content=\"MGSL60\" \/>\n<meta property=\"product:condition\" content=\"new\" \/>\n<!-- \/ Yoast SEO Premium plugin. -->","yoast_head_json":{"title":"MegaSlam 60 Kosz do Koszyk\u00f3wki | Profesjonalny System Kompaktowy","description":"MegaSlam 60 zapewnia prawdziw\u0105 wydajno\u015b\u0107 koszykarsk\u0105 dzi\u0119ki tablicy z hartowanego szk\u0142a 60\u2033, profesjonalnemu koszowi breakaway, pe\u0142nej regulacji wysoko\u015bci i trwa\u0142o\u015bci.","robots":{"index":"index","follow":"follow","max-snippet":"max-snippet:-1","max-image-preview":"max-image-preview:large","max-video-preview":"max-video-preview:-1"},"canonical":"https:\/\/oncourt.online\/pl\/obrecze-do-koszykowki\/megaslam-60\/","og_locale":"pl_PL","og_type":"article","og_title":"MegaSlam 60","og_description":"MegaSlam 60 offers true basketball performance with a 60\u2033 tempered glass backboard, pro breakaway rim, full height adjustment, and long-term durability.","og_url":"https:\/\/oncourt.online\/pl\/obrecze-do-koszykowki\/megaslam-60\/","og_site_name":"OnCourt Online","article_publisher":"https:\/\/www.facebook.com\/oncourt.online\/","article_modified_time":"2026-01-17T01:33:20+00:00","og_image":[{"width":1000,"height":1000,"url":"https:\/\/oncourt.online\/wp-content\/uploads\/2021\/10\/MegaSlam-60-Luxury-Basketball-Hoop-OnCourt.png","type":"image\/png"}],"twitter_card":"summary_large_image","twitter_misc":{"Cena":"&euro;2,065","Dost\u0119pno\u015b\u0107":"Dost\u0119pny"},"schema":{"@context":"https:\/\/schema.org","@graph":[{"@type":"WebPage","@id":"https:\/\/oncourt.online\/pl\/basketball-hoops\/megaslam-60\/","url":"https:\/\/oncourt.online\/pl\/basketball-hoops\/megaslam-60\/","name":"MegaSlam 60 Kosz do Koszyk\u00f3wki | Profesjonalny System Kompaktowy","isPartOf":{"@id":"https:\/\/oncourt.online\/pl\/#website"},"primaryImageOfPage":{"@id":"https:\/\/oncourt.online\/pl\/basketball-hoops\/megaslam-60\/#primaryimage"},"image":{"@id":"https:\/\/oncourt.online\/pl\/basketball-hoops\/megaslam-60\/#primaryimage"},"thumbnailUrl":"https:\/\/oncourt.online\/wp-content\/uploads\/2021\/10\/MegaSlam-60-Luxury-Basketball-Hoop-OnCourt.png","datePublished":"2021-10-21T20:07:39+00:00","dateModified":"2026-01-17T01:33:20+00:00","description":"MegaSlam 60 zapewnia prawdziw\u0105 wydajno\u015b\u0107 koszykarsk\u0105 dzi\u0119ki tablicy z hartowanego szk\u0142a 60\u2033, profesjonalnemu koszowi breakaway, pe\u0142nej regulacji wysoko\u015bci i trwa\u0142o\u015bci.","breadcrumb":{"@id":"https:\/\/oncourt.online\/pl\/basketball-hoops\/megaslam-60\/#breadcrumb"},"inLanguage":"pl-PL","potentialAction":[{"@type":"ReadAction","target":["https:\/\/oncourt.online\/pl\/basketball-hoops\/megaslam-60\/"]}]},{"@type":"ImageObject","inLanguage":"pl-PL","@id":"https:\/\/oncourt.online\/pl\/basketball-hoops\/megaslam-60\/#primaryimage","url":"https:\/\/oncourt.online\/wp-content\/uploads\/2021\/10\/MegaSlam-60-Luxury-Basketball-Hoop-OnCourt.png","contentUrl":"https:\/\/oncourt.online\/wp-content\/uploads\/2021\/10\/MegaSlam-60-Luxury-Basketball-Hoop-OnCourt.png","width":1000,"height":1000,"caption":"MegaSlam 60 - Luxury Basketball Hoop - OnCourt"},{"@type":"BreadcrumbList","@id":"https:\/\/oncourt.online\/pl\/basketball-hoops\/megaslam-60\/#breadcrumb","itemListElement":[{"@type":"ListItem","position":1,"name":"Home","item":"https:\/\/oncourt.online\/"},{"@type":"ListItem","position":2,"name":"Basketball Hoops","item":"https:\/\/oncourt.online\/pl\/basketball-hoops\/"},{"@type":"ListItem","position":3,"name":"MegaSlam 60"}]},{"@type":"WebSite","@id":"https:\/\/oncourt.online\/pl\/#website","url":"https:\/\/oncourt.online\/pl\/","name":"OnCourt Online","description":"Wysokiej jako\u015bci boiska do koszyk\u00f3wki","publisher":{"@id":"https:\/\/oncourt.online\/pl\/#organization"},"potentialAction":[{"@type":"SearchAction","target":{"@type":"EntryPoint","urlTemplate":"https:\/\/oncourt.online\/pl\/?s={search_term_string}"},"query-input":{"@type":"PropertyValueSpecification","valueRequired":true,"valueName":"search_term_string"}}],"inLanguage":"pl-PL"},{"@type":"Organization","@id":"https:\/\/oncourt.online\/pl\/#organization","name":"OnCourt Online","url":"https:\/\/oncourt.online\/pl\/","logo":{"@type":"ImageObject","inLanguage":"pl-PL","@id":"https:\/\/oncourt.online\/pl\/#\/schema\/logo\/image\/","url":"https:\/\/oncourt.online\/wp-content\/uploads\/2021\/12\/Logo_OnCourt_Black.svg","contentUrl":"https:\/\/oncourt.online\/wp-content\/uploads\/2021\/12\/Logo_OnCourt_Black.svg","width":"1024","height":"1024","caption":"OnCourt Online"},"image":{"@id":"https:\/\/oncourt.online\/pl\/#\/schema\/logo\/image\/"},"sameAs":["https:\/\/www.facebook.com\/oncourt.online\/"],"email":"info@oncourt.online"}]},"product_price_amount":"2065","product_price_currency":"EUR","og_availability":"instock","product_availability":"instock","product_retailer_item_id":"MGSL60","product_condition":"new"},"_links":{"self":[{"href":"https:\/\/oncourt.online\/pl\/wp-json\/wp\/v2\/product\/370","targetHints":{"allow":["GET"]}}],"collection":[{"href":"https:\/\/oncourt.online\/pl\/wp-json\/wp\/v2\/product"}],"about":[{"href":"https:\/\/oncourt.online\/pl\/wp-json\/wp\/v2\/types\/product"}],"wp:featuredmedia":[{"embeddable":true,"href":"https:\/\/oncourt.online\/pl\/wp-json\/wp\/v2\/media\/356"}],"wp:attachment":[{"href":"https:\/\/oncourt.online\/pl\/wp-json\/wp\/v2\/media?parent=370"}],"wp:term":[{"taxonomy":"product_brand","embeddable":true,"href":"https:\/\/oncourt.online\/pl\/wp-json\/wp\/v2\/product_brand?post=370"},{"taxonomy":"product_cat","embeddable":true,"href":"https:\/\/oncourt.online\/pl\/wp-json\/wp\/v2\/product_cat?post=370"},{"taxonomy":"product_tag","embeddable":true,"href":"https:\/\/oncourt.online\/pl\/wp-json\/wp\/v2\/product_tag?post=370"}],"curies":[{"name":"wp","href":"https:\/\/api.w.org\/{rel}","templated":true}]}}