{"id":80,"date":"2021-10-19T20:14:24","date_gmt":"2021-10-19T20:14:24","guid":{"rendered":"https:\/\/oncourt.online\/?page_id=80"},"modified":"2026-01-07T15:32:24","modified_gmt":"2026-01-07T15:32:24","slug":"o-nas","status":"publish","type":"page","link":"https:\/\/oncourt.online\/pl\/about\/","title":{"rendered":"O OnCourt"},"content":{"rendered":"<h2 class=\"gb-text\">Zbudowane wok\u00f3\u0142 koszyk\u00f3wki<\/h2>\n\n\n\n<p class=\"gb-text gb-text-81affc46\">OnCourt projektuje i dostarcza wysokowydajne boiska do koszyk\u00f3wki dla dom\u00f3w, klub\u00f3w i obiekt\u00f3w w ca\u0142ej Europie. Skupiamy si\u0119 na tym, co na boisku najwa\u017cniejsze \u2013 wydajno\u015bci nawierzchni, precyzyjnych uk\u0142adach, trwa\u0142ym wyposa\u017ceniu i jasnym planowaniu \u2013 wnosz\u0105c profesjonalne standardy do ka\u017cdego projektu, niezale\u017cnie od skali.<\/p>\n\n\n\n<p class=\"gb-text\">Koszyk\u00f3wka nie jest dla nas dodatkiem. Jest fundamentem wszystkiego, co budujemy.<\/p>\n\n\n\n<p class=\"gb-text translation-block\"><strong><em><a href=\"https:\/\/oncourt.online\/pl\/3d-projektant-boisk-do-koszykowki\/\" target=\"_self\">Zaprojektuj swoje boisko do koszyk\u00f3wki w 3D<\/a><\/em><\/strong>, aby przed budow\u0105 pozna\u0107 uk\u0142ad, kolory, oznaczenia i wyposa\u017cenie.<\/p>\n\n\n\n<h3 class=\"gb-headline gb-headline-ccfedaf1 gb-headline-text\">Specjali\u015bci, a nie generali\u015bci<\/h3>\n\n\n\n<p class=\"gb-text gb-text-8c945255\">W przeciwie\u0144stwie do dostawc\u00f3w og\u00f3lnych nawierzchni sportowych, firma OnCourt specjalizuje si\u0119 w koszyk\u00f3wce. Nasza oferta produkt\u00f3w, przewodniki i narz\u0119dzia projektowe s\u0105 opracowywane specjalnie z my\u015bl\u0105 o specyfice tej dyscypliny, od pracy n\u00f3g i reakcji na pi\u0142k\u0119 po wymiary boiska i po\u0142o\u017cenie kosza.<\/p>\n\n\n\n<p class=\"gb-text\">To skupienie pozwala nam oferowa\u0107 bardziej przejrzyste porady, lepsze dopasowanie produkt\u00f3w i dok\u0142adniejsze planowanie ni\u017c dostawcy oferuj\u0105cy produkty dla wielu dyscyplin sportowych.<\/p>\n\n\n\n<h3 class=\"gb-headline gb-headline-ea969289 gb-headline-text\">Najpierw projekt. Buduj z pewno\u015bci\u0105 siebie.<\/h3>\n\n\n\n<p class=\"gb-text gb-text-ddbfc979\">Ka\u017cdy kort zaczyna si\u0119 od planu. Platforma OnCourt do projektowania kort\u00f3w 3D pozwala klientom konfigurowa\u0107 uk\u0142ady, przegl\u0105da\u0107 schematy kolor\u00f3w, wybiera\u0107 pod\u0142ogi i okre\u015bla\u0107 obr\u0119cze przed podj\u0119ciem decyzji o budowie. Efektem jest lepsze zrozumienie przestrzeni, wydajno\u015bci i koszt\u00f3w, co pozwala na p\u0142ynniejsze przej\u015bcie od koncepcji do instalacji.<\/p>\n\n\n\n<p class=\"gb-text\">Natychmiastowe wyceny, dok\u0142adne projekty i mo\u017cliwo\u015b\u0107 udost\u0119pniania projekt\u00f3w eliminuj\u0105 niepewno\u015b\u0107 na wczesnym etapie procesu.<\/p>\n\n\n\n<h3 class=\"gb-headline gb-headline-c16bc7a6 gb-headline-text\">Sprawdzone produkty, zaprojektowane z my\u015bl\u0105 o trwa\u0142o\u015bci<\/h3>\n\n\n\n<p class=\"gb-text gb-text-9ce3da67\">OnCourt dostarcza wysokiej jako\u015bci modu\u0142owe pod\u0142ogi do koszyk\u00f3wki oraz profesjonalne kosze Mega Slam. Nasz sprz\u0119t jest wybierany ze wzgl\u0119du na trwa\u0142o\u015b\u0107, stabilno\u015b\u0107 i d\u0142ugotrwa\u0142\u0105 wydajno\u015b\u0107. Od p\u00f3\u0142boisk przydomowych po obiekty klubowe i instalacje komercyjne \u2014 nasze systemy s\u0105 zaprojektowane tak, aby sprosta\u0107 wymaganiom intensywnej gry bez \u017cadnych kompromis\u00f3w.<\/p>\n\n\n\n<p class=\"gb-text\">Nie pod\u0105\u017camy za trendami. Skupiamy si\u0119 na materia\u0142ach, in\u017cynierii i niezawodno\u015bci.<\/p>\n\n\n\n<p>OnCourt dostarcza wysokiej jako\u015bci nawierzchnie zewn\u0119trzne wraz ze sprawdzonymi <strong><em><a href=\"https:\/\/oncourt.online\/pl\/obrecze-do-koszykowki\/\">Obr\u0119cze do koszyk\u00f3wki Mega Slam<\/a><\/em><\/strong> i sprz\u0119t kortowy, dobrane tak, aby dzia\u0142a\u0142y razem jako kompletny system.<\/p>\n\n\n\n<h3 class=\"gb-headline gb-headline-5efdb362 gb-headline-text\">Porady, kt\u00f3rym mo\u017cesz zaufa\u0107<\/h3>\n\n\n\n<p class=\"gb-text gb-text-f96f3624\">Budowa boiska do koszyk\u00f3wki to co\u015b wi\u0119cej ni\u017c tylko wyb\u00f3r produkt\u00f3w. W naszych przewodnikach przedstawiamy jasne, praktyczne porady dotycz\u0105ce uk\u0142ad\u00f3w, opcji pod\u0142\u00f3g, o\u015bwietlenia, monta\u017cu i planowania, aby pom\u00f3c klientom w podejmowaniu \u015bwiadomych decyzji na ka\u017cdym etapie.<\/p>\n\n\n\n<p class=\"gb-text\">Niezale\u017cnie od tego, czy budujesz sw\u00f3j pierwszy kort domowy, czy projektujesz obiekt dla wielu u\u017cytkownik\u00f3w, naszym celem jest zast\u0105pienie domys\u0142\u00f3w pewno\u015bci\u0105.<\/p>\n\n\n\n<p><strong><em><a href=\"https:\/\/oncourt.online\/pl\/przewodniki\/\">Poznaj nasze przewodniki po boiskach do koszyk\u00f3wki<\/a><\/em><\/strong> aby zrozumie\u0107 uk\u0142ady, powierzchnie, sprz\u0119t i instalacj\u0119 przed podj\u0119ciem decyzji.<\/p>\n\n\n\n<h3 class=\"gb-text\">W ca\u0142ej Europie i poza ni\u0105<\/h3>\n\n\n\n<p class=\"gb-text\">OnCourt wspiera projekty w ca\u0142ej Europie, wsp\u00f3\u0142pracuj\u0105c z klientami prywatnymi, klubami, szko\u0142ami i partnerami komercyjnymi. Nasze do\u015bwiadczenie obejmuje r\u00f3\u017cne warunki lokalizacyjne, przepisy i przypadki u\u017cycia, co pozwala nam dostosowywa\u0107 rozwi\u0105zania bez utraty wydajno\u015bci.<\/p>\n\n\n\n<div class=\"gb-element-cb14beec\">\n<h3 class=\"gb-text\">Podej\u015bcie OnCourt<\/h3>\n\n\n\n<p class=\"gb-text\">Je\u015bli planujesz budow\u0119 boiska do koszyk\u00f3wki, w domu lub na wi\u0119ksz\u0105 skal\u0119, OnCourt pomo\u017ce Ci to zrobi\u0107 prawid\u0142owo.<\/p>\n\n\n\n<p class=\"gb-text-7b6b1e25\"><span class=\"gb-shape\"><svg aria-hidden=\"true\" role=\"img\" height=\"1em\" width=\"1em\" viewbox=\"0 0 512 512\" xmlns=\"http:\/\/www.w3.org\/2000\/svg\"><path fill=\"currentColor\" d=\"M173.898 439.404l-166.4-166.4c-9.997-9.997-9.997-26.206 0-36.204l36.203-36.204c9.997-9.998 26.207-9.998 36.204 0L192 312.69 432.095 72.596c9.997-9.997 26.207-9.997 36.204 0l36.203 36.204c9.997 9.997 9.997 26.206 0 36.204l-294.4 294.401c-9.998 9.997-26.207 9.997-36.204-.001z\"><\/path><\/svg><\/span><span class=\"gb-text\">Najpierw koszyk\u00f3wka<\/span><\/p>\n\n\n\n<p class=\"gb-text-ee8810d5\"><span class=\"gb-shape\"><svg aria-hidden=\"true\" role=\"img\" height=\"1em\" width=\"1em\" viewbox=\"0 0 512 512\" xmlns=\"http:\/\/www.w3.org\/2000\/svg\"><path fill=\"currentColor\" d=\"M173.898 439.404l-166.4-166.4c-9.997-9.997-9.997-26.206 0-36.204l36.203-36.204c9.997-9.998 26.207-9.998 36.204 0L192 312.69 432.095 72.596c9.997-9.997 26.207-9.997 36.204 0l36.203 36.204c9.997 9.997 9.997 26.206 0 36.204l-294.4 294.401c-9.998 9.997-26.207 9.997-36.204-.001z\"><\/path><\/svg><\/span><span class=\"gb-text\">Jasne planowanie przed rozpocz\u0119ciem budowy<\/span><\/p>\n\n\n\n<p class=\"gb-text-c3c5234a\"><span class=\"gb-shape\"><svg aria-hidden=\"true\" role=\"img\" height=\"1em\" width=\"1em\" viewbox=\"0 0 512 512\" xmlns=\"http:\/\/www.w3.org\/2000\/svg\"><path fill=\"currentColor\" d=\"M173.898 439.404l-166.4-166.4c-9.997-9.997-9.997-26.206 0-36.204l36.203-36.204c9.997-9.998 26.207-9.998 36.204 0L192 312.69 432.095 72.596c9.997-9.997 26.207-9.997 36.204 0l36.203 36.204c9.997 9.997 9.997 26.206 0 36.204l-294.4 294.401c-9.998 9.997-26.207 9.997-36.204-.001z\"><\/path><\/svg><\/span><span class=\"gb-text\">Wyb\u00f3r produkt\u00f3w pod k\u0105tem wydajno\u015bci<\/span><\/p>\n\n\n\n<p class=\"gb-text-e6cf79e3\"><span class=\"gb-shape\"><svg aria-hidden=\"true\" role=\"img\" height=\"1em\" width=\"1em\" viewbox=\"0 0 512 512\" xmlns=\"http:\/\/www.w3.org\/2000\/svg\"><path fill=\"currentColor\" d=\"M173.898 439.404l-166.4-166.4c-9.997-9.997-9.997-26.206 0-36.204l36.203-36.204c9.997-9.998 26.207-9.998 36.204 0L192 312.69 432.095 72.596c9.997-9.997 26.207-9.997 36.204 0l36.203 36.204c9.997 9.997 9.997 26.206 0 36.204l-294.4 294.401c-9.998 9.997-26.207 9.997-36.204-.001z\"><\/path><\/svg><\/span><span class=\"gb-text\">Szczere, praktyczne wskaz\u00f3wki<\/span><\/p>\n\n\n\n<p class=\"gb-text-9fa5ab33\"><span class=\"gb-shape\"><svg aria-hidden=\"true\" role=\"img\" height=\"1em\" width=\"1em\" viewbox=\"0 0 512 512\" xmlns=\"http:\/\/www.w3.org\/2000\/svg\"><path fill=\"currentColor\" d=\"M173.898 439.404l-166.4-166.4c-9.997-9.997-9.997-26.206 0-36.204l36.203-36.204c9.997-9.998 26.207-9.998 36.204 0L192 312.69 432.095 72.596c9.997-9.997 26.207-9.997 36.204 0l36.203 36.204c9.997 9.997 9.997 26.206 0 36.204l-294.4 294.401c-9.998 9.997-26.207 9.997-36.204-.001z\"><\/path><\/svg><\/span><span class=\"gb-text\">Narz\u0119dzia u\u0142atwiaj\u0105ce podejmowanie z\u0142o\u017conych decyzji<\/span><\/p>\n\n\n\n<p>Je\u015bli nadal zastanawiasz si\u0119 nad opcjami, nasz <a href=\"https:\/\/oncourt.online\/pl\/basketball-court-faq\/\"><strong><em>Najcz\u0119\u015bciej zadawane pytania dotycz\u0105ce boiska do koszyk\u00f3wki<\/em><\/strong><\/a> odpowiedzi na najcz\u0119\u015bciej zadawane pytania dotycz\u0105ce powierzchni, uk\u0142ad\u00f3w, trwa\u0142o\u015bci i instalacji.<\/p>\n<\/div>\n\n\n<div class=\"gb-grid-wrapper gb-grid-wrapper-44caa69b\">\n<div class=\"gb-grid-column gb-grid-column-12b2a9f8\"><div class=\"gb-container gb-container-12b2a9f8\"><div class=\"gb-inside-container\">\n\n<figure class=\"gb-block-image gb-block-image-6adfd5ca\"><img loading=\"lazy\" decoding=\"async\" width=\"300\" height=\"169\" class=\"gb-image gb-image-6adfd5ca\" src=\"https:\/\/oncourt.online\/wp-content\/uploads\/2021\/10\/NIKE.png\" alt=\"Nike\" title=\"NIKE\"\/><\/figure>\n\n<\/div><\/div><\/div>\n\n<div class=\"gb-grid-column gb-grid-column-e5bb2fe1\"><div class=\"gb-container gb-container-e5bb2fe1\"><div class=\"gb-inside-container\">\n\n<figure class=\"gb-block-image gb-block-image-f8558887\"><img loading=\"lazy\" decoding=\"async\" width=\"300\" height=\"169\" class=\"gb-image gb-image-f8558887\" src=\"https:\/\/oncourt.online\/wp-content\/uploads\/2021\/10\/England-Football.png\" alt=\"Logo reprezentacji Anglii w pi\u0142ce no\u017cnej\" title=\"Anglia-Pi\u0142ka no\u017cna\"\/><\/figure>\n\n<\/div><\/div><\/div>\n\n<div class=\"gb-grid-column gb-grid-column-3ac2520c\"><div class=\"gb-container gb-container-3ac2520c\"><div class=\"gb-inside-container\">\n\n<figure class=\"gb-block-image gb-block-image-32bd7dfd\"><img loading=\"lazy\" decoding=\"async\" width=\"300\" height=\"169\" class=\"gb-image gb-image-32bd7dfd\" src=\"https:\/\/oncourt.online\/wp-content\/uploads\/2021\/10\/Red-Bull.png\" alt=\"Logo Red Bull\" title=\"Red Bull\"\/><\/figure>\n\n<\/div><\/div><\/div>\n\n<div class=\"gb-grid-column gb-grid-column-b8a0acf4\"><div class=\"gb-container gb-container-b8a0acf4\"><div class=\"gb-inside-container\">\n\n<figure class=\"gb-block-image gb-block-image-199d062a\"><img loading=\"lazy\" decoding=\"async\" width=\"300\" height=\"169\" class=\"gb-image gb-image-199d062a\" src=\"https:\/\/oncourt.online\/wp-content\/uploads\/2021\/10\/Canary-Wharf-Group.png\" alt=\"Logo Canary Wharf Group\" title=\"Grupa Canary Wharf\"\/><\/figure>\n\n<\/div><\/div><\/div>\n\n<div class=\"gb-grid-column gb-grid-column-bcea7224\"><div class=\"gb-container gb-container-bcea7224\"><div class=\"gb-inside-container\">\n\n<figure class=\"gb-block-image gb-block-image-b9d71ee3\"><img loading=\"lazy\" decoding=\"async\" width=\"300\" height=\"169\" class=\"gb-image gb-image-b9d71ee3\" src=\"https:\/\/oncourt.online\/wp-content\/uploads\/2021\/10\/BBC.png\" alt=\"Logo BBC\" title=\"BBC\"\/><\/figure>\n\n<\/div><\/div><\/div>\n<\/div>","protected":false},"excerpt":{"rendered":"<p> ... <a title=\"O OnCourt\" class=\"read-more\" href=\"https:\/\/oncourt.online\/pl\/about\/\" aria-label=\"Dowiedz si\u0119 wi\u0119cej o About OnCourt\">Czytaj wi\u0119cej<\/a><\/p>","protected":false},"author":2,"featured_media":6877,"parent":0,"menu_order":11,"comment_status":"closed","ping_status":"closed","template":"","meta":{"_acf_changed":false,"inline_featured_image":false,"footnotes":""},"class_list":{"0":"post-80","1":"page","2":"type-page","3":"status-publish","4":"has-post-thumbnail","6":"infinite-scroll-item","7":"no-featured-image-padding","8":"resize-featured-image"},"acf":[],"yoast_head":"<!-- This site is optimized with the Yoast SEO Premium plugin v26.8 (Yoast SEO v27.3) - https:\/\/yoast.com\/product\/yoast-seo-premium-wordpress\/ -->\n<title>About OnCourt | Basketball Court Surfaces, Systems &amp; Design<\/title>\n<meta name=\"description\" content=\"OnCourt creates premium basketball courts, combining high-performance surfaces, pro-grade hoops and intuitive court-planning tools.\" \/>\n<meta name=\"robots\" content=\"index, follow, max-snippet:-1, max-image-preview:large, max-video-preview:-1\" \/>\n<link rel=\"canonical\" href=\"https:\/\/oncourt.online\/pl\/o-nas\/\" \/>\n<meta property=\"og:locale\" content=\"pl_PL\" \/>\n<meta property=\"og:type\" content=\"article\" \/>\n<meta property=\"og:title\" content=\"About OnCourt\" \/>\n<meta property=\"og:description\" content=\"OnCourt creates premium basketball courts, combining high-performance surfaces, pro-grade hoops and intuitive court-planning tools.\" \/>\n<meta property=\"og:url\" content=\"https:\/\/oncourt.online\/pl\/o-nas\/\" \/>\n<meta property=\"og:site_name\" content=\"OnCourt Online\" \/>\n<meta property=\"article:publisher\" content=\"https:\/\/www.facebook.com\/oncourt.online\/\" \/>\n<meta property=\"article:modified_time\" content=\"2026-01-07T15:32:24+00:00\" \/>\n<meta property=\"og:image\" content=\"https:\/\/oncourt.online\/wp-content\/uploads\/2022\/05\/OnCourt-Shipping-and-Delivery-Header.jpg\" \/>\n\t<meta property=\"og:image:width\" content=\"1440\" \/>\n\t<meta property=\"og:image:height\" content=\"498\" \/>\n\t<meta property=\"og:image:type\" content=\"image\/jpeg\" \/>\n<meta name=\"twitter:card\" content=\"summary_large_image\" \/>\n<meta name=\"twitter:label1\" content=\"Szacowany czas czytania\" \/>\n\t<meta name=\"twitter:data1\" content=\"4 minuty\" \/>\n<!-- \/ Yoast SEO Premium plugin. -->","yoast_head_json":{"title":"O OnCourt | Nawierzchnie boisk do koszyk\u00f3wki, systemy i projektowanie","description":"OnCourt tworzy najwy\u017cszej jako\u015bci boiska do koszyk\u00f3wki, \u0142\u0105cz\u0105c wysokiej jako\u015bci nawierzchnie, profesjonalne obr\u0119cze i intuicyjne narz\u0119dzia do planowania boiska.","robots":{"index":"index","follow":"follow","max-snippet":"max-snippet:-1","max-image-preview":"max-image-preview:large","max-video-preview":"max-video-preview:-1"},"canonical":"https:\/\/oncourt.online\/pl\/o-nas\/","og_locale":"pl_PL","og_type":"article","og_title":"About OnCourt","og_description":"OnCourt creates premium basketball courts, combining high-performance surfaces, pro-grade hoops and intuitive court-planning tools.","og_url":"https:\/\/oncourt.online\/pl\/o-nas\/","og_site_name":"OnCourt Online","article_publisher":"https:\/\/www.facebook.com\/oncourt.online\/","article_modified_time":"2026-01-07T15:32:24+00:00","og_image":[{"width":1440,"height":498,"url":"https:\/\/oncourt.online\/wp-content\/uploads\/2022\/05\/OnCourt-Shipping-and-Delivery-Header.jpg","type":"image\/jpeg"}],"twitter_card":"summary_large_image","twitter_misc":{"Szacowany czas czytania":"4 minuty"},"schema":{"@context":"https:\/\/schema.org","@graph":[{"@type":"WebPage","@id":"https:\/\/oncourt.online\/pl\/about\/","url":"https:\/\/oncourt.online\/pl\/about\/","name":"O OnCourt | Nawierzchnie boisk do koszyk\u00f3wki, systemy i projektowanie","isPartOf":{"@id":"https:\/\/oncourt.online\/pl\/#website"},"primaryImageOfPage":{"@id":"https:\/\/oncourt.online\/pl\/about\/#primaryimage"},"image":{"@id":"https:\/\/oncourt.online\/pl\/about\/#primaryimage"},"thumbnailUrl":"https:\/\/oncourt.online\/wp-content\/uploads\/2022\/05\/OnCourt-Shipping-and-Delivery-Header.jpg","datePublished":"2021-10-19T20:14:24+00:00","dateModified":"2026-01-07T15:32:24+00:00","description":"OnCourt tworzy najwy\u017cszej jako\u015bci boiska do koszyk\u00f3wki, \u0142\u0105cz\u0105c wysokiej jako\u015bci nawierzchnie, profesjonalne obr\u0119cze i intuicyjne narz\u0119dzia do planowania boiska.","breadcrumb":{"@id":"https:\/\/oncourt.online\/pl\/about\/#breadcrumb"},"inLanguage":"pl-PL","potentialAction":[{"@type":"ReadAction","target":["https:\/\/oncourt.online\/pl\/about\/"]}]},{"@type":"ImageObject","inLanguage":"pl-PL","@id":"https:\/\/oncourt.online\/pl\/about\/#primaryimage","url":"https:\/\/oncourt.online\/wp-content\/uploads\/2022\/05\/OnCourt-Shipping-and-Delivery-Header.jpg","contentUrl":"https:\/\/oncourt.online\/wp-content\/uploads\/2022\/05\/OnCourt-Shipping-and-Delivery-Header.jpg","width":1440,"height":498,"caption":"Shipping & Delivery | OnCourt"},{"@type":"BreadcrumbList","@id":"https:\/\/oncourt.online\/pl\/about\/#breadcrumb","itemListElement":[{"@type":"ListItem","position":1,"name":"Home","item":"https:\/\/oncourt.online\/"},{"@type":"ListItem","position":2,"name":"About OnCourt"}]},{"@type":"WebSite","@id":"https:\/\/oncourt.online\/pl\/#website","url":"https:\/\/oncourt.online\/pl\/","name":"OnCourt Online","description":"Wysokiej jako\u015bci boiska do koszyk\u00f3wki","publisher":{"@id":"https:\/\/oncourt.online\/pl\/#organization"},"potentialAction":[{"@type":"SearchAction","target":{"@type":"EntryPoint","urlTemplate":"https:\/\/oncourt.online\/pl\/?s={search_term_string}"},"query-input":{"@type":"PropertyValueSpecification","valueRequired":true,"valueName":"search_term_string"}}],"inLanguage":"pl-PL"},{"@type":"Organization","@id":"https:\/\/oncourt.online\/pl\/#organization","name":"OnCourt Online","url":"https:\/\/oncourt.online\/pl\/","logo":{"@type":"ImageObject","inLanguage":"pl-PL","@id":"https:\/\/oncourt.online\/pl\/#\/schema\/logo\/image\/","url":"https:\/\/oncourt.online\/wp-content\/uploads\/2021\/12\/Logo_OnCourt_Black.svg","contentUrl":"https:\/\/oncourt.online\/wp-content\/uploads\/2021\/12\/Logo_OnCourt_Black.svg","width":"1024","height":"1024","caption":"OnCourt Online"},"image":{"@id":"https:\/\/oncourt.online\/pl\/#\/schema\/logo\/image\/"},"sameAs":["https:\/\/www.facebook.com\/oncourt.online\/"],"email":"info@oncourt.online"}]}},"_links":{"self":[{"href":"https:\/\/oncourt.online\/pl\/wp-json\/wp\/v2\/pages\/80","targetHints":{"allow":["GET"]}}],"collection":[{"href":"https:\/\/oncourt.online\/pl\/wp-json\/wp\/v2\/pages"}],"about":[{"href":"https:\/\/oncourt.online\/pl\/wp-json\/wp\/v2\/types\/page"}],"author":[{"embeddable":true,"href":"https:\/\/oncourt.online\/pl\/wp-json\/wp\/v2\/users\/2"}],"replies":[{"embeddable":true,"href":"https:\/\/oncourt.online\/pl\/wp-json\/wp\/v2\/comments?post=80"}],"version-history":[{"count":0,"href":"https:\/\/oncourt.online\/pl\/wp-json\/wp\/v2\/pages\/80\/revisions"}],"wp:featuredmedia":[{"embeddable":true,"href":"https:\/\/oncourt.online\/pl\/wp-json\/wp\/v2\/media\/6877"}],"wp:attachment":[{"href":"https:\/\/oncourt.online\/pl\/wp-json\/wp\/v2\/media?parent=80"}],"curies":[{"name":"wp","href":"https:\/\/api.w.org\/{rel}","templated":true}]}}