{"id":6797,"date":"2022-05-26T13:42:42","date_gmt":"2022-05-26T13:42:42","guid":{"rendered":"https:\/\/oncourt.online\/?page_id=6797"},"modified":"2026-01-09T02:04:24","modified_gmt":"2026-01-09T02:04:24","slug":"dostawa-wysylkowa","status":"publish","type":"page","link":"https:\/\/oncourt.online\/pl\/shipping-delivery\/","title":{"rendered":"Wysy\u0142ka i dostawa"},"content":{"rendered":"<div class=\"gb-container gb-container-f34a8199\">\n<div class=\"gb-container gb-container-235943a7\">\n\n<h2 class=\"gb-headline gb-headline-88ee416e gb-headline-text\">Polityka wysy\u0142ki OnCourt Online<\/h2>\n\n\n\n<p class=\"gb-headline gb-headline-0924883b gb-headline-text not_last_text\">Wysy\u0142ka i dostawa OnCourt zale\u017c\u0105 od wybranych produkt\u00f3w. W przypadku zakupu zestawu boiska kosz i komponenty s\u0105 wysy\u0142ane tak szybko, jak to mo\u017cliwe, aby mog\u0142y zosta\u0107 uwzgl\u0119dnione podczas budowy podbudowy. Nawierzchnie boiska s\u0105 produkowane i wysy\u0142ane po przygotowaniu, kt\u00f3re obecnie trwa 10\u201312 tygodni. <\/p>\n\n\n\n<p class=\"gb-text not_last_text\">Dost\u0119pno\u015b\u0107 dostawy r\u00f3\u017cni si\u0119 w zale\u017cno\u015bci od kraju. Wysy\u0142amy wy\u0142\u0105cznie do wybranych region\u00f3w widocznych podczas realizacji zam\u00f3wienia.<\/p>\n\n\n\n<p>Je\u015bli Tw\u00f3j kraj nie jest wymieniony i planujesz projekt boiska do koszyk\u00f3wki, skontaktuj si\u0119 z nami w celu oceny mo\u017cliwo\u015bci. Dost\u0119pno\u015b\u0107 oceniana jest indywidualnie. <\/p>\n\n\n\n<h3 class=\"gb-headline gb-headline-3e94b795 gb-headline-text\">Modu\u0142owe nawierzchnie sportowe dostarczane gotowe do instalacji Plug &amp; Play<\/h3>\n\n\n\n<p class=\"gb-headline gb-headline-e71567d7 gb-headline-text not_last_text\">Powierzchnie boiska s\u0105 wysy\u0142ane w paczkach, gotowe do \u0142atwego samodzielnego monta\u017cu. Ka\u017cde boisko dostarczane jest na palecie, z ponumerowanymi panelami i map\u0105 referencyjn\u0105 (Dostawy do klient\u00f3w indywidualnych odbywaj\u0105 si\u0119 na kraw\u0119\u017cnik).<\/p>\n\n\n\n<p class=\"translation-block\">Ka\u017cde modu\u0142owe boisko sportowe jest wykonywane na zam\u00f3wienie, <strong>a produkcja trwa oko\u0142o<\/strong> <strong>10\u201312 tygodni<\/strong> od potwierdzonego przyj\u0119cia zam\u00f3wienia. Terminy dostawy r\u00f3\u017cni\u0105 si\u0119 w zale\u017cno\u015bci od lokalizacji, a po wysy\u0142ce otrzymasz aktualizacj\u0119 z przewidywan\u0105 dat\u0105 przybycia i numerem \u015bledzenia (aktywnym po odprawie celnej w kraju docelowym). Wszystkie nale\u017cno\u015bci celne s\u0105 op\u0142acone z g\u00f3ry, a dostawy realizowane s\u0105 na warunkach DDP (Delivered Duty Paid), bez ukrytych koszt\u00f3w.<\/p>\n\n\n<div class=\"gb-container gb-container-cfce094b\">\n\n<h2 class=\"gb-text\">Wysy\u0142ka produktu<\/h2>\n\n\n\n<p>Unless otherwise stated, all orders from OnCourt are shipped via trusted common carriers. Products are dispatched brand new and in good condition, as advertised. Basketball systems are delivered via <strong>Curbside Delivery<\/strong>, which means your order will be delivered to the curb at the end of your driveway. Please note this service <strong>does not include installation, assembly, or packaging removal<\/strong>.<\/p>\n\n\n\n<h3 class=\"gb-headline gb-headline-bce52be2 gb-headline-text\">Zmiany adresu po wysy\u0142ce<\/h3>\n\n\n\n<p>Je\u015bli adres dostawy zostanie zmieniony po odebraniu przesy\u0142ki przez przewo\u017anika drogowego, b\u0119dzie to traktowane jako ponowna wysy\u0142ka i zostan\u0105 naliczone dodatkowe op\u0142aty.<\/p>\n\n\n\n<h3 class=\"gb-headline gb-headline-ab76306c gb-headline-text\">Delivery Schedule<\/h3>\n\n\n\n<p class=\"translation-block\">Dostawy s\u0105 zazwyczaj realizowane <strong>od poniedzia\u0142ku do pi\u0105tku, w godzinach 08:00\u201318:00<\/strong>. Godziny mog\u0105 si\u0119 r\u00f3\u017cni\u0107 w zale\u017cno\u015bci od lokalizacji, trasy kierowcy oraz nieprzewidzianych czynnik\u00f3w, takich jak ruch drogowy czy warunki pogodowe.<\/p>\n\n\n\n<h3 class=\"gb-headline gb-headline-d3e65b23 gb-headline-text\">Pojazd dostawczy i dost\u0119p<\/h3>\n\n\n\n<p class=\"gb-text not_last_text translation-block\">Zam\u00f3wienia detaliczne s\u0105 dostarczane <strong>ci\u0119\u017ckimi pojazdami towarowymi (np. samochodem ci\u0119\u017carowym z naczep\u0105)<\/strong> i zazwyczaj obejmuj\u0105 <strong>hydrauliczn\u0105 wind\u0119 za\u0142adunkow\u0105<\/strong>. Kierowca odpowiada za roz\u0142adunek produktu i jego ustawienie przy kraw\u0119\u017cniku. W przypadku wykonania dodatkowych us\u0142ug dostawy mog\u0105 zosta\u0107 naliczone dodatkowe op\u0142aty.<\/p>\n\n\n\n<p class=\"translation-block\">Prosimy o dok\u0142adne sprawdzenie dokumentu dostawy w celu potwierdzenia, \u017ce <strong>nie wykonano \u017cadnych dodatkowych us\u0142ug<\/strong>. Je\u015bli zosta\u0142y wykonane, OnCourt zastrzega sobie prawo do <strong>przeniesienia tych koszt\u00f3w<\/strong>.<\/p>\n\n\n\n<h3 class=\"wp-block-heading\" id=\"h-delivery-signature-amp-inspection\">Podpis i kontrola przy dostawie<\/h3>\n\n\n\n<p class=\"gb-text not_last_text translation-block\">Przy dostawie wymagany jest <strong>podpis<\/strong>. Opakowanie nale\u017cy sprawdzi\u0107 <strong>przed podpisaniem<\/strong>. W razie potrzeby mo\u017cna otworzy\u0107 opakowanie, aby sprawdzi\u0107 stan zawarto\u015bci, w szczeg\u00f3lno\u015bci <strong>szklane tablice<\/strong>, kt\u00f3re s\u0105 bardziej podatne na uszkodzenia podczas transportu.<\/p>\n\n\n\n<p>Je\u015bli jakakolwiek cz\u0119\u015b\u0107 przesy\u0142ki wygl\u0105da na uszkodzon\u0105:<\/p>\n\n\n\n<ul class=\"wp-block-list\">\n<li><strong>Do not refuse delivery.<\/strong><\/li>\n\n\n\n<li>Make clear notes on the delivery receipt describing the issue (e.g., <em>&#8220;Backboard shattered at time of delivery&#8221;<\/em>).<\/li>\n\n\n\n<li>Take clear <strong>photos of the damage<\/strong>.<\/li>\n\n\n\n<li>Email the signed receipt and photos to our support team and we\u2019ll send a <strong>replacement part<\/strong> immediately.<\/li>\n<\/ul>\n\n\n\n<p class=\"gb-text not_last_text\">In the meantime, you can continue with any setup steps that are unaffected (e.g., setting anchors and allowing concrete to cure).<\/p>\n\n\n\n<p>A signature is required for all deliveries. Receiver will be required to sign a delivery receipt and delivery will not occur without it.<\/p>\n\n\n\n<h3 class=\"gb-headline gb-headline-7838bbbd gb-headline-text\">Important Notes on Delivery<\/h3>\n\n\n\n<ul class=\"wp-block-list\">\n<li>All items leave our warehouse <strong>brand new and undamaged<\/strong>.<\/li>\n\n\n\n<li>If damage is not reported on the delivery receipt, you <strong>release the carrier from liability<\/strong> and may not be able to claim compensation.<\/li>\n\n\n\n<li><strong>Tempered glass<\/strong> does not crack \u2014 it shatters. If your backboard is broken, it will be in <strong>many small pieces<\/strong>, not cracked.<\/li>\n<\/ul>\n\n\n\n<p>For your protection, <strong>write \u201cSubject to Inspection\u201d next to your signature<\/strong> when signing for delivery.<\/p>\n\n\n\n<h3 class=\"gb-headline gb-headline-dd213a82 gb-headline-text\">Delivery Access<\/h3>\n\n\n\n<p>If your location cannot be accessed by a large delivery vehicle (e.g. narrow roads, steep drives, gated communities), you may need to:<\/p>\n\n\n\n<ul class=\"wp-block-list\">\n<li>Collect your order from a local terminal, or<\/li>\n\n\n\n<li>Arrange final delivery through a third-party courier.<\/li>\n<\/ul>\n\n\n\n<h3 class=\"gb-headline gb-headline-f4f6c8ad gb-headline-text\">Undeliverable Orders<\/h3>\n\n\n\n<p>If a shipment is returned as <strong>Undeliverable<\/strong> or <strong>Refused<\/strong>, a <strong>20% restocking fee<\/strong> will apply, and you will be responsible for any original shipping costs.<\/p>\n\n<\/div>\n\n\n<h3 class=\"gb-headline gb-headline-77bdb557 gb-headline-text\">Wysy\u0142ka i c\u0142a (zam\u00f3wienia spoza UE)<\/h3>\n\n\n\n<p class=\"gb-headline gb-headline-f02c1b4c gb-headline-text\">Dla wszystkich wys\u0142anych zam\u00f3wie\u0144 <strong>poza Uni\u0105 Europejsk\u0105<\/strong>:<\/p>\n\n\n\n<ul class=\"wp-block-list\">\n<li>Ceny podane przy kasie nie obejmuj\u0105 podatk\u00f3w lokalnych, ce\u0142 importowych ani op\u0142at celnych.<\/li>\n\n\n\n<li>Jeste\u015b importerem rejestrowym i ponosisz wy\u0142\u0105czn\u0105 odpowiedzialno\u015b\u0107 za wszelkie op\u0142aty zwi\u0105zane z dostaw\u0105.<\/li>\n\n\n\n<li>OnCourt nie pobiera ani nie odprowadza podatku VAT\/GST, ce\u0142 importowych ani op\u0142at celnych dla miejsc docelowych poza UE.<\/li>\n\n\n\n<li>Je\u015bli op\u0142aty zostan\u0105 odrzucone lub nie zostan\u0105 uiszczone, mo\u017ce to spowodowa\u0107 op\u00f3\u017anienia, zwrot lub porzucenie przesy\u0142ki. OnCourt nie ponosi odpowiedzialno\u015bci za wynikaj\u0105ce z tego koszty lub straty i nie zwraca koszt\u00f3w wysy\u0142ki ani op\u0142at za produkty w takich przypadkach.<\/li>\n<\/ul>\n\n\n\n<p>Dokonuj\u0105c zakupu, potwierdzasz i akceptujesz niniejsze warunki.<\/p>\n\n<\/div>\n<\/div>\n\n<div class=\"gb-container gb-container-aedea16a\" id=\"megaslam-shipping\">\n<div class=\"gb-container gb-container-492b5ca3\">\n\n<h2 class=\"gb-headline gb-headline-65d8dcc4 gb-headline-text\">P\u0142ynna dostawa obr\u0119czy Mega Slam Hoop <\/h2>\n\n\n\n<p class=\"gb-headline gb-headline-880344a0 gb-headline-text\">Zamawiaj\u0105c na oncourt.online, dostarczamy obr\u0119cz bezpo\u015brednio pod kraw\u0119\u017cnik \u2013 prosto z magazynu, z ci\u0119\u017car\u00f3wki pod Tw\u00f3j dom. Skorzystaj z naszej 5-punktowej listy kontrolnej, aby zapewni\u0107 p\u0142ynn\u0105 dostaw\u0119 swojego <a href=\"https:\/\/oncourt.online\/pl\/obrecze-do-koszykowki\/\"><em><strong>Mega Slam Hoop<\/strong><\/em><\/a>. <\/p>\n\n\n\n<figure class=\"wp-block-image size-full is-resized\"><img loading=\"lazy\" decoding=\"async\" width=\"600\" height=\"600\" src=\"https:\/\/oncourt.online\/wp-content\/uploads\/2021\/10\/Mega-Slam-Hoop-s-Order-Confirmation.png\" alt=\"Mega Slam Hoops - Potwierdzenie zam\u00f3wienia\" class=\"wp-image-422\" style=\"width:150px;height:auto\" srcset=\"https:\/\/oncourt.online\/wp-content\/uploads\/2021\/10\/Mega-Slam-Hoop-s-Order-Confirmation.png 600w, https:\/\/oncourt.online\/wp-content\/uploads\/2021\/10\/Mega-Slam-Hoop-s-Order-Confirmation-100x100.png 100w, https:\/\/oncourt.online\/wp-content\/uploads\/2021\/10\/Mega-Slam-Hoop-s-Order-Confirmation-545x545.png 545w\" sizes=\"auto, (max-width: 600px) 100vw, 600px\" \/><\/figure>\n\n\n\n<h4 class=\"gb-headline gb-headline-8536b972 gb-headline-text\">1. Potwierd\u017a zam\u00f3wienie<\/h4>\n\n\n\n<p class=\"gb-headline gb-headline-9f1a5517 gb-headline-text\">Gratulacje z okazji zam\u00f3wienia nowej obr\u0119czy! Sprawd\u017a swoj\u0105 skrzynk\u0119 e-mail \u2014 znajdziesz tam szczeg\u00f3\u0142y zam\u00f3wienia. <\/p>\n\n\n\n<figure class=\"wp-block-image size-full is-resized\"><img loading=\"lazy\" decoding=\"async\" width=\"600\" height=\"600\" src=\"https:\/\/oncourt.online\/wp-content\/uploads\/2021\/10\/Mega-Slam-Hoops-Arrange-Delivery.png\" alt=\"Mega Slam Hoops - Zam\u00f3w dostaw\u0119\" class=\"wp-image-419\" style=\"width:150px;height:150px\" srcset=\"https:\/\/oncourt.online\/wp-content\/uploads\/2021\/10\/Mega-Slam-Hoops-Arrange-Delivery.png 600w, https:\/\/oncourt.online\/wp-content\/uploads\/2021\/10\/Mega-Slam-Hoops-Arrange-Delivery-100x100.png 100w, https:\/\/oncourt.online\/wp-content\/uploads\/2021\/10\/Mega-Slam-Hoops-Arrange-Delivery-545x545.png 545w\" sizes=\"auto, (max-width: 600px) 100vw, 600px\" \/><\/figure>\n\n\n\n<h4 class=\"gb-headline gb-headline-9bfe8bb5 gb-headline-text\">2. Wysy\u0142ka i dostawa <\/h4>\n\n\n\n<p class=\"gb-headline gb-headline-290fa9d6 gb-headline-text\">Otrzymasz potwierdzenie wysy\u0142ki zam\u00f3wienia, zawieraj\u0105ce przewidywany czas dostawy. <\/p>\n\n\n\n<figure class=\"wp-block-image size-full is-resized\"><img loading=\"lazy\" decoding=\"async\" width=\"600\" height=\"600\" src=\"https:\/\/oncourt.online\/wp-content\/uploads\/2021\/10\/Mega-Slam-Hoops-Curbside-Delivery.png\" alt=\"Mega Slam Hoops - dostawa przy kraw\u0119\u017cniku\" class=\"wp-image-420\" style=\"width:150px;height:150px\" srcset=\"https:\/\/oncourt.online\/wp-content\/uploads\/2021\/10\/Mega-Slam-Hoops-Curbside-Delivery.png 600w, https:\/\/oncourt.online\/wp-content\/uploads\/2021\/10\/Mega-Slam-Hoops-Curbside-Delivery-100x100.png 100w, https:\/\/oncourt.online\/wp-content\/uploads\/2021\/10\/Mega-Slam-Hoops-Curbside-Delivery-545x545.png 545w\" sizes=\"auto, (max-width: 600px) 100vw, 600px\" \/><\/figure>\n\n\n\n<h4 class=\"gb-headline gb-headline-111f7f0a gb-headline-text\">3. Zr\u00f3b miejsce na sw\u00f3j kosz<\/h4>\n\n\n\n<p class=\"gb-headline gb-headline-cdd4e7d1 gb-headline-text\">Systemy do koszyk\u00f3wki Mega Slam s\u0105 du\u017ce (do 340 kg), a paleta transportowa zajmuje sporo miejsca przy dostawie (Dostawy do klient\u00f3w indywidualnych odbywaj\u0105 si\u0119 do kraw\u0119\u017cnika).<\/p>\n\n\n\n<figure class=\"wp-block-image size-full is-resized\"><img loading=\"lazy\" decoding=\"async\" width=\"600\" height=\"600\" src=\"https:\/\/oncourt.online\/wp-content\/uploads\/2021\/10\/Mega-Slam-Shipping-Boxes.png\" alt=\"Pude\u0142ka wysy\u0142kowe Mega Slam\" class=\"wp-image-421\" style=\"width:150px;height:150px\" srcset=\"https:\/\/oncourt.online\/wp-content\/uploads\/2021\/10\/Mega-Slam-Shipping-Boxes.png 600w, https:\/\/oncourt.online\/wp-content\/uploads\/2021\/10\/Mega-Slam-Shipping-Boxes-100x100.png 100w, https:\/\/oncourt.online\/wp-content\/uploads\/2021\/10\/Mega-Slam-Shipping-Boxes-545x545.png 545w\" sizes=\"auto, (max-width: 600px) 100vw, 600px\" \/><\/figure>\n\n\n\n<h4 class=\"gb-headline gb-headline-c4d17918 gb-headline-text\">4. Sprawd\u017a dostaw\u0119 swojego kosza<\/h4>\n\n\n\n<p class=\"gb-headline gb-headline-b333a103 gb-headline-text\">W zale\u017cno\u015bci od wielko\u015bci zam\u00f3wienia upewnij si\u0119, \u017ce odpowiednia liczba pude\u0142ek jest przymocowana do ka\u017cdej palety (ka\u017cdy system przychodzi na jednej palecie z wyra\u017anie ponumerowanymi pude\u0142kami). Nie martw si\u0119, je\u015bli niekt\u00f3re pude\u0142ka maj\u0105 wgniecenia lub rozdarcia \u2014 nasze systemy s\u0105 solidne i znios\u0105 drobne uszkodzenia. <\/p>\n\n\n\n<figure class=\"wp-block-image size-full is-resized\"><img loading=\"lazy\" decoding=\"async\" width=\"600\" height=\"600\" src=\"https:\/\/oncourt.online\/wp-content\/uploads\/2021\/10\/Mega-Slam-Hoops-Signed-Delivery.png\" alt=\"Mega Slam Hoops - podpisana dostawa\" class=\"wp-image-417\" style=\"width:150px;height:150px\" srcset=\"https:\/\/oncourt.online\/wp-content\/uploads\/2021\/10\/Mega-Slam-Hoops-Signed-Delivery.png 600w, https:\/\/oncourt.online\/wp-content\/uploads\/2021\/10\/Mega-Slam-Hoops-Signed-Delivery-100x100.png 100w, https:\/\/oncourt.online\/wp-content\/uploads\/2021\/10\/Mega-Slam-Hoops-Signed-Delivery-545x545.png 545w\" sizes=\"auto, (max-width: 600px) 100vw, 600px\" \/><\/figure>\n\n\n\n<h4 class=\"gb-headline gb-headline-f3ff4626 gb-headline-text\">5. Podpisz, aby odebra\u0107 dostaw\u0119<\/h4>\n\n\n\n<p class=\"gb-headline gb-headline-0e5ad3a7 gb-headline-text\">Tw\u00f3j kurier poprosi teraz o podpis w celu przekazania systemu do koszyk\u00f3wki. Je\u015bli zauwa\u017cysz widoczne uszkodzenia pude\u0142ek (lub systemu), odnotuj je na formularzu dostawy i zr\u00f3b zdj\u0119cia przed podpisaniem.<br>Je\u015bli kt\u00f3rykolwiek z element\u00f3w zosta\u0142 uszkodzony, przyjmij przesy\u0142k\u0119 i natychmiast skontaktuj si\u0119 z nami. Do\u0142\u0105cz zdj\u0119cia do wiadomo\u015bci e-mail \u2013 przyspieszymy wysy\u0142k\u0119 cz\u0119\u015bci zamiennych. <\/p>\n\n\n\n<figure class=\"wp-block-image size-full is-resized\"><img loading=\"lazy\" decoding=\"async\" width=\"750\" height=\"750\" src=\"https:\/\/oncourt.online\/wp-content\/uploads\/2021\/10\/MegaDlam-Installation-Dig-and-Pour.png\" alt=\"\" class=\"wp-image-319\" style=\"width:188px;height:188px\" srcset=\"https:\/\/oncourt.online\/wp-content\/uploads\/2021\/10\/MegaDlam-Installation-Dig-and-Pour.png 750w, https:\/\/oncourt.online\/wp-content\/uploads\/2021\/10\/MegaDlam-Installation-Dig-and-Pour-100x100.png 100w, https:\/\/oncourt.online\/wp-content\/uploads\/2021\/10\/MegaDlam-Installation-Dig-and-Pour-545x545.png 545w\" sizes=\"auto, (max-width: 750px) 100vw, 750px\" \/><\/figure>\n\n\n\n<h3 class=\"gb-headline gb-headline-a22b1bbf gb-headline-text\">Instalacja<\/h3>\n\n\n\n<p class=\"gb-headline gb-headline-507bcc99 gb-headline-text\">Gdy tw\u00f3j kosz zostanie dostarczony, czas na<a href=\"https:\/\/oncourt.online\/pl\/przewodniki\/instalacja\/poradnik-instalacji-kosza-do-koszykowki\/\"> <em><strong>instalacj\u0119 Mega Slam Hoop<\/strong><\/em><\/a>.<\/p>\n\n<\/div>\n<\/div>","protected":false},"excerpt":{"rendered":"<p> ... <a title=\"Wysy\u0142ka i dostawa\" class=\"read-more\" href=\"https:\/\/oncourt.online\/pl\/shipping-delivery\/\" aria-label=\"Dowiedz si\u0119 wi\u0119cej o Shipping And Delivery\">Czytaj wi\u0119cej<\/a><\/p>","protected":false},"author":2,"featured_media":6877,"parent":0,"menu_order":24,"comment_status":"closed","ping_status":"closed","template":"","meta":{"_acf_changed":false,"inline_featured_image":false,"footnotes":""},"class_list":{"0":"post-6797","1":"page","2":"type-page","3":"status-publish","4":"has-post-thumbnail","6":"infinite-scroll-item","7":"no-featured-image-padding","8":"resize-featured-image"},"acf":[],"yoast_head":"<!-- This site is optimized with the Yoast SEO Premium plugin v26.8 (Yoast SEO v27.3) - https:\/\/yoast.com\/product\/yoast-seo-premium-wordpress\/ -->\n<title>Shipping &amp; Delivery Information | OnCourt<\/title>\n<meta name=\"description\" content=\"Shipping and delivery information, including delivery methods, access planning, handling advice, and important notes for OnCourt orders.\" \/>\n<meta name=\"robots\" content=\"index, follow, max-snippet:-1, max-image-preview:large, max-video-preview:-1\" \/>\n<link rel=\"canonical\" href=\"https:\/\/oncourt.online\/pl\/dostawa-wysylkowa\/\" \/>\n<meta property=\"og:locale\" content=\"pl_PL\" \/>\n<meta property=\"og:type\" content=\"article\" \/>\n<meta property=\"og:title\" content=\"Shipping And Delivery\" \/>\n<meta property=\"og:description\" content=\"Shipping and delivery information, including delivery methods, access planning, handling advice, and important notes for OnCourt orders.\" \/>\n<meta property=\"og:url\" content=\"https:\/\/oncourt.online\/pl\/dostawa-wysylkowa\/\" \/>\n<meta property=\"og:site_name\" content=\"OnCourt Online\" \/>\n<meta property=\"article:publisher\" content=\"https:\/\/www.facebook.com\/oncourt.online\/\" \/>\n<meta property=\"article:modified_time\" content=\"2026-01-09T02:04:24+00:00\" \/>\n<meta property=\"og:image\" content=\"https:\/\/oncourt.online\/wp-content\/uploads\/2022\/05\/OnCourt-Shipping-and-Delivery-Header.jpg\" \/>\n\t<meta property=\"og:image:width\" content=\"1440\" \/>\n\t<meta property=\"og:image:height\" content=\"498\" \/>\n\t<meta property=\"og:image:type\" content=\"image\/jpeg\" \/>\n<meta name=\"twitter:card\" content=\"summary_large_image\" \/>\n<meta name=\"twitter:label1\" content=\"Szacowany czas czytania\" \/>\n\t<meta name=\"twitter:data1\" content=\"6 minut\" \/>\n<!-- \/ Yoast SEO Premium plugin. -->","yoast_head_json":{"title":"Informacje o Wysy\u0142ce i Dostawie | OnCourt","description":"Informacje o wysy\u0142ce i dostawie, w tym metody dostawy, planowanie dost\u0119pu, wskaz\u00f3wki dotycz\u0105ce obs\u0142ugi oraz wa\u017cne uwagi dotycz\u0105ce zam\u00f3wie\u0144 OnCourt.","robots":{"index":"index","follow":"follow","max-snippet":"max-snippet:-1","max-image-preview":"max-image-preview:large","max-video-preview":"max-video-preview:-1"},"canonical":"https:\/\/oncourt.online\/pl\/dostawa-wysylkowa\/","og_locale":"pl_PL","og_type":"article","og_title":"Shipping And Delivery","og_description":"Shipping and delivery information, including delivery methods, access planning, handling advice, and important notes for OnCourt orders.","og_url":"https:\/\/oncourt.online\/pl\/dostawa-wysylkowa\/","og_site_name":"OnCourt Online","article_publisher":"https:\/\/www.facebook.com\/oncourt.online\/","article_modified_time":"2026-01-09T02:04:24+00:00","og_image":[{"width":1440,"height":498,"url":"https:\/\/oncourt.online\/wp-content\/uploads\/2022\/05\/OnCourt-Shipping-and-Delivery-Header.jpg","type":"image\/jpeg"}],"twitter_card":"summary_large_image","twitter_misc":{"Szacowany czas czytania":"6 minut"},"schema":{"@context":"https:\/\/schema.org","@graph":[{"@type":"WebPage","@id":"https:\/\/oncourt.online\/pl\/shipping-delivery\/","url":"https:\/\/oncourt.online\/pl\/shipping-delivery\/","name":"Informacje o Wysy\u0142ce i Dostawie | OnCourt","isPartOf":{"@id":"https:\/\/oncourt.online\/pl\/#website"},"primaryImageOfPage":{"@id":"https:\/\/oncourt.online\/pl\/shipping-delivery\/#primaryimage"},"image":{"@id":"https:\/\/oncourt.online\/pl\/shipping-delivery\/#primaryimage"},"thumbnailUrl":"https:\/\/oncourt.online\/wp-content\/uploads\/2022\/05\/OnCourt-Shipping-and-Delivery-Header.jpg","datePublished":"2022-05-26T13:42:42+00:00","dateModified":"2026-01-09T02:04:24+00:00","description":"Informacje o wysy\u0142ce i dostawie, w tym metody dostawy, planowanie dost\u0119pu, wskaz\u00f3wki dotycz\u0105ce obs\u0142ugi oraz wa\u017cne uwagi dotycz\u0105ce zam\u00f3wie\u0144 OnCourt.","breadcrumb":{"@id":"https:\/\/oncourt.online\/pl\/shipping-delivery\/#breadcrumb"},"inLanguage":"pl-PL","potentialAction":[{"@type":"ReadAction","target":["https:\/\/oncourt.online\/pl\/shipping-delivery\/"]}]},{"@type":"ImageObject","inLanguage":"pl-PL","@id":"https:\/\/oncourt.online\/pl\/shipping-delivery\/#primaryimage","url":"https:\/\/oncourt.online\/wp-content\/uploads\/2022\/05\/OnCourt-Shipping-and-Delivery-Header.jpg","contentUrl":"https:\/\/oncourt.online\/wp-content\/uploads\/2022\/05\/OnCourt-Shipping-and-Delivery-Header.jpg","width":1440,"height":498,"caption":"Shipping & Delivery | OnCourt"},{"@type":"BreadcrumbList","@id":"https:\/\/oncourt.online\/pl\/shipping-delivery\/#breadcrumb","itemListElement":[{"@type":"ListItem","position":1,"name":"Home","item":"https:\/\/oncourt.online\/"},{"@type":"ListItem","position":2,"name":"Shipping And Delivery"}]},{"@type":"WebSite","@id":"https:\/\/oncourt.online\/pl\/#website","url":"https:\/\/oncourt.online\/pl\/","name":"OnCourt Online","description":"Wysokiej jako\u015bci boiska do koszyk\u00f3wki","publisher":{"@id":"https:\/\/oncourt.online\/pl\/#organization"},"potentialAction":[{"@type":"SearchAction","target":{"@type":"EntryPoint","urlTemplate":"https:\/\/oncourt.online\/pl\/?s={search_term_string}"},"query-input":{"@type":"PropertyValueSpecification","valueRequired":true,"valueName":"search_term_string"}}],"inLanguage":"pl-PL"},{"@type":"Organization","@id":"https:\/\/oncourt.online\/pl\/#organization","name":"OnCourt Online","url":"https:\/\/oncourt.online\/pl\/","logo":{"@type":"ImageObject","inLanguage":"pl-PL","@id":"https:\/\/oncourt.online\/pl\/#\/schema\/logo\/image\/","url":"https:\/\/oncourt.online\/wp-content\/uploads\/2021\/12\/Logo_OnCourt_Black.svg","contentUrl":"https:\/\/oncourt.online\/wp-content\/uploads\/2021\/12\/Logo_OnCourt_Black.svg","width":"1024","height":"1024","caption":"OnCourt Online"},"image":{"@id":"https:\/\/oncourt.online\/pl\/#\/schema\/logo\/image\/"},"sameAs":["https:\/\/www.facebook.com\/oncourt.online\/"],"email":"info@oncourt.online"}]}},"_links":{"self":[{"href":"https:\/\/oncourt.online\/pl\/wp-json\/wp\/v2\/pages\/6797","targetHints":{"allow":["GET"]}}],"collection":[{"href":"https:\/\/oncourt.online\/pl\/wp-json\/wp\/v2\/pages"}],"about":[{"href":"https:\/\/oncourt.online\/pl\/wp-json\/wp\/v2\/types\/page"}],"author":[{"embeddable":true,"href":"https:\/\/oncourt.online\/pl\/wp-json\/wp\/v2\/users\/2"}],"replies":[{"embeddable":true,"href":"https:\/\/oncourt.online\/pl\/wp-json\/wp\/v2\/comments?post=6797"}],"version-history":[{"count":0,"href":"https:\/\/oncourt.online\/pl\/wp-json\/wp\/v2\/pages\/6797\/revisions"}],"wp:featuredmedia":[{"embeddable":true,"href":"https:\/\/oncourt.online\/pl\/wp-json\/wp\/v2\/media\/6877"}],"wp:attachment":[{"href":"https:\/\/oncourt.online\/pl\/wp-json\/wp\/v2\/media?parent=6797"}],"curies":[{"name":"wp","href":"https:\/\/api.w.org\/{rel}","templated":true}]}}