{"id":4371,"date":"2022-03-19T19:47:29","date_gmt":"2022-03-19T19:47:29","guid":{"rendered":"https:\/\/oncourt.online\/?page_id=4371"},"modified":"2026-01-15T07:45:48","modified_gmt":"2026-01-15T07:45:48","slug":"komercyjne-korty-sportowe","status":"publish","type":"page","link":"https:\/\/oncourt.online\/pl\/commercial-sports-courts\/","title":{"rendered":"Komercyjne korty sportowe"},"content":{"rendered":"<div class=\"gb-element-780bd825\">\n<div class=\"gb-element-d4160509\">\n<h2 class=\"gb-headline gb-headline-e76b444c gb-headline-text\">Engineered for Performance. Designed to Inspire.<\/h2>\n\n\n\n<p class=\"gb-headline gb-headline-3c72361b gb-headline-text\">Od szk\u00f3\u0142 i dom\u00f3w kultury po profesjonalne obiekty treningowe, OnCourt dostarcza komercyjne rozwi\u0105zania boisk sportowych, kt\u00f3re podnosz\u0105 ka\u017cdy poziom gry. Nasze modu\u0142owe systemy nawierzchni, w po\u0142\u0105czeniu z dok\u0142adnymi, \u0142atwymi w u\u017cyciu narz\u0119dziami projektowymi i prostymi procesami instalacji, tworz\u0105 dynamiczne, bezpieczne i efektowne wizualnie korty dostosowane do Twojej przestrzeni i sportu.<\/p>\n\n\n\n<img loading=\"lazy\" decoding=\"async\" width=\"1600\" height=\"637\" class=\"gb-media-cd14b663\" src=\"https:\/\/oncourt.online\/wp-content\/uploads\/2025\/03\/Elastic-Pro-II-Orange-Wind-Grey-e1743146712707.png\" alt=\"\" srcset=\"https:\/\/oncourt.online\/wp-content\/uploads\/2025\/03\/Elastic-Pro-II-Orange-Wind-Grey-e1743146712707.png 1600w, https:\/\/oncourt.online\/wp-content\/uploads\/2025\/03\/Elastic-Pro-II-Orange-Wind-Grey-e1743146712707-300x119.png 300w, https:\/\/oncourt.online\/wp-content\/uploads\/2025\/03\/Elastic-Pro-II-Orange-Wind-Grey-e1743146712707-1024x408.png 1024w, https:\/\/oncourt.online\/wp-content\/uploads\/2025\/03\/Elastic-Pro-II-Orange-Wind-Grey-e1743146712707-768x306.png 768w, https:\/\/oncourt.online\/wp-content\/uploads\/2025\/03\/Elastic-Pro-II-Orange-Wind-Grey-e1743146712707-1536x612.png 1536w, https:\/\/oncourt.online\/wp-content\/uploads\/2025\/03\/Elastic-Pro-II-Orange-Wind-Grey-e1743146712707-18x7.png 18w, https:\/\/oncourt.online\/wp-content\/uploads\/2025\/03\/Elastic-Pro-II-Orange-Wind-Grey-e1743146712707-545x217.png 545w\" sizes=\"auto, (max-width: 1600px) 100vw, 1600px\" \/>\n\n\n\n<div class=\"gb-element-0d9ffc85\">\n<div class=\"gb-element-21a1af0d\">\n<div>\n<figure class=\"gb-block-image gb-block-image-6adfd5ca\"><img loading=\"lazy\" decoding=\"async\" width=\"300\" height=\"169\" class=\"gb-image gb-image-6adfd5ca\" src=\"https:\/\/oncourt.online\/wp-content\/uploads\/2021\/10\/NIKE.png\" alt=\"Nike\"\/><\/figure>\n<\/div>\n\n\n\n<div>\n<figure class=\"gb-block-image gb-block-image-f8558887\"><img loading=\"lazy\" decoding=\"async\" width=\"300\" height=\"169\" class=\"gb-image gb-image-f8558887\" src=\"https:\/\/oncourt.online\/wp-content\/uploads\/2021\/10\/England-Football.png\" alt=\"Anglia Pi\u0142ka No\u017cna\"\/><\/figure>\n<\/div>\n\n\n\n<div>\n<figure class=\"gb-block-image gb-block-image-32bd7dfd\"><img loading=\"lazy\" decoding=\"async\" width=\"300\" height=\"169\" class=\"gb-image gb-image-32bd7dfd\" src=\"https:\/\/oncourt.online\/wp-content\/uploads\/2021\/10\/Red-Bull.png\" alt=\"Red Bull\"\/><\/figure>\n<\/div>\n\n\n\n<div>\n<figure class=\"gb-block-image gb-block-image-199d062a\"><img loading=\"lazy\" decoding=\"async\" width=\"300\" height=\"169\" class=\"gb-image gb-image-199d062a\" src=\"https:\/\/oncourt.online\/wp-content\/uploads\/2021\/10\/Canary-Wharf-Group.png\" alt=\"Canary Wharf Group PLC\"\/><\/figure>\n<\/div>\n\n\n\n<div>\n<figure class=\"gb-block-image gb-block-image-b9d71ee3\"><img loading=\"lazy\" decoding=\"async\" width=\"300\" height=\"169\" class=\"gb-image gb-image-b9d71ee3\" src=\"https:\/\/oncourt.online\/wp-content\/uploads\/2021\/10\/BBC.png\" alt=\"BBC\"\/><\/figure>\n<\/div>\n<\/div>\n<\/div>\n\n\n\n<img loading=\"lazy\" decoding=\"async\" width=\"1024\" height=\"683\" class=\"gb-media-6f830086\" src=\"https:\/\/oncourt.online\/wp-content\/uploads\/2025\/03\/Modular-Sports-Flooring-Tiles-Multi-Futsal-Court.jpg\" alt=\"\" srcset=\"https:\/\/oncourt.online\/wp-content\/uploads\/2025\/03\/Modular-Sports-Flooring-Tiles-Multi-Futsal-Court.jpg 1024w, https:\/\/oncourt.online\/wp-content\/uploads\/2025\/03\/Modular-Sports-Flooring-Tiles-Multi-Futsal-Court-300x200.jpg 300w, https:\/\/oncourt.online\/wp-content\/uploads\/2025\/03\/Modular-Sports-Flooring-Tiles-Multi-Futsal-Court-768x512.jpg 768w, https:\/\/oncourt.online\/wp-content\/uploads\/2025\/03\/Modular-Sports-Flooring-Tiles-Multi-Futsal-Court-18x12.jpg 18w, https:\/\/oncourt.online\/wp-content\/uploads\/2025\/03\/Modular-Sports-Flooring-Tiles-Multi-Futsal-Court-545x364.jpg 545w\" sizes=\"auto, (max-width: 1024px) 100vw, 1024px\" \/>\n\n\n\n<h3 class=\"gb-text gb-text-c407e67e\">Dlaczego warto wybra\u0107 OnCourt dla swojego projektu komercyjnego?<\/h3>\n\n\n\n<p>Ka\u017cda powierzchnia jest zoptymalizowana pod k\u0105tem przyczepno\u015bci, reakcji na pi\u0142k\u0119 i komfortu gracza - z niestandardowymi oznaczeniami dla konfiguracji jedno- lub wielosportowych.<\/p>\n\n\n\n<p class=\"gb-headline gb-headline-c24d9ecc\"><span class=\"gb-icon\"><svg aria-hidden=\"true\" role=\"img\" height=\"1em\" width=\"1em\" viewbox=\"0 0 512 512\" xmlns=\"http:\/\/www.w3.org\/2000\/svg\"><path fill=\"currentColor\" d=\"M173.898 439.404l-166.4-166.4c-9.997-9.997-9.997-26.206 0-36.204l36.203-36.204c9.997-9.998 26.207-9.998 36.204 0L192 312.69 432.095 72.596c9.997-9.997 26.207-9.997 36.204 0l36.203 36.204c9.997 9.997 9.997 26.206 0 36.204l-294.4 294.401c-9.998 9.997-26.207 9.997-36.204-.001z\"><\/path><\/svg><\/span><span class=\"gb-headline-text\"><strong>Zaufany przez globalnych partner\u00f3w sportowych<\/strong><\/span><\/p>\n\n\n\n<p>S\u0105dy zaprojektowane z my\u015bl\u0105 o intensywnej codziennej aktywno\u015bci<\/p>\n\n\n\n<p class=\"gb-headline gb-headline-1b3f1043\"><span class=\"gb-icon\"><svg aria-hidden=\"true\" role=\"img\" height=\"1em\" width=\"1em\" viewbox=\"0 0 512 512\" xmlns=\"http:\/\/www.w3.org\/2000\/svg\"><path fill=\"currentColor\" d=\"M173.898 439.404l-166.4-166.4c-9.997-9.997-9.997-26.206 0-36.204l36.203-36.204c9.997-9.998 26.207-9.998 36.204 0L192 312.69 432.095 72.596c9.997-9.997 26.207-9.997 36.204 0l36.203 36.204c9.997 9.997 9.997 26.206 0 36.204l-294.4 294.401c-9.998 9.997-26.207 9.997-36.204-.001z\"><\/path><\/svg><\/span><span class=\"gb-headline-text\"><strong>Dostosowane do sportu i przestrzeni<\/strong><\/span><\/p>\n\n\n\n<p>Od uk\u0142ad\u00f3w do koszyk\u00f3wki zgodnych ze specyfikacj\u0105 FIBA po kompaktowe boiska przydomowe<\/p>\n\n\n\n<p class=\"gb-headline gb-headline-73c6545c\"><span class=\"gb-icon\"><svg aria-hidden=\"true\" role=\"img\" height=\"1em\" width=\"1em\" viewbox=\"0 0 512 512\" xmlns=\"http:\/\/www.w3.org\/2000\/svg\"><path fill=\"currentColor\" d=\"M173.898 439.404l-166.4-166.4c-9.997-9.997-9.997-26.206 0-36.204l36.203-36.204c9.997-9.998 26.207-9.998 36.204 0L192 312.69 432.095 72.596c9.997-9.997 26.207-9.997 36.204 0l36.203 36.204c9.997 9.997 9.997 26.206 0 36.204l-294.4 294.401c-9.998 9.997-26.207 9.997-36.204-.001z\"><\/path><\/svg><\/span><span class=\"gb-headline-text\"><strong>Stworzony do intensywnego u\u017cytkowania<\/strong><\/span><\/p>\n\n\n\n<p class=\"gb-text gb-text-26736fee\">Nasze korty komercyjne zosta\u0142y zaprojektowane z my\u015bl\u0105 o intensywnej codziennej aktywno\u015bci.<\/p>\n\n\n\n<figure class=\"gb-block-image gb-block-image-2232266c\"><img loading=\"lazy\" decoding=\"async\" width=\"900\" height=\"388\" class=\"gb-image gb-image-2232266c\" src=\"https:\/\/oncourt.online\/wp-content\/uploads\/2021\/12\/Gareth-Southgate-Holding-Court-OnCourt-e1743140059659.jpg\" alt=\"Gareth-Southgate-Holding-Court-OnCourt\" title=\"Gareth-Southgate-Holding-Court-OnCourt\" srcset=\"https:\/\/oncourt.online\/wp-content\/uploads\/2021\/12\/Gareth-Southgate-Holding-Court-OnCourt-e1743140059659.jpg 900w, https:\/\/oncourt.online\/wp-content\/uploads\/2021\/12\/Gareth-Southgate-Holding-Court-OnCourt-e1743140059659-545x235.jpg 545w, https:\/\/oncourt.online\/wp-content\/uploads\/2021\/12\/Gareth-Southgate-Holding-Court-OnCourt-e1743140059659-300x129.jpg 300w, https:\/\/oncourt.online\/wp-content\/uploads\/2021\/12\/Gareth-Southgate-Holding-Court-OnCourt-e1743140059659-768x331.jpg 768w, https:\/\/oncourt.online\/wp-content\/uploads\/2021\/12\/Gareth-Southgate-Holding-Court-OnCourt-e1743140059659-18x8.jpg 18w\" sizes=\"auto, (max-width: 900px) 100vw, 900px\" \/>\n<figcaption class=\"gb-headline gb-headline-15834826 gb-headline-text\">Gareth Southgate na korcie z OnCourt<\/figcaption>\n<\/figure>\n\n\n\n<h2 class=\"gb-text gb-text-5bd1118f\">Elite Game Courts dla elitarnych wydarze\u0144 sportowych<\/h2>\n\n\n\n<p class=\"gb-text gb-text-ac544a07\">OnCourt wsp\u00f3\u0142pracuje z wiod\u0105cymi markami, zespo\u0142ami i agencjami, tworz\u0105c anga\u017cuj\u0105ce przestrzenie sportowe dla sportowc\u00f3w o r\u00f3\u017cnych umiej\u0119tno\u015bciach, aby mogli gra\u0107 bezpiecznie i stylowo. Wsp\u00f3\u0142pracowali\u015bmy z du\u017cymi markami, takimi jak Nike, Red Bull i BBC, aby zapewni\u0107 boiska do gier dla marketingu eksperymentalnego, markowych tre\u015bci sportowych, wydarze\u0144 na \u017cywo i produkcji studyjnych.<\/p>\n\n\n\n<figure class=\"wp-block-embed is-type-video is-provider-vimeo wp-block-embed-vimeo wp-embed-aspect-16-9 wp-has-aspect-ratio\"><div class=\"wp-block-embed__wrapper\">\n<iframe loading=\"lazy\" title=\"Rice vs Mount OnCourt\" src=\"https:\/\/player.vimeo.com\/video\/681584804?dnt=1&amp;app_id=122963\" width=\"1200\" height=\"674\" frameborder=\"0\" allow=\"autoplay; fullscreen; picture-in-picture; clipboard-write; encrypted-media; web-share\" referrerpolicy=\"strict-origin-when-cross-origin\"><\/iframe>\n<\/div><\/figure>\n\n\n\n<h3 class=\"gb-text gb-text-5179374d\">Tymczasowy marketing sportowy, dzia\u0142ania eksperymentalne i aktywacja marki<\/h3>\n\n\n\n<p class=\"gb-headline gb-headline-52c8dae5 gb-headline-text\">Instalacje OnCourt mog\u0105 by\u0107 mobilizowane na inscenizacjach sportowych na potrzeby turniej\u00f3w, aktywacji marki i do\u015bwiadcze\u0144 zwi\u0105zanych z mark\u0105. Unikalna grafika i branding mog\u0105 by\u0107 zastosowane do nawierzchni OnCourt w celu dopasowania do marki. Nowoczesne wy\u015bwietlacze wizualne przy boisku dodaj\u0105 kontekstu i dramatyzmu.&nbsp;<\/p>\n\n\n\n<h3 class=\"gb-headline gb-headline-d36d7959 gb-headline-text\">Wydarzenia sportowe na \u017cywo<\/h3>\n\n\n\n<p class=\"gb-text gb-text-3cdfd431\">Procesy OnCourt stawiaj\u0105 sportowc\u00f3w na pierwszym miejscu, koncentruj\u0105c si\u0119 na zapewnieniu najlepszych mo\u017cliwych wra\u017ce\u0144 sportowych. Wsp\u00f3\u0142pracujemy z szeregiem elitarnych ambasador\u00f3w sportowc\u00f3w, kt\u00f3rzy mog\u0105 pom\u00f3c w zapewnieniu, \u017ce sport jest w centrum uwagi podczas wydarzenia. Instalacje OnCourt s\u0105 idealne do wydarze\u0144 sportowych na \u017cywo dzi\u0119ki nawierzchniom i komponentom zaprojektowanym z my\u015bl\u0105 o rygorach profesjonalnego sportu. <\/p>\n\n\n\n<figure class=\"gb-block-image gb-block-image-628b7970\"><img loading=\"lazy\" decoding=\"async\" width=\"1439\" height=\"809\" class=\"gb-image gb-image-628b7970\" src=\"https:\/\/oncourt.online\/wp-content\/uploads\/2021\/10\/Coach-Maitland-OnCourt-at-Canary-Wharf-e1642179558735.jpg\" srcset=\"https:\/\/oncourt.online\/wp-content\/uploads\/2021\/10\/Coach-Maitland-OnCourt-at-Canary-Wharf-e1642179558735.jpg 1439w, https:\/\/oncourt.online\/wp-content\/uploads\/2021\/10\/Coach-Maitland-OnCourt-at-Canary-Wharf-e1642179558735-545x306.jpg 545w\" sizes=\"auto, (max-width: 1439px) 100vw, 1439px\" \/>\n<figcaption class=\"gb-headline gb-headline-4a7798e9 gb-headline-text\">Trener Maitland na boisku do koszyk\u00f3wki Canary Wharf<\/figcaption>\n<\/figure>\n\n\n\n<h3 class=\"gb-text gb-text-312e5d83\">Partnerstwo marki OnCourt<\/h3>\n\n\n\n<p class=\"gb-text gb-text-1bc34855\"> Us\u0142ugi eventowe OnCourt obejmuj\u0105 bogate zasoby wirtualne 3D, kt\u00f3re pomagaj\u0105 wizualizowa\u0107 projekty dla interesariuszy. Zesp\u00f3\u0142 projektowy OnCourt mo\u017ce pom\u00f3c w zakresie koncepcji i kreatywnego doradztwa w razie potrzeby. Specjali\u015bci ds. instalacji eventowych wsp\u00f3\u0142pracuj\u0105 z projektantami, aby przekszta\u0142ci\u0107 dok\u0142adne wirtualne modele w osza\u0142amiaj\u0105ce rzeczywiste korty.<\/p>\n\n\n\n<figure class=\"wp-block-embed is-type-video is-provider-youtube wp-block-embed-youtube wp-embed-aspect-16-9 wp-has-aspect-ratio\"><div class=\"wp-block-embed__wrapper\">\n<iframe loading=\"lazy\" title=\"Boisko do koszyk\u00f3wki Yinka Ilori wydrukowane w 3D\" width=\"1200\" height=\"675\" src=\"https:\/\/www.youtube.com\/embed\/aKzksQoVM4A?feature=oembed&#038;enablejsapi=1&#038;origin=https:\/\/oncourt.online\" frameborder=\"0\" allow=\"accelerometer; autoplay; clipboard-write; encrypted-media; gyroscope; picture-in-picture; web-share\" referrerpolicy=\"strict-origin-when-cross-origin\" allowfullscreen><\/iframe>\n<\/div><\/figure>\n\n\n\n<p class=\"gb-text gb-text-466db296\">Boisko do koszyk\u00f3wki Yinka Ilori wydrukowane w 3D - <a href=\"https:\/\/www.youtube.com\/user\/monoclemagazine\">Monocle Films<\/a><\/p>\n<\/div>\n<\/div>","protected":false},"excerpt":{"rendered":"<p> ... <a title=\"Komercyjne korty sportowe\" class=\"read-more\" href=\"https:\/\/oncourt.online\/pl\/commercial-sports-courts\/\" aria-label=\"Dowiedz si\u0119 wi\u0119cej o Commercial Sports Courts\">Czytaj wi\u0119cej<\/a><\/p>","protected":false},"author":2,"featured_media":0,"parent":0,"menu_order":9,"comment_status":"closed","ping_status":"closed","template":"","meta":{"_acf_changed":false,"inline_featured_image":false,"footnotes":""},"class_list":{"0":"post-4371","1":"page","2":"type-page","3":"status-publish","5":"infinite-scroll-item","6":"no-featured-image-padding"},"acf":[],"yoast_head":"<!-- This site is optimized with the Yoast SEO Premium plugin v26.8 (Yoast SEO v27.3) - https:\/\/yoast.com\/product\/yoast-seo-premium-wordpress\/ -->\n<title>Commercial Sports Courts - OnCourt Online<\/title>\n<meta name=\"description\" content=\"OnCourt work with leading brands, teams and agencies to create engaging sporting spaces for athletes of all ages and abilities.\" \/>\n<meta name=\"robots\" content=\"index, follow, max-snippet:-1, max-image-preview:large, max-video-preview:-1\" \/>\n<link rel=\"canonical\" href=\"https:\/\/oncourt.online\/pl\/komercyjne-korty-sportowe\/\" \/>\n<meta property=\"og:locale\" content=\"pl_PL\" \/>\n<meta property=\"og:type\" content=\"article\" \/>\n<meta property=\"og:title\" content=\"Commercial Sports Courts\" \/>\n<meta property=\"og:description\" content=\"OnCourt work with leading brands, teams and agencies to create engaging sporting spaces for athletes of all ages and abilities.\" \/>\n<meta property=\"og:url\" content=\"https:\/\/oncourt.online\/pl\/komercyjne-korty-sportowe\/\" \/>\n<meta property=\"og:site_name\" content=\"OnCourt Online\" \/>\n<meta property=\"article:publisher\" content=\"https:\/\/www.facebook.com\/oncourt.online\/\" \/>\n<meta property=\"article:modified_time\" content=\"2026-01-15T07:45:48+00:00\" \/>\n<meta property=\"og:image\" content=\"https:\/\/oncourt.online\/wp-content\/uploads\/2025\/03\/Elastic-Pro-II-Orange-Wind-Grey-e1743146712707.png\" \/>\n<meta name=\"twitter:card\" content=\"summary_large_image\" \/>\n<meta name=\"twitter:label1\" content=\"Szacowany czas czytania\" \/>\n\t<meta name=\"twitter:data1\" content=\"4 minuty\" \/>\n<!-- \/ Yoast SEO Premium plugin. -->","yoast_head_json":{"title":"Komercyjne korty sportowe - OnCourt Online","description":"OnCourt wsp\u00f3\u0142pracuje z wiod\u0105cymi markami, zespo\u0142ami i agencjami, tworz\u0105c anga\u017cuj\u0105ce przestrzenie sportowe dla sportowc\u00f3w w ka\u017cdym wieku i o r\u00f3\u017cnych umiej\u0119tno\u015bciach.","robots":{"index":"index","follow":"follow","max-snippet":"max-snippet:-1","max-image-preview":"max-image-preview:large","max-video-preview":"max-video-preview:-1"},"canonical":"https:\/\/oncourt.online\/pl\/komercyjne-korty-sportowe\/","og_locale":"pl_PL","og_type":"article","og_title":"Commercial Sports Courts","og_description":"OnCourt work with leading brands, teams and agencies to create engaging sporting spaces for athletes of all ages and abilities.","og_url":"https:\/\/oncourt.online\/pl\/komercyjne-korty-sportowe\/","og_site_name":"OnCourt Online","article_publisher":"https:\/\/www.facebook.com\/oncourt.online\/","article_modified_time":"2026-01-15T07:45:48+00:00","og_image":[{"url":"https:\/\/oncourt.online\/wp-content\/uploads\/2025\/03\/Elastic-Pro-II-Orange-Wind-Grey-e1743146712707.png","type":"","width":"","height":""}],"twitter_card":"summary_large_image","twitter_misc":{"Szacowany czas czytania":"4 minuty"},"schema":{"@context":"https:\/\/schema.org","@graph":[{"@type":"WebPage","@id":"https:\/\/oncourt.online\/pl\/commercial-sports-courts\/","url":"https:\/\/oncourt.online\/pl\/commercial-sports-courts\/","name":"Komercyjne korty sportowe - OnCourt Online","isPartOf":{"@id":"https:\/\/oncourt.online\/pl\/#website"},"primaryImageOfPage":{"@id":"https:\/\/oncourt.online\/pl\/commercial-sports-courts\/#primaryimage"},"image":{"@id":"https:\/\/oncourt.online\/pl\/commercial-sports-courts\/#primaryimage"},"thumbnailUrl":"https:\/\/oncourt.online\/wp-content\/uploads\/2025\/03\/Elastic-Pro-II-Orange-Wind-Grey-e1743146712707.png","datePublished":"2022-03-19T19:47:29+00:00","dateModified":"2026-01-15T07:45:48+00:00","description":"OnCourt wsp\u00f3\u0142pracuje z wiod\u0105cymi markami, zespo\u0142ami i agencjami, tworz\u0105c anga\u017cuj\u0105ce przestrzenie sportowe dla sportowc\u00f3w w ka\u017cdym wieku i o r\u00f3\u017cnych umiej\u0119tno\u015bciach.","breadcrumb":{"@id":"https:\/\/oncourt.online\/pl\/commercial-sports-courts\/#breadcrumb"},"inLanguage":"pl-PL","potentialAction":[{"@type":"ReadAction","target":["https:\/\/oncourt.online\/pl\/commercial-sports-courts\/"]}]},{"@type":"ImageObject","inLanguage":"pl-PL","@id":"https:\/\/oncourt.online\/pl\/commercial-sports-courts\/#primaryimage","url":"https:\/\/oncourt.online\/wp-content\/uploads\/2025\/03\/Elastic-Pro-II-Orange-Wind-Grey-e1743146712707.png","contentUrl":"https:\/\/oncourt.online\/wp-content\/uploads\/2025\/03\/Elastic-Pro-II-Orange-Wind-Grey-e1743146712707.png"},{"@type":"BreadcrumbList","@id":"https:\/\/oncourt.online\/pl\/commercial-sports-courts\/#breadcrumb","itemListElement":[{"@type":"ListItem","position":1,"name":"Home","item":"https:\/\/oncourt.online\/"},{"@type":"ListItem","position":2,"name":"Commercial Sports Courts"}]},{"@type":"WebSite","@id":"https:\/\/oncourt.online\/pl\/#website","url":"https:\/\/oncourt.online\/pl\/","name":"OnCourt Online","description":"Wysokiej jako\u015bci boiska do koszyk\u00f3wki","publisher":{"@id":"https:\/\/oncourt.online\/pl\/#organization"},"potentialAction":[{"@type":"SearchAction","target":{"@type":"EntryPoint","urlTemplate":"https:\/\/oncourt.online\/pl\/?s={search_term_string}"},"query-input":{"@type":"PropertyValueSpecification","valueRequired":true,"valueName":"search_term_string"}}],"inLanguage":"pl-PL"},{"@type":"Organization","@id":"https:\/\/oncourt.online\/pl\/#organization","name":"OnCourt Online","url":"https:\/\/oncourt.online\/pl\/","logo":{"@type":"ImageObject","inLanguage":"pl-PL","@id":"https:\/\/oncourt.online\/pl\/#\/schema\/logo\/image\/","url":"https:\/\/oncourt.online\/wp-content\/uploads\/2021\/12\/Logo_OnCourt_Black.svg","contentUrl":"https:\/\/oncourt.online\/wp-content\/uploads\/2021\/12\/Logo_OnCourt_Black.svg","width":"1024","height":"1024","caption":"OnCourt Online"},"image":{"@id":"https:\/\/oncourt.online\/pl\/#\/schema\/logo\/image\/"},"sameAs":["https:\/\/www.facebook.com\/oncourt.online\/"],"email":"info@oncourt.online"}]}},"_links":{"self":[{"href":"https:\/\/oncourt.online\/pl\/wp-json\/wp\/v2\/pages\/4371","targetHints":{"allow":["GET"]}}],"collection":[{"href":"https:\/\/oncourt.online\/pl\/wp-json\/wp\/v2\/pages"}],"about":[{"href":"https:\/\/oncourt.online\/pl\/wp-json\/wp\/v2\/types\/page"}],"author":[{"embeddable":true,"href":"https:\/\/oncourt.online\/pl\/wp-json\/wp\/v2\/users\/2"}],"replies":[{"embeddable":true,"href":"https:\/\/oncourt.online\/pl\/wp-json\/wp\/v2\/comments?post=4371"}],"version-history":[{"count":1,"href":"https:\/\/oncourt.online\/pl\/wp-json\/wp\/v2\/pages\/4371\/revisions"}],"predecessor-version":[{"id":17380,"href":"https:\/\/oncourt.online\/pl\/wp-json\/wp\/v2\/pages\/4371\/revisions\/17380"}],"wp:attachment":[{"href":"https:\/\/oncourt.online\/pl\/wp-json\/wp\/v2\/media?parent=4371"}],"curies":[{"name":"wp","href":"https:\/\/api.w.org\/{rel}","templated":true}]}}