{"id":428,"date":"2021-10-22T11:43:33","date_gmt":"2021-10-22T11:43:33","guid":{"rendered":"https:\/\/oncourt.online\/?page_id=428"},"modified":"2026-01-03T03:34:58","modified_gmt":"2026-01-03T03:34:58","slug":"dozywotnia-gwarancja","status":"publish","type":"page","link":"https:\/\/oncourt.online\/pl\/basketball-hoops\/lifetime-warranty\/","title":{"rendered":"Do\u017cywotnia gwarancja"},"content":{"rendered":"<div class=\"gb-element-118ef599\">\n<div class=\"gb-element-d7eed537\">\n<h2 class=\"gb-headline gb-headline-96ad026f gb-headline-text\">Dobry na ca\u0142e \u017cycie wsad\u00f3w, uderze\u0144 i zaci\u0119\u0107<\/h2>\n\n\n\n<p class=\"gb-headline gb-headline-78623ab6 gb-headline-text\">Mega Slam Hoops i OnCourt s\u0105 zaanga\u017cowane w dostarczanie najlepszych system\u00f3w do koszyk\u00f3wki do u\u017cytku domowego, jakie mo\u017cna kupi\u0107 za pieni\u0105dze. Produkty Mega Slam s\u0105 zaprojektowane tak, aby s\u0142u\u017cy\u0142y przez ca\u0142e \u017cycie. Dlatego te\u017c gwarancja powinna obowi\u0105zywa\u0107 przez ca\u0142y ten czas.<br>Nie znajdziesz \u017cadnej z tych obietnic u innych producent\u00f3w obr\u0119czy. W rzeczywisto\u015bci stoimy za systemami do koszyk\u00f3wki Mega Slam Hoops i gwarantujemy doskona\u0142\u0105 wydajno\u015b\u0107 przez ca\u0142e \u017cycie gry, nawet w zakresie nakr\u0119tek i \u015brub.<\/p>\n\n\n\n<p class=\"gb-headline gb-headline-c6f59d0a gb-headline-text\"><br><strong>OGRANICZONA DO\u017bYWOTNIA GWARANCJA NA SYSTEMY DO KOSZYK\u00d3WKI<\/strong><br>OGRANICZONA DO\u017bYWOTNIA GWARANCJA obejmuje tylko pierwotnego detalicznego nabywc\u0119 konsumenckiego, \u017ce elementy konstrukcyjne Mega Slam Hoops (\"Produkt\") s\u0105 wolne od wad materia\u0142owych i wykonawczych, z zastrze\u017ceniem ogranicze\u0144 opisanych poni\u017cej. \"Wady\" definiuje si\u0119 jako niedoskona\u0142o\u015bci, kt\u00f3re utrudniaj\u0105 korzystanie z produktu.<\/p>\n\n\n\n<p>THE LIMITED LIFETIME WARRANTY COVERAGE IS EXTENDED ONLY TO THE ORIGINAL RETAIL PURCHASER AND TERMINATES IF THE ORIGINAL RETAIL PURCHASER OTHERWISE TRANSFERS OR SELLS THE PRODUCT. THIS WARRANTY IS VOID IF THE PRODUCT HAS BEEN DAMAGED BY IMPROPER SERVICE, NEGLIGENCE, ACCIDENT, UNREASONABLE USE, IMPROPER INSTALLATION, OR OTHER CAUSES NOT RESULTING FROM DEFECTS IN MATERIAL AND WORKMANSHIP. <\/p>\n\n\n\n<p>Subject to proper installation in accordance with the installation instructions; normal residential use for glass backboards; normal basketball related activities; and has been maintained in agreement with the instructions.<\/p>\n\n\n\n<p class=\"gb-headline gb-headline-1de06637 gb-headline-text\"><br><strong>ROSZCZENIA GWARANCYJNE<\/strong><br>Proof of purchase by the original retail Consumer Purchaser is required for all warranty claims.<\/p>\n\n\n\n<p>Mega Sports UK Ltd reserves the right to examine physical evidence or photographs of the Product, or component parts, claimed to be defective, and to recover said Product, prior to authorising a warranty claim. If applicable, a \u201cReturn Merchandise Authorisation\u201d (RMA) number will be required prior to shipping damaged Product by original retail Consumer Purchaser with freight prepaid.<\/p>\n\n\n\n<p>In returning a Product or component part for repair or replacement under this warranty, the original Consumer Purchaser must prepay all shipping transportation, insurance and delivery costs, and the Product or component parts, must be delivered in either its original carton or a similar package affording an equal degree of protection.<\/p>\n\n\n\n<p>Mega Sports UK Ltd will not be responsible for any loss or damage incurred in connection with the return of this Product or component parts.<\/p>\n\n\n\n<p>Ograniczona do\u017cywotnia gwarancja nie obejmuje nast\u0119puj\u0105cych element\u00f3w:<\/p>\n\n\n\n<p>Niniejsza gwarancja nie ma zastosowania do \u017cadnego Produktu, kt\u00f3ry zosta\u0142 poddany niew\u0142a\u015bciwemu u\u017cyciu, nadu\u017cyciu, nienormalnemu u\u017cytkowaniu, zaniedbaniu, modyfikacji, wypadkowi, niew\u0142a\u015bciwej instalacji, wandalizmowi lub po\u017carowi.<\/p>\n\n\n\n<p>Farba, zardzewia\u0142e cz\u0119\u015bci, zadrapania powierzchni, blakni\u0119cie, odbarwienia lub p\u0119kni\u0119cia, kt\u00f3re nie wp\u0142ywaj\u0105 na funkcjonalno\u015b\u0107 Produktu.<\/p>\n\n\n\n<p>Uszkodzenia lub pogorszenie stanu spowodowane up\u0142ywem czasu lub normalnym zu\u017cyciem.<\/p>\n\n\n\n<p>Szkody powsta\u0142e w wyniku \"kl\u0119sk \u017cywio\u0142owych\" obejmuj\u0105 mi\u0119dzy innymi powodzie, tornada, gradobicia, wy\u0142adowania atmosferyczne, burze piaskowe, burze wiatrowe lub trz\u0119sienia ziemi.<\/p>\n\n\n\n<p>Uszkodzenia spowodowane \"czynnikami \u015brodowiskowymi\" obejmuj\u0105, ale nie ograniczaj\u0105 si\u0119 do takich rzeczy, jak opady unosz\u0105ce si\u0119 w powietrzu, chemikalia, mg\u0142a oceaniczna lub piasek przenoszony przez wiatr.<\/p>\n\n\n\n<p>Op\u0142aty za wysy\u0142k\u0119 w obie strony przedmiot\u00f3w obj\u0119tych gwarancj\u0105 lub wymienionych musz\u0105 zosta\u0107 op\u0142acone z g\u00f3ry przez pierwotnego nabywc\u0119 detalicznego.<\/p>\n\n\n\n<p>Koszty serwisu dealerskiego, robocizny lub podr\u00f3\u017cy. Wszelkie koszty robocizny, koszty podr\u00f3\u017cy i inne op\u0142aty zwi\u0105zane z instalacj\u0105, kontrol\u0105, serwisem lub wymian\u0105 Produktu lub wymian\u0105 cz\u0119\u015bci sk\u0142adowych ponosi pierwotny detaliczny Nabywca Konsumencki.<\/p>\n\n\n\n<p>NINIEJSZA GWARANCJA WYRA\u0179NIE ZAST\u0118PUJE WSZELKIE INNE GWARANCJE, WYRA\u0179NE LUB DOROZUMIANE, W TYM MI\u0118DZY INNYMI WSZELKIE DOROZUMIANE GWARANCJE PRZYDATNO\u015aCI HANDLOWEJ LUB PRZYDATNO\u015aCI DO OKRE\u015aLONEGO CELU ORAZ WSZELKIE INNE ZOBOWI\u0104ZANIA ZE STRONY MEGA SPORTS UK LTD, POD WARUNKIEM JEDNAK, \u017bE JE\u015aLI ZRZECZENIE SI\u0118 DOROZUMIANYCH GWARANCJI JEST SKUTECZNE ZGODNIE Z OBOWI\u0104ZUJ\u0104CYM PRAWEM, OKRES OBOWI\u0104ZYWANIA WSZELKICH DOROZUMIANYCH GWARANCJI WYNIKAJ\u0104CYCH Z MOCY PRAWA B\u0118DZIE OGRANICZONY DO JEDNEGO (1) ROKU OD DATY ZAKUPU LUB TAKIEGO D\u0141U\u017bSZEGO OKRESU, JAKI MO\u017bE BY\u0106 WYMAGANY PRZEZ OBOWI\u0104ZUJ\u0104CE PRAWO.<\/p>\n\n\n\n<p>MEGA SPORTS UK LTD HEREBY DISCLAIMS ANY AND ALL LIABILITY FOR CONSEQUENTIAL AND INCIDENTAL DAMAGES ARISING OUT OF OR IN CONNECTION WITH ANY BREACH OF THIS WARRANTY OR ANY OTHER CLAIM WITH RESPECT TO THIS PRODUCT, INCLUDING BUT NOT LIMITED TO, CLAIMS OF NEGLIGENCE, STRICT LIABILITY IN TORT OR BREACH OF CONTRACT.<\/p>\n\n\n\n<p>SOME STATES DO NOT ALLOW (A) LIMITATIONS ON HOW LONG AN IMPLIED WARRANTY LASTS OR (B) THE EXCLUSION OR LIMITATION OF INCIDENTAL OR CONSEQUENTIAL DAMAGES, SO THE ABOVE LIMITATIONS OR EXCLUSIONS MAY NOT APPLY TO YOU. THIS WARRANTY GIVES YOU SPECIFIC LEGAL RIGHTS AND YOU MAY HAVE OTHER RIGHTS WHICH VARY FROM STATE TO STATE.<\/p>\n\n\n\n<p>FOR THE ORIGINAL RETAIL PURCHASER TO SUBMIT A WARRANTY CLAIM, CALL OR WRITE MEGA SLAM HOOPS UK.<\/p>\n\n\n\n<p>TELEFON<br>020 3920 7400<br><br>EMAIL<br>support@megaslamhoops.uk<br>ADRES KORESPONDENCYJNY<br><br>Mega Slam UK<br>The Hollies, Station Road, Chilbolton<br>Stockbridge, Hampshire<br>Wielka Brytania, SO20 6AL<\/p>\n<\/div>\n<\/div>","protected":false},"excerpt":{"rendered":"<p> ... <a title=\"Do\u017cywotnia gwarancja\" class=\"read-more\" href=\"https:\/\/oncourt.online\/pl\/basketball-hoops\/lifetime-warranty\/\" aria-label=\"Dowiedz si\u0119 wi\u0119cej o Lifetime Warranty\">Czytaj wi\u0119cej<\/a><\/p>","protected":false},"author":2,"featured_media":362,"parent":34,"menu_order":0,"comment_status":"closed","ping_status":"closed","template":"","meta":{"_acf_changed":false,"inline_featured_image":false,"footnotes":""},"class_list":{"0":"post-428","1":"page","2":"type-page","3":"status-publish","4":"has-post-thumbnail","6":"infinite-scroll-item","7":"no-featured-image-padding","8":"resize-featured-image"},"acf":[],"yoast_head":"<!-- This site is optimized with the Yoast SEO Premium plugin v26.8 (Yoast SEO v27.3) - https:\/\/yoast.com\/product\/yoast-seo-premium-wordpress\/ -->\n<title>Lifetime Warranty - OnCourt Online<\/title>\n<meta name=\"description\" content=\"Mega Slam Hoops and OnCourt are committed to providing the best residential basketball systems that your money can buy.\" \/>\n<meta name=\"robots\" content=\"index, follow, max-snippet:-1, max-image-preview:large, max-video-preview:-1\" \/>\n<link rel=\"canonical\" href=\"https:\/\/oncourt.online\/pl\/obrecze-do-koszykowki\/dozywotnia-gwarancja\/\" \/>\n<meta property=\"og:locale\" content=\"pl_PL\" \/>\n<meta property=\"og:type\" content=\"article\" \/>\n<meta property=\"og:title\" content=\"Lifetime Warranty\" \/>\n<meta property=\"og:description\" content=\"Mega Slam Hoops and OnCourt are committed to providing the best residential basketball systems that your money can buy.\" \/>\n<meta property=\"og:url\" content=\"https:\/\/oncourt.online\/pl\/obrecze-do-koszykowki\/dozywotnia-gwarancja\/\" \/>\n<meta property=\"og:site_name\" content=\"OnCourt Online\" \/>\n<meta property=\"article:publisher\" content=\"https:\/\/www.facebook.com\/oncourt.online\/\" \/>\n<meta property=\"article:modified_time\" content=\"2026-01-03T03:34:58+00:00\" \/>\n<meta property=\"og:image\" content=\"https:\/\/oncourt.online\/wp-content\/uploads\/2021\/10\/Mega-Slam-Hoops-Lifetime-Warranty.png\" \/>\n\t<meta property=\"og:image:width\" content=\"300\" \/>\n\t<meta property=\"og:image:height\" content=\"300\" \/>\n\t<meta property=\"og:image:type\" content=\"image\/png\" \/>\n<meta name=\"twitter:card\" content=\"summary_large_image\" \/>\n<meta name=\"twitter:label1\" content=\"Szacowany czas czytania\" \/>\n\t<meta name=\"twitter:data1\" content=\"4 minuty\" \/>\n<!-- \/ Yoast SEO Premium plugin. -->","yoast_head_json":{"title":"Do\u017cywotnia gwarancja - OnCourt Online","description":"Mega Slam Hoops i OnCourt s\u0105 zaanga\u017cowane w dostarczanie najlepszych domowych system\u00f3w do koszyk\u00f3wki, jakie mo\u017cna kupi\u0107 za pieni\u0105dze.","robots":{"index":"index","follow":"follow","max-snippet":"max-snippet:-1","max-image-preview":"max-image-preview:large","max-video-preview":"max-video-preview:-1"},"canonical":"https:\/\/oncourt.online\/pl\/obrecze-do-koszykowki\/dozywotnia-gwarancja\/","og_locale":"pl_PL","og_type":"article","og_title":"Lifetime Warranty","og_description":"Mega Slam Hoops and OnCourt are committed to providing the best residential basketball systems that your money can buy.","og_url":"https:\/\/oncourt.online\/pl\/obrecze-do-koszykowki\/dozywotnia-gwarancja\/","og_site_name":"OnCourt Online","article_publisher":"https:\/\/www.facebook.com\/oncourt.online\/","article_modified_time":"2026-01-03T03:34:58+00:00","og_image":[{"width":300,"height":300,"url":"https:\/\/oncourt.online\/wp-content\/uploads\/2021\/10\/Mega-Slam-Hoops-Lifetime-Warranty.png","type":"image\/png"}],"twitter_card":"summary_large_image","twitter_misc":{"Szacowany czas czytania":"4 minuty"},"schema":{"@context":"https:\/\/schema.org","@graph":[{"@type":"WebPage","@id":"https:\/\/oncourt.online\/pl\/basketball-hoops\/lifetime-warranty\/","url":"https:\/\/oncourt.online\/pl\/basketball-hoops\/lifetime-warranty\/","name":"Do\u017cywotnia gwarancja - OnCourt Online","isPartOf":{"@id":"https:\/\/oncourt.online\/pl\/#website"},"primaryImageOfPage":{"@id":"https:\/\/oncourt.online\/pl\/basketball-hoops\/lifetime-warranty\/#primaryimage"},"image":{"@id":"https:\/\/oncourt.online\/pl\/basketball-hoops\/lifetime-warranty\/#primaryimage"},"thumbnailUrl":"https:\/\/oncourt.online\/wp-content\/uploads\/2021\/10\/Mega-Slam-Hoops-Lifetime-Warranty.png","datePublished":"2021-10-22T11:43:33+00:00","dateModified":"2026-01-03T03:34:58+00:00","description":"Mega Slam Hoops i OnCourt s\u0105 zaanga\u017cowane w dostarczanie najlepszych domowych system\u00f3w do koszyk\u00f3wki, jakie mo\u017cna kupi\u0107 za pieni\u0105dze.","breadcrumb":{"@id":"https:\/\/oncourt.online\/pl\/basketball-hoops\/lifetime-warranty\/#breadcrumb"},"inLanguage":"pl-PL","potentialAction":[{"@type":"ReadAction","target":["https:\/\/oncourt.online\/pl\/basketball-hoops\/lifetime-warranty\/"]}]},{"@type":"ImageObject","inLanguage":"pl-PL","@id":"https:\/\/oncourt.online\/pl\/basketball-hoops\/lifetime-warranty\/#primaryimage","url":"https:\/\/oncourt.online\/wp-content\/uploads\/2021\/10\/Mega-Slam-Hoops-Lifetime-Warranty.png","contentUrl":"https:\/\/oncourt.online\/wp-content\/uploads\/2021\/10\/Mega-Slam-Hoops-Lifetime-Warranty.png","width":300,"height":300,"caption":"Mega Slam Hoops - Lifetime Warranty"},{"@type":"BreadcrumbList","@id":"https:\/\/oncourt.online\/pl\/basketball-hoops\/lifetime-warranty\/#breadcrumb","itemListElement":[{"@type":"ListItem","position":1,"name":"Home","item":"https:\/\/oncourt.online\/"},{"@type":"ListItem","position":2,"name":"Basketball Hoops","item":"https:\/\/oncourt.online\/pl\/basketball-hoops\/"},{"@type":"ListItem","position":3,"name":"Lifetime Warranty"}]},{"@type":"WebSite","@id":"https:\/\/oncourt.online\/pl\/#website","url":"https:\/\/oncourt.online\/pl\/","name":"OnCourt Online","description":"Wysokiej jako\u015bci boiska do koszyk\u00f3wki","publisher":{"@id":"https:\/\/oncourt.online\/pl\/#organization"},"potentialAction":[{"@type":"SearchAction","target":{"@type":"EntryPoint","urlTemplate":"https:\/\/oncourt.online\/pl\/?s={search_term_string}"},"query-input":{"@type":"PropertyValueSpecification","valueRequired":true,"valueName":"search_term_string"}}],"inLanguage":"pl-PL"},{"@type":"Organization","@id":"https:\/\/oncourt.online\/pl\/#organization","name":"OnCourt Online","url":"https:\/\/oncourt.online\/pl\/","logo":{"@type":"ImageObject","inLanguage":"pl-PL","@id":"https:\/\/oncourt.online\/pl\/#\/schema\/logo\/image\/","url":"https:\/\/oncourt.online\/wp-content\/uploads\/2021\/12\/Logo_OnCourt_Black.svg","contentUrl":"https:\/\/oncourt.online\/wp-content\/uploads\/2021\/12\/Logo_OnCourt_Black.svg","width":"1024","height":"1024","caption":"OnCourt Online"},"image":{"@id":"https:\/\/oncourt.online\/pl\/#\/schema\/logo\/image\/"},"sameAs":["https:\/\/www.facebook.com\/oncourt.online\/"],"email":"info@oncourt.online"}]}},"_links":{"self":[{"href":"https:\/\/oncourt.online\/pl\/wp-json\/wp\/v2\/pages\/428","targetHints":{"allow":["GET"]}}],"collection":[{"href":"https:\/\/oncourt.online\/pl\/wp-json\/wp\/v2\/pages"}],"about":[{"href":"https:\/\/oncourt.online\/pl\/wp-json\/wp\/v2\/types\/page"}],"author":[{"embeddable":true,"href":"https:\/\/oncourt.online\/pl\/wp-json\/wp\/v2\/users\/2"}],"replies":[{"embeddable":true,"href":"https:\/\/oncourt.online\/pl\/wp-json\/wp\/v2\/comments?post=428"}],"version-history":[{"count":0,"href":"https:\/\/oncourt.online\/pl\/wp-json\/wp\/v2\/pages\/428\/revisions"}],"up":[{"embeddable":true,"href":"https:\/\/oncourt.online\/pl\/wp-json\/wp\/v2\/pages\/34"}],"wp:featuredmedia":[{"embeddable":true,"href":"https:\/\/oncourt.online\/pl\/wp-json\/wp\/v2\/media\/362"}],"wp:attachment":[{"href":"https:\/\/oncourt.online\/pl\/wp-json\/wp\/v2\/media?parent=428"}],"curies":[{"name":"wp","href":"https:\/\/api.w.org\/{rel}","templated":true}]}}