{"id":3706,"date":"2022-03-08T09:13:55","date_gmt":"2022-03-08T09:13:55","guid":{"rendered":"https:\/\/oncourt.online\/?page_id=3706"},"modified":"2026-01-13T08:00:41","modified_gmt":"2026-01-13T08:00:41","slug":"dolacz-do-oncourt","status":"publish","type":"page","link":"https:\/\/oncourt.online\/pl\/join-oncourt\/","title":{"rendered":"Wsp\u00f3\u0142pracuj z OnCourt"},"content":{"rendered":"<div class=\"gb-container gb-container-c9c919f1\"><div class=\"gb-inside-container\">\n<div class=\"gb-container gb-container-cefabf47\"><div class=\"gb-inside-container\">\n\n<h2 class=\"gb-headline gb-headline-d23b44e5 gb-headline-text\">Wsp\u00f3\u0142pracuj ze specjalist\u0105 od boisk do koszyk\u00f3wki<\/h2>\n\n\n\n<p class=\"gb-headline gb-headline-b071501e gb-headline-text\">OnCourt wsp\u00f3\u0142pracuje z profesjonalistami w ca\u0142ej Europie, kt\u00f3rzy projektuj\u0105, buduj\u0105 i specyfikuj\u0105 zewn\u0119trzne przestrzenie sportowe. Nasz Program Partnerski jest przeznaczony dla firm, kt\u00f3re chc\u0105 oferowa\u0107 swoim klientom wysokiej klasy boiska do koszyk\u00f3wki, wspierane przez specjalistyczne produkty, precyzyjne narz\u0119dzia planowania i eksperckie wsparcie.<\/p>\n\n\n\n<p class=\"gb-text gb-text-6b40232a\">Nie dzia\u0142amy jako og\u00f3lny dostawca sprz\u0119tu sportowego. Skupiamy si\u0119 na koszyk\u00f3wce i wsp\u00f3\u0142pracujemy z partnerami, kt\u00f3rzy ceni\u0105 rzetelne podej\u015bcie.<\/p>\n\n\n\n<h3 class=\"gb-text gb-text-a0baa6e3\">Z kim wsp\u00f3\u0142pracujemy<\/h3>\n\n\n\n<p>Wsp\u00f3\u0142pracujemy z firmami zajmuj\u0105cymi si\u0119 budow\u0105 zewn\u0119trzn\u0105, projektowaniem i nawierzchniami, w tym:<\/p>\n\n\n\n<ul class=\"wp-block-list\">\n<li>Generalni wykonawcy i firmy budowlane<\/li>\n\n\n\n<li>Projektanci krajobrazu i ogrod\u00f3w<\/li>\n\n\n\n<li>Wykonawcy rob\u00f3t ziemnych i in\u017cynieryjnych<\/li>\n\n\n\n<li>Budowniczowie boisk sportowych i specjali\u015bci od renowacji nawierzchni<\/li>\n\n\n\n<li>Architekci i projektanci<\/li>\n\n\n\n<li>Specjali\u015bci od przestrzeni zewn\u0119trznych opartych na designie<\/li>\n<\/ul>\n\n\n\n<p class=\"gb-text gb-text-b726bb2a\">Je\u015bli Twoja praca obejmuje planowanie lub budow\u0119 przestrzeni zewn\u0119trznych i chcesz doda\u0107 boiska do koszyk\u00f3wki do swojej oferty, ch\u0119tnie si\u0119 z Tob\u0105 skontaktujemy.<\/p>\n\n\n\n<div class=\"gb-element-bbf74639\">\n<div>\n<img loading=\"lazy\" decoding=\"async\" width=\"660\" height=\"400\" class=\"img_12px_radius gb-media-76f4f695\" alt=\"\" title=\"OnCourt Modular Basketball Court Surface Installation\" src=\"https:\/\/oncourt.online\/wp-content\/uploads\/2022\/05\/OnCourt-Modular-Basketball-Court-Surface-Installation.jpg\" srcset=\"https:\/\/oncourt.online\/wp-content\/uploads\/2022\/05\/OnCourt-Modular-Basketball-Court-Surface-Installation.jpg 660w, https:\/\/oncourt.online\/wp-content\/uploads\/2022\/05\/OnCourt-Modular-Basketball-Court-Surface-Installation-300x182.jpg 300w, https:\/\/oncourt.online\/wp-content\/uploads\/2022\/05\/OnCourt-Modular-Basketball-Court-Surface-Installation-18x12.jpg 18w, https:\/\/oncourt.online\/wp-content\/uploads\/2022\/05\/OnCourt-Modular-Basketball-Court-Surface-Installation-545x330.jpg 545w\" sizes=\"auto, (max-width: 660px) 100vw, 660px\" \/>\n<\/div>\n\n\n\n<div>\n<h2 class=\"gb-text\">Czego mog\u0105 oczekiwa\u0107 partnerzy OnCourt<\/h2>\n\n\n\n<p class=\"gb-text last_text\">Dost\u0119pu do profesjonalnych narz\u0119dzi projektowania boisk, preferencyjnych cen oraz specjalistycznego wsparcia, kt\u00f3re umo\u017cliwiaj\u0105 pewne planowanie, specyfikacj\u0119 i realizacj\u0119 wysokiej jako\u015bci boisk do koszyk\u00f3wki.<\/p>\n<\/div>\n<\/div>\n\n\n\n<h4 class=\"gb-text\">Profesjonalne narz\u0119dzia projektowe<\/h4>\n\n\n\n<p class=\"gb-text\">Korzystaj z platformy 3D OnCourt do projektowania boisk do koszyk\u00f3wki, aby planowa\u0107 uk\u0142ady, eksplorowa\u0107 schematy kolor\u00f3w, specyfikowa\u0107 nawierzchnie i kosze oraz generowa\u0107 precyzyjne wizualizacje i wyceny dla ofert klient\u00f3w.<\/p>\n\n\n\n<h4 class=\"gb-text\">Preferencyjne ceny partnerskie<\/h4>\n\n\n\n<p class=\"gb-text\">Autoryzowani partnerzy uzyskuj\u0105 dost\u0119p do cen handlowych na modu\u0142owe nawierzchnie do koszyk\u00f3wki i kosze Mega Slam, co pozwala oferowa\u0107 rozwi\u0105zania premium przy zachowaniu zdrowych mar\u017c.<\/p>\n\n\n\n<h4 class=\"gb-text\">Specjalistyczne wsparcie techniczne<\/h4>\n\n\n\n<p class=\"gb-text\">Uzyskaj bezpo\u015bredni dost\u0119p do wskaz\u00f3wek dotycz\u0105cych uk\u0142ad\u00f3w, wyboru powierzchni, wymaga\u0144 instalacyjnych i \u0142\u0105czenia produkt\u00f3w, co pozwoli zmniejszy\u0107 niepewno\u015b\u0107 i unikn\u0105\u0107 kosztownych b\u0142\u0119d\u00f3w na miejscu.<\/p>\n\n\n\n<h4 class=\"gb-text\">Jasne specyfikacje i zasoby<\/h4>\n\n\n\n<p class=\"gb-text gb-text-46b97fff\">Skorzystaj z naszych przewodnik\u00f3w i zasob\u00f3w planowania, aby unikn\u0105\u0107 domys\u0142\u00f3w, ograniczy\u0107 b\u0142\u0119dy i przedstawia\u0107 klientom jasne, pewne propozycje.<\/p>\n\n\n\n<div class=\"gb-element-d984cac5\">\n<div>\n<img loading=\"lazy\" decoding=\"async\" width=\"1200\" height=\"960\" class=\"img_12px_radius gb-media-1c57b1fb\" alt=\"\" title=\"Projekt \u015bredniej wielko\u015bci boiska do koszyk\u00f3wki przydomowej\" src=\"https:\/\/oncourt.online\/wp-content\/uploads\/2025\/12\/Medium-Sized-Residential-Basketball-Court-Design.webp\"\/>\n<\/div>\n\n\n\n<div>\n<h3 class=\"gb-text\">Zaprojektowany z my\u015bl\u0105 o prawdziwych projektach<\/h3>\n\n\n\n<p>Program partnerski OnCourt jest odpowiedni dla profesjonalist\u00f3w \u015bwiadcz\u0105cych nast\u0119puj\u0105ce us\u0142ugi:<\/p>\n\n\n\n<ul class=\"wp-block-list\">\n<li>S\u0105dy rezydencyjne<\/li>\n\n\n\n<li>Klub i obiekty treningowe<\/li>\n\n\n\n<li>Szko\u0142y i przestrzenie edukacyjne<\/li>\n\n\n\n<li>Korty zewn\u0119trzne komercyjne lub wielofunkcyjne<\/li>\n<\/ul>\n\n\n\n<p class=\"gb-text last_text\">Wspieramy partner\u00f3w, kt\u00f3rzy ceni\u0105 sobie wysok\u0105 jako\u015b\u0107 realizacji i d\u0142ugoterminow\u0105 wydajno\u015b\u0107.<\/p>\n<\/div>\n<\/div>\n\n\n\n<div class=\"gb-element-f79012eb\">\n<h3 class=\"gb-text gb-text-5da21831\">Zg\u0142o\u015b si\u0119, aby zosta\u0107 partnerem OnCourt<\/h3>\n\n\n\n<p class=\"gb-text not_last_text\">Je\u015bli jeste\u015b zainteresowany wsp\u00f3\u0142prac\u0105 z OnCourt, wype\u0142nij poni\u017cszy formularz zapytania. <\/p>\n\n\n\n<p class=\"gb-text gb-text-209ee9ae\">Rozpatrujemy wszystkie zg\u0142oszenia i skontaktujemy si\u0119 z Tob\u0105, aby om\u00f3wi\u0107, czy program jest odpowiedni dla Twojej firmy.<\/p>\n<\/div>\n\n\n<div class=\"gb-container gb-container-8ddfb2cf\">\n\n\n\n\n\n\n\n\n\n\n\n\n\n\n\n\n\n\n<div class=\"gb-container gb-container-82a983d4\">\n\n<div class=\"pipedriveWebForms\" data-pd-webforms=\"https:\/\/webforms.pipedrive.com\/f\/6k32ltPyHUBMc2m553tn5lPwL6WqXvrMLHd6h047ToJ2E5jijWuq1t8xxnbhQTp9CP\"><script src=\"https:\/\/webforms.pipedrive.com\/f\/loader\"><\/script><\/div>\n\n<\/div>\n\n\n\n\n\n\n\n\n<\/div>\n<\/div><\/div>\n<\/div><\/div>","protected":false},"excerpt":{"rendered":"<p> ... <a title=\"Wsp\u00f3\u0142pracuj z OnCourt\" class=\"read-more\" href=\"https:\/\/oncourt.online\/pl\/join-oncourt\/\" aria-label=\"Dowiedz si\u0119 wi\u0119cej o Work With OnCourt\">Czytaj wi\u0119cej<\/a><\/p>","protected":false},"author":2,"featured_media":7048,"parent":0,"menu_order":13,"comment_status":"closed","ping_status":"closed","template":"","meta":{"_acf_changed":false,"inline_featured_image":false,"footnotes":""},"class_list":{"0":"post-3706","1":"page","2":"type-page","3":"status-publish","4":"has-post-thumbnail","6":"infinite-scroll-item","7":"no-featured-image-padding","8":"resize-featured-image"},"acf":[],"yoast_head":"<!-- This site is optimized with the Yoast SEO Premium plugin v26.8 (Yoast SEO v27.3) - https:\/\/yoast.com\/product\/yoast-seo-premium-wordpress\/ -->\n<title>OnCourt Partners | Trade Pricing &amp; Basketball Court Design Tools<\/title>\n<meta name=\"description\" content=\"Partner with OnCourt. Work with a specialist basketball court supplier. Design tools, trade pricing, and support for residential &amp; commercial projects.\" \/>\n<meta name=\"robots\" content=\"index, follow, max-snippet:-1, max-image-preview:large, max-video-preview:-1\" \/>\n<link rel=\"canonical\" href=\"https:\/\/oncourt.online\/pl\/dolacz-do-oncourt\/\" \/>\n<meta property=\"og:locale\" content=\"pl_PL\" \/>\n<meta property=\"og:type\" content=\"article\" \/>\n<meta property=\"og:title\" content=\"Work With OnCourt\" \/>\n<meta property=\"og:description\" content=\"Partner with OnCourt. Work with a specialist basketball court supplier. Design tools, trade pricing, and support for residential &amp; commercial projects.\" \/>\n<meta property=\"og:url\" content=\"https:\/\/oncourt.online\/pl\/dolacz-do-oncourt\/\" \/>\n<meta property=\"og:site_name\" content=\"OnCourt Online\" \/>\n<meta property=\"article:publisher\" content=\"https:\/\/www.facebook.com\/oncourt.online\/\" \/>\n<meta property=\"article:modified_time\" content=\"2026-01-13T08:00:41+00:00\" \/>\n<meta property=\"og:image\" content=\"https:\/\/oncourt.online\/wp-content\/uploads\/2022\/05\/OnCourt-Modular-Basketball-Court-Surface-Installation.jpg\" \/>\n\t<meta property=\"og:image:width\" content=\"660\" \/>\n\t<meta property=\"og:image:height\" content=\"400\" \/>\n\t<meta property=\"og:image:type\" content=\"image\/jpeg\" \/>\n<meta name=\"twitter:card\" content=\"summary_large_image\" \/>\n<meta name=\"twitter:label1\" content=\"Szacowany czas czytania\" \/>\n\t<meta name=\"twitter:data1\" content=\"3 minuty\" \/>\n<!-- \/ Yoast SEO Premium plugin. -->","yoast_head_json":{"title":"Partnerzy OnCourt | Ceny Handlowe i Narz\u0119dzia Projektowe do Boisk Koszykarskich","description":"Zosta\u0144 partnerem OnCourt. Wsp\u00f3\u0142pracuj ze specjalist\u0105 od boisk koszykarskich. Narz\u0119dzia projektowe, ceny handlowe i wsparcie dla projekt\u00f3w mieszkaniowych i komercyjnych.","robots":{"index":"index","follow":"follow","max-snippet":"max-snippet:-1","max-image-preview":"max-image-preview:large","max-video-preview":"max-video-preview:-1"},"canonical":"https:\/\/oncourt.online\/pl\/dolacz-do-oncourt\/","og_locale":"pl_PL","og_type":"article","og_title":"Work With OnCourt","og_description":"Partner with OnCourt. Work with a specialist basketball court supplier. Design tools, trade pricing, and support for residential & commercial projects.","og_url":"https:\/\/oncourt.online\/pl\/dolacz-do-oncourt\/","og_site_name":"OnCourt Online","article_publisher":"https:\/\/www.facebook.com\/oncourt.online\/","article_modified_time":"2026-01-13T08:00:41+00:00","og_image":[{"width":660,"height":400,"url":"https:\/\/oncourt.online\/wp-content\/uploads\/2022\/05\/OnCourt-Modular-Basketball-Court-Surface-Installation.jpg","type":"image\/jpeg"}],"twitter_card":"summary_large_image","twitter_misc":{"Szacowany czas czytania":"3 minuty"},"schema":{"@context":"https:\/\/schema.org","@graph":[{"@type":"WebPage","@id":"https:\/\/oncourt.online\/pl\/join-oncourt\/","url":"https:\/\/oncourt.online\/pl\/join-oncourt\/","name":"Partnerzy OnCourt | Ceny Handlowe i Narz\u0119dzia Projektowe do Boisk Koszykarskich","isPartOf":{"@id":"https:\/\/oncourt.online\/pl\/#website"},"primaryImageOfPage":{"@id":"https:\/\/oncourt.online\/pl\/join-oncourt\/#primaryimage"},"image":{"@id":"https:\/\/oncourt.online\/pl\/join-oncourt\/#primaryimage"},"thumbnailUrl":"https:\/\/oncourt.online\/wp-content\/uploads\/2022\/05\/OnCourt-Modular-Basketball-Court-Surface-Installation.jpg","datePublished":"2022-03-08T09:13:55+00:00","dateModified":"2026-01-13T08:00:41+00:00","description":"Zosta\u0144 partnerem OnCourt. Wsp\u00f3\u0142pracuj ze specjalist\u0105 od boisk koszykarskich. Narz\u0119dzia projektowe, ceny handlowe i wsparcie dla projekt\u00f3w mieszkaniowych i komercyjnych.","breadcrumb":{"@id":"https:\/\/oncourt.online\/pl\/join-oncourt\/#breadcrumb"},"inLanguage":"pl-PL","potentialAction":[{"@type":"ReadAction","target":["https:\/\/oncourt.online\/pl\/join-oncourt\/"]}]},{"@type":"ImageObject","inLanguage":"pl-PL","@id":"https:\/\/oncourt.online\/pl\/join-oncourt\/#primaryimage","url":"https:\/\/oncourt.online\/wp-content\/uploads\/2022\/05\/OnCourt-Modular-Basketball-Court-Surface-Installation.jpg","contentUrl":"https:\/\/oncourt.online\/wp-content\/uploads\/2022\/05\/OnCourt-Modular-Basketball-Court-Surface-Installation.jpg","width":660,"height":400},{"@type":"BreadcrumbList","@id":"https:\/\/oncourt.online\/pl\/join-oncourt\/#breadcrumb","itemListElement":[{"@type":"ListItem","position":1,"name":"Home","item":"https:\/\/oncourt.online\/"},{"@type":"ListItem","position":2,"name":"Work With OnCourt"}]},{"@type":"WebSite","@id":"https:\/\/oncourt.online\/pl\/#website","url":"https:\/\/oncourt.online\/pl\/","name":"OnCourt Online","description":"Wysokiej jako\u015bci boiska do koszyk\u00f3wki","publisher":{"@id":"https:\/\/oncourt.online\/pl\/#organization"},"potentialAction":[{"@type":"SearchAction","target":{"@type":"EntryPoint","urlTemplate":"https:\/\/oncourt.online\/pl\/?s={search_term_string}"},"query-input":{"@type":"PropertyValueSpecification","valueRequired":true,"valueName":"search_term_string"}}],"inLanguage":"pl-PL"},{"@type":"Organization","@id":"https:\/\/oncourt.online\/pl\/#organization","name":"OnCourt Online","url":"https:\/\/oncourt.online\/pl\/","logo":{"@type":"ImageObject","inLanguage":"pl-PL","@id":"https:\/\/oncourt.online\/pl\/#\/schema\/logo\/image\/","url":"https:\/\/oncourt.online\/wp-content\/uploads\/2021\/12\/Logo_OnCourt_Black.svg","contentUrl":"https:\/\/oncourt.online\/wp-content\/uploads\/2021\/12\/Logo_OnCourt_Black.svg","width":"1024","height":"1024","caption":"OnCourt Online"},"image":{"@id":"https:\/\/oncourt.online\/pl\/#\/schema\/logo\/image\/"},"sameAs":["https:\/\/www.facebook.com\/oncourt.online\/"],"email":"info@oncourt.online"}]}},"_links":{"self":[{"href":"https:\/\/oncourt.online\/pl\/wp-json\/wp\/v2\/pages\/3706","targetHints":{"allow":["GET"]}}],"collection":[{"href":"https:\/\/oncourt.online\/pl\/wp-json\/wp\/v2\/pages"}],"about":[{"href":"https:\/\/oncourt.online\/pl\/wp-json\/wp\/v2\/types\/page"}],"author":[{"embeddable":true,"href":"https:\/\/oncourt.online\/pl\/wp-json\/wp\/v2\/users\/2"}],"replies":[{"embeddable":true,"href":"https:\/\/oncourt.online\/pl\/wp-json\/wp\/v2\/comments?post=3706"}],"version-history":[{"count":1,"href":"https:\/\/oncourt.online\/pl\/wp-json\/wp\/v2\/pages\/3706\/revisions"}],"predecessor-version":[{"id":17261,"href":"https:\/\/oncourt.online\/pl\/wp-json\/wp\/v2\/pages\/3706\/revisions\/17261"}],"wp:featuredmedia":[{"embeddable":true,"href":"https:\/\/oncourt.online\/pl\/wp-json\/wp\/v2\/media\/7048"}],"wp:attachment":[{"href":"https:\/\/oncourt.online\/pl\/wp-json\/wp\/v2\/media?parent=3706"}],"curies":[{"name":"wp","href":"https:\/\/api.w.org\/{rel}","templated":true}]}}