{"id":10,"date":"2022-06-07T21:39:16","date_gmt":"2022-06-07T21:39:16","guid":{"rendered":"https:\/\/oncourt.online\/?page_id=10"},"modified":"2026-01-08T02:56:26","modified_gmt":"2026-01-08T02:56:26","slug":"zwrot-pieniedzy","status":"publish","type":"page","link":"https:\/\/oncourt.online\/pl\/refund-returns\/","title":{"rendered":"Polityka zwrot\u00f3w i refundacji"},"content":{"rendered":"<div class=\"gb-element-a4b81a66\"><div class=\"gb-container gb-container-16508648\"><div class=\"gb-inside-container\">\n\n<h1 class=\"gb-text\">Polityka zwrot\u00f3w i refundacji<\/h1>\n\n\n\n<p class=\"gb-headline gb-headline-a63af49e gb-headline-text\">Mamy nadziej\u0119, \u017ce wszyscy klienci OnCourt s\u0105 zadowoleni ze swojego zakupu. Czasami jednak, z dowolnego powodu, mo\u017cesz nie by\u0107 w pe\u0142ni usatysfakcjonowany. W takiej sytuacji mo\u017cesz zwr\u00f3ci\u0107 zakupione produkty w celu uzyskania pe\u0142nego zwrotu pieni\u0119dzy, kredytu sklepowego lub wymiany.<\/p>\n\n\n\n<h2 class=\"gb-headline gb-headline-04e28294 gb-headline-text\">Przegl\u0105d<\/h2>\n\n\n\n<p class=\"gb-headline gb-headline-5b665cdd gb-headline-text\">Nasza polityka zwrot\u00f3w trwa 28 dni. Musisz powiadomi\u0107 nas e-mailem o zamiarze zwrotu towar\u00f3w w ci\u0105gu 28 dni od ich otrzymania. Je\u015bli min\u0119\u0142o 28 dni od zakupu, nie mo\u017cemy zaoferowa\u0107 pe\u0142nego zwrotu lub wymiany.<\/p>\n\n\n\n<p class=\"gb-headline gb-headline-69f3bcdd gb-headline-text\">Aby kwalifikowa\u0107 si\u0119 do zwrotu, przedmiot musi by\u0107 nieu\u017cywany i w takim samym stanie, w jakim zosta\u0142 otrzymany. Musi r\u00f3wnie\u017c znajdowa\u0107 si\u0119 w oryginalnym opakowaniu.<\/p>\n\n\n\n<p class=\"gb-headline gb-headline-23bde10c gb-headline-text\">Niestandardowe drukowane lub malowane powierzchnie kort\u00f3w nie podlegaj\u0105 zwrotowi. <\/p>\n\n\n\n<p class=\"gb-headline gb-headline-1cc6618d gb-headline-text\">Do dokonania zwrotu wymagany jest paragon lub dow\u00f3d zakupu.<\/p>\n\n\n\n<p class=\"gb-headline gb-headline-cae31263 gb-headline-text\">Nie odsy\u0142aj zakupionego produktu do producenta.<\/p>\n\n\n\n<p class=\"gb-headline gb-headline-a9909ab1 gb-headline-text\">W niekt\u00f3rych sytuacjach przyznawane s\u0105 tylko cz\u0119\u015bciowe zwroty koszt\u00f3w:<\/p>\n\n\n\n<ul class=\"wp-block-list\">\n<li>Produkty z widocznymi \u015bladami u\u017cytkowania<\/li>\n\n\n\n<li>Wszelkie przedmioty, kt\u00f3re nie s\u0105 w oryginalnym stanie, s\u0105 uszkodzone lub brakuje im cz\u0119\u015bci z przyczyn innych ni\u017c b\u0142\u0105d producenta lub instalatora.<\/li>\n\n\n\n<li>Ka\u017cdy przedmiot zwr\u00f3cony p\u00f3\u017aniej ni\u017c 28 dni po dostawie<\/li>\n<\/ul>\n\n\n\n<h3 class=\"gb-headline gb-headline-b1c33d39 gb-headline-text\">Zwroty koszt\u00f3w<\/h3>\n\n\n\n<p class=\"gb-headline gb-headline-db2e4daa gb-headline-text\">Po otrzymaniu i sprawdzeniu zwrotu wy\u015blemy wiadomo\u015b\u0107 e-mail z powiadomieniem o otrzymaniu zwr\u00f3conego przedmiotu. Powiadomimy r\u00f3wnie\u017c o zatwierdzeniu lub odrzuceniu zwrotu.<\/p>\n\n\n\n<p class=\"gb-headline gb-headline-211c62b8 gb-headline-text\">Je\u015bli wniosek zostanie zatwierdzony, zwrot zostanie przetworzony, a kredyt zostanie automatycznie zastosowany do karty kredytowej lub oryginalnej metody p\u0142atno\u015bci w ci\u0105gu 14 dni.<\/p>\n\n\n\n<p class=\"gb-headline gb-headline-d56db316 gb-headline-text\"><b>Op\u00f3\u017anione lub brakuj\u0105ce zwroty<\/b><\/p>\n\n\n\n<p class=\"gb-headline gb-headline-948f340b gb-headline-text\">Je\u015bli nie otrzyma\u0142e\u015b jeszcze zwrotu, najpierw sprawd\u017a ponownie swoje konto bankowe. Skontaktuj si\u0119 z operatorem karty kredytowej, mo\u017ce min\u0105\u0107 troch\u0119 czasu, zanim zwrot zostanie oficjalnie zaksi\u0119gowany. Nast\u0119pnie skontaktuj si\u0119 z bankiem. Zanim zwrot zostanie zaksi\u0119gowany, cz\u0119sto mija troch\u0119 czasu.<\/p>\n\n\n\n<p class=\"gb-text gb-text-3b0fbb5a\">Je\u015bli wykona\u0142e\u015b wszystkie te czynno\u015bci i nadal nie otrzyma\u0142e\u015b zwrotu pieni\u0119dzy, skontaktuj si\u0119 z nami pod adresem info@oncourt.online.<\/p>\n\n\n\n<h3 class=\"gb-headline gb-headline-b446ed2a gb-headline-text\">Prezenty<\/h3>\n\n\n\n<p class=\"gb-headline gb-headline-9108d094 gb-headline-text\">Je\u015bli przedmiot zosta\u0142 oznaczony jako prezent w momencie zakupu i wys\u0142any bezpo\u015brednio do Ciebie, otrzymasz kredyt upominkowy w wysoko\u015bci warto\u015bci zwrotu. Po otrzymaniu zwr\u00f3conego produktu zostanie wys\u0142any bon upominkowy.<\/p>\n\n\n\n<p class=\"gb-headline gb-headline-5d3cf727 gb-headline-text\">Je\u015bli przedmiot nie by\u0142 oznaczony jako prezent w momencie zakupu lub osoba obdarowuj\u0105ca wys\u0142a\u0142a zam\u00f3wienie do siebie, aby przekaza\u0107 je p\u00f3\u017aniej, wy\u015blemy zwrot pieni\u0119dzy do osoby obdarowuj\u0105cej i zostanie ona poinformowana o zwrocie.<\/p>\n\n\n\n<h3 class=\"gb-headline gb-headline-ae81b763 gb-headline-text\">Wysy\u0142ka i zwroty<\/h3>\n\n\n\n<p class=\"gb-headline gb-headline-fdc80127 gb-headline-text\">Aby zwr\u00f3ci\u0107 produkt, nale\u017cy wys\u0142a\u0107 go na adres: <\/p>\n\n\n\n<p class=\"gb-headline gb-headline-7d98ac82 gb-headline-text translation-block\"><strong>Produkty zakupione w Wielkiej Brytanii i Irlandii<\/strong>: Unit 11 Stonefield Park, Martins Lane, Chilbolton, Stockbridge SO20 6AL<\/p>\n\n\n\n<p class=\"gb-headline gb-headline-b68103aa gb-headline-text translation-block\"><strong>Produkty zakupione w kontynentalnej Europie<\/strong>: OnCourt EU, Industriepark-West 43, 9100, Sint-Niklass, Belgium<\/p>\n\n\n\n<p class=\"gb-headline gb-headline-c4eac7e0 gb-headline-text\">U\u017cytkownik ponosi odpowiedzialno\u015b\u0107 za pokrycie koszt\u00f3w wysy\u0142ki zwi\u0105zanych ze zwrotem towaru. Koszty wysy\u0142ki nie podlegaj\u0105 zwrotowi. W przypadku otrzymania zwrotu koszt\u00f3w, koszt wysy\u0142ki zwrotnej zostanie odliczony od kwoty zwrotu.<\/p>\n\n\n\n<p>W zale\u017cno\u015bci od miejsca zamieszkania, czas potrzebny na dotarcie wymienionego produktu mo\u017ce si\u0119 r\u00f3\u017cni\u0107.<\/p>\n\n\n\n<p class=\"gb-text-874a6c8e\"><span class=\"gb-shape\"><svg xmlns=\"http:\/\/www.w3.org\/2000\/svg\" viewbox=\"0 0 256 256\" fill=\"currentColor\"><path d=\"M221.66,133.66l-72,72a8,8,0,0,1-11.32-11.32L196.69,136H40a8,8,0,0,1,0-16H196.69L138.34,61.66a8,8,0,0,1,11.32-11.32l72,72A8,8,0,0,1,221.66,133.66Z\"><\/path><\/svg><\/span><span class=\"gb-text\"><strong><em><a href=\"https:\/\/oncourt.online\/pl\/dostawa-wysylkowa\/\">Informacje o wysy\u0142ce i dostawie OnCourt<\/a><\/em><\/strong><\/span><\/p>\n\n\n\n<h3 class=\"gb-headline gb-headline-df42cdb6 gb-headline-text\">Potrzebujesz pomocy?<\/h3>\n\n\n\n<p class=\"translation-block\"><a href=\"https:\/\/oncourt.online\/pl\/kontakt\/\" target=\"_self\">Skontaktuj si\u0119 z nami<\/a> pod adresem info@oncourt.online\n w sprawach dotycz\u0105cych zwrot\u00f3w i refundacji.<\/p>\n\n\n\n<p class=\"gb-text-41c0004e\"><span class=\"gb-shape\"><svg xmlns=\"http:\/\/www.w3.org\/2000\/svg\" viewbox=\"0 0 256 256\" fill=\"currentColor\"><path d=\"M221.66,133.66l-72,72a8,8,0,0,1-11.32-11.32L196.69,136H40a8,8,0,0,1,0-16H196.69L138.34,61.66a8,8,0,0,1,11.32-11.32l72,72A8,8,0,0,1,221.66,133.66Z\"><\/path><\/svg><\/span><span class=\"gb-text\">Masz pytania? <strong><em><a href=\"https:\/\/oncourt.online\/pl\/basketball-court-faq\/\">Odwied\u017a FAQ OnCourt<\/a><\/em><\/strong><\/span><\/p>\n\n<\/div><\/div><\/div>","protected":false},"excerpt":{"rendered":"<p> ... <a title=\"Polityka zwrot\u00f3w i refundacji\" class=\"read-more\" href=\"https:\/\/oncourt.online\/pl\/refund-returns\/\" aria-label=\"Dowiedz si\u0119 wi\u0119cej o Refund and Returns Policy\">Czytaj wi\u0119cej<\/a><\/p>","protected":false},"author":2,"featured_media":6877,"parent":0,"menu_order":25,"comment_status":"closed","ping_status":"closed","template":"","meta":{"_acf_changed":false,"inline_featured_image":false,"footnotes":""},"class_list":{"0":"post-10","1":"page","2":"type-page","3":"status-publish","4":"has-post-thumbnail","6":"infinite-scroll-item","7":"no-featured-image-padding","8":"resize-featured-image"},"acf":[],"yoast_head":"<!-- This site is optimized with the Yoast SEO Premium plugin v26.8 (Yoast SEO v27.3) - https:\/\/yoast.com\/product\/yoast-seo-premium-wordpress\/ -->\n<title>Refund and Returns Policy - OnCourt Online<\/title>\n<meta name=\"description\" content=\"OnCourt Online refunds and returns policy. Cointact us with any questions you might have regarding refunds and returns.\" \/>\n<meta name=\"robots\" content=\"index, follow, max-snippet:-1, max-image-preview:large, max-video-preview:-1\" \/>\n<link rel=\"canonical\" href=\"https:\/\/oncourt.online\/pl\/zwrot-pieniedzy\/\" \/>\n<meta property=\"og:locale\" content=\"pl_PL\" \/>\n<meta property=\"og:type\" content=\"article\" \/>\n<meta property=\"og:title\" content=\"Refund and Returns Policy\" \/>\n<meta property=\"og:description\" content=\"OnCourt Online refunds and returns policy. Cointact us with any questions you might have regarding refunds and returns.\" \/>\n<meta property=\"og:url\" content=\"https:\/\/oncourt.online\/pl\/zwrot-pieniedzy\/\" \/>\n<meta property=\"og:site_name\" content=\"OnCourt Online\" \/>\n<meta property=\"article:publisher\" content=\"https:\/\/www.facebook.com\/oncourt.online\/\" \/>\n<meta property=\"article:modified_time\" content=\"2026-01-08T02:56:26+00:00\" \/>\n<meta property=\"og:image\" content=\"https:\/\/oncourt.online\/wp-content\/uploads\/2022\/05\/OnCourt-Shipping-and-Delivery-Header.jpg\" \/>\n\t<meta property=\"og:image:width\" content=\"1440\" \/>\n\t<meta property=\"og:image:height\" content=\"498\" \/>\n\t<meta property=\"og:image:type\" content=\"image\/jpeg\" \/>\n<meta name=\"twitter:card\" content=\"summary_large_image\" \/>\n<meta name=\"twitter:label1\" content=\"Szacowany czas czytania\" \/>\n\t<meta name=\"twitter:data1\" content=\"3 minuty\" \/>\n<!-- \/ Yoast SEO Premium plugin. -->","yoast_head_json":{"title":"Polityka zwrot\u00f3w i refundacji - OnCourt Online","description":"OnCourt Online - polityka zwrot\u00f3w i refundacji. Skontaktuj si\u0119 z nami w przypadku jakichkolwiek pyta\u0144 dotycz\u0105cych zwrot\u00f3w.","robots":{"index":"index","follow":"follow","max-snippet":"max-snippet:-1","max-image-preview":"max-image-preview:large","max-video-preview":"max-video-preview:-1"},"canonical":"https:\/\/oncourt.online\/pl\/zwrot-pieniedzy\/","og_locale":"pl_PL","og_type":"article","og_title":"Refund and Returns Policy","og_description":"OnCourt Online refunds and returns policy. Cointact us with any questions you might have regarding refunds and returns.","og_url":"https:\/\/oncourt.online\/pl\/zwrot-pieniedzy\/","og_site_name":"OnCourt Online","article_publisher":"https:\/\/www.facebook.com\/oncourt.online\/","article_modified_time":"2026-01-08T02:56:26+00:00","og_image":[{"width":1440,"height":498,"url":"https:\/\/oncourt.online\/wp-content\/uploads\/2022\/05\/OnCourt-Shipping-and-Delivery-Header.jpg","type":"image\/jpeg"}],"twitter_card":"summary_large_image","twitter_misc":{"Szacowany czas czytania":"3 minuty"},"schema":{"@context":"https:\/\/schema.org","@graph":[{"@type":"WebPage","@id":"https:\/\/oncourt.online\/pl\/refund-returns\/","url":"https:\/\/oncourt.online\/pl\/refund-returns\/","name":"Polityka zwrot\u00f3w i refundacji - OnCourt Online","isPartOf":{"@id":"https:\/\/oncourt.online\/pl\/#website"},"primaryImageOfPage":{"@id":"https:\/\/oncourt.online\/pl\/refund-returns\/#primaryimage"},"image":{"@id":"https:\/\/oncourt.online\/pl\/refund-returns\/#primaryimage"},"thumbnailUrl":"https:\/\/oncourt.online\/wp-content\/uploads\/2022\/05\/OnCourt-Shipping-and-Delivery-Header.jpg","datePublished":"2022-06-07T21:39:16+00:00","dateModified":"2026-01-08T02:56:26+00:00","description":"OnCourt Online - polityka zwrot\u00f3w i refundacji. Skontaktuj si\u0119 z nami w przypadku jakichkolwiek pyta\u0144 dotycz\u0105cych zwrot\u00f3w.","breadcrumb":{"@id":"https:\/\/oncourt.online\/pl\/refund-returns\/#breadcrumb"},"inLanguage":"pl-PL","potentialAction":[{"@type":"ReadAction","target":["https:\/\/oncourt.online\/pl\/refund-returns\/"]}]},{"@type":"ImageObject","inLanguage":"pl-PL","@id":"https:\/\/oncourt.online\/pl\/refund-returns\/#primaryimage","url":"https:\/\/oncourt.online\/wp-content\/uploads\/2022\/05\/OnCourt-Shipping-and-Delivery-Header.jpg","contentUrl":"https:\/\/oncourt.online\/wp-content\/uploads\/2022\/05\/OnCourt-Shipping-and-Delivery-Header.jpg","width":1440,"height":498,"caption":"Shipping & Delivery | OnCourt"},{"@type":"BreadcrumbList","@id":"https:\/\/oncourt.online\/pl\/refund-returns\/#breadcrumb","itemListElement":[{"@type":"ListItem","position":1,"name":"Home","item":"https:\/\/oncourt.online\/"},{"@type":"ListItem","position":2,"name":"Refund and Returns Policy"}]},{"@type":"WebSite","@id":"https:\/\/oncourt.online\/pl\/#website","url":"https:\/\/oncourt.online\/pl\/","name":"OnCourt Online","description":"Wysokiej jako\u015bci boiska do koszyk\u00f3wki","publisher":{"@id":"https:\/\/oncourt.online\/pl\/#organization"},"potentialAction":[{"@type":"SearchAction","target":{"@type":"EntryPoint","urlTemplate":"https:\/\/oncourt.online\/pl\/?s={search_term_string}"},"query-input":{"@type":"PropertyValueSpecification","valueRequired":true,"valueName":"search_term_string"}}],"inLanguage":"pl-PL"},{"@type":"Organization","@id":"https:\/\/oncourt.online\/pl\/#organization","name":"OnCourt Online","url":"https:\/\/oncourt.online\/pl\/","logo":{"@type":"ImageObject","inLanguage":"pl-PL","@id":"https:\/\/oncourt.online\/pl\/#\/schema\/logo\/image\/","url":"https:\/\/oncourt.online\/wp-content\/uploads\/2021\/12\/Logo_OnCourt_Black.svg","contentUrl":"https:\/\/oncourt.online\/wp-content\/uploads\/2021\/12\/Logo_OnCourt_Black.svg","width":"1024","height":"1024","caption":"OnCourt Online"},"image":{"@id":"https:\/\/oncourt.online\/pl\/#\/schema\/logo\/image\/"},"sameAs":["https:\/\/www.facebook.com\/oncourt.online\/"],"email":"info@oncourt.online"}]}},"_links":{"self":[{"href":"https:\/\/oncourt.online\/pl\/wp-json\/wp\/v2\/pages\/10","targetHints":{"allow":["GET"]}}],"collection":[{"href":"https:\/\/oncourt.online\/pl\/wp-json\/wp\/v2\/pages"}],"about":[{"href":"https:\/\/oncourt.online\/pl\/wp-json\/wp\/v2\/types\/page"}],"author":[{"embeddable":true,"href":"https:\/\/oncourt.online\/pl\/wp-json\/wp\/v2\/users\/2"}],"replies":[{"embeddable":true,"href":"https:\/\/oncourt.online\/pl\/wp-json\/wp\/v2\/comments?post=10"}],"version-history":[{"count":0,"href":"https:\/\/oncourt.online\/pl\/wp-json\/wp\/v2\/pages\/10\/revisions"}],"wp:featuredmedia":[{"embeddable":true,"href":"https:\/\/oncourt.online\/pl\/wp-json\/wp\/v2\/media\/6877"}],"wp:attachment":[{"href":"https:\/\/oncourt.online\/pl\/wp-json\/wp\/v2\/media?parent=10"}],"curies":[{"name":"wp","href":"https:\/\/api.w.org\/{rel}","templated":true}]}}