{"id":6797,"date":"2022-05-26T13:42:42","date_gmt":"2022-05-26T13:42:42","guid":{"rendered":"https:\/\/oncourt.online\/?page_id=6797"},"modified":"2026-01-09T02:04:24","modified_gmt":"2026-01-09T02:04:24","slug":"fraktlevering","status":"publish","type":"page","link":"https:\/\/oncourt.online\/nb\/shipping-delivery\/","title":{"rendered":"Frakt og levering"},"content":{"rendered":"<div class=\"gb-container gb-container-f34a8199\">\n<div class=\"gb-container gb-container-235943a7\">\n\n<h2 class=\"gb-headline gb-headline-88ee416e gb-headline-text\">OnCourt Online fraktpolicy<\/h2>\n\n\n\n<p class=\"gb-headline gb-headline-0924883b gb-headline-text not_last_text\">Frakt og levering hos OnCourt avhenger av hvilke produkter du velger. Ved kj\u00f8p av et baneanlegg sendes kurv og komponenter s\u00e5 raskt som mulig, slik at de kan inng\u00e5 i oppbyggingen av underlaget. Banedekker produseres og sendes etter forberedelse, som for tiden tar 10\u201312 uker. <\/p>\n\n\n\n<p class=\"gb-text not_last_text\">Leveringstilgjengelighet varierer etter land. Vi leverer kun til utvalgte regioner som vises i kassen.<\/p>\n\n\n\n<p>Hvis landet ditt ikke er oppf\u00f8rt og du planlegger et basketballbane-prosjekt, vennligst kontakt oss for \u00e5 vurdere mulighetene. Tilgjengelighet vurderes fra sak til sak. <\/p>\n\n\n\n<h3 class=\"gb-headline gb-headline-3e94b795 gb-headline-text\">Modul\u00e6re sportsoverflater levert klare for Plug &amp; Play-installasjon<\/h3>\n\n\n\n<p class=\"gb-headline gb-headline-e71567d7 gb-headline-text not_last_text\">Banedekker leveres i pakker klare for enkel egenmontering. Hver bane kommer palletert, med nummererte plater og et kart som veiledning (Boligleveranser er til kantstein).<\/p>\n\n\n\n<p class=\"translation-block\">Hver modul\u00e6re sportbane produseres p\u00e5 bestilling, <strong>med en produksjonstid p\u00e5 omtrent<\/strong> <strong>10\u201312 uker<\/strong> fra bekreftet mottak av bestillingen. Leveringstider varierer etter lokasjon, og n\u00e5r forsendelsen er sendt, vil du motta en oppdatering med estimert ankomstdato og sporing (aktiv etter tollklarering i mottakerlandet). Alle avgifter er forh\u00e5ndsbetalt, og leveranser skjer p\u00e5 DDP-basis (Delivered Duty Paid), uten skjulte kostnader.<\/p>\n\n\n<div class=\"gb-container gb-container-cfce094b\">\n\n<h2 class=\"gb-text\">Produktforsendelse<\/h2>\n\n\n\n<p>Med mindre annet er oppgitt, sendes alle bestillinger fra OnCourt via p\u00e5litelige transport\u00f8rer. Produktene sendes i ny og god stand, som annonsert. Basketballsystemer leveres via <strong>Levering ved fortauskanten<\/strong>, noe som betyr at bestillingen din vil bli levert til fortauskanten ved enden av oppkj\u00f8rselen din. V\u00e6r oppmerksom p\u00e5 at denne tjenesten <strong>inkluderer ikke installasjon, montering eller fjerning av emballasje<\/strong>.<\/p>\n\n\n\n<h3 class=\"gb-headline gb-headline-bce52be2 gb-headline-text\">Adresseendringer etter utsendelse<\/h3>\n\n\n\n<p>Dersom leveringsadressen endres etter at forsendelsen er hentet av frakttransport\u00f8r, regnes dette som en ny forsendelse og ekstra kostnader vil p\u00e5l\u00f8pe.<\/p>\n\n\n\n<h3 class=\"gb-headline gb-headline-ab76306c gb-headline-text\">Leveringsplan<\/h3>\n\n\n\n<p class=\"translation-block\">Leveranser skjer vanligvis <strong>mandag til fredag, mellom 08:00 og 18:00<\/strong>. Tidspunktene kan variere avhengig av din lokasjon, sj\u00e5f\u00f8rens rute og uforutsette faktorer som trafikk eller v\u00e6rforhold.<\/p>\n\n\n\n<h3 class=\"gb-headline gb-headline-d3e65b23 gb-headline-text\">Leveringskj\u00f8ret\u00f8y og adkomst<\/h3>\n\n\n\n<p class=\"gb-text not_last_text translation-block\">Detaljbestillinger leveres med <strong>tunge kj\u00f8ret\u00f8y (f.eks. vogntog)<\/strong> og inkluderer vanligvis <strong>hydraulisk bakl\u00f8fter<\/strong>. Sj\u00e5f\u00f8ren er ansvarlig for lossing av produktet og plassering ved fortauskanten. Dersom ytterligere leveringstjenester utf\u00f8res, kan ekstra kostnader p\u00e5l\u00f8pe.<\/p>\n\n\n\n<p class=\"translation-block\">Vennligst kontroller leveringskvitteringen n\u00f8ye for \u00e5 sikre at <strong>ingen tilleggstjenester<\/strong> er utf\u00f8rt. Hvis de er det, forbeholder OnCourt seg retten til \u00e5 <strong>viderefakturere disse kostnadene<\/strong>.<\/p>\n\n\n\n<h3 class=\"wp-block-heading\" id=\"h-delivery-signature-amp-inspection\">Signatur og kontroll ved levering<\/h3>\n\n\n\n<p class=\"gb-text not_last_text translation-block\">Det kreves <strong>signatur<\/strong> ved levering. Emballasjen m\u00e5 inspiseres <strong>f\u00f8r signering<\/strong>. Om n\u00f8dvendig kan du \u00e5pne esken for \u00e5 kontrollere innholdets tilstand, spesielt <strong>glassbakplater<\/strong>, som er mer s\u00e5rbare under transport.<\/p>\n\n\n\n<p>Hvis noen del av forsendelsen ser skadet ut:<\/p>\n\n\n\n<ul class=\"wp-block-list\">\n<li><strong>Ikke nekt levering.<\/strong><\/li>\n\n\n\n<li>Skriv tydelige notater p\u00e5 leveringskvitteringen som beskriver problemet (f.eks., <em>\u201cRyggplaten knuste ved levering\u201d<\/em>).<\/li>\n\n\n\n<li>Ta klart <strong>bilder av skaden<\/strong>.<\/li>\n\n\n\n<li>Send den signerte kvitteringen og bildene til v\u00e5rt supportteam via e-post, s\u00e5 sender vi deg en <strong>erstatningsdel<\/strong> umiddelbart.<\/li>\n<\/ul>\n\n\n\n<p class=\"gb-text not_last_text\">I mellomtiden kan du fortsette med alle oppsettstrinn som ikke er ber\u00f8rt (f.eks. \u00e5 sette forankringer og la betongen herde).<\/p>\n\n\n\n<p>Alle leveranser krever signatur. Mottakeren m\u00e5 signere en leveringskvittering, og leveransen vil ikke bli utf\u00f8rt uten denne.<\/p>\n\n\n\n<h3 class=\"gb-headline gb-headline-7838bbbd gb-headline-text\">Viktige merknader om levering<\/h3>\n\n\n\n<ul class=\"wp-block-list\">\n<li>Alle varer forlater v\u00e5rt lager <strong>helt ny og uskadet<\/strong>.<\/li>\n\n\n\n<li>Hvis skaden ikke er rapportert p\u00e5 leveringsbekreftelsen, m\u00e5 du <strong>frigj\u00f8re transport\u00f8ren fra ansvar<\/strong> og kan kanskje ikke kreve erstatning.<\/li>\n\n\n\n<li><strong>Herdet glass<\/strong> knuses ikke \u2014 den splintres. Hvis ryggplaten din er \u00f8delagt, vil den v\u00e6re i <strong>mange sm\u00e5 biter<\/strong>, ikke sprukket.<\/li>\n<\/ul>\n\n\n\n<p>For din sikkerhet, <strong>skriv \u201cUnderlagt inspeksjon\u201d ved siden av signaturen din<\/strong> ved signering for levering.<\/p>\n\n\n\n<h3 class=\"gb-headline gb-headline-dd213a82 gb-headline-text\">Leveringstilgang<\/h3>\n\n\n\n<p>Hvis stedet ditt ikke er tilgjengelig for store leveringskj\u00f8ret\u00f8y (f.eks. smale veier, bratte oppkj\u00f8rsler, inngjerdede boligomr\u00e5der), kan det hende du m\u00e5:<\/p>\n\n\n\n<ul class=\"wp-block-list\">\n<li>Hent bestillingen din fra en lokal terminal, eller<\/li>\n\n\n\n<li>Ordne endelig levering gjennom en tredjeparts budtjeneste.<\/li>\n<\/ul>\n\n\n\n<h3 class=\"gb-headline gb-headline-f4f6c8ad gb-headline-text\">Uleverbare bestillinger<\/h3>\n\n\n\n<p>Hvis en forsendelse returneres som <strong>Kan ikke leveres<\/strong> eller <strong>Avvist<\/strong>, en <strong>20% restocking fee<\/strong> vil gjelde, og du vil v\u00e6re ansvarlig for eventuelle originale fraktkostnader.<\/p>\n\n<\/div>\n\n\n<h3 class=\"gb-headline gb-headline-77bdb557 gb-headline-text\">Frakt og toll (bestillinger utenfor EU)<\/h3>\n\n\n\n<p class=\"gb-headline gb-headline-f02c1b4c gb-headline-text\">For alle bestillinger som sendes <strong>utenfor Den europeiske union<\/strong>:<\/p>\n\n\n\n<ul class=\"wp-block-list\">\n<li>Prisene som vises ved kassen inkluderer ikke lokale avgifter, importavgifter eller tollklareringsgebyrer.<\/li>\n\n\n\n<li>Du er den registrerte import\u00f8ren og er alene ansvarlig for eventuelle slike kostnader ved levering.<\/li>\n\n\n\n<li>OnCourt innkrever eller overf\u00f8rer ikke merverdiavgift\/GST, importavgifter eller tollavgifter for destinasjoner utenfor EU.<\/li>\n\n\n\n<li>Hvis betaling nektes eller ikke betales, kan dette f\u00f8re til forsinkelser, retur eller oppgivelse av forsendelsen. OnCourt er ikke ansvarlig for eventuelle kostnader eller tap som f\u00f8lge av dette, og vil ikke refundere frakt- eller produktkostnader i slike tilfeller.<\/li>\n<\/ul>\n\n\n\n<p>Ved \u00e5 fullf\u00f8re kj\u00f8pet bekrefter og aksepterer du disse vilk\u00e5rene.<\/p>\n\n<\/div>\n<\/div>\n\n<div class=\"gb-container gb-container-aedea16a\" id=\"megaslam-shipping\">\n<div class=\"gb-container gb-container-492b5ca3\">\n\n<h2 class=\"gb-headline gb-headline-65d8dcc4 gb-headline-text\">Jevn levering av din Mega Slam Hoop <\/h2>\n\n\n\n<p class=\"gb-headline gb-headline-880344a0 gb-headline-text\">N\u00e5r du bestiller p\u00e5 oncourt.online, leverer vi kurven direkte til fortauskanten \u2013 rett fra lageret, av fra lastebilen og hjem til deg. Bruk v\u00e5r sjekkliste med 5 punkter for en s\u00f8ml\u00f8s levering av din <a href=\"https:\/\/oncourt.online\/nb\/basketballboyler\/\"><em><strong>Mega Slam Hoop<\/strong><\/em><\/a>. <\/p>\n\n\n\n<figure class=\"wp-block-image size-full is-resized\"><img loading=\"lazy\" decoding=\"async\" width=\"600\" height=\"600\" src=\"https:\/\/oncourt.online\/wp-content\/uploads\/2021\/10\/Mega-Slam-Hoop-s-Order-Confirmation.png\" alt=\"Mega Slam Hoops - Ordrebekreftelse\" class=\"wp-image-422\" style=\"width:150px;height:auto\" srcset=\"https:\/\/oncourt.online\/wp-content\/uploads\/2021\/10\/Mega-Slam-Hoop-s-Order-Confirmation.png 600w, https:\/\/oncourt.online\/wp-content\/uploads\/2021\/10\/Mega-Slam-Hoop-s-Order-Confirmation-100x100.png 100w, https:\/\/oncourt.online\/wp-content\/uploads\/2021\/10\/Mega-Slam-Hoop-s-Order-Confirmation-545x545.png 545w\" sizes=\"auto, (max-width: 600px) 100vw, 600px\" \/><\/figure>\n\n\n\n<h4 class=\"gb-headline gb-headline-8536b972 gb-headline-text\">1. Bekreft bestillingen din<\/h4>\n\n\n\n<p class=\"gb-headline gb-headline-9f1a5517 gb-headline-text\">Gratulerer med bestillingen av ny basketballkurv! Se etter en e-post med bestillingsdetaljer. <\/p>\n\n\n\n<figure class=\"wp-block-image size-full is-resized\"><img loading=\"lazy\" decoding=\"async\" width=\"600\" height=\"600\" src=\"https:\/\/oncourt.online\/wp-content\/uploads\/2021\/10\/Mega-Slam-Hoops-Arrange-Delivery.png\" alt=\"Mega Slam Hoops - Bestill levering\" class=\"wp-image-419\" style=\"width:150px;height:150px\" srcset=\"https:\/\/oncourt.online\/wp-content\/uploads\/2021\/10\/Mega-Slam-Hoops-Arrange-Delivery.png 600w, https:\/\/oncourt.online\/wp-content\/uploads\/2021\/10\/Mega-Slam-Hoops-Arrange-Delivery-100x100.png 100w, https:\/\/oncourt.online\/wp-content\/uploads\/2021\/10\/Mega-Slam-Hoops-Arrange-Delivery-545x545.png 545w\" sizes=\"auto, (max-width: 600px) 100vw, 600px\" \/><\/figure>\n\n\n\n<h4 class=\"gb-headline gb-headline-9bfe8bb5 gb-headline-text\">2. Forsendelse og levering <\/h4>\n\n\n\n<p class=\"gb-headline gb-headline-290fa9d6 gb-headline-text\">Du vil motta en bekreftelse p\u00e5 at bestillingen din er sendt, inkludert estimert leveringstid. <\/p>\n\n\n\n<figure class=\"wp-block-image size-full is-resized\"><img loading=\"lazy\" decoding=\"async\" width=\"600\" height=\"600\" src=\"https:\/\/oncourt.online\/wp-content\/uploads\/2021\/10\/Mega-Slam-Hoops-Curbside-Delivery.png\" alt=\"Mega Slam Hoops - Levering p\u00e5 fortauet\" class=\"wp-image-420\" style=\"width:150px;height:150px\" srcset=\"https:\/\/oncourt.online\/wp-content\/uploads\/2021\/10\/Mega-Slam-Hoops-Curbside-Delivery.png 600w, https:\/\/oncourt.online\/wp-content\/uploads\/2021\/10\/Mega-Slam-Hoops-Curbside-Delivery-100x100.png 100w, https:\/\/oncourt.online\/wp-content\/uploads\/2021\/10\/Mega-Slam-Hoops-Curbside-Delivery-545x545.png 545w\" sizes=\"auto, (max-width: 600px) 100vw, 600px\" \/><\/figure>\n\n\n\n<h4 class=\"gb-headline gb-headline-111f7f0a gb-headline-text\">3. Lag plass til basketballkurven din<\/h4>\n\n\n\n<p class=\"gb-headline gb-headline-cdd4e7d1 gb-headline-text\">Mega Slam basketballsystemer er store (opptil 340 kg), og fraktpallen tar opp mye plass ved levering (Boligleveranser skjer til fortauskanten).<\/p>\n\n\n\n<figure class=\"wp-block-image size-full is-resized\"><img loading=\"lazy\" decoding=\"async\" width=\"600\" height=\"600\" src=\"https:\/\/oncourt.online\/wp-content\/uploads\/2021\/10\/Mega-Slam-Shipping-Boxes.png\" alt=\"Mega Slam forsendelsesesker\" class=\"wp-image-421\" style=\"width:150px;height:150px\" srcset=\"https:\/\/oncourt.online\/wp-content\/uploads\/2021\/10\/Mega-Slam-Shipping-Boxes.png 600w, https:\/\/oncourt.online\/wp-content\/uploads\/2021\/10\/Mega-Slam-Shipping-Boxes-100x100.png 100w, https:\/\/oncourt.online\/wp-content\/uploads\/2021\/10\/Mega-Slam-Shipping-Boxes-545x545.png 545w\" sizes=\"auto, (max-width: 600px) 100vw, 600px\" \/><\/figure>\n\n\n\n<h4 class=\"gb-headline gb-headline-c4d17918 gb-headline-text\">4. Inspiser leveransen av basketballkurven din<\/h4>\n\n\n\n<p class=\"gb-headline gb-headline-b333a103 gb-headline-text\">Basert p\u00e5 st\u00f8rrelsen p\u00e5 bestillingen din, s\u00f8rg for at riktig antall bokser er festet til hver pall (alle systemer leveres p\u00e5 \u00e9n pall med tydelig nummererte bokser). Det g\u00e5r helt fint hvis noen bokser er bulket eller revnet \u2014 systemene v\u00e5re er slitesterke og t\u00e5ler sm\u00e5 skader. <\/p>\n\n\n\n<figure class=\"wp-block-image size-full is-resized\"><img loading=\"lazy\" decoding=\"async\" width=\"600\" height=\"600\" src=\"https:\/\/oncourt.online\/wp-content\/uploads\/2021\/10\/Mega-Slam-Hoops-Signed-Delivery.png\" alt=\"Mega Slam Hoops - Signert levering\" class=\"wp-image-417\" style=\"width:150px;height:150px\" srcset=\"https:\/\/oncourt.online\/wp-content\/uploads\/2021\/10\/Mega-Slam-Hoops-Signed-Delivery.png 600w, https:\/\/oncourt.online\/wp-content\/uploads\/2021\/10\/Mega-Slam-Hoops-Signed-Delivery-100x100.png 100w, https:\/\/oncourt.online\/wp-content\/uploads\/2021\/10\/Mega-Slam-Hoops-Signed-Delivery-545x545.png 545w\" sizes=\"auto, (max-width: 600px) 100vw, 600px\" \/><\/figure>\n\n\n\n<h4 class=\"gb-headline gb-headline-f3ff4626 gb-headline-text\">5. Signer for \u00e5 motta leveransen din<\/h4>\n\n\n\n<p class=\"gb-headline gb-headline-0e5ad3a7 gb-headline-text\">Din hyggelige leveringssj\u00e5f\u00f8r vil n\u00e5 be deg signere for \u00e5 frigj\u00f8re basketballsystemet ditt. Hvis det er synlige skader p\u00e5 eskene (eller systemet), noter dem p\u00e5 leveringsskjemaet og ta bilder f\u00f8r du signerer.<br>Hvis noen varer er skadet, godta leveransen og kontakt oss umiddelbart. Legg ved bilder i e-posten, s\u00e5 sender vi erstatningsdeler raskt. <\/p>\n\n\n\n<figure class=\"wp-block-image size-full is-resized\"><img loading=\"lazy\" decoding=\"async\" width=\"750\" height=\"750\" src=\"https:\/\/oncourt.online\/wp-content\/uploads\/2021\/10\/MegaDlam-Installation-Dig-and-Pour.png\" alt=\"\" class=\"wp-image-319\" style=\"width:188px;height:188px\" srcset=\"https:\/\/oncourt.online\/wp-content\/uploads\/2021\/10\/MegaDlam-Installation-Dig-and-Pour.png 750w, https:\/\/oncourt.online\/wp-content\/uploads\/2021\/10\/MegaDlam-Installation-Dig-and-Pour-100x100.png 100w, https:\/\/oncourt.online\/wp-content\/uploads\/2021\/10\/MegaDlam-Installation-Dig-and-Pour-545x545.png 545w\" sizes=\"auto, (max-width: 750px) 100vw, 750px\" \/><\/figure>\n\n\n\n<h3 class=\"gb-headline gb-headline-a22b1bbf gb-headline-text\">Installasjon<\/h3>\n\n\n\n<p class=\"gb-headline gb-headline-507bcc99 gb-headline-text\">N\u00e5r kurven din er levert, er det p\u00e5 tide \u00e5<a href=\"https:\/\/oncourt.online\/nb\/guider\/installasjon\/installasjonsguide-basketballkurv\/\"> <em><strong>installere din Mega Slam Hoop.<\/strong><\/em><\/a>.<\/p>\n\n<\/div>\n<\/div>","protected":false},"excerpt":{"rendered":"<p> &#8230; <a title=\"Frakt og levering\" class=\"read-more\" href=\"https:\/\/oncourt.online\/nb\/shipping-delivery\/\" aria-label=\"Read more about Shipping And Delivery\">Les mer<\/a><\/p>","protected":false},"author":2,"featured_media":6877,"parent":0,"menu_order":24,"comment_status":"closed","ping_status":"closed","template":"","meta":{"_acf_changed":false,"inline_featured_image":false,"footnotes":""},"class_list":{"0":"post-6797","1":"page","2":"type-page","3":"status-publish","4":"has-post-thumbnail","6":"infinite-scroll-item","7":"no-featured-image-padding","8":"resize-featured-image"},"acf":[],"yoast_head":"<!-- This site is optimized with the Yoast SEO Premium plugin v26.8 (Yoast SEO v27.3) - https:\/\/yoast.com\/product\/yoast-seo-premium-wordpress\/ -->\n<title>Shipping &amp; Delivery Information | OnCourt<\/title>\n<meta name=\"description\" content=\"Shipping and delivery information, including delivery methods, access planning, handling advice, and important notes for OnCourt orders.\" \/>\n<meta name=\"robots\" content=\"index, follow, max-snippet:-1, max-image-preview:large, max-video-preview:-1\" \/>\n<link rel=\"canonical\" href=\"https:\/\/oncourt.online\/nb\/fraktlevering\/\" \/>\n<meta property=\"og:locale\" content=\"nb_NO\" \/>\n<meta property=\"og:type\" content=\"article\" \/>\n<meta property=\"og:title\" content=\"Shipping And Delivery\" \/>\n<meta property=\"og:description\" content=\"Shipping and delivery information, including delivery methods, access planning, handling advice, and important notes for OnCourt orders.\" \/>\n<meta property=\"og:url\" content=\"https:\/\/oncourt.online\/nb\/fraktlevering\/\" \/>\n<meta property=\"og:site_name\" content=\"OnCourt Online\" \/>\n<meta property=\"article:publisher\" content=\"https:\/\/www.facebook.com\/oncourt.online\/\" \/>\n<meta property=\"article:modified_time\" content=\"2026-01-09T02:04:24+00:00\" \/>\n<meta property=\"og:image\" content=\"https:\/\/oncourt.online\/wp-content\/uploads\/2022\/05\/OnCourt-Shipping-and-Delivery-Header.jpg\" \/>\n\t<meta property=\"og:image:width\" content=\"1440\" \/>\n\t<meta property=\"og:image:height\" content=\"498\" \/>\n\t<meta property=\"og:image:type\" content=\"image\/jpeg\" \/>\n<meta name=\"twitter:card\" content=\"summary_large_image\" \/>\n<meta name=\"twitter:label1\" content=\"Ansl. lesetid\" \/>\n\t<meta name=\"twitter:data1\" content=\"6 minutter\" \/>\n<!-- \/ Yoast SEO Premium plugin. -->","yoast_head_json":{"title":"Frakt- og Leveringsinformasjon | OnCourt","description":"Informasjon om frakt og levering, inkludert leveringsmetoder, planlegging av adkomst, r\u00e5d om h\u00e5ndtering og viktige merknader for OnCourt-bestillinger.","robots":{"index":"index","follow":"follow","max-snippet":"max-snippet:-1","max-image-preview":"max-image-preview:large","max-video-preview":"max-video-preview:-1"},"canonical":"https:\/\/oncourt.online\/nb\/fraktlevering\/","og_locale":"nb_NO","og_type":"article","og_title":"Shipping And Delivery","og_description":"Shipping and delivery information, including delivery methods, access planning, handling advice, and important notes for OnCourt orders.","og_url":"https:\/\/oncourt.online\/nb\/fraktlevering\/","og_site_name":"OnCourt Online","article_publisher":"https:\/\/www.facebook.com\/oncourt.online\/","article_modified_time":"2026-01-09T02:04:24+00:00","og_image":[{"width":1440,"height":498,"url":"https:\/\/oncourt.online\/wp-content\/uploads\/2022\/05\/OnCourt-Shipping-and-Delivery-Header.jpg","type":"image\/jpeg"}],"twitter_card":"summary_large_image","twitter_misc":{"Ansl. lesetid":"6 minutter"},"schema":{"@context":"https:\/\/schema.org","@graph":[{"@type":"WebPage","@id":"https:\/\/oncourt.online\/nb\/shipping-delivery\/","url":"https:\/\/oncourt.online\/nb\/shipping-delivery\/","name":"Frakt- og Leveringsinformasjon | OnCourt","isPartOf":{"@id":"https:\/\/oncourt.online\/nb\/#website"},"primaryImageOfPage":{"@id":"https:\/\/oncourt.online\/nb\/shipping-delivery\/#primaryimage"},"image":{"@id":"https:\/\/oncourt.online\/nb\/shipping-delivery\/#primaryimage"},"thumbnailUrl":"https:\/\/oncourt.online\/wp-content\/uploads\/2022\/05\/OnCourt-Shipping-and-Delivery-Header.jpg","datePublished":"2022-05-26T13:42:42+00:00","dateModified":"2026-01-09T02:04:24+00:00","description":"Informasjon om frakt og levering, inkludert leveringsmetoder, planlegging av adkomst, r\u00e5d om h\u00e5ndtering og viktige merknader for OnCourt-bestillinger.","breadcrumb":{"@id":"https:\/\/oncourt.online\/nb\/shipping-delivery\/#breadcrumb"},"inLanguage":"nb-NO","potentialAction":[{"@type":"ReadAction","target":["https:\/\/oncourt.online\/nb\/shipping-delivery\/"]}]},{"@type":"ImageObject","inLanguage":"nb-NO","@id":"https:\/\/oncourt.online\/nb\/shipping-delivery\/#primaryimage","url":"https:\/\/oncourt.online\/wp-content\/uploads\/2022\/05\/OnCourt-Shipping-and-Delivery-Header.jpg","contentUrl":"https:\/\/oncourt.online\/wp-content\/uploads\/2022\/05\/OnCourt-Shipping-and-Delivery-Header.jpg","width":1440,"height":498,"caption":"Shipping & Delivery | OnCourt"},{"@type":"BreadcrumbList","@id":"https:\/\/oncourt.online\/nb\/shipping-delivery\/#breadcrumb","itemListElement":[{"@type":"ListItem","position":1,"name":"Home","item":"https:\/\/oncourt.online\/"},{"@type":"ListItem","position":2,"name":"Shipping And Delivery"}]},{"@type":"WebSite","@id":"https:\/\/oncourt.online\/nb\/#website","url":"https:\/\/oncourt.online\/nb\/","name":"OnCourt Online","description":"H\u00f8yytelsesbasketballbaner","publisher":{"@id":"https:\/\/oncourt.online\/nb\/#organization"},"potentialAction":[{"@type":"SearchAction","target":{"@type":"EntryPoint","urlTemplate":"https:\/\/oncourt.online\/nb\/?s={search_term_string}"},"query-input":{"@type":"PropertyValueSpecification","valueRequired":true,"valueName":"search_term_string"}}],"inLanguage":"nb-NO"},{"@type":"Organization","@id":"https:\/\/oncourt.online\/nb\/#organization","name":"OnCourt Online","url":"https:\/\/oncourt.online\/nb\/","logo":{"@type":"ImageObject","inLanguage":"nb-NO","@id":"https:\/\/oncourt.online\/nb\/#\/schema\/logo\/image\/","url":"https:\/\/oncourt.online\/wp-content\/uploads\/2021\/12\/Logo_OnCourt_Black.svg","contentUrl":"https:\/\/oncourt.online\/wp-content\/uploads\/2021\/12\/Logo_OnCourt_Black.svg","width":"1024","height":"1024","caption":"OnCourt Online"},"image":{"@id":"https:\/\/oncourt.online\/nb\/#\/schema\/logo\/image\/"},"sameAs":["https:\/\/www.facebook.com\/oncourt.online\/"],"email":"info@oncourt.online"}]}},"_links":{"self":[{"href":"https:\/\/oncourt.online\/nb\/wp-json\/wp\/v2\/pages\/6797","targetHints":{"allow":["GET"]}}],"collection":[{"href":"https:\/\/oncourt.online\/nb\/wp-json\/wp\/v2\/pages"}],"about":[{"href":"https:\/\/oncourt.online\/nb\/wp-json\/wp\/v2\/types\/page"}],"author":[{"embeddable":true,"href":"https:\/\/oncourt.online\/nb\/wp-json\/wp\/v2\/users\/2"}],"replies":[{"embeddable":true,"href":"https:\/\/oncourt.online\/nb\/wp-json\/wp\/v2\/comments?post=6797"}],"version-history":[{"count":0,"href":"https:\/\/oncourt.online\/nb\/wp-json\/wp\/v2\/pages\/6797\/revisions"}],"wp:featuredmedia":[{"embeddable":true,"href":"https:\/\/oncourt.online\/nb\/wp-json\/wp\/v2\/media\/6877"}],"wp:attachment":[{"href":"https:\/\/oncourt.online\/nb\/wp-json\/wp\/v2\/media?parent=6797"}],"curies":[{"name":"wp","href":"https:\/\/api.w.org\/{rel}","templated":true}]}}