{"id":428,"date":"2021-10-22T11:43:33","date_gmt":"2021-10-22T11:43:33","guid":{"rendered":"https:\/\/oncourt.online\/?page_id=428"},"modified":"2026-01-03T03:34:58","modified_gmt":"2026-01-03T03:34:58","slug":"livstidsgaranti","status":"publish","type":"page","link":"https:\/\/oncourt.online\/nb\/basketball-hoops\/lifetime-warranty\/","title":{"rendered":"Livstidsgaranti"},"content":{"rendered":"<div class=\"gb-element-118ef599\">\n<div class=\"gb-element-d7eed537\">\n<h2 class=\"gb-headline gb-headline-96ad026f gb-headline-text\">God for et helt liv med dunks, slams og jams<\/h2>\n\n\n\n<p class=\"gb-headline gb-headline-78623ab6 gb-headline-text\">Mega Slam Hoops and OnCourt are committed to providing the best residential basketball systems that your money can buy. Mega Slam products are designed to last a lifetime. It makes sense for the warranty to last just as long.<br>Du vil ikke finne noen av disse l\u00f8ftene hos andre kurvprodusenter. Faktisk st\u00e5r vi bak Mega Slam Hoops-basketballsystemer og garanterer god ytelse for en levetid p\u00e5 spill, selv ned til muttere og bolter.<\/p>\n\n\n\n<p class=\"gb-headline gb-headline-c6f59d0a gb-headline-text\"><br><strong>BASKETBALL SYSTEMS BEGRENSET LIVSTIDSGARANTI<\/strong><br>DEN BEGRENSEDE LIVSTIDSGARANTIEN gjelder kun for den opprinnelige detaljkj\u00f8peren av Mega Slam Hoops (\"produktet\"), og de strukturelle komponentene er garantert \u00e5 v\u00e6re fri for defekter i materiale og utf\u00f8relse, med forbehold om begrensningene beskrevet nedenfor. \"Defekter\" defineres som mangler som svekker bruken av produktet.<\/p>\n\n\n\n<p>THE LIMITED LIFETIME WARRANTY COVERAGE IS EXTENDED ONLY TO THE ORIGINAL RETAIL PURCHASER AND TERMINATES IF THE ORIGINAL RETAIL PURCHASER OTHERWISE TRANSFERS OR SELLS THE PRODUCT. THIS WARRANTY IS VOID IF THE PRODUCT HAS BEEN DAMAGED BY IMPROPER SERVICE, NEGLIGENCE, ACCIDENT, UNREASONABLE USE, IMPROPER INSTALLATION, OR OTHER CAUSES NOT RESULTING FROM DEFECTS IN MATERIAL AND WORKMANSHIP. <\/p>\n\n\n\n<p>Subject to proper installation in accordance with the installation instructions; normal residential use for glass backboards; normal basketball related activities; and has been maintained in agreement with the instructions.<\/p>\n\n\n\n<p class=\"gb-headline gb-headline-1de06637 gb-headline-text\"><br><strong>GARANTIKRAV<\/strong><br>Proof of purchase by the original retail Consumer Purchaser is required for all warranty claims.<\/p>\n\n\n\n<p>Mega Sports UK Ltd reserves the right to examine physical evidence or photographs of the Product, or component parts, claimed to be defective, and to recover said Product, prior to authorising a warranty claim. If applicable, a \u201cReturn Merchandise Authorisation\u201d (RMA) number will be required prior to shipping damaged Product by original retail Consumer Purchaser with freight prepaid.<\/p>\n\n\n\n<p>In returning a Product or component part for repair or replacement under this warranty, the original Consumer Purchaser must prepay all shipping transportation, insurance and delivery costs, and the Product or component parts, must be delivered in either its original carton or a similar package affording an equal degree of protection.<\/p>\n\n\n\n<p>Mega Sports UK Ltd will not be responsible for any loss or damage incurred in connection with the return of this Product or component parts.<\/p>\n\n\n\n<p>Begrenset livstidsgaranti dekker ikke f\u00f8lgende:<\/p>\n\n\n\n<p>Denne garantien gjelder ikke for produkter som har v\u00e6rt utsatt for feil bruk, misbruk, unormal bruk, uaktsomhet, endring, ulykke, feilaktig installasjon, h\u00e6rverk eller brann.<\/p>\n\n\n\n<p>Maling, rustne deler, overflateskrap, falming, misfarging eller sprekker som ikke p\u00e5virker produktets funksjonalitet.<\/p>\n\n\n\n<p>Skade eller forringelse p\u00e5 grunn av tid eller normal slitasje.<\/p>\n\n\n\n<p>Skader som skyldes \"naturkatastrofer\", inkluderer, men er ikke begrenset til, for eksempel flom, tornadoer, hagl, lyn, sandstormer, vindstormer eller jordskjelv.<\/p>\n\n\n\n<p>Skader som skyldes \"milj\u00f8faktorer\", inkluderer, men er ikke begrenset til, for eksempel luftb\u00e5rne nedfall, kjemikalier, havspr\u00f8yt eller vindb\u00e5ren sand.<\/p>\n\n\n\n<p>Fraktkostnader begge veier for garanterte eller erstattede varer m\u00e5 forh\u00e5ndsbetales av den opprinnelige forbrukerkj\u00f8peren p\u00e5 forh\u00e5nd.<\/p>\n\n\n\n<p>Forhandlerens servicekostnader, arbeidskostnader eller reiseutgifter. Alle arbeidskostnader, reiseutgifter og andre kostnader i forbindelse med installasjon, inspeksjon, service eller utskifting av Produktet, eller utskifting av komponentdeler, skal v\u00e6re den opprinnelige forbrukerkj\u00f8perens ansvar.<\/p>\n\n\n\n<p>DENNE GARANTIEN GJELDER UTTRYKKELIG I STEDET FOR ALLE ANDRE GARANTIER, UTTRYKTE ELLER UNDERFORST\u00c5TTE, INKLUDERT, MEN IKKE BEGRENSET TIL, ENHVER UNDERFORST\u00c5TT GARANTI FOR SALGBARHET ELLER EGNETHET FOR ET BESTEMT FORM\u00c5L, OG ALLE ANDRE FORPLIKTELSER FRA MEGA SPORTS UK LTD, FORUTSATT AT HVIS FRASKRIVELSEN AV UNDERFORST\u00c5TTE GARANTIER ER EFFEKTIV I HENHOLD TIL GJELDENDE LOV, SKAL VARIGHETEN AV EVENTUELLE UNDERFORST\u00c5TTE GARANTIER SOM OPPST\u00c5R I HENHOLD TIL LOV, V\u00c6RE BEGRENSET TIL ETT (1) \u00c5R FRA KJ\u00d8PSDATOEN ELLER EN LENGRE PERIODE SOM KAN V\u00c6RE P\u00c5KREVD I HENHOLD TIL GJELDENDE LOV.<\/p>\n\n\n\n<p>MEGA SPORTS UK LTD HEREBY DISCLAIMS ANY AND ALL LIABILITY FOR CONSEQUENTIAL AND INCIDENTAL DAMAGES ARISING OUT OF OR IN CONNECTION WITH ANY BREACH OF THIS WARRANTY OR ANY OTHER CLAIM WITH RESPECT TO THIS PRODUCT, INCLUDING BUT NOT LIMITED TO, CLAIMS OF NEGLIGENCE, STRICT LIABILITY IN TORT OR BREACH OF CONTRACT.<\/p>\n\n\n\n<p>SOME STATES DO NOT ALLOW (A) LIMITATIONS ON HOW LONG AN IMPLIED WARRANTY LASTS OR (B) THE EXCLUSION OR LIMITATION OF INCIDENTAL OR CONSEQUENTIAL DAMAGES, SO THE ABOVE LIMITATIONS OR EXCLUSIONS MAY NOT APPLY TO YOU. THIS WARRANTY GIVES YOU SPECIFIC LEGAL RIGHTS AND YOU MAY HAVE OTHER RIGHTS WHICH VARY FROM STATE TO STATE.<\/p>\n\n\n\n<p>FOR THE ORIGINAL RETAIL PURCHASER TO SUBMIT A WARRANTY CLAIM, CALL OR WRITE MEGA SLAM HOOPS UK.<\/p>\n\n\n\n<p>TELEFON<br>020 3920 7400<br><br>E-POST<br>support@megaslamhoops.uk<br>POSTADRESSE<br><br>Mega Slam UK<br>The Hollies, Station Road, Chilbolton<br>Stockbridge, Hampshire<br>Storbritannia, SO20 6AL<\/p>\n<\/div>\n<\/div>","protected":false},"excerpt":{"rendered":"<p> &#8230; <a title=\"Livstidsgaranti\" class=\"read-more\" href=\"https:\/\/oncourt.online\/nb\/basketball-hoops\/lifetime-warranty\/\" aria-label=\"Read more about Lifetime Warranty\">Les mer<\/a><\/p>","protected":false},"author":2,"featured_media":362,"parent":34,"menu_order":0,"comment_status":"closed","ping_status":"closed","template":"","meta":{"_acf_changed":false,"inline_featured_image":false,"footnotes":""},"class_list":{"0":"post-428","1":"page","2":"type-page","3":"status-publish","4":"has-post-thumbnail","6":"infinite-scroll-item","7":"no-featured-image-padding","8":"resize-featured-image"},"acf":[],"yoast_head":"<!-- This site is optimized with the Yoast SEO Premium plugin v26.8 (Yoast SEO v27.3) - https:\/\/yoast.com\/product\/yoast-seo-premium-wordpress\/ -->\n<title>Lifetime Warranty - OnCourt Online<\/title>\n<meta name=\"description\" content=\"Mega Slam Hoops and OnCourt are committed to providing the best residential basketball systems that your money can buy.\" \/>\n<meta name=\"robots\" content=\"index, follow, max-snippet:-1, max-image-preview:large, max-video-preview:-1\" \/>\n<link rel=\"canonical\" href=\"https:\/\/oncourt.online\/nb\/basketballboyler\/livstidsgaranti\/\" \/>\n<meta property=\"og:locale\" content=\"nb_NO\" \/>\n<meta property=\"og:type\" content=\"article\" \/>\n<meta property=\"og:title\" content=\"Lifetime Warranty\" \/>\n<meta property=\"og:description\" content=\"Mega Slam Hoops and OnCourt are committed to providing the best residential basketball systems that your money can buy.\" \/>\n<meta property=\"og:url\" content=\"https:\/\/oncourt.online\/nb\/basketballboyler\/livstidsgaranti\/\" \/>\n<meta property=\"og:site_name\" content=\"OnCourt Online\" \/>\n<meta property=\"article:publisher\" content=\"https:\/\/www.facebook.com\/oncourt.online\/\" \/>\n<meta property=\"article:modified_time\" content=\"2026-01-03T03:34:58+00:00\" \/>\n<meta property=\"og:image\" content=\"https:\/\/oncourt.online\/wp-content\/uploads\/2021\/10\/Mega-Slam-Hoops-Lifetime-Warranty.png\" \/>\n\t<meta property=\"og:image:width\" content=\"300\" \/>\n\t<meta property=\"og:image:height\" content=\"300\" \/>\n\t<meta property=\"og:image:type\" content=\"image\/png\" \/>\n<meta name=\"twitter:card\" content=\"summary_large_image\" \/>\n<meta name=\"twitter:label1\" content=\"Ansl. lesetid\" \/>\n\t<meta name=\"twitter:data1\" content=\"4 minutter\" \/>\n<!-- \/ Yoast SEO Premium plugin. -->","yoast_head_json":{"title":"Livstidsgaranti - OnCourt Online","description":"Mega Slam Hoops og OnCourt har forpliktet seg til \u00e5 tilby de beste basketballsystemene du kan kj\u00f8pe for penger.","robots":{"index":"index","follow":"follow","max-snippet":"max-snippet:-1","max-image-preview":"max-image-preview:large","max-video-preview":"max-video-preview:-1"},"canonical":"https:\/\/oncourt.online\/nb\/basketballboyler\/livstidsgaranti\/","og_locale":"nb_NO","og_type":"article","og_title":"Lifetime Warranty","og_description":"Mega Slam Hoops and OnCourt are committed to providing the best residential basketball systems that your money can buy.","og_url":"https:\/\/oncourt.online\/nb\/basketballboyler\/livstidsgaranti\/","og_site_name":"OnCourt Online","article_publisher":"https:\/\/www.facebook.com\/oncourt.online\/","article_modified_time":"2026-01-03T03:34:58+00:00","og_image":[{"width":300,"height":300,"url":"https:\/\/oncourt.online\/wp-content\/uploads\/2021\/10\/Mega-Slam-Hoops-Lifetime-Warranty.png","type":"image\/png"}],"twitter_card":"summary_large_image","twitter_misc":{"Ansl. lesetid":"4 minutter"},"schema":{"@context":"https:\/\/schema.org","@graph":[{"@type":"WebPage","@id":"https:\/\/oncourt.online\/nb\/basketball-hoops\/lifetime-warranty\/","url":"https:\/\/oncourt.online\/nb\/basketball-hoops\/lifetime-warranty\/","name":"Livstidsgaranti - OnCourt Online","isPartOf":{"@id":"https:\/\/oncourt.online\/nb\/#website"},"primaryImageOfPage":{"@id":"https:\/\/oncourt.online\/nb\/basketball-hoops\/lifetime-warranty\/#primaryimage"},"image":{"@id":"https:\/\/oncourt.online\/nb\/basketball-hoops\/lifetime-warranty\/#primaryimage"},"thumbnailUrl":"https:\/\/oncourt.online\/wp-content\/uploads\/2021\/10\/Mega-Slam-Hoops-Lifetime-Warranty.png","datePublished":"2021-10-22T11:43:33+00:00","dateModified":"2026-01-03T03:34:58+00:00","description":"Mega Slam Hoops og OnCourt har forpliktet seg til \u00e5 tilby de beste basketballsystemene du kan kj\u00f8pe for penger.","breadcrumb":{"@id":"https:\/\/oncourt.online\/nb\/basketball-hoops\/lifetime-warranty\/#breadcrumb"},"inLanguage":"nb-NO","potentialAction":[{"@type":"ReadAction","target":["https:\/\/oncourt.online\/nb\/basketball-hoops\/lifetime-warranty\/"]}]},{"@type":"ImageObject","inLanguage":"nb-NO","@id":"https:\/\/oncourt.online\/nb\/basketball-hoops\/lifetime-warranty\/#primaryimage","url":"https:\/\/oncourt.online\/wp-content\/uploads\/2021\/10\/Mega-Slam-Hoops-Lifetime-Warranty.png","contentUrl":"https:\/\/oncourt.online\/wp-content\/uploads\/2021\/10\/Mega-Slam-Hoops-Lifetime-Warranty.png","width":300,"height":300,"caption":"Mega Slam Hoops - Lifetime Warranty"},{"@type":"BreadcrumbList","@id":"https:\/\/oncourt.online\/nb\/basketball-hoops\/lifetime-warranty\/#breadcrumb","itemListElement":[{"@type":"ListItem","position":1,"name":"Home","item":"https:\/\/oncourt.online\/"},{"@type":"ListItem","position":2,"name":"Basketball Hoops","item":"https:\/\/oncourt.online\/nb\/basketball-hoops\/"},{"@type":"ListItem","position":3,"name":"Lifetime Warranty"}]},{"@type":"WebSite","@id":"https:\/\/oncourt.online\/nb\/#website","url":"https:\/\/oncourt.online\/nb\/","name":"OnCourt Online","description":"H\u00f8yytelsesbasketballbaner","publisher":{"@id":"https:\/\/oncourt.online\/nb\/#organization"},"potentialAction":[{"@type":"SearchAction","target":{"@type":"EntryPoint","urlTemplate":"https:\/\/oncourt.online\/nb\/?s={search_term_string}"},"query-input":{"@type":"PropertyValueSpecification","valueRequired":true,"valueName":"search_term_string"}}],"inLanguage":"nb-NO"},{"@type":"Organization","@id":"https:\/\/oncourt.online\/nb\/#organization","name":"OnCourt Online","url":"https:\/\/oncourt.online\/nb\/","logo":{"@type":"ImageObject","inLanguage":"nb-NO","@id":"https:\/\/oncourt.online\/nb\/#\/schema\/logo\/image\/","url":"https:\/\/oncourt.online\/wp-content\/uploads\/2021\/12\/Logo_OnCourt_Black.svg","contentUrl":"https:\/\/oncourt.online\/wp-content\/uploads\/2021\/12\/Logo_OnCourt_Black.svg","width":"1024","height":"1024","caption":"OnCourt Online"},"image":{"@id":"https:\/\/oncourt.online\/nb\/#\/schema\/logo\/image\/"},"sameAs":["https:\/\/www.facebook.com\/oncourt.online\/"],"email":"info@oncourt.online"}]}},"_links":{"self":[{"href":"https:\/\/oncourt.online\/nb\/wp-json\/wp\/v2\/pages\/428","targetHints":{"allow":["GET"]}}],"collection":[{"href":"https:\/\/oncourt.online\/nb\/wp-json\/wp\/v2\/pages"}],"about":[{"href":"https:\/\/oncourt.online\/nb\/wp-json\/wp\/v2\/types\/page"}],"author":[{"embeddable":true,"href":"https:\/\/oncourt.online\/nb\/wp-json\/wp\/v2\/users\/2"}],"replies":[{"embeddable":true,"href":"https:\/\/oncourt.online\/nb\/wp-json\/wp\/v2\/comments?post=428"}],"version-history":[{"count":0,"href":"https:\/\/oncourt.online\/nb\/wp-json\/wp\/v2\/pages\/428\/revisions"}],"up":[{"embeddable":true,"href":"https:\/\/oncourt.online\/nb\/wp-json\/wp\/v2\/pages\/34"}],"wp:featuredmedia":[{"embeddable":true,"href":"https:\/\/oncourt.online\/nb\/wp-json\/wp\/v2\/media\/362"}],"wp:attachment":[{"href":"https:\/\/oncourt.online\/nb\/wp-json\/wp\/v2\/media?parent=428"}],"curies":[{"name":"wp","href":"https:\/\/api.w.org\/{rel}","templated":true}]}}