{"id":3706,"date":"2022-03-08T09:13:55","date_gmt":"2022-03-08T09:13:55","guid":{"rendered":"https:\/\/oncourt.online\/?page_id=3706"},"modified":"2026-01-13T08:00:41","modified_gmt":"2026-01-13T08:00:41","slug":"bli-med-oncourt","status":"publish","type":"page","link":"https:\/\/oncourt.online\/nb\/join-oncourt\/","title":{"rendered":"Arbeid med OnCourt"},"content":{"rendered":"<div class=\"gb-container gb-container-c9c919f1\"><div class=\"gb-inside-container\">\n<div class=\"gb-container gb-container-cefabf47\"><div class=\"gb-inside-container\">\n\n<h2 class=\"gb-headline gb-headline-d23b44e5 gb-headline-text\">Samarbeid med en spesialist p\u00e5 basketballbaner<\/h2>\n\n\n\n<p class=\"gb-headline gb-headline-b071501e gb-headline-text\">OnCourt samarbeider med fagfolk over hele Europa som designer, bygger og spesifiserer utend\u00f8rs idrettsanlegg. V\u00e5rt partnerprogram er utviklet for bedrifter som \u00f8nsker \u00e5 tilby sine kunder basketballbaner med h\u00f8y ytelse, st\u00f8ttet av spesialiserte produkter, presise planleggingsverkt\u00f8y og ekspertst\u00f8tte.<\/p>\n\n\n\n<p class=\"gb-text gb-text-6b40232a\">Vi opererer ikke som en generell sportsleverand\u00f8r. Basketball er v\u00e5rt fokus, og vi samarbeider med partnere som verdsetter riktig gjennomf\u00f8ring.<\/p>\n\n\n\n<h3 class=\"gb-text gb-text-a0baa6e3\">Hvem vi samarbeider med<\/h3>\n\n\n\n<p>Vi samarbeider med bedrifter som er involvert i utend\u00f8rs bygging, design og dekker, inkludert:<\/p>\n\n\n\n<ul class=\"wp-block-list\">\n<li>Generelle byggmestere og entrepren\u00f8rer<\/li>\n\n\n\n<li>Landskaps- og hagedesignere<\/li>\n\n\n\n<li>Grunnarbeids- og anleggsentrepren\u00f8rer<\/li>\n\n\n\n<li>Byggere av idrettsbaner og spesialister p\u00e5 overflatefornyelse<\/li>\n\n\n\n<li>Arkitekter og spesifikasjonsansvarlige<\/li>\n\n\n\n<li>Designorienterte spesialister p\u00e5 utend\u00f8rsomr\u00e5der<\/li>\n<\/ul>\n\n\n\n<p class=\"gb-text gb-text-b726bb2a\">Hvis arbeidet ditt inneb\u00e6rer planlegging eller bygging av utend\u00f8rsomr\u00e5der og du \u00f8nsker \u00e5 legge til basketballbaner i ditt tilbud, vil vi gjerne h\u00f8re fra deg.<\/p>\n\n\n\n<div class=\"gb-element-bbf74639\">\n<div>\n<img loading=\"lazy\" decoding=\"async\" width=\"660\" height=\"400\" class=\"img_12px_radius gb-media-76f4f695\" alt=\"\" title=\"OnCourt Modular Basketball Court Surface Installation\" src=\"https:\/\/oncourt.online\/wp-content\/uploads\/2022\/05\/OnCourt-Modular-Basketball-Court-Surface-Installation.jpg\" srcset=\"https:\/\/oncourt.online\/wp-content\/uploads\/2022\/05\/OnCourt-Modular-Basketball-Court-Surface-Installation.jpg 660w, https:\/\/oncourt.online\/wp-content\/uploads\/2022\/05\/OnCourt-Modular-Basketball-Court-Surface-Installation-300x182.jpg 300w, https:\/\/oncourt.online\/wp-content\/uploads\/2022\/05\/OnCourt-Modular-Basketball-Court-Surface-Installation-18x12.jpg 18w, https:\/\/oncourt.online\/wp-content\/uploads\/2022\/05\/OnCourt-Modular-Basketball-Court-Surface-Installation-545x330.jpg 545w\" sizes=\"auto, (max-width: 660px) 100vw, 660px\" \/>\n<\/div>\n\n\n\n<div>\n<h2 class=\"gb-text\">Hva OnCourt-partnere kan forvente<\/h2>\n\n\n\n<p class=\"gb-text last_text\">Tilgang til profesjonelle verkt\u00f8y for banedesign, gunstige priser og spesialisert st\u00f8tte som hjelper deg med \u00e5 planlegge, spesifisere og levere basketballbaner med h\u00f8y ytelse p\u00e5 en trygg m\u00e5te.<\/p>\n<\/div>\n<\/div>\n\n\n\n<h4 class=\"gb-text\">Profesjonelle designverkt\u00f8y<\/h4>\n\n\n\n<p class=\"gb-text\">Bruk OnCourts 3D-designplattform for basketballbaner til \u00e5 planlegge oppsett, utforske fargevalg, spesifisere dekker og kurver samt generere n\u00f8yaktige visualiseringer og priser til kundeprosjekter.<\/p>\n\n\n\n<h4 class=\"gb-text\">Gunstige partnerpriser<\/h4>\n\n\n\n<p class=\"gb-text\">Autoriserte partnere f\u00e5r tilgang til partnerpriser p\u00e5 modul\u00e6re basketballdekker og Mega Slam-kurver, slik at du kan levere premiuml\u00f8sninger og samtidig opprettholde sunne marginer.<\/p>\n\n\n\n<h4 class=\"gb-text\">Spesialisert teknisk support<\/h4>\n\n\n\n<p class=\"gb-text\">F\u00e5 direkte tilgang til veiledning om utforming, valg av overflater, installasjonskrav og produktkombinasjoner, slik at du reduserer usikkerheten og unng\u00e5r kostbare feil p\u00e5 stedet.<\/p>\n\n\n\n<h4 class=\"gb-text\">Tydelige spesifikasjoner og ressurser<\/h4>\n\n\n\n<p class=\"gb-text gb-text-46b97fff\">Bruk v\u00e5re veiledninger og planleggingsressurser for \u00e5 unng\u00e5 gjetninger, redusere feil og presentere kundene klare og sikre tilbud.<\/p>\n\n\n\n<div class=\"gb-element-d984cac5\">\n<div>\n<img loading=\"lazy\" decoding=\"async\" width=\"1200\" height=\"960\" class=\"img_12px_radius gb-media-1c57b1fb\" alt=\"\" title=\"Design av mellomstor basketballbane for boligomr\u00e5der\" src=\"https:\/\/oncourt.online\/wp-content\/uploads\/2025\/12\/Medium-Sized-Residential-Basketball-Court-Design.webp\"\/>\n<\/div>\n\n\n\n<div>\n<h3 class=\"gb-text\">Designet for virkelige prosjekter<\/h3>\n\n\n\n<p>OnCourt-partnerprogrammet passer for fagpersoner som leverer:<\/p>\n\n\n\n<ul class=\"wp-block-list\">\n<li>Boligdomstoler<\/li>\n\n\n\n<li>Klubb- og treningsfasiliteter<\/li>\n\n\n\n<li>Skoler og utdanningsinstitusjoner<\/li>\n\n\n\n<li>Kommersielle eller flerbruksbaner utend\u00f8rs<\/li>\n<\/ul>\n\n\n\n<p class=\"gb-text last_text\">Vi st\u00f8tter partnere som er stolte av kvalitetsutf\u00f8relse og langsiktig ytelse.<\/p>\n<\/div>\n<\/div>\n\n\n\n<div class=\"gb-element-f79012eb\">\n<h3 class=\"gb-text gb-text-5da21831\">S\u00f8k om \u00e5 bli OnCourt-partner<\/h3>\n\n\n\n<p class=\"gb-text not_last_text\">Hvis du er interessert i \u00e5 samarbeide med OnCourt, fyll ut foresp\u00f8rselsskjemaet nedenfor. <\/p>\n\n\n\n<p class=\"gb-text gb-text-209ee9ae\">Vi vurderer alle s\u00f8knader og tar kontakt for \u00e5 diskutere om programmet passer for din virksomhet.<\/p>\n<\/div>\n\n\n<div class=\"gb-container gb-container-8ddfb2cf\">\n\n\n\n\n\n\n\n\n\n\n\n\n\n\n\n\n<div class=\"gb-container gb-container-77f00a56\">\n\n<div class=\"pipedriveWebForms\" data-pd-webforms=\"https:\/\/webforms.pipedrive.com\/f\/clNHcrt9pHkeqMUc9nLgwnl7lIF67EOhER1LorDgym6qsawmO5PMqUpmTbRzMBdf0f\"><script src=\"https:\/\/webforms.pipedrive.com\/f\/loader\"><\/script><\/div>\n\n<\/div>\n\n\n\n\n\n\n\n\n\n\n<\/div>\n<\/div><\/div>\n<\/div><\/div>","protected":false},"excerpt":{"rendered":"<p> &#8230; <a title=\"Arbeid med OnCourt\" class=\"read-more\" href=\"https:\/\/oncourt.online\/nb\/join-oncourt\/\" aria-label=\"Read more about Work With OnCourt\">Les mer<\/a><\/p>","protected":false},"author":2,"featured_media":7048,"parent":0,"menu_order":13,"comment_status":"closed","ping_status":"closed","template":"","meta":{"_acf_changed":false,"inline_featured_image":false,"footnotes":""},"class_list":{"0":"post-3706","1":"page","2":"type-page","3":"status-publish","4":"has-post-thumbnail","6":"infinite-scroll-item","7":"no-featured-image-padding","8":"resize-featured-image"},"acf":[],"yoast_head":"<!-- This site is optimized with the Yoast SEO Premium plugin v26.8 (Yoast SEO v27.3) - https:\/\/yoast.com\/product\/yoast-seo-premium-wordpress\/ -->\n<title>OnCourt Partners | Trade Pricing &amp; Basketball Court Design Tools<\/title>\n<meta name=\"description\" content=\"Partner with OnCourt. Work with a specialist basketball court supplier. Design tools, trade pricing, and support for residential &amp; commercial projects.\" \/>\n<meta name=\"robots\" content=\"index, follow, max-snippet:-1, max-image-preview:large, max-video-preview:-1\" \/>\n<link rel=\"canonical\" href=\"https:\/\/oncourt.online\/nb\/bli-med-oncourt\/\" \/>\n<meta property=\"og:locale\" content=\"nb_NO\" \/>\n<meta property=\"og:type\" content=\"article\" \/>\n<meta property=\"og:title\" content=\"Work With OnCourt\" \/>\n<meta property=\"og:description\" content=\"Partner with OnCourt. Work with a specialist basketball court supplier. Design tools, trade pricing, and support for residential &amp; commercial projects.\" \/>\n<meta property=\"og:url\" content=\"https:\/\/oncourt.online\/nb\/bli-med-oncourt\/\" \/>\n<meta property=\"og:site_name\" content=\"OnCourt Online\" \/>\n<meta property=\"article:publisher\" content=\"https:\/\/www.facebook.com\/oncourt.online\/\" \/>\n<meta property=\"article:modified_time\" content=\"2026-01-13T08:00:41+00:00\" \/>\n<meta property=\"og:image\" content=\"https:\/\/oncourt.online\/wp-content\/uploads\/2022\/05\/OnCourt-Modular-Basketball-Court-Surface-Installation.jpg\" \/>\n\t<meta property=\"og:image:width\" content=\"660\" \/>\n\t<meta property=\"og:image:height\" content=\"400\" \/>\n\t<meta property=\"og:image:type\" content=\"image\/jpeg\" \/>\n<meta name=\"twitter:card\" content=\"summary_large_image\" \/>\n<meta name=\"twitter:label1\" content=\"Ansl. lesetid\" \/>\n\t<meta name=\"twitter:data1\" content=\"3 minutter\" \/>\n<!-- \/ Yoast SEO Premium plugin. -->","yoast_head_json":{"title":"OnCourt Partnere | Engrospriser og Verkt\u00f8y for Design av Basketballbaner","description":"Bli partner med OnCourt. Samarbeid med en spesialist p\u00e5 basketballbaner. Designverkt\u00f8y, engrospriser og st\u00f8tte for bolig- og n\u00e6ringsprosjekter.","robots":{"index":"index","follow":"follow","max-snippet":"max-snippet:-1","max-image-preview":"max-image-preview:large","max-video-preview":"max-video-preview:-1"},"canonical":"https:\/\/oncourt.online\/nb\/bli-med-oncourt\/","og_locale":"nb_NO","og_type":"article","og_title":"Work With OnCourt","og_description":"Partner with OnCourt. Work with a specialist basketball court supplier. Design tools, trade pricing, and support for residential & commercial projects.","og_url":"https:\/\/oncourt.online\/nb\/bli-med-oncourt\/","og_site_name":"OnCourt Online","article_publisher":"https:\/\/www.facebook.com\/oncourt.online\/","article_modified_time":"2026-01-13T08:00:41+00:00","og_image":[{"width":660,"height":400,"url":"https:\/\/oncourt.online\/wp-content\/uploads\/2022\/05\/OnCourt-Modular-Basketball-Court-Surface-Installation.jpg","type":"image\/jpeg"}],"twitter_card":"summary_large_image","twitter_misc":{"Ansl. lesetid":"3 minutter"},"schema":{"@context":"https:\/\/schema.org","@graph":[{"@type":"WebPage","@id":"https:\/\/oncourt.online\/nb\/join-oncourt\/","url":"https:\/\/oncourt.online\/nb\/join-oncourt\/","name":"OnCourt Partnere | Engrospriser og Verkt\u00f8y for Design av Basketballbaner","isPartOf":{"@id":"https:\/\/oncourt.online\/nb\/#website"},"primaryImageOfPage":{"@id":"https:\/\/oncourt.online\/nb\/join-oncourt\/#primaryimage"},"image":{"@id":"https:\/\/oncourt.online\/nb\/join-oncourt\/#primaryimage"},"thumbnailUrl":"https:\/\/oncourt.online\/wp-content\/uploads\/2022\/05\/OnCourt-Modular-Basketball-Court-Surface-Installation.jpg","datePublished":"2022-03-08T09:13:55+00:00","dateModified":"2026-01-13T08:00:41+00:00","description":"Bli partner med OnCourt. Samarbeid med en spesialist p\u00e5 basketballbaner. Designverkt\u00f8y, engrospriser og st\u00f8tte for bolig- og n\u00e6ringsprosjekter.","breadcrumb":{"@id":"https:\/\/oncourt.online\/nb\/join-oncourt\/#breadcrumb"},"inLanguage":"nb-NO","potentialAction":[{"@type":"ReadAction","target":["https:\/\/oncourt.online\/nb\/join-oncourt\/"]}]},{"@type":"ImageObject","inLanguage":"nb-NO","@id":"https:\/\/oncourt.online\/nb\/join-oncourt\/#primaryimage","url":"https:\/\/oncourt.online\/wp-content\/uploads\/2022\/05\/OnCourt-Modular-Basketball-Court-Surface-Installation.jpg","contentUrl":"https:\/\/oncourt.online\/wp-content\/uploads\/2022\/05\/OnCourt-Modular-Basketball-Court-Surface-Installation.jpg","width":660,"height":400},{"@type":"BreadcrumbList","@id":"https:\/\/oncourt.online\/nb\/join-oncourt\/#breadcrumb","itemListElement":[{"@type":"ListItem","position":1,"name":"Home","item":"https:\/\/oncourt.online\/"},{"@type":"ListItem","position":2,"name":"Work With OnCourt"}]},{"@type":"WebSite","@id":"https:\/\/oncourt.online\/nb\/#website","url":"https:\/\/oncourt.online\/nb\/","name":"OnCourt Online","description":"H\u00f8yytelsesbasketballbaner","publisher":{"@id":"https:\/\/oncourt.online\/nb\/#organization"},"potentialAction":[{"@type":"SearchAction","target":{"@type":"EntryPoint","urlTemplate":"https:\/\/oncourt.online\/nb\/?s={search_term_string}"},"query-input":{"@type":"PropertyValueSpecification","valueRequired":true,"valueName":"search_term_string"}}],"inLanguage":"nb-NO"},{"@type":"Organization","@id":"https:\/\/oncourt.online\/nb\/#organization","name":"OnCourt Online","url":"https:\/\/oncourt.online\/nb\/","logo":{"@type":"ImageObject","inLanguage":"nb-NO","@id":"https:\/\/oncourt.online\/nb\/#\/schema\/logo\/image\/","url":"https:\/\/oncourt.online\/wp-content\/uploads\/2021\/12\/Logo_OnCourt_Black.svg","contentUrl":"https:\/\/oncourt.online\/wp-content\/uploads\/2021\/12\/Logo_OnCourt_Black.svg","width":"1024","height":"1024","caption":"OnCourt Online"},"image":{"@id":"https:\/\/oncourt.online\/nb\/#\/schema\/logo\/image\/"},"sameAs":["https:\/\/www.facebook.com\/oncourt.online\/"],"email":"info@oncourt.online"}]}},"_links":{"self":[{"href":"https:\/\/oncourt.online\/nb\/wp-json\/wp\/v2\/pages\/3706","targetHints":{"allow":["GET"]}}],"collection":[{"href":"https:\/\/oncourt.online\/nb\/wp-json\/wp\/v2\/pages"}],"about":[{"href":"https:\/\/oncourt.online\/nb\/wp-json\/wp\/v2\/types\/page"}],"author":[{"embeddable":true,"href":"https:\/\/oncourt.online\/nb\/wp-json\/wp\/v2\/users\/2"}],"replies":[{"embeddable":true,"href":"https:\/\/oncourt.online\/nb\/wp-json\/wp\/v2\/comments?post=3706"}],"version-history":[{"count":1,"href":"https:\/\/oncourt.online\/nb\/wp-json\/wp\/v2\/pages\/3706\/revisions"}],"predecessor-version":[{"id":17261,"href":"https:\/\/oncourt.online\/nb\/wp-json\/wp\/v2\/pages\/3706\/revisions\/17261"}],"wp:featuredmedia":[{"embeddable":true,"href":"https:\/\/oncourt.online\/nb\/wp-json\/wp\/v2\/media\/7048"}],"wp:attachment":[{"href":"https:\/\/oncourt.online\/nb\/wp-json\/wp\/v2\/media?parent=3706"}],"curies":[{"name":"wp","href":"https:\/\/api.w.org\/{rel}","templated":true}]}}