{"id":17323,"date":"2026-01-14T05:52:54","date_gmt":"2026-01-14T05:52:54","guid":{"rendered":"https:\/\/oncourt.online\/?page_id=17323"},"modified":"2026-01-15T06:07:01","modified_gmt":"2026-01-15T06:07:01","slug":"tilbehor","status":"publish","type":"page","link":"https:\/\/oncourt.online\/nb\/accessories\/","title":{"rendered":"Tilbeh\u00f8r"},"content":{"rendered":"\n<div class=\"gb-element-5b921fe5\">\n<div class=\"gb-element-0757db4b\">\n<h2 class=\"gb-text gb-text-217867be\">Accessories for Courts, Hoops &amp; Multi-Sport Play<\/h2>\n\n\n\n<p class=\"gb-text not_last_text\">Accessories are optional upgrades designed to <strong>extend how your court is used<\/strong>, improve safety, and adapt the space to different players, sports, and conditions.<\/p>\n\n\n\n<p class=\"gb-text not_last_text\">Rather than changing the core court or hoop system, these additions focus on <strong>containment, lighting, and flexibility<\/strong> \u2014 helping you get more from the setup you already have.<\/p>\n\n\n\n<p class=\"gb-text gb-text-0ba558bb\">All accessories are clearly marked for compatibility and are designed to integrate cleanly with OnCourt systems and Mega Slam hoops where specified.<\/p>\n\n\n\n<h2 class=\"gb-text gb-text-2079335a\">Court Protection &amp; Ball Control<\/h2>\n\n\n\n<p class=\"gb-text\">Accessories in this category help <strong>keep play contained<\/strong>, reduce disruption around the court, and improve safety in tighter or shared spaces.<\/p>\n\n\n\n<div class=\"gb-element-d9ba3748\">\n<div>\n<div><div class=\"gb-looper-67828e32\">\n<div class=\"gb-loop-item img_12px_radius gb-loop-item-cb46b144 post-693 product type-product status-publish has-post-thumbnail product_cat-accessories product_cat-basketball-hoops product_shipping_class-component-shipping infinite-scroll-item no-featured-image-padding resize-featured-image  woocommerce-text-align-center woocommerce-image-align-center do-quantity-buttons first instock taxable shipping-taxable purchasable product-type-simple\">\n<img loading=\"lazy\" decoding=\"async\" width=\"600\" height=\"600\" data-media-id=\"16586\" class=\"gb-media-c0a4df90\" src=\"https:\/\/oncourt.online\/wp-content\/uploads\/2021\/11\/Mega-Slam-Hoops-Net-Protect.webp\" alt=\"Net Protect\u00ae\"\/>\n\n\n\n<h2 class=\"gb-text gb-text-348f92b8\"><a href=\"https:\/\/oncourt.online\/nb\/basketball-hoops\/net-protect\/\">Net Protect\u00ae<\/a><\/h2>\n<\/div>\n<\/div><\/div>\n<\/div>\n\n\n\n<div>\n<h3 class=\"gb-text gb-text-e3efdb3c\">Net Protect\u00ae Ball containment system for Mega Slam hoops<\/h3>\n\n\n\n<p class=\"gb-text not_last_text\">Net Protect\u00ae installs behind the hoop to catch missed shots and keep balls in play where space is limited.<\/p>\n\n\n\n<p class=\"gb-text\">It\u2019s ideal for home courts near fences, walls, gardens, or neighbouring properties, helping reduce ball retrieval, protect surrounding areas, and keep games flowing.<\/p>\n\n\n\n<ul class=\"wp-block-list\">\n<li>Improves safety around walkways and boundaries<\/li>\n\n\n\n<li>Reduces interruptions during casual play and training<\/li>\n\n\n\n<li>Integrates directly with Mega Slam hoop systems<\/li>\n<\/ul>\n\n\n\n<p class=\"gb-text\"><strong>Compatible with:<\/strong> All Mega Slam basketball hoops <\/p>\n\n\n\n<p class=\"gb-text-1783588c\"><span class=\"gb-shape\"><svg xmlns=\"http:\/\/www.w3.org\/2000\/svg\" viewBox=\"0 0 256 256\" fill=\"currentColor\"><path d=\"M221.66,133.66l-72,72a8,8,0,0,1-11.32-11.32L196.69,136H40a8,8,0,0,1,0-16H196.69L138.34,61.66a8,8,0,0,1,11.32-11.32l72,72A8,8,0,0,1,221.66,133.66Z\"><\/path><\/svg><\/span><span class=\"gb-text\"><em><strong><a href=\"https:\/\/oncourt.online\/basketball-hoops\/net-protect\/\" data-type=\"product\" data-id=\"693\">View Net Protect\u00ae<\/a><\/strong><\/em><\/span><\/p>\n\n\n\n<p class=\"gb-text-d79253ed\"><span class=\"gb-shape\"><svg xmlns=\"http:\/\/www.w3.org\/2000\/svg\" viewBox=\"0 0 256 256\" fill=\"currentColor\"><path d=\"M221.66,133.66l-72,72a8,8,0,0,1-11.32-11.32L196.69,136H40a8,8,0,0,1,0-16H196.69L138.34,61.66a8,8,0,0,1,11.32-11.32l72,72A8,8,0,0,1,221.66,133.66Z\"><\/path><\/svg><\/span><span class=\"gb-text\"><strong><em><a href=\"https:\/\/oncourt.online\/3d-basketball-court-designer\/\" data-type=\"page\" data-id=\"8031\">Add to 3D Court Design<\/a><\/em><\/strong><\/span><\/p>\n<\/div>\n<\/div>\n\n\n\n<h2 class=\"gb-text gb-text-178832e6\">Court Lighting<\/h2>\n\n\n\n<p class=\"gb-text\">Lighting accessories extend usable playing time without the complexity of permanent floodlighting.<\/p>\n\n\n\n<div class=\"gb-element-a6f22f1c\">\n<div>\n<div><div class=\"gb-looper-5cd92acb\">\n<div class=\"gb-loop-item img_12px_radius gb-loop-item-515f81a3 post-507 product type-product status-publish has-post-thumbnail product_cat-accessories product_cat-basketball-hoops product_shipping_class-component-shipping infinite-scroll-item no-featured-image-padding resize-featured-image  woocommerce-text-align-center woocommerce-image-align-center do-quantity-buttons outofstock taxable shipping-taxable purchasable product-type-simple\">\n<img loading=\"lazy\" decoding=\"async\" width=\"900\" height=\"900\" data-media-id=\"357\" class=\"gb-media-31bf5db7\" src=\"https:\/\/oncourt.online\/wp-content\/uploads\/2021\/10\/MegaSlam-Basketball-Hoops-Game-Light.png\" alt=\"Game Light\u00ae\"\/>\n\n\n\n<h2 class=\"gb-text gb-text-40ffb960\"><a href=\"https:\/\/oncourt.online\/nb\/basketball-hoops\/game-light\/\">Game Light\u00ae<\/a><\/h2>\n<\/div>\n<\/div><\/div>\n<\/div>\n\n\n\n<div>\n<h3 class=\"gb-text gb-text-1939208a\">Game Light\u00ae Provides Focused Lighting For Residential Basketball Courts<\/h3>\n\n\n\n<p class=\"gb-text not_last_text\">Game Light\u00ae is designed to illuminate the key playing area around the hoop for evening and low-light play.<\/p>\n\n\n\n<p class=\"gb-text\">Rather than lighting the entire court, it focuses illumination where it matters most \u2014 supporting shooting, rebounding, and casual games without unnecessary glare or spill.<\/p>\n\n\n\n<ul class=\"wp-block-list\">\n<li>Extends play after daylight fades<\/li>\n\n\n\n<li>Designed for residential environments<\/li>\n\n\n\n<li>Mounts directly to Mega Slam hoop systems<\/li>\n<\/ul>\n\n\n\n<p class=\"gb-text gb-text-052505ec\"><strong>Compatible with:<\/strong>All Mega Slam basketball hoops<\/p>\n\n\n\n<p class=\"gb-text-1b77529e\"><span class=\"gb-shape\"><svg xmlns=\"http:\/\/www.w3.org\/2000\/svg\" viewBox=\"0 0 256 256\" fill=\"currentColor\"><path d=\"M221.66,133.66l-72,72a8,8,0,0,1-11.32-11.32L196.69,136H40a8,8,0,0,1,0-16H196.69L138.34,61.66a8,8,0,0,1,11.32-11.32l72,72A8,8,0,0,1,221.66,133.66Z\"><\/path><\/svg><\/span><span class=\"gb-text\"><em><strong><a href=\"https:\/\/oncourt.online\/basketball-hoops\/game-light\/\" data-type=\"product\" data-id=\"693\">View Game Light\u00ae<\/a><\/strong><\/em><\/span><\/p>\n\n\n\n<p class=\"gb-text-4f5e07d6\"><span class=\"gb-shape\"><svg xmlns=\"http:\/\/www.w3.org\/2000\/svg\" viewBox=\"0 0 256 256\" fill=\"currentColor\"><path d=\"M221.66,133.66l-72,72a8,8,0,0,1-11.32-11.32L196.69,136H40a8,8,0,0,1,0-16H196.69L138.34,61.66a8,8,0,0,1,11.32-11.32l72,72A8,8,0,0,1,221.66,133.66Z\"><\/path><\/svg><\/span><span class=\"gb-text\"><strong><em><a href=\"https:\/\/oncourt.online\/3d-basketball-court-designer\/\" data-type=\"page\" data-id=\"8031\">Add to 3D Court Design<\/a><\/em><\/strong><\/span><\/p>\n<\/div>\n<\/div>\n\n\n\n<h2 class=\"gb-text gb-text-1023026e\">Multi-Sport Add-Ons<\/h2>\n\n\n\n<p class=\"gb-text\">These accessories adapt a basketball court for <strong>shared or multi-sport use<\/strong>, making better use of available space.<\/p>\n\n\n\n<div class=\"gb-element-9c1b71e9\">\n<div>\n<div><div class=\"gb-looper-50c05064\">\n<div class=\"gb-loop-item img_12px_radius gb-loop-item-3fa77fc4 post-1559 product type-product status-publish has-post-thumbnail product_cat-accessories product_shipping_class-component-shipping infinite-scroll-item no-featured-image-padding resize-featured-image  woocommerce-text-align-center woocommerce-image-align-center do-quantity-buttons out_of_stock_uk taxable shipping-taxable purchasable product-type-simple\">\n<img loading=\"lazy\" decoding=\"async\" width=\"900\" height=\"900\" data-media-id=\"1505\" class=\"gb-media-4e7959b2\" src=\"https:\/\/oncourt.online\/wp-content\/uploads\/2021\/12\/OnCourt-Premium-Folding-Aluminium-Futsal-Goal.png\" alt=\"Aluminium Folding Goal\"\/>\n\n\n\n<h2 class=\"gb-text gb-text-f9a841a3\"><a href=\"https:\/\/oncourt.online\/nb\/accessories\/aluminium-folding-goal\/\">Aluminium Folding Goal<\/a><\/h2>\n<\/div>\n<\/div><\/div>\n<\/div>\n\n\n\n<div>\n<h3 class=\"gb-text gb-text-8299ab12\">Turn Your Court into a Shared Sports space<\/h3>\n\n\n\n<p class=\"gb-text\">The futsal goal adds a second sporting use to a basketball court, making it suitable for family play, training sessions, and shared recreational areas.<\/p>\n\n\n\n<p class=\"gb-text\">It\u2019s designed for quick setup and removal, allowing the court to shift between sports without permanent changes.<\/p>\n\n\n\n<ul class=\"wp-block-list\">\n<li>Adds football play without dedicated infrastructure<\/li>\n\n\n\n<li>Ideal for family and shared spaces<\/li>\n\n\n\n<li>Complements existing court layouts<\/li>\n<\/ul>\n\n\n\n<p class=\"gb-text-c0679955\"><span class=\"gb-shape\"><svg xmlns=\"http:\/\/www.w3.org\/2000\/svg\" viewBox=\"0 0 256 256\" fill=\"currentColor\"><path d=\"M221.66,133.66l-72,72a8,8,0,0,1-11.32-11.32L196.69,136H40a8,8,0,0,1,0-16H196.69L138.34,61.66a8,8,0,0,1,11.32-11.32l72,72A8,8,0,0,1,221.66,133.66Z\"><\/path><\/svg><\/span><span class=\"gb-text\"><strong><em><a href=\"https:\/\/oncourt.online\/accessories\/aluminium-folding-goal\/\" data-type=\"product\" data-id=\"1559\">View Futsal Goal<\/a><\/em><\/strong><\/span><\/p>\n\n\n\n<p class=\"gb-text-10dd3e80\"><span class=\"gb-shape\"><svg xmlns=\"http:\/\/www.w3.org\/2000\/svg\" viewBox=\"0 0 256 256\" fill=\"currentColor\"><path d=\"M221.66,133.66l-72,72a8,8,0,0,1-11.32-11.32L196.69,136H40a8,8,0,0,1,0-16H196.69L138.34,61.66a8,8,0,0,1,11.32-11.32l72,72A8,8,0,0,1,221.66,133.66Z\"><\/path><\/svg><\/span><span class=\"gb-text\"><strong><em><a href=\"https:\/\/oncourt.online\/3d-basketball-court-designer\/\" data-type=\"page\" data-id=\"8031\">Add to 3D Court Design<\/a><\/em><\/strong><\/span><\/p>\n<\/div>\n<\/div>\n<\/div>\n<\/div>\n\n\n\n<div class=\"gb-element-42d16526\">\n<div class=\"gb-element-35cebd6a\">\n<div class=\"gb-element-ad7e2b1c\">\n<div class=\"gb-element-8e91693d\">\n<script src=\"https:\/\/fast.wistia.com\/player.js\" async><\/script><script src=\"https:\/\/fast.wistia.com\/embed\/zu6a5va6fz.js\" async type=\"module\"><\/script><style>wistia-player[media-id='zu6a5va6fz']:not(:defined) { background: center \/ contain no-repeat url('https:\/\/fast.wistia.com\/embed\/medias\/zu6a5va6fz\/swatch'); display: block; filter: blur(5px); padding-top:56.25%; }<\/style> <wistia-player media-id=\"zu6a5va6fz\" aspect=\"1.7777777777777777\"><div class=\"wistia_preload_transcript_outer_wrapper\" style=\"width: 100%; height: 100%; display:flex; justify-content:center; align-items: center; margin-top:-56.25%;\"><div class=\"wistia_preload_transcript_inner_wrapper\" style=\" overflow: auto;\"><p class=\"wistia_preload_transcript_text\" aria-hidden=\"true\" tabindex=\"-1\" style=\"text-align: justify; font-size: 5px !important;\">This video demonstrates the design process visually and does not contain spoken audio.<\/p><\/div><\/div><\/wistia-player>\n<\/div>\n\n\n\n<div class=\"gb-element-c316d9ba\">\n<h2 class=\"gb-text gb-text-16703813\">Add Accessories to Your Court Design<\/h2>\n\n\n\n<p class=\"gb-text\">See how accessories look on your court before you buy. In the 3D Court Designer, you can add components to your setup to see how it integrates with your court and the surrounding space.<\/p>\n\n\n\n<p class=\"gb-text gb-text-5dba6002\"><em>Visualise the full setup before you buy.<\/em><\/p>\n\n\n\n<a class=\"gb-text gb-text-d66ac56f\" href=\"https:\/\/oncourt.online\/3d-basketball-court-designer\/\">Design Your Court in 3D<\/a>\n\n\n\n<p class=\"last_text gb-text-36b6e4d0\"><span class=\"gb-shape\"><svg xmlns=\"http:\/\/www.w3.org\/2000\/svg\" viewBox=\"0 0 256 256\" fill=\"currentColor\"><path d=\"M221.66,133.66l-72,72a8,8,0,0,1-11.32-11.32L196.69,136H40a8,8,0,0,1,0-16H196.69L138.34,61.66a8,8,0,0,1,11.32-11.32l72,72A8,8,0,0,1,221.66,133.66Z\"><\/path><\/svg><\/span><span class=\"gb-text\"><em><a href=\"https:\/\/oncourt.online\/guides\/design\/how-to-design-a-basketball-court-in-3d\/\" data-type=\"post\" data-id=\"16770\"><strong>How to Design a Basketball Court in 3D<\/strong><\/a><\/em><\/span><\/p>\n<\/div>\n<\/div>\n<\/div>\n<\/div>\n","protected":false},"excerpt":{"rendered":"<p> &#8230; <a title=\"Tilbeh\u00f8r\" class=\"read-more\" href=\"https:\/\/oncourt.online\/nb\/accessories\/\" aria-label=\"Read more about Accessories\">Les mer<\/a><\/p>","protected":false},"author":5,"featured_media":1505,"parent":0,"menu_order":0,"comment_status":"closed","ping_status":"closed","template":"","meta":{"_acf_changed":false,"inline_featured_image":false,"footnotes":""},"class_list":{"0":"post-17323","1":"page","2":"type-page","3":"status-publish","4":"has-post-thumbnail","6":"infinite-scroll-item","7":"no-featured-image-padding","8":"resize-featured-image"},"acf":[],"yoast_head":"<!-- This site is optimized with the Yoast SEO Premium plugin v26.8 (Yoast SEO v27.3) - https:\/\/yoast.com\/product\/yoast-seo-premium-wordpress\/ -->\n<title>Basketball Court &amp; Hoop Accessories | OnCourt<\/title>\n<meta name=\"description\" content=\"Accessories to upgrade your basketball court and hoop system. Court lighting, ball containment, audio and multi-sport additions.\" \/>\n<meta name=\"robots\" content=\"index, follow, max-snippet:-1, max-image-preview:large, max-video-preview:-1\" \/>\n<link rel=\"canonical\" href=\"https:\/\/oncourt.online\/nb\/tilbehor\/\" \/>\n<meta property=\"og:locale\" content=\"nb_NO\" \/>\n<meta property=\"og:type\" content=\"article\" \/>\n<meta property=\"og:title\" content=\"Accessories\" \/>\n<meta property=\"og:description\" content=\"Accessories to upgrade your basketball court and hoop system. Court lighting, ball containment, audio and multi-sport additions.\" \/>\n<meta property=\"og:url\" content=\"https:\/\/oncourt.online\/nb\/tilbehor\/\" \/>\n<meta property=\"og:site_name\" content=\"OnCourt Online\" \/>\n<meta property=\"article:publisher\" content=\"https:\/\/www.facebook.com\/oncourt.online\/\" \/>\n<meta property=\"article:modified_time\" content=\"2026-01-15T06:07:01+00:00\" \/>\n<meta property=\"og:image\" content=\"https:\/\/oncourt.online\/wp-content\/uploads\/2021\/12\/OnCourt-Premium-Folding-Aluminium-Futsal-Goal.png\" \/>\n\t<meta property=\"og:image:width\" content=\"900\" \/>\n\t<meta property=\"og:image:height\" content=\"900\" \/>\n\t<meta property=\"og:image:type\" content=\"image\/png\" \/>\n<meta name=\"twitter:card\" content=\"summary_large_image\" \/>\n<meta name=\"twitter:label1\" content=\"Ansl. lesetid\" \/>\n\t<meta name=\"twitter:data1\" content=\"3 minutter\" \/>\n<!-- \/ Yoast SEO Premium plugin. -->","yoast_head_json":{"title":"Tilbeh\u00f8r til basketballbaner og kurver | OnCourt","description":"Tilbeh\u00f8r for \u00e5 oppgradere basketballbanen og kurvsystemet. Belysning, ballkontroll, lyd og multisport-tillegg.","robots":{"index":"index","follow":"follow","max-snippet":"max-snippet:-1","max-image-preview":"max-image-preview:large","max-video-preview":"max-video-preview:-1"},"canonical":"https:\/\/oncourt.online\/nb\/tilbehor\/","og_locale":"nb_NO","og_type":"article","og_title":"Accessories","og_description":"Accessories to upgrade your basketball court and hoop system. Court lighting, ball containment, audio and multi-sport additions.","og_url":"https:\/\/oncourt.online\/nb\/tilbehor\/","og_site_name":"OnCourt Online","article_publisher":"https:\/\/www.facebook.com\/oncourt.online\/","article_modified_time":"2026-01-15T06:07:01+00:00","og_image":[{"width":900,"height":900,"url":"https:\/\/oncourt.online\/wp-content\/uploads\/2021\/12\/OnCourt-Premium-Folding-Aluminium-Futsal-Goal.png","type":"image\/png"}],"twitter_card":"summary_large_image","twitter_misc":{"Ansl. lesetid":"3 minutter"},"schema":{"@context":"https:\/\/schema.org","@graph":[{"@type":"WebPage","@id":"https:\/\/oncourt.online\/nb\/accessories\/","url":"https:\/\/oncourt.online\/nb\/accessories\/","name":"Tilbeh\u00f8r til basketballbaner og kurver | OnCourt","isPartOf":{"@id":"https:\/\/oncourt.online\/nb\/#website"},"primaryImageOfPage":{"@id":"https:\/\/oncourt.online\/nb\/accessories\/#primaryimage"},"image":{"@id":"https:\/\/oncourt.online\/nb\/accessories\/#primaryimage"},"thumbnailUrl":"https:\/\/oncourt.online\/wp-content\/uploads\/2021\/12\/OnCourt-Premium-Folding-Aluminium-Futsal-Goal.png","datePublished":"2026-01-14T05:52:54+00:00","dateModified":"2026-01-15T06:07:01+00:00","description":"Tilbeh\u00f8r for \u00e5 oppgradere basketballbanen og kurvsystemet. Belysning, ballkontroll, lyd og multisport-tillegg.","breadcrumb":{"@id":"https:\/\/oncourt.online\/nb\/accessories\/#breadcrumb"},"inLanguage":"nb-NO","potentialAction":[{"@type":"ReadAction","target":["https:\/\/oncourt.online\/nb\/accessories\/"]}]},{"@type":"ImageObject","inLanguage":"nb-NO","@id":"https:\/\/oncourt.online\/nb\/accessories\/#primaryimage","url":"https:\/\/oncourt.online\/wp-content\/uploads\/2021\/12\/OnCourt-Premium-Folding-Aluminium-Futsal-Goal.png","contentUrl":"https:\/\/oncourt.online\/wp-content\/uploads\/2021\/12\/OnCourt-Premium-Folding-Aluminium-Futsal-Goal.png","width":900,"height":900},{"@type":"BreadcrumbList","@id":"https:\/\/oncourt.online\/nb\/accessories\/#breadcrumb","itemListElement":[{"@type":"ListItem","position":1,"name":"Home","item":"https:\/\/oncourt.online\/"},{"@type":"ListItem","position":2,"name":"Accessories"}]},{"@type":"WebSite","@id":"https:\/\/oncourt.online\/nb\/#website","url":"https:\/\/oncourt.online\/nb\/","name":"OnCourt Online","description":"H\u00f8yytelsesbasketballbaner","publisher":{"@id":"https:\/\/oncourt.online\/nb\/#organization"},"potentialAction":[{"@type":"SearchAction","target":{"@type":"EntryPoint","urlTemplate":"https:\/\/oncourt.online\/nb\/?s={search_term_string}"},"query-input":{"@type":"PropertyValueSpecification","valueRequired":true,"valueName":"search_term_string"}}],"inLanguage":"nb-NO"},{"@type":"Organization","@id":"https:\/\/oncourt.online\/nb\/#organization","name":"OnCourt Online","url":"https:\/\/oncourt.online\/nb\/","logo":{"@type":"ImageObject","inLanguage":"nb-NO","@id":"https:\/\/oncourt.online\/nb\/#\/schema\/logo\/image\/","url":"https:\/\/oncourt.online\/wp-content\/uploads\/2021\/12\/Logo_OnCourt_Black.svg","contentUrl":"https:\/\/oncourt.online\/wp-content\/uploads\/2021\/12\/Logo_OnCourt_Black.svg","width":"1024","height":"1024","caption":"OnCourt Online"},"image":{"@id":"https:\/\/oncourt.online\/nb\/#\/schema\/logo\/image\/"},"sameAs":["https:\/\/www.facebook.com\/oncourt.online\/"],"email":"info@oncourt.online"}]}},"_links":{"self":[{"href":"https:\/\/oncourt.online\/nb\/wp-json\/wp\/v2\/pages\/17323","targetHints":{"allow":["GET"]}}],"collection":[{"href":"https:\/\/oncourt.online\/nb\/wp-json\/wp\/v2\/pages"}],"about":[{"href":"https:\/\/oncourt.online\/nb\/wp-json\/wp\/v2\/types\/page"}],"author":[{"embeddable":true,"href":"https:\/\/oncourt.online\/nb\/wp-json\/wp\/v2\/users\/5"}],"replies":[{"embeddable":true,"href":"https:\/\/oncourt.online\/nb\/wp-json\/wp\/v2\/comments?post=17323"}],"version-history":[{"count":3,"href":"https:\/\/oncourt.online\/nb\/wp-json\/wp\/v2\/pages\/17323\/revisions"}],"predecessor-version":[{"id":17368,"href":"https:\/\/oncourt.online\/nb\/wp-json\/wp\/v2\/pages\/17323\/revisions\/17368"}],"wp:featuredmedia":[{"embeddable":true,"href":"https:\/\/oncourt.online\/nb\/wp-json\/wp\/v2\/media\/1505"}],"wp:attachment":[{"href":"https:\/\/oncourt.online\/nb\/wp-json\/wp\/v2\/media?parent=17323"}],"curies":[{"name":"wp","href":"https:\/\/api.w.org\/{rel}","templated":true}]}}