{"id":80,"date":"2021-10-19T20:14:24","date_gmt":"2021-10-19T20:14:24","guid":{"rendered":"https:\/\/oncourt.online\/?page_id=80"},"modified":"2026-01-07T15:32:24","modified_gmt":"2026-01-07T15:32:24","slug":"par-mums","status":"publish","type":"page","link":"https:\/\/oncourt.online\/lv\/about\/","title":{"rendered":"Par OnCourt"},"content":{"rendered":"<h2 class=\"gb-text\">Veidots ap basketbolu<\/h2>\n\n\n\n<p class=\"gb-text gb-text-81affc46\">OnCourt izstr\u0101d\u0101 un pieg\u0101d\u0101 augstas veiktsp\u0113jas basketbola laukumus m\u0101j\u0101m, klubiem un objektiem vis\u0101 Eirop\u0101. M\u0113s koncentr\u0113jamies uz b\u016btisk\u0101ko laukum\u0101 \u2013 seguma veiktsp\u0113ju, prec\u012bzu izk\u0101rtojumu, iztur\u012bgu apr\u012bkojumu un skaidru pl\u0101no\u0161anu \u2013, nodro\u0161inot profesion\u0101lus standartus katram projektam neatkar\u012bgi no t\u0101 apjoma.<\/p>\n\n\n\n<p class=\"gb-text\">Basketbols mums nav papildin\u0101jums. Tas ir pamats visam, ko m\u0113s veidojam.<\/p>\n\n\n\n<p class=\"gb-text translation-block\"><strong><em><a href=\"https:\/\/oncourt.online\/lv\/3d-basketbola-laukuma-dizainers\/\" target=\"_self\">Izveidojiet savu basketbola laukumu 3D form\u0101t\u0101<\/a><\/em><\/strong>, lai pirms b\u016bvniec\u012bbas izp\u0113t\u012btu izk\u0101rtojumu, kr\u0101sas, mar\u0137\u0113jumus un apr\u012bkojumu.<\/p>\n\n\n\n<h3 class=\"gb-headline gb-headline-ccfedaf1 gb-headline-text\">Speci\u0101listi, nevis visp\u0101r\u012bgi speci\u0101listi<\/h3>\n\n\n\n<p class=\"gb-text gb-text-8c945255\">At\u0161\u0137ir\u012bb\u0101 no visp\u0101r\u0113jiem sporta segumu pieg\u0101d\u0101t\u0101jiem, OnCourt ir specializ\u0113jies basketbol\u0101. M\u016bsu produktu kl\u0101sts, rokasgr\u0101matas un dizaina r\u012bki ir izstr\u0101d\u0101ti, \u012bpa\u0161i \u0146emot v\u0113r\u0101 sp\u0113les specifiku, s\u0101kot no k\u0101ju darba un bumbu reakcijas l\u012bdz laukuma izm\u0113riem un groza novietojumam.<\/p>\n\n\n\n<p class=\"gb-text\">\u0160\u012b specializ\u0101cija \u013cauj mums sniegt skaidr\u0101kus padomus, lab\u0101kus produktu kombin\u0101cijas un prec\u012bz\u0101ku pl\u0101no\u0161anu nek\u0101 daudzveidu sporta pakalpojumu sniedz\u0113ji.<\/p>\n\n\n\n<h3 class=\"gb-headline gb-headline-ea969289 gb-headline-text\">Vispirms dizains. Veidojiet ar p\u0101rliec\u012bbu<\/h3>\n\n\n\n<p class=\"gb-text gb-text-ddbfc979\">Katrs laukums s\u0101kas ar pl\u0101nu. OnCourt 3D laukuma dizaina platforma \u013cauj klientiem konfigur\u0113t izk\u0101rtojumu, izp\u0113t\u012bt kr\u0101su sh\u0113mas, izv\u0113l\u0113ties gr\u012bdas segumu un nor\u0101d\u012bt grozus, pirms pie\u0146emt l\u0113mumu par b\u016bvniec\u012bbu. Rezult\u0101ts ir skaidr\u0101ka izpratne par telpu, veiktsp\u0113ju un izmaks\u0101m, kas nodro\u0161ina vienm\u0113r\u012bg\u0101ku p\u0101reju no koncepcijas l\u012bdz uzst\u0101d\u012b\u0161anai.<\/p>\n\n\n\n<p class=\"gb-text\">T\u016bl\u012bt\u0113ja cenu noteik\u0161ana, prec\u012bzi izk\u0101rtojumi un kop\u012bgojami dizaini nov\u0113r\u0161 neskaidr\u012bbas procesa s\u0101kum\u0101.<\/p>\n\n\n\n<h3 class=\"gb-headline gb-headline-c16bc7a6 gb-headline-text\">P\u0101rbaud\u012bti produkti, izstr\u0101d\u0101ti, lai kalpotu ilgi<\/h3>\n\n\n\n<p class=\"gb-text gb-text-9ce3da67\">OnCourt pied\u0101v\u0101 augst\u0101k\u0101s kvalit\u0101tes modu\u013cu basketbola gr\u012bdas segumus un Mega Slam profesion\u0101la l\u012bme\u0146a grozus. M\u016bsu apr\u012bkojums ir izv\u0113l\u0113ts, \u0146emot v\u0113r\u0101 t\u0101 iztur\u012bbu, stabilit\u0101ti un ilgtermi\u0146a veiktsp\u0113ju. No priv\u0101tajiem puslaukumiem l\u012bdz klubu telp\u0101m un komerci\u0101l\u0101m iek\u0101rt\u0101m \u2013 m\u016bsu sist\u0113mas ir izstr\u0101d\u0101tas, lai bez kompromisiem iztur\u0113tu nopietnu sp\u0113li.<\/p>\n\n\n\n<p class=\"gb-text\">M\u0113s necen\u0161amies sekot tendenc\u0113m. M\u0113s koncentr\u0113jamies uz materi\u0101liem, in\u017eenieriju un uzticam\u012bbu.<\/p>\n\n\n\n<p>OnCourt supply premium outdoor surfaces alongside proven <strong><em><a href=\"https:\/\/oncourt.online\/lv\/basketbola-grozi\/\">Mega Slam basketball hoops<\/a><\/em><\/strong> and court equipment, chosen to work together as a complete system.<\/p>\n\n\n\n<h3 class=\"gb-headline gb-headline-5efdb362 gb-headline-text\">Padomi, kuriem varat uztic\u0113ties<\/h3>\n\n\n\n<p class=\"gb-text gb-text-f96f3624\">Basketbola laukuma izveide ir kas vair\u0101k nek\u0101 tikai produktu izv\u0113le. M\u016bsu rokasgr\u0101mat\u0101s m\u0113s sniedzam skaidrus, praktiskus padomus par izk\u0101rtojumu, gr\u012bdas seguma variantiem, apgaismojumu, uzst\u0101d\u012b\u0161anu un pl\u0101no\u0161anu, lai pal\u012bdz\u0113tu klientiem pie\u0146emt apzin\u0101tus l\u0113mumus katr\u0101 posm\u0101.<\/p>\n\n\n\n<p class=\"gb-text\">Neatkar\u012bgi no t\u0101, vai j\u016bs veidojat savu pirmo m\u0101jas laukumu vai projekt\u0113jat objektu vair\u0101kiem lietot\u0101jiem, m\u016bsu m\u0113r\u0137is ir aizst\u0101t min\u0113jumus ar p\u0101rliec\u012bbu.<\/p>\n\n\n\n<p><strong><em><a href=\"https:\/\/oncourt.online\/lv\/celvezi\/\">Explore our basketball court guides<\/a><\/em><\/strong> to understand layouts, surfaces, equipment, and installation before committing.<\/p>\n\n\n\n<h3 class=\"gb-text\">Vis\u0101 Eirop\u0101 un \u0101rpus t\u0101s<\/h3>\n\n\n\n<p class=\"gb-text\">OnCourt atbalsta projektus vis\u0101 Eirop\u0101, sadarbojoties ar priv\u0101tiem klientiem, klubiem, skol\u0101m un komercpartneriem. M\u016bsu pieredze aptver da\u017e\u0101dus vietas apst\u0101k\u013cus, noteikumus un lieto\u0161anas gad\u012bjumus, \u013caujot mums piel\u0101got risin\u0101jumus, neietekm\u0113jot to veiktsp\u0113ju.<\/p>\n\n\n\n<div class=\"gb-element-cb14beec\">\n<h3 class=\"gb-text\">OnCourt pieeja<\/h3>\n\n\n\n<p class=\"gb-text\">Ja pl\u0101nojat izveidot basketbola laukumu m\u0101j\u0101s vai liel\u0101 m\u0113rog\u0101, OnCourt pal\u012bdz\u0113s jums to izdar\u012bt pareizi.<\/p>\n\n\n\n<p class=\"gb-text-7b6b1e25\"><span class=\"gb-shape\"><svg aria-hidden=\"true\" role=\"img\" height=\"1em\" width=\"1em\" viewbox=\"0 0 512 512\" xmlns=\"http:\/\/www.w3.org\/2000\/svg\"><path fill=\"currentColor\" d=\"M173.898 439.404l-166.4-166.4c-9.997-9.997-9.997-26.206 0-36.204l36.203-36.204c9.997-9.998 26.207-9.998 36.204 0L192 312.69 432.095 72.596c9.997-9.997 26.207-9.997 36.204 0l36.203 36.204c9.997 9.997 9.997 26.206 0 36.204l-294.4 294.401c-9.998 9.997-26.207 9.997-36.204-.001z\"><\/path><\/svg><\/span><span class=\"gb-text\">Pirmk\u0101rt, basketbols<\/span><\/p>\n\n\n\n<p class=\"gb-text-ee8810d5\"><span class=\"gb-shape\"><svg aria-hidden=\"true\" role=\"img\" height=\"1em\" width=\"1em\" viewbox=\"0 0 512 512\" xmlns=\"http:\/\/www.w3.org\/2000\/svg\"><path fill=\"currentColor\" d=\"M173.898 439.404l-166.4-166.4c-9.997-9.997-9.997-26.206 0-36.204l36.203-36.204c9.997-9.998 26.207-9.998 36.204 0L192 312.69 432.095 72.596c9.997-9.997 26.207-9.997 36.204 0l36.203 36.204c9.997 9.997 9.997 26.206 0 36.204l-294.4 294.401c-9.998 9.997-26.207 9.997-36.204-.001z\"><\/path><\/svg><\/span><span class=\"gb-text\">Skaidra pl\u0101no\u0161ana pirms b\u016bvniec\u012bbas<\/span><\/p>\n\n\n\n<p class=\"gb-text-c3c5234a\"><span class=\"gb-shape\"><svg aria-hidden=\"true\" role=\"img\" height=\"1em\" width=\"1em\" viewbox=\"0 0 512 512\" xmlns=\"http:\/\/www.w3.org\/2000\/svg\"><path fill=\"currentColor\" d=\"M173.898 439.404l-166.4-166.4c-9.997-9.997-9.997-26.206 0-36.204l36.203-36.204c9.997-9.998 26.207-9.998 36.204 0L192 312.69 432.095 72.596c9.997-9.997 26.207-9.997 36.204 0l36.203 36.204c9.997 9.997 9.997 26.206 0 36.204l-294.4 294.401c-9.998 9.997-26.207 9.997-36.204-.001z\"><\/path><\/svg><\/span><span class=\"gb-text\">Veiktsp\u0113jas vad\u012bta produktu izv\u0113le<\/span><\/p>\n\n\n\n<p class=\"gb-text-e6cf79e3\"><span class=\"gb-shape\"><svg aria-hidden=\"true\" role=\"img\" height=\"1em\" width=\"1em\" viewbox=\"0 0 512 512\" xmlns=\"http:\/\/www.w3.org\/2000\/svg\"><path fill=\"currentColor\" d=\"M173.898 439.404l-166.4-166.4c-9.997-9.997-9.997-26.206 0-36.204l36.203-36.204c9.997-9.998 26.207-9.998 36.204 0L192 312.69 432.095 72.596c9.997-9.997 26.207-9.997 36.204 0l36.203 36.204c9.997 9.997 9.997 26.206 0 36.204l-294.4 294.401c-9.998 9.997-26.207 9.997-36.204-.001z\"><\/path><\/svg><\/span><span class=\"gb-text\">God\u012bgi, praktiski padomi<\/span><\/p>\n\n\n\n<p class=\"gb-text-9fa5ab33\"><span class=\"gb-shape\"><svg aria-hidden=\"true\" role=\"img\" height=\"1em\" width=\"1em\" viewbox=\"0 0 512 512\" xmlns=\"http:\/\/www.w3.org\/2000\/svg\"><path fill=\"currentColor\" d=\"M173.898 439.404l-166.4-166.4c-9.997-9.997-9.997-26.206 0-36.204l36.203-36.204c9.997-9.998 26.207-9.998 36.204 0L192 312.69 432.095 72.596c9.997-9.997 26.207-9.997 36.204 0l36.203 36.204c9.997 9.997 9.997 26.206 0 36.204l-294.4 294.401c-9.998 9.997-26.207 9.997-36.204-.001z\"><\/path><\/svg><\/span><span class=\"gb-text\">R\u012bki, kas vienk\u0101r\u0161o sare\u017e\u0123\u012btu l\u0113mumu pie\u0146em\u0161anu<\/span><\/p>\n\n\n\n<p>If you\u2019re still weighing options, our <a href=\"https:\/\/oncourt.online\/lv\/basketball-court-faq\/\"><strong><em>basketball court FAQs<\/em><\/strong><\/a> address common questions about surfaces, layouts, durability, and installation.<\/p>\n<\/div>\n\n\n<div class=\"gb-grid-wrapper gb-grid-wrapper-44caa69b\">\n<div class=\"gb-grid-column gb-grid-column-12b2a9f8\"><div class=\"gb-container gb-container-12b2a9f8\"><div class=\"gb-inside-container\">\n\n<figure class=\"gb-block-image gb-block-image-6adfd5ca\"><img loading=\"lazy\" decoding=\"async\" width=\"300\" height=\"169\" class=\"gb-image gb-image-6adfd5ca\" src=\"https:\/\/oncourt.online\/wp-content\/uploads\/2021\/10\/NIKE.png\" alt=\"Nike\" title=\"NIKE\"\/><\/figure>\n\n<\/div><\/div><\/div>\n\n<div class=\"gb-grid-column gb-grid-column-e5bb2fe1\"><div class=\"gb-container gb-container-e5bb2fe1\"><div class=\"gb-inside-container\">\n\n<figure class=\"gb-block-image gb-block-image-f8558887\"><img loading=\"lazy\" decoding=\"async\" width=\"300\" height=\"169\" class=\"gb-image gb-image-f8558887\" src=\"https:\/\/oncourt.online\/wp-content\/uploads\/2021\/10\/England-Football.png\" alt=\"Anglijas futbola logo\" title=\"Anglija-Futbols\"\/><\/figure>\n\n<\/div><\/div><\/div>\n\n<div class=\"gb-grid-column gb-grid-column-3ac2520c\"><div class=\"gb-container gb-container-3ac2520c\"><div class=\"gb-inside-container\">\n\n<figure class=\"gb-block-image gb-block-image-32bd7dfd\"><img loading=\"lazy\" decoding=\"async\" width=\"300\" height=\"169\" class=\"gb-image gb-image-32bd7dfd\" src=\"https:\/\/oncourt.online\/wp-content\/uploads\/2021\/10\/Red-Bull.png\" alt=\"Red Bull logotips\" title=\"Red Bull\"\/><\/figure>\n\n<\/div><\/div><\/div>\n\n<div class=\"gb-grid-column gb-grid-column-b8a0acf4\"><div class=\"gb-container gb-container-b8a0acf4\"><div class=\"gb-inside-container\">\n\n<figure class=\"gb-block-image gb-block-image-199d062a\"><img loading=\"lazy\" decoding=\"async\" width=\"300\" height=\"169\" class=\"gb-image gb-image-199d062a\" src=\"https:\/\/oncourt.online\/wp-content\/uploads\/2021\/10\/Canary-Wharf-Group.png\" alt=\"Canary Wharf Group logotips\" title=\"Kan\u0101riju-Wharf-grupa\"\/><\/figure>\n\n<\/div><\/div><\/div>\n\n<div class=\"gb-grid-column gb-grid-column-bcea7224\"><div class=\"gb-container gb-container-bcea7224\"><div class=\"gb-inside-container\">\n\n<figure class=\"gb-block-image gb-block-image-b9d71ee3\"><img loading=\"lazy\" decoding=\"async\" width=\"300\" height=\"169\" class=\"gb-image gb-image-b9d71ee3\" src=\"https:\/\/oncourt.online\/wp-content\/uploads\/2021\/10\/BBC.png\" alt=\"BBC logotips\" title=\"BBC\"\/><\/figure>\n\n<\/div><\/div><\/div>\n<\/div>","protected":false},"excerpt":{"rendered":"<p> &#8230; <a title=\"Par OnCourt\" class=\"read-more\" href=\"https:\/\/oncourt.online\/lv\/about\/\" aria-label=\"Read more about About OnCourt\">Las\u012bt vair\u0101k<\/a><\/p>","protected":false},"author":2,"featured_media":6877,"parent":0,"menu_order":11,"comment_status":"closed","ping_status":"closed","template":"","meta":{"_acf_changed":false,"inline_featured_image":false,"footnotes":""},"class_list":{"0":"post-80","1":"page","2":"type-page","3":"status-publish","4":"has-post-thumbnail","6":"infinite-scroll-item","7":"no-featured-image-padding","8":"resize-featured-image"},"acf":[],"yoast_head":"<!-- This site is optimized with the Yoast SEO Premium plugin v26.8 (Yoast SEO v27.3) - https:\/\/yoast.com\/product\/yoast-seo-premium-wordpress\/ -->\n<title>About OnCourt | Basketball Court Surfaces, Systems &amp; Design<\/title>\n<meta name=\"description\" content=\"OnCourt creates premium basketball courts, combining high-performance surfaces, pro-grade hoops and intuitive court-planning tools.\" \/>\n<meta name=\"robots\" content=\"index, follow, max-snippet:-1, max-image-preview:large, max-video-preview:-1\" \/>\n<link rel=\"canonical\" href=\"https:\/\/oncourt.online\/lv\/par-mums\/\" \/>\n<meta property=\"og:locale\" content=\"lv_LV\" \/>\n<meta property=\"og:type\" content=\"article\" \/>\n<meta property=\"og:title\" content=\"About OnCourt\" \/>\n<meta property=\"og:description\" content=\"OnCourt creates premium basketball courts, combining high-performance surfaces, pro-grade hoops and intuitive court-planning tools.\" \/>\n<meta property=\"og:url\" content=\"https:\/\/oncourt.online\/lv\/par-mums\/\" \/>\n<meta property=\"og:site_name\" content=\"OnCourt Online\" \/>\n<meta property=\"article:publisher\" content=\"https:\/\/www.facebook.com\/oncourt.online\/\" \/>\n<meta property=\"article:modified_time\" content=\"2026-01-07T15:32:24+00:00\" \/>\n<meta property=\"og:image\" content=\"https:\/\/oncourt.online\/wp-content\/uploads\/2022\/05\/OnCourt-Shipping-and-Delivery-Header.jpg\" \/>\n\t<meta property=\"og:image:width\" content=\"1440\" \/>\n\t<meta property=\"og:image:height\" content=\"498\" \/>\n\t<meta property=\"og:image:type\" content=\"image\/jpeg\" \/>\n<meta name=\"twitter:card\" content=\"summary_large_image\" \/>\n<meta name=\"twitter:label1\" content=\"Est. reading time\" \/>\n\t<meta name=\"twitter:data1\" content=\"4 min\u016btes\" \/>\n<!-- \/ Yoast SEO Premium plugin. -->","yoast_head_json":{"title":"About OnCourt | Basketball Court Surfaces, Systems & Design","description":"OnCourt creates premium basketball courts, combining high-performance surfaces, pro-grade hoops and intuitive court-planning tools.","robots":{"index":"index","follow":"follow","max-snippet":"max-snippet:-1","max-image-preview":"max-image-preview:large","max-video-preview":"max-video-preview:-1"},"canonical":"https:\/\/oncourt.online\/lv\/par-mums\/","og_locale":"lv_LV","og_type":"article","og_title":"About OnCourt","og_description":"OnCourt creates premium basketball courts, combining high-performance surfaces, pro-grade hoops and intuitive court-planning tools.","og_url":"https:\/\/oncourt.online\/lv\/par-mums\/","og_site_name":"OnCourt Online","article_publisher":"https:\/\/www.facebook.com\/oncourt.online\/","article_modified_time":"2026-01-07T15:32:24+00:00","og_image":[{"width":1440,"height":498,"url":"https:\/\/oncourt.online\/wp-content\/uploads\/2022\/05\/OnCourt-Shipping-and-Delivery-Header.jpg","type":"image\/jpeg"}],"twitter_card":"summary_large_image","twitter_misc":{"Est. reading time":"4 min\u016btes"},"schema":{"@context":"https:\/\/schema.org","@graph":[{"@type":"WebPage","@id":"https:\/\/oncourt.online\/lv\/about\/","url":"https:\/\/oncourt.online\/lv\/about\/","name":"About OnCourt | Basketball Court Surfaces, Systems & Design","isPartOf":{"@id":"https:\/\/oncourt.online\/lv\/#website"},"primaryImageOfPage":{"@id":"https:\/\/oncourt.online\/lv\/about\/#primaryimage"},"image":{"@id":"https:\/\/oncourt.online\/lv\/about\/#primaryimage"},"thumbnailUrl":"https:\/\/oncourt.online\/wp-content\/uploads\/2022\/05\/OnCourt-Shipping-and-Delivery-Header.jpg","datePublished":"2021-10-19T20:14:24+00:00","dateModified":"2026-01-07T15:32:24+00:00","description":"OnCourt creates premium basketball courts, combining high-performance surfaces, pro-grade hoops and intuitive court-planning tools.","breadcrumb":{"@id":"https:\/\/oncourt.online\/lv\/about\/#breadcrumb"},"inLanguage":"lv-LV","potentialAction":[{"@type":"ReadAction","target":["https:\/\/oncourt.online\/lv\/about\/"]}]},{"@type":"ImageObject","inLanguage":"lv-LV","@id":"https:\/\/oncourt.online\/lv\/about\/#primaryimage","url":"https:\/\/oncourt.online\/wp-content\/uploads\/2022\/05\/OnCourt-Shipping-and-Delivery-Header.jpg","contentUrl":"https:\/\/oncourt.online\/wp-content\/uploads\/2022\/05\/OnCourt-Shipping-and-Delivery-Header.jpg","width":1440,"height":498,"caption":"Shipping & Delivery | OnCourt"},{"@type":"BreadcrumbList","@id":"https:\/\/oncourt.online\/lv\/about\/#breadcrumb","itemListElement":[{"@type":"ListItem","position":1,"name":"Home","item":"https:\/\/oncourt.online\/"},{"@type":"ListItem","position":2,"name":"About OnCourt"}]},{"@type":"WebSite","@id":"https:\/\/oncourt.online\/lv\/#website","url":"https:\/\/oncourt.online\/lv\/","name":"OnCourt Online","description":"Augstas veiktsp\u0113jas basketbola laukumi","publisher":{"@id":"https:\/\/oncourt.online\/lv\/#organization"},"potentialAction":[{"@type":"SearchAction","target":{"@type":"EntryPoint","urlTemplate":"https:\/\/oncourt.online\/lv\/?s={search_term_string}"},"query-input":{"@type":"PropertyValueSpecification","valueRequired":true,"valueName":"search_term_string"}}],"inLanguage":"lv-LV"},{"@type":"Organization","@id":"https:\/\/oncourt.online\/lv\/#organization","name":"OnCourt Online","url":"https:\/\/oncourt.online\/lv\/","logo":{"@type":"ImageObject","inLanguage":"lv-LV","@id":"https:\/\/oncourt.online\/lv\/#\/schema\/logo\/image\/","url":"https:\/\/oncourt.online\/wp-content\/uploads\/2021\/12\/Logo_OnCourt_Black.svg","contentUrl":"https:\/\/oncourt.online\/wp-content\/uploads\/2021\/12\/Logo_OnCourt_Black.svg","width":"1024","height":"1024","caption":"OnCourt Online"},"image":{"@id":"https:\/\/oncourt.online\/lv\/#\/schema\/logo\/image\/"},"sameAs":["https:\/\/www.facebook.com\/oncourt.online\/"],"email":"info@oncourt.online"}]}},"_links":{"self":[{"href":"https:\/\/oncourt.online\/lv\/wp-json\/wp\/v2\/pages\/80","targetHints":{"allow":["GET"]}}],"collection":[{"href":"https:\/\/oncourt.online\/lv\/wp-json\/wp\/v2\/pages"}],"about":[{"href":"https:\/\/oncourt.online\/lv\/wp-json\/wp\/v2\/types\/page"}],"author":[{"embeddable":true,"href":"https:\/\/oncourt.online\/lv\/wp-json\/wp\/v2\/users\/2"}],"replies":[{"embeddable":true,"href":"https:\/\/oncourt.online\/lv\/wp-json\/wp\/v2\/comments?post=80"}],"version-history":[{"count":0,"href":"https:\/\/oncourt.online\/lv\/wp-json\/wp\/v2\/pages\/80\/revisions"}],"wp:featuredmedia":[{"embeddable":true,"href":"https:\/\/oncourt.online\/lv\/wp-json\/wp\/v2\/media\/6877"}],"wp:attachment":[{"href":"https:\/\/oncourt.online\/lv\/wp-json\/wp\/v2\/media?parent=80"}],"curies":[{"name":"wp","href":"https:\/\/api.w.org\/{rel}","templated":true}]}}