{"id":6797,"date":"2022-05-26T13:42:42","date_gmt":"2022-05-26T13:42:42","guid":{"rendered":"https:\/\/oncourt.online\/?page_id=6797"},"modified":"2026-01-09T02:04:24","modified_gmt":"2026-01-09T02:04:24","slug":"shipping-delivery","status":"publish","type":"page","link":"https:\/\/oncourt.online\/lv\/shipping-delivery\/","title":{"rendered":"Pieg\u0101de un nos\u016bt\u012b\u0161ana"},"content":{"rendered":"<div class=\"gb-container gb-container-f34a8199\">\n<div class=\"gb-container gb-container-235943a7\">\n\n<h2 class=\"gb-headline gb-headline-88ee416e gb-headline-text\">OnCourt Online pieg\u0101des politika<\/h2>\n\n\n\n<p class=\"gb-headline gb-headline-0924883b gb-headline-text not_last_text\">OnCourt pieg\u0101de ir atkar\u012bga no izv\u0113l\u0113tajiem produktiem. Ieg\u0101d\u0101joties laukuma komplektu, grozs un komponenti tiek nos\u016bt\u012bti p\u0113c iesp\u0113jas \u0101tr\u0101k, lai tos var\u0113tu iek\u013caut pamatnes izb\u016bv\u0113. Laukuma segumi tiek ra\u017eoti un nos\u016bt\u012bti p\u0113c sagatavo\u0161anas, kas pa\u0161laik aiz\u0146em 10\u201312 ned\u0113\u013cas. <\/p>\n\n\n\n<p class=\"gb-text not_last_text\">Pieg\u0101des pieejam\u012bba at\u0161\u0137iras atkar\u012bb\u0101 no valsts. M\u0113s pieg\u0101d\u0101jam tikai uz atlas\u012btajiem re\u0123ioniem, kas tiek par\u0101d\u012bti nor\u0113\u0137inu laik\u0101.<\/p>\n\n\n\n<p>Ja j\u016bsu valsts nav nor\u0101d\u012bta un pl\u0101nojat basketbola laukuma projektu, l\u016bdzu, sazinieties ar mums, lai apspriestu iesp\u0113jas. Pieejam\u012bba tiek izv\u0113rt\u0113ta katr\u0101 gad\u012bjum\u0101 atsevi\u0161\u0137i. <\/p>\n\n\n\n<h3 class=\"gb-headline gb-headline-3e94b795 gb-headline-text\">Modul\u0101r\u0101s sporta virsmas pieg\u0101d\u0101tas gatavas Plug &amp; Play uzst\u0101d\u012b\u0161anai<\/h3>\n\n\n\n<p class=\"gb-headline gb-headline-e71567d7 gb-headline-text not_last_text\">Kortu segumi tiek pieg\u0101d\u0101ti iepakojumos, kas ir gatavi vienk\u0101r\u0161ai pa\u0161uzst\u0101d\u012b\u0161anai. Katrs kortu segums tiek pieg\u0101d\u0101ts uz palikt\u0146iem, ar numur\u0113t\u0101m loksn\u0113m un karti atsaucei (pas\u016bt\u012bjumi priv\u0101tperson\u0101m tiek pieg\u0101d\u0101ti l\u012bdz ietves malai).<\/p>\n\n\n\n<p class=\"translation-block\">Katrs modul\u0101rais sporta laukums tiek izgatavots p\u0113c pas\u016bt\u012bjuma, <strong>un ra\u017eo\u0161ana aiz\u0146em aptuveni<\/strong> <strong>10\u201312 ned\u0113\u013cas<\/strong> no pas\u016bt\u012bjuma apstiprin\u0101tas sa\u0146em\u0161anas. Pieg\u0101des laiki at\u0161\u0137iras atkar\u012bb\u0101 no atra\u0161an\u0101s vietas, un p\u0113c nos\u016bt\u012b\u0161anas j\u016bs sa\u0146emsiet atjaunin\u0101jumu ar paredzamo iera\u0161an\u0101s datumu un s\u016bt\u012bjuma izseko\u0161anu (akt\u012bva p\u0113c muito\u0161anas galam\u0113r\u0137a valst\u012b). Visi nodok\u013ci un nodevas ir apmaks\u0101ti iepriek\u0161, un pieg\u0101des tiek veiktas uz DDP (Delivered Duty Paid) pamata, bez sl\u0113pt\u0101m izmaks\u0101m.<\/p>\n\n\n<div class=\"gb-container gb-container-cfce094b\">\n\n<h2 class=\"gb-text\">Produkta nos\u016bt\u012b\u0161ana<\/h2>\n\n\n\n<p>Ja nav nor\u0101d\u012bts cit\u0101di, visi pas\u016bt\u012bjumi no OnCourt tiek nos\u016bt\u012bti ar uzticamu p\u0101rvad\u0101t\u0101ju pal\u012bdz\u012bbu. Produkti tiek nos\u016bt\u012bti jauni un lab\u0101 st\u0101vokl\u012b, k\u0101 nor\u0101d\u012bts rekl\u0101m\u0101. Basketbola sist\u0113mas tiek pieg\u0101d\u0101tas ar <strong>Pieg\u0101de l\u012bdz ietves malai<\/strong>, kas noz\u012bm\u0113, ka j\u016bsu pas\u016bt\u012bjums tiks pieg\u0101d\u0101ts pie j\u016bsu iebrauktuves gala. L\u016bdzu, \u0146emiet v\u0113r\u0101, ka \u0161is pakalpojums <strong>neietver uzst\u0101d\u012b\u0161anu, mont\u0101\u017eu vai iepakojuma no\u0146em\u0161anu<\/strong>.<\/p>\n\n\n\n<h3 class=\"gb-headline gb-headline-bce52be2 gb-headline-text\">Adreses mai\u0146a p\u0113c nos\u016bt\u012b\u0161anas<\/h3>\n\n\n\n<p>Ja pieg\u0101des adrese tiek main\u012bta p\u0113c tam, kad s\u016bt\u012bjumu ir pa\u0146\u0113mis kravu p\u0101rvad\u0101t\u0101js, tas tiek uzskat\u012bts par atk\u0101rtotu nos\u016bt\u012b\u0161anu un tiks piem\u0113rotas papildu izmaksas.<\/p>\n\n\n\n<h3 class=\"gb-headline gb-headline-ab76306c gb-headline-text\">Pieg\u0101des grafiks<\/h3>\n\n\n\n<p class=\"translation-block\">Pieg\u0101des parasti notiek <strong>no pirmdienas l\u012bdz piektdienai, no 08:00 l\u012bdz 18:00<\/strong>. Laiki var at\u0161\u0137irties atkar\u012bb\u0101 no j\u016bsu atra\u0161an\u0101s vietas, vad\u012bt\u0101ja mar\u0161ruta un neparedz\u0113tiem faktoriem, piem\u0113ram, satiksmes vai laikapst\u0101k\u013cu.<\/p>\n\n\n\n<h3 class=\"gb-headline gb-headline-d3e65b23 gb-headline-text\">Pieg\u0101des transportl\u012bdzeklis un piek\u013cuve<\/h3>\n\n\n\n<p class=\"gb-text not_last_text translation-block\">Mazumtirdzniec\u012bbas pas\u016bt\u012bjumi tiek pieg\u0101d\u0101ti ar <strong>smagajiem kravas transportl\u012bdzek\u013ciem (piem., LGV\/artikul\u0113ts kravas auto)<\/strong> un parasti ietver <strong>hidraulisko pac\u0113l\u0101ju<\/strong>. Vad\u012bt\u0101js ir atbild\u012bgs par produkta izkrau\u0161anu un novieto\u0161anu pie ietves. Ja tiek veikti papildu pieg\u0101des pakalpojumi, var tikt piem\u0113rotas papildu izmaksas.<\/p>\n\n\n\n<p class=\"translation-block\">L\u016bdzu, r\u016bp\u012bgi p\u0101rbaudiet pieg\u0101des dokumentu, lai p\u0101rliecin\u0101tos, ka <strong>nav veikti papildu pakalpojumi<\/strong>. Ja t\u0101di ir veikti, OnCourt patur ties\u012bbas <strong>piem\u0113rot \u0161\u012bs izmaksas<\/strong>.<\/p>\n\n\n\n<h3 class=\"wp-block-heading\" id=\"h-delivery-signature-amp-inspection\">Paraksts un p\u0101rbaude pie pieg\u0101des<\/h3>\n\n\n\n<p class=\"gb-text not_last_text translation-block\">Pieg\u0101des br\u012bd\u012b ir nepiecie\u0161ams <strong>paraksts<\/strong>. Iepakojums j\u0101p\u0101rbauda <strong>pirms parakst\u012b\u0161anas<\/strong>. Ja nepiecie\u0161ams, varat atv\u0113rt kasti, lai p\u0101rbaud\u012btu satura st\u0101vokli, \u012bpa\u0161i <strong>stikla vairogus<\/strong>, kas p\u0101rvad\u0101\u0161anas laik\u0101 ir jut\u012bg\u0101ki.<\/p>\n\n\n\n<p>Ja k\u0101da s\u016bt\u012bjuma da\u013ca \u0161\u0137iet boj\u0101ta:<\/p>\n\n\n\n<ul class=\"wp-block-list\">\n<li><strong>Neatsakiet pieg\u0101di.<\/strong><\/li>\n\n\n\n<li>Pieg\u0101des kv\u012bt\u012b skaidri nor\u0101diet probl\u0113mu (piem\u0113ram, <em>\u201cPieg\u0101des br\u012bd\u012b salauzts atbalsta stends\u201d<\/em>).<\/li>\n\n\n\n<li>Veikt skaidru <strong>boj\u0101jumu fotogr\u0101fijas<\/strong>.<\/li>\n\n\n\n<li>Nos\u016btiet parakst\u012bto kv\u012bti un fotogr\u0101fijas uz m\u016bsu atbalsta komandu, un m\u0113s nos\u016bt\u012bsim <strong>rezerves da\u013ca<\/strong> nekav\u0113joties.<\/li>\n<\/ul>\n\n\n\n<p class=\"gb-text not_last_text\">Tikm\u0113r varat turpin\u0101t veikt jebk\u0101dus uzst\u0101d\u012b\u0161anas darbus, kas nav ietekm\u0113ti (piem\u0113ram, enkuru uzst\u0101d\u012b\u0161anu un betona saciet\u0113\u0161anu).<\/p>\n\n\n\n<p>Vis\u0101m pieg\u0101d\u0113m ir nepiecie\u0161ama paraksts. Sa\u0146\u0113m\u0113jam b\u016bs j\u0101paraksta pieg\u0101des kv\u012bts, un bez t\u0101s pieg\u0101de netiks veikta.<\/p>\n\n\n\n<h3 class=\"gb-headline gb-headline-7838bbbd gb-headline-text\">Svar\u012bgas piez\u012bmes par pieg\u0101di<\/h3>\n\n\n\n<ul class=\"wp-block-list\">\n<li>Visi priek\u0161meti tiek nos\u016bt\u012bti no m\u016bsu noliktavas <strong>piln\u012bgi jauns un nesaboj\u0101ts<\/strong>.<\/li>\n\n\n\n<li>Ja boj\u0101jumi nav nor\u0101d\u012bti pieg\u0101des kv\u012bt\u012b, j\u016bs <strong>atbr\u012bvot p\u0101rvad\u0101t\u0101ju no atbild\u012bbas<\/strong> un var neb\u016bt ties\u012bbas piepras\u012bt kompens\u0101ciju.<\/li>\n\n\n\n<li><strong>R\u016bd\u012bts stikls<\/strong> nesapl\u012bst \u2014 tas sadal\u0101s. Ja j\u016bsu muguras pl\u0101ksne ir salauzta, t\u0101 b\u016bs <strong>daudzas mazas deta\u013cas<\/strong>, nav plais\u0101ts.<\/li>\n<\/ul>\n\n\n\n<p>J\u016bsu aizsardz\u012bbai, <strong>pie savas paraksta rakstiet \u201cP\u0101rbaud\u0101ms\u201d<\/strong> parakstoties par pieg\u0101di.<\/p>\n\n\n\n<h3 class=\"gb-headline gb-headline-dd213a82 gb-headline-text\">Pieg\u0101des pieejam\u012bba<\/h3>\n\n\n\n<p>Ja j\u016bsu atra\u0161an\u0101s vieta nav pieejama lieliem pieg\u0101des transportl\u012bdzek\u013ciem (piem\u0113ram, \u0161auras ielas, st\u0101vas piebrauktuves, sl\u0113gtas kopienas), jums var b\u016bt nepiecie\u0161ams:<\/p>\n\n\n\n<ul class=\"wp-block-list\">\n<li>Sa\u0146emiet savu pas\u016bt\u012bjumu viet\u0113j\u0101 termin\u0101l\u012b vai<\/li>\n\n\n\n<li>Organiz\u0113jiet gal\u012bgo pieg\u0101di, izmantojot tre\u0161\u0101s puses kurjeru.<\/li>\n<\/ul>\n\n\n\n<h3 class=\"gb-headline gb-headline-f4f6c8ad gb-headline-text\">Nepieg\u0101d\u0101jamie pas\u016bt\u012bjumi<\/h3>\n\n\n\n<p>Ja s\u016bt\u012bjums tiek atgriezts k\u0101 <strong>Nepieg\u0101d\u0101jams<\/strong> vai <strong>Atsac\u012bts<\/strong>, a <strong>20% atk\u0101rtotas pieg\u0101des maksa<\/strong> tiks piem\u0113roti, un j\u016bs b\u016bsiet atbild\u012bgs par vis\u0101m s\u0101kotn\u0113j\u0101m pieg\u0101des izmaks\u0101m.<\/p>\n\n<\/div>\n\n\n<h3 class=\"gb-headline gb-headline-77bdb557 gb-headline-text\">Pieg\u0101de un muitas nodok\u013ci (pas\u016bt\u012bjumi no valst\u012bm, kas nav ES dal\u012bbvalstis)<\/h3>\n\n\n\n<p class=\"gb-headline gb-headline-f02c1b4c gb-headline-text\">Visiem nos\u016bt\u012btajiem pas\u016bt\u012bjumiem <strong>\u0101rpus Eiropas Savien\u012bbas<\/strong>:<\/p>\n\n\n\n<ul class=\"wp-block-list\">\n<li>Cenas, kas nor\u0101d\u012btas pie kases, neietver viet\u0113jos nodok\u013cus, ievedmuitas nodok\u013cus vai muitas formalit\u0101\u0161u izmaksas.<\/li>\n\n\n\n<li>J\u016bs esat re\u0123istr\u0113ts import\u0113t\u0101js un esat vien\u012bgais atbild\u012bgais par jebk\u0101d\u0101m \u0161\u0101d\u0101m maks\u0101m pieg\u0101des br\u012bd\u012b.<\/li>\n\n\n\n<li>OnCourt neiekas\u0113 un neiemaks\u0101 PVN\/GST, ievedmuitas nodok\u013cus vai muitas nodevas par galam\u0113r\u0137iem \u0101rpus ES.<\/li>\n\n\n\n<li>Ja maks\u0101jumi tiek atteikti vai nav samaks\u0101ti, tas var izrais\u012bt s\u016bt\u012bjuma kav\u0113\u0161anos, atgrie\u0161anu vai atteik\u0161anos no t\u0101. OnCourt nav atbild\u012bgs par jebk\u0101d\u0101m izmaks\u0101m vai zaud\u0113jumiem, kas radu\u0161ies \u0161\u0101du iemeslu d\u0113\u013c, un \u0161\u0101dos gad\u012bjumos neatmaks\u0101 s\u016bt\u012bjuma vai produkta izmaksas.<\/li>\n<\/ul>\n\n\n\n<p>Veicot pirkumu, j\u016bs apstiprin\u0101t un piekr\u012btat \u0161iem nosac\u012bjumiem.<\/p>\n\n<\/div>\n<\/div>\n\n<div class=\"gb-container gb-container-aedea16a\" id=\"megaslam-shipping\">\n<div class=\"gb-container gb-container-492b5ca3\">\n\n<h2 class=\"gb-headline gb-headline-65d8dcc4 gb-headline-text\">Vienm\u0113r\u012bga Mega Slam Hoop pieg\u0101de <\/h2>\n\n\n\n<p class=\"gb-headline gb-headline-880344a0 gb-headline-text\">Kad pas\u016bt\u0101t oncourt.online, m\u0113s pieg\u0101d\u0101jam j\u016bsu grozu tie\u0161i l\u012bdz j\u016bsu m\u0101jas durv\u012bm, kas noz\u012bm\u0113, ka tas tiek nog\u0101d\u0101ts tie\u0161i no m\u016bsu noliktavas, no kravas automa\u0161\u012bnas l\u012bdz j\u016bsu m\u0101jas durv\u012bm, lai j\u016bs nezaud\u0113tu laiku, lai s\u0101ktu sp\u0113l\u0113t. Izmantojiet m\u016bsu 5 punktu p\u0101rbaudes sarakstu, lai nodro\u0161in\u0101tu j\u016bsu pas\u016bt\u012bjuma netrauc\u0113tu pieg\u0101di. <a href=\"https:\/\/oncourt.online\/lv\/basketbola-grozi\/\"><em><strong>Mega Slam Hoop<\/strong><\/em><\/a>. <\/p>\n\n\n\n<figure class=\"wp-block-image size-full is-resized\"><img loading=\"lazy\" decoding=\"async\" width=\"600\" height=\"600\" src=\"https:\/\/oncourt.online\/wp-content\/uploads\/2021\/10\/Mega-Slam-Hoop-s-Order-Confirmation.png\" alt=\"Mega Slam Hoops - pas\u016bt\u012bjuma apstiprin\u0101jums\" class=\"wp-image-422\" style=\"width:150px;height:auto\" srcset=\"https:\/\/oncourt.online\/wp-content\/uploads\/2021\/10\/Mega-Slam-Hoop-s-Order-Confirmation.png 600w, https:\/\/oncourt.online\/wp-content\/uploads\/2021\/10\/Mega-Slam-Hoop-s-Order-Confirmation-100x100.png 100w, https:\/\/oncourt.online\/wp-content\/uploads\/2021\/10\/Mega-Slam-Hoop-s-Order-Confirmation-545x545.png 545w\" sizes=\"auto, (max-width: 600px) 100vw, 600px\" \/><\/figure>\n\n\n\n<h4 class=\"gb-headline gb-headline-8536b972 gb-headline-text\">1. Apstipriniet savu pas\u016bt\u012bjumu<\/h4>\n\n\n\n<p class=\"gb-headline gb-headline-9f1a5517 gb-headline-text\">Apsveicam ar jaun\u0101 ap\u013ca pas\u016bt\u012b\u0161anu. Tagad gaidiet e-pastu ar pas\u016bt\u012bjuma inform\u0101ciju. <\/p>\n\n\n\n<figure class=\"wp-block-image size-full is-resized\"><img loading=\"lazy\" decoding=\"async\" width=\"600\" height=\"600\" src=\"https:\/\/oncourt.online\/wp-content\/uploads\/2021\/10\/Mega-Slam-Hoops-Arrange-Delivery.png\" alt=\"Mega Slam Hoops - organiz\u0113t pieg\u0101di\" class=\"wp-image-419\" style=\"width:150px;height:150px\" srcset=\"https:\/\/oncourt.online\/wp-content\/uploads\/2021\/10\/Mega-Slam-Hoops-Arrange-Delivery.png 600w, https:\/\/oncourt.online\/wp-content\/uploads\/2021\/10\/Mega-Slam-Hoops-Arrange-Delivery-100x100.png 100w, https:\/\/oncourt.online\/wp-content\/uploads\/2021\/10\/Mega-Slam-Hoops-Arrange-Delivery-545x545.png 545w\" sizes=\"auto, (max-width: 600px) 100vw, 600px\" \/><\/figure>\n\n\n\n<h4 class=\"gb-headline gb-headline-9bfe8bb5 gb-headline-text\">2. Nos\u016bt\u012b\u0161ana un pieg\u0101de <\/h4>\n\n\n\n<p class=\"gb-headline gb-headline-290fa9d6 gb-headline-text\">J\u016bs sa\u0146emsiet apstiprin\u0101jumu par pas\u016bt\u012bjuma nos\u016bt\u012b\u0161anu, kur\u0101 b\u016bs nor\u0101d\u012bts paredzamais pieg\u0101des laiks. <\/p>\n\n\n\n<figure class=\"wp-block-image size-full is-resized\"><img loading=\"lazy\" decoding=\"async\" width=\"600\" height=\"600\" src=\"https:\/\/oncourt.online\/wp-content\/uploads\/2021\/10\/Mega-Slam-Hoops-Curbside-Delivery.png\" alt=\"Mega Slam Hoops - Pieg\u0101de no malas\" class=\"wp-image-420\" style=\"width:150px;height:150px\" srcset=\"https:\/\/oncourt.online\/wp-content\/uploads\/2021\/10\/Mega-Slam-Hoops-Curbside-Delivery.png 600w, https:\/\/oncourt.online\/wp-content\/uploads\/2021\/10\/Mega-Slam-Hoops-Curbside-Delivery-100x100.png 100w, https:\/\/oncourt.online\/wp-content\/uploads\/2021\/10\/Mega-Slam-Hoops-Curbside-Delivery-545x545.png 545w\" sizes=\"auto, (max-width: 600px) 100vw, 600px\" \/><\/figure>\n\n\n\n<h4 class=\"gb-headline gb-headline-111f7f0a gb-headline-text\">3. Atbr\u012bvojiet vietu savam apmetnim<\/h4>\n\n\n\n<p class=\"gb-headline gb-headline-cdd4e7d1 gb-headline-text\">Mega Slam basketbola sist\u0113mas ir lielas (l\u012bdz 340 kg), un pieg\u0101des palete aiz\u0146em diezgan daudz vietas (pas\u016bt\u012bjumi priv\u0101tperson\u0101m tiek pieg\u0101d\u0101ti l\u012bdz ietves malai).<\/p>\n\n\n\n<figure class=\"wp-block-image size-full is-resized\"><img loading=\"lazy\" decoding=\"async\" width=\"600\" height=\"600\" src=\"https:\/\/oncourt.online\/wp-content\/uploads\/2021\/10\/Mega-Slam-Shipping-Boxes.png\" alt=\"Mega Slam Shipping kastes\" class=\"wp-image-421\" style=\"width:150px;height:150px\" srcset=\"https:\/\/oncourt.online\/wp-content\/uploads\/2021\/10\/Mega-Slam-Shipping-Boxes.png 600w, https:\/\/oncourt.online\/wp-content\/uploads\/2021\/10\/Mega-Slam-Shipping-Boxes-100x100.png 100w, https:\/\/oncourt.online\/wp-content\/uploads\/2021\/10\/Mega-Slam-Shipping-Boxes-545x545.png 545w\" sizes=\"auto, (max-width: 600px) 100vw, 600px\" \/><\/figure>\n\n\n\n<h4 class=\"gb-headline gb-headline-c4d17918 gb-headline-text\">4. P\u0101rbaudiet savu st\u012bpu pieg\u0101di<\/h4>\n\n\n\n<p class=\"gb-headline gb-headline-b333a103 gb-headline-text\">Atkar\u012bb\u0101 no pas\u016bt\u012bjuma lieluma p\u0101rliecinieties, vai uz katra palikt\u0146a ir piestiprin\u0101ts pareizais kastu skaits (katra sist\u0113ma tiek pieg\u0101d\u0101ta uz viena palikt\u0146a ar skaidri numur\u0113t\u0101m kast\u0113m). Nav nekas, ja da\u017e\u0101m kast\u0113m ir iespiedumi vai t\u0101s ir sapl\u0113stas. M\u016bsu sist\u0113mas ir iztur\u012bgas un p\u0101rdz\u012bvos nelielus kastu boj\u0101jumus. <\/p>\n\n\n\n<figure class=\"wp-block-image size-full is-resized\"><img loading=\"lazy\" decoding=\"async\" width=\"600\" height=\"600\" src=\"https:\/\/oncourt.online\/wp-content\/uploads\/2021\/10\/Mega-Slam-Hoops-Signed-Delivery.png\" alt=\"Mega Slam Hoops - Pieg\u0101de ar parakstu\" class=\"wp-image-417\" style=\"width:150px;height:150px\" srcset=\"https:\/\/oncourt.online\/wp-content\/uploads\/2021\/10\/Mega-Slam-Hoops-Signed-Delivery.png 600w, https:\/\/oncourt.online\/wp-content\/uploads\/2021\/10\/Mega-Slam-Hoops-Signed-Delivery-100x100.png 100w, https:\/\/oncourt.online\/wp-content\/uploads\/2021\/10\/Mega-Slam-Hoops-Signed-Delivery-545x545.png 545w\" sizes=\"auto, (max-width: 600px) 100vw, 600px\" \/><\/figure>\n\n\n\n<h4 class=\"gb-headline gb-headline-f3ff4626 gb-headline-text\">5. Parakstiet, lai atbr\u012bvotu pieg\u0101di<\/h4>\n\n\n\n<p class=\"gb-headline gb-headline-0e5ad3a7 gb-headline-text\">Tagad j\u016bsu draudz\u012bgais pieg\u0101des speci\u0101lists l\u016bgs parakstu, lai atbr\u012bvotu j\u016bsu basketbola sist\u0113mu. Ja kast\u0113m (vai sist\u0113mai) ir k\u0101di redzami boj\u0101jumi, pirms parakst\u012b\u0161an\u0101s dokument\u0113jiet konkr\u0113tus boj\u0101jumus pieg\u0101des lap\u0101 un nofotograf\u0113jiet tos.<br>Ja preces ir boj\u0101tas, pie\u0146emiet s\u016bt\u012bjumu un nekav\u0113joties sazinieties ar mums. E-past\u0101 pievienojiet fotogr\u0101fijas, un m\u0113s pa\u0101trin\u0101sim rezerves da\u013cu pieg\u0101di. <\/p>\n\n\n\n<figure class=\"wp-block-image size-full is-resized\"><img loading=\"lazy\" decoding=\"async\" width=\"750\" height=\"750\" src=\"https:\/\/oncourt.online\/wp-content\/uploads\/2021\/10\/MegaDlam-Installation-Dig-and-Pour.png\" alt=\"\" class=\"wp-image-319\" style=\"width:188px;height:188px\" srcset=\"https:\/\/oncourt.online\/wp-content\/uploads\/2021\/10\/MegaDlam-Installation-Dig-and-Pour.png 750w, https:\/\/oncourt.online\/wp-content\/uploads\/2021\/10\/MegaDlam-Installation-Dig-and-Pour-100x100.png 100w, https:\/\/oncourt.online\/wp-content\/uploads\/2021\/10\/MegaDlam-Installation-Dig-and-Pour-545x545.png 545w\" sizes=\"auto, (max-width: 750px) 100vw, 750px\" \/><\/figure>\n\n\n\n<h3 class=\"gb-headline gb-headline-a22b1bbf gb-headline-text\">Uzst\u0101d\u012b\u0161ana<\/h3>\n\n\n\n<p class=\"gb-headline gb-headline-507bcc99 gb-headline-text\">Kad j\u016bsu ri\u0146\u0137is ir pieg\u0101d\u0101ts, ir pien\u0101cis laiks<a href=\"https:\/\/oncourt.online\/lv\/celvezi\/uzstadisana\/basketbola-groza-uzstadisanas-celvedis\/\"> <em><strong>uzst\u0101diet savu basketbola grozu<\/strong><\/em><\/a>.<\/p>\n\n<\/div>\n<\/div>","protected":false},"excerpt":{"rendered":"<p> &#8230; <a title=\"Pieg\u0101de un nos\u016bt\u012b\u0161ana\" class=\"read-more\" href=\"https:\/\/oncourt.online\/lv\/shipping-delivery\/\" aria-label=\"Read more about Shipping And Delivery\">Las\u012bt vair\u0101k<\/a><\/p>","protected":false},"author":2,"featured_media":6877,"parent":0,"menu_order":24,"comment_status":"closed","ping_status":"closed","template":"","meta":{"_acf_changed":false,"inline_featured_image":false,"footnotes":""},"class_list":{"0":"post-6797","1":"page","2":"type-page","3":"status-publish","4":"has-post-thumbnail","6":"infinite-scroll-item","7":"no-featured-image-padding","8":"resize-featured-image"},"acf":[],"yoast_head":"<!-- This site is optimized with the Yoast SEO Premium plugin v26.8 (Yoast SEO v26.9) - https:\/\/yoast.com\/product\/yoast-seo-premium-wordpress\/ -->\n<title>Shipping &amp; Delivery Information | OnCourt<\/title>\n<meta name=\"description\" content=\"Shipping and delivery information, including delivery methods, access planning, handling advice, and important notes for OnCourt orders.\" \/>\n<meta name=\"robots\" content=\"index, follow, max-snippet:-1, max-image-preview:large, max-video-preview:-1\" \/>\n<link rel=\"canonical\" href=\"https:\/\/oncourt.online\/lv\/shipping-delivery\/\" \/>\n<meta property=\"og:locale\" content=\"lv_LV\" \/>\n<meta property=\"og:type\" content=\"article\" \/>\n<meta property=\"og:title\" content=\"Shipping And Delivery\" \/>\n<meta property=\"og:description\" content=\"Shipping and delivery information, including delivery methods, access planning, handling advice, and important notes for OnCourt orders.\" \/>\n<meta property=\"og:url\" content=\"https:\/\/oncourt.online\/lv\/shipping-delivery\/\" \/>\n<meta property=\"og:site_name\" content=\"OnCourt Online\" \/>\n<meta property=\"article:publisher\" content=\"https:\/\/www.facebook.com\/oncourt.online\/\" \/>\n<meta property=\"article:modified_time\" content=\"2026-01-09T02:04:24+00:00\" \/>\n<meta property=\"og:image\" content=\"https:\/\/oncourt.online\/wp-content\/uploads\/2022\/05\/OnCourt-Shipping-and-Delivery-Header.jpg\" \/>\n\t<meta property=\"og:image:width\" content=\"1440\" \/>\n\t<meta property=\"og:image:height\" content=\"498\" \/>\n\t<meta property=\"og:image:type\" content=\"image\/jpeg\" \/>\n<meta name=\"twitter:card\" content=\"summary_large_image\" \/>\n<meta name=\"twitter:label1\" content=\"Est. reading time\" \/>\n\t<meta name=\"twitter:data1\" content=\"6 min\u016btes\" \/>\n<!-- \/ Yoast SEO Premium plugin. -->","yoast_head_json":{"title":"Pieg\u0101des un Nos\u016bt\u012b\u0161anas Inform\u0101cija | OnCourt","description":"Inform\u0101cija par nos\u016bt\u012b\u0161anu un pieg\u0101di, tostarp pieg\u0101des veidiem, piek\u013cuves pl\u0101no\u0161anu, apstr\u0101des ieteikumiem un svar\u012bg\u0101m piez\u012bm\u0113m OnCourt pas\u016bt\u012bjumiem.","robots":{"index":"index","follow":"follow","max-snippet":"max-snippet:-1","max-image-preview":"max-image-preview:large","max-video-preview":"max-video-preview:-1"},"canonical":"https:\/\/oncourt.online\/lv\/shipping-delivery\/","og_locale":"lv_LV","og_type":"article","og_title":"Shipping And Delivery","og_description":"Shipping and delivery information, including delivery methods, access planning, handling advice, and important notes for OnCourt orders.","og_url":"https:\/\/oncourt.online\/lv\/shipping-delivery\/","og_site_name":"OnCourt Online","article_publisher":"https:\/\/www.facebook.com\/oncourt.online\/","article_modified_time":"2026-01-09T02:04:24+00:00","og_image":[{"width":1440,"height":498,"url":"https:\/\/oncourt.online\/wp-content\/uploads\/2022\/05\/OnCourt-Shipping-and-Delivery-Header.jpg","type":"image\/jpeg"}],"twitter_card":"summary_large_image","twitter_misc":{"Est. reading time":"6 min\u016btes"},"schema":{"@context":"https:\/\/schema.org","@graph":[{"@type":"WebPage","@id":"https:\/\/oncourt.online\/lv\/shipping-delivery\/","url":"https:\/\/oncourt.online\/lv\/shipping-delivery\/","name":"Pieg\u0101des un Nos\u016bt\u012b\u0161anas Inform\u0101cija | OnCourt","isPartOf":{"@id":"https:\/\/oncourt.online\/lv\/#website"},"primaryImageOfPage":{"@id":"https:\/\/oncourt.online\/lv\/shipping-delivery\/#primaryimage"},"image":{"@id":"https:\/\/oncourt.online\/lv\/shipping-delivery\/#primaryimage"},"thumbnailUrl":"https:\/\/oncourt.online\/wp-content\/uploads\/2022\/05\/OnCourt-Shipping-and-Delivery-Header.jpg","datePublished":"2022-05-26T13:42:42+00:00","dateModified":"2026-01-09T02:04:24+00:00","description":"Inform\u0101cija par nos\u016bt\u012b\u0161anu un pieg\u0101di, tostarp pieg\u0101des veidiem, piek\u013cuves pl\u0101no\u0161anu, apstr\u0101des ieteikumiem un svar\u012bg\u0101m piez\u012bm\u0113m OnCourt pas\u016bt\u012bjumiem.","breadcrumb":{"@id":"https:\/\/oncourt.online\/lv\/shipping-delivery\/#breadcrumb"},"inLanguage":"lv-LV","potentialAction":[{"@type":"ReadAction","target":["https:\/\/oncourt.online\/lv\/shipping-delivery\/"]}]},{"@type":"ImageObject","inLanguage":"lv-LV","@id":"https:\/\/oncourt.online\/lv\/shipping-delivery\/#primaryimage","url":"https:\/\/oncourt.online\/wp-content\/uploads\/2022\/05\/OnCourt-Shipping-and-Delivery-Header.jpg","contentUrl":"https:\/\/oncourt.online\/wp-content\/uploads\/2022\/05\/OnCourt-Shipping-and-Delivery-Header.jpg","width":1440,"height":498,"caption":"Shipping & Delivery | OnCourt"},{"@type":"BreadcrumbList","@id":"https:\/\/oncourt.online\/lv\/shipping-delivery\/#breadcrumb","itemListElement":[{"@type":"ListItem","position":1,"name":"Home","item":"https:\/\/oncourt.online\/"},{"@type":"ListItem","position":2,"name":"Shipping And Delivery"}]},{"@type":"WebSite","@id":"https:\/\/oncourt.online\/lv\/#website","url":"https:\/\/oncourt.online\/lv\/","name":"OnCourt Online","description":"Augstas veiktsp\u0113jas basketbola laukumi","publisher":{"@id":"https:\/\/oncourt.online\/lv\/#organization"},"potentialAction":[{"@type":"SearchAction","target":{"@type":"EntryPoint","urlTemplate":"https:\/\/oncourt.online\/lv\/?s={search_term_string}"},"query-input":{"@type":"PropertyValueSpecification","valueRequired":true,"valueName":"search_term_string"}}],"inLanguage":"lv-LV"},{"@type":"Organization","@id":"https:\/\/oncourt.online\/lv\/#organization","name":"OnCourt Online","url":"https:\/\/oncourt.online\/lv\/","logo":{"@type":"ImageObject","inLanguage":"lv-LV","@id":"https:\/\/oncourt.online\/lv\/#\/schema\/logo\/image\/","url":"https:\/\/oncourt.online\/wp-content\/uploads\/2021\/12\/Logo_OnCourt_Black.svg","contentUrl":"https:\/\/oncourt.online\/wp-content\/uploads\/2021\/12\/Logo_OnCourt_Black.svg","width":"1024","height":"1024","caption":"OnCourt Online"},"image":{"@id":"https:\/\/oncourt.online\/lv\/#\/schema\/logo\/image\/"},"sameAs":["https:\/\/www.facebook.com\/oncourt.online\/"],"email":"info@oncourt.online"}]}},"_links":{"self":[{"href":"https:\/\/oncourt.online\/lv\/wp-json\/wp\/v2\/pages\/6797","targetHints":{"allow":["GET"]}}],"collection":[{"href":"https:\/\/oncourt.online\/lv\/wp-json\/wp\/v2\/pages"}],"about":[{"href":"https:\/\/oncourt.online\/lv\/wp-json\/wp\/v2\/types\/page"}],"author":[{"embeddable":true,"href":"https:\/\/oncourt.online\/lv\/wp-json\/wp\/v2\/users\/2"}],"replies":[{"embeddable":true,"href":"https:\/\/oncourt.online\/lv\/wp-json\/wp\/v2\/comments?post=6797"}],"version-history":[{"count":0,"href":"https:\/\/oncourt.online\/lv\/wp-json\/wp\/v2\/pages\/6797\/revisions"}],"wp:featuredmedia":[{"embeddable":true,"href":"https:\/\/oncourt.online\/lv\/wp-json\/wp\/v2\/media\/6877"}],"wp:attachment":[{"href":"https:\/\/oncourt.online\/lv\/wp-json\/wp\/v2\/media?parent=6797"}],"curies":[{"name":"wp","href":"https:\/\/api.w.org\/{rel}","templated":true}]}}