{"id":428,"date":"2021-10-22T11:43:33","date_gmt":"2021-10-22T11:43:33","guid":{"rendered":"https:\/\/oncourt.online\/?page_id=428"},"modified":"2026-01-03T03:34:58","modified_gmt":"2026-01-03T03:34:58","slug":"muza-garantija","status":"publish","type":"page","link":"https:\/\/oncourt.online\/lv\/basketball-hoops\/lifetime-warranty\/","title":{"rendered":"M\u016b\u017ea garantija"},"content":{"rendered":"<div class=\"gb-element-118ef599\">\n<div class=\"gb-element-d7eed537\">\n<h2 class=\"gb-headline gb-headline-96ad026f gb-headline-text\">Labs visam dz\u012bves garumam, lai veiktu metienus, slam dunkus un d\u017eemus<\/h2>\n\n\n\n<p class=\"gb-headline gb-headline-78623ab6 gb-headline-text\">Mega Slam Hoops un OnCourt ir ap\u0146\u0113mu\u0161ies pied\u0101v\u0101t lab\u0101k\u0101s m\u0101jas basketbola sist\u0113mas, ko var nopirkt par savu naudu. Mega Slam produkti ir izstr\u0101d\u0101ti, lai kalpotu visu m\u016b\u017eu. Ir lo\u0123iski, ka garantija ir tikpat ilga.<br>Citi grozu ra\u017eot\u0101ji \u0161\u0101das garantijas nepied\u0101v\u0101. M\u0113s patie\u0161\u0101m atbalst\u0101m Mega Slam Hoops basketbola sist\u0113mas un garant\u0113jam lielisku veiktsp\u0113ju vis\u0101 sp\u0113les laik\u0101, pat attiec\u012bb\u0101 uz skr\u016bv\u0113m un uzgrie\u017e\u0146iem.<\/p>\n\n\n\n<p class=\"gb-headline gb-headline-c6f59d0a gb-headline-text\"><br><strong>BASKETBALL SYSTEMS LIMITED M\u016a\u017dA GARANTIJA<\/strong><br>IEROBE\u017dOT\u0100 M\u016a\u017dA GARANTIJA attiecas tikai uz s\u0101kotn\u0113jo mazumtirdzniec\u012bbas pirc\u0113ju, kuram Mega Slam Hoops (turpm\u0101k \u201cProdukts\u201d) strukt\u016bras komponentiem tiek garant\u0113ta materi\u0101lu un izgatavo\u0161anas kvalit\u0101te, iev\u0113rojot zem\u0101k aprakst\u012btos ierobe\u017eojumus. \u201cDefekti\u201d ir defin\u0113ti k\u0101 nepiln\u012bbas, kas trauc\u0113 produkta lieto\u0161anu.<\/p>\n\n\n\n<p>THE LIMITED LIFETIME WARRANTY COVERAGE IS EXTENDED ONLY TO THE ORIGINAL RETAIL PURCHASER AND TERMINATES IF THE ORIGINAL RETAIL PURCHASER OTHERWISE TRANSFERS OR SELLS THE PRODUCT. THIS WARRANTY IS VOID IF THE PRODUCT HAS BEEN DAMAGED BY IMPROPER SERVICE, NEGLIGENCE, ACCIDENT, UNREASONABLE USE, IMPROPER INSTALLATION, OR OTHER CAUSES NOT RESULTING FROM DEFECTS IN MATERIAL AND WORKMANSHIP. <\/p>\n\n\n\n<p>Subject to proper installation in accordance with the installation instructions; normal residential use for glass backboards; normal basketball related activities; and has been maintained in agreement with the instructions.<\/p>\n\n\n\n<p class=\"gb-headline gb-headline-1de06637 gb-headline-text\"><br><strong>GARANTIJAS PRIEK\u0160ROC\u012aBAS<\/strong><br>Proof of purchase by the original retail Consumer Purchaser is required for all warranty claims.<\/p>\n\n\n\n<p>Mega Sports UK Ltd reserves the right to examine physical evidence or photographs of the Product, or component parts, claimed to be defective, and to recover said Product, prior to authorising a warranty claim. If applicable, a \u201cReturn Merchandise Authorisation\u201d (RMA) number will be required prior to shipping damaged Product by original retail Consumer Purchaser with freight prepaid.<\/p>\n\n\n\n<p>In returning a Product or component part for repair or replacement under this warranty, the original Consumer Purchaser must prepay all shipping transportation, insurance and delivery costs, and the Product or component parts, must be delivered in either its original carton or a similar package affording an equal degree of protection.<\/p>\n\n\n\n<p>Mega Sports UK Ltd will not be responsible for any loss or damage incurred in connection with the return of this Product or component parts.<\/p>\n\n\n\n<p>Ierobe\u017eot\u0101 m\u016b\u017ea garantija neattiecas uz \u0161\u0101diem gad\u012bjumiem:<\/p>\n\n\n\n<p>\u0160\u012b garantija neattiecas uz produktiem, kas ir biju\u0161i pak\u013cauti nepareizai lieto\u0161anai, \u013caunpr\u0101t\u012bgai izmanto\u0161anai, neparastai lieto\u0161anai, nolaid\u012bbai, p\u0101rveido\u0161anai, negad\u012bjumam, nepareizai uzst\u0101d\u012b\u0161anai, vand\u0101lismam vai ugunsgr\u0113kam.<\/p>\n\n\n\n<p>Kr\u0101sa, sar\u016bs\u0113ju\u0161as deta\u013cas, virsmas skr\u0101p\u0113jumi, izbal\u0113\u0161ana, kr\u0101sas izmai\u0146as vai plaisas, kas neietekm\u0113 Produkta funkcionalit\u0101ti.<\/p>\n\n\n\n<p>Bojajumi vai nolietojums, kas radu\u0161ies laika gait\u0101 vai norm\u0101las lieto\u0161anas rezult\u0101t\u0101.<\/p>\n\n\n\n<p>Zaud\u0113jumi, kas radu\u0161ies \u201cdieva sp\u0113ka\u201d d\u0113\u013c, ietver, bet neaprobe\u017eojas ar t\u0101diem notikumiem k\u0101 pl\u016bdi, tornado, krusa, zibens, smil\u0161u v\u0113tras, v\u0113tra vai zemestr\u012bces.<\/p>\n\n\n\n<p>Zaud\u0113jumi, kas radu\u0161ies \u201cvides faktoru\u201d ietekm\u0113, ietver, bet neaprobe\u017eojas ar t\u0101diem faktoriem k\u0101 gais\u0101 eso\u0161ie nokri\u0161\u0146i, \u0137imik\u0101lijas, oke\u0101na \u016bdens izsmidzin\u0101jums vai v\u0113ja p\u0101rnests smilts.<\/p>\n\n\n\n<p>Pieg\u0101des izmaksas abos virzienos garantijas vai nomain\u012btiem priek\u0161metiem ir j\u0101sedz iepriek\u0161, un t\u0101s j\u0101sedz s\u0101kotn\u0113jam mazumtirdzniec\u012bbas pirc\u0113jam.<\/p>\n\n\n\n<p>D\u012blera pakalpojumu maksa, darbasp\u0113ka izmaksas vai ce\u013ca izdevumi. Visas darbasp\u0113ka izmaksas, ce\u013ca izdevumi un citas izmaksas, kas saist\u012btas ar Produkta uzst\u0101d\u012b\u0161anu, p\u0101rbaudi, apkopi vai nomai\u0146u, vai deta\u013cu nomai\u0146u, ir s\u0101kotn\u0113j\u0101 mazumtirdzniec\u012bbas pat\u0113r\u0113t\u0101ja pirc\u0113ja atbild\u012bba.<\/p>\n\n\n\n<p>\u0160IS GARANTIJAS PAZI\u0145OJUMS IR IZTEIKTS AIZST\u0100JOT VISAS CITAS GARANTIJAS, IZTEIKTAS VAI IMPLIC\u012aTAS, TOSTARP, BET NEAPROBE\u017dOTIES AR IMPLIC\u012aTU GARANTIJU PAR PIEG\u0100D\u0100T\u0100S PRECES TIRDZNIEC\u012aBAS V\u0112RT\u012aBU VAI PIEG\u0100D\u0100T\u0100S PRECES PIEM\u0112ROT\u012aBU KONKR\u0112TAM M\u0112R\u0136IM, K\u0100 AR\u012a VISAS CITAS MEGA SPORTS UK LTD PIEN\u0100KUMU SAIST\u012aBAS, TOM\u0112R JA IMPLIC\u012aTO GARANTIJU ATSAUK\u0160ANA IR SP\u0112K\u0100 S\u012aK\u0100K PIEM\u0112ROJAM\u0100S TIES\u012aB\u0100S, IMPLIC\u012aTO GARANTIJU TERMI\u0145\u0160, KAS IZRIET NO TIES\u012aB\u0100M, IR IEROBE\u017dOTS L\u012aDZ VIENAM (1) GADAM NO PIRKUMA DATUMA VAI TIKAI ILG\u0100KAM PERIODAM, K\u0100 TO PRASA PIEM\u0112ROJAM\u0100S TIES\u012aBAS.<\/p>\n\n\n\n<p>MEGA SPORTS UK LTD HEREBY DISCLAIMS ANY AND ALL LIABILITY FOR CONSEQUENTIAL AND INCIDENTAL DAMAGES ARISING OUT OF OR IN CONNECTION WITH ANY BREACH OF THIS WARRANTY OR ANY OTHER CLAIM WITH RESPECT TO THIS PRODUCT, INCLUDING BUT NOT LIMITED TO, CLAIMS OF NEGLIGENCE, STRICT LIABILITY IN TORT OR BREACH OF CONTRACT.<\/p>\n\n\n\n<p>SOME STATES DO NOT ALLOW (A) LIMITATIONS ON HOW LONG AN IMPLIED WARRANTY LASTS OR (B) THE EXCLUSION OR LIMITATION OF INCIDENTAL OR CONSEQUENTIAL DAMAGES, SO THE ABOVE LIMITATIONS OR EXCLUSIONS MAY NOT APPLY TO YOU. THIS WARRANTY GIVES YOU SPECIFIC LEGAL RIGHTS AND YOU MAY HAVE OTHER RIGHTS WHICH VARY FROM STATE TO STATE.<\/p>\n\n\n\n<p>FOR THE ORIGINAL RETAIL PURCHASER TO SUBMIT A WARRANTY CLAIM, CALL OR WRITE MEGA SLAM HOOPS UK.<\/p>\n\n\n\n<p>TELEFONS<br>020 3920 7400<br><br>E-PASTS<br>support@megaslamhoops.uk<br>PASTA ADRESE<br><br>Mega Slam Lielbrit\u0101nija<br>The Hollies, Station Road, \u010cilboltona<br>Stokbrid\u017ea, Hemp\u0161\u012bra<br>Apvienot\u0101 Karaliste, SO20 6AL<\/p>\n<\/div>\n<\/div>","protected":false},"excerpt":{"rendered":"<p> &#8230; <a title=\"M\u016b\u017ea garantija\" class=\"read-more\" href=\"https:\/\/oncourt.online\/lv\/basketball-hoops\/lifetime-warranty\/\" aria-label=\"Read more about Lifetime Warranty\">Las\u012bt vair\u0101k<\/a><\/p>","protected":false},"author":2,"featured_media":362,"parent":34,"menu_order":0,"comment_status":"closed","ping_status":"closed","template":"","meta":{"_acf_changed":false,"inline_featured_image":false,"footnotes":""},"class_list":{"0":"post-428","1":"page","2":"type-page","3":"status-publish","4":"has-post-thumbnail","6":"infinite-scroll-item","7":"no-featured-image-padding","8":"resize-featured-image"},"acf":[],"yoast_head":"<!-- This site is optimized with the Yoast SEO Premium plugin v26.8 (Yoast SEO v27.3) - https:\/\/yoast.com\/product\/yoast-seo-premium-wordpress\/ -->\n<title>Lifetime Warranty - OnCourt Online<\/title>\n<meta name=\"description\" content=\"Mega Slam Hoops and OnCourt are committed to providing the best residential basketball systems that your money can buy.\" \/>\n<meta name=\"robots\" content=\"index, follow, max-snippet:-1, max-image-preview:large, max-video-preview:-1\" \/>\n<link rel=\"canonical\" href=\"https:\/\/oncourt.online\/lv\/basketbola-grozi\/muza-garantija\/\" \/>\n<meta property=\"og:locale\" content=\"lv_LV\" \/>\n<meta property=\"og:type\" content=\"article\" \/>\n<meta property=\"og:title\" content=\"Lifetime Warranty\" \/>\n<meta property=\"og:description\" content=\"Mega Slam Hoops and OnCourt are committed to providing the best residential basketball systems that your money can buy.\" \/>\n<meta property=\"og:url\" content=\"https:\/\/oncourt.online\/lv\/basketbola-grozi\/muza-garantija\/\" \/>\n<meta property=\"og:site_name\" content=\"OnCourt Online\" \/>\n<meta property=\"article:publisher\" content=\"https:\/\/www.facebook.com\/oncourt.online\/\" \/>\n<meta property=\"article:modified_time\" content=\"2026-01-03T03:34:58+00:00\" \/>\n<meta property=\"og:image\" content=\"https:\/\/oncourt.online\/wp-content\/uploads\/2021\/10\/Mega-Slam-Hoops-Lifetime-Warranty.png\" \/>\n\t<meta property=\"og:image:width\" content=\"300\" \/>\n\t<meta property=\"og:image:height\" content=\"300\" \/>\n\t<meta property=\"og:image:type\" content=\"image\/png\" \/>\n<meta name=\"twitter:card\" content=\"summary_large_image\" \/>\n<meta name=\"twitter:label1\" content=\"Est. reading time\" \/>\n\t<meta name=\"twitter:data1\" content=\"4 min\u016btes\" \/>\n<!-- \/ Yoast SEO Premium plugin. -->","yoast_head_json":{"title":"M\u016b\u017ea garantija - OnCourt Online","description":"Mega Slam Hoops un OnCourt ir ap\u0146\u0113mu\u0161ies pied\u0101v\u0101t lab\u0101k\u0101s m\u0101jas basketbola sist\u0113mas, ko var nopirkt par savu naudu.","robots":{"index":"index","follow":"follow","max-snippet":"max-snippet:-1","max-image-preview":"max-image-preview:large","max-video-preview":"max-video-preview:-1"},"canonical":"https:\/\/oncourt.online\/lv\/basketbola-grozi\/muza-garantija\/","og_locale":"lv_LV","og_type":"article","og_title":"Lifetime Warranty","og_description":"Mega Slam Hoops and OnCourt are committed to providing the best residential basketball systems that your money can buy.","og_url":"https:\/\/oncourt.online\/lv\/basketbola-grozi\/muza-garantija\/","og_site_name":"OnCourt Online","article_publisher":"https:\/\/www.facebook.com\/oncourt.online\/","article_modified_time":"2026-01-03T03:34:58+00:00","og_image":[{"width":300,"height":300,"url":"https:\/\/oncourt.online\/wp-content\/uploads\/2021\/10\/Mega-Slam-Hoops-Lifetime-Warranty.png","type":"image\/png"}],"twitter_card":"summary_large_image","twitter_misc":{"Est. reading time":"4 min\u016btes"},"schema":{"@context":"https:\/\/schema.org","@graph":[{"@type":"WebPage","@id":"https:\/\/oncourt.online\/lv\/basketball-hoops\/lifetime-warranty\/","url":"https:\/\/oncourt.online\/lv\/basketball-hoops\/lifetime-warranty\/","name":"M\u016b\u017ea garantija - OnCourt Online","isPartOf":{"@id":"https:\/\/oncourt.online\/lv\/#website"},"primaryImageOfPage":{"@id":"https:\/\/oncourt.online\/lv\/basketball-hoops\/lifetime-warranty\/#primaryimage"},"image":{"@id":"https:\/\/oncourt.online\/lv\/basketball-hoops\/lifetime-warranty\/#primaryimage"},"thumbnailUrl":"https:\/\/oncourt.online\/wp-content\/uploads\/2021\/10\/Mega-Slam-Hoops-Lifetime-Warranty.png","datePublished":"2021-10-22T11:43:33+00:00","dateModified":"2026-01-03T03:34:58+00:00","description":"Mega Slam Hoops un OnCourt ir ap\u0146\u0113mu\u0161ies pied\u0101v\u0101t lab\u0101k\u0101s m\u0101jas basketbola sist\u0113mas, ko var nopirkt par savu naudu.","breadcrumb":{"@id":"https:\/\/oncourt.online\/lv\/basketball-hoops\/lifetime-warranty\/#breadcrumb"},"inLanguage":"lv-LV","potentialAction":[{"@type":"ReadAction","target":["https:\/\/oncourt.online\/lv\/basketball-hoops\/lifetime-warranty\/"]}]},{"@type":"ImageObject","inLanguage":"lv-LV","@id":"https:\/\/oncourt.online\/lv\/basketball-hoops\/lifetime-warranty\/#primaryimage","url":"https:\/\/oncourt.online\/wp-content\/uploads\/2021\/10\/Mega-Slam-Hoops-Lifetime-Warranty.png","contentUrl":"https:\/\/oncourt.online\/wp-content\/uploads\/2021\/10\/Mega-Slam-Hoops-Lifetime-Warranty.png","width":300,"height":300,"caption":"Mega Slam Hoops - Lifetime Warranty"},{"@type":"BreadcrumbList","@id":"https:\/\/oncourt.online\/lv\/basketball-hoops\/lifetime-warranty\/#breadcrumb","itemListElement":[{"@type":"ListItem","position":1,"name":"Home","item":"https:\/\/oncourt.online\/"},{"@type":"ListItem","position":2,"name":"Basketball Hoops","item":"https:\/\/oncourt.online\/lv\/basketball-hoops\/"},{"@type":"ListItem","position":3,"name":"Lifetime Warranty"}]},{"@type":"WebSite","@id":"https:\/\/oncourt.online\/lv\/#website","url":"https:\/\/oncourt.online\/lv\/","name":"OnCourt Online","description":"Augstas veiktsp\u0113jas basketbola laukumi","publisher":{"@id":"https:\/\/oncourt.online\/lv\/#organization"},"potentialAction":[{"@type":"SearchAction","target":{"@type":"EntryPoint","urlTemplate":"https:\/\/oncourt.online\/lv\/?s={search_term_string}"},"query-input":{"@type":"PropertyValueSpecification","valueRequired":true,"valueName":"search_term_string"}}],"inLanguage":"lv-LV"},{"@type":"Organization","@id":"https:\/\/oncourt.online\/lv\/#organization","name":"OnCourt Online","url":"https:\/\/oncourt.online\/lv\/","logo":{"@type":"ImageObject","inLanguage":"lv-LV","@id":"https:\/\/oncourt.online\/lv\/#\/schema\/logo\/image\/","url":"https:\/\/oncourt.online\/wp-content\/uploads\/2021\/12\/Logo_OnCourt_Black.svg","contentUrl":"https:\/\/oncourt.online\/wp-content\/uploads\/2021\/12\/Logo_OnCourt_Black.svg","width":"1024","height":"1024","caption":"OnCourt Online"},"image":{"@id":"https:\/\/oncourt.online\/lv\/#\/schema\/logo\/image\/"},"sameAs":["https:\/\/www.facebook.com\/oncourt.online\/"],"email":"info@oncourt.online"}]}},"_links":{"self":[{"href":"https:\/\/oncourt.online\/lv\/wp-json\/wp\/v2\/pages\/428","targetHints":{"allow":["GET"]}}],"collection":[{"href":"https:\/\/oncourt.online\/lv\/wp-json\/wp\/v2\/pages"}],"about":[{"href":"https:\/\/oncourt.online\/lv\/wp-json\/wp\/v2\/types\/page"}],"author":[{"embeddable":true,"href":"https:\/\/oncourt.online\/lv\/wp-json\/wp\/v2\/users\/2"}],"replies":[{"embeddable":true,"href":"https:\/\/oncourt.online\/lv\/wp-json\/wp\/v2\/comments?post=428"}],"version-history":[{"count":0,"href":"https:\/\/oncourt.online\/lv\/wp-json\/wp\/v2\/pages\/428\/revisions"}],"up":[{"embeddable":true,"href":"https:\/\/oncourt.online\/lv\/wp-json\/wp\/v2\/pages\/34"}],"wp:featuredmedia":[{"embeddable":true,"href":"https:\/\/oncourt.online\/lv\/wp-json\/wp\/v2\/media\/362"}],"wp:attachment":[{"href":"https:\/\/oncourt.online\/lv\/wp-json\/wp\/v2\/media?parent=428"}],"curies":[{"name":"wp","href":"https:\/\/api.w.org\/{rel}","templated":true}]}}