{"id":3706,"date":"2022-03-08T09:13:55","date_gmt":"2022-03-08T09:13:55","guid":{"rendered":"https:\/\/oncourt.online\/?page_id=3706"},"modified":"2026-01-13T08:00:41","modified_gmt":"2026-01-13T08:00:41","slug":"join-oncourt","status":"publish","type":"page","link":"https:\/\/oncourt.online\/lv\/join-oncourt\/","title":{"rendered":"Str\u0101d\u0101jiet ar OnCourt"},"content":{"rendered":"<div class=\"gb-container gb-container-c9c919f1\"><div class=\"gb-inside-container\">\n<div class=\"gb-container gb-container-cefabf47\"><div class=\"gb-inside-container\">\n\n<h2 class=\"gb-headline gb-headline-d23b44e5 gb-headline-text\">Sadarbojieties ar basketbola laukumu speci\u0101listu<\/h2>\n\n\n\n<p class=\"gb-headline gb-headline-b071501e gb-headline-text\">OnCourt sadarbojas ar profesion\u0101\u013ciem vis\u0101 Eirop\u0101, kas projekt\u0113, b\u016bv\u0113 un specifik\u0113 \u0101ra sporta telpas. M\u016bsu partneru programma ir paredz\u0113ta uz\u0146\u0113mumiem, kuri v\u0113las pied\u0101v\u0101t saviem klientiem augstas veiktsp\u0113jas basketbola laukumus, ko atbalsta specializ\u0113ti produkti, prec\u012bzi pl\u0101no\u0161anas r\u012bki un ekspertu atbalsts.<\/p>\n\n\n\n<p class=\"gb-text gb-text-6b40232a\">M\u0113s nedarbojamies k\u0101 visp\u0101r\u0113js sporta apr\u012bkojuma pieg\u0101d\u0101t\u0101js. Basketbols ir m\u016bsu fokuss, un m\u0113s sadarbojamies ar partneriem, kuri nov\u0113rt\u0113 kvalitat\u012bvu pieeju.<\/p>\n\n\n\n<h3 class=\"gb-text gb-text-a0baa6e3\">Ar ko m\u0113s sadarbojamies<\/h3>\n\n\n\n<p>M\u0113s sadarbojamies ar uz\u0146\u0113mumiem, kas darbojas \u0101ra b\u016bvniec\u012bb\u0101, dizain\u0101 un segumos, tostarp:<\/p>\n\n\n\n<ul class=\"wp-block-list\">\n<li>Visp\u0101r\u0113jie b\u016bvnieki un darbuz\u0146\u0113m\u0113ji<\/li>\n\n\n\n<li>Ainavu un d\u0101rzu dizaineri<\/li>\n\n\n\n<li>Zemes darbu un civilo b\u016bvju darbuz\u0146\u0113m\u0113ji<\/li>\n\n\n\n<li>Sporta laukumu b\u016bv\u0113t\u0101ji un segumu atjauno\u0161anas speci\u0101listi<\/li>\n\n\n\n<li>Arhitekti un specifik\u0101ciju izstr\u0101d\u0101t\u0101ji<\/li>\n\n\n\n<li>Dizain\u0101 balst\u012bti \u0101rtelpu speci\u0101listi<\/li>\n<\/ul>\n\n\n\n<p class=\"gb-text gb-text-b726bb2a\">Ja j\u016bsu darbs ietver \u0101rtelpu pl\u0101no\u0161anu vai b\u016bvniec\u012bbu un v\u0113laties savam pied\u0101v\u0101jumam pievienot basketbola laukumus, m\u0113s priec\u0101simies par j\u016bsu zi\u0146u.<\/p>\n\n\n\n<div class=\"gb-element-bbf74639\">\n<div>\n<img loading=\"lazy\" decoding=\"async\" width=\"660\" height=\"400\" class=\"img_12px_radius gb-media-76f4f695\" alt=\"\" title=\"OnCourt Modular Basketball Court Surface Installation\" src=\"https:\/\/oncourt.online\/wp-content\/uploads\/2022\/05\/OnCourt-Modular-Basketball-Court-Surface-Installation.jpg\" srcset=\"https:\/\/oncourt.online\/wp-content\/uploads\/2022\/05\/OnCourt-Modular-Basketball-Court-Surface-Installation.jpg 660w, https:\/\/oncourt.online\/wp-content\/uploads\/2022\/05\/OnCourt-Modular-Basketball-Court-Surface-Installation-300x182.jpg 300w, https:\/\/oncourt.online\/wp-content\/uploads\/2022\/05\/OnCourt-Modular-Basketball-Court-Surface-Installation-18x12.jpg 18w, https:\/\/oncourt.online\/wp-content\/uploads\/2022\/05\/OnCourt-Modular-Basketball-Court-Surface-Installation-545x330.jpg 545w\" sizes=\"auto, (max-width: 660px) 100vw, 660px\" \/>\n<\/div>\n\n\n\n<div>\n<h2 class=\"gb-text\">Ko var sagaid\u012bt OnCourt partneri<\/h2>\n\n\n\n<p class=\"gb-text last_text\">Piek\u013cuvi profesion\u0101liem laukumu projekt\u0113\u0161anas r\u012bkiem, izdev\u012bg\u0101m cen\u0101m un specializ\u0113tam atbalstam, lai ar p\u0101rliec\u012bbu pl\u0101notu, specifik\u0113tu un \u012bstenotu augstas veiktsp\u0113jas basketbola laukumus.<\/p>\n<\/div>\n<\/div>\n\n\n\n<h4 class=\"gb-text\">Profesion\u0101li dizaina r\u012bki<\/h4>\n\n\n\n<p class=\"gb-text\">Izmantojiet OnCourt 3D basketbola laukumu dizaina platformu, lai pl\u0101notu izk\u0101rtojumus, izp\u0113t\u012btu kr\u0101su sh\u0113mas, specifik\u0113tu segumus un grozus, k\u0101 ar\u012b sagatavotu prec\u012bzas vizualiz\u0101cijas un cenas klientu pied\u0101v\u0101jumiem.<\/p>\n\n\n\n<h4 class=\"gb-text\">Izdev\u012bgas partneru cenas<\/h4>\n\n\n\n<p class=\"gb-text\">Autoriz\u0113tie partneri ieg\u016bst piek\u013cuvi partneru cen\u0101m modul\u0101rajiem basketbola segumiem un Mega Slam groziem, \u013caujot pied\u0101v\u0101t augst\u0101k\u0101s klases risin\u0101jumus ar vesel\u012bg\u0101m pe\u013c\u0146as norm\u0101m.<\/p>\n\n\n\n<h4 class=\"gb-text\">Specializ\u0113ts tehniskais atbalsts<\/h4>\n\n\n\n<p class=\"gb-text\">Ieg\u016bstiet tie\u0161u piek\u013cuvi nor\u0101d\u012bjumiem par laukumu izk\u0101rtojumu, segumu izv\u0113li, uzst\u0101d\u012b\u0161anas pras\u012bb\u0101m un produktu savieto\u0161anu, samazinot nenoteikt\u012bbu un izvairoties no d\u0101rg\u0101m k\u013c\u016bd\u0101m objekt\u0101.<\/p>\n\n\n\n<h4 class=\"gb-text\">Skaidras specifik\u0101cijas un resursi<\/h4>\n\n\n\n<p class=\"gb-text gb-text-46b97fff\">Izmantojiet m\u016bsu ce\u013cve\u017eus un pl\u0101no\u0161anas resursus, lai izvair\u012btos no min\u0113jumiem, samazin\u0101tu k\u013c\u016bdas un pied\u0101v\u0101tu klientiem skaidrus un p\u0101rliecino\u0161us priek\u0161likumus.<\/p>\n\n\n\n<div class=\"gb-element-d984cac5\">\n<div>\n<img loading=\"lazy\" decoding=\"async\" width=\"1200\" height=\"960\" class=\"img_12px_radius gb-media-1c57b1fb\" alt=\"\" title=\"Vid\u0113ja izm\u0113ra dz\u012bvojamo m\u0101ju basketbola laukuma dizains\" src=\"https:\/\/oncourt.online\/wp-content\/uploads\/2025\/12\/Medium-Sized-Residential-Basketball-Court-Design.webp\"\/>\n<\/div>\n\n\n\n<div>\n<h3 class=\"gb-text\">Izstr\u0101d\u0101ts re\u0101liem projektiem<\/h3>\n\n\n\n<p>OnCourt partneru programma ir piem\u0113rota profesion\u0101\u013ciem, kuri \u012bsteno \u0161\u0101dus projektus:<\/p>\n\n\n\n<ul class=\"wp-block-list\">\n<li>Dz\u012bvojamo m\u0101ju basketbola laukumi<\/li>\n\n\n\n<li>Klubu un treni\u0146u centru objekti<\/li>\n\n\n\n<li>Skolu un izgl\u012bt\u012bbas iest\u0101\u017eu laukumi<\/li>\n\n\n\n<li>Komerci\u0101li vai daudzfunkcion\u0101li \u0101ra laukumi<\/li>\n<\/ul>\n\n\n\n<p class=\"gb-text last_text\">M\u0113s atbalst\u0101m partnerus, kuri lepojas ar kvalitat\u012bvu izpildi un ilgtermi\u0146a veiktsp\u0113ju.<\/p>\n<\/div>\n<\/div>\n\n\n\n<div class=\"gb-element-f79012eb\">\n<h3 class=\"gb-text gb-text-5da21831\">Piesakieties, lai k\u013c\u016btu par OnCourt partneri<\/h3>\n\n\n\n<p class=\"gb-text not_last_text\">Ja j\u016bs interes\u0113 sadarb\u012bba ar OnCourt, l\u016bdzu, aizpildiet zem\u0101k eso\u0161o pieteikuma veidlapu. <\/p>\n\n\n\n<p class=\"gb-text gb-text-209ee9ae\">M\u0113s izskat\u0101m visus pieteikumus un sazin\u0101simies ar jums, lai p\u0101rrun\u0101tu, vai programma ir piem\u0113rota j\u016bsu uz\u0146\u0113mumam.<\/p>\n<\/div>\n\n\n<div class=\"gb-container gb-container-8ddfb2cf\">\n\n\n\n\n\n\n\n\n\n\n\n\n\n\n<div class=\"gb-container gb-container-6501c078\">\n\n<div class=\"pipedriveWebForms\" data-pd-webforms=\"https:\/\/webforms.pipedrive.com\/f\/6y05h96osYLGhfbpGucm1TLvHybMKnHAeL7GQBpNpgFDPLkUaVacaDlhahgwXAV7lF\"><script src=\"https:\/\/webforms.pipedrive.com\/f\/loader\"><\/script><\/div>\n\n<\/div>\n\n\n\n\n\n\n\n\n\n\n\n\n<\/div>\n<\/div><\/div>\n<\/div><\/div>","protected":false},"excerpt":{"rendered":"<p> &#8230; <a title=\"Str\u0101d\u0101jiet ar OnCourt\" class=\"read-more\" href=\"https:\/\/oncourt.online\/lv\/join-oncourt\/\" aria-label=\"Read more about Work With OnCourt\">Las\u012bt vair\u0101k<\/a><\/p>","protected":false},"author":2,"featured_media":7048,"parent":0,"menu_order":13,"comment_status":"closed","ping_status":"closed","template":"","meta":{"_acf_changed":false,"inline_featured_image":false,"footnotes":""},"class_list":{"0":"post-3706","1":"page","2":"type-page","3":"status-publish","4":"has-post-thumbnail","6":"infinite-scroll-item","7":"no-featured-image-padding","8":"resize-featured-image"},"acf":[],"yoast_head":"<!-- This site is optimized with the Yoast SEO Premium plugin v26.8 (Yoast SEO v27.3) - https:\/\/yoast.com\/product\/yoast-seo-premium-wordpress\/ -->\n<title>OnCourt Partners | Trade Pricing &amp; Basketball Court Design Tools<\/title>\n<meta name=\"description\" content=\"Partner with OnCourt. Work with a specialist basketball court supplier. Design tools, trade pricing, and support for residential &amp; commercial projects.\" \/>\n<meta name=\"robots\" content=\"index, follow, max-snippet:-1, max-image-preview:large, max-video-preview:-1\" \/>\n<link rel=\"canonical\" href=\"https:\/\/oncourt.online\/lv\/join-oncourt\/\" \/>\n<meta property=\"og:locale\" content=\"lv_LV\" \/>\n<meta property=\"og:type\" content=\"article\" \/>\n<meta property=\"og:title\" content=\"Work With OnCourt\" \/>\n<meta property=\"og:description\" content=\"Partner with OnCourt. Work with a specialist basketball court supplier. Design tools, trade pricing, and support for residential &amp; commercial projects.\" \/>\n<meta property=\"og:url\" content=\"https:\/\/oncourt.online\/lv\/join-oncourt\/\" \/>\n<meta property=\"og:site_name\" content=\"OnCourt Online\" \/>\n<meta property=\"article:publisher\" content=\"https:\/\/www.facebook.com\/oncourt.online\/\" \/>\n<meta property=\"article:modified_time\" content=\"2026-01-13T08:00:41+00:00\" \/>\n<meta property=\"og:image\" content=\"https:\/\/oncourt.online\/wp-content\/uploads\/2022\/05\/OnCourt-Modular-Basketball-Court-Surface-Installation.jpg\" \/>\n\t<meta property=\"og:image:width\" content=\"660\" \/>\n\t<meta property=\"og:image:height\" content=\"400\" \/>\n\t<meta property=\"og:image:type\" content=\"image\/jpeg\" \/>\n<meta name=\"twitter:card\" content=\"summary_large_image\" \/>\n<meta name=\"twitter:label1\" content=\"Est. reading time\" \/>\n\t<meta name=\"twitter:data1\" content=\"3 min\u016btes\" \/>\n<!-- \/ Yoast SEO Premium plugin. -->","yoast_head_json":{"title":"OnCourt Partneri | Tirdzniec\u012bbas Cenas un Basketbola Laukumu Dizaina R\u012bki","description":"K\u013c\u016bstiet par OnCourt partneri. Sadarbojieties ar basketbola laukumu speci\u0101listu. Dizaina r\u012bki, tirdzniec\u012bbas cenas un atbalsts dz\u012bvojamiem un komerci\u0101liem projektiem.","robots":{"index":"index","follow":"follow","max-snippet":"max-snippet:-1","max-image-preview":"max-image-preview:large","max-video-preview":"max-video-preview:-1"},"canonical":"https:\/\/oncourt.online\/lv\/join-oncourt\/","og_locale":"lv_LV","og_type":"article","og_title":"Work With OnCourt","og_description":"Partner with OnCourt. Work with a specialist basketball court supplier. Design tools, trade pricing, and support for residential & commercial projects.","og_url":"https:\/\/oncourt.online\/lv\/join-oncourt\/","og_site_name":"OnCourt Online","article_publisher":"https:\/\/www.facebook.com\/oncourt.online\/","article_modified_time":"2026-01-13T08:00:41+00:00","og_image":[{"width":660,"height":400,"url":"https:\/\/oncourt.online\/wp-content\/uploads\/2022\/05\/OnCourt-Modular-Basketball-Court-Surface-Installation.jpg","type":"image\/jpeg"}],"twitter_card":"summary_large_image","twitter_misc":{"Est. reading time":"3 min\u016btes"},"schema":{"@context":"https:\/\/schema.org","@graph":[{"@type":"WebPage","@id":"https:\/\/oncourt.online\/lv\/join-oncourt\/","url":"https:\/\/oncourt.online\/lv\/join-oncourt\/","name":"OnCourt Partneri | Tirdzniec\u012bbas Cenas un Basketbola Laukumu Dizaina R\u012bki","isPartOf":{"@id":"https:\/\/oncourt.online\/lv\/#website"},"primaryImageOfPage":{"@id":"https:\/\/oncourt.online\/lv\/join-oncourt\/#primaryimage"},"image":{"@id":"https:\/\/oncourt.online\/lv\/join-oncourt\/#primaryimage"},"thumbnailUrl":"https:\/\/oncourt.online\/wp-content\/uploads\/2022\/05\/OnCourt-Modular-Basketball-Court-Surface-Installation.jpg","datePublished":"2022-03-08T09:13:55+00:00","dateModified":"2026-01-13T08:00:41+00:00","description":"K\u013c\u016bstiet par OnCourt partneri. Sadarbojieties ar basketbola laukumu speci\u0101listu. Dizaina r\u012bki, tirdzniec\u012bbas cenas un atbalsts dz\u012bvojamiem un komerci\u0101liem projektiem.","breadcrumb":{"@id":"https:\/\/oncourt.online\/lv\/join-oncourt\/#breadcrumb"},"inLanguage":"lv-LV","potentialAction":[{"@type":"ReadAction","target":["https:\/\/oncourt.online\/lv\/join-oncourt\/"]}]},{"@type":"ImageObject","inLanguage":"lv-LV","@id":"https:\/\/oncourt.online\/lv\/join-oncourt\/#primaryimage","url":"https:\/\/oncourt.online\/wp-content\/uploads\/2022\/05\/OnCourt-Modular-Basketball-Court-Surface-Installation.jpg","contentUrl":"https:\/\/oncourt.online\/wp-content\/uploads\/2022\/05\/OnCourt-Modular-Basketball-Court-Surface-Installation.jpg","width":660,"height":400},{"@type":"BreadcrumbList","@id":"https:\/\/oncourt.online\/lv\/join-oncourt\/#breadcrumb","itemListElement":[{"@type":"ListItem","position":1,"name":"Home","item":"https:\/\/oncourt.online\/"},{"@type":"ListItem","position":2,"name":"Work With OnCourt"}]},{"@type":"WebSite","@id":"https:\/\/oncourt.online\/lv\/#website","url":"https:\/\/oncourt.online\/lv\/","name":"OnCourt Online","description":"Augstas veiktsp\u0113jas basketbola laukumi","publisher":{"@id":"https:\/\/oncourt.online\/lv\/#organization"},"potentialAction":[{"@type":"SearchAction","target":{"@type":"EntryPoint","urlTemplate":"https:\/\/oncourt.online\/lv\/?s={search_term_string}"},"query-input":{"@type":"PropertyValueSpecification","valueRequired":true,"valueName":"search_term_string"}}],"inLanguage":"lv-LV"},{"@type":"Organization","@id":"https:\/\/oncourt.online\/lv\/#organization","name":"OnCourt Online","url":"https:\/\/oncourt.online\/lv\/","logo":{"@type":"ImageObject","inLanguage":"lv-LV","@id":"https:\/\/oncourt.online\/lv\/#\/schema\/logo\/image\/","url":"https:\/\/oncourt.online\/wp-content\/uploads\/2021\/12\/Logo_OnCourt_Black.svg","contentUrl":"https:\/\/oncourt.online\/wp-content\/uploads\/2021\/12\/Logo_OnCourt_Black.svg","width":"1024","height":"1024","caption":"OnCourt Online"},"image":{"@id":"https:\/\/oncourt.online\/lv\/#\/schema\/logo\/image\/"},"sameAs":["https:\/\/www.facebook.com\/oncourt.online\/"],"email":"info@oncourt.online"}]}},"_links":{"self":[{"href":"https:\/\/oncourt.online\/lv\/wp-json\/wp\/v2\/pages\/3706","targetHints":{"allow":["GET"]}}],"collection":[{"href":"https:\/\/oncourt.online\/lv\/wp-json\/wp\/v2\/pages"}],"about":[{"href":"https:\/\/oncourt.online\/lv\/wp-json\/wp\/v2\/types\/page"}],"author":[{"embeddable":true,"href":"https:\/\/oncourt.online\/lv\/wp-json\/wp\/v2\/users\/2"}],"replies":[{"embeddable":true,"href":"https:\/\/oncourt.online\/lv\/wp-json\/wp\/v2\/comments?post=3706"}],"version-history":[{"count":1,"href":"https:\/\/oncourt.online\/lv\/wp-json\/wp\/v2\/pages\/3706\/revisions"}],"predecessor-version":[{"id":17261,"href":"https:\/\/oncourt.online\/lv\/wp-json\/wp\/v2\/pages\/3706\/revisions\/17261"}],"wp:featuredmedia":[{"embeddable":true,"href":"https:\/\/oncourt.online\/lv\/wp-json\/wp\/v2\/media\/7048"}],"wp:attachment":[{"href":"https:\/\/oncourt.online\/lv\/wp-json\/wp\/v2\/media?parent=3706"}],"curies":[{"name":"wp","href":"https:\/\/api.w.org\/{rel}","templated":true}]}}