{"id":10,"date":"2022-06-07T21:39:16","date_gmt":"2022-06-07T21:39:16","guid":{"rendered":"https:\/\/oncourt.online\/?page_id=10"},"modified":"2026-01-08T02:56:26","modified_gmt":"2026-01-08T02:56:26","slug":"refund-returns","status":"publish","type":"page","link":"https:\/\/oncourt.online\/lv\/refund-returns\/","title":{"rendered":"Atmaksas un atgrie\u0161anas politika"},"content":{"rendered":"<div class=\"gb-element-a4b81a66\"><div class=\"gb-container gb-container-16508648\"><div class=\"gb-inside-container\">\n\n<h1 class=\"gb-text\">Atmaksas un atgrie\u0161anas politika<\/h1>\n\n\n\n<p class=\"gb-headline gb-headline-a63af49e gb-headline-text\">M\u0113s ceram, ka visi OnCourt klienti ir apmierin\u0101ti ar savu pirkumu. Tom\u0113r reiz\u0113m var gad\u012bties, ka k\u0101da iemesla d\u0113\u013c neesat piln\u012bb\u0101 apmierin\u0101ts. \u0160\u0101d\u0101 gad\u012bjum\u0101 j\u016bs varat atgriezt ieg\u0101d\u0101t\u0101s preces, lai sa\u0146emtu pilnu naudas atmaksu, veikala kred\u012btu vai apmai\u0146u.<\/p>\n\n\n\n<h2 class=\"gb-headline gb-headline-04e28294 gb-headline-text\">P\u0101rskats<\/h2>\n\n\n\n<p class=\"gb-headline gb-headline-5b665cdd gb-headline-text\">M\u016bsu atgrie\u0161anas un atmaksas politika ir sp\u0113k\u0101 28 dienas. Jums ir j\u0101pazi\u0146o mums pa e-pastu par savu nodomu atgriezt preces 28 dienu laik\u0101 no to sa\u0146em\u0161anas br\u012b\u017ea. Ja kop\u0161 pirkuma ir pag\u0101ju\u0161as 28 dienas, m\u0113s nevaram pied\u0101v\u0101t pilnu atmaksu vai apmai\u0146u.<\/p>\n\n\n\n<p class=\"gb-headline gb-headline-69f3bcdd gb-headline-text\">Lai prece b\u016btu atgrie\u017eama, tai j\u0101b\u016bt neizmantotai un t\u0101d\u0101 pa\u0161\u0101 st\u0101vokl\u012b, k\u0101d\u0101 J\u016bs to sa\u0146\u0113m\u0101t. Tai j\u0101b\u016bt ar\u012b ori\u0123in\u0101laj\u0101 iepakojum\u0101.<\/p>\n\n\n\n<p class=\"gb-headline gb-headline-23bde10c gb-headline-text\">P\u0113c pas\u016bt\u012bjuma apdruk\u0101t\u0101s vai kr\u0101sot\u0101s kortu virsmas nevar tikt atgrieztas. <\/p>\n\n\n\n<p class=\"gb-headline gb-headline-1cc6618d gb-headline-text\">Lai pabeigtu atgrie\u0161anu, mums ir nepiecie\u0161ams pirkuma \u010deks vai pirkuma apliecin\u0101jums.<\/p>\n\n\n\n<p class=\"gb-headline gb-headline-cae31263 gb-headline-text\">L\u016bdzu, neats\u016btiet savu pirkumu atpaka\u013c ra\u017eot\u0101jam.<\/p>\n\n\n\n<p class=\"gb-headline gb-headline-a9909ab1 gb-headline-text\">Ir noteiktas situ\u0101cijas, kad tiek pie\u0161\u0137irti tikai da\u013c\u0113ji atl\u012bdzin\u0101jumi:<\/p>\n\n\n\n<ul class=\"wp-block-list\">\n<li>Produkti ar ac\u012bmredzam\u0101m lieto\u0161anas paz\u012bm\u0113m<\/li>\n\n\n\n<li>Jebkur\u0161 priek\u0161mets, kas nav ori\u0123in\u0101laj\u0101 st\u0101vokl\u012b, ir boj\u0101ts vai tam tr\u016bkst da\u013cas iemeslu d\u0113\u013c, kas nav saist\u012bti ar ra\u017eot\u0101ja vai uzst\u0101d\u012bt\u0101ja k\u013c\u016bdu.<\/li>\n\n\n\n<li>Jebkur\u0161 priek\u0161mets, kas tiek atgriezts vair\u0101k nek\u0101 28 dienas p\u0113c pieg\u0101des<\/li>\n<\/ul>\n\n\n\n<h3 class=\"gb-headline gb-headline-b1c33d39 gb-headline-text\">Atmaksa<\/h3>\n\n\n\n<p class=\"gb-headline gb-headline-db2e4daa gb-headline-text\">P\u0113c tam, kad b\u016bsim sa\u0146\u0113mu\u0161i un p\u0101rbaud\u012bju\u0161i J\u016bsu atgriezt\u0101s preces, m\u0113s Jums nos\u016bt\u012bsim e-pastu, lai pazi\u0146otu, ka esam sa\u0146\u0113mu\u0161i J\u016bsu atgriezt\u0101s preces. M\u0113s J\u016bs inform\u0113sim ar\u012b par to, vai J\u016bsu atgrie\u0161anas piepras\u012bjums ir apstiprin\u0101ts vai noraid\u012bts.<\/p>\n\n\n\n<p class=\"gb-headline gb-headline-211c62b8 gb-headline-text\">Ja piepras\u012bjums tiek apstiprin\u0101ts, j\u016bsu atmaksa tiks apstr\u0101d\u0101ta un kred\u012bts autom\u0101tiski tiks ieskait\u012bts j\u016bsu kred\u012btkart\u0113 vai s\u0101kotn\u0113j\u0101 maks\u0101juma veid\u0101 14 dienu laik\u0101.<\/p>\n\n\n\n<p class=\"gb-headline gb-headline-d56db316 gb-headline-text\"><b>Nov\u0113lota vai nepiln\u012bga atmaksa<\/b><\/p>\n\n\n\n<p class=\"gb-headline gb-headline-948f340b gb-headline-text\">Ja v\u0113l neesat sa\u0146\u0113mis atgrie\u0161anu, vispirms v\u0113lreiz p\u0101rbaudiet savu bankas kontu. Sazinieties ar savu kred\u012btkartes izdev\u0113ju, jo var paiet k\u0101ds laiks, l\u012bdz atgrie\u0161ana tiek ofici\u0101li re\u0123istr\u0113ta. P\u0113c tam sazinieties ar savu banku. Bie\u017ei vien ir nepiecie\u0161ams k\u0101ds apstr\u0101des laiks, l\u012bdz atgrie\u0161ana tiek re\u0123istr\u0113ta.<\/p>\n\n\n\n<p class=\"gb-text gb-text-3b0fbb5a\">Ja esat izdar\u012bjis visu iepriek\u0161 min\u0113to, bet joproj\u0101m neesat sa\u0146\u0113mis atgrie\u0161anu, l\u016bdzu, sazinieties ar mums, rakstot uz info@oncourt.online.<\/p>\n\n\n\n<h3 class=\"gb-headline gb-headline-b446ed2a gb-headline-text\">D\u0101vanas<\/h3>\n\n\n\n<p class=\"gb-headline gb-headline-9108d094 gb-headline-text\">Ja prece tika atz\u012bm\u0113ta k\u0101 d\u0101vana, kad t\u0101 tika ieg\u0101d\u0101ta un nos\u016bt\u012bta tie\u0161i jums, j\u016bs sa\u0146emsiet d\u0101vanu kred\u012btu par atgriezt\u0101s preces v\u0113rt\u012bbu. P\u0113c atgriezt\u0101s preces sa\u0146em\u0161anas jums pa pastu tiks nos\u016bt\u012bts d\u0101vanu sertifik\u0101ts.<\/p>\n\n\n\n<p class=\"gb-headline gb-headline-5d3cf727 gb-headline-text\">Ja prece pirkuma br\u012bd\u012b netika atz\u012bm\u0113ta k\u0101 d\u0101vana vai d\u0101vanas dev\u0113js pas\u016bt\u012bjumu nos\u016bt\u012bja sev, lai v\u0113l\u0101k to nodotu jums, m\u0113s nos\u016bt\u012bsim atl\u012bdz\u012bbu d\u0101vanas dev\u0113jam un inform\u0113sim vi\u0146u par preces atgrie\u0161anu.<\/p>\n\n\n\n<h3 class=\"gb-headline gb-headline-ae81b763 gb-headline-text\">Pieg\u0101de un atgrie\u0161ana<\/h3>\n\n\n\n<p class=\"gb-headline gb-headline-fdc80127 gb-headline-text\">Lai atgrieztu produktu, jums tas j\u0101nos\u016bta uz \u0161\u0101du adresi: <\/p>\n\n\n\n<p class=\"gb-headline gb-headline-7d98ac82 gb-headline-text translation-block\"><strong>ProduktI, kas ieg\u0101d\u0101ti Apvienotaj\u0101 Karalist\u0113 un \u012arij\u0101<\/strong>: Unit 11 Stonefield Park, Martins Lane, Chilbolton, Stockbridge SO20 6AL<\/p>\n\n\n\n<p class=\"gb-headline gb-headline-b68103aa gb-headline-text translation-block\"><strong>Kontinent\u0101laj\u0101 Eirop\u0101 ieg\u0101d\u0101tie produkti<\/strong>: OnCourt EU, Industriepark-West 43, 9100, Sint-Niklass, Belgium<\/p>\n\n\n\n<p class=\"gb-headline gb-headline-c4eac7e0 gb-headline-text\">Jums b\u016bs j\u0101sedz sava preces atgrie\u0161anas pieg\u0101des izmaksas. Pieg\u0101des izmaksas netiek atl\u012bdzin\u0101tas. Ja sa\u0146emat atl\u012bdz\u012bbu, atgrie\u0161anas pieg\u0101des izmaksas tiks atskait\u012btas no j\u016bsu atl\u012bdz\u012bbas.<\/p>\n\n\n\n<p>Atkar\u012bb\u0101 no j\u016bsu dz\u012bvesvietas, laiks, kas nepiecie\u0161ams, lai apmain\u012btais produkts sasniegtu j\u016bs, var at\u0161\u0137irties.<\/p>\n\n\n\n<p class=\"gb-text-874a6c8e\"><span class=\"gb-shape\"><svg xmlns=\"http:\/\/www.w3.org\/2000\/svg\" viewbox=\"0 0 256 256\" fill=\"currentColor\"><path d=\"M221.66,133.66l-72,72a8,8,0,0,1-11.32-11.32L196.69,136H40a8,8,0,0,1,0-16H196.69L138.34,61.66a8,8,0,0,1,11.32-11.32l72,72A8,8,0,0,1,221.66,133.66Z\"><\/path><\/svg><\/span><span class=\"gb-text\"><strong><em><a href=\"https:\/\/oncourt.online\/lv\/shipping-delivery\/\">OnCourt pieg\u0101des un nos\u016bt\u012b\u0161anas inform\u0101cija<\/a><\/em><\/strong><\/span><\/p>\n\n\n\n<h3 class=\"gb-headline gb-headline-df42cdb6 gb-headline-text\">Nepiecie\u0161ama pal\u012bdz\u012bba?<\/h3>\n\n\n\n<p class=\"translation-block\"><a href=\"https:\/\/oncourt.online\/lv\/sazinaties-ar\/\" target=\"_self\">Sazinieties ar mums<\/a> pa e-pastu info@oncourt.online\n, ja jums ir jaut\u0101jumi par atgrie\u0161anu un naudas atmaksu.<\/p>\n\n\n\n<p class=\"gb-text-41c0004e\"><span class=\"gb-shape\"><svg xmlns=\"http:\/\/www.w3.org\/2000\/svg\" viewbox=\"0 0 256 256\" fill=\"currentColor\"><path d=\"M221.66,133.66l-72,72a8,8,0,0,1-11.32-11.32L196.69,136H40a8,8,0,0,1,0-16H196.69L138.34,61.66a8,8,0,0,1,11.32-11.32l72,72A8,8,0,0,1,221.66,133.66Z\"><\/path><\/svg><\/span><span class=\"gb-text\">Vai jums ir jaut\u0101jumi? <strong><em><a href=\"https:\/\/oncourt.online\/lv\/basketball-court-faq\/\">Apmekl\u0113jiet OnCourt BUJ<\/a><\/em><\/strong><\/span><\/p>\n\n<\/div><\/div><\/div>","protected":false},"excerpt":{"rendered":"<p> &#8230; <a title=\"Atmaksas un atgrie\u0161anas politika\" class=\"read-more\" href=\"https:\/\/oncourt.online\/lv\/refund-returns\/\" aria-label=\"Read more about Refund and Returns Policy\">Las\u012bt vair\u0101k<\/a><\/p>","protected":false},"author":2,"featured_media":6877,"parent":0,"menu_order":25,"comment_status":"closed","ping_status":"closed","template":"","meta":{"_acf_changed":false,"inline_featured_image":false,"footnotes":""},"class_list":{"0":"post-10","1":"page","2":"type-page","3":"status-publish","4":"has-post-thumbnail","6":"infinite-scroll-item","7":"no-featured-image-padding","8":"resize-featured-image"},"acf":[],"yoast_head":"<!-- This site is optimized with the Yoast SEO Premium plugin v26.8 (Yoast SEO v27.3) - https:\/\/yoast.com\/product\/yoast-seo-premium-wordpress\/ -->\n<title>Refund and Returns Policy - OnCourt Online<\/title>\n<meta name=\"description\" content=\"OnCourt Online refunds and returns policy. Cointact us with any questions you might have regarding refunds and returns.\" \/>\n<meta name=\"robots\" content=\"index, follow, max-snippet:-1, max-image-preview:large, max-video-preview:-1\" \/>\n<link rel=\"canonical\" href=\"https:\/\/oncourt.online\/lv\/refund-returns\/\" \/>\n<meta property=\"og:locale\" content=\"lv_LV\" \/>\n<meta property=\"og:type\" content=\"article\" \/>\n<meta property=\"og:title\" content=\"Refund and Returns Policy\" \/>\n<meta property=\"og:description\" content=\"OnCourt Online refunds and returns policy. Cointact us with any questions you might have regarding refunds and returns.\" \/>\n<meta property=\"og:url\" content=\"https:\/\/oncourt.online\/lv\/refund-returns\/\" \/>\n<meta property=\"og:site_name\" content=\"OnCourt Online\" \/>\n<meta property=\"article:publisher\" content=\"https:\/\/www.facebook.com\/oncourt.online\/\" \/>\n<meta property=\"article:modified_time\" content=\"2026-01-08T02:56:26+00:00\" \/>\n<meta property=\"og:image\" content=\"https:\/\/oncourt.online\/wp-content\/uploads\/2022\/05\/OnCourt-Shipping-and-Delivery-Header.jpg\" \/>\n\t<meta property=\"og:image:width\" content=\"1440\" \/>\n\t<meta property=\"og:image:height\" content=\"498\" \/>\n\t<meta property=\"og:image:type\" content=\"image\/jpeg\" \/>\n<meta name=\"twitter:card\" content=\"summary_large_image\" \/>\n<meta name=\"twitter:label1\" content=\"Est. reading time\" \/>\n\t<meta name=\"twitter:data1\" content=\"3 min\u016btes\" \/>\n<!-- \/ Yoast SEO Premium plugin. -->","yoast_head_json":{"title":"Atmaksas un atgrie\u0161anas politika - OnCourt Online","description":"OnCourt Online atgrie\u0161anas un atmaksas politika. Ja Jums ir k\u0101di jaut\u0101jumi par atgrie\u0161anu un atmaksu, l\u016bdzu, sazinieties ar mums.","robots":{"index":"index","follow":"follow","max-snippet":"max-snippet:-1","max-image-preview":"max-image-preview:large","max-video-preview":"max-video-preview:-1"},"canonical":"https:\/\/oncourt.online\/lv\/refund-returns\/","og_locale":"lv_LV","og_type":"article","og_title":"Refund and Returns Policy","og_description":"OnCourt Online refunds and returns policy. Cointact us with any questions you might have regarding refunds and returns.","og_url":"https:\/\/oncourt.online\/lv\/refund-returns\/","og_site_name":"OnCourt Online","article_publisher":"https:\/\/www.facebook.com\/oncourt.online\/","article_modified_time":"2026-01-08T02:56:26+00:00","og_image":[{"width":1440,"height":498,"url":"https:\/\/oncourt.online\/wp-content\/uploads\/2022\/05\/OnCourt-Shipping-and-Delivery-Header.jpg","type":"image\/jpeg"}],"twitter_card":"summary_large_image","twitter_misc":{"Est. reading time":"3 min\u016btes"},"schema":{"@context":"https:\/\/schema.org","@graph":[{"@type":"WebPage","@id":"https:\/\/oncourt.online\/lv\/refund-returns\/","url":"https:\/\/oncourt.online\/lv\/refund-returns\/","name":"Atmaksas un atgrie\u0161anas politika - OnCourt Online","isPartOf":{"@id":"https:\/\/oncourt.online\/lv\/#website"},"primaryImageOfPage":{"@id":"https:\/\/oncourt.online\/lv\/refund-returns\/#primaryimage"},"image":{"@id":"https:\/\/oncourt.online\/lv\/refund-returns\/#primaryimage"},"thumbnailUrl":"https:\/\/oncourt.online\/wp-content\/uploads\/2022\/05\/OnCourt-Shipping-and-Delivery-Header.jpg","datePublished":"2022-06-07T21:39:16+00:00","dateModified":"2026-01-08T02:56:26+00:00","description":"OnCourt Online atgrie\u0161anas un atmaksas politika. Ja Jums ir k\u0101di jaut\u0101jumi par atgrie\u0161anu un atmaksu, l\u016bdzu, sazinieties ar mums.","breadcrumb":{"@id":"https:\/\/oncourt.online\/lv\/refund-returns\/#breadcrumb"},"inLanguage":"lv-LV","potentialAction":[{"@type":"ReadAction","target":["https:\/\/oncourt.online\/lv\/refund-returns\/"]}]},{"@type":"ImageObject","inLanguage":"lv-LV","@id":"https:\/\/oncourt.online\/lv\/refund-returns\/#primaryimage","url":"https:\/\/oncourt.online\/wp-content\/uploads\/2022\/05\/OnCourt-Shipping-and-Delivery-Header.jpg","contentUrl":"https:\/\/oncourt.online\/wp-content\/uploads\/2022\/05\/OnCourt-Shipping-and-Delivery-Header.jpg","width":1440,"height":498,"caption":"Shipping & Delivery | OnCourt"},{"@type":"BreadcrumbList","@id":"https:\/\/oncourt.online\/lv\/refund-returns\/#breadcrumb","itemListElement":[{"@type":"ListItem","position":1,"name":"Home","item":"https:\/\/oncourt.online\/"},{"@type":"ListItem","position":2,"name":"Refund and Returns Policy"}]},{"@type":"WebSite","@id":"https:\/\/oncourt.online\/lv\/#website","url":"https:\/\/oncourt.online\/lv\/","name":"OnCourt Online","description":"Augstas veiktsp\u0113jas basketbola laukumi","publisher":{"@id":"https:\/\/oncourt.online\/lv\/#organization"},"potentialAction":[{"@type":"SearchAction","target":{"@type":"EntryPoint","urlTemplate":"https:\/\/oncourt.online\/lv\/?s={search_term_string}"},"query-input":{"@type":"PropertyValueSpecification","valueRequired":true,"valueName":"search_term_string"}}],"inLanguage":"lv-LV"},{"@type":"Organization","@id":"https:\/\/oncourt.online\/lv\/#organization","name":"OnCourt Online","url":"https:\/\/oncourt.online\/lv\/","logo":{"@type":"ImageObject","inLanguage":"lv-LV","@id":"https:\/\/oncourt.online\/lv\/#\/schema\/logo\/image\/","url":"https:\/\/oncourt.online\/wp-content\/uploads\/2021\/12\/Logo_OnCourt_Black.svg","contentUrl":"https:\/\/oncourt.online\/wp-content\/uploads\/2021\/12\/Logo_OnCourt_Black.svg","width":"1024","height":"1024","caption":"OnCourt Online"},"image":{"@id":"https:\/\/oncourt.online\/lv\/#\/schema\/logo\/image\/"},"sameAs":["https:\/\/www.facebook.com\/oncourt.online\/"],"email":"info@oncourt.online"}]}},"_links":{"self":[{"href":"https:\/\/oncourt.online\/lv\/wp-json\/wp\/v2\/pages\/10","targetHints":{"allow":["GET"]}}],"collection":[{"href":"https:\/\/oncourt.online\/lv\/wp-json\/wp\/v2\/pages"}],"about":[{"href":"https:\/\/oncourt.online\/lv\/wp-json\/wp\/v2\/types\/page"}],"author":[{"embeddable":true,"href":"https:\/\/oncourt.online\/lv\/wp-json\/wp\/v2\/users\/2"}],"replies":[{"embeddable":true,"href":"https:\/\/oncourt.online\/lv\/wp-json\/wp\/v2\/comments?post=10"}],"version-history":[{"count":0,"href":"https:\/\/oncourt.online\/lv\/wp-json\/wp\/v2\/pages\/10\/revisions"}],"wp:featuredmedia":[{"embeddable":true,"href":"https:\/\/oncourt.online\/lv\/wp-json\/wp\/v2\/media\/6877"}],"wp:attachment":[{"href":"https:\/\/oncourt.online\/lv\/wp-json\/wp\/v2\/media?parent=10"}],"curies":[{"name":"wp","href":"https:\/\/api.w.org\/{rel}","templated":true}]}}