{"id":84,"date":"2021-10-19T20:34:40","date_gmt":"2021-10-19T20:34:40","guid":{"rendered":"https:\/\/oncourt.online\/?page_id=84"},"modified":"2025-12-21T06:24:08","modified_gmt":"2025-12-21T06:24:08","slug":"updates","status":"publish","type":"page","link":"https:\/\/oncourt.online\/lt\/updates\/","title":{"rendered":"Prenumeruoti naujienas i\u0161 \u201eOnCourt\u201c"},"content":{"rendered":"<div class=\"gb-container gb-container-a50c5b85\">\n<div class=\"gb-container gb-container-d4bd1d36\">\n\n\n<div class=\"pipedriveWebForms\" data-pd-webforms=\"https:\/\/webforms.pipedrive.com\/f\/6qbEmQ6J5Ty3GSNqajHxVAt1VtdUaFvc3tU2PhSkVYRavMzUSeMIQEkIi2fPOf7s1d\"><script src=\"https:\/\/webforms.pipedrive.com\/f\/loader\"><\/script><\/div>\n\n\n<\/div>\n<\/div>","protected":false},"excerpt":{"rendered":"","protected":false},"author":2,"featured_media":6877,"parent":0,"menu_order":12,"comment_status":"closed","ping_status":"closed","template":"","meta":{"_acf_changed":false,"inline_featured_image":false,"footnotes":""},"class_list":{"0":"post-84","1":"page","2":"type-page","3":"status-publish","4":"has-post-thumbnail","6":"infinite-scroll-item","7":"no-featured-image-padding","8":"resize-featured-image"},"acf":[],"yoast_head":"<!-- This site is optimized with the Yoast SEO Premium plugin v26.8 (Yoast SEO v27.3) - https:\/\/yoast.com\/product\/yoast-seo-premium-wordpress\/ -->\n<title>Products, Projects and Event Subscribe To Updates From OnCourt - OnCourt Online<\/title>\n<meta name=\"description\" content=\"Get all the latest updates on products, projects and events from OnCourt. You can unsubscribe at any time.\" \/>\n<meta name=\"robots\" content=\"index, follow, max-snippet:-1, max-image-preview:large, max-video-preview:-1\" \/>\n<link rel=\"canonical\" href=\"https:\/\/oncourt.online\/lt\/updates\/\" \/>\n<meta property=\"og:locale\" content=\"lt_LT\" \/>\n<meta property=\"og:type\" content=\"article\" \/>\n<meta property=\"og:title\" content=\"Subscribe To Updates From OnCourt\" \/>\n<meta property=\"og:description\" content=\"Get all the latest updates on products, projects and events from OnCourt. You can unsubscribe at any time.\" \/>\n<meta property=\"og:url\" content=\"https:\/\/oncourt.online\/lt\/updates\/\" \/>\n<meta property=\"og:site_name\" content=\"OnCourt Online\" \/>\n<meta property=\"article:publisher\" content=\"https:\/\/www.facebook.com\/oncourt.online\/\" \/>\n<meta property=\"article:modified_time\" content=\"2025-12-21T06:24:08+00:00\" \/>\n<meta property=\"og:image\" content=\"https:\/\/oncourt.online\/wp-content\/uploads\/2022\/05\/OnCourt-Shipping-and-Delivery-Header.jpg\" \/>\n\t<meta property=\"og:image:width\" content=\"1440\" \/>\n\t<meta property=\"og:image:height\" content=\"498\" \/>\n\t<meta property=\"og:image:type\" content=\"image\/jpeg\" \/>\n<meta name=\"twitter:card\" content=\"summary_large_image\" \/>\n<meta name=\"twitter:label1\" content=\"Est. reading time\" \/>\n\t<meta name=\"twitter:data1\" content=\"1 minut\u0117\" \/>\n<!-- \/ Yoast SEO Premium plugin. -->","yoast_head_json":{"title":"Produktai, projektai ir renginiai Prenumeruokite \u201eOnCourt\u201c naujienas \u2013 \u201eOnCourt Online\u201c","description":"Gaukite visas naujausias naujienas apie \u201eOnCourt\u201c produktus, projektus ir renginius. Galite atsisakyti prenumeratos bet kuriuo metu.","robots":{"index":"index","follow":"follow","max-snippet":"max-snippet:-1","max-image-preview":"max-image-preview:large","max-video-preview":"max-video-preview:-1"},"canonical":"https:\/\/oncourt.online\/lt\/updates\/","og_locale":"lt_LT","og_type":"article","og_title":"Subscribe To Updates From OnCourt","og_description":"Get all the latest updates on products, projects and events from OnCourt. You can unsubscribe at any time.","og_url":"https:\/\/oncourt.online\/lt\/updates\/","og_site_name":"OnCourt Online","article_publisher":"https:\/\/www.facebook.com\/oncourt.online\/","article_modified_time":"2025-12-21T06:24:08+00:00","og_image":[{"width":1440,"height":498,"url":"https:\/\/oncourt.online\/wp-content\/uploads\/2022\/05\/OnCourt-Shipping-and-Delivery-Header.jpg","type":"image\/jpeg"}],"twitter_card":"summary_large_image","twitter_misc":{"Est. reading time":"1 minut\u0117"},"schema":{"@context":"https:\/\/schema.org","@graph":[{"@type":"WebPage","@id":"https:\/\/oncourt.online\/lt\/updates\/","url":"https:\/\/oncourt.online\/lt\/updates\/","name":"Produktai, projektai ir renginiai Prenumeruokite \u201eOnCourt\u201c naujienas \u2013 \u201eOnCourt Online\u201c","isPartOf":{"@id":"https:\/\/oncourt.online\/lt\/#website"},"primaryImageOfPage":{"@id":"https:\/\/oncourt.online\/lt\/updates\/#primaryimage"},"image":{"@id":"https:\/\/oncourt.online\/lt\/updates\/#primaryimage"},"thumbnailUrl":"https:\/\/oncourt.online\/wp-content\/uploads\/2022\/05\/OnCourt-Shipping-and-Delivery-Header.jpg","datePublished":"2021-10-19T20:34:40+00:00","dateModified":"2025-12-21T06:24:08+00:00","description":"Gaukite visas naujausias naujienas apie \u201eOnCourt\u201c produktus, projektus ir renginius. Galite atsisakyti prenumeratos bet kuriuo metu.","breadcrumb":{"@id":"https:\/\/oncourt.online\/lt\/updates\/#breadcrumb"},"inLanguage":"lt-LT","potentialAction":[{"@type":"ReadAction","target":["https:\/\/oncourt.online\/lt\/updates\/"]}]},{"@type":"ImageObject","inLanguage":"lt-LT","@id":"https:\/\/oncourt.online\/lt\/updates\/#primaryimage","url":"https:\/\/oncourt.online\/wp-content\/uploads\/2022\/05\/OnCourt-Shipping-and-Delivery-Header.jpg","contentUrl":"https:\/\/oncourt.online\/wp-content\/uploads\/2022\/05\/OnCourt-Shipping-and-Delivery-Header.jpg","width":1440,"height":498,"caption":"Shipping & Delivery | OnCourt"},{"@type":"BreadcrumbList","@id":"https:\/\/oncourt.online\/lt\/updates\/#breadcrumb","itemListElement":[{"@type":"ListItem","position":1,"name":"Home","item":"https:\/\/oncourt.online\/"},{"@type":"ListItem","position":2,"name":"Subscribe To Updates From OnCourt"}]},{"@type":"WebSite","@id":"https:\/\/oncourt.online\/lt\/#website","url":"https:\/\/oncourt.online\/lt\/","name":"\"OnCourt Online","description":"Auk\u0161tos kokyb\u0117s krep\u0161inio aik\u0161tel\u0117s","publisher":{"@id":"https:\/\/oncourt.online\/lt\/#organization"},"potentialAction":[{"@type":"SearchAction","target":{"@type":"EntryPoint","urlTemplate":"https:\/\/oncourt.online\/lt\/?s={search_term_string}"},"query-input":{"@type":"PropertyValueSpecification","valueRequired":true,"valueName":"search_term_string"}}],"inLanguage":"lt-LT"},{"@type":"Organization","@id":"https:\/\/oncourt.online\/lt\/#organization","name":"\"OnCourt Online","url":"https:\/\/oncourt.online\/lt\/","logo":{"@type":"ImageObject","inLanguage":"lt-LT","@id":"https:\/\/oncourt.online\/lt\/#\/schema\/logo\/image\/","url":"https:\/\/oncourt.online\/wp-content\/uploads\/2021\/12\/Logo_OnCourt_Black.svg","contentUrl":"https:\/\/oncourt.online\/wp-content\/uploads\/2021\/12\/Logo_OnCourt_Black.svg","width":"1024","height":"1024","caption":"OnCourt Online"},"image":{"@id":"https:\/\/oncourt.online\/lt\/#\/schema\/logo\/image\/"},"sameAs":["https:\/\/www.facebook.com\/oncourt.online\/"],"email":"info@oncourt.online"}]}},"_links":{"self":[{"href":"https:\/\/oncourt.online\/lt\/wp-json\/wp\/v2\/pages\/84","targetHints":{"allow":["GET"]}}],"collection":[{"href":"https:\/\/oncourt.online\/lt\/wp-json\/wp\/v2\/pages"}],"about":[{"href":"https:\/\/oncourt.online\/lt\/wp-json\/wp\/v2\/types\/page"}],"author":[{"embeddable":true,"href":"https:\/\/oncourt.online\/lt\/wp-json\/wp\/v2\/users\/2"}],"replies":[{"embeddable":true,"href":"https:\/\/oncourt.online\/lt\/wp-json\/wp\/v2\/comments?post=84"}],"version-history":[{"count":0,"href":"https:\/\/oncourt.online\/lt\/wp-json\/wp\/v2\/pages\/84\/revisions"}],"wp:featuredmedia":[{"embeddable":true,"href":"https:\/\/oncourt.online\/lt\/wp-json\/wp\/v2\/media\/6877"}],"wp:attachment":[{"href":"https:\/\/oncourt.online\/lt\/wp-json\/wp\/v2\/media?parent=84"}],"curies":[{"name":"wp","href":"https:\/\/api.w.org\/{rel}","templated":true}]}}