{"id":80,"date":"2021-10-19T20:14:24","date_gmt":"2021-10-19T20:14:24","guid":{"rendered":"https:\/\/oncourt.online\/?page_id=80"},"modified":"2026-01-07T15:32:24","modified_gmt":"2026-01-07T15:32:24","slug":"apie-mus","status":"publish","type":"page","link":"https:\/\/oncourt.online\/lt\/about\/","title":{"rendered":"Apie \u201eOnCourt\u201c"},"content":{"rendered":"<h2 class=\"gb-text\">Sukurta aplink krep\u0161in\u012f<\/h2>\n\n\n\n<p class=\"gb-text gb-text-81affc46\">OnCourt izstr\u0101d\u0101 un pieg\u0101d\u0101 augstas veiktsp\u0113jas basketbola laukumus m\u0101j\u0101m, klubiem un objektiem vis\u0101 Eirop\u0101. M\u0113s koncentr\u0113jamies uz b\u016btisk\u0101ko laukum\u0101 \u2013 seguma veiktsp\u0113ju, prec\u012bzu izk\u0101rtojumu, iztur\u012bgu apr\u012bkojumu un skaidru pl\u0101no\u0161anu \u2013, nodro\u0161inot profesion\u0101lus standartus katram projektam neatkar\u012bgi no t\u0101 apjoma.<\/p>\n\n\n\n<p class=\"gb-text\">Krep\u0161inis mums n\u0117ra papildoma veikla. Tai yra visko, k\u0105 kuriame, pagrindas.<\/p>\n\n\n\n<p class=\"gb-text translation-block\"><strong><em><a href=\"https:\/\/oncourt.online\/lt\/3d-basketball-court-designer\/\" target=\"_self\">Sukurkite savo krep\u0161inio aik\u0161tel\u0119 3D formatu<\/a><\/em><\/strong>, kad prie\u0161 statyb\u0105 gal\u0117tum\u0117te i\u0161bandyti i\u0161d\u0117stym\u0105, spalvas, linijas ir \u012frang\u0105.<\/p>\n\n\n\n<h3 class=\"gb-headline gb-headline-ccfedaf1 gb-headline-text\">Specialistai, o ne universalai<\/h3>\n\n\n\n<p class=\"gb-text gb-text-8c945255\">Skirtingai nuo bendr\u0173 sporto dang\u0173 tiek\u0117j\u0173, \u201eOnCourt\u201c specializuojasi krep\u0161inio srityje. M\u016bs\u0173 produkt\u0173 asortimentas, vadovai ir projektavimo \u012frankiai yra sukurti specialiai atsi\u017evelgiant \u012f \u017eaidimo ypatumus, nuo koj\u0173 darbo ir kamuolio reakcijos iki aik\u0161tel\u0117s matmen\u0173 ir lanko pad\u0117ties.<\/p>\n\n\n\n<p class=\"gb-text\">\u0160is d\u0117mesys leid\u017eia mums teikti ai\u0161kesnius patarimus, geriau derinti produktus ir tiksliau planuoti nei daugelio sporto \u0161ak\u0173 paslaug\u0173 teik\u0117jai.<\/p>\n\n\n\n<h3 class=\"gb-headline gb-headline-ea969289 gb-headline-text\">Pirmiausia dizainas. Statykite su pasitik\u0117jimu<\/h3>\n\n\n\n<p class=\"gb-text gb-text-ddbfc979\">Kiekvienas kortas prasideda nuo plano. \u201eOnCourt\u201c 3D kort\u0173 projektavimo platforma leid\u017eia klientams konfig\u016bruoti i\u0161d\u0117stym\u0105, rinktis spalv\u0173 schemas, pasirinkti grind\u0173 dang\u0105 ir nurodyti lankus prie\u0161 pradedant statyb\u0105. Rezultatas \u2013 ai\u0161kesnis supratimas apie erdv\u0119, na\u0161um\u0105 ir i\u0161laidas, tod\u0117l procesas nuo koncepcijos iki \u012frengimo vyksta skland\u017eiau.<\/p>\n\n\n\n<p class=\"gb-text\">Momentinis kain\u0173 nustatymas, tiksl\u016bs maketai ir dalijamasi dizainai pa\u0161alina neai\u0161kumus proceso prad\u017eioje.<\/p>\n\n\n\n<h3 class=\"gb-headline gb-headline-c16bc7a6 gb-headline-text\">Patikrinti produktai, sukurti ilgaam\u017ei\u0161kumui<\/h3>\n\n\n\n<p class=\"gb-text gb-text-9ce3da67\">\u201eOnCourt\u201c tiekia auk\u0161\u010diausios kokyb\u0117s modulin\u0119 krep\u0161inio grind\u0173 dang\u0105 ir \u201eMega Slam\u201c profesionalaus lygio krep\u0161inio lankus. M\u016bs\u0173 \u012franga pasirenkama d\u0117l jos patvarumo, stabilumo ir ilgalaikio veikimo. Nuo priva\u010di\u0173 pus\u0117s aik\u0161teli\u0173 iki klub\u0173 patalp\u0173 ir komercini\u0173 \u012frengini\u0173 \u2013 m\u016bs\u0173 sistemos yra sukurtos taip, kad atlaikyt\u0173 intensyv\u0173 \u017eaidim\u0105 be joki\u0173 kompromis\u0173.<\/p>\n\n\n\n<p class=\"gb-text\">Mes nesivaikome mados tendencij\u0173. Mes orientuojam\u0117s \u012f med\u017eiagas, in\u017einerij\u0105 ir patikimum\u0105.<\/p>\n\n\n\n<p>OnCourt supply premium outdoor surfaces alongside proven <strong><em><a href=\"https:\/\/oncourt.online\/lt\/krepsinio-lankai\/\">Mega Slam basketball hoops<\/a><\/em><\/strong> and court equipment, chosen to work together as a complete system.<\/p>\n\n\n\n<h3 class=\"gb-headline gb-headline-5efdb362 gb-headline-text\">Patikimas patarimas<\/h3>\n\n\n\n<p class=\"gb-text gb-text-f96f3624\">Krep\u0161inio aik\u0161tel\u0117s statyba apima ne tik produkt\u0173 pasirinkim\u0105. M\u016bs\u0173 vadovuose pateikiame ai\u0161kius, prakti\u0161kus patarimus d\u0117l i\u0161d\u0117stymo, grind\u0173 dangos variant\u0173, ap\u0161vietimo, montavimo ir planavimo, kad klientai gal\u0117t\u0173 priimti pagr\u012fstus sprendimus kiekviename etape.<\/p>\n\n\n\n<p class=\"gb-text\">Nesvarbu, ar statote savo pirm\u0105j\u012f nam\u0173 kort\u0105, ar projektuojate objekt\u0105, skirt\u0105 daugeliui naudotoj\u0173, m\u016bs\u0173 tikslas \u2013 pakeisti sp\u0117liones pasitik\u0117jimu.<\/p>\n\n\n\n<p><strong><em><a href=\"https:\/\/oncourt.online\/lt\/gidai\/\">Explore our basketball court guides<\/a><\/em><\/strong> to understand layouts, surfaces, equipment, and installation before committing.<\/p>\n\n\n\n<h3 class=\"gb-text\">Visoje Europoje ir u\u017e jos rib\u0173<\/h3>\n\n\n\n<p class=\"gb-text\">\u201eOnCourt\u201c remia projektus visoje Europoje, bendradarbiaudama su priva\u010diais klientais, klubais, mokyklomis ir komerciniais partneriais. M\u016bs\u0173 patirtis apima \u012fvairias vietos s\u0105lygas, taisykles ir naudojimo atvejus, tod\u0117l galime pritaikyti sprendimus nepakenkiant na\u0161umui.<\/p>\n\n\n\n<div class=\"gb-element-cb14beec\">\n<h3 class=\"gb-text\">\u201eOnCourt\u201c metodas<\/h3>\n\n\n\n<p class=\"gb-text\">Jei planuojate \u012frengti krep\u0161inio aik\u0161tel\u0119 namuose ar didesniu mastu, \u201eOnCourt\u201c pad\u0117s jums tai padaryti tinkamai.<\/p>\n\n\n\n<p class=\"gb-text-7b6b1e25\"><span class=\"gb-shape\"><svg aria-hidden=\"true\" role=\"img\" height=\"1em\" width=\"1em\" viewbox=\"0 0 512 512\" xmlns=\"http:\/\/www.w3.org\/2000\/svg\"><path fill=\"currentColor\" d=\"M173.898 439.404l-166.4-166.4c-9.997-9.997-9.997-26.206 0-36.204l36.203-36.204c9.997-9.998 26.207-9.998 36.204 0L192 312.69 432.095 72.596c9.997-9.997 26.207-9.997 36.204 0l36.203 36.204c9.997 9.997 9.997 26.206 0 36.204l-294.4 294.401c-9.998 9.997-26.207 9.997-36.204-.001z\"><\/path><\/svg><\/span><span class=\"gb-text\">Pirmiausia d\u0117mesys krep\u0161iniui<\/span><\/p>\n\n\n\n<p class=\"gb-text-ee8810d5\"><span class=\"gb-shape\"><svg aria-hidden=\"true\" role=\"img\" height=\"1em\" width=\"1em\" viewbox=\"0 0 512 512\" xmlns=\"http:\/\/www.w3.org\/2000\/svg\"><path fill=\"currentColor\" d=\"M173.898 439.404l-166.4-166.4c-9.997-9.997-9.997-26.206 0-36.204l36.203-36.204c9.997-9.998 26.207-9.998 36.204 0L192 312.69 432.095 72.596c9.997-9.997 26.207-9.997 36.204 0l36.203 36.204c9.997 9.997 9.997 26.206 0 36.204l-294.4 294.401c-9.998 9.997-26.207 9.997-36.204-.001z\"><\/path><\/svg><\/span><span class=\"gb-text\">Ai\u0161kus planavimas prie\u0161 statyb\u0105<\/span><\/p>\n\n\n\n<p class=\"gb-text-c3c5234a\"><span class=\"gb-shape\"><svg aria-hidden=\"true\" role=\"img\" height=\"1em\" width=\"1em\" viewbox=\"0 0 512 512\" xmlns=\"http:\/\/www.w3.org\/2000\/svg\"><path fill=\"currentColor\" d=\"M173.898 439.404l-166.4-166.4c-9.997-9.997-9.997-26.206 0-36.204l36.203-36.204c9.997-9.998 26.207-9.998 36.204 0L192 312.69 432.095 72.596c9.997-9.997 26.207-9.997 36.204 0l36.203 36.204c9.997 9.997 9.997 26.206 0 36.204l-294.4 294.401c-9.998 9.997-26.207 9.997-36.204-.001z\"><\/path><\/svg><\/span><span class=\"gb-text\">Veiklos rezultat\u0173 pagr\u012fstas produkt\u0173 pasirinkimas<\/span><\/p>\n\n\n\n<p class=\"gb-text-e6cf79e3\"><span class=\"gb-shape\"><svg aria-hidden=\"true\" role=\"img\" height=\"1em\" width=\"1em\" viewbox=\"0 0 512 512\" xmlns=\"http:\/\/www.w3.org\/2000\/svg\"><path fill=\"currentColor\" d=\"M173.898 439.404l-166.4-166.4c-9.997-9.997-9.997-26.206 0-36.204l36.203-36.204c9.997-9.998 26.207-9.998 36.204 0L192 312.69 432.095 72.596c9.997-9.997 26.207-9.997 36.204 0l36.203 36.204c9.997 9.997 9.997 26.206 0 36.204l-294.4 294.401c-9.998 9.997-26.207 9.997-36.204-.001z\"><\/path><\/svg><\/span><span class=\"gb-text\">S\u0105\u017einingi, praktiniai patarimai<\/span><\/p>\n\n\n\n<p class=\"gb-text-9fa5ab33\"><span class=\"gb-shape\"><svg aria-hidden=\"true\" role=\"img\" height=\"1em\" width=\"1em\" viewbox=\"0 0 512 512\" xmlns=\"http:\/\/www.w3.org\/2000\/svg\"><path fill=\"currentColor\" d=\"M173.898 439.404l-166.4-166.4c-9.997-9.997-9.997-26.206 0-36.204l36.203-36.204c9.997-9.998 26.207-9.998 36.204 0L192 312.69 432.095 72.596c9.997-9.997 26.207-9.997 36.204 0l36.203 36.204c9.997 9.997 9.997 26.206 0 36.204l-294.4 294.401c-9.998 9.997-26.207 9.997-36.204-.001z\"><\/path><\/svg><\/span><span class=\"gb-text\">\u012erankiai, supaprastinantys sud\u0117tingus sprendimus<\/span><\/p>\n\n\n\n<p>If you\u2019re still weighing options, our <a href=\"https:\/\/oncourt.online\/lt\/basketball-court-faq\/\"><strong><em>basketball court FAQs<\/em><\/strong><\/a> address common questions about surfaces, layouts, durability, and installation.<\/p>\n<\/div>\n\n\n<div class=\"gb-grid-wrapper gb-grid-wrapper-44caa69b\">\n<div class=\"gb-grid-column gb-grid-column-12b2a9f8\"><div class=\"gb-container gb-container-12b2a9f8\"><div class=\"gb-inside-container\">\n\n<figure class=\"gb-block-image gb-block-image-6adfd5ca\"><img loading=\"lazy\" decoding=\"async\" width=\"300\" height=\"169\" class=\"gb-image gb-image-6adfd5ca\" src=\"https:\/\/oncourt.online\/wp-content\/uploads\/2021\/10\/NIKE.png\" alt=\"Nike\" title=\"NIKE\"\/><\/figure>\n\n<\/div><\/div><\/div>\n\n<div class=\"gb-grid-column gb-grid-column-e5bb2fe1\"><div class=\"gb-container gb-container-e5bb2fe1\"><div class=\"gb-inside-container\">\n\n<figure class=\"gb-block-image gb-block-image-f8558887\"><img loading=\"lazy\" decoding=\"async\" width=\"300\" height=\"169\" class=\"gb-image gb-image-f8558887\" src=\"https:\/\/oncourt.online\/wp-content\/uploads\/2021\/10\/England-Football.png\" alt=\"Anglijos futbolo logotipas\" title=\"Anglija-Futbolas\"\/><\/figure>\n\n<\/div><\/div><\/div>\n\n<div class=\"gb-grid-column gb-grid-column-3ac2520c\"><div class=\"gb-container gb-container-3ac2520c\"><div class=\"gb-inside-container\">\n\n<figure class=\"gb-block-image gb-block-image-32bd7dfd\"><img loading=\"lazy\" decoding=\"async\" width=\"300\" height=\"169\" class=\"gb-image gb-image-32bd7dfd\" src=\"https:\/\/oncourt.online\/wp-content\/uploads\/2021\/10\/Red-Bull.png\" alt=\"\u201eRed Bull\u201c logotipas\" title=\"Red Bull\"\/><\/figure>\n\n<\/div><\/div><\/div>\n\n<div class=\"gb-grid-column gb-grid-column-b8a0acf4\"><div class=\"gb-container gb-container-b8a0acf4\"><div class=\"gb-inside-container\">\n\n<figure class=\"gb-block-image gb-block-image-199d062a\"><img loading=\"lazy\" decoding=\"async\" width=\"300\" height=\"169\" class=\"gb-image gb-image-199d062a\" src=\"https:\/\/oncourt.online\/wp-content\/uploads\/2021\/10\/Canary-Wharf-Group.png\" alt=\"\u201eCanary Wharf Group\u201c logotipas\" title=\"Kanar\u0173 dok\u0173 grup\u0117\"\/><\/figure>\n\n<\/div><\/div><\/div>\n\n<div class=\"gb-grid-column gb-grid-column-bcea7224\"><div class=\"gb-container gb-container-bcea7224\"><div class=\"gb-inside-container\">\n\n<figure class=\"gb-block-image gb-block-image-b9d71ee3\"><img loading=\"lazy\" decoding=\"async\" width=\"300\" height=\"169\" class=\"gb-image gb-image-b9d71ee3\" src=\"https:\/\/oncourt.online\/wp-content\/uploads\/2021\/10\/BBC.png\" alt=\"BBC logotipas\" title=\"BBC\"\/><\/figure>\n\n<\/div><\/div><\/div>\n<\/div>","protected":false},"excerpt":{"rendered":"<p> ... <a title=\"Apie \u201eOnCourt\u201c\" class=\"read-more\" href=\"https:\/\/oncourt.online\/lt\/about\/\" aria-label=\"Read more about About OnCourt\">Skaityti daugiau<\/a><\/p>","protected":false},"author":2,"featured_media":6877,"parent":0,"menu_order":11,"comment_status":"closed","ping_status":"closed","template":"","meta":{"_acf_changed":false,"inline_featured_image":false,"footnotes":""},"class_list":{"0":"post-80","1":"page","2":"type-page","3":"status-publish","4":"has-post-thumbnail","6":"infinite-scroll-item","7":"no-featured-image-padding","8":"resize-featured-image"},"acf":[],"yoast_head":"<!-- This site is optimized with the Yoast SEO Premium plugin v26.8 (Yoast SEO v27.3) - https:\/\/yoast.com\/product\/yoast-seo-premium-wordpress\/ -->\n<title>About OnCourt | Basketball Court Surfaces, Systems &amp; Design<\/title>\n<meta name=\"description\" content=\"OnCourt creates premium basketball courts, combining high-performance surfaces, pro-grade hoops and intuitive court-planning tools.\" \/>\n<meta name=\"robots\" content=\"index, follow, max-snippet:-1, max-image-preview:large, max-video-preview:-1\" \/>\n<link rel=\"canonical\" href=\"https:\/\/oncourt.online\/lt\/apie-mus\/\" \/>\n<meta property=\"og:locale\" content=\"lt_LT\" \/>\n<meta property=\"og:type\" content=\"article\" \/>\n<meta property=\"og:title\" content=\"About OnCourt\" \/>\n<meta property=\"og:description\" content=\"OnCourt creates premium basketball courts, combining high-performance surfaces, pro-grade hoops and intuitive court-planning tools.\" \/>\n<meta property=\"og:url\" content=\"https:\/\/oncourt.online\/lt\/apie-mus\/\" \/>\n<meta property=\"og:site_name\" content=\"OnCourt Online\" \/>\n<meta property=\"article:publisher\" content=\"https:\/\/www.facebook.com\/oncourt.online\/\" \/>\n<meta property=\"article:modified_time\" content=\"2026-01-07T15:32:24+00:00\" \/>\n<meta property=\"og:image\" content=\"https:\/\/oncourt.online\/wp-content\/uploads\/2022\/05\/OnCourt-Shipping-and-Delivery-Header.jpg\" \/>\n\t<meta property=\"og:image:width\" content=\"1440\" \/>\n\t<meta property=\"og:image:height\" content=\"498\" \/>\n\t<meta property=\"og:image:type\" content=\"image\/jpeg\" \/>\n<meta name=\"twitter:card\" content=\"summary_large_image\" \/>\n<meta name=\"twitter:label1\" content=\"Est. reading time\" \/>\n\t<meta name=\"twitter:data1\" content=\"4 minut\u0117s\" \/>\n<!-- \/ Yoast SEO Premium plugin. -->","yoast_head_json":{"title":"About OnCourt | Basketball Court Surfaces, Systems & Design","description":"OnCourt creates premium basketball courts, combining high-performance surfaces, pro-grade hoops and intuitive court-planning tools.","robots":{"index":"index","follow":"follow","max-snippet":"max-snippet:-1","max-image-preview":"max-image-preview:large","max-video-preview":"max-video-preview:-1"},"canonical":"https:\/\/oncourt.online\/lt\/apie-mus\/","og_locale":"lt_LT","og_type":"article","og_title":"About OnCourt","og_description":"OnCourt creates premium basketball courts, combining high-performance surfaces, pro-grade hoops and intuitive court-planning tools.","og_url":"https:\/\/oncourt.online\/lt\/apie-mus\/","og_site_name":"OnCourt Online","article_publisher":"https:\/\/www.facebook.com\/oncourt.online\/","article_modified_time":"2026-01-07T15:32:24+00:00","og_image":[{"width":1440,"height":498,"url":"https:\/\/oncourt.online\/wp-content\/uploads\/2022\/05\/OnCourt-Shipping-and-Delivery-Header.jpg","type":"image\/jpeg"}],"twitter_card":"summary_large_image","twitter_misc":{"Est. reading time":"4 minut\u0117s"},"schema":{"@context":"https:\/\/schema.org","@graph":[{"@type":"WebPage","@id":"https:\/\/oncourt.online\/lt\/about\/","url":"https:\/\/oncourt.online\/lt\/about\/","name":"About OnCourt | Basketball Court Surfaces, Systems & Design","isPartOf":{"@id":"https:\/\/oncourt.online\/lt\/#website"},"primaryImageOfPage":{"@id":"https:\/\/oncourt.online\/lt\/about\/#primaryimage"},"image":{"@id":"https:\/\/oncourt.online\/lt\/about\/#primaryimage"},"thumbnailUrl":"https:\/\/oncourt.online\/wp-content\/uploads\/2022\/05\/OnCourt-Shipping-and-Delivery-Header.jpg","datePublished":"2021-10-19T20:14:24+00:00","dateModified":"2026-01-07T15:32:24+00:00","description":"OnCourt creates premium basketball courts, combining high-performance surfaces, pro-grade hoops and intuitive court-planning tools.","breadcrumb":{"@id":"https:\/\/oncourt.online\/lt\/about\/#breadcrumb"},"inLanguage":"lt-LT","potentialAction":[{"@type":"ReadAction","target":["https:\/\/oncourt.online\/lt\/about\/"]}]},{"@type":"ImageObject","inLanguage":"lt-LT","@id":"https:\/\/oncourt.online\/lt\/about\/#primaryimage","url":"https:\/\/oncourt.online\/wp-content\/uploads\/2022\/05\/OnCourt-Shipping-and-Delivery-Header.jpg","contentUrl":"https:\/\/oncourt.online\/wp-content\/uploads\/2022\/05\/OnCourt-Shipping-and-Delivery-Header.jpg","width":1440,"height":498,"caption":"Shipping & Delivery | OnCourt"},{"@type":"BreadcrumbList","@id":"https:\/\/oncourt.online\/lt\/about\/#breadcrumb","itemListElement":[{"@type":"ListItem","position":1,"name":"Home","item":"https:\/\/oncourt.online\/"},{"@type":"ListItem","position":2,"name":"About OnCourt"}]},{"@type":"WebSite","@id":"https:\/\/oncourt.online\/lt\/#website","url":"https:\/\/oncourt.online\/lt\/","name":"\"OnCourt Online","description":"Auk\u0161tos kokyb\u0117s krep\u0161inio aik\u0161tel\u0117s","publisher":{"@id":"https:\/\/oncourt.online\/lt\/#organization"},"potentialAction":[{"@type":"SearchAction","target":{"@type":"EntryPoint","urlTemplate":"https:\/\/oncourt.online\/lt\/?s={search_term_string}"},"query-input":{"@type":"PropertyValueSpecification","valueRequired":true,"valueName":"search_term_string"}}],"inLanguage":"lt-LT"},{"@type":"Organization","@id":"https:\/\/oncourt.online\/lt\/#organization","name":"\"OnCourt Online","url":"https:\/\/oncourt.online\/lt\/","logo":{"@type":"ImageObject","inLanguage":"lt-LT","@id":"https:\/\/oncourt.online\/lt\/#\/schema\/logo\/image\/","url":"https:\/\/oncourt.online\/wp-content\/uploads\/2021\/12\/Logo_OnCourt_Black.svg","contentUrl":"https:\/\/oncourt.online\/wp-content\/uploads\/2021\/12\/Logo_OnCourt_Black.svg","width":"1024","height":"1024","caption":"OnCourt Online"},"image":{"@id":"https:\/\/oncourt.online\/lt\/#\/schema\/logo\/image\/"},"sameAs":["https:\/\/www.facebook.com\/oncourt.online\/"],"email":"info@oncourt.online"}]}},"_links":{"self":[{"href":"https:\/\/oncourt.online\/lt\/wp-json\/wp\/v2\/pages\/80","targetHints":{"allow":["GET"]}}],"collection":[{"href":"https:\/\/oncourt.online\/lt\/wp-json\/wp\/v2\/pages"}],"about":[{"href":"https:\/\/oncourt.online\/lt\/wp-json\/wp\/v2\/types\/page"}],"author":[{"embeddable":true,"href":"https:\/\/oncourt.online\/lt\/wp-json\/wp\/v2\/users\/2"}],"replies":[{"embeddable":true,"href":"https:\/\/oncourt.online\/lt\/wp-json\/wp\/v2\/comments?post=80"}],"version-history":[{"count":0,"href":"https:\/\/oncourt.online\/lt\/wp-json\/wp\/v2\/pages\/80\/revisions"}],"wp:featuredmedia":[{"embeddable":true,"href":"https:\/\/oncourt.online\/lt\/wp-json\/wp\/v2\/media\/6877"}],"wp:attachment":[{"href":"https:\/\/oncourt.online\/lt\/wp-json\/wp\/v2\/media?parent=80"}],"curies":[{"name":"wp","href":"https:\/\/api.w.org\/{rel}","templated":true}]}}