{"id":6797,"date":"2022-05-26T13:42:42","date_gmt":"2022-05-26T13:42:42","guid":{"rendered":"https:\/\/oncourt.online\/?page_id=6797"},"modified":"2026-01-09T02:04:24","modified_gmt":"2026-01-09T02:04:24","slug":"pristatymas-pristatymas","status":"publish","type":"page","link":"https:\/\/oncourt.online\/lt\/shipping-delivery\/","title":{"rendered":"Pristatymas ir siuntimas"},"content":{"rendered":"<div class=\"gb-container gb-container-f34a8199\">\n<div class=\"gb-container gb-container-235943a7\">\n\n<h2 class=\"gb-headline gb-headline-88ee416e gb-headline-text\">OnCourt Online pristatymo politika<\/h2>\n\n\n\n<p class=\"gb-headline gb-headline-0924883b gb-headline-text not_last_text\">OnCourt pristatymas priklauso nuo pasirinkt\u0173 produkt\u0173. Jei perkate aik\u0161tel\u0117s komplekt\u0105, krep\u0161ys ir komponentai i\u0161siun\u010diami kuo grei\u010diau, kad b\u016bt\u0173 galima juos \u012ftraukti \u012f pagrindo \u012frengim\u0105. Aik\u0161tel\u0117s dangos gaminamos ir siun\u010diamos po paruo\u0161imo, kuris \u0161iuo metu trunka 10\u201312 savai\u010di\u0173. <\/p>\n\n\n\n<p class=\"gb-text not_last_text\">Pristatymo galimyb\u0117s skiriasi priklausomai nuo \u0161alies. Siun\u010diame tik \u012f pasirinktas zonas, rodomas atsiskaitymo metu.<\/p>\n\n\n\n<p>Jei j\u016bs\u0173 \u0161alis n\u0117ra nurodyta ir planuojate krep\u0161inio aik\u0161tel\u0117s projekt\u0105, susisiekite su mumis d\u0117l galimybi\u0173 \u012fvertinimo. Prieinamumas vertinamas individualiai. <\/p>\n\n\n\n<h3 class=\"gb-headline gb-headline-3e94b795 gb-headline-text\">Modulin\u0117s sporto dangos pristatomos paruo\u0161tos Plug &amp; Play montavimui<\/h3>\n\n\n\n<p class=\"gb-headline gb-headline-e71567d7 gb-headline-text not_last_text\">Kiemo dangos pristatomos pakuot\u0117se, paruo\u0161tose paprastam savaranki\u0161kam montavimui. Kiekviena aik\u0161tel\u0117 pristatoma ant pad\u0117kl\u0173 su sunumeruotais lapais ir \u017eem\u0117lapiu (gyvenam\u0173j\u0173 nam\u0173 u\u017esakymams pristatoma prie \u0161aligatvio).<\/p>\n\n\n\n<p class=\"translation-block\">Kiekviena modulin\u0117 sporto aik\u0161tel\u0117 gaminama pagal u\u017esakym\u0105, <strong>o gamyba trunka ma\u017edaug<\/strong> <strong>10\u201312 savai\u010di\u0173<\/strong> nuo patvirtinto u\u017esakymo gavimo. Pristatymo terminai skiriasi priklausomai nuo vietos, o i\u0161siuntus gausite atnaujinim\u0105 su numatoma atvykimo data ir siuntos sekimu (aktyvus po muitin\u0117s proced\u016br\u0173 paskirties \u0161alyje). Visi muitai yra apmok\u0117ti i\u0161 anksto, o pristatymai vykdomi DDP (Delivered Duty Paid) s\u0105lygomis, be pasl\u0117pt\u0173 mokes\u010di\u0173.<\/p>\n\n\n<div class=\"gb-container gb-container-cfce094b\">\n\n<h2 class=\"gb-text\">Produkto i\u0161siuntimas<\/h2>\n\n\n\n<p>Jei nenurodyta kitaip, visi u\u017esakymai i\u0161 \u201eOnCourt\u201c siun\u010diami patikimais bendrais ve\u017e\u0117jais. Produktai siun\u010diami nauji ir geros b\u016bkl\u0117s, kaip reklamuojama. Krep\u0161inio sistemos pristatomos per <strong>Pristatymas prie nam\u0173<\/strong>, tai rei\u0161kia, kad j\u016bs\u0173 u\u017esakymas bus pristatytas prie j\u016bs\u0173 priva\u017eiavimo kelio galo. Atkreipkite d\u0117mes\u012f, kad \u0161i paslauga <strong>neapima montavimo, surinkimo ar pakuot\u0117s pa\u0161alinimo<\/strong>.<\/p>\n\n\n\n<h3 class=\"gb-headline gb-headline-bce52be2 gb-headline-text\">Adreso keitimas po i\u0161siuntimo<\/h3>\n\n\n\n<p>Jei pristatymo adresas pakei\u010diamas po to, kai siunt\u0105 paima krovininis ve\u017e\u0117jas, tai laikoma pakartotiniu siuntimu ir bus taikomi papildomi mokes\u010diai.<\/p>\n\n\n\n<h3 class=\"gb-headline gb-headline-ab76306c gb-headline-text\">Pristatymo grafikas<\/h3>\n\n\n\n<p class=\"translation-block\">Pristatymai paprastai vykdomi <strong>nuo pirmadienio iki penktadienio, nuo 08:00 iki 18:00<\/strong>. Laikas gali skirtis priklausomai nuo j\u016bs\u0173 vietos, vairuotojo mar\u0161ruto ir nenumatyt\u0173 veiksni\u0173, toki\u0173 kaip eismas ar oro s\u0105lygos.<\/p>\n\n\n\n<h3 class=\"gb-headline gb-headline-d3e65b23 gb-headline-text\">Pristatymo transporto priemon\u0117 ir prieiga<\/h3>\n\n\n\n<p class=\"gb-text not_last_text translation-block\">Ma\u017emenin\u0117s prekybos u\u017esakymai pristatomi <strong>sunkiasvor\u0117mis transporto priemon\u0117mis (pvz., vilkiku)<\/strong> ir paprastai turi <strong>hidraulin\u012f keltuv\u0105<\/strong>. Vairuotojas atsako u\u017e gaminio i\u0161krovim\u0105 ir jo pastatym\u0105 prie kelkra\u0161\u010dio. Jei atliekamos papildomos pristatymo paslaugos, gali b\u016bti taikomi papildomi mokes\u010diai.<\/p>\n\n\n\n<p class=\"translation-block\">Pra\u0161ome atid\u017eiai patikrinti pristatymo dokument\u0105, kad \u012fsitikintum\u0117te, jog <strong>nebuvo atliktos jokios papildomos paslaugos<\/strong>. Jei jos buvo atliktos, OnCourt pasilieka teis\u0119 <strong>perkelti \u0161ias i\u0161laidas<\/strong>.<\/p>\n\n\n\n<h3 class=\"wp-block-heading\" id=\"h-delivery-signature-amp-inspection\">Para\u0161as ir patikra pristatymo metu<\/h3>\n\n\n\n<p class=\"gb-text not_last_text translation-block\">Pristatymo metu reikalingas <strong>para\u0161as<\/strong>. Pakuot\u0119 b\u016btina patikrinti <strong>prie\u0161 pasira\u0161ant<\/strong>. Jei reikia, galite atidaryti d\u0117\u017e\u0119 ir patikrinti turinio b\u016bkl\u0119, ypa\u010d <strong>stiklines lentas<\/strong>, kurios transportavimo metu yra labiau pa\u017eeid\u017eiamos.<\/p>\n\n\n\n<p>Jei kuri nors siuntos dalis atrodo pa\u017eeista:<\/p>\n\n\n\n<ul class=\"wp-block-list\">\n<li><strong>Neatsisakykite pristatymo.<\/strong><\/li>\n\n\n\n<li>Pateikite ai\u0161kias pastabas pristatymo kvite, apra\u0161ydami problem\u0105 (pvz., <em>\u201cGimdymo metu sudu\u017eo nugaros lenta\u201d<\/em>).<\/li>\n\n\n\n<li>Paimkite ai\u0161kiai <strong>nuotraukos su \u017eala<\/strong>.<\/li>\n\n\n\n<li>Pasira\u0161yt\u0105 kvit\u0105 ir nuotraukas atsi\u0173skite el. pa\u0161tu m\u016bs\u0173 pagalbos komandai, ir mes atsi\u0173sime <strong>atsargin\u0117 dalis<\/strong> nedelsiant.<\/li>\n<\/ul>\n\n\n\n<p class=\"gb-text not_last_text\">Tuo tarpu galite t\u0119sti bet kokius nesusijusius sukonfig\u016bravimo veiksmus (pvz., tvirtinti inkarus ir leisti betonui i\u0161d\u017ei\u016bti).<\/p>\n\n\n\n<p>Visoms pristatytoms siuntoms reikalingas para\u0161as. Gav\u0117jas tur\u0117s pasira\u0161yti pristatymo kvit\u0105, be kurio pristatymas nebus atliktas.<\/p>\n\n\n\n<h3 class=\"gb-headline gb-headline-7838bbbd gb-headline-text\">Svarbios pastabos apie pristatym\u0105<\/h3>\n\n\n\n<ul class=\"wp-block-list\">\n<li>Visi daiktai i\u0161ve\u017eami i\u0161 m\u016bs\u0173 sand\u0117lio <strong>visi\u0161kai naujas ir nesugadintas<\/strong>.<\/li>\n\n\n\n<li>Jei apie sugadinim\u0105 neprane\u0161ama pristatymo kvite, j\u016bs <strong>atleisti ve\u017e\u0117j\u0105 nuo atsakomyb\u0117s<\/strong> ir gali netur\u0117ti teis\u0117s reikalauti kompensacijos.<\/li>\n\n\n\n<li><strong>Gr\u016bdintas stiklas<\/strong> nesuskilin\u0117ja \u2014 jis sud\u016b\u017eta. Jei j\u016bs\u0173 atrama yra sulau\u017eyta, ji bus <strong>daug ma\u017e\u0173 gabaliuk\u0173<\/strong>, nesuskil\u0119s.<\/li>\n<\/ul>\n\n\n\n<p>J\u016bs\u0173 saugumui u\u017etikrinti, <strong>\u0161alia savo para\u0161o \u012fra\u0161ykite \u201cTikrinimui\u201d<\/strong> pasira\u0161ant u\u017e pristatym\u0105.<\/p>\n\n\n\n<h3 class=\"gb-headline gb-headline-dd213a82 gb-headline-text\">Pristatymo prieiga<\/h3>\n\n\n\n<p>Jei \u012f j\u016bs\u0173 viet\u0105 negali priva\u017eiuoti didelis pristatymo automobilis (pvz., d\u0117l siaur\u0173 keli\u0173, sta\u010di\u0173 \u012fva\u017eiavim\u0173, u\u017edar\u0173 gyvenam\u0173j\u0173 rajon\u0173), gali tekti:<\/p>\n\n\n\n<ul class=\"wp-block-list\">\n<li>Atsiimkite u\u017esakym\u0105 vietiniame terminale arba<\/li>\n\n\n\n<li>Galutin\u012f pristatym\u0105 organizuokite per tre\u010di\u0105j\u0105 \u0161al\u012f \u2013 kurjer\u012f.<\/li>\n<\/ul>\n\n\n\n<h3 class=\"gb-headline gb-headline-f4f6c8ad gb-headline-text\">Nepateiktos u\u017esakytos prek\u0117s<\/h3>\n\n\n\n<p>Jei siunta gr\u0105\u017einama kaip <strong>Ne\u012fmanoma pristatyti<\/strong> arba <strong>Atsisakyta<\/strong>, a <strong>20% atsarg\u0173 papildymo mokestis<\/strong> bus taikomi, o j\u016bs b\u016bsite atsakingi u\u017e visas pradines siuntimo i\u0161laidas.<\/p>\n\n<\/div>\n\n\n<h3 class=\"gb-headline gb-headline-77bdb557 gb-headline-text\">Pristatymas ir muitai (u\u017esakymai ne ES \u0161alyse)<\/h3>\n\n\n\n<p class=\"gb-headline gb-headline-f02c1b4c gb-headline-text\">Visiems i\u0161si\u0173stiems u\u017esakymams <strong>u\u017e Europos S\u0105jungos rib\u0173<\/strong>:<\/p>\n\n\n\n<ul class=\"wp-block-list\">\n<li>Kainos, nurodytos kasoje, neapima vietini\u0173 mokes\u010di\u0173, importo muit\u0173 ar muitin\u0117s formalum\u0173 mokes\u010di\u0173.<\/li>\n\n\n\n<li>J\u016bs esate oficialus importuotojas ir esate vienintelis atsakingas u\u017e bet kokius tokius mokes\u010dius pristatymo metu.<\/li>\n\n\n\n<li>\u201eOnCourt\u201c nerenka ir nemoka PVM\/GST, importo muit\u0173 ar muit\u0173 mokes\u010di\u0173 u\u017e ES nepriklausan\u010dioms \u0161alims.<\/li>\n\n\n\n<li>Jei mokes\u010diai atmetami arba nesumokami, tai gali sukelti siuntimo v\u0117lavim\u0105, gr\u0105\u017einim\u0105 arba atsisakym\u0105. \u201eOnCourt\u201c neatsako u\u017e jokias d\u0117l to patirtas i\u0161laidas ar nuostolius ir tokiais atvejais negr\u0105\u017eina siuntimo ar produkto mokes\u010di\u0173.<\/li>\n<\/ul>\n\n\n\n<p>U\u017ebaigdami pirkim\u0105, J\u016bs patvirtinate ir sutinkate su \u0161iomis s\u0105lygomis.<\/p>\n\n<\/div>\n<\/div>\n\n<div class=\"gb-container gb-container-aedea16a\" id=\"megaslam-shipping\">\n<div class=\"gb-container gb-container-492b5ca3\">\n\n<h2 class=\"gb-headline gb-headline-65d8dcc4 gb-headline-text\">Sklandus \"Mega Slam Hoop\" pristatymas <\/h2>\n\n\n\n<p class=\"gb-headline gb-headline-880344a0 gb-headline-text\">U\u017esisakydami oncourt.online, mes pristatysime j\u016bs\u0173 lank\u0105 tiesiai \u012f \u0161aligatv\u012f, o tai rei\u0161kia, kad jis bus atve\u017etas tiesiai i\u0161 m\u016bs\u0173 sand\u0117lio, nuimtas nuo sunkve\u017eimio ir atve\u017etas prie j\u016bs\u0173 \u0161aligatvio, kad j\u016bs negai\u0161tum\u0117te laiko laisviems metimams. Naudokit\u0117s toliau pateiktu 5 punkt\u0173 kontroliniu s\u0105ra\u0161u, kad u\u017etikrintum\u0117te skland\u0173 savo <a href=\"https:\/\/oncourt.online\/lt\/krepsinio-lankai\/\"><em><strong>\"Mega Slam Hoop\" lankas<\/strong><\/em><\/a>. <\/p>\n\n\n\n<figure class=\"wp-block-image size-full is-resized\"><img loading=\"lazy\" decoding=\"async\" width=\"600\" height=\"600\" src=\"https:\/\/oncourt.online\/wp-content\/uploads\/2021\/10\/Mega-Slam-Hoop-s-Order-Confirmation.png\" alt=\"&quot;Mega Slam Hoops&quot; - u\u017esakymo patvirtinimas\" class=\"wp-image-422\" style=\"width:150px;height:auto\" srcset=\"https:\/\/oncourt.online\/wp-content\/uploads\/2021\/10\/Mega-Slam-Hoop-s-Order-Confirmation.png 600w, https:\/\/oncourt.online\/wp-content\/uploads\/2021\/10\/Mega-Slam-Hoop-s-Order-Confirmation-100x100.png 100w, https:\/\/oncourt.online\/wp-content\/uploads\/2021\/10\/Mega-Slam-Hoop-s-Order-Confirmation-545x545.png 545w\" sizes=\"auto, (max-width: 600px) 100vw, 600px\" \/><\/figure>\n\n\n\n<h4 class=\"gb-headline gb-headline-8536b972 gb-headline-text\">1. Patvirtinkite savo u\u017esakym\u0105<\/h4>\n\n\n\n<p class=\"gb-headline gb-headline-9f1a5517 gb-headline-text\">Sveikiname u\u017esisakius nauj\u0105 lank\u0105. Dabar laukite el. lai\u0161ko su u\u017esakymo informacija. <\/p>\n\n\n\n<figure class=\"wp-block-image size-full is-resized\"><img loading=\"lazy\" decoding=\"async\" width=\"600\" height=\"600\" src=\"https:\/\/oncourt.online\/wp-content\/uploads\/2021\/10\/Mega-Slam-Hoops-Arrange-Delivery.png\" alt=\"&quot;Mega Slam Hoops&quot; lankeliai - Pasir\u016bpinti pristatymu\" class=\"wp-image-419\" style=\"width:150px;height:150px\" srcset=\"https:\/\/oncourt.online\/wp-content\/uploads\/2021\/10\/Mega-Slam-Hoops-Arrange-Delivery.png 600w, https:\/\/oncourt.online\/wp-content\/uploads\/2021\/10\/Mega-Slam-Hoops-Arrange-Delivery-100x100.png 100w, https:\/\/oncourt.online\/wp-content\/uploads\/2021\/10\/Mega-Slam-Hoops-Arrange-Delivery-545x545.png 545w\" sizes=\"auto, (max-width: 600px) 100vw, 600px\" \/><\/figure>\n\n\n\n<h4 class=\"gb-headline gb-headline-9bfe8bb5 gb-headline-text\">2. I\u0161siuntimas ir pristatymas <\/h4>\n\n\n\n<p class=\"gb-headline gb-headline-290fa9d6 gb-headline-text\">Gausite u\u017esakymo i\u0161siuntimo patvirtinim\u0105, kuriame bus nurodytas numatomas pristatymo terminas. <\/p>\n\n\n\n<figure class=\"wp-block-image size-full is-resized\"><img loading=\"lazy\" decoding=\"async\" width=\"600\" height=\"600\" src=\"https:\/\/oncourt.online\/wp-content\/uploads\/2021\/10\/Mega-Slam-Hoops-Curbside-Delivery.png\" alt=\"&quot;Mega Slam Hoops&quot; - Pristatymas i\u0161 gatv\u0117s \u012f gatv\u0119\" class=\"wp-image-420\" style=\"width:150px;height:150px\" srcset=\"https:\/\/oncourt.online\/wp-content\/uploads\/2021\/10\/Mega-Slam-Hoops-Curbside-Delivery.png 600w, https:\/\/oncourt.online\/wp-content\/uploads\/2021\/10\/Mega-Slam-Hoops-Curbside-Delivery-100x100.png 100w, https:\/\/oncourt.online\/wp-content\/uploads\/2021\/10\/Mega-Slam-Hoops-Curbside-Delivery-545x545.png 545w\" sizes=\"auto, (max-width: 600px) 100vw, 600px\" \/><\/figure>\n\n\n\n<h4 class=\"gb-headline gb-headline-111f7f0a gb-headline-text\">3. Padarykite vietos savo lankui<\/h4>\n\n\n\n<p class=\"gb-headline gb-headline-cdd4e7d1 gb-headline-text\">\"Mega Slam\" krep\u0161inio sistemos yra didel\u0117s (iki 340 kg), o pristatytas transportavimo pad\u0117klas u\u017eima nema\u017eai vietos (gyvenam\u0173j\u0173 nam\u0173 u\u017esakymai pristatomi prie \u0161aligatvio).<\/p>\n\n\n\n<figure class=\"wp-block-image size-full is-resized\"><img loading=\"lazy\" decoding=\"async\" width=\"600\" height=\"600\" src=\"https:\/\/oncourt.online\/wp-content\/uploads\/2021\/10\/Mega-Slam-Shipping-Boxes.png\" alt=\"&quot;Mega Slam&quot; pristatymo d\u0117\u017e\u0117s\" class=\"wp-image-421\" style=\"width:150px;height:150px\" srcset=\"https:\/\/oncourt.online\/wp-content\/uploads\/2021\/10\/Mega-Slam-Shipping-Boxes.png 600w, https:\/\/oncourt.online\/wp-content\/uploads\/2021\/10\/Mega-Slam-Shipping-Boxes-100x100.png 100w, https:\/\/oncourt.online\/wp-content\/uploads\/2021\/10\/Mega-Slam-Shipping-Boxes-545x545.png 545w\" sizes=\"auto, (max-width: 600px) 100vw, 600px\" \/><\/figure>\n\n\n\n<h4 class=\"gb-headline gb-headline-c4d17918 gb-headline-text\">4. Patikrinkite savo lanko pristatym\u0105<\/h4>\n\n\n\n<p class=\"gb-headline gb-headline-b333a103 gb-headline-text\">Atsi\u017evelgdami \u012f u\u017esakymo dyd\u012f, \u012fsitikinkite, kad ant kiekvieno pad\u0117klo pritvirtintas reikiamas d\u0117\u017ei\u0173 skai\u010dius (kiekviena sistema pristatoma ant vieno pad\u0117klo su ai\u0161kiai sunumeruotomis d\u0117\u017e\u0117mis). Nieko baisaus, jei kai kurios d\u0117\u017e\u0117s yra \u012flenktos arba suply\u0161usios. M\u016bs\u0173 sistemos yra tvirtos ir atlaikys nedidelius d\u0117\u017ei\u0173 pa\u017eeidimus. <\/p>\n\n\n\n<figure class=\"wp-block-image size-full is-resized\"><img loading=\"lazy\" decoding=\"async\" width=\"600\" height=\"600\" src=\"https:\/\/oncourt.online\/wp-content\/uploads\/2021\/10\/Mega-Slam-Hoops-Signed-Delivery.png\" alt=\"&quot;Mega Slam Hoops&quot; - Pasira\u0161ytas pristatymas\" class=\"wp-image-417\" style=\"width:150px;height:150px\" srcset=\"https:\/\/oncourt.online\/wp-content\/uploads\/2021\/10\/Mega-Slam-Hoops-Signed-Delivery.png 600w, https:\/\/oncourt.online\/wp-content\/uploads\/2021\/10\/Mega-Slam-Hoops-Signed-Delivery-100x100.png 100w, https:\/\/oncourt.online\/wp-content\/uploads\/2021\/10\/Mega-Slam-Hoops-Signed-Delivery-545x545.png 545w\" sizes=\"auto, (max-width: 600px) 100vw, 600px\" \/><\/figure>\n\n\n\n<h4 class=\"gb-headline gb-headline-f3ff4626 gb-headline-text\">5. Pasira\u0161ykite, kad atlaisvintum\u0117te pristatym\u0105<\/h4>\n\n\n\n<p class=\"gb-headline gb-headline-0e5ad3a7 gb-headline-text\">Dabar draugi\u0161kas pristatymo specialistas papra\u0161ys pasira\u0161yti, kad gal\u0117t\u0173 i\u0161leisti krep\u0161inio sistem\u0105. Jei ant d\u0117\u017ei\u0173 (arba sistemos) yra koki\u0173 nors matom\u0173 pa\u017eeidim\u0173, prie\u0161 pasira\u0161ydami u\u017efiksuokite konkre\u010dius pa\u017eeidimus pristatymo lape ir nufotografuokite.<br>Jei prek\u0117s buvo pa\u017eeistos, priimkite siunt\u0105 ir nedelsdami susisiekite su mumis. El. lai\u0161ke pateikite nuotraukas ir mes paspartinsime atsargini\u0173 dali\u0173 pristatym\u0105. <\/p>\n\n\n\n<figure class=\"wp-block-image size-full is-resized\"><img loading=\"lazy\" decoding=\"async\" width=\"750\" height=\"750\" src=\"https:\/\/oncourt.online\/wp-content\/uploads\/2021\/10\/MegaDlam-Installation-Dig-and-Pour.png\" alt=\"\" class=\"wp-image-319\" style=\"width:188px;height:188px\" srcset=\"https:\/\/oncourt.online\/wp-content\/uploads\/2021\/10\/MegaDlam-Installation-Dig-and-Pour.png 750w, https:\/\/oncourt.online\/wp-content\/uploads\/2021\/10\/MegaDlam-Installation-Dig-and-Pour-100x100.png 100w, https:\/\/oncourt.online\/wp-content\/uploads\/2021\/10\/MegaDlam-Installation-Dig-and-Pour-545x545.png 545w\" sizes=\"auto, (max-width: 750px) 100vw, 750px\" \/><\/figure>\n\n\n\n<h3 class=\"gb-headline gb-headline-a22b1bbf gb-headline-text\">\u012erengimas<\/h3>\n\n\n\n<p class=\"gb-headline gb-headline-507bcc99 gb-headline-text\">Kai lankas pristatytas, laikas<a href=\"https:\/\/oncourt.online\/lt\/gidai\/montavimas\/krepsinio-stovo-irengimo-vadovas\/\"> <em><strong>sumontuokite krep\u0161inio lank\u0105<\/strong><\/em><\/a>.<\/p>\n\n<\/div>\n<\/div>","protected":false},"excerpt":{"rendered":"<p> ... <a title=\"Pristatymas ir siuntimas\" class=\"read-more\" href=\"https:\/\/oncourt.online\/lt\/shipping-delivery\/\" aria-label=\"Read more about Shipping And Delivery\">Skaityti daugiau<\/a><\/p>","protected":false},"author":2,"featured_media":6877,"parent":0,"menu_order":24,"comment_status":"closed","ping_status":"closed","template":"","meta":{"_acf_changed":false,"inline_featured_image":false,"footnotes":""},"class_list":{"0":"post-6797","1":"page","2":"type-page","3":"status-publish","4":"has-post-thumbnail","6":"infinite-scroll-item","7":"no-featured-image-padding","8":"resize-featured-image"},"acf":[],"yoast_head":"<!-- This site is optimized with the Yoast SEO Premium plugin v26.8 (Yoast SEO v26.9) - https:\/\/yoast.com\/product\/yoast-seo-premium-wordpress\/ -->\n<title>Shipping &amp; Delivery Information | OnCourt<\/title>\n<meta name=\"description\" content=\"Shipping and delivery information, including delivery methods, access planning, handling advice, and important notes for OnCourt orders.\" \/>\n<meta name=\"robots\" content=\"index, follow, max-snippet:-1, max-image-preview:large, max-video-preview:-1\" \/>\n<link rel=\"canonical\" href=\"https:\/\/oncourt.online\/lt\/pristatymas-pristatymas\/\" \/>\n<meta property=\"og:locale\" content=\"lt_LT\" \/>\n<meta property=\"og:type\" content=\"article\" \/>\n<meta property=\"og:title\" content=\"Shipping And Delivery\" \/>\n<meta property=\"og:description\" content=\"Shipping and delivery information, including delivery methods, access planning, handling advice, and important notes for OnCourt orders.\" \/>\n<meta property=\"og:url\" content=\"https:\/\/oncourt.online\/lt\/pristatymas-pristatymas\/\" \/>\n<meta property=\"og:site_name\" content=\"OnCourt Online\" \/>\n<meta property=\"article:publisher\" content=\"https:\/\/www.facebook.com\/oncourt.online\/\" \/>\n<meta property=\"article:modified_time\" content=\"2026-01-09T02:04:24+00:00\" \/>\n<meta property=\"og:image\" content=\"https:\/\/oncourt.online\/wp-content\/uploads\/2022\/05\/OnCourt-Shipping-and-Delivery-Header.jpg\" \/>\n\t<meta property=\"og:image:width\" content=\"1440\" \/>\n\t<meta property=\"og:image:height\" content=\"498\" \/>\n\t<meta property=\"og:image:type\" content=\"image\/jpeg\" \/>\n<meta name=\"twitter:card\" content=\"summary_large_image\" \/>\n<meta name=\"twitter:label1\" content=\"Est. reading time\" \/>\n\t<meta name=\"twitter:data1\" content=\"6 minut\u0117s\" \/>\n<!-- \/ Yoast SEO Premium plugin. -->","yoast_head_json":{"title":"Pristatymo ir Siuntimo Informacija | OnCourt","description":"Siuntimo ir pristatymo informacija, \u012fskaitant pristatymo b\u016bdus, prieigos planavim\u0105, tvarkymo patarimus ir svarbias pastabas OnCourt u\u017esakymams.","robots":{"index":"index","follow":"follow","max-snippet":"max-snippet:-1","max-image-preview":"max-image-preview:large","max-video-preview":"max-video-preview:-1"},"canonical":"https:\/\/oncourt.online\/lt\/pristatymas-pristatymas\/","og_locale":"lt_LT","og_type":"article","og_title":"Shipping And Delivery","og_description":"Shipping and delivery information, including delivery methods, access planning, handling advice, and important notes for OnCourt orders.","og_url":"https:\/\/oncourt.online\/lt\/pristatymas-pristatymas\/","og_site_name":"OnCourt Online","article_publisher":"https:\/\/www.facebook.com\/oncourt.online\/","article_modified_time":"2026-01-09T02:04:24+00:00","og_image":[{"width":1440,"height":498,"url":"https:\/\/oncourt.online\/wp-content\/uploads\/2022\/05\/OnCourt-Shipping-and-Delivery-Header.jpg","type":"image\/jpeg"}],"twitter_card":"summary_large_image","twitter_misc":{"Est. reading time":"6 minut\u0117s"},"schema":{"@context":"https:\/\/schema.org","@graph":[{"@type":"WebPage","@id":"https:\/\/oncourt.online\/lt\/shipping-delivery\/","url":"https:\/\/oncourt.online\/lt\/shipping-delivery\/","name":"Pristatymo ir Siuntimo Informacija | OnCourt","isPartOf":{"@id":"https:\/\/oncourt.online\/lt\/#website"},"primaryImageOfPage":{"@id":"https:\/\/oncourt.online\/lt\/shipping-delivery\/#primaryimage"},"image":{"@id":"https:\/\/oncourt.online\/lt\/shipping-delivery\/#primaryimage"},"thumbnailUrl":"https:\/\/oncourt.online\/wp-content\/uploads\/2022\/05\/OnCourt-Shipping-and-Delivery-Header.jpg","datePublished":"2022-05-26T13:42:42+00:00","dateModified":"2026-01-09T02:04:24+00:00","description":"Siuntimo ir pristatymo informacija, \u012fskaitant pristatymo b\u016bdus, prieigos planavim\u0105, tvarkymo patarimus ir svarbias pastabas OnCourt u\u017esakymams.","breadcrumb":{"@id":"https:\/\/oncourt.online\/lt\/shipping-delivery\/#breadcrumb"},"inLanguage":"lt-LT","potentialAction":[{"@type":"ReadAction","target":["https:\/\/oncourt.online\/lt\/shipping-delivery\/"]}]},{"@type":"ImageObject","inLanguage":"lt-LT","@id":"https:\/\/oncourt.online\/lt\/shipping-delivery\/#primaryimage","url":"https:\/\/oncourt.online\/wp-content\/uploads\/2022\/05\/OnCourt-Shipping-and-Delivery-Header.jpg","contentUrl":"https:\/\/oncourt.online\/wp-content\/uploads\/2022\/05\/OnCourt-Shipping-and-Delivery-Header.jpg","width":1440,"height":498,"caption":"Shipping & Delivery | OnCourt"},{"@type":"BreadcrumbList","@id":"https:\/\/oncourt.online\/lt\/shipping-delivery\/#breadcrumb","itemListElement":[{"@type":"ListItem","position":1,"name":"Home","item":"https:\/\/oncourt.online\/"},{"@type":"ListItem","position":2,"name":"Shipping And Delivery"}]},{"@type":"WebSite","@id":"https:\/\/oncourt.online\/lt\/#website","url":"https:\/\/oncourt.online\/lt\/","name":"\"OnCourt Online","description":"Auk\u0161tos kokyb\u0117s krep\u0161inio aik\u0161tel\u0117s","publisher":{"@id":"https:\/\/oncourt.online\/lt\/#organization"},"potentialAction":[{"@type":"SearchAction","target":{"@type":"EntryPoint","urlTemplate":"https:\/\/oncourt.online\/lt\/?s={search_term_string}"},"query-input":{"@type":"PropertyValueSpecification","valueRequired":true,"valueName":"search_term_string"}}],"inLanguage":"lt-LT"},{"@type":"Organization","@id":"https:\/\/oncourt.online\/lt\/#organization","name":"\"OnCourt Online","url":"https:\/\/oncourt.online\/lt\/","logo":{"@type":"ImageObject","inLanguage":"lt-LT","@id":"https:\/\/oncourt.online\/lt\/#\/schema\/logo\/image\/","url":"https:\/\/oncourt.online\/wp-content\/uploads\/2021\/12\/Logo_OnCourt_Black.svg","contentUrl":"https:\/\/oncourt.online\/wp-content\/uploads\/2021\/12\/Logo_OnCourt_Black.svg","width":"1024","height":"1024","caption":"OnCourt Online"},"image":{"@id":"https:\/\/oncourt.online\/lt\/#\/schema\/logo\/image\/"},"sameAs":["https:\/\/www.facebook.com\/oncourt.online\/"],"email":"info@oncourt.online"}]}},"_links":{"self":[{"href":"https:\/\/oncourt.online\/lt\/wp-json\/wp\/v2\/pages\/6797","targetHints":{"allow":["GET"]}}],"collection":[{"href":"https:\/\/oncourt.online\/lt\/wp-json\/wp\/v2\/pages"}],"about":[{"href":"https:\/\/oncourt.online\/lt\/wp-json\/wp\/v2\/types\/page"}],"author":[{"embeddable":true,"href":"https:\/\/oncourt.online\/lt\/wp-json\/wp\/v2\/users\/2"}],"replies":[{"embeddable":true,"href":"https:\/\/oncourt.online\/lt\/wp-json\/wp\/v2\/comments?post=6797"}],"version-history":[{"count":0,"href":"https:\/\/oncourt.online\/lt\/wp-json\/wp\/v2\/pages\/6797\/revisions"}],"wp:featuredmedia":[{"embeddable":true,"href":"https:\/\/oncourt.online\/lt\/wp-json\/wp\/v2\/media\/6877"}],"wp:attachment":[{"href":"https:\/\/oncourt.online\/lt\/wp-json\/wp\/v2\/media?parent=6797"}],"curies":[{"name":"wp","href":"https:\/\/api.w.org\/{rel}","templated":true}]}}