{"id":65,"date":"2021-10-19T19:24:11","date_gmt":"2021-10-19T19:24:11","guid":{"rendered":"https:\/\/oncourt.online\/?page_id=65"},"modified":"2026-01-08T05:15:10","modified_gmt":"2026-01-08T05:15:10","slug":"contact","status":"publish","type":"page","link":"https:\/\/oncourt.online\/lt\/contact\/","title":{"rendered":"Kontaktai"},"content":{"rendered":"<div>\n<div class=\"gb-element-eef79787\"><div class=\"gb-container gb-container-8ddfb2cf\">\n\n<h2 class=\"gb-headline gb-headline-1b9bf148 gb-headline-text\">Kontaktin\u0117 forma<\/h2>\n\n\n\n\n<div class=\"gb-container gb-container-51a46d57\">\n\n<div class=\"pipedriveWebForms\" data-pd-webforms=\"https:\/\/webforms.pipedrive.com\/f\/6WdPYeIodWpjw4yIXbAWwWdrPuKdvaEcVozX1Kdy1uEl1ivOk9Q3YdoNlGP7wFLZlh\"><script src=\"https:\/\/webforms.pipedrive.com\/f\/loader\"><\/script><\/div>\n\n<\/div>\n\n\n\n\n\n\n\n\n\n\n\n\n\n\n\n\n\n\n\n\n\n\n\n\n<\/div>\n\n<div class=\"gb-container gb-container-370f1497\">\n\n<h2 class=\"gb-headline gb-headline-d2b3af67 gb-headline-text\">Pa\u0161to adresas<\/h2>\n\n\n\n<p class=\"gb-headline gb-headline-53729442 gb-headline-text\">\"OnCourt Online<\/p>\n\n\n\n<p class=\"gb-headline gb-headline-a85757a0 gb-headline-text\">Mosten 13<\/p>\n\n\n\n<p class=\"gb-headline gb-headline-c7abffb0 gb-headline-text\">Lokerenas<\/p>\n\n\n\n<p class=\"gb-headline gb-headline-285421dc gb-headline-text\">Antverpenas<\/p>\n\n\n\n<p class=\"gb-headline gb-headline-07c1f1ce gb-headline-text\">BE-9160<\/p>\n\n\n\n<p class=\"gb-headline gb-headline-bb64b586 gb-headline-text\">Belgija<\/p>\n\n\n\n<p>++44 (0)1962 809206<\/p>\n\n\n\n<ul class=\"wp-block-social-links has-normal-icon-size is-layout-flex wp-block-social-links-is-layout-flex\"><li class=\"wp-social-link wp-social-link-facebook  wp-block-social-link\"><a href=\"https:\/\/facebook.com\/oncourt.online\" class=\"wp-block-social-link-anchor\"><svg width=\"24\" height=\"24\" viewbox=\"0 0 24 24\" version=\"1.1\" xmlns=\"http:\/\/www.w3.org\/2000\/svg\" aria-hidden=\"true\" focusable=\"false\"><path d=\"M12 2C6.5 2 2 6.5 2 12c0 5 3.7 9.1 8.4 9.9v-7H7.9V12h2.5V9.8c0-2.5 1.5-3.9 3.8-3.9 1.1 0 2.2.2 2.2.2v2.5h-1.3c-1.2 0-1.6.8-1.6 1.6V12h2.8l-.4 2.9h-2.3v7C18.3 21.1 22 17 22 12c0-5.5-4.5-10-10-10z\"><\/path><\/svg><span class=\"wp-block-social-link-label screen-reader-text\">\"Facebook\"<\/span><\/a><\/li>\n\n<li class=\"wp-social-link wp-social-link-instagram  wp-block-social-link\"><a href=\"https:\/\/instagram.com\/oncourt.online\" class=\"wp-block-social-link-anchor\"><svg width=\"24\" height=\"24\" viewbox=\"0 0 24 24\" version=\"1.1\" xmlns=\"http:\/\/www.w3.org\/2000\/svg\" aria-hidden=\"true\" focusable=\"false\"><path d=\"M12,4.622c2.403,0,2.688,0.009,3.637,0.052c0.877,0.04,1.354,0.187,1.671,0.31c0.42,0.163,0.72,0.358,1.035,0.673 c0.315,0.315,0.51,0.615,0.673,1.035c0.123,0.317,0.27,0.794,0.31,1.671c0.043,0.949,0.052,1.234,0.052,3.637 s-0.009,2.688-0.052,3.637c-0.04,0.877-0.187,1.354-0.31,1.671c-0.163,0.42-0.358,0.72-0.673,1.035 c-0.315,0.315-0.615,0.51-1.035,0.673c-0.317,0.123-0.794,0.27-1.671,0.31c-0.949,0.043-1.233,0.052-3.637,0.052 s-2.688-0.009-3.637-0.052c-0.877-0.04-1.354-0.187-1.671-0.31c-0.42-0.163-0.72-0.358-1.035-0.673 c-0.315-0.315-0.51-0.615-0.673-1.035c-0.123-0.317-0.27-0.794-0.31-1.671C4.631,14.688,4.622,14.403,4.622,12 s0.009-2.688,0.052-3.637c0.04-0.877,0.187-1.354,0.31-1.671c0.163-0.42,0.358-0.72,0.673-1.035 c0.315-0.315,0.615-0.51,1.035-0.673c0.317-0.123,0.794-0.27,1.671-0.31C9.312,4.631,9.597,4.622,12,4.622 M12,3 C9.556,3,9.249,3.01,8.289,3.054C7.331,3.098,6.677,3.25,6.105,3.472C5.513,3.702,5.011,4.01,4.511,4.511 c-0.5,0.5-0.808,1.002-1.038,1.594C3.25,6.677,3.098,7.331,3.054,8.289C3.01,9.249,3,9.556,3,12c0,2.444,0.01,2.751,0.054,3.711 c0.044,0.958,0.196,1.612,0.418,2.185c0.23,0.592,0.538,1.094,1.038,1.594c0.5,0.5,1.002,0.808,1.594,1.038 c0.572,0.222,1.227,0.375,2.185,0.418C9.249,20.99,9.556,21,12,21s2.751-0.01,3.711-0.054c0.958-0.044,1.612-0.196,2.185-0.418 c0.592-0.23,1.094-0.538,1.594-1.038c0.5-0.5,0.808-1.002,1.038-1.594c0.222-0.572,0.375-1.227,0.418-2.185 C20.99,14.751,21,14.444,21,12s-0.01-2.751-0.054-3.711c-0.044-0.958-0.196-1.612-0.418-2.185c-0.23-0.592-0.538-1.094-1.038-1.594 c-0.5-0.5-1.002-0.808-1.594-1.038c-0.572-0.222-1.227-0.375-2.185-0.418C14.751,3.01,14.444,3,12,3L12,3z M12,7.378 c-2.552,0-4.622,2.069-4.622,4.622S9.448,16.622,12,16.622s4.622-2.069,4.622-4.622S14.552,7.378,12,7.378z M12,15 c-1.657,0-3-1.343-3-3s1.343-3,3-3s3,1.343,3,3S13.657,15,12,15z M16.804,6.116c-0.596,0-1.08,0.484-1.08,1.08 s0.484,1.08,1.08,1.08c0.596,0,1.08-0.484,1.08-1.08S17.401,6.116,16.804,6.116z\"><\/path><\/svg><span class=\"wp-block-social-link-label screen-reader-text\">\"Instagram\"<\/span><\/a><\/li>\n\n<li class=\"wp-social-link wp-social-link-twitter  wp-block-social-link\"><a href=\"https:\/\/twitter.com\/Oncourt_Online\" class=\"wp-block-social-link-anchor\"><svg width=\"24\" height=\"24\" viewbox=\"0 0 24 24\" version=\"1.1\" xmlns=\"http:\/\/www.w3.org\/2000\/svg\" aria-hidden=\"true\" focusable=\"false\"><path d=\"M22.23,5.924c-0.736,0.326-1.527,0.547-2.357,0.646c0.847-0.508,1.498-1.312,1.804-2.27 c-0.793,0.47-1.671,0.812-2.606,0.996C18.324,4.498,17.257,4,16.077,4c-2.266,0-4.103,1.837-4.103,4.103 c0,0.322,0.036,0.635,0.106,0.935C8.67,8.867,5.647,7.234,3.623,4.751C3.27,5.357,3.067,6.062,3.067,6.814 c0,1.424,0.724,2.679,1.825,3.415c-0.673-0.021-1.305-0.206-1.859-0.513c0,0.017,0,0.034,0,0.052c0,1.988,1.414,3.647,3.292,4.023 c-0.344,0.094-0.707,0.144-1.081,0.144c-0.264,0-0.521-0.026-0.772-0.074c0.522,1.63,2.038,2.816,3.833,2.85 c-1.404,1.1-3.174,1.756-5.096,1.756c-0.331,0-0.658-0.019-0.979-0.057c1.816,1.164,3.973,1.843,6.29,1.843 c7.547,0,11.675-6.252,11.675-11.675c0-0.178-0.004-0.355-0.012-0.531C20.985,7.47,21.68,6.747,22.23,5.924z\"><\/path><\/svg><span class=\"wp-block-social-link-label screen-reader-text\">Twitter<\/span><\/a><\/li>\n\n<li class=\"wp-social-link wp-social-link-vimeo  wp-block-social-link\"><a href=\"https:\/\/vimeo.com\/user114000605\" class=\"wp-block-social-link-anchor\"><svg width=\"24\" height=\"24\" viewbox=\"0 0 24 24\" version=\"1.1\" xmlns=\"http:\/\/www.w3.org\/2000\/svg\" aria-hidden=\"true\" focusable=\"false\"><path d=\"M22.396,7.164c-0.093,2.026-1.507,4.799-4.245,8.32C15.322,19.161,12.928,21,10.97,21c-1.214,0-2.24-1.119-3.079-3.359 c-0.56-2.053-1.119-4.106-1.68-6.159C5.588,9.243,4.921,8.122,4.206,8.122c-0.156,0-0.701,0.328-1.634,0.98L1.594,7.841 c1.027-0.902,2.04-1.805,3.037-2.708C6.001,3.95,7.03,3.327,7.715,3.264c1.619-0.156,2.616,0.951,2.99,3.321 c0.404,2.557,0.685,4.147,0.841,4.769c0.467,2.121,0.981,3.181,1.542,3.181c0.435,0,1.09-0.688,1.963-2.065 c0.871-1.376,1.338-2.422,1.401-3.142c0.125-1.187-0.343-1.782-1.401-1.782c-0.498,0-1.012,0.115-1.541,0.341 c1.023-3.35,2.977-4.977,5.862-4.884C21.511,3.066,22.52,4.453,22.396,7.164z\"><\/path><\/svg><span class=\"wp-block-social-link-label screen-reader-text\">\"Vimeo\"<\/span><\/a><\/li><\/ul>\n\n<\/div><\/div>\n<\/div>","protected":false},"excerpt":{"rendered":"<p> ... <a title=\"Kontaktai\" class=\"read-more\" href=\"https:\/\/oncourt.online\/lt\/contact\/\" aria-label=\"Read more about Contact\">Skaityti daugiau<\/a><\/p>","protected":false},"author":2,"featured_media":6877,"parent":0,"menu_order":10,"comment_status":"closed","ping_status":"closed","template":"","meta":{"_acf_changed":false,"inline_featured_image":false,"footnotes":""},"class_list":{"0":"post-65","1":"page","2":"type-page","3":"status-publish","4":"has-post-thumbnail","6":"infinite-scroll-item","7":"no-featured-image-padding","8":"resize-featured-image"},"acf":[],"yoast_head":"<!-- This site is optimized with the Yoast SEO Premium plugin v26.8 (Yoast SEO v26.9) - https:\/\/yoast.com\/product\/yoast-seo-premium-wordpress\/ -->\n<title>Contact - OnCourt Online<\/title>\n<meta name=\"description\" content=\"Contact OnCourt UK. Let\u2019s talk about your court project. Call ++44 (0)1962 809 206 or email info@oncourt.online\" \/>\n<meta name=\"robots\" content=\"index, follow, max-snippet:-1, max-image-preview:large, max-video-preview:-1\" \/>\n<link rel=\"canonical\" href=\"https:\/\/oncourt.online\/lt\/contact\/\" \/>\n<meta property=\"og:locale\" content=\"lt_LT\" \/>\n<meta property=\"og:type\" content=\"article\" \/>\n<meta property=\"og:title\" content=\"Contact\" \/>\n<meta property=\"og:description\" content=\"Contact OnCourt UK. Let\u2019s talk about your court project. Call ++44 (0)1962 809 206 or email info@oncourt.online\" \/>\n<meta property=\"og:url\" content=\"https:\/\/oncourt.online\/lt\/contact\/\" \/>\n<meta property=\"og:site_name\" content=\"OnCourt Online\" \/>\n<meta property=\"article:publisher\" content=\"https:\/\/www.facebook.com\/oncourt.online\/\" \/>\n<meta property=\"article:modified_time\" content=\"2026-01-08T05:15:10+00:00\" \/>\n<meta property=\"og:image\" content=\"https:\/\/oncourt.online\/wp-content\/uploads\/2022\/05\/OnCourt-Shipping-and-Delivery-Header.jpg\" \/>\n\t<meta property=\"og:image:width\" content=\"1440\" \/>\n\t<meta property=\"og:image:height\" content=\"498\" \/>\n\t<meta property=\"og:image:type\" content=\"image\/jpeg\" \/>\n<meta name=\"twitter:card\" content=\"summary_large_image\" \/>\n<meta name=\"twitter:label1\" content=\"Est. reading time\" \/>\n\t<meta name=\"twitter:data1\" content=\"1 minut\u0117\" \/>\n<!-- \/ Yoast SEO Premium plugin. -->","yoast_head_json":{"title":"Kontaktai - OnCourt Online","description":"Susisiekite su \u201eOnCourt UK\u201c. Pakalb\u0117kime apie j\u016bs\u0173 kort\u0173 projekt\u0105. Skambinkite ++44 (0)1962 809 206 arba ra\u0161ykite el. pa\u0161tu info@oncourt.online","robots":{"index":"index","follow":"follow","max-snippet":"max-snippet:-1","max-image-preview":"max-image-preview:large","max-video-preview":"max-video-preview:-1"},"canonical":"https:\/\/oncourt.online\/lt\/contact\/","og_locale":"lt_LT","og_type":"article","og_title":"Contact","og_description":"Contact OnCourt UK. Let\u2019s talk about your court project. Call ++44 (0)1962 809 206 or email info@oncourt.online","og_url":"https:\/\/oncourt.online\/lt\/contact\/","og_site_name":"OnCourt Online","article_publisher":"https:\/\/www.facebook.com\/oncourt.online\/","article_modified_time":"2026-01-08T05:15:10+00:00","og_image":[{"width":1440,"height":498,"url":"https:\/\/oncourt.online\/wp-content\/uploads\/2022\/05\/OnCourt-Shipping-and-Delivery-Header.jpg","type":"image\/jpeg"}],"twitter_card":"summary_large_image","twitter_misc":{"Est. reading time":"1 minut\u0117"},"schema":{"@context":"https:\/\/schema.org","@graph":[{"@type":"WebPage","@id":"https:\/\/oncourt.online\/lt\/contact\/","url":"https:\/\/oncourt.online\/lt\/contact\/","name":"Kontaktai - OnCourt Online","isPartOf":{"@id":"https:\/\/oncourt.online\/lt\/#website"},"primaryImageOfPage":{"@id":"https:\/\/oncourt.online\/lt\/contact\/#primaryimage"},"image":{"@id":"https:\/\/oncourt.online\/lt\/contact\/#primaryimage"},"thumbnailUrl":"https:\/\/oncourt.online\/wp-content\/uploads\/2022\/05\/OnCourt-Shipping-and-Delivery-Header.jpg","datePublished":"2021-10-19T19:24:11+00:00","dateModified":"2026-01-08T05:15:10+00:00","description":"Susisiekite su \u201eOnCourt UK\u201c. Pakalb\u0117kime apie j\u016bs\u0173 kort\u0173 projekt\u0105. Skambinkite ++44 (0)1962 809 206 arba ra\u0161ykite el. pa\u0161tu info@oncourt.online","breadcrumb":{"@id":"https:\/\/oncourt.online\/lt\/contact\/#breadcrumb"},"inLanguage":"lt-LT","potentialAction":[{"@type":"ReadAction","target":["https:\/\/oncourt.online\/lt\/contact\/"]}]},{"@type":"ImageObject","inLanguage":"lt-LT","@id":"https:\/\/oncourt.online\/lt\/contact\/#primaryimage","url":"https:\/\/oncourt.online\/wp-content\/uploads\/2022\/05\/OnCourt-Shipping-and-Delivery-Header.jpg","contentUrl":"https:\/\/oncourt.online\/wp-content\/uploads\/2022\/05\/OnCourt-Shipping-and-Delivery-Header.jpg","width":1440,"height":498,"caption":"Shipping & Delivery | OnCourt"},{"@type":"BreadcrumbList","@id":"https:\/\/oncourt.online\/lt\/contact\/#breadcrumb","itemListElement":[{"@type":"ListItem","position":1,"name":"Home","item":"https:\/\/oncourt.online\/"},{"@type":"ListItem","position":2,"name":"Contact"}]},{"@type":"WebSite","@id":"https:\/\/oncourt.online\/lt\/#website","url":"https:\/\/oncourt.online\/lt\/","name":"\"OnCourt Online","description":"Auk\u0161tos kokyb\u0117s krep\u0161inio aik\u0161tel\u0117s","publisher":{"@id":"https:\/\/oncourt.online\/lt\/#organization"},"potentialAction":[{"@type":"SearchAction","target":{"@type":"EntryPoint","urlTemplate":"https:\/\/oncourt.online\/lt\/?s={search_term_string}"},"query-input":{"@type":"PropertyValueSpecification","valueRequired":true,"valueName":"search_term_string"}}],"inLanguage":"lt-LT"},{"@type":"Organization","@id":"https:\/\/oncourt.online\/lt\/#organization","name":"\"OnCourt Online","url":"https:\/\/oncourt.online\/lt\/","logo":{"@type":"ImageObject","inLanguage":"lt-LT","@id":"https:\/\/oncourt.online\/lt\/#\/schema\/logo\/image\/","url":"https:\/\/oncourt.online\/wp-content\/uploads\/2021\/12\/Logo_OnCourt_Black.svg","contentUrl":"https:\/\/oncourt.online\/wp-content\/uploads\/2021\/12\/Logo_OnCourt_Black.svg","width":"1024","height":"1024","caption":"OnCourt Online"},"image":{"@id":"https:\/\/oncourt.online\/lt\/#\/schema\/logo\/image\/"},"sameAs":["https:\/\/www.facebook.com\/oncourt.online\/"],"email":"info@oncourt.online"}]}},"_links":{"self":[{"href":"https:\/\/oncourt.online\/lt\/wp-json\/wp\/v2\/pages\/65","targetHints":{"allow":["GET"]}}],"collection":[{"href":"https:\/\/oncourt.online\/lt\/wp-json\/wp\/v2\/pages"}],"about":[{"href":"https:\/\/oncourt.online\/lt\/wp-json\/wp\/v2\/types\/page"}],"author":[{"embeddable":true,"href":"https:\/\/oncourt.online\/lt\/wp-json\/wp\/v2\/users\/2"}],"replies":[{"embeddable":true,"href":"https:\/\/oncourt.online\/lt\/wp-json\/wp\/v2\/comments?post=65"}],"version-history":[{"count":0,"href":"https:\/\/oncourt.online\/lt\/wp-json\/wp\/v2\/pages\/65\/revisions"}],"wp:featuredmedia":[{"embeddable":true,"href":"https:\/\/oncourt.online\/lt\/wp-json\/wp\/v2\/media\/6877"}],"wp:attachment":[{"href":"https:\/\/oncourt.online\/lt\/wp-json\/wp\/v2\/media?parent=65"}],"curies":[{"name":"wp","href":"https:\/\/api.w.org\/{rel}","templated":true}]}}