{"id":428,"date":"2021-10-22T11:43:33","date_gmt":"2021-10-22T11:43:33","guid":{"rendered":"https:\/\/oncourt.online\/?page_id=428"},"modified":"2026-01-03T03:34:58","modified_gmt":"2026-01-03T03:34:58","slug":"viso-gyvenimo-garantija","status":"publish","type":"page","link":"https:\/\/oncourt.online\/lt\/basketball-hoops\/lifetime-warranty\/","title":{"rendered":"Viso gyvenimo garantija"},"content":{"rendered":"<div class=\"gb-element-118ef599\">\n<div class=\"gb-element-d7eed537\">\n<h2 class=\"gb-headline gb-headline-96ad026f gb-headline-text\">Tinka visam gyvenimui, kai m\u0117tote, dau\u017eote ir u\u017esukate<\/h2>\n\n\n\n<p class=\"gb-headline gb-headline-78623ab6 gb-headline-text\">\u201eMega Slam Hoops\u201c ir \u201eOnCourt\u201c yra \u012fsipareigojusios tiekti geriausias nam\u0173 krep\u0161inio sistemas, kurias galima \u012fsigyti u\u017e pinigus. \u201eMega Slam\u201c produktai yra sukurti taip, kad tarnaut\u0173 vis\u0105 gyvenim\u0105. Tod\u0117l logi\u0161ka, kad garantija taip pat galioja vis\u0105 gyvenim\u0105.<br>Toki\u0173 pa\u017ead\u0173 nerasite pas kitus lank\u0173 gamintojus. Ties\u0105 sakant, mes palaikome \"Mega Slam Hoops\" krep\u0161inio sistemas ir garantuojame puik\u0173 veikim\u0105 vis\u0105 \u017eaidimo laik\u0105, net iki ver\u017eli\u0173 ir var\u017et\u0173.<\/p>\n\n\n\n<p class=\"gb-headline gb-headline-c6f59d0a gb-headline-text\"><br><strong>KREP\u0160INIO SISTEM\u0172 RIBOTA VISO GYVENIMO GARANTIJA<\/strong><br>LIMITUOTA VIS\u0104 GYVENIM\u0104 trunkanti GARANTIJA taikoma tik pirminiam ma\u017emeniniam vartotojui pirk\u0117jui, kuriam suteikiama garantija, kad \"Mega Slam Hoops\" (toliau - gaminys) strukt\u016briniai komponentai neturi med\u017eiag\u0173 ir gamybos defekt\u0173, atsi\u017evelgiant \u012f toliau apra\u0161ytus apribojimus. \"Defektai\" apibr\u0117\u017eiami kaip tr\u016bkumai, kurie trukdo naudoti gamin\u012f.<\/p>\n\n\n\n<p>THE LIMITED LIFETIME WARRANTY COVERAGE IS EXTENDED ONLY TO THE ORIGINAL RETAIL PURCHASER AND TERMINATES IF THE ORIGINAL RETAIL PURCHASER OTHERWISE TRANSFERS OR SELLS THE PRODUCT. THIS WARRANTY IS VOID IF THE PRODUCT HAS BEEN DAMAGED BY IMPROPER SERVICE, NEGLIGENCE, ACCIDENT, UNREASONABLE USE, IMPROPER INSTALLATION, OR OTHER CAUSES NOT RESULTING FROM DEFECTS IN MATERIAL AND WORKMANSHIP. <\/p>\n\n\n\n<p>Subject to proper installation in accordance with the installation instructions; normal residential use for glass backboards; normal basketball related activities; and has been maintained in agreement with the instructions.<\/p>\n\n\n\n<p class=\"gb-headline gb-headline-1de06637 gb-headline-text\"><br><strong>GARANTINIAI REIKALAVIMAI<\/strong><br>Proof of purchase by the original retail Consumer Purchaser is required for all warranty claims.<\/p>\n\n\n\n<p>Mega Sports UK Ltd reserves the right to examine physical evidence or photographs of the Product, or component parts, claimed to be defective, and to recover said Product, prior to authorising a warranty claim. If applicable, a \u201cReturn Merchandise Authorisation\u201d (RMA) number will be required prior to shipping damaged Product by original retail Consumer Purchaser with freight prepaid.<\/p>\n\n\n\n<p>In returning a Product or component part for repair or replacement under this warranty, the original Consumer Purchaser must prepay all shipping transportation, insurance and delivery costs, and the Product or component parts, must be delivered in either its original carton or a similar package affording an equal degree of protection.<\/p>\n\n\n\n<p>Mega Sports UK Ltd will not be responsible for any loss or damage incurred in connection with the return of this Product or component parts.<\/p>\n\n\n\n<p>Ribota viso gyvenimo garantija netaikoma \u0161iems dalykams:<\/p>\n\n\n\n<p>\u0160i garantija netaikoma jokiam gaminiui, kuris buvo netinkamai naudojamas, piktnaud\u017eiaujama, naudojamas ne pagal paskirt\u012f, aplaid\u017eiai, pakeistas, atsitiktinai, netinkamai sumontuotas, vandalizmo ar gaisro metu.<\/p>\n\n\n\n<p>da\u017eai, sur\u016bdijusios dalys, pavir\u0161iaus \u012fbr\u0117\u017eimai, i\u0161blukimas, spalvos pasikeitimas ar \u012ftr\u016bkimai, kurie neturi \u012ftakos gaminio funkcionalumui.<\/p>\n\n\n\n<p>sugadinimas ar nusid\u0117v\u0117jimas d\u0117l laiko ar \u012fprasto nusid\u0117v\u0117jimo.<\/p>\n\n\n\n<p>\u017dala, atsiradusi d\u0117l \"nenugalimos j\u0117gos\", apima, bet neapsiriboja tokiais atvejais kaip potvynis, tornadas, kru\u0161a, \u017eaibas, sm\u0117lio audra, v\u0117jo audra ar \u017eem\u0117s dreb\u0117jimas.<\/p>\n\n\n\n<p>\u017dala, atsiradusi d\u0117l \"aplinkos veiksni\u0173\", apima, be kita ko, tokius dalykus kaip ore esantys krituliai, chemin\u0117s med\u017eiagos, vandenyno purslai ar v\u0117jo ne\u0161amas sm\u0117lis.<\/p>\n\n\n\n<p>Garantuot\u0173 ar pakeist\u0173 preki\u0173 pristatymo \u012f abi puses i\u0161laidas turi i\u0161 anksto apmok\u0117ti pradinis ma\u017emeninis vartotojas pirk\u0117jas.<\/p>\n\n\n\n<p>prekybos atstov\u0173 aptarnavimo mokes\u010diai, darbo s\u0105naudos arba kelion\u0117s i\u0161laidos. U\u017e visas darbo, kelion\u0117s ir kitas i\u0161laidas, susijusias su gaminio montavimu, tikrinimu, aptarnavimu, keitimu ar sudedam\u0173j\u0173 dali\u0173 keitimu, atsako pirminis ma\u017emeninis vartotojas pirk\u0117jas.<\/p>\n\n\n\n<p>\u0160I GARANTIJA AI\u0160KIAI PAKEI\u010cIA VISAS KITAS AI\u0160KIAI I\u0160REIK\u0160TAS AR NUMANOMAS GARANTIJAS, \u012eSKAITANT, BET NEAPSIRIBOJANT, BET KOKIAS NUMANOMAS GARANTIJAS D\u0116L TINKAMUMO PARDUOTI AR TINKAMUMO KONKRE\u010cIAM TIKSLUI, IR VISUS KITUS MEGA SPORTS UK LTD \u012eSIPAREIGOJIMUS, TA\u010cIAU SU S\u0104LYGA, KAD, JEI NUMANOM\u0172 GARANTIJ\u0172 ATSISAKYMAS GALIOJA PAGAL GALIOJAN\u010cIUS \u012eSTATYMUS, BET KOKI\u0172 NUMANOM\u0172 GARANTIJ\u0172, ATSIRANDAN\u010cI\u0172 PAGAL \u012eSTATYMUS, TRUKM\u0116 APRIBOJAMA IKI VIENERI\u0172 (1) MET\u0172 NUO \u012eSIGIJIMO DATOS ARBA ILGESNIO LAIKOTARPIO, KURIO GALI B\u016aTI REIKALAUJAMA PAGAL GALIOJAN\u010cIUS \u012eSTATYMUS.<\/p>\n\n\n\n<p>MEGA SPORTS UK LTD HEREBY DISCLAIMS ANY AND ALL LIABILITY FOR CONSEQUENTIAL AND INCIDENTAL DAMAGES ARISING OUT OF OR IN CONNECTION WITH ANY BREACH OF THIS WARRANTY OR ANY OTHER CLAIM WITH RESPECT TO THIS PRODUCT, INCLUDING BUT NOT LIMITED TO, CLAIMS OF NEGLIGENCE, STRICT LIABILITY IN TORT OR BREACH OF CONTRACT.<\/p>\n\n\n\n<p>SOME STATES DO NOT ALLOW (A) LIMITATIONS ON HOW LONG AN IMPLIED WARRANTY LASTS OR (B) THE EXCLUSION OR LIMITATION OF INCIDENTAL OR CONSEQUENTIAL DAMAGES, SO THE ABOVE LIMITATIONS OR EXCLUSIONS MAY NOT APPLY TO YOU. THIS WARRANTY GIVES YOU SPECIFIC LEGAL RIGHTS AND YOU MAY HAVE OTHER RIGHTS WHICH VARY FROM STATE TO STATE.<\/p>\n\n\n\n<p>FOR THE ORIGINAL RETAIL PURCHASER TO SUBMIT A WARRANTY CLAIM, CALL OR WRITE MEGA SLAM HOOPS UK.<\/p>\n\n\n\n<p>TELEFONAS<br>020 3920 7400<br><br>EMAIL<br>support@megaslamhoops.uk<br>PA\u0160TO ADRESAS<br><br>\"Mega Slam UK<br>The Hollies, Station Road, Chilbolton<br>Stokbrid\u017eas, Hamp\u0161yras<br>Jungtin\u0117 Karalyst\u0117, SO20 6AL<\/p>\n<\/div>\n<\/div>","protected":false},"excerpt":{"rendered":"<p> ... <a title=\"Viso gyvenimo garantija\" class=\"read-more\" href=\"https:\/\/oncourt.online\/lt\/basketball-hoops\/lifetime-warranty\/\" aria-label=\"Read more about Lifetime Warranty\">Skaityti daugiau<\/a><\/p>","protected":false},"author":2,"featured_media":362,"parent":34,"menu_order":0,"comment_status":"closed","ping_status":"closed","template":"","meta":{"_acf_changed":false,"inline_featured_image":false,"footnotes":""},"class_list":{"0":"post-428","1":"page","2":"type-page","3":"status-publish","4":"has-post-thumbnail","6":"infinite-scroll-item","7":"no-featured-image-padding","8":"resize-featured-image"},"acf":[],"yoast_head":"<!-- This site is optimized with the Yoast SEO Premium plugin v26.8 (Yoast SEO v27.3) - https:\/\/yoast.com\/product\/yoast-seo-premium-wordpress\/ -->\n<title>Lifetime Warranty - OnCourt Online<\/title>\n<meta name=\"description\" content=\"Mega Slam Hoops and OnCourt are committed to providing the best residential basketball systems that your money can buy.\" \/>\n<meta name=\"robots\" content=\"index, follow, max-snippet:-1, max-image-preview:large, max-video-preview:-1\" \/>\n<link rel=\"canonical\" href=\"https:\/\/oncourt.online\/lt\/krepsinio-lankai\/viso-gyvenimo-garantija\/\" \/>\n<meta property=\"og:locale\" content=\"lt_LT\" \/>\n<meta property=\"og:type\" content=\"article\" \/>\n<meta property=\"og:title\" content=\"Lifetime Warranty\" \/>\n<meta property=\"og:description\" content=\"Mega Slam Hoops and OnCourt are committed to providing the best residential basketball systems that your money can buy.\" \/>\n<meta property=\"og:url\" content=\"https:\/\/oncourt.online\/lt\/krepsinio-lankai\/viso-gyvenimo-garantija\/\" \/>\n<meta property=\"og:site_name\" content=\"OnCourt Online\" \/>\n<meta property=\"article:publisher\" content=\"https:\/\/www.facebook.com\/oncourt.online\/\" \/>\n<meta property=\"article:modified_time\" content=\"2026-01-03T03:34:58+00:00\" \/>\n<meta property=\"og:image\" content=\"https:\/\/oncourt.online\/wp-content\/uploads\/2021\/10\/Mega-Slam-Hoops-Lifetime-Warranty.png\" \/>\n\t<meta property=\"og:image:width\" content=\"300\" \/>\n\t<meta property=\"og:image:height\" content=\"300\" \/>\n\t<meta property=\"og:image:type\" content=\"image\/png\" \/>\n<meta name=\"twitter:card\" content=\"summary_large_image\" \/>\n<meta name=\"twitter:label1\" content=\"Est. reading time\" \/>\n\t<meta name=\"twitter:data1\" content=\"4 minut\u0117s\" \/>\n<!-- \/ Yoast SEO Premium plugin. -->","yoast_head_json":{"title":"Viso gyvenimo garantija - OnCourt Online","description":"\"Mega Slam Hoops\" ir \"OnCourt\" yra \u012fsipareigojusios tiekti geriausias gyvenam\u0173j\u0173 nam\u0173 krep\u0161inio sistemas, kurias galite \u012fsigyti u\u017e savo pinigus.","robots":{"index":"index","follow":"follow","max-snippet":"max-snippet:-1","max-image-preview":"max-image-preview:large","max-video-preview":"max-video-preview:-1"},"canonical":"https:\/\/oncourt.online\/lt\/krepsinio-lankai\/viso-gyvenimo-garantija\/","og_locale":"lt_LT","og_type":"article","og_title":"Lifetime Warranty","og_description":"Mega Slam Hoops and OnCourt are committed to providing the best residential basketball systems that your money can buy.","og_url":"https:\/\/oncourt.online\/lt\/krepsinio-lankai\/viso-gyvenimo-garantija\/","og_site_name":"OnCourt Online","article_publisher":"https:\/\/www.facebook.com\/oncourt.online\/","article_modified_time":"2026-01-03T03:34:58+00:00","og_image":[{"width":300,"height":300,"url":"https:\/\/oncourt.online\/wp-content\/uploads\/2021\/10\/Mega-Slam-Hoops-Lifetime-Warranty.png","type":"image\/png"}],"twitter_card":"summary_large_image","twitter_misc":{"Est. reading time":"4 minut\u0117s"},"schema":{"@context":"https:\/\/schema.org","@graph":[{"@type":"WebPage","@id":"https:\/\/oncourt.online\/lt\/basketball-hoops\/lifetime-warranty\/","url":"https:\/\/oncourt.online\/lt\/basketball-hoops\/lifetime-warranty\/","name":"Viso gyvenimo garantija - OnCourt Online","isPartOf":{"@id":"https:\/\/oncourt.online\/lt\/#website"},"primaryImageOfPage":{"@id":"https:\/\/oncourt.online\/lt\/basketball-hoops\/lifetime-warranty\/#primaryimage"},"image":{"@id":"https:\/\/oncourt.online\/lt\/basketball-hoops\/lifetime-warranty\/#primaryimage"},"thumbnailUrl":"https:\/\/oncourt.online\/wp-content\/uploads\/2021\/10\/Mega-Slam-Hoops-Lifetime-Warranty.png","datePublished":"2021-10-22T11:43:33+00:00","dateModified":"2026-01-03T03:34:58+00:00","description":"\"Mega Slam Hoops\" ir \"OnCourt\" yra \u012fsipareigojusios tiekti geriausias gyvenam\u0173j\u0173 nam\u0173 krep\u0161inio sistemas, kurias galite \u012fsigyti u\u017e savo pinigus.","breadcrumb":{"@id":"https:\/\/oncourt.online\/lt\/basketball-hoops\/lifetime-warranty\/#breadcrumb"},"inLanguage":"lt-LT","potentialAction":[{"@type":"ReadAction","target":["https:\/\/oncourt.online\/lt\/basketball-hoops\/lifetime-warranty\/"]}]},{"@type":"ImageObject","inLanguage":"lt-LT","@id":"https:\/\/oncourt.online\/lt\/basketball-hoops\/lifetime-warranty\/#primaryimage","url":"https:\/\/oncourt.online\/wp-content\/uploads\/2021\/10\/Mega-Slam-Hoops-Lifetime-Warranty.png","contentUrl":"https:\/\/oncourt.online\/wp-content\/uploads\/2021\/10\/Mega-Slam-Hoops-Lifetime-Warranty.png","width":300,"height":300,"caption":"Mega Slam Hoops - Lifetime Warranty"},{"@type":"BreadcrumbList","@id":"https:\/\/oncourt.online\/lt\/basketball-hoops\/lifetime-warranty\/#breadcrumb","itemListElement":[{"@type":"ListItem","position":1,"name":"Home","item":"https:\/\/oncourt.online\/"},{"@type":"ListItem","position":2,"name":"Basketball Hoops","item":"https:\/\/oncourt.online\/lt\/basketball-hoops\/"},{"@type":"ListItem","position":3,"name":"Lifetime Warranty"}]},{"@type":"WebSite","@id":"https:\/\/oncourt.online\/lt\/#website","url":"https:\/\/oncourt.online\/lt\/","name":"\"OnCourt Online","description":"Auk\u0161tos kokyb\u0117s krep\u0161inio aik\u0161tel\u0117s","publisher":{"@id":"https:\/\/oncourt.online\/lt\/#organization"},"potentialAction":[{"@type":"SearchAction","target":{"@type":"EntryPoint","urlTemplate":"https:\/\/oncourt.online\/lt\/?s={search_term_string}"},"query-input":{"@type":"PropertyValueSpecification","valueRequired":true,"valueName":"search_term_string"}}],"inLanguage":"lt-LT"},{"@type":"Organization","@id":"https:\/\/oncourt.online\/lt\/#organization","name":"\"OnCourt Online","url":"https:\/\/oncourt.online\/lt\/","logo":{"@type":"ImageObject","inLanguage":"lt-LT","@id":"https:\/\/oncourt.online\/lt\/#\/schema\/logo\/image\/","url":"https:\/\/oncourt.online\/wp-content\/uploads\/2021\/12\/Logo_OnCourt_Black.svg","contentUrl":"https:\/\/oncourt.online\/wp-content\/uploads\/2021\/12\/Logo_OnCourt_Black.svg","width":"1024","height":"1024","caption":"OnCourt Online"},"image":{"@id":"https:\/\/oncourt.online\/lt\/#\/schema\/logo\/image\/"},"sameAs":["https:\/\/www.facebook.com\/oncourt.online\/"],"email":"info@oncourt.online"}]}},"_links":{"self":[{"href":"https:\/\/oncourt.online\/lt\/wp-json\/wp\/v2\/pages\/428","targetHints":{"allow":["GET"]}}],"collection":[{"href":"https:\/\/oncourt.online\/lt\/wp-json\/wp\/v2\/pages"}],"about":[{"href":"https:\/\/oncourt.online\/lt\/wp-json\/wp\/v2\/types\/page"}],"author":[{"embeddable":true,"href":"https:\/\/oncourt.online\/lt\/wp-json\/wp\/v2\/users\/2"}],"replies":[{"embeddable":true,"href":"https:\/\/oncourt.online\/lt\/wp-json\/wp\/v2\/comments?post=428"}],"version-history":[{"count":0,"href":"https:\/\/oncourt.online\/lt\/wp-json\/wp\/v2\/pages\/428\/revisions"}],"up":[{"embeddable":true,"href":"https:\/\/oncourt.online\/lt\/wp-json\/wp\/v2\/pages\/34"}],"wp:featuredmedia":[{"embeddable":true,"href":"https:\/\/oncourt.online\/lt\/wp-json\/wp\/v2\/media\/362"}],"wp:attachment":[{"href":"https:\/\/oncourt.online\/lt\/wp-json\/wp\/v2\/media?parent=428"}],"curies":[{"name":"wp","href":"https:\/\/api.w.org\/{rel}","templated":true}]}}