{"id":3706,"date":"2022-03-08T09:13:55","date_gmt":"2022-03-08T09:13:55","guid":{"rendered":"https:\/\/oncourt.online\/?page_id=3706"},"modified":"2026-01-13T08:00:41","modified_gmt":"2026-01-13T08:00:41","slug":"prisijungti-prie-oncourt","status":"publish","type":"page","link":"https:\/\/oncourt.online\/lt\/join-oncourt\/","title":{"rendered":"Dirbkite su OnCourt"},"content":{"rendered":"<div class=\"gb-container gb-container-c9c919f1\"><div class=\"gb-inside-container\">\n<div class=\"gb-container gb-container-cefabf47\"><div class=\"gb-inside-container\">\n\n<h2 class=\"gb-headline gb-headline-d23b44e5 gb-headline-text\">Bendradarbiaukite su krep\u0161inio aik\u0161teli\u0173 specialistu<\/h2>\n\n\n\n<p class=\"gb-headline gb-headline-b071501e gb-headline-text\">OnCourt bendradarbiauja su profesionalais visoje Europoje, kurie projektuoja, stato ir specifikuoja lauko sporto erdves. M\u016bs\u0173 partneri\u0173 programa skirta \u012fmon\u0117ms, norin\u010dioms pasi\u016blyti savo klientams auk\u0161to na\u0161umo krep\u0161inio aik\u0161teles, paremtas specializuotais produktais, tiksliomis planavimo priemon\u0117mis ir ekspertine pagalba.<\/p>\n\n\n\n<p class=\"gb-text gb-text-6b40232a\">Mes neveikiame kaip bendras sporto preki\u0173 tiek\u0117jas. M\u016bs\u0173 d\u0117mesys skiriamas krep\u0161iniui, ir mes dirbame su partneriais, kurie vertina tinkam\u0105 \u012fgyvendinim\u0105.<\/p>\n\n\n\n<h3 class=\"gb-text gb-text-a0baa6e3\">Su kuo bendradarbiaujame<\/h3>\n\n\n\n<p>Bendradarbiaujame su \u012fmon\u0117mis, u\u017esiiman\u010diomis lauko statyba, dizainu ir dangomis, \u012fskaitant:<\/p>\n\n\n\n<ul class=\"wp-block-list\">\n<li>Bendrieji statybininkai ir rangovai<\/li>\n\n\n\n<li>Kra\u0161tovaizd\u017eio ir sodo dizaineriai<\/li>\n\n\n\n<li>\u017dem\u0117s darb\u0173 ir civilin\u0117s statybos rangovai<\/li>\n\n\n\n<li>Sporto aik\u0161teli\u0173 statytojai ir dang\u0173 atnaujinimo specialistai<\/li>\n\n\n\n<li>Architektai ir specifikuotojai<\/li>\n\n\n\n<li>Dizainu grind\u017eiami lauko erdvi\u0173 specialistai<\/li>\n<\/ul>\n\n\n\n<p class=\"gb-text gb-text-b726bb2a\">Jei j\u016bs\u0173 veikla apima lauko erdvi\u0173 planavim\u0105 ar statyb\u0105 ir norite \u012f savo pasi\u016bl\u0105 \u012ftraukti krep\u0161inio aik\u0161teles, kvie\u010diame susisiekti.<\/p>\n\n\n\n<div class=\"gb-element-bbf74639\">\n<div>\n<img loading=\"lazy\" decoding=\"async\" width=\"660\" height=\"400\" class=\"img_12px_radius gb-media-76f4f695\" alt=\"\" title=\"OnCourt Modular Basketball Court Surface Installation\" src=\"https:\/\/oncourt.online\/wp-content\/uploads\/2022\/05\/OnCourt-Modular-Basketball-Court-Surface-Installation.jpg\" srcset=\"https:\/\/oncourt.online\/wp-content\/uploads\/2022\/05\/OnCourt-Modular-Basketball-Court-Surface-Installation.jpg 660w, https:\/\/oncourt.online\/wp-content\/uploads\/2022\/05\/OnCourt-Modular-Basketball-Court-Surface-Installation-300x182.jpg 300w, https:\/\/oncourt.online\/wp-content\/uploads\/2022\/05\/OnCourt-Modular-Basketball-Court-Surface-Installation-18x12.jpg 18w, https:\/\/oncourt.online\/wp-content\/uploads\/2022\/05\/OnCourt-Modular-Basketball-Court-Surface-Installation-545x330.jpg 545w\" sizes=\"auto, (max-width: 660px) 100vw, 660px\" \/>\n<\/div>\n\n\n\n<div>\n<h2 class=\"gb-text\">Ko gali tik\u0117tis OnCourt partneriai<\/h2>\n\n\n\n<p class=\"gb-text last_text\">Prieig\u0105 prie profesionali\u0173 aik\u0161teli\u0173 projektavimo \u012franki\u0173, lengvatini\u0173 kain\u0173 ir specializuotos pagalbos, leid\u017eian\u010dios u\u017etikrintai planuoti, specifikuoti ir \u012fgyvendinti auk\u0161to na\u0161umo krep\u0161inio aik\u0161teles.<\/p>\n<\/div>\n<\/div>\n\n\n\n<h4 class=\"gb-text\">Profesional\u016bs dizaino \u012frankiai<\/h4>\n\n\n\n<p class=\"gb-text\">Naudokite OnCourt 3D krep\u0161inio aik\u0161teli\u0173 projektavimo platform\u0105, kad planuotum\u0117te i\u0161d\u0117stymus, tyrin\u0117tum\u0117te spalv\u0173 schemas, specifikuotum\u0117te dangas ir krep\u0161ius bei generuotum\u0117te tikslias vizualizacijas ir kainas klient\u0173 pasi\u016blymams.<\/p>\n\n\n\n<h4 class=\"gb-text\">Lengvatin\u0117s partneri\u0173 kainos<\/h4>\n\n\n\n<p class=\"gb-text\">\u012egalioti partneriai gauna prieig\u0105 prie prekybini\u0173 kain\u0173 moduliniams krep\u0161inio dangoms ir Mega Slam krep\u0161iams, leid\u017eian\u010di\u0173 pasi\u016blyti auk\u0161\u010diausios kokyb\u0117s sprendimus i\u0161laikant sveikas mar\u017eas.<\/p>\n\n\n\n<h4 class=\"gb-text\">Specialist\u0173 technin\u0117 pagalba<\/h4>\n\n\n\n<p class=\"gb-text\">Gaukite tiesiogin\u0119 prieig\u0105 prie rekomendacij\u0173 d\u0117l i\u0161d\u0117stymo, pavir\u0161iaus pasirinkimo, montavimo reikalavim\u0173 ir produkt\u0173 derinimo, taip suma\u017eindami neai\u0161kumus ir i\u0161vengdami brangi\u0173 klaid\u0173 montavimo vietoje.<\/p>\n\n\n\n<h4 class=\"gb-text\">Ai\u0161kios specifikacijos ir i\u0161tekliai<\/h4>\n\n\n\n<p class=\"gb-text gb-text-46b97fff\">Naudokit\u0117s m\u016bs\u0173 vadovais ir planavimo i\u0161tekliais, kad i\u0161vengtum\u0117te sp\u0117lioni\u0173, suma\u017eintum\u0117te klaid\u0173 skai\u010di\u0173 ir klientams pateiktum\u0117te ai\u0161kius, \u012ftikinamus pasi\u016blymus.<\/p>\n\n\n\n<div class=\"gb-element-d984cac5\">\n<div>\n<img loading=\"lazy\" decoding=\"async\" width=\"1200\" height=\"960\" class=\"img_12px_radius gb-media-1c57b1fb\" alt=\"\" title=\"Vidutinio dyd\u017eio gyvenam\u0173j\u0173 nam\u0173 krep\u0161inio aik\u0161tel\u0117s projektas\" src=\"https:\/\/oncourt.online\/wp-content\/uploads\/2025\/12\/Medium-Sized-Residential-Basketball-Court-Design.webp\"\/>\n<\/div>\n\n\n\n<div>\n<h3 class=\"gb-text\">Sukurta realiems projektams<\/h3>\n\n\n\n<p>\u201eOnCourt\u201c partneri\u0173 programa tinka profesionalams, teikiantiems:<\/p>\n\n\n\n<ul class=\"wp-block-list\">\n<li>Gyvenam\u0173j\u0173 nam\u0173 kiemai<\/li>\n\n\n\n<li>Klubo ir treniruo\u010di\u0173 patalpos<\/li>\n\n\n\n<li>Mokyklos ir \u0161vietimo erdv\u0117s<\/li>\n\n\n\n<li>Komerciniai arba daugiafunkciniai lauko kortai<\/li>\n<\/ul>\n\n\n\n<p class=\"gb-text last_text\">Mes remiame partnerius, kurie did\u017eiuojasi kokybi\u0161ku darbu ir ilgalaikiais rezultatais.<\/p>\n<\/div>\n<\/div>\n\n\n\n<div class=\"gb-element-f79012eb\">\n<h3 class=\"gb-text gb-text-5da21831\">Pateikite parai\u0161k\u0105 tapti \u201eOnCourt\u201c partneriu<\/h3>\n\n\n\n<p class=\"gb-text not_last_text\">Jei jus domina bendradarbiavimas su OnCourt, u\u017epildykite \u017eemiau pateikt\u0105 u\u017eklausos form\u0105. <\/p>\n\n\n\n<p class=\"gb-text gb-text-209ee9ae\">Per\u017ei\u016brime visas parai\u0161kas ir susisieksime su jumis, kad aptartume, ar programa tinka j\u016bs\u0173 verslui.<\/p>\n<\/div>\n\n\n<div class=\"gb-container gb-container-8ddfb2cf\">\n\n\n<div class=\"gb-container gb-container-51a46d57\">\n\n<div class=\"pipedriveWebForms\" data-pd-webforms=\"https:\/\/webforms.pipedrive.com\/f\/6WdPYeIodWpjw4yIXbAWwWdrPuKdvaEcVozX1Kdy1uEl1ivOk9Q3YdoNlGP7wFLZlh\"><script src=\"https:\/\/webforms.pipedrive.com\/f\/loader\"><\/script><\/div>\n\n<\/div>\n\n\n\n\n\n\n\n\n\n\n\n\n\n\n\n\n\n\n\n\n\n\n\n\n<\/div>\n<\/div><\/div>\n<\/div><\/div>","protected":false},"excerpt":{"rendered":"<p> ... <a title=\"Dirbkite su OnCourt\" class=\"read-more\" href=\"https:\/\/oncourt.online\/lt\/join-oncourt\/\" aria-label=\"Read more about Work With OnCourt\">Skaityti daugiau<\/a><\/p>","protected":false},"author":2,"featured_media":7048,"parent":0,"menu_order":13,"comment_status":"closed","ping_status":"closed","template":"","meta":{"_acf_changed":false,"inline_featured_image":false,"footnotes":""},"class_list":{"0":"post-3706","1":"page","2":"type-page","3":"status-publish","4":"has-post-thumbnail","6":"infinite-scroll-item","7":"no-featured-image-padding","8":"resize-featured-image"},"acf":[],"yoast_head":"<!-- This site is optimized with the Yoast SEO Premium plugin v26.8 (Yoast SEO v27.3) - https:\/\/yoast.com\/product\/yoast-seo-premium-wordpress\/ -->\n<title>OnCourt Partners | Trade Pricing &amp; Basketball Court Design Tools<\/title>\n<meta name=\"description\" content=\"Partner with OnCourt. Work with a specialist basketball court supplier. Design tools, trade pricing, and support for residential &amp; commercial projects.\" \/>\n<meta name=\"robots\" content=\"index, follow, max-snippet:-1, max-image-preview:large, max-video-preview:-1\" \/>\n<link rel=\"canonical\" href=\"https:\/\/oncourt.online\/lt\/prisijungti-prie-oncourt\/\" \/>\n<meta property=\"og:locale\" content=\"lt_LT\" \/>\n<meta property=\"og:type\" content=\"article\" \/>\n<meta property=\"og:title\" content=\"Work With OnCourt\" \/>\n<meta property=\"og:description\" content=\"Partner with OnCourt. Work with a specialist basketball court supplier. Design tools, trade pricing, and support for residential &amp; commercial projects.\" \/>\n<meta property=\"og:url\" content=\"https:\/\/oncourt.online\/lt\/prisijungti-prie-oncourt\/\" \/>\n<meta property=\"og:site_name\" content=\"OnCourt Online\" \/>\n<meta property=\"article:publisher\" content=\"https:\/\/www.facebook.com\/oncourt.online\/\" \/>\n<meta property=\"article:modified_time\" content=\"2026-01-13T08:00:41+00:00\" \/>\n<meta property=\"og:image\" content=\"https:\/\/oncourt.online\/wp-content\/uploads\/2022\/05\/OnCourt-Modular-Basketball-Court-Surface-Installation.jpg\" \/>\n\t<meta property=\"og:image:width\" content=\"660\" \/>\n\t<meta property=\"og:image:height\" content=\"400\" \/>\n\t<meta property=\"og:image:type\" content=\"image\/jpeg\" \/>\n<meta name=\"twitter:card\" content=\"summary_large_image\" \/>\n<meta name=\"twitter:label1\" content=\"Est. reading time\" \/>\n\t<meta name=\"twitter:data1\" content=\"3 minut\u0117s\" \/>\n<!-- \/ Yoast SEO Premium plugin. -->","yoast_head_json":{"title":"OnCourt Partneriai | Didmenin\u0117s Kainos ir Krep\u0161inio Aik\u0161teli\u0173 Projektavimo \u012erankiai","description":"Tapkite OnCourt partneriu. Dirbkite su krep\u0161inio aik\u0161teli\u0173 specialistu. Projektavimo \u012frankiai, didmenin\u0117s kainos ir pagalba gyvenamiesiems bei komerciniams projektams.","robots":{"index":"index","follow":"follow","max-snippet":"max-snippet:-1","max-image-preview":"max-image-preview:large","max-video-preview":"max-video-preview:-1"},"canonical":"https:\/\/oncourt.online\/lt\/prisijungti-prie-oncourt\/","og_locale":"lt_LT","og_type":"article","og_title":"Work With OnCourt","og_description":"Partner with OnCourt. Work with a specialist basketball court supplier. Design tools, trade pricing, and support for residential & commercial projects.","og_url":"https:\/\/oncourt.online\/lt\/prisijungti-prie-oncourt\/","og_site_name":"OnCourt Online","article_publisher":"https:\/\/www.facebook.com\/oncourt.online\/","article_modified_time":"2026-01-13T08:00:41+00:00","og_image":[{"width":660,"height":400,"url":"https:\/\/oncourt.online\/wp-content\/uploads\/2022\/05\/OnCourt-Modular-Basketball-Court-Surface-Installation.jpg","type":"image\/jpeg"}],"twitter_card":"summary_large_image","twitter_misc":{"Est. reading time":"3 minut\u0117s"},"schema":{"@context":"https:\/\/schema.org","@graph":[{"@type":"WebPage","@id":"https:\/\/oncourt.online\/lt\/join-oncourt\/","url":"https:\/\/oncourt.online\/lt\/join-oncourt\/","name":"OnCourt Partneriai | Didmenin\u0117s Kainos ir Krep\u0161inio Aik\u0161teli\u0173 Projektavimo \u012erankiai","isPartOf":{"@id":"https:\/\/oncourt.online\/lt\/#website"},"primaryImageOfPage":{"@id":"https:\/\/oncourt.online\/lt\/join-oncourt\/#primaryimage"},"image":{"@id":"https:\/\/oncourt.online\/lt\/join-oncourt\/#primaryimage"},"thumbnailUrl":"https:\/\/oncourt.online\/wp-content\/uploads\/2022\/05\/OnCourt-Modular-Basketball-Court-Surface-Installation.jpg","datePublished":"2022-03-08T09:13:55+00:00","dateModified":"2026-01-13T08:00:41+00:00","description":"Tapkite OnCourt partneriu. Dirbkite su krep\u0161inio aik\u0161teli\u0173 specialistu. Projektavimo \u012frankiai, didmenin\u0117s kainos ir pagalba gyvenamiesiems bei komerciniams projektams.","breadcrumb":{"@id":"https:\/\/oncourt.online\/lt\/join-oncourt\/#breadcrumb"},"inLanguage":"lt-LT","potentialAction":[{"@type":"ReadAction","target":["https:\/\/oncourt.online\/lt\/join-oncourt\/"]}]},{"@type":"ImageObject","inLanguage":"lt-LT","@id":"https:\/\/oncourt.online\/lt\/join-oncourt\/#primaryimage","url":"https:\/\/oncourt.online\/wp-content\/uploads\/2022\/05\/OnCourt-Modular-Basketball-Court-Surface-Installation.jpg","contentUrl":"https:\/\/oncourt.online\/wp-content\/uploads\/2022\/05\/OnCourt-Modular-Basketball-Court-Surface-Installation.jpg","width":660,"height":400},{"@type":"BreadcrumbList","@id":"https:\/\/oncourt.online\/lt\/join-oncourt\/#breadcrumb","itemListElement":[{"@type":"ListItem","position":1,"name":"Home","item":"https:\/\/oncourt.online\/"},{"@type":"ListItem","position":2,"name":"Work With OnCourt"}]},{"@type":"WebSite","@id":"https:\/\/oncourt.online\/lt\/#website","url":"https:\/\/oncourt.online\/lt\/","name":"\"OnCourt Online","description":"Auk\u0161tos kokyb\u0117s krep\u0161inio aik\u0161tel\u0117s","publisher":{"@id":"https:\/\/oncourt.online\/lt\/#organization"},"potentialAction":[{"@type":"SearchAction","target":{"@type":"EntryPoint","urlTemplate":"https:\/\/oncourt.online\/lt\/?s={search_term_string}"},"query-input":{"@type":"PropertyValueSpecification","valueRequired":true,"valueName":"search_term_string"}}],"inLanguage":"lt-LT"},{"@type":"Organization","@id":"https:\/\/oncourt.online\/lt\/#organization","name":"\"OnCourt Online","url":"https:\/\/oncourt.online\/lt\/","logo":{"@type":"ImageObject","inLanguage":"lt-LT","@id":"https:\/\/oncourt.online\/lt\/#\/schema\/logo\/image\/","url":"https:\/\/oncourt.online\/wp-content\/uploads\/2021\/12\/Logo_OnCourt_Black.svg","contentUrl":"https:\/\/oncourt.online\/wp-content\/uploads\/2021\/12\/Logo_OnCourt_Black.svg","width":"1024","height":"1024","caption":"OnCourt Online"},"image":{"@id":"https:\/\/oncourt.online\/lt\/#\/schema\/logo\/image\/"},"sameAs":["https:\/\/www.facebook.com\/oncourt.online\/"],"email":"info@oncourt.online"}]}},"_links":{"self":[{"href":"https:\/\/oncourt.online\/lt\/wp-json\/wp\/v2\/pages\/3706","targetHints":{"allow":["GET"]}}],"collection":[{"href":"https:\/\/oncourt.online\/lt\/wp-json\/wp\/v2\/pages"}],"about":[{"href":"https:\/\/oncourt.online\/lt\/wp-json\/wp\/v2\/types\/page"}],"author":[{"embeddable":true,"href":"https:\/\/oncourt.online\/lt\/wp-json\/wp\/v2\/users\/2"}],"replies":[{"embeddable":true,"href":"https:\/\/oncourt.online\/lt\/wp-json\/wp\/v2\/comments?post=3706"}],"version-history":[{"count":1,"href":"https:\/\/oncourt.online\/lt\/wp-json\/wp\/v2\/pages\/3706\/revisions"}],"predecessor-version":[{"id":17261,"href":"https:\/\/oncourt.online\/lt\/wp-json\/wp\/v2\/pages\/3706\/revisions\/17261"}],"wp:featuredmedia":[{"embeddable":true,"href":"https:\/\/oncourt.online\/lt\/wp-json\/wp\/v2\/media\/7048"}],"wp:attachment":[{"href":"https:\/\/oncourt.online\/lt\/wp-json\/wp\/v2\/media?parent=3706"}],"curies":[{"name":"wp","href":"https:\/\/api.w.org\/{rel}","templated":true}]}}